{"id":576573,"date":"2025-10-16T06:48:44","date_gmt":"2025-10-16T04:48:44","guid":{"rendered":"https:\/\/perle-in.com\/produit\/bouteille-deau-de-106-litre-avec-paille-rabattable-stanley-iceflow-2-0\/"},"modified":"2025-10-16T06:48:47","modified_gmt":"2025-10-16T04:48:47","slug":"bouteille-deau-de-106-litre-avec-paille-rabattable-stanley-iceflow-2-0","status":"publish","type":"product","link":"https:\/\/perle-in.com\/en\/product\/bouteille-deau-de-106-litre-avec-paille-rabattable-stanley-iceflow-2-0\/","title":{"rendered":"Bouteille d&#8217;eau de 1,06\u00a0litre avec paille rabattable Stanley IceFlow\u2122 2.0"},"content":{"rendered":"","protected":false},"excerpt":{"rendered":"<p>La bouteille d&#8217;eau IceFlow\u2122 2.0 de 1,06\u00a0litre est dot\u00e9e de la technologie avanc\u00e9e AeroLight\u2122, ce qui la rend 33\u00a0% plus l\u00e9g\u00e8re que les bouteilles en acier inoxydable standard. Son isolation en acier fil\u00e9, tr\u00e8s l\u00e9g\u00e8re, garde votre eau glac\u00e9e pendant des heures, ce qui la rend id\u00e9ale pour les s\u00e9ances d&#8217;entra\u00eenement ou l&#8217;hydratation quotidienne. La poign\u00e9e pliante permet de la transporter facilement, id\u00e9al pour l&#8217;attraper sur le chemin d&#8217;un cours de yoga. Le couvercle \u00e0 paille rabattable est dot\u00e9 d&#8217;une ouverture plus large et d&#8217;une paille int\u00e9gr\u00e9e pour une hydratation plus rapide\u00a0: il suffit de l&#8217;ouvrir pour siroter et de le refermer lorsque vous avez termin\u00e9. Le bec verseur peut \u00eatre retir\u00e9 pour un nettoyage en profondeur, garantissant une eau au go\u00fbt frais \u00e0 chaque fois.<\/p>","protected":false},"featured_media":576566,"template":"","meta":{"_eb_attr":""},"product_brand":[],"product_cat":[174,173],"product_tag":[3224,275,175,274,2646,3377,3823],"class_list":{"0":"post-576573","1":"product","2":"type-product","3":"status-publish","4":"has-post-thumbnail","6":"product_cat-bouteilles-deau","7":"product_cat-drinkware","8":"product_tag-articles-pour-boissons","9":"product_tag-boissons","10":"product_tag-bouteille","11":"product_tag-eau","12":"product_tag-isolation","13":"product_tag-isolee","14":"product_tag-stanley","15":"pa_couleurs-blanc-givre-2","16":"pa_couleurs-noir","17":"pa_couleurs-rose-clair","18":"pa_green-points-1619","19":"pa_marque-stanley","20":"pa_matiere-acier-inoxydable-recycle","22":"first","23":"instock","24":"shipping-taxable","25":"purchasable","26":"product-type-variable"},"yoast_head":"<!-- This site is optimized with the Yoast SEO plugin v27.4 - https:\/\/yoast.com\/product\/yoast-seo-wordpress\/ -->\n<title>Bouteille d&#039;eau de 1,06\u00a0litre avec paille rabattable Stanley IceFlow\u2122 2.0 - PERLE IN<\/title>\n<meta name=\"robots\" content=\"noindex, follow, max-snippet:-1, max-image-preview:large, max-video-preview:-1\" \/>\n<meta property=\"og:locale\" content=\"en_US\" \/>\n<meta property=\"og:type\" content=\"article\" \/>\n<meta property=\"og:title\" content=\"Bouteille d&#039;eau de 1,06\u00a0litre avec paille rabattable Stanley IceFlow\u2122 2.0 - PERLE IN\" \/>\n<meta property=\"og:description\" content=\"La bouteille d&#039;eau IceFlow\u2122 2.0 de 1,06\u00a0litre est dot\u00e9e de la technologie avanc\u00e9e AeroLight\u2122, ce qui la rend 33\u00a0% plus l\u00e9g\u00e8re que les bouteilles en acier inoxydable standard. Son isolation en acier fil\u00e9, tr\u00e8s l\u00e9g\u00e8re, garde votre eau glac\u00e9e pendant des heures, ce qui la rend id\u00e9ale pour les s\u00e9ances d&#039;entra\u00eenement ou l&#039;hydratation quotidienne. La poign\u00e9e pliante permet de la transporter facilement, id\u00e9al pour l&#039;attraper sur le chemin d&#039;un cours de yoga. Le couvercle \u00e0 paille rabattable est dot\u00e9 d&#039;une ouverture plus large et d&#039;une paille int\u00e9gr\u00e9e pour une hydratation plus rapide\u00a0: il suffit de l&#039;ouvrir pour siroter et de le refermer lorsque vous avez termin\u00e9. Le bec verseur peut \u00eatre retir\u00e9 pour un nettoyage en profondeur, garantissant une eau au go\u00fbt frais \u00e0 chaque fois.\" \/>\n<meta property=\"og:url\" content=\"https:\/\/perle-in.com\/en\/product\/bouteille-deau-de-106-litre-avec-paille-rabattable-stanley-iceflow-2-0\/\" \/>\n<meta property=\"og:site_name\" content=\"PERLE IN\" \/>\n<meta property=\"article:modified_time\" content=\"2025-10-16T04:48:47+00:00\" \/>\n<meta property=\"og:image\" content=\"https:\/\/perle-in.com\/wp-content\/uploads\/2025\/10\/10088401-1.jpg\" \/>\n\t<meta property=\"og:image:width\" content=\"1600\" \/>\n\t<meta property=\"og:image:height\" content=\"1600\" \/>\n\t<meta property=\"og:image:type\" content=\"image\/jpeg\" \/>\n<meta name=\"twitter:card\" content=\"summary_large_image\" \/>\n<script type=\"application\/ld+json\" class=\"yoast-schema-graph\">{\"@context\":\"https:\\\/\\\/schema.org\",\"@graph\":[{\"@type\":\"WebPage\",\"@id\":\"https:\\\/\\\/perle-in.com\\\/produit\\\/bouteille-deau-de-106-litre-avec-paille-rabattable-stanley-iceflow-2-0\\\/\",\"url\":\"https:\\\/\\\/perle-in.com\\\/produit\\\/bouteille-deau-de-106-litre-avec-paille-rabattable-stanley-iceflow-2-0\\\/\",\"name\":\"Bouteille d'eau de 1,06\u00a0litre avec paille rabattable Stanley IceFlow\u2122 2.0 - PERLE IN\",\"isPartOf\":{\"@id\":\"https:\\\/\\\/perle-in.com\\\/#website\"},\"primaryImageOfPage\":{\"@id\":\"https:\\\/\\\/perle-in.com\\\/produit\\\/bouteille-deau-de-106-litre-avec-paille-rabattable-stanley-iceflow-2-0\\\/#primaryimage\"},\"image\":{\"@id\":\"https:\\\/\\\/perle-in.com\\\/produit\\\/bouteille-deau-de-106-litre-avec-paille-rabattable-stanley-iceflow-2-0\\\/#primaryimage\"},\"thumbnailUrl\":\"https:\\\/\\\/perle-in.com\\\/wp-content\\\/uploads\\\/2025\\\/10\\\/10088401-1.jpg\",\"datePublished\":\"2025-10-16T04:48:44+00:00\",\"dateModified\":\"2025-10-16T04:48:47+00:00\",\"breadcrumb\":{\"@id\":\"https:\\\/\\\/perle-in.com\\\/produit\\\/bouteille-deau-de-106-litre-avec-paille-rabattable-stanley-iceflow-2-0\\\/#breadcrumb\"},\"inLanguage\":\"en-CA\",\"potentialAction\":[{\"@type\":\"ReadAction\",\"target\":[\"https:\\\/\\\/perle-in.com\\\/produit\\\/bouteille-deau-de-106-litre-avec-paille-rabattable-stanley-iceflow-2-0\\\/\"]}]},{\"@type\":\"ImageObject\",\"inLanguage\":\"en-CA\",\"@id\":\"https:\\\/\\\/perle-in.com\\\/produit\\\/bouteille-deau-de-106-litre-avec-paille-rabattable-stanley-iceflow-2-0\\\/#primaryimage\",\"url\":\"https:\\\/\\\/perle-in.com\\\/wp-content\\\/uploads\\\/2025\\\/10\\\/10088401-1.jpg\",\"contentUrl\":\"https:\\\/\\\/perle-in.com\\\/wp-content\\\/uploads\\\/2025\\\/10\\\/10088401-1.jpg\",\"width\":1600,\"height\":1600},{\"@type\":\"BreadcrumbList\",\"@id\":\"https:\\\/\\\/perle-in.com\\\/produit\\\/bouteille-deau-de-106-litre-avec-paille-rabattable-stanley-iceflow-2-0\\\/#breadcrumb\",\"itemListElement\":[{\"@type\":\"ListItem\",\"position\":1,\"name\":\"Accueil\",\"item\":\"https:\\\/\\\/perle-in.com\\\/\"},{\"@type\":\"ListItem\",\"position\":2,\"name\":\"Boutique\",\"item\":\"https:\\\/\\\/perle-in.com\\\/boutique\\\/\"},{\"@type\":\"ListItem\",\"position\":3,\"name\":\"Bouteille d&#8217;eau de 1,06\u00a0litre avec paille rabattable Stanley IceFlow\u2122 2.0\"}]},{\"@type\":\"WebSite\",\"@id\":\"https:\\\/\\\/perle-in.com\\\/#website\",\"url\":\"https:\\\/\\\/perle-in.com\\\/\",\"name\":\"PERLE IN\",\"description\":\"\",\"publisher\":{\"@id\":\"https:\\\/\\\/perle-in.com\\\/#organization\"},\"potentialAction\":[{\"@type\":\"SearchAction\",\"target\":{\"@type\":\"EntryPoint\",\"urlTemplate\":\"https:\\\/\\\/perle-in.com\\\/?s={search_term_string}\"},\"query-input\":{\"@type\":\"PropertyValueSpecification\",\"valueRequired\":true,\"valueName\":\"search_term_string\"}}],\"inLanguage\":\"en-CA\"},{\"@type\":\"Organization\",\"@id\":\"https:\\\/\\\/perle-in.com\\\/#organization\",\"name\":\"PERLE IN\",\"url\":\"https:\\\/\\\/perle-in.com\\\/\",\"logo\":{\"@type\":\"ImageObject\",\"inLanguage\":\"en-CA\",\"@id\":\"https:\\\/\\\/perle-in.com\\\/#\\\/schema\\\/logo\\\/image\\\/\",\"url\":\"https:\\\/\\\/perle-in.com\\\/wp-content\\\/uploads\\\/2022\\\/12\\\/LOGO-PERLE-IN-COULEUR@3x.webp\",\"contentUrl\":\"https:\\\/\\\/perle-in.com\\\/wp-content\\\/uploads\\\/2022\\\/12\\\/LOGO-PERLE-IN-COULEUR@3x.webp\",\"width\":1600,\"height\":490,\"caption\":\"PERLE IN\"},\"image\":{\"@id\":\"https:\\\/\\\/perle-in.com\\\/#\\\/schema\\\/logo\\\/image\\\/\"}}]}<\/script>\n<!-- \/ Yoast SEO plugin. -->","yoast_head_json":{"title":"Bouteille d'eau de 1,06\u00a0litre avec paille rabattable Stanley IceFlow\u2122 2.0 - PERLE IN","robots":{"index":"noindex","follow":"follow","max-snippet":"max-snippet:-1","max-image-preview":"max-image-preview:large","max-video-preview":"max-video-preview:-1"},"og_locale":"en_US","og_type":"article","og_title":"Bouteille d'eau de 1,06\u00a0litre avec paille rabattable Stanley IceFlow\u2122 2.0 - PERLE IN","og_description":"La bouteille d'eau IceFlow\u2122 2.0 de 1,06\u00a0litre est dot\u00e9e de la technologie avanc\u00e9e AeroLight\u2122, ce qui la rend 33\u00a0% plus l\u00e9g\u00e8re que les bouteilles en acier inoxydable standard. Son isolation en acier fil\u00e9, tr\u00e8s l\u00e9g\u00e8re, garde votre eau glac\u00e9e pendant des heures, ce qui la rend id\u00e9ale pour les s\u00e9ances d'entra\u00eenement ou l'hydratation quotidienne. La poign\u00e9e pliante permet de la transporter facilement, id\u00e9al pour l'attraper sur le chemin d'un cours de yoga. Le couvercle \u00e0 paille rabattable est dot\u00e9 d'une ouverture plus large et d'une paille int\u00e9gr\u00e9e pour une hydratation plus rapide\u00a0: il suffit de l'ouvrir pour siroter et de le refermer lorsque vous avez termin\u00e9. Le bec verseur peut \u00eatre retir\u00e9 pour un nettoyage en profondeur, garantissant une eau au go\u00fbt frais \u00e0 chaque fois.","og_url":"https:\/\/perle-in.com\/en\/product\/bouteille-deau-de-106-litre-avec-paille-rabattable-stanley-iceflow-2-0\/","og_site_name":"PERLE IN","article_modified_time":"2025-10-16T04:48:47+00:00","og_image":[{"width":1600,"height":1600,"url":"https:\/\/perle-in.com\/wp-content\/uploads\/2025\/10\/10088401-1.jpg","type":"image\/jpeg"}],"twitter_card":"summary_large_image","schema":{"@context":"https:\/\/schema.org","@graph":[{"@type":"WebPage","@id":"https:\/\/perle-in.com\/produit\/bouteille-deau-de-106-litre-avec-paille-rabattable-stanley-iceflow-2-0\/","url":"https:\/\/perle-in.com\/produit\/bouteille-deau-de-106-litre-avec-paille-rabattable-stanley-iceflow-2-0\/","name":"Bouteille d'eau de 1,06\u00a0litre avec paille rabattable Stanley IceFlow\u2122 2.0 - PERLE IN","isPartOf":{"@id":"https:\/\/perle-in.com\/#website"},"primaryImageOfPage":{"@id":"https:\/\/perle-in.com\/produit\/bouteille-deau-de-106-litre-avec-paille-rabattable-stanley-iceflow-2-0\/#primaryimage"},"image":{"@id":"https:\/\/perle-in.com\/produit\/bouteille-deau-de-106-litre-avec-paille-rabattable-stanley-iceflow-2-0\/#primaryimage"},"thumbnailUrl":"https:\/\/perle-in.com\/wp-content\/uploads\/2025\/10\/10088401-1.jpg","datePublished":"2025-10-16T04:48:44+00:00","dateModified":"2025-10-16T04:48:47+00:00","breadcrumb":{"@id":"https:\/\/perle-in.com\/produit\/bouteille-deau-de-106-litre-avec-paille-rabattable-stanley-iceflow-2-0\/#breadcrumb"},"inLanguage":"en-CA","potentialAction":[{"@type":"ReadAction","target":["https:\/\/perle-in.com\/produit\/bouteille-deau-de-106-litre-avec-paille-rabattable-stanley-iceflow-2-0\/"]}]},{"@type":"ImageObject","inLanguage":"en-CA","@id":"https:\/\/perle-in.com\/produit\/bouteille-deau-de-106-litre-avec-paille-rabattable-stanley-iceflow-2-0\/#primaryimage","url":"https:\/\/perle-in.com\/wp-content\/uploads\/2025\/10\/10088401-1.jpg","contentUrl":"https:\/\/perle-in.com\/wp-content\/uploads\/2025\/10\/10088401-1.jpg","width":1600,"height":1600},{"@type":"BreadcrumbList","@id":"https:\/\/perle-in.com\/produit\/bouteille-deau-de-106-litre-avec-paille-rabattable-stanley-iceflow-2-0\/#breadcrumb","itemListElement":[{"@type":"ListItem","position":1,"name":"Accueil","item":"https:\/\/perle-in.com\/"},{"@type":"ListItem","position":2,"name":"Boutique","item":"https:\/\/perle-in.com\/boutique\/"},{"@type":"ListItem","position":3,"name":"Bouteille d&#8217;eau de 1,06\u00a0litre avec paille rabattable Stanley IceFlow\u2122 2.0"}]},{"@type":"WebSite","@id":"https:\/\/perle-in.com\/#website","url":"https:\/\/perle-in.com\/","name":"PERLE IN","description":"","publisher":{"@id":"https:\/\/perle-in.com\/#organization"},"potentialAction":[{"@type":"SearchAction","target":{"@type":"EntryPoint","urlTemplate":"https:\/\/perle-in.com\/?s={search_term_string}"},"query-input":{"@type":"PropertyValueSpecification","valueRequired":true,"valueName":"search_term_string"}}],"inLanguage":"en-CA"},{"@type":"Organization","@id":"https:\/\/perle-in.com\/#organization","name":"PERLE IN","url":"https:\/\/perle-in.com\/","logo":{"@type":"ImageObject","inLanguage":"en-CA","@id":"https:\/\/perle-in.com\/#\/schema\/logo\/image\/","url":"https:\/\/perle-in.com\/wp-content\/uploads\/2022\/12\/LOGO-PERLE-IN-COULEUR@3x.webp","contentUrl":"https:\/\/perle-in.com\/wp-content\/uploads\/2022\/12\/LOGO-PERLE-IN-COULEUR@3x.webp","width":1600,"height":490,"caption":"PERLE IN"},"image":{"@id":"https:\/\/perle-in.com\/#\/schema\/logo\/image\/"}}]}},"jetpack_sharing_enabled":true,"_links":{"self":[{"href":"https:\/\/perle-in.com\/en\/wp-json\/wp\/v2\/product\/576573","targetHints":{"allow":["GET"]}}],"collection":[{"href":"https:\/\/perle-in.com\/en\/wp-json\/wp\/v2\/product"}],"about":[{"href":"https:\/\/perle-in.com\/en\/wp-json\/wp\/v2\/types\/product"}],"version-history":[{"count":0,"href":"https:\/\/perle-in.com\/en\/wp-json\/wp\/v2\/product\/576573\/revisions"}],"wp:featuredmedia":[{"embeddable":true,"href":"https:\/\/perle-in.com\/en\/wp-json\/wp\/v2\/media\/576566"}],"wp:attachment":[{"href":"https:\/\/perle-in.com\/en\/wp-json\/wp\/v2\/media?parent=576573"}],"wp:term":[{"taxonomy":"product_brand","embeddable":true,"href":"https:\/\/perle-in.com\/en\/wp-json\/wp\/v2\/product_brand?post=576573"},{"taxonomy":"product_cat","embeddable":true,"href":"https:\/\/perle-in.com\/en\/wp-json\/wp\/v2\/product_cat?post=576573"},{"taxonomy":"product_tag","embeddable":true,"href":"https:\/\/perle-in.com\/en\/wp-json\/wp\/v2\/product_tag?post=576573"}],"curies":[{"name":"wp","href":"https:\/\/api.w.org\/{rel}","templated":true}]}}