{"id":576562,"date":"2025-10-16T06:47:39","date_gmt":"2025-10-16T04:47:39","guid":{"rendered":"https:\/\/perle-in.com\/produit\/bouteille-deau-de-350-ml-stanley-all-day-slim\/"},"modified":"2025-10-16T06:47:42","modified_gmt":"2025-10-16T04:47:42","slug":"bouteille-deau-de-350-ml-stanley-all-day-slim","status":"publish","type":"product","link":"https:\/\/perle-in.com\/en\/product\/bouteille-deau-de-350-ml-stanley-all-day-slim\/","title":{"rendered":"Bouteille d&#8217;eau de 350\u00a0ml Stanley All Day Slim"},"content":{"rendered":"","protected":false},"excerpt":{"rendered":"<p>La bouteille d&#8217;eau Stanley de 350\u00a0ml All Day Slim est con\u00e7ue pour une hydratation tout au long de la journ\u00e9e, alliant commodit\u00e9 et performance. Fabriqu\u00e9e en acier inoxydable recycl\u00e9 \u00e0 90\u00a0%, elle est dot\u00e9e d&#8217;une ouverture en deux parties\u00a0: l&#8217;une pour siroter facilement et l&#8217;autre pour ajouter de la glace et un nettoyage sans tracas. Le col est fabriqu\u00e9 en acier inoxydable \u00e0 paroi simple avec un collier filet\u00e9 en plastique et un joint comprim\u00e9 s\u00e9curis\u00e9 pour \u00e9viter les fuites. Le corps est dot\u00e9 d&#8217;une double paroi isolante sous vide, ce qui permet \u00e0 vos boissons de rester \u00e0 la temp\u00e9rature id\u00e9ale pendant des heures. Durable et bien con\u00e7ue, c&#8217;est la bouteille id\u00e9ale pour se rafra\u00eechir tout au long de la journ\u00e9e.<\/p>","protected":false},"featured_media":576555,"template":"","meta":{"_eb_attr":""},"product_brand":[],"product_cat":[174,173],"product_tag":[3224,275,175,274,2646,3377,3823],"class_list":{"0":"post-576562","1":"product","2":"type-product","3":"status-publish","4":"has-post-thumbnail","6":"product_cat-bouteilles-deau","7":"product_cat-drinkware","8":"product_tag-articles-pour-boissons","9":"product_tag-boissons","10":"product_tag-bouteille","11":"product_tag-eau","12":"product_tag-isolation","13":"product_tag-isolee","14":"product_tag-stanley","15":"pa_couleurs-creme","16":"pa_couleurs-gris","17":"pa_couleurs-noir-brillant","18":"pa_green-points-1619","19":"pa_marque-stanley","20":"pa_matiere-acier-inoxydable-recycle","22":"first","23":"instock","24":"shipping-taxable","25":"purchasable","26":"product-type-variable"},"yoast_head":"<!-- This site is optimized with the Yoast SEO plugin v27.4 - https:\/\/yoast.com\/product\/yoast-seo-wordpress\/ -->\n<title>Bouteille d&#039;eau de 350\u00a0ml Stanley All Day Slim - PERLE IN<\/title>\n<meta name=\"robots\" content=\"noindex, follow, max-snippet:-1, max-image-preview:large, max-video-preview:-1\" \/>\n<meta property=\"og:locale\" content=\"en_US\" \/>\n<meta property=\"og:type\" content=\"article\" \/>\n<meta property=\"og:title\" content=\"Bouteille d&#039;eau de 350\u00a0ml Stanley All Day Slim - PERLE IN\" \/>\n<meta property=\"og:description\" content=\"La bouteille d&#039;eau Stanley de 350\u00a0ml All Day Slim est con\u00e7ue pour une hydratation tout au long de la journ\u00e9e, alliant commodit\u00e9 et performance. Fabriqu\u00e9e en acier inoxydable recycl\u00e9 \u00e0 90\u00a0%, elle est dot\u00e9e d&#039;une ouverture en deux parties\u00a0: l&#039;une pour siroter facilement et l&#039;autre pour ajouter de la glace et un nettoyage sans tracas. Le col est fabriqu\u00e9 en acier inoxydable \u00e0 paroi simple avec un collier filet\u00e9 en plastique et un joint comprim\u00e9 s\u00e9curis\u00e9 pour \u00e9viter les fuites. Le corps est dot\u00e9 d&#039;une double paroi isolante sous vide, ce qui permet \u00e0 vos boissons de rester \u00e0 la temp\u00e9rature id\u00e9ale pendant des heures. Durable et bien con\u00e7ue, c&#039;est la bouteille id\u00e9ale pour se rafra\u00eechir tout au long de la journ\u00e9e.\" \/>\n<meta property=\"og:url\" content=\"https:\/\/perle-in.com\/en\/product\/bouteille-deau-de-350-ml-stanley-all-day-slim\/\" \/>\n<meta property=\"og:site_name\" content=\"PERLE IN\" \/>\n<meta property=\"article:modified_time\" content=\"2025-10-16T04:47:42+00:00\" \/>\n<meta property=\"og:image\" content=\"https:\/\/perle-in.com\/wp-content\/uploads\/2025\/10\/10088310-1.jpg\" \/>\n\t<meta property=\"og:image:width\" content=\"1600\" \/>\n\t<meta property=\"og:image:height\" content=\"1600\" \/>\n\t<meta property=\"og:image:type\" content=\"image\/jpeg\" \/>\n<meta name=\"twitter:card\" content=\"summary_large_image\" \/>\n<script type=\"application\/ld+json\" class=\"yoast-schema-graph\">{\"@context\":\"https:\\\/\\\/schema.org\",\"@graph\":[{\"@type\":\"WebPage\",\"@id\":\"https:\\\/\\\/perle-in.com\\\/produit\\\/bouteille-deau-de-350-ml-stanley-all-day-slim\\\/\",\"url\":\"https:\\\/\\\/perle-in.com\\\/produit\\\/bouteille-deau-de-350-ml-stanley-all-day-slim\\\/\",\"name\":\"Bouteille d'eau de 350\u00a0ml Stanley All Day Slim - PERLE IN\",\"isPartOf\":{\"@id\":\"https:\\\/\\\/perle-in.com\\\/#website\"},\"primaryImageOfPage\":{\"@id\":\"https:\\\/\\\/perle-in.com\\\/produit\\\/bouteille-deau-de-350-ml-stanley-all-day-slim\\\/#primaryimage\"},\"image\":{\"@id\":\"https:\\\/\\\/perle-in.com\\\/produit\\\/bouteille-deau-de-350-ml-stanley-all-day-slim\\\/#primaryimage\"},\"thumbnailUrl\":\"https:\\\/\\\/perle-in.com\\\/wp-content\\\/uploads\\\/2025\\\/10\\\/10088310-1.jpg\",\"datePublished\":\"2025-10-16T04:47:39+00:00\",\"dateModified\":\"2025-10-16T04:47:42+00:00\",\"breadcrumb\":{\"@id\":\"https:\\\/\\\/perle-in.com\\\/produit\\\/bouteille-deau-de-350-ml-stanley-all-day-slim\\\/#breadcrumb\"},\"inLanguage\":\"en-CA\",\"potentialAction\":[{\"@type\":\"ReadAction\",\"target\":[\"https:\\\/\\\/perle-in.com\\\/produit\\\/bouteille-deau-de-350-ml-stanley-all-day-slim\\\/\"]}]},{\"@type\":\"ImageObject\",\"inLanguage\":\"en-CA\",\"@id\":\"https:\\\/\\\/perle-in.com\\\/produit\\\/bouteille-deau-de-350-ml-stanley-all-day-slim\\\/#primaryimage\",\"url\":\"https:\\\/\\\/perle-in.com\\\/wp-content\\\/uploads\\\/2025\\\/10\\\/10088310-1.jpg\",\"contentUrl\":\"https:\\\/\\\/perle-in.com\\\/wp-content\\\/uploads\\\/2025\\\/10\\\/10088310-1.jpg\",\"width\":1600,\"height\":1600},{\"@type\":\"BreadcrumbList\",\"@id\":\"https:\\\/\\\/perle-in.com\\\/produit\\\/bouteille-deau-de-350-ml-stanley-all-day-slim\\\/#breadcrumb\",\"itemListElement\":[{\"@type\":\"ListItem\",\"position\":1,\"name\":\"Accueil\",\"item\":\"https:\\\/\\\/perle-in.com\\\/\"},{\"@type\":\"ListItem\",\"position\":2,\"name\":\"Boutique\",\"item\":\"https:\\\/\\\/perle-in.com\\\/boutique\\\/\"},{\"@type\":\"ListItem\",\"position\":3,\"name\":\"Bouteille d&#8217;eau de 350\u00a0ml Stanley All Day Slim\"}]},{\"@type\":\"WebSite\",\"@id\":\"https:\\\/\\\/perle-in.com\\\/#website\",\"url\":\"https:\\\/\\\/perle-in.com\\\/\",\"name\":\"PERLE IN\",\"description\":\"\",\"publisher\":{\"@id\":\"https:\\\/\\\/perle-in.com\\\/#organization\"},\"potentialAction\":[{\"@type\":\"SearchAction\",\"target\":{\"@type\":\"EntryPoint\",\"urlTemplate\":\"https:\\\/\\\/perle-in.com\\\/?s={search_term_string}\"},\"query-input\":{\"@type\":\"PropertyValueSpecification\",\"valueRequired\":true,\"valueName\":\"search_term_string\"}}],\"inLanguage\":\"en-CA\"},{\"@type\":\"Organization\",\"@id\":\"https:\\\/\\\/perle-in.com\\\/#organization\",\"name\":\"PERLE IN\",\"url\":\"https:\\\/\\\/perle-in.com\\\/\",\"logo\":{\"@type\":\"ImageObject\",\"inLanguage\":\"en-CA\",\"@id\":\"https:\\\/\\\/perle-in.com\\\/#\\\/schema\\\/logo\\\/image\\\/\",\"url\":\"https:\\\/\\\/perle-in.com\\\/wp-content\\\/uploads\\\/2022\\\/12\\\/LOGO-PERLE-IN-COULEUR@3x.webp\",\"contentUrl\":\"https:\\\/\\\/perle-in.com\\\/wp-content\\\/uploads\\\/2022\\\/12\\\/LOGO-PERLE-IN-COULEUR@3x.webp\",\"width\":1600,\"height\":490,\"caption\":\"PERLE IN\"},\"image\":{\"@id\":\"https:\\\/\\\/perle-in.com\\\/#\\\/schema\\\/logo\\\/image\\\/\"}}]}<\/script>\n<!-- \/ Yoast SEO plugin. -->","yoast_head_json":{"title":"Bouteille d'eau de 350\u00a0ml Stanley All Day Slim - PERLE IN","robots":{"index":"noindex","follow":"follow","max-snippet":"max-snippet:-1","max-image-preview":"max-image-preview:large","max-video-preview":"max-video-preview:-1"},"og_locale":"en_US","og_type":"article","og_title":"Bouteille d'eau de 350\u00a0ml Stanley All Day Slim - PERLE IN","og_description":"La bouteille d'eau Stanley de 350\u00a0ml All Day Slim est con\u00e7ue pour une hydratation tout au long de la journ\u00e9e, alliant commodit\u00e9 et performance. Fabriqu\u00e9e en acier inoxydable recycl\u00e9 \u00e0 90\u00a0%, elle est dot\u00e9e d'une ouverture en deux parties\u00a0: l'une pour siroter facilement et l'autre pour ajouter de la glace et un nettoyage sans tracas. Le col est fabriqu\u00e9 en acier inoxydable \u00e0 paroi simple avec un collier filet\u00e9 en plastique et un joint comprim\u00e9 s\u00e9curis\u00e9 pour \u00e9viter les fuites. Le corps est dot\u00e9 d'une double paroi isolante sous vide, ce qui permet \u00e0 vos boissons de rester \u00e0 la temp\u00e9rature id\u00e9ale pendant des heures. Durable et bien con\u00e7ue, c'est la bouteille id\u00e9ale pour se rafra\u00eechir tout au long de la journ\u00e9e.","og_url":"https:\/\/perle-in.com\/en\/product\/bouteille-deau-de-350-ml-stanley-all-day-slim\/","og_site_name":"PERLE IN","article_modified_time":"2025-10-16T04:47:42+00:00","og_image":[{"width":1600,"height":1600,"url":"https:\/\/perle-in.com\/wp-content\/uploads\/2025\/10\/10088310-1.jpg","type":"image\/jpeg"}],"twitter_card":"summary_large_image","schema":{"@context":"https:\/\/schema.org","@graph":[{"@type":"WebPage","@id":"https:\/\/perle-in.com\/produit\/bouteille-deau-de-350-ml-stanley-all-day-slim\/","url":"https:\/\/perle-in.com\/produit\/bouteille-deau-de-350-ml-stanley-all-day-slim\/","name":"Bouteille d'eau de 350\u00a0ml Stanley All Day Slim - PERLE IN","isPartOf":{"@id":"https:\/\/perle-in.com\/#website"},"primaryImageOfPage":{"@id":"https:\/\/perle-in.com\/produit\/bouteille-deau-de-350-ml-stanley-all-day-slim\/#primaryimage"},"image":{"@id":"https:\/\/perle-in.com\/produit\/bouteille-deau-de-350-ml-stanley-all-day-slim\/#primaryimage"},"thumbnailUrl":"https:\/\/perle-in.com\/wp-content\/uploads\/2025\/10\/10088310-1.jpg","datePublished":"2025-10-16T04:47:39+00:00","dateModified":"2025-10-16T04:47:42+00:00","breadcrumb":{"@id":"https:\/\/perle-in.com\/produit\/bouteille-deau-de-350-ml-stanley-all-day-slim\/#breadcrumb"},"inLanguage":"en-CA","potentialAction":[{"@type":"ReadAction","target":["https:\/\/perle-in.com\/produit\/bouteille-deau-de-350-ml-stanley-all-day-slim\/"]}]},{"@type":"ImageObject","inLanguage":"en-CA","@id":"https:\/\/perle-in.com\/produit\/bouteille-deau-de-350-ml-stanley-all-day-slim\/#primaryimage","url":"https:\/\/perle-in.com\/wp-content\/uploads\/2025\/10\/10088310-1.jpg","contentUrl":"https:\/\/perle-in.com\/wp-content\/uploads\/2025\/10\/10088310-1.jpg","width":1600,"height":1600},{"@type":"BreadcrumbList","@id":"https:\/\/perle-in.com\/produit\/bouteille-deau-de-350-ml-stanley-all-day-slim\/#breadcrumb","itemListElement":[{"@type":"ListItem","position":1,"name":"Accueil","item":"https:\/\/perle-in.com\/"},{"@type":"ListItem","position":2,"name":"Boutique","item":"https:\/\/perle-in.com\/boutique\/"},{"@type":"ListItem","position":3,"name":"Bouteille d&#8217;eau de 350\u00a0ml Stanley All Day Slim"}]},{"@type":"WebSite","@id":"https:\/\/perle-in.com\/#website","url":"https:\/\/perle-in.com\/","name":"PERLE IN","description":"","publisher":{"@id":"https:\/\/perle-in.com\/#organization"},"potentialAction":[{"@type":"SearchAction","target":{"@type":"EntryPoint","urlTemplate":"https:\/\/perle-in.com\/?s={search_term_string}"},"query-input":{"@type":"PropertyValueSpecification","valueRequired":true,"valueName":"search_term_string"}}],"inLanguage":"en-CA"},{"@type":"Organization","@id":"https:\/\/perle-in.com\/#organization","name":"PERLE IN","url":"https:\/\/perle-in.com\/","logo":{"@type":"ImageObject","inLanguage":"en-CA","@id":"https:\/\/perle-in.com\/#\/schema\/logo\/image\/","url":"https:\/\/perle-in.com\/wp-content\/uploads\/2022\/12\/LOGO-PERLE-IN-COULEUR@3x.webp","contentUrl":"https:\/\/perle-in.com\/wp-content\/uploads\/2022\/12\/LOGO-PERLE-IN-COULEUR@3x.webp","width":1600,"height":490,"caption":"PERLE IN"},"image":{"@id":"https:\/\/perle-in.com\/#\/schema\/logo\/image\/"}}]}},"jetpack_sharing_enabled":true,"_links":{"self":[{"href":"https:\/\/perle-in.com\/en\/wp-json\/wp\/v2\/product\/576562","targetHints":{"allow":["GET"]}}],"collection":[{"href":"https:\/\/perle-in.com\/en\/wp-json\/wp\/v2\/product"}],"about":[{"href":"https:\/\/perle-in.com\/en\/wp-json\/wp\/v2\/types\/product"}],"version-history":[{"count":0,"href":"https:\/\/perle-in.com\/en\/wp-json\/wp\/v2\/product\/576562\/revisions"}],"wp:featuredmedia":[{"embeddable":true,"href":"https:\/\/perle-in.com\/en\/wp-json\/wp\/v2\/media\/576555"}],"wp:attachment":[{"href":"https:\/\/perle-in.com\/en\/wp-json\/wp\/v2\/media?parent=576562"}],"wp:term":[{"taxonomy":"product_brand","embeddable":true,"href":"https:\/\/perle-in.com\/en\/wp-json\/wp\/v2\/product_brand?post=576562"},{"taxonomy":"product_cat","embeddable":true,"href":"https:\/\/perle-in.com\/en\/wp-json\/wp\/v2\/product_cat?post=576562"},{"taxonomy":"product_tag","embeddable":true,"href":"https:\/\/perle-in.com\/en\/wp-json\/wp\/v2\/product_tag?post=576562"}],"curies":[{"name":"wp","href":"https:\/\/api.w.org\/{rel}","templated":true}]}}