{"id":576505,"date":"2025-10-16T06:42:54","date_gmt":"2025-10-16T04:42:54","guid":{"rendered":"https:\/\/perle-in.com\/produit\/bocal-alimentaire-de-400-ml-stanley-legendary-avec-cuillere-fourchette\/"},"modified":"2025-10-16T06:42:57","modified_gmt":"2025-10-16T04:42:57","slug":"bocal-alimentaire-de-400-ml-stanley-legendary-avec-cuillere-fourchette","status":"publish","type":"product","link":"https:\/\/perle-in.com\/en\/product\/bocal-alimentaire-de-400-ml-stanley-legendary-avec-cuillere-fourchette\/","title":{"rendered":"Bocal alimentaire de 400\u00a0ml Stanley Legendary avec cuill\u00e8re-fourchette"},"content":{"rendered":"","protected":false},"excerpt":{"rendered":"<p>Le bocal alimentaire Stanley Legendary avec fourchette-fourchette est le compagnon id\u00e9al pour les repas \u00e0 emporter, que vous soyez en voyage ou en camping. Compact mais spacieux, il offre suffisamment d&#8217;espace pour accueillir vos plats chauds ou froids pr\u00e9f\u00e9r\u00e9s. Le couvercle isolant est dot\u00e9 d&#8217;une valve de d\u00e9compression, ce qui permet de l&#8217;ouvrir facilement m\u00eame en cas de changement de temp\u00e9rature. Son ouverture large permet de remplir, de verser et de nettoyer sans effort. Fabriqu\u00e9 en acier inoxydable durable, il est compatible avec le lave-vaisselle pour un entretien rapide et facile. Il est \u00e9galement livr\u00e9 avec une fourchette-cuill\u00e8re en acier inoxydable qui s&#8217;ins\u00e8re solidement dans le support lat\u00e9ral, pour que vous soyez toujours pr\u00eat \u00e0 d\u00e9guster votre repas, o\u00f9 que vous soyez.<\/p>","protected":false},"featured_media":576497,"template":"","meta":{"_eb_attr":""},"product_brand":[],"product_cat":[1232,150],"product_tag":[2826,2729,2827,2262,4078,880,3823],"class_list":{"0":"post-576505","1":"product","2":"type-product","3":"status-publish","4":"has-post-thumbnail","6":"product_cat-boites-repas","7":"product_cat-maison-et-cuisine","8":"product_tag-bocal","9":"product_tag-boite","10":"product_tag-dejeuner","11":"product_tag-fourchette-cuillere","12":"product_tag-manger","13":"product_tag-nourriture","14":"product_tag-stanley","15":"pa_couleurs-noir-mat","16":"pa_couleurs-rose-clair","17":"pa_couleurs-vert-foret","18":"pa_green-points-1619","19":"pa_marque-stanley","20":"pa_matiere-acier-inoxydable-recycle","22":"first","23":"instock","24":"shipping-taxable","25":"purchasable","26":"product-type-variable"},"yoast_head":"<!-- This site is optimized with the Yoast SEO plugin v27.4 - https:\/\/yoast.com\/product\/yoast-seo-wordpress\/ -->\n<title>Bocal alimentaire de 400\u00a0ml Stanley Legendary avec cuill\u00e8re-fourchette - PERLE IN<\/title>\n<meta name=\"robots\" content=\"noindex, follow, max-snippet:-1, max-image-preview:large, max-video-preview:-1\" \/>\n<meta property=\"og:locale\" content=\"en_US\" \/>\n<meta property=\"og:type\" content=\"article\" \/>\n<meta property=\"og:title\" content=\"Bocal alimentaire de 400\u00a0ml Stanley Legendary avec cuill\u00e8re-fourchette - PERLE IN\" \/>\n<meta property=\"og:description\" content=\"Le bocal alimentaire Stanley Legendary avec fourchette-fourchette est le compagnon id\u00e9al pour les repas \u00e0 emporter, que vous soyez en voyage ou en camping. Compact mais spacieux, il offre suffisamment d&#039;espace pour accueillir vos plats chauds ou froids pr\u00e9f\u00e9r\u00e9s. Le couvercle isolant est dot\u00e9 d&#039;une valve de d\u00e9compression, ce qui permet de l&#039;ouvrir facilement m\u00eame en cas de changement de temp\u00e9rature. Son ouverture large permet de remplir, de verser et de nettoyer sans effort. Fabriqu\u00e9 en acier inoxydable durable, il est compatible avec le lave-vaisselle pour un entretien rapide et facile. Il est \u00e9galement livr\u00e9 avec une fourchette-cuill\u00e8re en acier inoxydable qui s&#039;ins\u00e8re solidement dans le support lat\u00e9ral, pour que vous soyez toujours pr\u00eat \u00e0 d\u00e9guster votre repas, o\u00f9 que vous soyez.\" \/>\n<meta property=\"og:url\" content=\"https:\/\/perle-in.com\/en\/product\/bocal-alimentaire-de-400-ml-stanley-legendary-avec-cuillere-fourchette\/\" \/>\n<meta property=\"og:site_name\" content=\"PERLE IN\" \/>\n<meta property=\"article:modified_time\" content=\"2025-10-16T04:42:57+00:00\" \/>\n<meta property=\"og:image\" content=\"https:\/\/perle-in.com\/wp-content\/uploads\/2025\/10\/10088141-1.jpg\" \/>\n\t<meta property=\"og:image:width\" content=\"1600\" \/>\n\t<meta property=\"og:image:height\" content=\"1600\" \/>\n\t<meta property=\"og:image:type\" content=\"image\/jpeg\" \/>\n<meta name=\"twitter:card\" content=\"summary_large_image\" \/>\n<script type=\"application\/ld+json\" class=\"yoast-schema-graph\">{\"@context\":\"https:\\\/\\\/schema.org\",\"@graph\":[{\"@type\":\"WebPage\",\"@id\":\"https:\\\/\\\/perle-in.com\\\/produit\\\/bocal-alimentaire-de-400-ml-stanley-legendary-avec-cuillere-fourchette\\\/\",\"url\":\"https:\\\/\\\/perle-in.com\\\/produit\\\/bocal-alimentaire-de-400-ml-stanley-legendary-avec-cuillere-fourchette\\\/\",\"name\":\"Bocal alimentaire de 400\u00a0ml Stanley Legendary avec cuill\u00e8re-fourchette - PERLE IN\",\"isPartOf\":{\"@id\":\"https:\\\/\\\/perle-in.com\\\/#website\"},\"primaryImageOfPage\":{\"@id\":\"https:\\\/\\\/perle-in.com\\\/produit\\\/bocal-alimentaire-de-400-ml-stanley-legendary-avec-cuillere-fourchette\\\/#primaryimage\"},\"image\":{\"@id\":\"https:\\\/\\\/perle-in.com\\\/produit\\\/bocal-alimentaire-de-400-ml-stanley-legendary-avec-cuillere-fourchette\\\/#primaryimage\"},\"thumbnailUrl\":\"https:\\\/\\\/perle-in.com\\\/wp-content\\\/uploads\\\/2025\\\/10\\\/10088141-1.jpg\",\"datePublished\":\"2025-10-16T04:42:54+00:00\",\"dateModified\":\"2025-10-16T04:42:57+00:00\",\"breadcrumb\":{\"@id\":\"https:\\\/\\\/perle-in.com\\\/produit\\\/bocal-alimentaire-de-400-ml-stanley-legendary-avec-cuillere-fourchette\\\/#breadcrumb\"},\"inLanguage\":\"en-CA\",\"potentialAction\":[{\"@type\":\"ReadAction\",\"target\":[\"https:\\\/\\\/perle-in.com\\\/produit\\\/bocal-alimentaire-de-400-ml-stanley-legendary-avec-cuillere-fourchette\\\/\"]}]},{\"@type\":\"ImageObject\",\"inLanguage\":\"en-CA\",\"@id\":\"https:\\\/\\\/perle-in.com\\\/produit\\\/bocal-alimentaire-de-400-ml-stanley-legendary-avec-cuillere-fourchette\\\/#primaryimage\",\"url\":\"https:\\\/\\\/perle-in.com\\\/wp-content\\\/uploads\\\/2025\\\/10\\\/10088141-1.jpg\",\"contentUrl\":\"https:\\\/\\\/perle-in.com\\\/wp-content\\\/uploads\\\/2025\\\/10\\\/10088141-1.jpg\",\"width\":1600,\"height\":1600},{\"@type\":\"BreadcrumbList\",\"@id\":\"https:\\\/\\\/perle-in.com\\\/produit\\\/bocal-alimentaire-de-400-ml-stanley-legendary-avec-cuillere-fourchette\\\/#breadcrumb\",\"itemListElement\":[{\"@type\":\"ListItem\",\"position\":1,\"name\":\"Accueil\",\"item\":\"https:\\\/\\\/perle-in.com\\\/\"},{\"@type\":\"ListItem\",\"position\":2,\"name\":\"Boutique\",\"item\":\"https:\\\/\\\/perle-in.com\\\/boutique\\\/\"},{\"@type\":\"ListItem\",\"position\":3,\"name\":\"Bocal alimentaire de 400\u00a0ml Stanley Legendary avec cuill\u00e8re-fourchette\"}]},{\"@type\":\"WebSite\",\"@id\":\"https:\\\/\\\/perle-in.com\\\/#website\",\"url\":\"https:\\\/\\\/perle-in.com\\\/\",\"name\":\"PERLE IN\",\"description\":\"\",\"publisher\":{\"@id\":\"https:\\\/\\\/perle-in.com\\\/#organization\"},\"potentialAction\":[{\"@type\":\"SearchAction\",\"target\":{\"@type\":\"EntryPoint\",\"urlTemplate\":\"https:\\\/\\\/perle-in.com\\\/?s={search_term_string}\"},\"query-input\":{\"@type\":\"PropertyValueSpecification\",\"valueRequired\":true,\"valueName\":\"search_term_string\"}}],\"inLanguage\":\"en-CA\"},{\"@type\":\"Organization\",\"@id\":\"https:\\\/\\\/perle-in.com\\\/#organization\",\"name\":\"PERLE IN\",\"url\":\"https:\\\/\\\/perle-in.com\\\/\",\"logo\":{\"@type\":\"ImageObject\",\"inLanguage\":\"en-CA\",\"@id\":\"https:\\\/\\\/perle-in.com\\\/#\\\/schema\\\/logo\\\/image\\\/\",\"url\":\"https:\\\/\\\/perle-in.com\\\/wp-content\\\/uploads\\\/2022\\\/12\\\/LOGO-PERLE-IN-COULEUR@3x.webp\",\"contentUrl\":\"https:\\\/\\\/perle-in.com\\\/wp-content\\\/uploads\\\/2022\\\/12\\\/LOGO-PERLE-IN-COULEUR@3x.webp\",\"width\":1600,\"height\":490,\"caption\":\"PERLE IN\"},\"image\":{\"@id\":\"https:\\\/\\\/perle-in.com\\\/#\\\/schema\\\/logo\\\/image\\\/\"}}]}<\/script>\n<!-- \/ Yoast SEO plugin. -->","yoast_head_json":{"title":"Bocal alimentaire de 400\u00a0ml Stanley Legendary avec cuill\u00e8re-fourchette - PERLE IN","robots":{"index":"noindex","follow":"follow","max-snippet":"max-snippet:-1","max-image-preview":"max-image-preview:large","max-video-preview":"max-video-preview:-1"},"og_locale":"en_US","og_type":"article","og_title":"Bocal alimentaire de 400\u00a0ml Stanley Legendary avec cuill\u00e8re-fourchette - PERLE IN","og_description":"Le bocal alimentaire Stanley Legendary avec fourchette-fourchette est le compagnon id\u00e9al pour les repas \u00e0 emporter, que vous soyez en voyage ou en camping. Compact mais spacieux, il offre suffisamment d'espace pour accueillir vos plats chauds ou froids pr\u00e9f\u00e9r\u00e9s. Le couvercle isolant est dot\u00e9 d'une valve de d\u00e9compression, ce qui permet de l'ouvrir facilement m\u00eame en cas de changement de temp\u00e9rature. Son ouverture large permet de remplir, de verser et de nettoyer sans effort. Fabriqu\u00e9 en acier inoxydable durable, il est compatible avec le lave-vaisselle pour un entretien rapide et facile. Il est \u00e9galement livr\u00e9 avec une fourchette-cuill\u00e8re en acier inoxydable qui s'ins\u00e8re solidement dans le support lat\u00e9ral, pour que vous soyez toujours pr\u00eat \u00e0 d\u00e9guster votre repas, o\u00f9 que vous soyez.","og_url":"https:\/\/perle-in.com\/en\/product\/bocal-alimentaire-de-400-ml-stanley-legendary-avec-cuillere-fourchette\/","og_site_name":"PERLE IN","article_modified_time":"2025-10-16T04:42:57+00:00","og_image":[{"width":1600,"height":1600,"url":"https:\/\/perle-in.com\/wp-content\/uploads\/2025\/10\/10088141-1.jpg","type":"image\/jpeg"}],"twitter_card":"summary_large_image","schema":{"@context":"https:\/\/schema.org","@graph":[{"@type":"WebPage","@id":"https:\/\/perle-in.com\/produit\/bocal-alimentaire-de-400-ml-stanley-legendary-avec-cuillere-fourchette\/","url":"https:\/\/perle-in.com\/produit\/bocal-alimentaire-de-400-ml-stanley-legendary-avec-cuillere-fourchette\/","name":"Bocal alimentaire de 400\u00a0ml Stanley Legendary avec cuill\u00e8re-fourchette - PERLE IN","isPartOf":{"@id":"https:\/\/perle-in.com\/#website"},"primaryImageOfPage":{"@id":"https:\/\/perle-in.com\/produit\/bocal-alimentaire-de-400-ml-stanley-legendary-avec-cuillere-fourchette\/#primaryimage"},"image":{"@id":"https:\/\/perle-in.com\/produit\/bocal-alimentaire-de-400-ml-stanley-legendary-avec-cuillere-fourchette\/#primaryimage"},"thumbnailUrl":"https:\/\/perle-in.com\/wp-content\/uploads\/2025\/10\/10088141-1.jpg","datePublished":"2025-10-16T04:42:54+00:00","dateModified":"2025-10-16T04:42:57+00:00","breadcrumb":{"@id":"https:\/\/perle-in.com\/produit\/bocal-alimentaire-de-400-ml-stanley-legendary-avec-cuillere-fourchette\/#breadcrumb"},"inLanguage":"en-CA","potentialAction":[{"@type":"ReadAction","target":["https:\/\/perle-in.com\/produit\/bocal-alimentaire-de-400-ml-stanley-legendary-avec-cuillere-fourchette\/"]}]},{"@type":"ImageObject","inLanguage":"en-CA","@id":"https:\/\/perle-in.com\/produit\/bocal-alimentaire-de-400-ml-stanley-legendary-avec-cuillere-fourchette\/#primaryimage","url":"https:\/\/perle-in.com\/wp-content\/uploads\/2025\/10\/10088141-1.jpg","contentUrl":"https:\/\/perle-in.com\/wp-content\/uploads\/2025\/10\/10088141-1.jpg","width":1600,"height":1600},{"@type":"BreadcrumbList","@id":"https:\/\/perle-in.com\/produit\/bocal-alimentaire-de-400-ml-stanley-legendary-avec-cuillere-fourchette\/#breadcrumb","itemListElement":[{"@type":"ListItem","position":1,"name":"Accueil","item":"https:\/\/perle-in.com\/"},{"@type":"ListItem","position":2,"name":"Boutique","item":"https:\/\/perle-in.com\/boutique\/"},{"@type":"ListItem","position":3,"name":"Bocal alimentaire de 400\u00a0ml Stanley Legendary avec cuill\u00e8re-fourchette"}]},{"@type":"WebSite","@id":"https:\/\/perle-in.com\/#website","url":"https:\/\/perle-in.com\/","name":"PERLE IN","description":"","publisher":{"@id":"https:\/\/perle-in.com\/#organization"},"potentialAction":[{"@type":"SearchAction","target":{"@type":"EntryPoint","urlTemplate":"https:\/\/perle-in.com\/?s={search_term_string}"},"query-input":{"@type":"PropertyValueSpecification","valueRequired":true,"valueName":"search_term_string"}}],"inLanguage":"en-CA"},{"@type":"Organization","@id":"https:\/\/perle-in.com\/#organization","name":"PERLE IN","url":"https:\/\/perle-in.com\/","logo":{"@type":"ImageObject","inLanguage":"en-CA","@id":"https:\/\/perle-in.com\/#\/schema\/logo\/image\/","url":"https:\/\/perle-in.com\/wp-content\/uploads\/2022\/12\/LOGO-PERLE-IN-COULEUR@3x.webp","contentUrl":"https:\/\/perle-in.com\/wp-content\/uploads\/2022\/12\/LOGO-PERLE-IN-COULEUR@3x.webp","width":1600,"height":490,"caption":"PERLE IN"},"image":{"@id":"https:\/\/perle-in.com\/#\/schema\/logo\/image\/"}}]}},"jetpack_sharing_enabled":true,"_links":{"self":[{"href":"https:\/\/perle-in.com\/en\/wp-json\/wp\/v2\/product\/576505","targetHints":{"allow":["GET"]}}],"collection":[{"href":"https:\/\/perle-in.com\/en\/wp-json\/wp\/v2\/product"}],"about":[{"href":"https:\/\/perle-in.com\/en\/wp-json\/wp\/v2\/types\/product"}],"version-history":[{"count":0,"href":"https:\/\/perle-in.com\/en\/wp-json\/wp\/v2\/product\/576505\/revisions"}],"wp:featuredmedia":[{"embeddable":true,"href":"https:\/\/perle-in.com\/en\/wp-json\/wp\/v2\/media\/576497"}],"wp:attachment":[{"href":"https:\/\/perle-in.com\/en\/wp-json\/wp\/v2\/media?parent=576505"}],"wp:term":[{"taxonomy":"product_brand","embeddable":true,"href":"https:\/\/perle-in.com\/en\/wp-json\/wp\/v2\/product_brand?post=576505"},{"taxonomy":"product_cat","embeddable":true,"href":"https:\/\/perle-in.com\/en\/wp-json\/wp\/v2\/product_cat?post=576505"},{"taxonomy":"product_tag","embeddable":true,"href":"https:\/\/perle-in.com\/en\/wp-json\/wp\/v2\/product_tag?post=576505"}],"curies":[{"name":"wp","href":"https:\/\/api.w.org\/{rel}","templated":true}]}}