{"id":576466,"date":"2025-10-16T06:27:55","date_gmt":"2025-10-16T04:27:55","guid":{"rendered":"https:\/\/perle-in.com\/produit\/sac-shopping-a-soufflets-ecoseal-non-tisse-recycle-et-certifie-grs-de-12-l\/"},"modified":"2025-10-16T06:28:00","modified_gmt":"2025-10-16T04:28:00","slug":"sac-shopping-a-soufflets-ecoseal-non-tisse-recycle-et-certifie-grs-de-12-l","status":"publish","type":"product","link":"https:\/\/perle-in.com\/en\/product\/sac-shopping-a-soufflets-ecoseal-non-tisse-recycle-et-certifie-grs-de-12-l\/","title":{"rendered":"Sac shopping \u00e0 soufflets EcoSeal non tiss\u00e9 recycl\u00e9 et certifi\u00e9 GRS de 12\u00a0L"},"content":{"rendered":"","protected":false},"excerpt":{"rendered":"<p>Fabriqu\u00e9 en RPET durable et r\u00e9sistant aux d\u00e9chirures, le sac shopping \u00e0 soufflet recycl\u00e9 certifi\u00e9 GRS EcoSeal est sans couture et offre un design thermoscell\u00e9e par ultrasons et des poign\u00e9es d\u00e9coup\u00e9es. Le sac est dot\u00e9 de poign\u00e9es de 30\u00a0cm de long et est parfait pour les achats quotidiens et les \u00e9v\u00e9nements. Capacit\u00e9 de charge maximale de 10 kg. Capacit\u00e9\u00a0: 12\u00a0litres.<\/p>","protected":false},"featured_media":576454,"template":"","meta":{"_eb_attr":""},"product_brand":[],"product_cat":[159,959],"product_tag":[905,2654,836,986,1790,1791,904],"class_list":{"0":"post-576466","1":"product","2":"type-product","3":"status-publish","4":"has-post-thumbnail","6":"product_cat-sacs","7":"product_cat-sacs-de-shopping","8":"product_tag-courses","9":"product_tag-grs","10":"product_tag-recycle","11":"product_tag-rpet","12":"product_tag-sac-shopping","13":"product_tag-sacs-shopping","14":"product_tag-shopping","15":"pa_couleurs-blanc","16":"pa_couleurs-bleu-royal","17":"pa_couleurs-marine","18":"pa_couleurs-noir","19":"pa_couleurs-rouge","20":"pa_couleurs-vert-foret","21":"pa_green-points-2652","22":"pa_matiere-polyester-recycle-certifie-grs","24":"first","25":"instock","26":"shipping-taxable","27":"purchasable","28":"product-type-variable"},"yoast_head":"<!-- This site is optimized with the Yoast SEO plugin v27.4 - https:\/\/yoast.com\/product\/yoast-seo-wordpress\/ -->\n<title>Sac shopping \u00e0 soufflets EcoSeal non tiss\u00e9 recycl\u00e9 et certifi\u00e9 GRS de 12\u00a0L - PERLE IN<\/title>\n<meta name=\"robots\" content=\"noindex, follow, max-snippet:-1, max-image-preview:large, max-video-preview:-1\" \/>\n<meta property=\"og:locale\" content=\"en_US\" \/>\n<meta property=\"og:type\" content=\"article\" \/>\n<meta property=\"og:title\" content=\"Sac shopping \u00e0 soufflets EcoSeal non tiss\u00e9 recycl\u00e9 et certifi\u00e9 GRS de 12\u00a0L - PERLE IN\" \/>\n<meta property=\"og:description\" content=\"Fabriqu\u00e9 en RPET durable et r\u00e9sistant aux d\u00e9chirures, le sac shopping \u00e0 soufflet recycl\u00e9 certifi\u00e9 GRS EcoSeal est sans couture et offre un design thermoscell\u00e9e par ultrasons et des poign\u00e9es d\u00e9coup\u00e9es. Le sac est dot\u00e9 de poign\u00e9es de 30\u00a0cm de long et est parfait pour les achats quotidiens et les \u00e9v\u00e9nements. Capacit\u00e9 de charge maximale de 10 kg. Capacit\u00e9\u00a0: 12\u00a0litres.\" \/>\n<meta property=\"og:url\" content=\"https:\/\/perle-in.com\/en\/product\/sac-shopping-a-soufflets-ecoseal-non-tisse-recycle-et-certifie-grs-de-12-l\/\" \/>\n<meta property=\"og:site_name\" content=\"PERLE IN\" \/>\n<meta property=\"article:modified_time\" content=\"2025-10-16T04:28:00+00:00\" \/>\n<meta property=\"og:image\" content=\"https:\/\/perle-in.com\/wp-content\/uploads\/2025\/10\/13010601-1.jpg\" \/>\n\t<meta property=\"og:image:width\" content=\"1600\" \/>\n\t<meta property=\"og:image:height\" content=\"1600\" \/>\n\t<meta property=\"og:image:type\" content=\"image\/jpeg\" \/>\n<meta name=\"twitter:card\" content=\"summary_large_image\" \/>\n<script type=\"application\/ld+json\" class=\"yoast-schema-graph\">{\"@context\":\"https:\\\/\\\/schema.org\",\"@graph\":[{\"@type\":\"WebPage\",\"@id\":\"https:\\\/\\\/perle-in.com\\\/produit\\\/sac-shopping-a-soufflets-ecoseal-non-tisse-recycle-et-certifie-grs-de-12-l\\\/\",\"url\":\"https:\\\/\\\/perle-in.com\\\/produit\\\/sac-shopping-a-soufflets-ecoseal-non-tisse-recycle-et-certifie-grs-de-12-l\\\/\",\"name\":\"Sac shopping \u00e0 soufflets EcoSeal non tiss\u00e9 recycl\u00e9 et certifi\u00e9 GRS de 12\u00a0L - PERLE IN\",\"isPartOf\":{\"@id\":\"https:\\\/\\\/perle-in.com\\\/#website\"},\"primaryImageOfPage\":{\"@id\":\"https:\\\/\\\/perle-in.com\\\/produit\\\/sac-shopping-a-soufflets-ecoseal-non-tisse-recycle-et-certifie-grs-de-12-l\\\/#primaryimage\"},\"image\":{\"@id\":\"https:\\\/\\\/perle-in.com\\\/produit\\\/sac-shopping-a-soufflets-ecoseal-non-tisse-recycle-et-certifie-grs-de-12-l\\\/#primaryimage\"},\"thumbnailUrl\":\"https:\\\/\\\/perle-in.com\\\/wp-content\\\/uploads\\\/2025\\\/10\\\/13010601-1.jpg\",\"datePublished\":\"2025-10-16T04:27:55+00:00\",\"dateModified\":\"2025-10-16T04:28:00+00:00\",\"breadcrumb\":{\"@id\":\"https:\\\/\\\/perle-in.com\\\/produit\\\/sac-shopping-a-soufflets-ecoseal-non-tisse-recycle-et-certifie-grs-de-12-l\\\/#breadcrumb\"},\"inLanguage\":\"en-CA\",\"potentialAction\":[{\"@type\":\"ReadAction\",\"target\":[\"https:\\\/\\\/perle-in.com\\\/produit\\\/sac-shopping-a-soufflets-ecoseal-non-tisse-recycle-et-certifie-grs-de-12-l\\\/\"]}]},{\"@type\":\"ImageObject\",\"inLanguage\":\"en-CA\",\"@id\":\"https:\\\/\\\/perle-in.com\\\/produit\\\/sac-shopping-a-soufflets-ecoseal-non-tisse-recycle-et-certifie-grs-de-12-l\\\/#primaryimage\",\"url\":\"https:\\\/\\\/perle-in.com\\\/wp-content\\\/uploads\\\/2025\\\/10\\\/13010601-1.jpg\",\"contentUrl\":\"https:\\\/\\\/perle-in.com\\\/wp-content\\\/uploads\\\/2025\\\/10\\\/13010601-1.jpg\",\"width\":1600,\"height\":1600},{\"@type\":\"BreadcrumbList\",\"@id\":\"https:\\\/\\\/perle-in.com\\\/produit\\\/sac-shopping-a-soufflets-ecoseal-non-tisse-recycle-et-certifie-grs-de-12-l\\\/#breadcrumb\",\"itemListElement\":[{\"@type\":\"ListItem\",\"position\":1,\"name\":\"Accueil\",\"item\":\"https:\\\/\\\/perle-in.com\\\/\"},{\"@type\":\"ListItem\",\"position\":2,\"name\":\"Boutique\",\"item\":\"https:\\\/\\\/perle-in.com\\\/boutique\\\/\"},{\"@type\":\"ListItem\",\"position\":3,\"name\":\"Sac shopping \u00e0 soufflets EcoSeal non tiss\u00e9 recycl\u00e9 et certifi\u00e9 GRS de 12\u00a0L\"}]},{\"@type\":\"WebSite\",\"@id\":\"https:\\\/\\\/perle-in.com\\\/#website\",\"url\":\"https:\\\/\\\/perle-in.com\\\/\",\"name\":\"PERLE IN\",\"description\":\"\",\"publisher\":{\"@id\":\"https:\\\/\\\/perle-in.com\\\/#organization\"},\"potentialAction\":[{\"@type\":\"SearchAction\",\"target\":{\"@type\":\"EntryPoint\",\"urlTemplate\":\"https:\\\/\\\/perle-in.com\\\/?s={search_term_string}\"},\"query-input\":{\"@type\":\"PropertyValueSpecification\",\"valueRequired\":true,\"valueName\":\"search_term_string\"}}],\"inLanguage\":\"en-CA\"},{\"@type\":\"Organization\",\"@id\":\"https:\\\/\\\/perle-in.com\\\/#organization\",\"name\":\"PERLE IN\",\"url\":\"https:\\\/\\\/perle-in.com\\\/\",\"logo\":{\"@type\":\"ImageObject\",\"inLanguage\":\"en-CA\",\"@id\":\"https:\\\/\\\/perle-in.com\\\/#\\\/schema\\\/logo\\\/image\\\/\",\"url\":\"https:\\\/\\\/perle-in.com\\\/wp-content\\\/uploads\\\/2022\\\/12\\\/LOGO-PERLE-IN-COULEUR@3x.webp\",\"contentUrl\":\"https:\\\/\\\/perle-in.com\\\/wp-content\\\/uploads\\\/2022\\\/12\\\/LOGO-PERLE-IN-COULEUR@3x.webp\",\"width\":1600,\"height\":490,\"caption\":\"PERLE IN\"},\"image\":{\"@id\":\"https:\\\/\\\/perle-in.com\\\/#\\\/schema\\\/logo\\\/image\\\/\"}}]}<\/script>\n<!-- \/ Yoast SEO plugin. -->","yoast_head_json":{"title":"Sac shopping \u00e0 soufflets EcoSeal non tiss\u00e9 recycl\u00e9 et certifi\u00e9 GRS de 12\u00a0L - PERLE IN","robots":{"index":"noindex","follow":"follow","max-snippet":"max-snippet:-1","max-image-preview":"max-image-preview:large","max-video-preview":"max-video-preview:-1"},"og_locale":"en_US","og_type":"article","og_title":"Sac shopping \u00e0 soufflets EcoSeal non tiss\u00e9 recycl\u00e9 et certifi\u00e9 GRS de 12\u00a0L - PERLE IN","og_description":"Fabriqu\u00e9 en RPET durable et r\u00e9sistant aux d\u00e9chirures, le sac shopping \u00e0 soufflet recycl\u00e9 certifi\u00e9 GRS EcoSeal est sans couture et offre un design thermoscell\u00e9e par ultrasons et des poign\u00e9es d\u00e9coup\u00e9es. Le sac est dot\u00e9 de poign\u00e9es de 30\u00a0cm de long et est parfait pour les achats quotidiens et les \u00e9v\u00e9nements. Capacit\u00e9 de charge maximale de 10 kg. Capacit\u00e9\u00a0: 12\u00a0litres.","og_url":"https:\/\/perle-in.com\/en\/product\/sac-shopping-a-soufflets-ecoseal-non-tisse-recycle-et-certifie-grs-de-12-l\/","og_site_name":"PERLE IN","article_modified_time":"2025-10-16T04:28:00+00:00","og_image":[{"width":1600,"height":1600,"url":"https:\/\/perle-in.com\/wp-content\/uploads\/2025\/10\/13010601-1.jpg","type":"image\/jpeg"}],"twitter_card":"summary_large_image","schema":{"@context":"https:\/\/schema.org","@graph":[{"@type":"WebPage","@id":"https:\/\/perle-in.com\/produit\/sac-shopping-a-soufflets-ecoseal-non-tisse-recycle-et-certifie-grs-de-12-l\/","url":"https:\/\/perle-in.com\/produit\/sac-shopping-a-soufflets-ecoseal-non-tisse-recycle-et-certifie-grs-de-12-l\/","name":"Sac shopping \u00e0 soufflets EcoSeal non tiss\u00e9 recycl\u00e9 et certifi\u00e9 GRS de 12\u00a0L - PERLE IN","isPartOf":{"@id":"https:\/\/perle-in.com\/#website"},"primaryImageOfPage":{"@id":"https:\/\/perle-in.com\/produit\/sac-shopping-a-soufflets-ecoseal-non-tisse-recycle-et-certifie-grs-de-12-l\/#primaryimage"},"image":{"@id":"https:\/\/perle-in.com\/produit\/sac-shopping-a-soufflets-ecoseal-non-tisse-recycle-et-certifie-grs-de-12-l\/#primaryimage"},"thumbnailUrl":"https:\/\/perle-in.com\/wp-content\/uploads\/2025\/10\/13010601-1.jpg","datePublished":"2025-10-16T04:27:55+00:00","dateModified":"2025-10-16T04:28:00+00:00","breadcrumb":{"@id":"https:\/\/perle-in.com\/produit\/sac-shopping-a-soufflets-ecoseal-non-tisse-recycle-et-certifie-grs-de-12-l\/#breadcrumb"},"inLanguage":"en-CA","potentialAction":[{"@type":"ReadAction","target":["https:\/\/perle-in.com\/produit\/sac-shopping-a-soufflets-ecoseal-non-tisse-recycle-et-certifie-grs-de-12-l\/"]}]},{"@type":"ImageObject","inLanguage":"en-CA","@id":"https:\/\/perle-in.com\/produit\/sac-shopping-a-soufflets-ecoseal-non-tisse-recycle-et-certifie-grs-de-12-l\/#primaryimage","url":"https:\/\/perle-in.com\/wp-content\/uploads\/2025\/10\/13010601-1.jpg","contentUrl":"https:\/\/perle-in.com\/wp-content\/uploads\/2025\/10\/13010601-1.jpg","width":1600,"height":1600},{"@type":"BreadcrumbList","@id":"https:\/\/perle-in.com\/produit\/sac-shopping-a-soufflets-ecoseal-non-tisse-recycle-et-certifie-grs-de-12-l\/#breadcrumb","itemListElement":[{"@type":"ListItem","position":1,"name":"Accueil","item":"https:\/\/perle-in.com\/"},{"@type":"ListItem","position":2,"name":"Boutique","item":"https:\/\/perle-in.com\/boutique\/"},{"@type":"ListItem","position":3,"name":"Sac shopping \u00e0 soufflets EcoSeal non tiss\u00e9 recycl\u00e9 et certifi\u00e9 GRS de 12\u00a0L"}]},{"@type":"WebSite","@id":"https:\/\/perle-in.com\/#website","url":"https:\/\/perle-in.com\/","name":"PERLE IN","description":"","publisher":{"@id":"https:\/\/perle-in.com\/#organization"},"potentialAction":[{"@type":"SearchAction","target":{"@type":"EntryPoint","urlTemplate":"https:\/\/perle-in.com\/?s={search_term_string}"},"query-input":{"@type":"PropertyValueSpecification","valueRequired":true,"valueName":"search_term_string"}}],"inLanguage":"en-CA"},{"@type":"Organization","@id":"https:\/\/perle-in.com\/#organization","name":"PERLE IN","url":"https:\/\/perle-in.com\/","logo":{"@type":"ImageObject","inLanguage":"en-CA","@id":"https:\/\/perle-in.com\/#\/schema\/logo\/image\/","url":"https:\/\/perle-in.com\/wp-content\/uploads\/2022\/12\/LOGO-PERLE-IN-COULEUR@3x.webp","contentUrl":"https:\/\/perle-in.com\/wp-content\/uploads\/2022\/12\/LOGO-PERLE-IN-COULEUR@3x.webp","width":1600,"height":490,"caption":"PERLE IN"},"image":{"@id":"https:\/\/perle-in.com\/#\/schema\/logo\/image\/"}}]}},"jetpack_sharing_enabled":true,"_links":{"self":[{"href":"https:\/\/perle-in.com\/en\/wp-json\/wp\/v2\/product\/576466","targetHints":{"allow":["GET"]}}],"collection":[{"href":"https:\/\/perle-in.com\/en\/wp-json\/wp\/v2\/product"}],"about":[{"href":"https:\/\/perle-in.com\/en\/wp-json\/wp\/v2\/types\/product"}],"version-history":[{"count":0,"href":"https:\/\/perle-in.com\/en\/wp-json\/wp\/v2\/product\/576466\/revisions"}],"wp:featuredmedia":[{"embeddable":true,"href":"https:\/\/perle-in.com\/en\/wp-json\/wp\/v2\/media\/576454"}],"wp:attachment":[{"href":"https:\/\/perle-in.com\/en\/wp-json\/wp\/v2\/media?parent=576466"}],"wp:term":[{"taxonomy":"product_brand","embeddable":true,"href":"https:\/\/perle-in.com\/en\/wp-json\/wp\/v2\/product_brand?post=576466"},{"taxonomy":"product_cat","embeddable":true,"href":"https:\/\/perle-in.com\/en\/wp-json\/wp\/v2\/product_cat?post=576466"},{"taxonomy":"product_tag","embeddable":true,"href":"https:\/\/perle-in.com\/en\/wp-json\/wp\/v2\/product_tag?post=576466"}],"curies":[{"name":"wp","href":"https:\/\/api.w.org\/{rel}","templated":true}]}}