{"id":576428,"date":"2025-10-16T06:25:17","date_gmt":"2025-10-16T04:25:17","guid":{"rendered":"https:\/\/perle-in.com\/produit\/sac-shopping-ecoseal-non-tisse-de-5-l-en-materiaux-recycles-certifies-grs\/"},"modified":"2025-10-16T06:25:22","modified_gmt":"2025-10-16T04:25:22","slug":"sac-shopping-ecoseal-non-tisse-de-5-l-en-materiaux-recycles-certifies-grs","status":"publish","type":"product","link":"https:\/\/perle-in.com\/en\/product\/sac-shopping-ecoseal-non-tisse-de-5-l-en-materiaux-recycles-certifies-grs\/","title":{"rendered":"Sac shopping EcoSeal non tiss\u00e9 de 5\u00a0L en mat\u00e9riaux recycl\u00e9s certifi\u00e9s GRS"},"content":{"rendered":"","protected":false},"excerpt":{"rendered":"<p>Fabriqu\u00e9 en RPET durable et r\u00e9sistant \u00e0 la d\u00e9chirure, le sac shopping EcoSeal certifi\u00e9 GRS se caract\u00e9rise par une construction thermoscell\u00e9e par ultrasons et des poign\u00e9es d\u00e9coup\u00e9es. Il ne comporte pas de coutures et est \u00e0 la fois l\u00e9ger et r\u00e9sistant. Parfait pour les essentiels quotidiens, les \u00e9v\u00e9nements ou les courses de tous les jours. Capacit\u00e9 de charge maximale de 3 kg. Capacit\u00e9\u00a0: 5\u00a0litres.<\/p>","protected":false},"featured_media":576416,"template":"","meta":{"_eb_attr":""},"product_brand":[],"product_cat":[159,959],"product_tag":[905,2654,836,986,1790,1791,904],"class_list":{"0":"post-576428","1":"product","2":"type-product","3":"status-publish","4":"has-post-thumbnail","6":"product_cat-sacs","7":"product_cat-sacs-de-shopping","8":"product_tag-courses","9":"product_tag-grs","10":"product_tag-recycle","11":"product_tag-rpet","12":"product_tag-sac-shopping","13":"product_tag-sacs-shopping","14":"product_tag-shopping","15":"pa_couleurs-blanc","16":"pa_couleurs-bleu-royal","17":"pa_couleurs-marine","18":"pa_couleurs-noir","19":"pa_couleurs-rouge","20":"pa_couleurs-vert-foret","21":"pa_green-points-2652","22":"pa_matiere-polyester-recycle-certifie-grs","24":"first","25":"instock","26":"shipping-taxable","27":"purchasable","28":"product-type-variable"},"yoast_head":"<!-- This site is optimized with the Yoast SEO plugin v27.4 - https:\/\/yoast.com\/product\/yoast-seo-wordpress\/ -->\n<title>Sac shopping EcoSeal non tiss\u00e9 de 5\u00a0L en mat\u00e9riaux recycl\u00e9s certifi\u00e9s GRS - PERLE IN<\/title>\n<meta name=\"robots\" content=\"noindex, follow, max-snippet:-1, max-image-preview:large, max-video-preview:-1\" \/>\n<meta property=\"og:locale\" content=\"en_US\" \/>\n<meta property=\"og:type\" content=\"article\" \/>\n<meta property=\"og:title\" content=\"Sac shopping EcoSeal non tiss\u00e9 de 5\u00a0L en mat\u00e9riaux recycl\u00e9s certifi\u00e9s GRS - PERLE IN\" \/>\n<meta property=\"og:description\" content=\"Fabriqu\u00e9 en RPET durable et r\u00e9sistant \u00e0 la d\u00e9chirure, le sac shopping EcoSeal certifi\u00e9 GRS se caract\u00e9rise par une construction thermoscell\u00e9e par ultrasons et des poign\u00e9es d\u00e9coup\u00e9es. Il ne comporte pas de coutures et est \u00e0 la fois l\u00e9ger et r\u00e9sistant. Parfait pour les essentiels quotidiens, les \u00e9v\u00e9nements ou les courses de tous les jours. Capacit\u00e9 de charge maximale de 3 kg. Capacit\u00e9\u00a0: 5\u00a0litres.\" \/>\n<meta property=\"og:url\" content=\"https:\/\/perle-in.com\/en\/product\/sac-shopping-ecoseal-non-tisse-de-5-l-en-materiaux-recycles-certifies-grs\/\" \/>\n<meta property=\"og:site_name\" content=\"PERLE IN\" \/>\n<meta property=\"article:modified_time\" content=\"2025-10-16T04:25:22+00:00\" \/>\n<meta property=\"og:image\" content=\"https:\/\/perle-in.com\/wp-content\/uploads\/2025\/10\/13010301-1.jpg\" \/>\n\t<meta property=\"og:image:width\" content=\"1600\" \/>\n\t<meta property=\"og:image:height\" content=\"1600\" \/>\n\t<meta property=\"og:image:type\" content=\"image\/jpeg\" \/>\n<meta name=\"twitter:card\" content=\"summary_large_image\" \/>\n<script type=\"application\/ld+json\" class=\"yoast-schema-graph\">{\"@context\":\"https:\\\/\\\/schema.org\",\"@graph\":[{\"@type\":\"WebPage\",\"@id\":\"https:\\\/\\\/perle-in.com\\\/produit\\\/sac-shopping-ecoseal-non-tisse-de-5-l-en-materiaux-recycles-certifies-grs\\\/\",\"url\":\"https:\\\/\\\/perle-in.com\\\/produit\\\/sac-shopping-ecoseal-non-tisse-de-5-l-en-materiaux-recycles-certifies-grs\\\/\",\"name\":\"Sac shopping EcoSeal non tiss\u00e9 de 5\u00a0L en mat\u00e9riaux recycl\u00e9s certifi\u00e9s GRS - PERLE IN\",\"isPartOf\":{\"@id\":\"https:\\\/\\\/perle-in.com\\\/#website\"},\"primaryImageOfPage\":{\"@id\":\"https:\\\/\\\/perle-in.com\\\/produit\\\/sac-shopping-ecoseal-non-tisse-de-5-l-en-materiaux-recycles-certifies-grs\\\/#primaryimage\"},\"image\":{\"@id\":\"https:\\\/\\\/perle-in.com\\\/produit\\\/sac-shopping-ecoseal-non-tisse-de-5-l-en-materiaux-recycles-certifies-grs\\\/#primaryimage\"},\"thumbnailUrl\":\"https:\\\/\\\/perle-in.com\\\/wp-content\\\/uploads\\\/2025\\\/10\\\/13010301-1.jpg\",\"datePublished\":\"2025-10-16T04:25:17+00:00\",\"dateModified\":\"2025-10-16T04:25:22+00:00\",\"breadcrumb\":{\"@id\":\"https:\\\/\\\/perle-in.com\\\/produit\\\/sac-shopping-ecoseal-non-tisse-de-5-l-en-materiaux-recycles-certifies-grs\\\/#breadcrumb\"},\"inLanguage\":\"en-CA\",\"potentialAction\":[{\"@type\":\"ReadAction\",\"target\":[\"https:\\\/\\\/perle-in.com\\\/produit\\\/sac-shopping-ecoseal-non-tisse-de-5-l-en-materiaux-recycles-certifies-grs\\\/\"]}]},{\"@type\":\"ImageObject\",\"inLanguage\":\"en-CA\",\"@id\":\"https:\\\/\\\/perle-in.com\\\/produit\\\/sac-shopping-ecoseal-non-tisse-de-5-l-en-materiaux-recycles-certifies-grs\\\/#primaryimage\",\"url\":\"https:\\\/\\\/perle-in.com\\\/wp-content\\\/uploads\\\/2025\\\/10\\\/13010301-1.jpg\",\"contentUrl\":\"https:\\\/\\\/perle-in.com\\\/wp-content\\\/uploads\\\/2025\\\/10\\\/13010301-1.jpg\",\"width\":1600,\"height\":1600},{\"@type\":\"BreadcrumbList\",\"@id\":\"https:\\\/\\\/perle-in.com\\\/produit\\\/sac-shopping-ecoseal-non-tisse-de-5-l-en-materiaux-recycles-certifies-grs\\\/#breadcrumb\",\"itemListElement\":[{\"@type\":\"ListItem\",\"position\":1,\"name\":\"Accueil\",\"item\":\"https:\\\/\\\/perle-in.com\\\/\"},{\"@type\":\"ListItem\",\"position\":2,\"name\":\"Boutique\",\"item\":\"https:\\\/\\\/perle-in.com\\\/boutique\\\/\"},{\"@type\":\"ListItem\",\"position\":3,\"name\":\"Sac shopping EcoSeal non tiss\u00e9 de 5\u00a0L en mat\u00e9riaux recycl\u00e9s certifi\u00e9s GRS\"}]},{\"@type\":\"WebSite\",\"@id\":\"https:\\\/\\\/perle-in.com\\\/#website\",\"url\":\"https:\\\/\\\/perle-in.com\\\/\",\"name\":\"PERLE IN\",\"description\":\"\",\"publisher\":{\"@id\":\"https:\\\/\\\/perle-in.com\\\/#organization\"},\"potentialAction\":[{\"@type\":\"SearchAction\",\"target\":{\"@type\":\"EntryPoint\",\"urlTemplate\":\"https:\\\/\\\/perle-in.com\\\/?s={search_term_string}\"},\"query-input\":{\"@type\":\"PropertyValueSpecification\",\"valueRequired\":true,\"valueName\":\"search_term_string\"}}],\"inLanguage\":\"en-CA\"},{\"@type\":\"Organization\",\"@id\":\"https:\\\/\\\/perle-in.com\\\/#organization\",\"name\":\"PERLE IN\",\"url\":\"https:\\\/\\\/perle-in.com\\\/\",\"logo\":{\"@type\":\"ImageObject\",\"inLanguage\":\"en-CA\",\"@id\":\"https:\\\/\\\/perle-in.com\\\/#\\\/schema\\\/logo\\\/image\\\/\",\"url\":\"https:\\\/\\\/perle-in.com\\\/wp-content\\\/uploads\\\/2022\\\/12\\\/LOGO-PERLE-IN-COULEUR@3x.webp\",\"contentUrl\":\"https:\\\/\\\/perle-in.com\\\/wp-content\\\/uploads\\\/2022\\\/12\\\/LOGO-PERLE-IN-COULEUR@3x.webp\",\"width\":1600,\"height\":490,\"caption\":\"PERLE IN\"},\"image\":{\"@id\":\"https:\\\/\\\/perle-in.com\\\/#\\\/schema\\\/logo\\\/image\\\/\"}}]}<\/script>\n<!-- \/ Yoast SEO plugin. -->","yoast_head_json":{"title":"Sac shopping EcoSeal non tiss\u00e9 de 5\u00a0L en mat\u00e9riaux recycl\u00e9s certifi\u00e9s GRS - PERLE IN","robots":{"index":"noindex","follow":"follow","max-snippet":"max-snippet:-1","max-image-preview":"max-image-preview:large","max-video-preview":"max-video-preview:-1"},"og_locale":"en_US","og_type":"article","og_title":"Sac shopping EcoSeal non tiss\u00e9 de 5\u00a0L en mat\u00e9riaux recycl\u00e9s certifi\u00e9s GRS - PERLE IN","og_description":"Fabriqu\u00e9 en RPET durable et r\u00e9sistant \u00e0 la d\u00e9chirure, le sac shopping EcoSeal certifi\u00e9 GRS se caract\u00e9rise par une construction thermoscell\u00e9e par ultrasons et des poign\u00e9es d\u00e9coup\u00e9es. Il ne comporte pas de coutures et est \u00e0 la fois l\u00e9ger et r\u00e9sistant. Parfait pour les essentiels quotidiens, les \u00e9v\u00e9nements ou les courses de tous les jours. Capacit\u00e9 de charge maximale de 3 kg. Capacit\u00e9\u00a0: 5\u00a0litres.","og_url":"https:\/\/perle-in.com\/en\/product\/sac-shopping-ecoseal-non-tisse-de-5-l-en-materiaux-recycles-certifies-grs\/","og_site_name":"PERLE IN","article_modified_time":"2025-10-16T04:25:22+00:00","og_image":[{"width":1600,"height":1600,"url":"https:\/\/perle-in.com\/wp-content\/uploads\/2025\/10\/13010301-1.jpg","type":"image\/jpeg"}],"twitter_card":"summary_large_image","schema":{"@context":"https:\/\/schema.org","@graph":[{"@type":"WebPage","@id":"https:\/\/perle-in.com\/produit\/sac-shopping-ecoseal-non-tisse-de-5-l-en-materiaux-recycles-certifies-grs\/","url":"https:\/\/perle-in.com\/produit\/sac-shopping-ecoseal-non-tisse-de-5-l-en-materiaux-recycles-certifies-grs\/","name":"Sac shopping EcoSeal non tiss\u00e9 de 5\u00a0L en mat\u00e9riaux recycl\u00e9s certifi\u00e9s GRS - PERLE IN","isPartOf":{"@id":"https:\/\/perle-in.com\/#website"},"primaryImageOfPage":{"@id":"https:\/\/perle-in.com\/produit\/sac-shopping-ecoseal-non-tisse-de-5-l-en-materiaux-recycles-certifies-grs\/#primaryimage"},"image":{"@id":"https:\/\/perle-in.com\/produit\/sac-shopping-ecoseal-non-tisse-de-5-l-en-materiaux-recycles-certifies-grs\/#primaryimage"},"thumbnailUrl":"https:\/\/perle-in.com\/wp-content\/uploads\/2025\/10\/13010301-1.jpg","datePublished":"2025-10-16T04:25:17+00:00","dateModified":"2025-10-16T04:25:22+00:00","breadcrumb":{"@id":"https:\/\/perle-in.com\/produit\/sac-shopping-ecoseal-non-tisse-de-5-l-en-materiaux-recycles-certifies-grs\/#breadcrumb"},"inLanguage":"en-CA","potentialAction":[{"@type":"ReadAction","target":["https:\/\/perle-in.com\/produit\/sac-shopping-ecoseal-non-tisse-de-5-l-en-materiaux-recycles-certifies-grs\/"]}]},{"@type":"ImageObject","inLanguage":"en-CA","@id":"https:\/\/perle-in.com\/produit\/sac-shopping-ecoseal-non-tisse-de-5-l-en-materiaux-recycles-certifies-grs\/#primaryimage","url":"https:\/\/perle-in.com\/wp-content\/uploads\/2025\/10\/13010301-1.jpg","contentUrl":"https:\/\/perle-in.com\/wp-content\/uploads\/2025\/10\/13010301-1.jpg","width":1600,"height":1600},{"@type":"BreadcrumbList","@id":"https:\/\/perle-in.com\/produit\/sac-shopping-ecoseal-non-tisse-de-5-l-en-materiaux-recycles-certifies-grs\/#breadcrumb","itemListElement":[{"@type":"ListItem","position":1,"name":"Accueil","item":"https:\/\/perle-in.com\/"},{"@type":"ListItem","position":2,"name":"Boutique","item":"https:\/\/perle-in.com\/boutique\/"},{"@type":"ListItem","position":3,"name":"Sac shopping EcoSeal non tiss\u00e9 de 5\u00a0L en mat\u00e9riaux recycl\u00e9s certifi\u00e9s GRS"}]},{"@type":"WebSite","@id":"https:\/\/perle-in.com\/#website","url":"https:\/\/perle-in.com\/","name":"PERLE IN","description":"","publisher":{"@id":"https:\/\/perle-in.com\/#organization"},"potentialAction":[{"@type":"SearchAction","target":{"@type":"EntryPoint","urlTemplate":"https:\/\/perle-in.com\/?s={search_term_string}"},"query-input":{"@type":"PropertyValueSpecification","valueRequired":true,"valueName":"search_term_string"}}],"inLanguage":"en-CA"},{"@type":"Organization","@id":"https:\/\/perle-in.com\/#organization","name":"PERLE IN","url":"https:\/\/perle-in.com\/","logo":{"@type":"ImageObject","inLanguage":"en-CA","@id":"https:\/\/perle-in.com\/#\/schema\/logo\/image\/","url":"https:\/\/perle-in.com\/wp-content\/uploads\/2022\/12\/LOGO-PERLE-IN-COULEUR@3x.webp","contentUrl":"https:\/\/perle-in.com\/wp-content\/uploads\/2022\/12\/LOGO-PERLE-IN-COULEUR@3x.webp","width":1600,"height":490,"caption":"PERLE IN"},"image":{"@id":"https:\/\/perle-in.com\/#\/schema\/logo\/image\/"}}]}},"jetpack_sharing_enabled":true,"_links":{"self":[{"href":"https:\/\/perle-in.com\/en\/wp-json\/wp\/v2\/product\/576428","targetHints":{"allow":["GET"]}}],"collection":[{"href":"https:\/\/perle-in.com\/en\/wp-json\/wp\/v2\/product"}],"about":[{"href":"https:\/\/perle-in.com\/en\/wp-json\/wp\/v2\/types\/product"}],"version-history":[{"count":0,"href":"https:\/\/perle-in.com\/en\/wp-json\/wp\/v2\/product\/576428\/revisions"}],"wp:featuredmedia":[{"embeddable":true,"href":"https:\/\/perle-in.com\/en\/wp-json\/wp\/v2\/media\/576416"}],"wp:attachment":[{"href":"https:\/\/perle-in.com\/en\/wp-json\/wp\/v2\/media?parent=576428"}],"wp:term":[{"taxonomy":"product_brand","embeddable":true,"href":"https:\/\/perle-in.com\/en\/wp-json\/wp\/v2\/product_brand?post=576428"},{"taxonomy":"product_cat","embeddable":true,"href":"https:\/\/perle-in.com\/en\/wp-json\/wp\/v2\/product_cat?post=576428"},{"taxonomy":"product_tag","embeddable":true,"href":"https:\/\/perle-in.com\/en\/wp-json\/wp\/v2\/product_tag?post=576428"}],"curies":[{"name":"wp","href":"https:\/\/api.w.org\/{rel}","templated":true}]}}