{"id":576397,"date":"2025-10-16T06:22:12","date_gmt":"2025-10-16T04:22:12","guid":{"rendered":"https:\/\/perle-in.com\/produit\/sac-dhydratation-nomad-en-materiaux-recycles-certifies-grs-de-6-l\/"},"modified":"2025-10-16T06:22:15","modified_gmt":"2025-10-16T04:22:15","slug":"sac-dhydratation-nomad-en-materiaux-recycles-certifies-grs-de-6-l","status":"publish","type":"product","link":"https:\/\/perle-in.com\/en\/product\/sac-dhydratation-nomad-en-materiaux-recycles-certifies-grs-de-6-l\/","title":{"rendered":"Sac d\u2019hydratation Nomad en mat\u00e9riaux recycl\u00e9s certifi\u00e9s GRS de 6\u00a0L"},"content":{"rendered":"","protected":false},"excerpt":{"rendered":"<p>Le sac bandouli\u00e8re d\u2019hydratation Nomad est fabriqu\u00e9 en tissu ripstop recycl\u00e9 certifi\u00e9 GRS avec une finition d\u00e9perlante, une doublure en RPET certifi\u00e9e GRS et des \u00e9l\u00e9ments r\u00e9fl\u00e9chissants. Il est con\u00e7u pour les randonn\u00e9es sportives, le fast hiking, le trail, les courses majeures ou toute autre activit\u00e9 n\u00e9cessitant de transporter de l\u2019eau et des effets essentiels sans encombrement suppl\u00e9mentaire. Le sac comprend un compartiment principal zipp\u00e9 avec une poche int\u00e9rieure, une poche frontale en filet avec un cordon \u00e9lastique pour maintenir une bouteille d\u2019eau en toute s\u00e9curit\u00e9, ainsi qu\u2019une grande poche \u00e0 acc\u00e8s rapide au dos pour votre t\u00e9l\u00e9phone ou d\u2019autres petits objets. La sangle r\u00e9glable et le dos en maille respirante assurent un grand confort. Capacit\u00e9\u00a0: 6\u00a0litres.<\/p>","protected":false},"featured_media":576386,"template":"","meta":{"_eb_attr":""},"product_brand":[],"product_cat":[232,129],"product_tag":[3016,4074,3920,274,3898,4075,1143,282,3383],"class_list":{"0":"post-576397","1":"product","2":"type-product","3":"status-publish","4":"has-post-thumbnail","6":"product_cat-articles-de-fitness-et-de-sport","7":"product_cat-sport-et-loisirs","8":"product_tag-bandouliere","9":"product_tag-cross-body","10":"product_tag-crossbody","11":"product_tag-eau","12":"product_tag-hydratation","13":"product_tag-rando","14":"product_tag-randonnee","15":"product_tag-sac","16":"product_tag-sac-bandouliere","17":"pa_couleurs-gres","18":"pa_couleurs-marine","19":"pa_couleurs-noir","20":"pa_green-points-2652","21":"pa_matiere-ripstop-polyester-recycle-certifie-grs-420d","23":"first","24":"instock","25":"shipping-taxable","26":"purchasable","27":"product-type-variable"},"yoast_head":"<!-- This site is optimized with the Yoast SEO plugin v27.4 - https:\/\/yoast.com\/product\/yoast-seo-wordpress\/ -->\n<title>Sac d\u2019hydratation Nomad en mat\u00e9riaux recycl\u00e9s certifi\u00e9s GRS de 6\u00a0L - PERLE IN<\/title>\n<meta name=\"robots\" content=\"noindex, follow, max-snippet:-1, max-image-preview:large, max-video-preview:-1\" \/>\n<meta property=\"og:locale\" content=\"en_US\" \/>\n<meta property=\"og:type\" content=\"article\" \/>\n<meta property=\"og:title\" content=\"Sac d\u2019hydratation Nomad en mat\u00e9riaux recycl\u00e9s certifi\u00e9s GRS de 6\u00a0L - PERLE IN\" \/>\n<meta property=\"og:description\" content=\"Le sac bandouli\u00e8re d\u2019hydratation Nomad est fabriqu\u00e9 en tissu ripstop recycl\u00e9 certifi\u00e9 GRS avec une finition d\u00e9perlante, une doublure en RPET certifi\u00e9e GRS et des \u00e9l\u00e9ments r\u00e9fl\u00e9chissants. Il est con\u00e7u pour les randonn\u00e9es sportives, le fast hiking, le trail, les courses majeures ou toute autre activit\u00e9 n\u00e9cessitant de transporter de l\u2019eau et des effets essentiels sans encombrement suppl\u00e9mentaire. Le sac comprend un compartiment principal zipp\u00e9 avec une poche int\u00e9rieure, une poche frontale en filet avec un cordon \u00e9lastique pour maintenir une bouteille d\u2019eau en toute s\u00e9curit\u00e9, ainsi qu\u2019une grande poche \u00e0 acc\u00e8s rapide au dos pour votre t\u00e9l\u00e9phone ou d\u2019autres petits objets. La sangle r\u00e9glable et le dos en maille respirante assurent un grand confort. Capacit\u00e9\u00a0: 6\u00a0litres.\" \/>\n<meta property=\"og:url\" content=\"https:\/\/perle-in.com\/en\/product\/sac-dhydratation-nomad-en-materiaux-recycles-certifies-grs-de-6-l\/\" \/>\n<meta property=\"og:site_name\" content=\"PERLE IN\" \/>\n<meta property=\"article:modified_time\" content=\"2025-10-16T04:22:15+00:00\" \/>\n<meta property=\"og:image\" content=\"https:\/\/perle-in.com\/wp-content\/uploads\/2025\/10\/13010132-1.jpg\" \/>\n\t<meta property=\"og:image:width\" content=\"1600\" \/>\n\t<meta property=\"og:image:height\" content=\"1600\" \/>\n\t<meta property=\"og:image:type\" content=\"image\/jpeg\" \/>\n<meta name=\"twitter:card\" content=\"summary_large_image\" \/>\n<script type=\"application\/ld+json\" class=\"yoast-schema-graph\">{\"@context\":\"https:\\\/\\\/schema.org\",\"@graph\":[{\"@type\":\"WebPage\",\"@id\":\"https:\\\/\\\/perle-in.com\\\/produit\\\/sac-dhydratation-nomad-en-materiaux-recycles-certifies-grs-de-6-l\\\/\",\"url\":\"https:\\\/\\\/perle-in.com\\\/produit\\\/sac-dhydratation-nomad-en-materiaux-recycles-certifies-grs-de-6-l\\\/\",\"name\":\"Sac d\u2019hydratation Nomad en mat\u00e9riaux recycl\u00e9s certifi\u00e9s GRS de 6\u00a0L - PERLE IN\",\"isPartOf\":{\"@id\":\"https:\\\/\\\/perle-in.com\\\/#website\"},\"primaryImageOfPage\":{\"@id\":\"https:\\\/\\\/perle-in.com\\\/produit\\\/sac-dhydratation-nomad-en-materiaux-recycles-certifies-grs-de-6-l\\\/#primaryimage\"},\"image\":{\"@id\":\"https:\\\/\\\/perle-in.com\\\/produit\\\/sac-dhydratation-nomad-en-materiaux-recycles-certifies-grs-de-6-l\\\/#primaryimage\"},\"thumbnailUrl\":\"https:\\\/\\\/perle-in.com\\\/wp-content\\\/uploads\\\/2025\\\/10\\\/13010132-1.jpg\",\"datePublished\":\"2025-10-16T04:22:12+00:00\",\"dateModified\":\"2025-10-16T04:22:15+00:00\",\"breadcrumb\":{\"@id\":\"https:\\\/\\\/perle-in.com\\\/produit\\\/sac-dhydratation-nomad-en-materiaux-recycles-certifies-grs-de-6-l\\\/#breadcrumb\"},\"inLanguage\":\"en-CA\",\"potentialAction\":[{\"@type\":\"ReadAction\",\"target\":[\"https:\\\/\\\/perle-in.com\\\/produit\\\/sac-dhydratation-nomad-en-materiaux-recycles-certifies-grs-de-6-l\\\/\"]}]},{\"@type\":\"ImageObject\",\"inLanguage\":\"en-CA\",\"@id\":\"https:\\\/\\\/perle-in.com\\\/produit\\\/sac-dhydratation-nomad-en-materiaux-recycles-certifies-grs-de-6-l\\\/#primaryimage\",\"url\":\"https:\\\/\\\/perle-in.com\\\/wp-content\\\/uploads\\\/2025\\\/10\\\/13010132-1.jpg\",\"contentUrl\":\"https:\\\/\\\/perle-in.com\\\/wp-content\\\/uploads\\\/2025\\\/10\\\/13010132-1.jpg\",\"width\":1600,\"height\":1600},{\"@type\":\"BreadcrumbList\",\"@id\":\"https:\\\/\\\/perle-in.com\\\/produit\\\/sac-dhydratation-nomad-en-materiaux-recycles-certifies-grs-de-6-l\\\/#breadcrumb\",\"itemListElement\":[{\"@type\":\"ListItem\",\"position\":1,\"name\":\"Accueil\",\"item\":\"https:\\\/\\\/perle-in.com\\\/\"},{\"@type\":\"ListItem\",\"position\":2,\"name\":\"Boutique\",\"item\":\"https:\\\/\\\/perle-in.com\\\/boutique\\\/\"},{\"@type\":\"ListItem\",\"position\":3,\"name\":\"Sac d\u2019hydratation Nomad en mat\u00e9riaux recycl\u00e9s certifi\u00e9s GRS de 6\u00a0L\"}]},{\"@type\":\"WebSite\",\"@id\":\"https:\\\/\\\/perle-in.com\\\/#website\",\"url\":\"https:\\\/\\\/perle-in.com\\\/\",\"name\":\"PERLE IN\",\"description\":\"\",\"publisher\":{\"@id\":\"https:\\\/\\\/perle-in.com\\\/#organization\"},\"potentialAction\":[{\"@type\":\"SearchAction\",\"target\":{\"@type\":\"EntryPoint\",\"urlTemplate\":\"https:\\\/\\\/perle-in.com\\\/?s={search_term_string}\"},\"query-input\":{\"@type\":\"PropertyValueSpecification\",\"valueRequired\":true,\"valueName\":\"search_term_string\"}}],\"inLanguage\":\"en-CA\"},{\"@type\":\"Organization\",\"@id\":\"https:\\\/\\\/perle-in.com\\\/#organization\",\"name\":\"PERLE IN\",\"url\":\"https:\\\/\\\/perle-in.com\\\/\",\"logo\":{\"@type\":\"ImageObject\",\"inLanguage\":\"en-CA\",\"@id\":\"https:\\\/\\\/perle-in.com\\\/#\\\/schema\\\/logo\\\/image\\\/\",\"url\":\"https:\\\/\\\/perle-in.com\\\/wp-content\\\/uploads\\\/2022\\\/12\\\/LOGO-PERLE-IN-COULEUR@3x.webp\",\"contentUrl\":\"https:\\\/\\\/perle-in.com\\\/wp-content\\\/uploads\\\/2022\\\/12\\\/LOGO-PERLE-IN-COULEUR@3x.webp\",\"width\":1600,\"height\":490,\"caption\":\"PERLE IN\"},\"image\":{\"@id\":\"https:\\\/\\\/perle-in.com\\\/#\\\/schema\\\/logo\\\/image\\\/\"}}]}<\/script>\n<!-- \/ Yoast SEO plugin. -->","yoast_head_json":{"title":"Sac d\u2019hydratation Nomad en mat\u00e9riaux recycl\u00e9s certifi\u00e9s GRS de 6\u00a0L - PERLE IN","robots":{"index":"noindex","follow":"follow","max-snippet":"max-snippet:-1","max-image-preview":"max-image-preview:large","max-video-preview":"max-video-preview:-1"},"og_locale":"en_US","og_type":"article","og_title":"Sac d\u2019hydratation Nomad en mat\u00e9riaux recycl\u00e9s certifi\u00e9s GRS de 6\u00a0L - PERLE IN","og_description":"Le sac bandouli\u00e8re d\u2019hydratation Nomad est fabriqu\u00e9 en tissu ripstop recycl\u00e9 certifi\u00e9 GRS avec une finition d\u00e9perlante, une doublure en RPET certifi\u00e9e GRS et des \u00e9l\u00e9ments r\u00e9fl\u00e9chissants. Il est con\u00e7u pour les randonn\u00e9es sportives, le fast hiking, le trail, les courses majeures ou toute autre activit\u00e9 n\u00e9cessitant de transporter de l\u2019eau et des effets essentiels sans encombrement suppl\u00e9mentaire. Le sac comprend un compartiment principal zipp\u00e9 avec une poche int\u00e9rieure, une poche frontale en filet avec un cordon \u00e9lastique pour maintenir une bouteille d\u2019eau en toute s\u00e9curit\u00e9, ainsi qu\u2019une grande poche \u00e0 acc\u00e8s rapide au dos pour votre t\u00e9l\u00e9phone ou d\u2019autres petits objets. La sangle r\u00e9glable et le dos en maille respirante assurent un grand confort. Capacit\u00e9\u00a0: 6\u00a0litres.","og_url":"https:\/\/perle-in.com\/en\/product\/sac-dhydratation-nomad-en-materiaux-recycles-certifies-grs-de-6-l\/","og_site_name":"PERLE IN","article_modified_time":"2025-10-16T04:22:15+00:00","og_image":[{"width":1600,"height":1600,"url":"https:\/\/perle-in.com\/wp-content\/uploads\/2025\/10\/13010132-1.jpg","type":"image\/jpeg"}],"twitter_card":"summary_large_image","schema":{"@context":"https:\/\/schema.org","@graph":[{"@type":"WebPage","@id":"https:\/\/perle-in.com\/produit\/sac-dhydratation-nomad-en-materiaux-recycles-certifies-grs-de-6-l\/","url":"https:\/\/perle-in.com\/produit\/sac-dhydratation-nomad-en-materiaux-recycles-certifies-grs-de-6-l\/","name":"Sac d\u2019hydratation Nomad en mat\u00e9riaux recycl\u00e9s certifi\u00e9s GRS de 6\u00a0L - PERLE IN","isPartOf":{"@id":"https:\/\/perle-in.com\/#website"},"primaryImageOfPage":{"@id":"https:\/\/perle-in.com\/produit\/sac-dhydratation-nomad-en-materiaux-recycles-certifies-grs-de-6-l\/#primaryimage"},"image":{"@id":"https:\/\/perle-in.com\/produit\/sac-dhydratation-nomad-en-materiaux-recycles-certifies-grs-de-6-l\/#primaryimage"},"thumbnailUrl":"https:\/\/perle-in.com\/wp-content\/uploads\/2025\/10\/13010132-1.jpg","datePublished":"2025-10-16T04:22:12+00:00","dateModified":"2025-10-16T04:22:15+00:00","breadcrumb":{"@id":"https:\/\/perle-in.com\/produit\/sac-dhydratation-nomad-en-materiaux-recycles-certifies-grs-de-6-l\/#breadcrumb"},"inLanguage":"en-CA","potentialAction":[{"@type":"ReadAction","target":["https:\/\/perle-in.com\/produit\/sac-dhydratation-nomad-en-materiaux-recycles-certifies-grs-de-6-l\/"]}]},{"@type":"ImageObject","inLanguage":"en-CA","@id":"https:\/\/perle-in.com\/produit\/sac-dhydratation-nomad-en-materiaux-recycles-certifies-grs-de-6-l\/#primaryimage","url":"https:\/\/perle-in.com\/wp-content\/uploads\/2025\/10\/13010132-1.jpg","contentUrl":"https:\/\/perle-in.com\/wp-content\/uploads\/2025\/10\/13010132-1.jpg","width":1600,"height":1600},{"@type":"BreadcrumbList","@id":"https:\/\/perle-in.com\/produit\/sac-dhydratation-nomad-en-materiaux-recycles-certifies-grs-de-6-l\/#breadcrumb","itemListElement":[{"@type":"ListItem","position":1,"name":"Accueil","item":"https:\/\/perle-in.com\/"},{"@type":"ListItem","position":2,"name":"Boutique","item":"https:\/\/perle-in.com\/boutique\/"},{"@type":"ListItem","position":3,"name":"Sac d\u2019hydratation Nomad en mat\u00e9riaux recycl\u00e9s certifi\u00e9s GRS de 6\u00a0L"}]},{"@type":"WebSite","@id":"https:\/\/perle-in.com\/#website","url":"https:\/\/perle-in.com\/","name":"PERLE IN","description":"","publisher":{"@id":"https:\/\/perle-in.com\/#organization"},"potentialAction":[{"@type":"SearchAction","target":{"@type":"EntryPoint","urlTemplate":"https:\/\/perle-in.com\/?s={search_term_string}"},"query-input":{"@type":"PropertyValueSpecification","valueRequired":true,"valueName":"search_term_string"}}],"inLanguage":"en-CA"},{"@type":"Organization","@id":"https:\/\/perle-in.com\/#organization","name":"PERLE IN","url":"https:\/\/perle-in.com\/","logo":{"@type":"ImageObject","inLanguage":"en-CA","@id":"https:\/\/perle-in.com\/#\/schema\/logo\/image\/","url":"https:\/\/perle-in.com\/wp-content\/uploads\/2022\/12\/LOGO-PERLE-IN-COULEUR@3x.webp","contentUrl":"https:\/\/perle-in.com\/wp-content\/uploads\/2022\/12\/LOGO-PERLE-IN-COULEUR@3x.webp","width":1600,"height":490,"caption":"PERLE IN"},"image":{"@id":"https:\/\/perle-in.com\/#\/schema\/logo\/image\/"}}]}},"jetpack_sharing_enabled":true,"_links":{"self":[{"href":"https:\/\/perle-in.com\/en\/wp-json\/wp\/v2\/product\/576397","targetHints":{"allow":["GET"]}}],"collection":[{"href":"https:\/\/perle-in.com\/en\/wp-json\/wp\/v2\/product"}],"about":[{"href":"https:\/\/perle-in.com\/en\/wp-json\/wp\/v2\/types\/product"}],"version-history":[{"count":0,"href":"https:\/\/perle-in.com\/en\/wp-json\/wp\/v2\/product\/576397\/revisions"}],"wp:featuredmedia":[{"embeddable":true,"href":"https:\/\/perle-in.com\/en\/wp-json\/wp\/v2\/media\/576386"}],"wp:attachment":[{"href":"https:\/\/perle-in.com\/en\/wp-json\/wp\/v2\/media?parent=576397"}],"wp:term":[{"taxonomy":"product_brand","embeddable":true,"href":"https:\/\/perle-in.com\/en\/wp-json\/wp\/v2\/product_brand?post=576397"},{"taxonomy":"product_cat","embeddable":true,"href":"https:\/\/perle-in.com\/en\/wp-json\/wp\/v2\/product_cat?post=576397"},{"taxonomy":"product_tag","embeddable":true,"href":"https:\/\/perle-in.com\/en\/wp-json\/wp\/v2\/product_tag?post=576397"}],"curies":[{"name":"wp","href":"https:\/\/api.w.org\/{rel}","templated":true}]}}