{"id":576367,"date":"2025-10-16T06:19:40","date_gmt":"2025-10-16T04:19:40","guid":{"rendered":"https:\/\/perle-in.com\/produit\/sac-de-sport-nomad-a-cordon-en-materiaux-recycles-certifies-grs-avec-compartiment-inferieur-de-18-l\/"},"modified":"2025-10-16T06:19:43","modified_gmt":"2025-10-16T04:19:43","slug":"sac-de-sport-nomad-a-cordon-en-materiaux-recycles-certifies-grs-avec-compartiment-inferieur-de-18-l","status":"publish","type":"product","link":"https:\/\/perle-in.com\/en\/product\/sac-de-sport-nomad-a-cordon-en-materiaux-recycles-certifies-grs-avec-compartiment-inferieur-de-18-l\/","title":{"rendered":"Sac de sport Nomad \u00e0 cordon en mat\u00e9riaux recycl\u00e9s certifi\u00e9s GRS avec compartiment inf\u00e9rieur de 18\u00a0L"},"content":{"rendered":"","protected":false},"excerpt":{"rendered":"<p>Le sac de sport \u00e0 cordon Nomad est fabriqu\u00e9 en tissu ripstop recycl\u00e9 certifi\u00e9 GRS avec une finition d\u00e9perlante, une doublure en RPET certifi\u00e9e GRS et des \u00e9l\u00e9ments r\u00e9fl\u00e9chissants. Il est con\u00e7u pour les personnes actives et convient aux s\u00e9ances d\u2019exercice quotidiennes et aux activit\u00e9s sportives. Le sac est dot\u00e9 d\u2019un compartiment principal spacieux qui peut contenir des v\u00eatements, une serviette ou m\u00eame un ballon de basket. Le compartiment inf\u00e9rieur s\u00e9par\u00e9 permet de ranger les chaussures ou les v\u00eatements usag\u00e9s \u00e0 l\u2019\u00e9cart des autres articles. Il comprend \u00e9galement deux poches lat\u00e9rales en filet avec des d\u00e9tails r\u00e9fl\u00e9chissants, une poche cach\u00e9e zipp\u00e9e pour les objets de valeur et des bretelles r\u00e9glable pour un port confortable.<\/p>","protected":false},"featured_media":576357,"template":"","meta":{"_eb_attr":""},"product_brand":[],"product_cat":[159,956],"product_tag":[423,837,3373,952,754,2654,755,836,282,203],"class_list":{"0":"post-576367","1":"product","2":"type-product","3":"status-publish","4":"has-post-thumbnail","6":"product_cat-sacs","7":"product_cat-sacs-a-dos-ficelle","8":"product_tag-cordon","9":"product_tag-durable","10":"product_tag-ecole","11":"product_tag-entrainement","12":"product_tag-exercice","13":"product_tag-grs","14":"product_tag-gym","15":"product_tag-recycle","16":"product_tag-sac","17":"product_tag-sport","18":"pa_couleurs-gres","19":"pa_couleurs-marine","20":"pa_couleurs-noir","21":"pa_green-points-2652","22":"pa_matiere-ripstop-polyester-recycle-certifie-grs-420d","24":"first","25":"instock","26":"shipping-taxable","27":"purchasable","28":"product-type-variable"},"yoast_head":"<!-- This site is optimized with the Yoast SEO plugin v27.4 - https:\/\/yoast.com\/product\/yoast-seo-wordpress\/ -->\n<title>Sac de sport Nomad \u00e0 cordon en mat\u00e9riaux recycl\u00e9s certifi\u00e9s GRS avec compartiment inf\u00e9rieur de 18\u00a0L - PERLE IN<\/title>\n<meta name=\"robots\" content=\"noindex, follow, max-snippet:-1, max-image-preview:large, max-video-preview:-1\" \/>\n<meta property=\"og:locale\" content=\"en_US\" \/>\n<meta property=\"og:type\" content=\"article\" \/>\n<meta property=\"og:title\" content=\"Sac de sport Nomad \u00e0 cordon en mat\u00e9riaux recycl\u00e9s certifi\u00e9s GRS avec compartiment inf\u00e9rieur de 18\u00a0L - PERLE IN\" \/>\n<meta property=\"og:description\" content=\"Le sac de sport \u00e0 cordon Nomad est fabriqu\u00e9 en tissu ripstop recycl\u00e9 certifi\u00e9 GRS avec une finition d\u00e9perlante, une doublure en RPET certifi\u00e9e GRS et des \u00e9l\u00e9ments r\u00e9fl\u00e9chissants. Il est con\u00e7u pour les personnes actives et convient aux s\u00e9ances d\u2019exercice quotidiennes et aux activit\u00e9s sportives. Le sac est dot\u00e9 d\u2019un compartiment principal spacieux qui peut contenir des v\u00eatements, une serviette ou m\u00eame un ballon de basket. Le compartiment inf\u00e9rieur s\u00e9par\u00e9 permet de ranger les chaussures ou les v\u00eatements usag\u00e9s \u00e0 l\u2019\u00e9cart des autres articles. Il comprend \u00e9galement deux poches lat\u00e9rales en filet avec des d\u00e9tails r\u00e9fl\u00e9chissants, une poche cach\u00e9e zipp\u00e9e pour les objets de valeur et des bretelles r\u00e9glable pour un port confortable.\" \/>\n<meta property=\"og:url\" content=\"https:\/\/perle-in.com\/en\/product\/sac-de-sport-nomad-a-cordon-en-materiaux-recycles-certifies-grs-avec-compartiment-inferieur-de-18-l\/\" \/>\n<meta property=\"og:site_name\" content=\"PERLE IN\" \/>\n<meta property=\"article:modified_time\" content=\"2025-10-16T04:19:43+00:00\" \/>\n<meta property=\"og:image\" content=\"https:\/\/perle-in.com\/wp-content\/uploads\/2025\/10\/13009932-1.jpg\" \/>\n\t<meta property=\"og:image:width\" content=\"1600\" \/>\n\t<meta property=\"og:image:height\" content=\"1600\" \/>\n\t<meta property=\"og:image:type\" content=\"image\/jpeg\" \/>\n<meta name=\"twitter:card\" content=\"summary_large_image\" \/>\n<script type=\"application\/ld+json\" class=\"yoast-schema-graph\">{\"@context\":\"https:\\\/\\\/schema.org\",\"@graph\":[{\"@type\":\"WebPage\",\"@id\":\"https:\\\/\\\/perle-in.com\\\/produit\\\/sac-de-sport-nomad-a-cordon-en-materiaux-recycles-certifies-grs-avec-compartiment-inferieur-de-18-l\\\/\",\"url\":\"https:\\\/\\\/perle-in.com\\\/produit\\\/sac-de-sport-nomad-a-cordon-en-materiaux-recycles-certifies-grs-avec-compartiment-inferieur-de-18-l\\\/\",\"name\":\"Sac de sport Nomad \u00e0 cordon en mat\u00e9riaux recycl\u00e9s certifi\u00e9s GRS avec compartiment inf\u00e9rieur de 18\u00a0L - PERLE IN\",\"isPartOf\":{\"@id\":\"https:\\\/\\\/perle-in.com\\\/#website\"},\"primaryImageOfPage\":{\"@id\":\"https:\\\/\\\/perle-in.com\\\/produit\\\/sac-de-sport-nomad-a-cordon-en-materiaux-recycles-certifies-grs-avec-compartiment-inferieur-de-18-l\\\/#primaryimage\"},\"image\":{\"@id\":\"https:\\\/\\\/perle-in.com\\\/produit\\\/sac-de-sport-nomad-a-cordon-en-materiaux-recycles-certifies-grs-avec-compartiment-inferieur-de-18-l\\\/#primaryimage\"},\"thumbnailUrl\":\"https:\\\/\\\/perle-in.com\\\/wp-content\\\/uploads\\\/2025\\\/10\\\/13009932-1.jpg\",\"datePublished\":\"2025-10-16T04:19:40+00:00\",\"dateModified\":\"2025-10-16T04:19:43+00:00\",\"breadcrumb\":{\"@id\":\"https:\\\/\\\/perle-in.com\\\/produit\\\/sac-de-sport-nomad-a-cordon-en-materiaux-recycles-certifies-grs-avec-compartiment-inferieur-de-18-l\\\/#breadcrumb\"},\"inLanguage\":\"en-CA\",\"potentialAction\":[{\"@type\":\"ReadAction\",\"target\":[\"https:\\\/\\\/perle-in.com\\\/produit\\\/sac-de-sport-nomad-a-cordon-en-materiaux-recycles-certifies-grs-avec-compartiment-inferieur-de-18-l\\\/\"]}]},{\"@type\":\"ImageObject\",\"inLanguage\":\"en-CA\",\"@id\":\"https:\\\/\\\/perle-in.com\\\/produit\\\/sac-de-sport-nomad-a-cordon-en-materiaux-recycles-certifies-grs-avec-compartiment-inferieur-de-18-l\\\/#primaryimage\",\"url\":\"https:\\\/\\\/perle-in.com\\\/wp-content\\\/uploads\\\/2025\\\/10\\\/13009932-1.jpg\",\"contentUrl\":\"https:\\\/\\\/perle-in.com\\\/wp-content\\\/uploads\\\/2025\\\/10\\\/13009932-1.jpg\",\"width\":1600,\"height\":1600},{\"@type\":\"BreadcrumbList\",\"@id\":\"https:\\\/\\\/perle-in.com\\\/produit\\\/sac-de-sport-nomad-a-cordon-en-materiaux-recycles-certifies-grs-avec-compartiment-inferieur-de-18-l\\\/#breadcrumb\",\"itemListElement\":[{\"@type\":\"ListItem\",\"position\":1,\"name\":\"Accueil\",\"item\":\"https:\\\/\\\/perle-in.com\\\/\"},{\"@type\":\"ListItem\",\"position\":2,\"name\":\"Boutique\",\"item\":\"https:\\\/\\\/perle-in.com\\\/boutique\\\/\"},{\"@type\":\"ListItem\",\"position\":3,\"name\":\"Sac de sport Nomad \u00e0 cordon en mat\u00e9riaux recycl\u00e9s certifi\u00e9s GRS avec compartiment inf\u00e9rieur de 18\u00a0L\"}]},{\"@type\":\"WebSite\",\"@id\":\"https:\\\/\\\/perle-in.com\\\/#website\",\"url\":\"https:\\\/\\\/perle-in.com\\\/\",\"name\":\"PERLE IN\",\"description\":\"\",\"publisher\":{\"@id\":\"https:\\\/\\\/perle-in.com\\\/#organization\"},\"potentialAction\":[{\"@type\":\"SearchAction\",\"target\":{\"@type\":\"EntryPoint\",\"urlTemplate\":\"https:\\\/\\\/perle-in.com\\\/?s={search_term_string}\"},\"query-input\":{\"@type\":\"PropertyValueSpecification\",\"valueRequired\":true,\"valueName\":\"search_term_string\"}}],\"inLanguage\":\"en-CA\"},{\"@type\":\"Organization\",\"@id\":\"https:\\\/\\\/perle-in.com\\\/#organization\",\"name\":\"PERLE IN\",\"url\":\"https:\\\/\\\/perle-in.com\\\/\",\"logo\":{\"@type\":\"ImageObject\",\"inLanguage\":\"en-CA\",\"@id\":\"https:\\\/\\\/perle-in.com\\\/#\\\/schema\\\/logo\\\/image\\\/\",\"url\":\"https:\\\/\\\/perle-in.com\\\/wp-content\\\/uploads\\\/2022\\\/12\\\/LOGO-PERLE-IN-COULEUR@3x.webp\",\"contentUrl\":\"https:\\\/\\\/perle-in.com\\\/wp-content\\\/uploads\\\/2022\\\/12\\\/LOGO-PERLE-IN-COULEUR@3x.webp\",\"width\":1600,\"height\":490,\"caption\":\"PERLE IN\"},\"image\":{\"@id\":\"https:\\\/\\\/perle-in.com\\\/#\\\/schema\\\/logo\\\/image\\\/\"}}]}<\/script>\n<!-- \/ Yoast SEO plugin. -->","yoast_head_json":{"title":"Sac de sport Nomad \u00e0 cordon en mat\u00e9riaux recycl\u00e9s certifi\u00e9s GRS avec compartiment inf\u00e9rieur de 18\u00a0L - PERLE IN","robots":{"index":"noindex","follow":"follow","max-snippet":"max-snippet:-1","max-image-preview":"max-image-preview:large","max-video-preview":"max-video-preview:-1"},"og_locale":"en_US","og_type":"article","og_title":"Sac de sport Nomad \u00e0 cordon en mat\u00e9riaux recycl\u00e9s certifi\u00e9s GRS avec compartiment inf\u00e9rieur de 18\u00a0L - PERLE IN","og_description":"Le sac de sport \u00e0 cordon Nomad est fabriqu\u00e9 en tissu ripstop recycl\u00e9 certifi\u00e9 GRS avec une finition d\u00e9perlante, une doublure en RPET certifi\u00e9e GRS et des \u00e9l\u00e9ments r\u00e9fl\u00e9chissants. Il est con\u00e7u pour les personnes actives et convient aux s\u00e9ances d\u2019exercice quotidiennes et aux activit\u00e9s sportives. Le sac est dot\u00e9 d\u2019un compartiment principal spacieux qui peut contenir des v\u00eatements, une serviette ou m\u00eame un ballon de basket. Le compartiment inf\u00e9rieur s\u00e9par\u00e9 permet de ranger les chaussures ou les v\u00eatements usag\u00e9s \u00e0 l\u2019\u00e9cart des autres articles. Il comprend \u00e9galement deux poches lat\u00e9rales en filet avec des d\u00e9tails r\u00e9fl\u00e9chissants, une poche cach\u00e9e zipp\u00e9e pour les objets de valeur et des bretelles r\u00e9glable pour un port confortable.","og_url":"https:\/\/perle-in.com\/en\/product\/sac-de-sport-nomad-a-cordon-en-materiaux-recycles-certifies-grs-avec-compartiment-inferieur-de-18-l\/","og_site_name":"PERLE IN","article_modified_time":"2025-10-16T04:19:43+00:00","og_image":[{"width":1600,"height":1600,"url":"https:\/\/perle-in.com\/wp-content\/uploads\/2025\/10\/13009932-1.jpg","type":"image\/jpeg"}],"twitter_card":"summary_large_image","schema":{"@context":"https:\/\/schema.org","@graph":[{"@type":"WebPage","@id":"https:\/\/perle-in.com\/produit\/sac-de-sport-nomad-a-cordon-en-materiaux-recycles-certifies-grs-avec-compartiment-inferieur-de-18-l\/","url":"https:\/\/perle-in.com\/produit\/sac-de-sport-nomad-a-cordon-en-materiaux-recycles-certifies-grs-avec-compartiment-inferieur-de-18-l\/","name":"Sac de sport Nomad \u00e0 cordon en mat\u00e9riaux recycl\u00e9s certifi\u00e9s GRS avec compartiment inf\u00e9rieur de 18\u00a0L - PERLE IN","isPartOf":{"@id":"https:\/\/perle-in.com\/#website"},"primaryImageOfPage":{"@id":"https:\/\/perle-in.com\/produit\/sac-de-sport-nomad-a-cordon-en-materiaux-recycles-certifies-grs-avec-compartiment-inferieur-de-18-l\/#primaryimage"},"image":{"@id":"https:\/\/perle-in.com\/produit\/sac-de-sport-nomad-a-cordon-en-materiaux-recycles-certifies-grs-avec-compartiment-inferieur-de-18-l\/#primaryimage"},"thumbnailUrl":"https:\/\/perle-in.com\/wp-content\/uploads\/2025\/10\/13009932-1.jpg","datePublished":"2025-10-16T04:19:40+00:00","dateModified":"2025-10-16T04:19:43+00:00","breadcrumb":{"@id":"https:\/\/perle-in.com\/produit\/sac-de-sport-nomad-a-cordon-en-materiaux-recycles-certifies-grs-avec-compartiment-inferieur-de-18-l\/#breadcrumb"},"inLanguage":"en-CA","potentialAction":[{"@type":"ReadAction","target":["https:\/\/perle-in.com\/produit\/sac-de-sport-nomad-a-cordon-en-materiaux-recycles-certifies-grs-avec-compartiment-inferieur-de-18-l\/"]}]},{"@type":"ImageObject","inLanguage":"en-CA","@id":"https:\/\/perle-in.com\/produit\/sac-de-sport-nomad-a-cordon-en-materiaux-recycles-certifies-grs-avec-compartiment-inferieur-de-18-l\/#primaryimage","url":"https:\/\/perle-in.com\/wp-content\/uploads\/2025\/10\/13009932-1.jpg","contentUrl":"https:\/\/perle-in.com\/wp-content\/uploads\/2025\/10\/13009932-1.jpg","width":1600,"height":1600},{"@type":"BreadcrumbList","@id":"https:\/\/perle-in.com\/produit\/sac-de-sport-nomad-a-cordon-en-materiaux-recycles-certifies-grs-avec-compartiment-inferieur-de-18-l\/#breadcrumb","itemListElement":[{"@type":"ListItem","position":1,"name":"Accueil","item":"https:\/\/perle-in.com\/"},{"@type":"ListItem","position":2,"name":"Boutique","item":"https:\/\/perle-in.com\/boutique\/"},{"@type":"ListItem","position":3,"name":"Sac de sport Nomad \u00e0 cordon en mat\u00e9riaux recycl\u00e9s certifi\u00e9s GRS avec compartiment inf\u00e9rieur de 18\u00a0L"}]},{"@type":"WebSite","@id":"https:\/\/perle-in.com\/#website","url":"https:\/\/perle-in.com\/","name":"PERLE IN","description":"","publisher":{"@id":"https:\/\/perle-in.com\/#organization"},"potentialAction":[{"@type":"SearchAction","target":{"@type":"EntryPoint","urlTemplate":"https:\/\/perle-in.com\/?s={search_term_string}"},"query-input":{"@type":"PropertyValueSpecification","valueRequired":true,"valueName":"search_term_string"}}],"inLanguage":"en-CA"},{"@type":"Organization","@id":"https:\/\/perle-in.com\/#organization","name":"PERLE IN","url":"https:\/\/perle-in.com\/","logo":{"@type":"ImageObject","inLanguage":"en-CA","@id":"https:\/\/perle-in.com\/#\/schema\/logo\/image\/","url":"https:\/\/perle-in.com\/wp-content\/uploads\/2022\/12\/LOGO-PERLE-IN-COULEUR@3x.webp","contentUrl":"https:\/\/perle-in.com\/wp-content\/uploads\/2022\/12\/LOGO-PERLE-IN-COULEUR@3x.webp","width":1600,"height":490,"caption":"PERLE IN"},"image":{"@id":"https:\/\/perle-in.com\/#\/schema\/logo\/image\/"}}]}},"jetpack_sharing_enabled":true,"_links":{"self":[{"href":"https:\/\/perle-in.com\/en\/wp-json\/wp\/v2\/product\/576367","targetHints":{"allow":["GET"]}}],"collection":[{"href":"https:\/\/perle-in.com\/en\/wp-json\/wp\/v2\/product"}],"about":[{"href":"https:\/\/perle-in.com\/en\/wp-json\/wp\/v2\/types\/product"}],"version-history":[{"count":0,"href":"https:\/\/perle-in.com\/en\/wp-json\/wp\/v2\/product\/576367\/revisions"}],"wp:featuredmedia":[{"embeddable":true,"href":"https:\/\/perle-in.com\/en\/wp-json\/wp\/v2\/media\/576357"}],"wp:attachment":[{"href":"https:\/\/perle-in.com\/en\/wp-json\/wp\/v2\/media?parent=576367"}],"wp:term":[{"taxonomy":"product_brand","embeddable":true,"href":"https:\/\/perle-in.com\/en\/wp-json\/wp\/v2\/product_brand?post=576367"},{"taxonomy":"product_cat","embeddable":true,"href":"https:\/\/perle-in.com\/en\/wp-json\/wp\/v2\/product_cat?post=576367"},{"taxonomy":"product_tag","embeddable":true,"href":"https:\/\/perle-in.com\/en\/wp-json\/wp\/v2\/product_tag?post=576367"}],"curies":[{"name":"wp","href":"https:\/\/api.w.org\/{rel}","templated":true}]}}