{"id":576337,"date":"2025-10-16T06:15:18","date_gmt":"2025-10-16T04:15:18","guid":{"rendered":"https:\/\/perle-in.com\/produit\/boite-repas-doveron-de-500-ml-en-acier-inoxydable-recycle\/"},"modified":"2025-10-16T06:15:22","modified_gmt":"2025-10-16T04:15:22","slug":"boite-repas-doveron-de-500-ml-en-acier-inoxydable-recycle","status":"publish","type":"product","link":"https:\/\/perle-in.com\/en\/product\/boite-repas-doveron-de-500-ml-en-acier-inoxydable-recycle\/","title":{"rendered":"Bo\u00eete-repas Doveron de 500\u00a0ml en acier inoxydable recycl\u00e9"},"content":{"rendered":"","protected":false},"excerpt":{"rendered":"<p>Le pot \u00e0 repas Doveron est fabriqu\u00e9 en acier inoxydable recycl\u00e9, un choix plus durable que les bo\u00eetes repas jetables et en plastique. Il garde les aliments au chaud pendant 8\u00a0heures et au froid pendant 24\u00a0heures. Chaque pot \u00e0 repas est emball\u00e9 dans un sac en poly\u00e9thyl\u00e8ne recycl\u00e9 et dans une bo\u00eete en papier Kraft recycl\u00e9. Cet article ne passe pas au lave-vaisselle ni au micro-ondes. Capacit\u00e9\u00a0: 500\u00a0ml.<\/p>","protected":false},"featured_media":576324,"template":"","meta":{"_eb_attr":""},"product_brand":[],"product_cat":[1232,150],"product_tag":[3372,837,3373,2828,3111,880,4071,836,2728],"class_list":{"0":"post-576337","1":"product","2":"type-product","3":"status-publish","4":"has-post-thumbnail","6":"product_cat-boites-repas","7":"product_cat-maison-et-cuisine","8":"product_tag-boite-a-repas","9":"product_tag-durable","10":"product_tag-ecole","11":"product_tag-lunch","12":"product_tag-lunch-box","13":"product_tag-nourriture","14":"product_tag-pause-lunch","15":"product_tag-recycle","16":"product_tag-repas","17":"pa_couleurs-blanc","18":"pa_couleurs-bleu-glacier","19":"pa_couleurs-noir","20":"pa_couleurs-vert-bruyere","21":"pa_marque-seasons","22":"pa_matiere-80-acier-inoxydable-recycle-20-plastique-pp","24":"first","25":"instock","26":"shipping-taxable","27":"purchasable","28":"product-type-variable"},"yoast_head":"<!-- This site is optimized with the Yoast SEO plugin v27.4 - https:\/\/yoast.com\/product\/yoast-seo-wordpress\/ -->\n<title>Bo\u00eete-repas Doveron de 500\u00a0ml en acier inoxydable recycl\u00e9 - PERLE IN<\/title>\n<meta name=\"robots\" content=\"noindex, follow, max-snippet:-1, max-image-preview:large, max-video-preview:-1\" \/>\n<meta property=\"og:locale\" content=\"en_US\" \/>\n<meta property=\"og:type\" content=\"article\" \/>\n<meta property=\"og:title\" content=\"Bo\u00eete-repas Doveron de 500\u00a0ml en acier inoxydable recycl\u00e9 - PERLE IN\" \/>\n<meta property=\"og:description\" content=\"Le pot \u00e0 repas Doveron est fabriqu\u00e9 en acier inoxydable recycl\u00e9, un choix plus durable que les bo\u00eetes repas jetables et en plastique. Il garde les aliments au chaud pendant 8\u00a0heures et au froid pendant 24\u00a0heures. Chaque pot \u00e0 repas est emball\u00e9 dans un sac en poly\u00e9thyl\u00e8ne recycl\u00e9 et dans une bo\u00eete en papier Kraft recycl\u00e9. Cet article ne passe pas au lave-vaisselle ni au micro-ondes. Capacit\u00e9\u00a0: 500\u00a0ml.\" \/>\n<meta property=\"og:url\" content=\"https:\/\/perle-in.com\/en\/product\/boite-repas-doveron-de-500-ml-en-acier-inoxydable-recycle\/\" \/>\n<meta property=\"og:site_name\" content=\"PERLE IN\" \/>\n<meta property=\"article:modified_time\" content=\"2025-10-16T04:15:22+00:00\" \/>\n<meta property=\"og:image\" content=\"https:\/\/perle-in.com\/wp-content\/uploads\/2025\/10\/11342201-1.jpg\" \/>\n\t<meta property=\"og:image:width\" content=\"1600\" \/>\n\t<meta property=\"og:image:height\" content=\"1600\" \/>\n\t<meta property=\"og:image:type\" content=\"image\/jpeg\" \/>\n<meta name=\"twitter:card\" content=\"summary_large_image\" \/>\n<script type=\"application\/ld+json\" class=\"yoast-schema-graph\">{\"@context\":\"https:\\\/\\\/schema.org\",\"@graph\":[{\"@type\":\"WebPage\",\"@id\":\"https:\\\/\\\/perle-in.com\\\/produit\\\/boite-repas-doveron-de-500-ml-en-acier-inoxydable-recycle\\\/\",\"url\":\"https:\\\/\\\/perle-in.com\\\/produit\\\/boite-repas-doveron-de-500-ml-en-acier-inoxydable-recycle\\\/\",\"name\":\"Bo\u00eete-repas Doveron de 500\u00a0ml en acier inoxydable recycl\u00e9 - PERLE IN\",\"isPartOf\":{\"@id\":\"https:\\\/\\\/perle-in.com\\\/#website\"},\"primaryImageOfPage\":{\"@id\":\"https:\\\/\\\/perle-in.com\\\/produit\\\/boite-repas-doveron-de-500-ml-en-acier-inoxydable-recycle\\\/#primaryimage\"},\"image\":{\"@id\":\"https:\\\/\\\/perle-in.com\\\/produit\\\/boite-repas-doveron-de-500-ml-en-acier-inoxydable-recycle\\\/#primaryimage\"},\"thumbnailUrl\":\"https:\\\/\\\/perle-in.com\\\/wp-content\\\/uploads\\\/2025\\\/10\\\/11342201-1.jpg\",\"datePublished\":\"2025-10-16T04:15:18+00:00\",\"dateModified\":\"2025-10-16T04:15:22+00:00\",\"breadcrumb\":{\"@id\":\"https:\\\/\\\/perle-in.com\\\/produit\\\/boite-repas-doveron-de-500-ml-en-acier-inoxydable-recycle\\\/#breadcrumb\"},\"inLanguage\":\"en-CA\",\"potentialAction\":[{\"@type\":\"ReadAction\",\"target\":[\"https:\\\/\\\/perle-in.com\\\/produit\\\/boite-repas-doveron-de-500-ml-en-acier-inoxydable-recycle\\\/\"]}]},{\"@type\":\"ImageObject\",\"inLanguage\":\"en-CA\",\"@id\":\"https:\\\/\\\/perle-in.com\\\/produit\\\/boite-repas-doveron-de-500-ml-en-acier-inoxydable-recycle\\\/#primaryimage\",\"url\":\"https:\\\/\\\/perle-in.com\\\/wp-content\\\/uploads\\\/2025\\\/10\\\/11342201-1.jpg\",\"contentUrl\":\"https:\\\/\\\/perle-in.com\\\/wp-content\\\/uploads\\\/2025\\\/10\\\/11342201-1.jpg\",\"width\":1600,\"height\":1600},{\"@type\":\"BreadcrumbList\",\"@id\":\"https:\\\/\\\/perle-in.com\\\/produit\\\/boite-repas-doveron-de-500-ml-en-acier-inoxydable-recycle\\\/#breadcrumb\",\"itemListElement\":[{\"@type\":\"ListItem\",\"position\":1,\"name\":\"Accueil\",\"item\":\"https:\\\/\\\/perle-in.com\\\/\"},{\"@type\":\"ListItem\",\"position\":2,\"name\":\"Boutique\",\"item\":\"https:\\\/\\\/perle-in.com\\\/boutique\\\/\"},{\"@type\":\"ListItem\",\"position\":3,\"name\":\"Bo\u00eete-repas Doveron de 500\u00a0ml en acier inoxydable recycl\u00e9\"}]},{\"@type\":\"WebSite\",\"@id\":\"https:\\\/\\\/perle-in.com\\\/#website\",\"url\":\"https:\\\/\\\/perle-in.com\\\/\",\"name\":\"PERLE IN\",\"description\":\"\",\"publisher\":{\"@id\":\"https:\\\/\\\/perle-in.com\\\/#organization\"},\"potentialAction\":[{\"@type\":\"SearchAction\",\"target\":{\"@type\":\"EntryPoint\",\"urlTemplate\":\"https:\\\/\\\/perle-in.com\\\/?s={search_term_string}\"},\"query-input\":{\"@type\":\"PropertyValueSpecification\",\"valueRequired\":true,\"valueName\":\"search_term_string\"}}],\"inLanguage\":\"en-CA\"},{\"@type\":\"Organization\",\"@id\":\"https:\\\/\\\/perle-in.com\\\/#organization\",\"name\":\"PERLE IN\",\"url\":\"https:\\\/\\\/perle-in.com\\\/\",\"logo\":{\"@type\":\"ImageObject\",\"inLanguage\":\"en-CA\",\"@id\":\"https:\\\/\\\/perle-in.com\\\/#\\\/schema\\\/logo\\\/image\\\/\",\"url\":\"https:\\\/\\\/perle-in.com\\\/wp-content\\\/uploads\\\/2022\\\/12\\\/LOGO-PERLE-IN-COULEUR@3x.webp\",\"contentUrl\":\"https:\\\/\\\/perle-in.com\\\/wp-content\\\/uploads\\\/2022\\\/12\\\/LOGO-PERLE-IN-COULEUR@3x.webp\",\"width\":1600,\"height\":490,\"caption\":\"PERLE IN\"},\"image\":{\"@id\":\"https:\\\/\\\/perle-in.com\\\/#\\\/schema\\\/logo\\\/image\\\/\"}}]}<\/script>\n<!-- \/ Yoast SEO plugin. -->","yoast_head_json":{"title":"Bo\u00eete-repas Doveron de 500\u00a0ml en acier inoxydable recycl\u00e9 - PERLE IN","robots":{"index":"noindex","follow":"follow","max-snippet":"max-snippet:-1","max-image-preview":"max-image-preview:large","max-video-preview":"max-video-preview:-1"},"og_locale":"en_US","og_type":"article","og_title":"Bo\u00eete-repas Doveron de 500\u00a0ml en acier inoxydable recycl\u00e9 - PERLE IN","og_description":"Le pot \u00e0 repas Doveron est fabriqu\u00e9 en acier inoxydable recycl\u00e9, un choix plus durable que les bo\u00eetes repas jetables et en plastique. Il garde les aliments au chaud pendant 8\u00a0heures et au froid pendant 24\u00a0heures. Chaque pot \u00e0 repas est emball\u00e9 dans un sac en poly\u00e9thyl\u00e8ne recycl\u00e9 et dans une bo\u00eete en papier Kraft recycl\u00e9. Cet article ne passe pas au lave-vaisselle ni au micro-ondes. Capacit\u00e9\u00a0: 500\u00a0ml.","og_url":"https:\/\/perle-in.com\/en\/product\/boite-repas-doveron-de-500-ml-en-acier-inoxydable-recycle\/","og_site_name":"PERLE IN","article_modified_time":"2025-10-16T04:15:22+00:00","og_image":[{"width":1600,"height":1600,"url":"https:\/\/perle-in.com\/wp-content\/uploads\/2025\/10\/11342201-1.jpg","type":"image\/jpeg"}],"twitter_card":"summary_large_image","schema":{"@context":"https:\/\/schema.org","@graph":[{"@type":"WebPage","@id":"https:\/\/perle-in.com\/produit\/boite-repas-doveron-de-500-ml-en-acier-inoxydable-recycle\/","url":"https:\/\/perle-in.com\/produit\/boite-repas-doveron-de-500-ml-en-acier-inoxydable-recycle\/","name":"Bo\u00eete-repas Doveron de 500\u00a0ml en acier inoxydable recycl\u00e9 - PERLE IN","isPartOf":{"@id":"https:\/\/perle-in.com\/#website"},"primaryImageOfPage":{"@id":"https:\/\/perle-in.com\/produit\/boite-repas-doveron-de-500-ml-en-acier-inoxydable-recycle\/#primaryimage"},"image":{"@id":"https:\/\/perle-in.com\/produit\/boite-repas-doveron-de-500-ml-en-acier-inoxydable-recycle\/#primaryimage"},"thumbnailUrl":"https:\/\/perle-in.com\/wp-content\/uploads\/2025\/10\/11342201-1.jpg","datePublished":"2025-10-16T04:15:18+00:00","dateModified":"2025-10-16T04:15:22+00:00","breadcrumb":{"@id":"https:\/\/perle-in.com\/produit\/boite-repas-doveron-de-500-ml-en-acier-inoxydable-recycle\/#breadcrumb"},"inLanguage":"en-CA","potentialAction":[{"@type":"ReadAction","target":["https:\/\/perle-in.com\/produit\/boite-repas-doveron-de-500-ml-en-acier-inoxydable-recycle\/"]}]},{"@type":"ImageObject","inLanguage":"en-CA","@id":"https:\/\/perle-in.com\/produit\/boite-repas-doveron-de-500-ml-en-acier-inoxydable-recycle\/#primaryimage","url":"https:\/\/perle-in.com\/wp-content\/uploads\/2025\/10\/11342201-1.jpg","contentUrl":"https:\/\/perle-in.com\/wp-content\/uploads\/2025\/10\/11342201-1.jpg","width":1600,"height":1600},{"@type":"BreadcrumbList","@id":"https:\/\/perle-in.com\/produit\/boite-repas-doveron-de-500-ml-en-acier-inoxydable-recycle\/#breadcrumb","itemListElement":[{"@type":"ListItem","position":1,"name":"Accueil","item":"https:\/\/perle-in.com\/"},{"@type":"ListItem","position":2,"name":"Boutique","item":"https:\/\/perle-in.com\/boutique\/"},{"@type":"ListItem","position":3,"name":"Bo\u00eete-repas Doveron de 500\u00a0ml en acier inoxydable recycl\u00e9"}]},{"@type":"WebSite","@id":"https:\/\/perle-in.com\/#website","url":"https:\/\/perle-in.com\/","name":"PERLE IN","description":"","publisher":{"@id":"https:\/\/perle-in.com\/#organization"},"potentialAction":[{"@type":"SearchAction","target":{"@type":"EntryPoint","urlTemplate":"https:\/\/perle-in.com\/?s={search_term_string}"},"query-input":{"@type":"PropertyValueSpecification","valueRequired":true,"valueName":"search_term_string"}}],"inLanguage":"en-CA"},{"@type":"Organization","@id":"https:\/\/perle-in.com\/#organization","name":"PERLE IN","url":"https:\/\/perle-in.com\/","logo":{"@type":"ImageObject","inLanguage":"en-CA","@id":"https:\/\/perle-in.com\/#\/schema\/logo\/image\/","url":"https:\/\/perle-in.com\/wp-content\/uploads\/2022\/12\/LOGO-PERLE-IN-COULEUR@3x.webp","contentUrl":"https:\/\/perle-in.com\/wp-content\/uploads\/2022\/12\/LOGO-PERLE-IN-COULEUR@3x.webp","width":1600,"height":490,"caption":"PERLE IN"},"image":{"@id":"https:\/\/perle-in.com\/#\/schema\/logo\/image\/"}}]}},"jetpack_sharing_enabled":true,"_links":{"self":[{"href":"https:\/\/perle-in.com\/en\/wp-json\/wp\/v2\/product\/576337","targetHints":{"allow":["GET"]}}],"collection":[{"href":"https:\/\/perle-in.com\/en\/wp-json\/wp\/v2\/product"}],"about":[{"href":"https:\/\/perle-in.com\/en\/wp-json\/wp\/v2\/types\/product"}],"version-history":[{"count":0,"href":"https:\/\/perle-in.com\/en\/wp-json\/wp\/v2\/product\/576337\/revisions"}],"wp:featuredmedia":[{"embeddable":true,"href":"https:\/\/perle-in.com\/en\/wp-json\/wp\/v2\/media\/576324"}],"wp:attachment":[{"href":"https:\/\/perle-in.com\/en\/wp-json\/wp\/v2\/media?parent=576337"}],"wp:term":[{"taxonomy":"product_brand","embeddable":true,"href":"https:\/\/perle-in.com\/en\/wp-json\/wp\/v2\/product_brand?post=576337"},{"taxonomy":"product_cat","embeddable":true,"href":"https:\/\/perle-in.com\/en\/wp-json\/wp\/v2\/product_cat?post=576337"},{"taxonomy":"product_tag","embeddable":true,"href":"https:\/\/perle-in.com\/en\/wp-json\/wp\/v2\/product_tag?post=576337"}],"curies":[{"name":"wp","href":"https:\/\/api.w.org\/{rel}","templated":true}]}}