{"id":576231,"date":"2025-10-16T06:04:43","date_gmt":"2025-10-16T04:04:43","guid":{"rendered":"https:\/\/perle-in.com\/produit\/stylo-bille-nash-en-plastique-recycle-avec-garnitures-noires-encre-noire\/"},"modified":"2025-10-16T06:04:54","modified_gmt":"2025-10-16T04:04:54","slug":"stylo-bille-nash-en-plastique-recycle-avec-garnitures-noires-encre-noire","status":"publish","type":"product","link":"https:\/\/perle-in.com\/en\/product\/stylo-bille-nash-en-plastique-recycle-avec-garnitures-noires-encre-noire\/","title":{"rendered":"Stylo bille Nash en plastique recycl\u00e9 avec garnitures noires (encre noire)"},"content":{"rendered":"","protected":false},"excerpt":{"rendered":"<p>Le stylo bille Nash \u00e9dition noire pr\u00e9sente un design \u00e9l\u00e9gant et incurv\u00e9 avec des garnitures noires et est fabriqu\u00e9 \u00e0 partir de plastique recycl\u00e9 certifi\u00e9 RCS, r\u00e9duisant ainsi le besoin de mat\u00e9riaux vierges. Gr\u00e2ce au m\u00e9canisme de clic rapide, le stylo bille est rapide \u00e0 utiliser. Sa prise en main souple r\u00e9duit toute tension sur la surface d\u2019\u00e9criture. Couleur de l\u2019encre\u00a0: noir. Longueur d&#8217;\u00e9criture\u00a0: 1000 m\u00e8tres. Taille de la plume\u00a0: 1,0\u00a0mm.<\/p>","protected":false},"featured_media":576215,"template":"","meta":{"_eb_attr":""},"product_brand":[],"product_cat":[552,568],"product_tag":[837,2683,2884,836,561],"class_list":{"0":"post-576231","1":"product","2":"type-product","3":"status-publish","4":"has-post-thumbnail","6":"product_cat-stylos-et-ecriture","7":"product_cat-stylos-bille","8":"product_tag-durable","9":"product_tag-ecriture","10":"product_tag-rcs","11":"product_tag-recycle","12":"product_tag-stylo","13":"pa_couleurs-blanc","14":"pa_couleurs-bleu-marine","15":"pa_couleurs-bleu-royal","16":"pa_couleurs-citron-vert","17":"pa_couleurs-jaune","18":"pa_couleurs-magenta","19":"pa_couleurs-noir","20":"pa_couleurs-orange","21":"pa_couleurs-rouge","22":"pa_couleurs-vert","23":"pa_couleurs-vert-eau","24":"pa_couleurs-violet","25":"pa_green-points-3125","26":"pa_matiere-plastique-recycle-abs","28":"first","29":"instock","30":"shipping-taxable","31":"purchasable","32":"product-type-variable"},"yoast_head":"<!-- This site is optimized with the Yoast SEO plugin v27.4 - https:\/\/yoast.com\/product\/yoast-seo-wordpress\/ -->\n<title>Stylo bille Nash en plastique recycl\u00e9 avec garnitures noires (encre noire) - PERLE IN<\/title>\n<meta name=\"robots\" content=\"noindex, follow, max-snippet:-1, max-image-preview:large, max-video-preview:-1\" \/>\n<meta property=\"og:locale\" content=\"en_US\" \/>\n<meta property=\"og:type\" content=\"article\" \/>\n<meta property=\"og:title\" content=\"Stylo bille Nash en plastique recycl\u00e9 avec garnitures noires (encre noire) - PERLE IN\" \/>\n<meta property=\"og:description\" content=\"Le stylo bille Nash \u00e9dition noire pr\u00e9sente un design \u00e9l\u00e9gant et incurv\u00e9 avec des garnitures noires et est fabriqu\u00e9 \u00e0 partir de plastique recycl\u00e9 certifi\u00e9 RCS, r\u00e9duisant ainsi le besoin de mat\u00e9riaux vierges. Gr\u00e2ce au m\u00e9canisme de clic rapide, le stylo bille est rapide \u00e0 utiliser. Sa prise en main souple r\u00e9duit toute tension sur la surface d\u2019\u00e9criture. Couleur de l\u2019encre\u00a0: noir. Longueur d&#039;\u00e9criture\u00a0: 1000 m\u00e8tres. Taille de la plume\u00a0: 1,0\u00a0mm.\" \/>\n<meta property=\"og:url\" content=\"https:\/\/perle-in.com\/en\/product\/stylo-bille-nash-en-plastique-recycle-avec-garnitures-noires-encre-noire\/\" \/>\n<meta property=\"og:site_name\" content=\"PERLE IN\" \/>\n<meta property=\"article:modified_time\" content=\"2025-10-16T04:04:54+00:00\" \/>\n<meta property=\"og:image\" content=\"https:\/\/perle-in.com\/wp-content\/uploads\/2025\/10\/10629601-1.jpg\" \/>\n\t<meta property=\"og:image:width\" content=\"1600\" \/>\n\t<meta property=\"og:image:height\" content=\"1600\" \/>\n\t<meta property=\"og:image:type\" content=\"image\/jpeg\" \/>\n<meta name=\"twitter:card\" content=\"summary_large_image\" \/>\n<script type=\"application\/ld+json\" class=\"yoast-schema-graph\">{\"@context\":\"https:\\\/\\\/schema.org\",\"@graph\":[{\"@type\":\"WebPage\",\"@id\":\"https:\\\/\\\/perle-in.com\\\/produit\\\/stylo-bille-nash-en-plastique-recycle-avec-garnitures-noires-encre-noire\\\/\",\"url\":\"https:\\\/\\\/perle-in.com\\\/produit\\\/stylo-bille-nash-en-plastique-recycle-avec-garnitures-noires-encre-noire\\\/\",\"name\":\"Stylo bille Nash en plastique recycl\u00e9 avec garnitures noires (encre noire) - PERLE IN\",\"isPartOf\":{\"@id\":\"https:\\\/\\\/perle-in.com\\\/#website\"},\"primaryImageOfPage\":{\"@id\":\"https:\\\/\\\/perle-in.com\\\/produit\\\/stylo-bille-nash-en-plastique-recycle-avec-garnitures-noires-encre-noire\\\/#primaryimage\"},\"image\":{\"@id\":\"https:\\\/\\\/perle-in.com\\\/produit\\\/stylo-bille-nash-en-plastique-recycle-avec-garnitures-noires-encre-noire\\\/#primaryimage\"},\"thumbnailUrl\":\"https:\\\/\\\/perle-in.com\\\/wp-content\\\/uploads\\\/2025\\\/10\\\/10629601-1.jpg\",\"datePublished\":\"2025-10-16T04:04:43+00:00\",\"dateModified\":\"2025-10-16T04:04:54+00:00\",\"breadcrumb\":{\"@id\":\"https:\\\/\\\/perle-in.com\\\/produit\\\/stylo-bille-nash-en-plastique-recycle-avec-garnitures-noires-encre-noire\\\/#breadcrumb\"},\"inLanguage\":\"en-CA\",\"potentialAction\":[{\"@type\":\"ReadAction\",\"target\":[\"https:\\\/\\\/perle-in.com\\\/produit\\\/stylo-bille-nash-en-plastique-recycle-avec-garnitures-noires-encre-noire\\\/\"]}]},{\"@type\":\"ImageObject\",\"inLanguage\":\"en-CA\",\"@id\":\"https:\\\/\\\/perle-in.com\\\/produit\\\/stylo-bille-nash-en-plastique-recycle-avec-garnitures-noires-encre-noire\\\/#primaryimage\",\"url\":\"https:\\\/\\\/perle-in.com\\\/wp-content\\\/uploads\\\/2025\\\/10\\\/10629601-1.jpg\",\"contentUrl\":\"https:\\\/\\\/perle-in.com\\\/wp-content\\\/uploads\\\/2025\\\/10\\\/10629601-1.jpg\",\"width\":1600,\"height\":1600},{\"@type\":\"BreadcrumbList\",\"@id\":\"https:\\\/\\\/perle-in.com\\\/produit\\\/stylo-bille-nash-en-plastique-recycle-avec-garnitures-noires-encre-noire\\\/#breadcrumb\",\"itemListElement\":[{\"@type\":\"ListItem\",\"position\":1,\"name\":\"Accueil\",\"item\":\"https:\\\/\\\/perle-in.com\\\/\"},{\"@type\":\"ListItem\",\"position\":2,\"name\":\"Boutique\",\"item\":\"https:\\\/\\\/perle-in.com\\\/boutique\\\/\"},{\"@type\":\"ListItem\",\"position\":3,\"name\":\"Stylo bille Nash en plastique recycl\u00e9 avec garnitures noires (encre noire)\"}]},{\"@type\":\"WebSite\",\"@id\":\"https:\\\/\\\/perle-in.com\\\/#website\",\"url\":\"https:\\\/\\\/perle-in.com\\\/\",\"name\":\"PERLE IN\",\"description\":\"\",\"publisher\":{\"@id\":\"https:\\\/\\\/perle-in.com\\\/#organization\"},\"potentialAction\":[{\"@type\":\"SearchAction\",\"target\":{\"@type\":\"EntryPoint\",\"urlTemplate\":\"https:\\\/\\\/perle-in.com\\\/?s={search_term_string}\"},\"query-input\":{\"@type\":\"PropertyValueSpecification\",\"valueRequired\":true,\"valueName\":\"search_term_string\"}}],\"inLanguage\":\"en-CA\"},{\"@type\":\"Organization\",\"@id\":\"https:\\\/\\\/perle-in.com\\\/#organization\",\"name\":\"PERLE IN\",\"url\":\"https:\\\/\\\/perle-in.com\\\/\",\"logo\":{\"@type\":\"ImageObject\",\"inLanguage\":\"en-CA\",\"@id\":\"https:\\\/\\\/perle-in.com\\\/#\\\/schema\\\/logo\\\/image\\\/\",\"url\":\"https:\\\/\\\/perle-in.com\\\/wp-content\\\/uploads\\\/2022\\\/12\\\/LOGO-PERLE-IN-COULEUR@3x.webp\",\"contentUrl\":\"https:\\\/\\\/perle-in.com\\\/wp-content\\\/uploads\\\/2022\\\/12\\\/LOGO-PERLE-IN-COULEUR@3x.webp\",\"width\":1600,\"height\":490,\"caption\":\"PERLE IN\"},\"image\":{\"@id\":\"https:\\\/\\\/perle-in.com\\\/#\\\/schema\\\/logo\\\/image\\\/\"}}]}<\/script>\n<!-- \/ Yoast SEO plugin. -->","yoast_head_json":{"title":"Stylo bille Nash en plastique recycl\u00e9 avec garnitures noires (encre noire) - PERLE IN","robots":{"index":"noindex","follow":"follow","max-snippet":"max-snippet:-1","max-image-preview":"max-image-preview:large","max-video-preview":"max-video-preview:-1"},"og_locale":"en_US","og_type":"article","og_title":"Stylo bille Nash en plastique recycl\u00e9 avec garnitures noires (encre noire) - PERLE IN","og_description":"Le stylo bille Nash \u00e9dition noire pr\u00e9sente un design \u00e9l\u00e9gant et incurv\u00e9 avec des garnitures noires et est fabriqu\u00e9 \u00e0 partir de plastique recycl\u00e9 certifi\u00e9 RCS, r\u00e9duisant ainsi le besoin de mat\u00e9riaux vierges. Gr\u00e2ce au m\u00e9canisme de clic rapide, le stylo bille est rapide \u00e0 utiliser. Sa prise en main souple r\u00e9duit toute tension sur la surface d\u2019\u00e9criture. Couleur de l\u2019encre\u00a0: noir. Longueur d'\u00e9criture\u00a0: 1000 m\u00e8tres. Taille de la plume\u00a0: 1,0\u00a0mm.","og_url":"https:\/\/perle-in.com\/en\/product\/stylo-bille-nash-en-plastique-recycle-avec-garnitures-noires-encre-noire\/","og_site_name":"PERLE IN","article_modified_time":"2025-10-16T04:04:54+00:00","og_image":[{"width":1600,"height":1600,"url":"https:\/\/perle-in.com\/wp-content\/uploads\/2025\/10\/10629601-1.jpg","type":"image\/jpeg"}],"twitter_card":"summary_large_image","schema":{"@context":"https:\/\/schema.org","@graph":[{"@type":"WebPage","@id":"https:\/\/perle-in.com\/produit\/stylo-bille-nash-en-plastique-recycle-avec-garnitures-noires-encre-noire\/","url":"https:\/\/perle-in.com\/produit\/stylo-bille-nash-en-plastique-recycle-avec-garnitures-noires-encre-noire\/","name":"Stylo bille Nash en plastique recycl\u00e9 avec garnitures noires (encre noire) - PERLE IN","isPartOf":{"@id":"https:\/\/perle-in.com\/#website"},"primaryImageOfPage":{"@id":"https:\/\/perle-in.com\/produit\/stylo-bille-nash-en-plastique-recycle-avec-garnitures-noires-encre-noire\/#primaryimage"},"image":{"@id":"https:\/\/perle-in.com\/produit\/stylo-bille-nash-en-plastique-recycle-avec-garnitures-noires-encre-noire\/#primaryimage"},"thumbnailUrl":"https:\/\/perle-in.com\/wp-content\/uploads\/2025\/10\/10629601-1.jpg","datePublished":"2025-10-16T04:04:43+00:00","dateModified":"2025-10-16T04:04:54+00:00","breadcrumb":{"@id":"https:\/\/perle-in.com\/produit\/stylo-bille-nash-en-plastique-recycle-avec-garnitures-noires-encre-noire\/#breadcrumb"},"inLanguage":"en-CA","potentialAction":[{"@type":"ReadAction","target":["https:\/\/perle-in.com\/produit\/stylo-bille-nash-en-plastique-recycle-avec-garnitures-noires-encre-noire\/"]}]},{"@type":"ImageObject","inLanguage":"en-CA","@id":"https:\/\/perle-in.com\/produit\/stylo-bille-nash-en-plastique-recycle-avec-garnitures-noires-encre-noire\/#primaryimage","url":"https:\/\/perle-in.com\/wp-content\/uploads\/2025\/10\/10629601-1.jpg","contentUrl":"https:\/\/perle-in.com\/wp-content\/uploads\/2025\/10\/10629601-1.jpg","width":1600,"height":1600},{"@type":"BreadcrumbList","@id":"https:\/\/perle-in.com\/produit\/stylo-bille-nash-en-plastique-recycle-avec-garnitures-noires-encre-noire\/#breadcrumb","itemListElement":[{"@type":"ListItem","position":1,"name":"Accueil","item":"https:\/\/perle-in.com\/"},{"@type":"ListItem","position":2,"name":"Boutique","item":"https:\/\/perle-in.com\/boutique\/"},{"@type":"ListItem","position":3,"name":"Stylo bille Nash en plastique recycl\u00e9 avec garnitures noires (encre noire)"}]},{"@type":"WebSite","@id":"https:\/\/perle-in.com\/#website","url":"https:\/\/perle-in.com\/","name":"PERLE IN","description":"","publisher":{"@id":"https:\/\/perle-in.com\/#organization"},"potentialAction":[{"@type":"SearchAction","target":{"@type":"EntryPoint","urlTemplate":"https:\/\/perle-in.com\/?s={search_term_string}"},"query-input":{"@type":"PropertyValueSpecification","valueRequired":true,"valueName":"search_term_string"}}],"inLanguage":"en-CA"},{"@type":"Organization","@id":"https:\/\/perle-in.com\/#organization","name":"PERLE IN","url":"https:\/\/perle-in.com\/","logo":{"@type":"ImageObject","inLanguage":"en-CA","@id":"https:\/\/perle-in.com\/#\/schema\/logo\/image\/","url":"https:\/\/perle-in.com\/wp-content\/uploads\/2022\/12\/LOGO-PERLE-IN-COULEUR@3x.webp","contentUrl":"https:\/\/perle-in.com\/wp-content\/uploads\/2022\/12\/LOGO-PERLE-IN-COULEUR@3x.webp","width":1600,"height":490,"caption":"PERLE IN"},"image":{"@id":"https:\/\/perle-in.com\/#\/schema\/logo\/image\/"}}]}},"jetpack_sharing_enabled":true,"_links":{"self":[{"href":"https:\/\/perle-in.com\/en\/wp-json\/wp\/v2\/product\/576231","targetHints":{"allow":["GET"]}}],"collection":[{"href":"https:\/\/perle-in.com\/en\/wp-json\/wp\/v2\/product"}],"about":[{"href":"https:\/\/perle-in.com\/en\/wp-json\/wp\/v2\/types\/product"}],"version-history":[{"count":0,"href":"https:\/\/perle-in.com\/en\/wp-json\/wp\/v2\/product\/576231\/revisions"}],"wp:featuredmedia":[{"embeddable":true,"href":"https:\/\/perle-in.com\/en\/wp-json\/wp\/v2\/media\/576215"}],"wp:attachment":[{"href":"https:\/\/perle-in.com\/en\/wp-json\/wp\/v2\/media?parent=576231"}],"wp:term":[{"taxonomy":"product_brand","embeddable":true,"href":"https:\/\/perle-in.com\/en\/wp-json\/wp\/v2\/product_brand?post=576231"},{"taxonomy":"product_cat","embeddable":true,"href":"https:\/\/perle-in.com\/en\/wp-json\/wp\/v2\/product_cat?post=576231"},{"taxonomy":"product_tag","embeddable":true,"href":"https:\/\/perle-in.com\/en\/wp-json\/wp\/v2\/product_tag?post=576231"}],"curies":[{"name":"wp","href":"https:\/\/api.w.org\/{rel}","templated":true}]}}