{"id":576185,"date":"2025-10-16T05:59:49","date_gmt":"2025-10-16T03:59:49","guid":{"rendered":"https:\/\/perle-in.com\/produit\/ensemble-carnet-a-couverture-rigide-a5-et-stylo-roller-legato-elegance\/"},"modified":"2025-10-16T05:59:54","modified_gmt":"2025-10-16T03:59:54","slug":"ensemble-carnet-a-couverture-rigide-a5-et-stylo-roller-legato-elegance","status":"publish","type":"product","link":"https:\/\/perle-in.com\/en\/product\/ensemble-carnet-a-couverture-rigide-a5-et-stylo-roller-legato-elegance\/","title":{"rendered":"Ensemble carnet \u00e0 couverture rigide A5 et stylo roller Legato Elegance"},"content":{"rendered":"","protected":false},"excerpt":{"rendered":"<p>L\u2019ensemble Legato est une \u00e9l\u00e9gante combinaison d\u2019un carnet A5 et d\u2019un stylo roller. Le stylo est dot\u00e9 d\u2019un corps sup\u00e9rieur en laiton recycl\u00e9 certifi\u00e9 RCS avec une finition chrom\u00e9e argent\u00e9e, d\u2019un corps inf\u00e9rieur avec une finition de rev\u00eatement par pulv\u00e9risation de couleur, d\u2019accessoires en m\u00e9tal chrom\u00e9 argent\u00e9 et d\u2019un logo LUXE sur l\u2019anneau central. Couleur de l&#8217;encre\u00a0: Bleue. Longueur d&#8217;\u00e9criture\u00a0: 400\u00a0m\u00e8tres. Taille de la plume\u00a0: 0,7\u00a0mm. Recharge suppl\u00e9mentaire en noir incluse. Le carnet contient 80\u00a0feuilles de papier cr\u00e8me lign\u00e9 de 80\u00a0g\/m\u00b2, une couverture en plastique imitation cuir recycl\u00e9, une fermeture \u00e9lastique, un ruban marque-page et une poche accord\u00e9on. Accessoire en m\u00e9tal chrom\u00e9 argent sur la fermeture \u00e9lastique. Livr\u00e9 dans un coffret cadeau en carton.<\/p>","protected":false},"featured_media":576171,"template":"","meta":{"_eb_attr":""},"product_brand":[],"product_cat":[587,4196],"product_tag":[621,1513,1514,837,2884,836,561],"class_list":{"0":"post-576185","1":"product","2":"type-product","3":"status-publish","4":"has-post-thumbnail","6":"product_cat-bloc-notes-couverture-rigide","7":"product_cat-blocs-notes-et-papeterie-personnalisee","8":"product_tag-a4","9":"product_tag-carnet","10":"product_tag-carnets","11":"product_tag-durable","12":"product_tag-rcs","13":"product_tag-recycle","14":"product_tag-stylo","15":"pa_couleurs-blanc-blanc","16":"pa_couleurs-blanc-noir","17":"pa_couleurs-bleu-ocean-blanc","18":"pa_couleurs-bleu-ocean-bleu-ocean","19":"pa_couleurs-noir-blanc","20":"pa_couleurs-noir-noir","21":"pa_green-points-2710","22":"pa_marque-luxe","24":"first","25":"instock","26":"shipping-taxable","27":"purchasable","28":"product-type-variable"},"yoast_head":"<!-- This site is optimized with the Yoast SEO plugin v27.4 - https:\/\/yoast.com\/product\/yoast-seo-wordpress\/ -->\n<title>Ensemble carnet \u00e0 couverture rigide A5 et stylo roller Legato Elegance - PERLE IN<\/title>\n<meta name=\"robots\" content=\"noindex, follow, max-snippet:-1, max-image-preview:large, max-video-preview:-1\" \/>\n<meta property=\"og:locale\" content=\"en_US\" \/>\n<meta property=\"og:type\" content=\"article\" \/>\n<meta property=\"og:title\" content=\"Ensemble carnet \u00e0 couverture rigide A5 et stylo roller Legato Elegance - PERLE IN\" \/>\n<meta property=\"og:description\" content=\"L\u2019ensemble Legato est une \u00e9l\u00e9gante combinaison d\u2019un carnet A5 et d\u2019un stylo roller. Le stylo est dot\u00e9 d\u2019un corps sup\u00e9rieur en laiton recycl\u00e9 certifi\u00e9 RCS avec une finition chrom\u00e9e argent\u00e9e, d\u2019un corps inf\u00e9rieur avec une finition de rev\u00eatement par pulv\u00e9risation de couleur, d\u2019accessoires en m\u00e9tal chrom\u00e9 argent\u00e9 et d\u2019un logo LUXE sur l\u2019anneau central. Couleur de l&#039;encre\u00a0: Bleue. Longueur d&#039;\u00e9criture\u00a0: 400\u00a0m\u00e8tres. Taille de la plume\u00a0: 0,7\u00a0mm. Recharge suppl\u00e9mentaire en noir incluse. Le carnet contient 80\u00a0feuilles de papier cr\u00e8me lign\u00e9 de 80\u00a0g\/m\u00b2, une couverture en plastique imitation cuir recycl\u00e9, une fermeture \u00e9lastique, un ruban marque-page et une poche accord\u00e9on. Accessoire en m\u00e9tal chrom\u00e9 argent sur la fermeture \u00e9lastique. Livr\u00e9 dans un coffret cadeau en carton.\" \/>\n<meta property=\"og:url\" content=\"https:\/\/perle-in.com\/en\/product\/ensemble-carnet-a-couverture-rigide-a5-et-stylo-roller-legato-elegance\/\" \/>\n<meta property=\"og:site_name\" content=\"PERLE IN\" \/>\n<meta property=\"article:modified_time\" content=\"2025-10-16T03:59:54+00:00\" \/>\n<meta property=\"og:image\" content=\"https:\/\/perle-in.com\/wp-content\/uploads\/2025\/10\/10625801-1.jpg\" \/>\n\t<meta property=\"og:image:width\" content=\"1600\" \/>\n\t<meta property=\"og:image:height\" content=\"1600\" \/>\n\t<meta property=\"og:image:type\" content=\"image\/jpeg\" \/>\n<meta name=\"twitter:card\" content=\"summary_large_image\" \/>\n<script type=\"application\/ld+json\" class=\"yoast-schema-graph\">{\"@context\":\"https:\\\/\\\/schema.org\",\"@graph\":[{\"@type\":\"WebPage\",\"@id\":\"https:\\\/\\\/perle-in.com\\\/produit\\\/ensemble-carnet-a-couverture-rigide-a5-et-stylo-roller-legato-elegance\\\/\",\"url\":\"https:\\\/\\\/perle-in.com\\\/produit\\\/ensemble-carnet-a-couverture-rigide-a5-et-stylo-roller-legato-elegance\\\/\",\"name\":\"Ensemble carnet \u00e0 couverture rigide A5 et stylo roller Legato Elegance - PERLE IN\",\"isPartOf\":{\"@id\":\"https:\\\/\\\/perle-in.com\\\/#website\"},\"primaryImageOfPage\":{\"@id\":\"https:\\\/\\\/perle-in.com\\\/produit\\\/ensemble-carnet-a-couverture-rigide-a5-et-stylo-roller-legato-elegance\\\/#primaryimage\"},\"image\":{\"@id\":\"https:\\\/\\\/perle-in.com\\\/produit\\\/ensemble-carnet-a-couverture-rigide-a5-et-stylo-roller-legato-elegance\\\/#primaryimage\"},\"thumbnailUrl\":\"https:\\\/\\\/perle-in.com\\\/wp-content\\\/uploads\\\/2025\\\/10\\\/10625801-1.jpg\",\"datePublished\":\"2025-10-16T03:59:49+00:00\",\"dateModified\":\"2025-10-16T03:59:54+00:00\",\"breadcrumb\":{\"@id\":\"https:\\\/\\\/perle-in.com\\\/produit\\\/ensemble-carnet-a-couverture-rigide-a5-et-stylo-roller-legato-elegance\\\/#breadcrumb\"},\"inLanguage\":\"en-CA\",\"potentialAction\":[{\"@type\":\"ReadAction\",\"target\":[\"https:\\\/\\\/perle-in.com\\\/produit\\\/ensemble-carnet-a-couverture-rigide-a5-et-stylo-roller-legato-elegance\\\/\"]}]},{\"@type\":\"ImageObject\",\"inLanguage\":\"en-CA\",\"@id\":\"https:\\\/\\\/perle-in.com\\\/produit\\\/ensemble-carnet-a-couverture-rigide-a5-et-stylo-roller-legato-elegance\\\/#primaryimage\",\"url\":\"https:\\\/\\\/perle-in.com\\\/wp-content\\\/uploads\\\/2025\\\/10\\\/10625801-1.jpg\",\"contentUrl\":\"https:\\\/\\\/perle-in.com\\\/wp-content\\\/uploads\\\/2025\\\/10\\\/10625801-1.jpg\",\"width\":1600,\"height\":1600},{\"@type\":\"BreadcrumbList\",\"@id\":\"https:\\\/\\\/perle-in.com\\\/produit\\\/ensemble-carnet-a-couverture-rigide-a5-et-stylo-roller-legato-elegance\\\/#breadcrumb\",\"itemListElement\":[{\"@type\":\"ListItem\",\"position\":1,\"name\":\"Accueil\",\"item\":\"https:\\\/\\\/perle-in.com\\\/\"},{\"@type\":\"ListItem\",\"position\":2,\"name\":\"Boutique\",\"item\":\"https:\\\/\\\/perle-in.com\\\/boutique\\\/\"},{\"@type\":\"ListItem\",\"position\":3,\"name\":\"Ensemble carnet \u00e0 couverture rigide A5 et stylo roller Legato Elegance\"}]},{\"@type\":\"WebSite\",\"@id\":\"https:\\\/\\\/perle-in.com\\\/#website\",\"url\":\"https:\\\/\\\/perle-in.com\\\/\",\"name\":\"PERLE IN\",\"description\":\"\",\"publisher\":{\"@id\":\"https:\\\/\\\/perle-in.com\\\/#organization\"},\"potentialAction\":[{\"@type\":\"SearchAction\",\"target\":{\"@type\":\"EntryPoint\",\"urlTemplate\":\"https:\\\/\\\/perle-in.com\\\/?s={search_term_string}\"},\"query-input\":{\"@type\":\"PropertyValueSpecification\",\"valueRequired\":true,\"valueName\":\"search_term_string\"}}],\"inLanguage\":\"en-CA\"},{\"@type\":\"Organization\",\"@id\":\"https:\\\/\\\/perle-in.com\\\/#organization\",\"name\":\"PERLE IN\",\"url\":\"https:\\\/\\\/perle-in.com\\\/\",\"logo\":{\"@type\":\"ImageObject\",\"inLanguage\":\"en-CA\",\"@id\":\"https:\\\/\\\/perle-in.com\\\/#\\\/schema\\\/logo\\\/image\\\/\",\"url\":\"https:\\\/\\\/perle-in.com\\\/wp-content\\\/uploads\\\/2022\\\/12\\\/LOGO-PERLE-IN-COULEUR@3x.webp\",\"contentUrl\":\"https:\\\/\\\/perle-in.com\\\/wp-content\\\/uploads\\\/2022\\\/12\\\/LOGO-PERLE-IN-COULEUR@3x.webp\",\"width\":1600,\"height\":490,\"caption\":\"PERLE IN\"},\"image\":{\"@id\":\"https:\\\/\\\/perle-in.com\\\/#\\\/schema\\\/logo\\\/image\\\/\"}}]}<\/script>\n<!-- \/ Yoast SEO plugin. -->","yoast_head_json":{"title":"Ensemble carnet \u00e0 couverture rigide A5 et stylo roller Legato Elegance - PERLE IN","robots":{"index":"noindex","follow":"follow","max-snippet":"max-snippet:-1","max-image-preview":"max-image-preview:large","max-video-preview":"max-video-preview:-1"},"og_locale":"en_US","og_type":"article","og_title":"Ensemble carnet \u00e0 couverture rigide A5 et stylo roller Legato Elegance - PERLE IN","og_description":"L\u2019ensemble Legato est une \u00e9l\u00e9gante combinaison d\u2019un carnet A5 et d\u2019un stylo roller. Le stylo est dot\u00e9 d\u2019un corps sup\u00e9rieur en laiton recycl\u00e9 certifi\u00e9 RCS avec une finition chrom\u00e9e argent\u00e9e, d\u2019un corps inf\u00e9rieur avec une finition de rev\u00eatement par pulv\u00e9risation de couleur, d\u2019accessoires en m\u00e9tal chrom\u00e9 argent\u00e9 et d\u2019un logo LUXE sur l\u2019anneau central. Couleur de l'encre\u00a0: Bleue. Longueur d'\u00e9criture\u00a0: 400\u00a0m\u00e8tres. Taille de la plume\u00a0: 0,7\u00a0mm. Recharge suppl\u00e9mentaire en noir incluse. Le carnet contient 80\u00a0feuilles de papier cr\u00e8me lign\u00e9 de 80\u00a0g\/m\u00b2, une couverture en plastique imitation cuir recycl\u00e9, une fermeture \u00e9lastique, un ruban marque-page et une poche accord\u00e9on. Accessoire en m\u00e9tal chrom\u00e9 argent sur la fermeture \u00e9lastique. Livr\u00e9 dans un coffret cadeau en carton.","og_url":"https:\/\/perle-in.com\/en\/product\/ensemble-carnet-a-couverture-rigide-a5-et-stylo-roller-legato-elegance\/","og_site_name":"PERLE IN","article_modified_time":"2025-10-16T03:59:54+00:00","og_image":[{"width":1600,"height":1600,"url":"https:\/\/perle-in.com\/wp-content\/uploads\/2025\/10\/10625801-1.jpg","type":"image\/jpeg"}],"twitter_card":"summary_large_image","schema":{"@context":"https:\/\/schema.org","@graph":[{"@type":"WebPage","@id":"https:\/\/perle-in.com\/produit\/ensemble-carnet-a-couverture-rigide-a5-et-stylo-roller-legato-elegance\/","url":"https:\/\/perle-in.com\/produit\/ensemble-carnet-a-couverture-rigide-a5-et-stylo-roller-legato-elegance\/","name":"Ensemble carnet \u00e0 couverture rigide A5 et stylo roller Legato Elegance - PERLE IN","isPartOf":{"@id":"https:\/\/perle-in.com\/#website"},"primaryImageOfPage":{"@id":"https:\/\/perle-in.com\/produit\/ensemble-carnet-a-couverture-rigide-a5-et-stylo-roller-legato-elegance\/#primaryimage"},"image":{"@id":"https:\/\/perle-in.com\/produit\/ensemble-carnet-a-couverture-rigide-a5-et-stylo-roller-legato-elegance\/#primaryimage"},"thumbnailUrl":"https:\/\/perle-in.com\/wp-content\/uploads\/2025\/10\/10625801-1.jpg","datePublished":"2025-10-16T03:59:49+00:00","dateModified":"2025-10-16T03:59:54+00:00","breadcrumb":{"@id":"https:\/\/perle-in.com\/produit\/ensemble-carnet-a-couverture-rigide-a5-et-stylo-roller-legato-elegance\/#breadcrumb"},"inLanguage":"en-CA","potentialAction":[{"@type":"ReadAction","target":["https:\/\/perle-in.com\/produit\/ensemble-carnet-a-couverture-rigide-a5-et-stylo-roller-legato-elegance\/"]}]},{"@type":"ImageObject","inLanguage":"en-CA","@id":"https:\/\/perle-in.com\/produit\/ensemble-carnet-a-couverture-rigide-a5-et-stylo-roller-legato-elegance\/#primaryimage","url":"https:\/\/perle-in.com\/wp-content\/uploads\/2025\/10\/10625801-1.jpg","contentUrl":"https:\/\/perle-in.com\/wp-content\/uploads\/2025\/10\/10625801-1.jpg","width":1600,"height":1600},{"@type":"BreadcrumbList","@id":"https:\/\/perle-in.com\/produit\/ensemble-carnet-a-couverture-rigide-a5-et-stylo-roller-legato-elegance\/#breadcrumb","itemListElement":[{"@type":"ListItem","position":1,"name":"Accueil","item":"https:\/\/perle-in.com\/"},{"@type":"ListItem","position":2,"name":"Boutique","item":"https:\/\/perle-in.com\/boutique\/"},{"@type":"ListItem","position":3,"name":"Ensemble carnet \u00e0 couverture rigide A5 et stylo roller Legato Elegance"}]},{"@type":"WebSite","@id":"https:\/\/perle-in.com\/#website","url":"https:\/\/perle-in.com\/","name":"PERLE IN","description":"","publisher":{"@id":"https:\/\/perle-in.com\/#organization"},"potentialAction":[{"@type":"SearchAction","target":{"@type":"EntryPoint","urlTemplate":"https:\/\/perle-in.com\/?s={search_term_string}"},"query-input":{"@type":"PropertyValueSpecification","valueRequired":true,"valueName":"search_term_string"}}],"inLanguage":"en-CA"},{"@type":"Organization","@id":"https:\/\/perle-in.com\/#organization","name":"PERLE IN","url":"https:\/\/perle-in.com\/","logo":{"@type":"ImageObject","inLanguage":"en-CA","@id":"https:\/\/perle-in.com\/#\/schema\/logo\/image\/","url":"https:\/\/perle-in.com\/wp-content\/uploads\/2022\/12\/LOGO-PERLE-IN-COULEUR@3x.webp","contentUrl":"https:\/\/perle-in.com\/wp-content\/uploads\/2022\/12\/LOGO-PERLE-IN-COULEUR@3x.webp","width":1600,"height":490,"caption":"PERLE IN"},"image":{"@id":"https:\/\/perle-in.com\/#\/schema\/logo\/image\/"}}]}},"jetpack_sharing_enabled":true,"_links":{"self":[{"href":"https:\/\/perle-in.com\/en\/wp-json\/wp\/v2\/product\/576185","targetHints":{"allow":["GET"]}}],"collection":[{"href":"https:\/\/perle-in.com\/en\/wp-json\/wp\/v2\/product"}],"about":[{"href":"https:\/\/perle-in.com\/en\/wp-json\/wp\/v2\/types\/product"}],"version-history":[{"count":0,"href":"https:\/\/perle-in.com\/en\/wp-json\/wp\/v2\/product\/576185\/revisions"}],"wp:featuredmedia":[{"embeddable":true,"href":"https:\/\/perle-in.com\/en\/wp-json\/wp\/v2\/media\/576171"}],"wp:attachment":[{"href":"https:\/\/perle-in.com\/en\/wp-json\/wp\/v2\/media?parent=576185"}],"wp:term":[{"taxonomy":"product_brand","embeddable":true,"href":"https:\/\/perle-in.com\/en\/wp-json\/wp\/v2\/product_brand?post=576185"},{"taxonomy":"product_cat","embeddable":true,"href":"https:\/\/perle-in.com\/en\/wp-json\/wp\/v2\/product_cat?post=576185"},{"taxonomy":"product_tag","embeddable":true,"href":"https:\/\/perle-in.com\/en\/wp-json\/wp\/v2\/product_tag?post=576185"}],"curies":[{"name":"wp","href":"https:\/\/api.w.org\/{rel}","templated":true}]}}