{"id":576169,"date":"2025-10-16T05:58:34","date_gmt":"2025-10-16T03:58:34","guid":{"rendered":"https:\/\/perle-in.com\/produit\/carnet-a-couverture-rigide-a5-alder\/"},"modified":"2025-10-16T05:58:35","modified_gmt":"2025-10-16T03:58:35","slug":"carnet-a-couverture-rigide-a5-alder","status":"publish","type":"product","link":"https:\/\/perle-in.com\/en\/product\/carnet-a-couverture-rigide-a5-alder\/","title":{"rendered":"Carnet \u00e0 couverture rigide A5 Alder"},"content":{"rendered":"","protected":false},"excerpt":{"rendered":"<p>Le carnet A5 Alder est fabriqu\u00e9 \u00e0 partir de plastique recycl\u00e9 semblable au cuir et comprend 192\u00a0feuilles de papier cr\u00e8me 80\u00a0g\/m\u00b2 avec une mise en page d\u2019agenda quotidien, parfait pour tenir un journal et rester organis\u00e9 tout au long de l\u2019ann\u00e9e. Il comprend deux \u00e9lastiques, trois signets en ruban (noir, rouge et bleu), 200\u00a0petites notes autocollantes color\u00e9es (40\u00a0par couleur) et une pochette en papier pratique pour les notes en vrac. Fini avec un logo JournalBooks en relief sur la couverture arri\u00e8re et pr\u00e9sent\u00e9 dans une pochette en papier blanc.<\/p>","protected":false},"featured_media":576160,"template":"","meta":{"_eb_attr":""},"product_brand":[],"product_cat":[587,4196],"product_tag":[3706,1513,1514,837,2924,836],"class_list":{"0":"post-576169","1":"product","2":"type-product","3":"status-publish","4":"has-post-thumbnail","6":"product_cat-bloc-notes-couverture-rigide","7":"product_cat-blocs-notes-et-papeterie-personnalisee","8":"product_tag-agenda","9":"product_tag-carnet","10":"product_tag-carnets","11":"product_tag-durable","12":"product_tag-journalbooks","13":"product_tag-recycle","14":"pa_couleurs-noir","15":"pa_green-points-2793","17":"first","18":"instock","19":"shipping-taxable","20":"purchasable","21":"product-type-variable"},"yoast_head":"<!-- This site is optimized with the Yoast SEO plugin v27.4 - https:\/\/yoast.com\/product\/yoast-seo-wordpress\/ -->\n<title>Carnet \u00e0 couverture rigide A5 Alder - PERLE IN<\/title>\n<meta name=\"robots\" content=\"noindex, follow, max-snippet:-1, max-image-preview:large, max-video-preview:-1\" \/>\n<meta property=\"og:locale\" content=\"en_US\" \/>\n<meta property=\"og:type\" content=\"article\" \/>\n<meta property=\"og:title\" content=\"Carnet \u00e0 couverture rigide A5 Alder - PERLE IN\" \/>\n<meta property=\"og:description\" content=\"Le carnet A5 Alder est fabriqu\u00e9 \u00e0 partir de plastique recycl\u00e9 semblable au cuir et comprend 192\u00a0feuilles de papier cr\u00e8me 80\u00a0g\/m\u00b2 avec une mise en page d\u2019agenda quotidien, parfait pour tenir un journal et rester organis\u00e9 tout au long de l\u2019ann\u00e9e. Il comprend deux \u00e9lastiques, trois signets en ruban (noir, rouge et bleu), 200\u00a0petites notes autocollantes color\u00e9es (40\u00a0par couleur) et une pochette en papier pratique pour les notes en vrac. Fini avec un logo JournalBooks en relief sur la couverture arri\u00e8re et pr\u00e9sent\u00e9 dans une pochette en papier blanc.\" \/>\n<meta property=\"og:url\" content=\"https:\/\/perle-in.com\/en\/product\/carnet-a-couverture-rigide-a5-alder\/\" \/>\n<meta property=\"og:site_name\" content=\"PERLE IN\" \/>\n<meta property=\"article:modified_time\" content=\"2025-10-16T03:58:35+00:00\" \/>\n<meta property=\"og:image\" content=\"https:\/\/perle-in.com\/wp-content\/uploads\/2025\/10\/10625790-1.jpg\" \/>\n\t<meta property=\"og:image:width\" content=\"1600\" \/>\n\t<meta property=\"og:image:height\" content=\"1600\" \/>\n\t<meta property=\"og:image:type\" content=\"image\/jpeg\" \/>\n<meta name=\"twitter:card\" content=\"summary_large_image\" \/>\n<script type=\"application\/ld+json\" class=\"yoast-schema-graph\">{\"@context\":\"https:\\\/\\\/schema.org\",\"@graph\":[{\"@type\":\"WebPage\",\"@id\":\"https:\\\/\\\/perle-in.com\\\/produit\\\/carnet-a-couverture-rigide-a5-alder\\\/\",\"url\":\"https:\\\/\\\/perle-in.com\\\/produit\\\/carnet-a-couverture-rigide-a5-alder\\\/\",\"name\":\"Carnet \u00e0 couverture rigide A5 Alder - PERLE IN\",\"isPartOf\":{\"@id\":\"https:\\\/\\\/perle-in.com\\\/#website\"},\"primaryImageOfPage\":{\"@id\":\"https:\\\/\\\/perle-in.com\\\/produit\\\/carnet-a-couverture-rigide-a5-alder\\\/#primaryimage\"},\"image\":{\"@id\":\"https:\\\/\\\/perle-in.com\\\/produit\\\/carnet-a-couverture-rigide-a5-alder\\\/#primaryimage\"},\"thumbnailUrl\":\"https:\\\/\\\/perle-in.com\\\/wp-content\\\/uploads\\\/2025\\\/10\\\/10625790-1.jpg\",\"datePublished\":\"2025-10-16T03:58:34+00:00\",\"dateModified\":\"2025-10-16T03:58:35+00:00\",\"breadcrumb\":{\"@id\":\"https:\\\/\\\/perle-in.com\\\/produit\\\/carnet-a-couverture-rigide-a5-alder\\\/#breadcrumb\"},\"inLanguage\":\"en-CA\",\"potentialAction\":[{\"@type\":\"ReadAction\",\"target\":[\"https:\\\/\\\/perle-in.com\\\/produit\\\/carnet-a-couverture-rigide-a5-alder\\\/\"]}]},{\"@type\":\"ImageObject\",\"inLanguage\":\"en-CA\",\"@id\":\"https:\\\/\\\/perle-in.com\\\/produit\\\/carnet-a-couverture-rigide-a5-alder\\\/#primaryimage\",\"url\":\"https:\\\/\\\/perle-in.com\\\/wp-content\\\/uploads\\\/2025\\\/10\\\/10625790-1.jpg\",\"contentUrl\":\"https:\\\/\\\/perle-in.com\\\/wp-content\\\/uploads\\\/2025\\\/10\\\/10625790-1.jpg\",\"width\":1600,\"height\":1600},{\"@type\":\"BreadcrumbList\",\"@id\":\"https:\\\/\\\/perle-in.com\\\/produit\\\/carnet-a-couverture-rigide-a5-alder\\\/#breadcrumb\",\"itemListElement\":[{\"@type\":\"ListItem\",\"position\":1,\"name\":\"Accueil\",\"item\":\"https:\\\/\\\/perle-in.com\\\/\"},{\"@type\":\"ListItem\",\"position\":2,\"name\":\"Boutique\",\"item\":\"https:\\\/\\\/perle-in.com\\\/boutique\\\/\"},{\"@type\":\"ListItem\",\"position\":3,\"name\":\"Carnet \u00e0 couverture rigide A5 Alder\"}]},{\"@type\":\"WebSite\",\"@id\":\"https:\\\/\\\/perle-in.com\\\/#website\",\"url\":\"https:\\\/\\\/perle-in.com\\\/\",\"name\":\"PERLE IN\",\"description\":\"\",\"publisher\":{\"@id\":\"https:\\\/\\\/perle-in.com\\\/#organization\"},\"potentialAction\":[{\"@type\":\"SearchAction\",\"target\":{\"@type\":\"EntryPoint\",\"urlTemplate\":\"https:\\\/\\\/perle-in.com\\\/?s={search_term_string}\"},\"query-input\":{\"@type\":\"PropertyValueSpecification\",\"valueRequired\":true,\"valueName\":\"search_term_string\"}}],\"inLanguage\":\"en-CA\"},{\"@type\":\"Organization\",\"@id\":\"https:\\\/\\\/perle-in.com\\\/#organization\",\"name\":\"PERLE IN\",\"url\":\"https:\\\/\\\/perle-in.com\\\/\",\"logo\":{\"@type\":\"ImageObject\",\"inLanguage\":\"en-CA\",\"@id\":\"https:\\\/\\\/perle-in.com\\\/#\\\/schema\\\/logo\\\/image\\\/\",\"url\":\"https:\\\/\\\/perle-in.com\\\/wp-content\\\/uploads\\\/2022\\\/12\\\/LOGO-PERLE-IN-COULEUR@3x.webp\",\"contentUrl\":\"https:\\\/\\\/perle-in.com\\\/wp-content\\\/uploads\\\/2022\\\/12\\\/LOGO-PERLE-IN-COULEUR@3x.webp\",\"width\":1600,\"height\":490,\"caption\":\"PERLE IN\"},\"image\":{\"@id\":\"https:\\\/\\\/perle-in.com\\\/#\\\/schema\\\/logo\\\/image\\\/\"}}]}<\/script>\n<!-- \/ Yoast SEO plugin. -->","yoast_head_json":{"title":"Carnet \u00e0 couverture rigide A5 Alder - PERLE IN","robots":{"index":"noindex","follow":"follow","max-snippet":"max-snippet:-1","max-image-preview":"max-image-preview:large","max-video-preview":"max-video-preview:-1"},"og_locale":"en_US","og_type":"article","og_title":"Carnet \u00e0 couverture rigide A5 Alder - PERLE IN","og_description":"Le carnet A5 Alder est fabriqu\u00e9 \u00e0 partir de plastique recycl\u00e9 semblable au cuir et comprend 192\u00a0feuilles de papier cr\u00e8me 80\u00a0g\/m\u00b2 avec une mise en page d\u2019agenda quotidien, parfait pour tenir un journal et rester organis\u00e9 tout au long de l\u2019ann\u00e9e. Il comprend deux \u00e9lastiques, trois signets en ruban (noir, rouge et bleu), 200\u00a0petites notes autocollantes color\u00e9es (40\u00a0par couleur) et une pochette en papier pratique pour les notes en vrac. Fini avec un logo JournalBooks en relief sur la couverture arri\u00e8re et pr\u00e9sent\u00e9 dans une pochette en papier blanc.","og_url":"https:\/\/perle-in.com\/en\/product\/carnet-a-couverture-rigide-a5-alder\/","og_site_name":"PERLE IN","article_modified_time":"2025-10-16T03:58:35+00:00","og_image":[{"width":1600,"height":1600,"url":"https:\/\/perle-in.com\/wp-content\/uploads\/2025\/10\/10625790-1.jpg","type":"image\/jpeg"}],"twitter_card":"summary_large_image","schema":{"@context":"https:\/\/schema.org","@graph":[{"@type":"WebPage","@id":"https:\/\/perle-in.com\/produit\/carnet-a-couverture-rigide-a5-alder\/","url":"https:\/\/perle-in.com\/produit\/carnet-a-couverture-rigide-a5-alder\/","name":"Carnet \u00e0 couverture rigide A5 Alder - PERLE IN","isPartOf":{"@id":"https:\/\/perle-in.com\/#website"},"primaryImageOfPage":{"@id":"https:\/\/perle-in.com\/produit\/carnet-a-couverture-rigide-a5-alder\/#primaryimage"},"image":{"@id":"https:\/\/perle-in.com\/produit\/carnet-a-couverture-rigide-a5-alder\/#primaryimage"},"thumbnailUrl":"https:\/\/perle-in.com\/wp-content\/uploads\/2025\/10\/10625790-1.jpg","datePublished":"2025-10-16T03:58:34+00:00","dateModified":"2025-10-16T03:58:35+00:00","breadcrumb":{"@id":"https:\/\/perle-in.com\/produit\/carnet-a-couverture-rigide-a5-alder\/#breadcrumb"},"inLanguage":"en-CA","potentialAction":[{"@type":"ReadAction","target":["https:\/\/perle-in.com\/produit\/carnet-a-couverture-rigide-a5-alder\/"]}]},{"@type":"ImageObject","inLanguage":"en-CA","@id":"https:\/\/perle-in.com\/produit\/carnet-a-couverture-rigide-a5-alder\/#primaryimage","url":"https:\/\/perle-in.com\/wp-content\/uploads\/2025\/10\/10625790-1.jpg","contentUrl":"https:\/\/perle-in.com\/wp-content\/uploads\/2025\/10\/10625790-1.jpg","width":1600,"height":1600},{"@type":"BreadcrumbList","@id":"https:\/\/perle-in.com\/produit\/carnet-a-couverture-rigide-a5-alder\/#breadcrumb","itemListElement":[{"@type":"ListItem","position":1,"name":"Accueil","item":"https:\/\/perle-in.com\/"},{"@type":"ListItem","position":2,"name":"Boutique","item":"https:\/\/perle-in.com\/boutique\/"},{"@type":"ListItem","position":3,"name":"Carnet \u00e0 couverture rigide A5 Alder"}]},{"@type":"WebSite","@id":"https:\/\/perle-in.com\/#website","url":"https:\/\/perle-in.com\/","name":"PERLE IN","description":"","publisher":{"@id":"https:\/\/perle-in.com\/#organization"},"potentialAction":[{"@type":"SearchAction","target":{"@type":"EntryPoint","urlTemplate":"https:\/\/perle-in.com\/?s={search_term_string}"},"query-input":{"@type":"PropertyValueSpecification","valueRequired":true,"valueName":"search_term_string"}}],"inLanguage":"en-CA"},{"@type":"Organization","@id":"https:\/\/perle-in.com\/#organization","name":"PERLE IN","url":"https:\/\/perle-in.com\/","logo":{"@type":"ImageObject","inLanguage":"en-CA","@id":"https:\/\/perle-in.com\/#\/schema\/logo\/image\/","url":"https:\/\/perle-in.com\/wp-content\/uploads\/2022\/12\/LOGO-PERLE-IN-COULEUR@3x.webp","contentUrl":"https:\/\/perle-in.com\/wp-content\/uploads\/2022\/12\/LOGO-PERLE-IN-COULEUR@3x.webp","width":1600,"height":490,"caption":"PERLE IN"},"image":{"@id":"https:\/\/perle-in.com\/#\/schema\/logo\/image\/"}}]}},"jetpack_sharing_enabled":true,"_links":{"self":[{"href":"https:\/\/perle-in.com\/en\/wp-json\/wp\/v2\/product\/576169","targetHints":{"allow":["GET"]}}],"collection":[{"href":"https:\/\/perle-in.com\/en\/wp-json\/wp\/v2\/product"}],"about":[{"href":"https:\/\/perle-in.com\/en\/wp-json\/wp\/v2\/types\/product"}],"version-history":[{"count":0,"href":"https:\/\/perle-in.com\/en\/wp-json\/wp\/v2\/product\/576169\/revisions"}],"wp:featuredmedia":[{"embeddable":true,"href":"https:\/\/perle-in.com\/en\/wp-json\/wp\/v2\/media\/576160"}],"wp:attachment":[{"href":"https:\/\/perle-in.com\/en\/wp-json\/wp\/v2\/media?parent=576169"}],"wp:term":[{"taxonomy":"product_brand","embeddable":true,"href":"https:\/\/perle-in.com\/en\/wp-json\/wp\/v2\/product_brand?post=576169"},{"taxonomy":"product_cat","embeddable":true,"href":"https:\/\/perle-in.com\/en\/wp-json\/wp\/v2\/product_cat?post=576169"},{"taxonomy":"product_tag","embeddable":true,"href":"https:\/\/perle-in.com\/en\/wp-json\/wp\/v2\/product_tag?post=576169"}],"curies":[{"name":"wp","href":"https:\/\/api.w.org\/{rel}","templated":true}]}}