{"id":576158,"date":"2025-10-16T05:57:24","date_gmt":"2025-10-16T03:57:24","guid":{"rendered":"https:\/\/perle-in.com\/produit\/porte-cles-fidget-controleur-fidgix\/"},"modified":"2025-10-16T05:57:25","modified_gmt":"2025-10-16T03:57:25","slug":"porte-cles-fidget-controleur-fidgix","status":"publish","type":"product","link":"https:\/\/perle-in.com\/en\/product\/porte-cles-fidget-controleur-fidgix\/","title":{"rendered":"Porte-cl\u00e9s fidget contr\u00f4leur Fidgix"},"content":{"rendered":"","protected":false},"excerpt":{"rendered":"<p>Le porte-cl\u00e9s manette Fidgix est un porte-cl\u00e9s amusant et portable qui soulage le stress, con\u00e7u pour les joueurs et tous ceux qui ont besoin d\u2019une pause mentale rapide. Avec son design de mini-manette de jeu, il est parfait pour s\u2019amuser pendant votre temps libre. Compact et l\u00e9ger, il se fixe facilement \u00e0 vos cl\u00e9s, votre sac \u00e0 dos ou votre sac, pour des sensations tactiles apaisantes toujours \u00e0 port\u00e9e de main.<\/p>","protected":false},"featured_media":576153,"template":"","meta":{"_eb_attr":""},"product_brand":[],"product_cat":[400,409],"product_tag":[2755,837,1021,836,407,1376],"class_list":{"0":"post-576158","1":"product","2":"type-product","3":"status-publish","4":"has-post-thumbnail","6":"product_cat-accessoires","7":"product_cat-porte-cls","8":"product_tag-accessoire","9":"product_tag-durable","10":"product_tag-porte-cles","11":"product_tag-recycle","12":"product_tag-stress","13":"product_tag-trousseau-de-cles","14":"pa_couleurs-noir","15":"pa_matiere-50-plastique-abs-10-silicone-40-fer","17":"first","18":"instock","19":"shipping-taxable","20":"purchasable","21":"product-type-variable"},"yoast_head":"<!-- This site is optimized with the Yoast SEO plugin v27.4 - https:\/\/yoast.com\/product\/yoast-seo-wordpress\/ -->\n<title>Porte-cl\u00e9s fidget contr\u00f4leur Fidgix - PERLE IN<\/title>\n<meta name=\"robots\" content=\"noindex, follow, max-snippet:-1, max-image-preview:large, max-video-preview:-1\" \/>\n<meta property=\"og:locale\" content=\"en_US\" \/>\n<meta property=\"og:type\" content=\"article\" \/>\n<meta property=\"og:title\" content=\"Porte-cl\u00e9s fidget contr\u00f4leur Fidgix - PERLE IN\" \/>\n<meta property=\"og:description\" content=\"Le porte-cl\u00e9s manette Fidgix est un porte-cl\u00e9s amusant et portable qui soulage le stress, con\u00e7u pour les joueurs et tous ceux qui ont besoin d\u2019une pause mentale rapide. Avec son design de mini-manette de jeu, il est parfait pour s\u2019amuser pendant votre temps libre. Compact et l\u00e9ger, il se fixe facilement \u00e0 vos cl\u00e9s, votre sac \u00e0 dos ou votre sac, pour des sensations tactiles apaisantes toujours \u00e0 port\u00e9e de main.\" \/>\n<meta property=\"og:url\" content=\"https:\/\/perle-in.com\/en\/product\/porte-cles-fidget-controleur-fidgix\/\" \/>\n<meta property=\"og:site_name\" content=\"PERLE IN\" \/>\n<meta property=\"article:modified_time\" content=\"2025-10-16T03:57:25+00:00\" \/>\n<meta property=\"og:image\" content=\"https:\/\/perle-in.com\/wp-content\/uploads\/2025\/10\/12634490-1.jpg\" \/>\n\t<meta property=\"og:image:width\" content=\"1600\" \/>\n\t<meta property=\"og:image:height\" content=\"1600\" \/>\n\t<meta property=\"og:image:type\" content=\"image\/jpeg\" \/>\n<meta name=\"twitter:card\" content=\"summary_large_image\" \/>\n<script type=\"application\/ld+json\" class=\"yoast-schema-graph\">{\"@context\":\"https:\\\/\\\/schema.org\",\"@graph\":[{\"@type\":\"WebPage\",\"@id\":\"https:\\\/\\\/perle-in.com\\\/produit\\\/porte-cles-fidget-controleur-fidgix\\\/\",\"url\":\"https:\\\/\\\/perle-in.com\\\/produit\\\/porte-cles-fidget-controleur-fidgix\\\/\",\"name\":\"Porte-cl\u00e9s fidget contr\u00f4leur Fidgix - PERLE IN\",\"isPartOf\":{\"@id\":\"https:\\\/\\\/perle-in.com\\\/#website\"},\"primaryImageOfPage\":{\"@id\":\"https:\\\/\\\/perle-in.com\\\/produit\\\/porte-cles-fidget-controleur-fidgix\\\/#primaryimage\"},\"image\":{\"@id\":\"https:\\\/\\\/perle-in.com\\\/produit\\\/porte-cles-fidget-controleur-fidgix\\\/#primaryimage\"},\"thumbnailUrl\":\"https:\\\/\\\/perle-in.com\\\/wp-content\\\/uploads\\\/2025\\\/10\\\/12634490-1.jpg\",\"datePublished\":\"2025-10-16T03:57:24+00:00\",\"dateModified\":\"2025-10-16T03:57:25+00:00\",\"breadcrumb\":{\"@id\":\"https:\\\/\\\/perle-in.com\\\/produit\\\/porte-cles-fidget-controleur-fidgix\\\/#breadcrumb\"},\"inLanguage\":\"en-CA\",\"potentialAction\":[{\"@type\":\"ReadAction\",\"target\":[\"https:\\\/\\\/perle-in.com\\\/produit\\\/porte-cles-fidget-controleur-fidgix\\\/\"]}]},{\"@type\":\"ImageObject\",\"inLanguage\":\"en-CA\",\"@id\":\"https:\\\/\\\/perle-in.com\\\/produit\\\/porte-cles-fidget-controleur-fidgix\\\/#primaryimage\",\"url\":\"https:\\\/\\\/perle-in.com\\\/wp-content\\\/uploads\\\/2025\\\/10\\\/12634490-1.jpg\",\"contentUrl\":\"https:\\\/\\\/perle-in.com\\\/wp-content\\\/uploads\\\/2025\\\/10\\\/12634490-1.jpg\",\"width\":1600,\"height\":1600},{\"@type\":\"BreadcrumbList\",\"@id\":\"https:\\\/\\\/perle-in.com\\\/produit\\\/porte-cles-fidget-controleur-fidgix\\\/#breadcrumb\",\"itemListElement\":[{\"@type\":\"ListItem\",\"position\":1,\"name\":\"Accueil\",\"item\":\"https:\\\/\\\/perle-in.com\\\/\"},{\"@type\":\"ListItem\",\"position\":2,\"name\":\"Boutique\",\"item\":\"https:\\\/\\\/perle-in.com\\\/boutique\\\/\"},{\"@type\":\"ListItem\",\"position\":3,\"name\":\"Porte-cl\u00e9s fidget contr\u00f4leur Fidgix\"}]},{\"@type\":\"WebSite\",\"@id\":\"https:\\\/\\\/perle-in.com\\\/#website\",\"url\":\"https:\\\/\\\/perle-in.com\\\/\",\"name\":\"PERLE IN\",\"description\":\"\",\"publisher\":{\"@id\":\"https:\\\/\\\/perle-in.com\\\/#organization\"},\"potentialAction\":[{\"@type\":\"SearchAction\",\"target\":{\"@type\":\"EntryPoint\",\"urlTemplate\":\"https:\\\/\\\/perle-in.com\\\/?s={search_term_string}\"},\"query-input\":{\"@type\":\"PropertyValueSpecification\",\"valueRequired\":true,\"valueName\":\"search_term_string\"}}],\"inLanguage\":\"en-CA\"},{\"@type\":\"Organization\",\"@id\":\"https:\\\/\\\/perle-in.com\\\/#organization\",\"name\":\"PERLE IN\",\"url\":\"https:\\\/\\\/perle-in.com\\\/\",\"logo\":{\"@type\":\"ImageObject\",\"inLanguage\":\"en-CA\",\"@id\":\"https:\\\/\\\/perle-in.com\\\/#\\\/schema\\\/logo\\\/image\\\/\",\"url\":\"https:\\\/\\\/perle-in.com\\\/wp-content\\\/uploads\\\/2022\\\/12\\\/LOGO-PERLE-IN-COULEUR@3x.webp\",\"contentUrl\":\"https:\\\/\\\/perle-in.com\\\/wp-content\\\/uploads\\\/2022\\\/12\\\/LOGO-PERLE-IN-COULEUR@3x.webp\",\"width\":1600,\"height\":490,\"caption\":\"PERLE IN\"},\"image\":{\"@id\":\"https:\\\/\\\/perle-in.com\\\/#\\\/schema\\\/logo\\\/image\\\/\"}}]}<\/script>\n<!-- \/ Yoast SEO plugin. -->","yoast_head_json":{"title":"Porte-cl\u00e9s fidget contr\u00f4leur Fidgix - PERLE IN","robots":{"index":"noindex","follow":"follow","max-snippet":"max-snippet:-1","max-image-preview":"max-image-preview:large","max-video-preview":"max-video-preview:-1"},"og_locale":"en_US","og_type":"article","og_title":"Porte-cl\u00e9s fidget contr\u00f4leur Fidgix - PERLE IN","og_description":"Le porte-cl\u00e9s manette Fidgix est un porte-cl\u00e9s amusant et portable qui soulage le stress, con\u00e7u pour les joueurs et tous ceux qui ont besoin d\u2019une pause mentale rapide. Avec son design de mini-manette de jeu, il est parfait pour s\u2019amuser pendant votre temps libre. Compact et l\u00e9ger, il se fixe facilement \u00e0 vos cl\u00e9s, votre sac \u00e0 dos ou votre sac, pour des sensations tactiles apaisantes toujours \u00e0 port\u00e9e de main.","og_url":"https:\/\/perle-in.com\/en\/product\/porte-cles-fidget-controleur-fidgix\/","og_site_name":"PERLE IN","article_modified_time":"2025-10-16T03:57:25+00:00","og_image":[{"width":1600,"height":1600,"url":"https:\/\/perle-in.com\/wp-content\/uploads\/2025\/10\/12634490-1.jpg","type":"image\/jpeg"}],"twitter_card":"summary_large_image","schema":{"@context":"https:\/\/schema.org","@graph":[{"@type":"WebPage","@id":"https:\/\/perle-in.com\/produit\/porte-cles-fidget-controleur-fidgix\/","url":"https:\/\/perle-in.com\/produit\/porte-cles-fidget-controleur-fidgix\/","name":"Porte-cl\u00e9s fidget contr\u00f4leur Fidgix - PERLE IN","isPartOf":{"@id":"https:\/\/perle-in.com\/#website"},"primaryImageOfPage":{"@id":"https:\/\/perle-in.com\/produit\/porte-cles-fidget-controleur-fidgix\/#primaryimage"},"image":{"@id":"https:\/\/perle-in.com\/produit\/porte-cles-fidget-controleur-fidgix\/#primaryimage"},"thumbnailUrl":"https:\/\/perle-in.com\/wp-content\/uploads\/2025\/10\/12634490-1.jpg","datePublished":"2025-10-16T03:57:24+00:00","dateModified":"2025-10-16T03:57:25+00:00","breadcrumb":{"@id":"https:\/\/perle-in.com\/produit\/porte-cles-fidget-controleur-fidgix\/#breadcrumb"},"inLanguage":"en-CA","potentialAction":[{"@type":"ReadAction","target":["https:\/\/perle-in.com\/produit\/porte-cles-fidget-controleur-fidgix\/"]}]},{"@type":"ImageObject","inLanguage":"en-CA","@id":"https:\/\/perle-in.com\/produit\/porte-cles-fidget-controleur-fidgix\/#primaryimage","url":"https:\/\/perle-in.com\/wp-content\/uploads\/2025\/10\/12634490-1.jpg","contentUrl":"https:\/\/perle-in.com\/wp-content\/uploads\/2025\/10\/12634490-1.jpg","width":1600,"height":1600},{"@type":"BreadcrumbList","@id":"https:\/\/perle-in.com\/produit\/porte-cles-fidget-controleur-fidgix\/#breadcrumb","itemListElement":[{"@type":"ListItem","position":1,"name":"Accueil","item":"https:\/\/perle-in.com\/"},{"@type":"ListItem","position":2,"name":"Boutique","item":"https:\/\/perle-in.com\/boutique\/"},{"@type":"ListItem","position":3,"name":"Porte-cl\u00e9s fidget contr\u00f4leur Fidgix"}]},{"@type":"WebSite","@id":"https:\/\/perle-in.com\/#website","url":"https:\/\/perle-in.com\/","name":"PERLE IN","description":"","publisher":{"@id":"https:\/\/perle-in.com\/#organization"},"potentialAction":[{"@type":"SearchAction","target":{"@type":"EntryPoint","urlTemplate":"https:\/\/perle-in.com\/?s={search_term_string}"},"query-input":{"@type":"PropertyValueSpecification","valueRequired":true,"valueName":"search_term_string"}}],"inLanguage":"en-CA"},{"@type":"Organization","@id":"https:\/\/perle-in.com\/#organization","name":"PERLE IN","url":"https:\/\/perle-in.com\/","logo":{"@type":"ImageObject","inLanguage":"en-CA","@id":"https:\/\/perle-in.com\/#\/schema\/logo\/image\/","url":"https:\/\/perle-in.com\/wp-content\/uploads\/2022\/12\/LOGO-PERLE-IN-COULEUR@3x.webp","contentUrl":"https:\/\/perle-in.com\/wp-content\/uploads\/2022\/12\/LOGO-PERLE-IN-COULEUR@3x.webp","width":1600,"height":490,"caption":"PERLE IN"},"image":{"@id":"https:\/\/perle-in.com\/#\/schema\/logo\/image\/"}}]}},"jetpack_sharing_enabled":true,"_links":{"self":[{"href":"https:\/\/perle-in.com\/en\/wp-json\/wp\/v2\/product\/576158","targetHints":{"allow":["GET"]}}],"collection":[{"href":"https:\/\/perle-in.com\/en\/wp-json\/wp\/v2\/product"}],"about":[{"href":"https:\/\/perle-in.com\/en\/wp-json\/wp\/v2\/types\/product"}],"version-history":[{"count":0,"href":"https:\/\/perle-in.com\/en\/wp-json\/wp\/v2\/product\/576158\/revisions"}],"wp:featuredmedia":[{"embeddable":true,"href":"https:\/\/perle-in.com\/en\/wp-json\/wp\/v2\/media\/576153"}],"wp:attachment":[{"href":"https:\/\/perle-in.com\/en\/wp-json\/wp\/v2\/media?parent=576158"}],"wp:term":[{"taxonomy":"product_brand","embeddable":true,"href":"https:\/\/perle-in.com\/en\/wp-json\/wp\/v2\/product_brand?post=576158"},{"taxonomy":"product_cat","embeddable":true,"href":"https:\/\/perle-in.com\/en\/wp-json\/wp\/v2\/product_cat?post=576158"},{"taxonomy":"product_tag","embeddable":true,"href":"https:\/\/perle-in.com\/en\/wp-json\/wp\/v2\/product_tag?post=576158"}],"curies":[{"name":"wp","href":"https:\/\/api.w.org\/{rel}","templated":true}]}}