{"id":576151,"date":"2025-10-16T05:55:59","date_gmt":"2025-10-16T03:55:59","guid":{"rendered":"https:\/\/perle-in.com\/produit\/porte-cles-fidget-gyroscope-en-plastique-recycle-spinx\/"},"modified":"2025-10-16T05:56:00","modified_gmt":"2025-10-16T03:56:00","slug":"porte-cles-fidget-gyroscope-en-plastique-recycle-spinx","status":"publish","type":"product","link":"https:\/\/perle-in.com\/en\/product\/porte-cles-fidget-gyroscope-en-plastique-recycle-spinx\/","title":{"rendered":"Porte-cl\u00e9s fidget gyroscope en plastique recycl\u00e9 Spinx"},"content":{"rendered":"","protected":false},"excerpt":{"rendered":"<p>Le porte-cl\u00e9s gyroscope Spinx, fabriqu\u00e9 \u00e0 partir de plastique recycl\u00e9, est un accessoire unique et attrayant qui offre des heures d\u2019amusement gr\u00e2ce \u00e0 son mouvement de rotation fluide. Compact et portable, il est parfait pour soulager le stress, se concentrer ou simplement satisfaire un besoin de stimulation tactile.<\/p>","protected":false},"featured_media":576145,"template":"","meta":{"_eb_attr":""},"product_brand":[],"product_cat":[400,409],"product_tag":[2755,837,4065,1021,836,407,1376],"class_list":{"0":"post-576151","1":"product","2":"type-product","3":"status-publish","4":"has-post-thumbnail","6":"product_cat-accessoires","7":"product_cat-porte-cls","8":"product_tag-accessoire","9":"product_tag-durable","10":"product_tag-gyroscope","11":"product_tag-porte-cles","12":"product_tag-recycle","13":"product_tag-stress","14":"product_tag-trousseau-de-cles","15":"pa_couleurs-noir","16":"pa_green-points-1621","17":"pa_matiere-50-plastique-recycle-abs-5-silicone-45-fer","19":"first","20":"instock","21":"shipping-taxable","22":"purchasable","23":"product-type-variable"},"yoast_head":"<!-- This site is optimized with the Yoast SEO plugin v27.4 - https:\/\/yoast.com\/product\/yoast-seo-wordpress\/ -->\n<title>Porte-cl\u00e9s fidget gyroscope en plastique recycl\u00e9 Spinx - PERLE IN<\/title>\n<meta name=\"robots\" content=\"noindex, follow, max-snippet:-1, max-image-preview:large, max-video-preview:-1\" \/>\n<meta property=\"og:locale\" content=\"en_US\" \/>\n<meta property=\"og:type\" content=\"article\" \/>\n<meta property=\"og:title\" content=\"Porte-cl\u00e9s fidget gyroscope en plastique recycl\u00e9 Spinx - PERLE IN\" \/>\n<meta property=\"og:description\" content=\"Le porte-cl\u00e9s gyroscope Spinx, fabriqu\u00e9 \u00e0 partir de plastique recycl\u00e9, est un accessoire unique et attrayant qui offre des heures d\u2019amusement gr\u00e2ce \u00e0 son mouvement de rotation fluide. Compact et portable, il est parfait pour soulager le stress, se concentrer ou simplement satisfaire un besoin de stimulation tactile.\" \/>\n<meta property=\"og:url\" content=\"https:\/\/perle-in.com\/en\/product\/porte-cles-fidget-gyroscope-en-plastique-recycle-spinx\/\" \/>\n<meta property=\"og:site_name\" content=\"PERLE IN\" \/>\n<meta property=\"article:modified_time\" content=\"2025-10-16T03:56:00+00:00\" \/>\n<meta property=\"og:image\" content=\"https:\/\/perle-in.com\/wp-content\/uploads\/2025\/10\/12634290-1.jpg\" \/>\n\t<meta property=\"og:image:width\" content=\"1600\" \/>\n\t<meta property=\"og:image:height\" content=\"1600\" \/>\n\t<meta property=\"og:image:type\" content=\"image\/jpeg\" \/>\n<meta name=\"twitter:card\" content=\"summary_large_image\" \/>\n<script type=\"application\/ld+json\" class=\"yoast-schema-graph\">{\"@context\":\"https:\\\/\\\/schema.org\",\"@graph\":[{\"@type\":\"WebPage\",\"@id\":\"https:\\\/\\\/perle-in.com\\\/produit\\\/porte-cles-fidget-gyroscope-en-plastique-recycle-spinx\\\/\",\"url\":\"https:\\\/\\\/perle-in.com\\\/produit\\\/porte-cles-fidget-gyroscope-en-plastique-recycle-spinx\\\/\",\"name\":\"Porte-cl\u00e9s fidget gyroscope en plastique recycl\u00e9 Spinx - PERLE IN\",\"isPartOf\":{\"@id\":\"https:\\\/\\\/perle-in.com\\\/#website\"},\"primaryImageOfPage\":{\"@id\":\"https:\\\/\\\/perle-in.com\\\/produit\\\/porte-cles-fidget-gyroscope-en-plastique-recycle-spinx\\\/#primaryimage\"},\"image\":{\"@id\":\"https:\\\/\\\/perle-in.com\\\/produit\\\/porte-cles-fidget-gyroscope-en-plastique-recycle-spinx\\\/#primaryimage\"},\"thumbnailUrl\":\"https:\\\/\\\/perle-in.com\\\/wp-content\\\/uploads\\\/2025\\\/10\\\/12634290-1.jpg\",\"datePublished\":\"2025-10-16T03:55:59+00:00\",\"dateModified\":\"2025-10-16T03:56:00+00:00\",\"breadcrumb\":{\"@id\":\"https:\\\/\\\/perle-in.com\\\/produit\\\/porte-cles-fidget-gyroscope-en-plastique-recycle-spinx\\\/#breadcrumb\"},\"inLanguage\":\"en-CA\",\"potentialAction\":[{\"@type\":\"ReadAction\",\"target\":[\"https:\\\/\\\/perle-in.com\\\/produit\\\/porte-cles-fidget-gyroscope-en-plastique-recycle-spinx\\\/\"]}]},{\"@type\":\"ImageObject\",\"inLanguage\":\"en-CA\",\"@id\":\"https:\\\/\\\/perle-in.com\\\/produit\\\/porte-cles-fidget-gyroscope-en-plastique-recycle-spinx\\\/#primaryimage\",\"url\":\"https:\\\/\\\/perle-in.com\\\/wp-content\\\/uploads\\\/2025\\\/10\\\/12634290-1.jpg\",\"contentUrl\":\"https:\\\/\\\/perle-in.com\\\/wp-content\\\/uploads\\\/2025\\\/10\\\/12634290-1.jpg\",\"width\":1600,\"height\":1600},{\"@type\":\"BreadcrumbList\",\"@id\":\"https:\\\/\\\/perle-in.com\\\/produit\\\/porte-cles-fidget-gyroscope-en-plastique-recycle-spinx\\\/#breadcrumb\",\"itemListElement\":[{\"@type\":\"ListItem\",\"position\":1,\"name\":\"Accueil\",\"item\":\"https:\\\/\\\/perle-in.com\\\/\"},{\"@type\":\"ListItem\",\"position\":2,\"name\":\"Boutique\",\"item\":\"https:\\\/\\\/perle-in.com\\\/boutique\\\/\"},{\"@type\":\"ListItem\",\"position\":3,\"name\":\"Porte-cl\u00e9s fidget gyroscope en plastique recycl\u00e9 Spinx\"}]},{\"@type\":\"WebSite\",\"@id\":\"https:\\\/\\\/perle-in.com\\\/#website\",\"url\":\"https:\\\/\\\/perle-in.com\\\/\",\"name\":\"PERLE IN\",\"description\":\"\",\"publisher\":{\"@id\":\"https:\\\/\\\/perle-in.com\\\/#organization\"},\"potentialAction\":[{\"@type\":\"SearchAction\",\"target\":{\"@type\":\"EntryPoint\",\"urlTemplate\":\"https:\\\/\\\/perle-in.com\\\/?s={search_term_string}\"},\"query-input\":{\"@type\":\"PropertyValueSpecification\",\"valueRequired\":true,\"valueName\":\"search_term_string\"}}],\"inLanguage\":\"en-CA\"},{\"@type\":\"Organization\",\"@id\":\"https:\\\/\\\/perle-in.com\\\/#organization\",\"name\":\"PERLE IN\",\"url\":\"https:\\\/\\\/perle-in.com\\\/\",\"logo\":{\"@type\":\"ImageObject\",\"inLanguage\":\"en-CA\",\"@id\":\"https:\\\/\\\/perle-in.com\\\/#\\\/schema\\\/logo\\\/image\\\/\",\"url\":\"https:\\\/\\\/perle-in.com\\\/wp-content\\\/uploads\\\/2022\\\/12\\\/LOGO-PERLE-IN-COULEUR@3x.webp\",\"contentUrl\":\"https:\\\/\\\/perle-in.com\\\/wp-content\\\/uploads\\\/2022\\\/12\\\/LOGO-PERLE-IN-COULEUR@3x.webp\",\"width\":1600,\"height\":490,\"caption\":\"PERLE IN\"},\"image\":{\"@id\":\"https:\\\/\\\/perle-in.com\\\/#\\\/schema\\\/logo\\\/image\\\/\"}}]}<\/script>\n<!-- \/ Yoast SEO plugin. -->","yoast_head_json":{"title":"Porte-cl\u00e9s fidget gyroscope en plastique recycl\u00e9 Spinx - PERLE IN","robots":{"index":"noindex","follow":"follow","max-snippet":"max-snippet:-1","max-image-preview":"max-image-preview:large","max-video-preview":"max-video-preview:-1"},"og_locale":"en_US","og_type":"article","og_title":"Porte-cl\u00e9s fidget gyroscope en plastique recycl\u00e9 Spinx - PERLE IN","og_description":"Le porte-cl\u00e9s gyroscope Spinx, fabriqu\u00e9 \u00e0 partir de plastique recycl\u00e9, est un accessoire unique et attrayant qui offre des heures d\u2019amusement gr\u00e2ce \u00e0 son mouvement de rotation fluide. Compact et portable, il est parfait pour soulager le stress, se concentrer ou simplement satisfaire un besoin de stimulation tactile.","og_url":"https:\/\/perle-in.com\/en\/product\/porte-cles-fidget-gyroscope-en-plastique-recycle-spinx\/","og_site_name":"PERLE IN","article_modified_time":"2025-10-16T03:56:00+00:00","og_image":[{"width":1600,"height":1600,"url":"https:\/\/perle-in.com\/wp-content\/uploads\/2025\/10\/12634290-1.jpg","type":"image\/jpeg"}],"twitter_card":"summary_large_image","schema":{"@context":"https:\/\/schema.org","@graph":[{"@type":"WebPage","@id":"https:\/\/perle-in.com\/produit\/porte-cles-fidget-gyroscope-en-plastique-recycle-spinx\/","url":"https:\/\/perle-in.com\/produit\/porte-cles-fidget-gyroscope-en-plastique-recycle-spinx\/","name":"Porte-cl\u00e9s fidget gyroscope en plastique recycl\u00e9 Spinx - PERLE IN","isPartOf":{"@id":"https:\/\/perle-in.com\/#website"},"primaryImageOfPage":{"@id":"https:\/\/perle-in.com\/produit\/porte-cles-fidget-gyroscope-en-plastique-recycle-spinx\/#primaryimage"},"image":{"@id":"https:\/\/perle-in.com\/produit\/porte-cles-fidget-gyroscope-en-plastique-recycle-spinx\/#primaryimage"},"thumbnailUrl":"https:\/\/perle-in.com\/wp-content\/uploads\/2025\/10\/12634290-1.jpg","datePublished":"2025-10-16T03:55:59+00:00","dateModified":"2025-10-16T03:56:00+00:00","breadcrumb":{"@id":"https:\/\/perle-in.com\/produit\/porte-cles-fidget-gyroscope-en-plastique-recycle-spinx\/#breadcrumb"},"inLanguage":"en-CA","potentialAction":[{"@type":"ReadAction","target":["https:\/\/perle-in.com\/produit\/porte-cles-fidget-gyroscope-en-plastique-recycle-spinx\/"]}]},{"@type":"ImageObject","inLanguage":"en-CA","@id":"https:\/\/perle-in.com\/produit\/porte-cles-fidget-gyroscope-en-plastique-recycle-spinx\/#primaryimage","url":"https:\/\/perle-in.com\/wp-content\/uploads\/2025\/10\/12634290-1.jpg","contentUrl":"https:\/\/perle-in.com\/wp-content\/uploads\/2025\/10\/12634290-1.jpg","width":1600,"height":1600},{"@type":"BreadcrumbList","@id":"https:\/\/perle-in.com\/produit\/porte-cles-fidget-gyroscope-en-plastique-recycle-spinx\/#breadcrumb","itemListElement":[{"@type":"ListItem","position":1,"name":"Accueil","item":"https:\/\/perle-in.com\/"},{"@type":"ListItem","position":2,"name":"Boutique","item":"https:\/\/perle-in.com\/boutique\/"},{"@type":"ListItem","position":3,"name":"Porte-cl\u00e9s fidget gyroscope en plastique recycl\u00e9 Spinx"}]},{"@type":"WebSite","@id":"https:\/\/perle-in.com\/#website","url":"https:\/\/perle-in.com\/","name":"PERLE IN","description":"","publisher":{"@id":"https:\/\/perle-in.com\/#organization"},"potentialAction":[{"@type":"SearchAction","target":{"@type":"EntryPoint","urlTemplate":"https:\/\/perle-in.com\/?s={search_term_string}"},"query-input":{"@type":"PropertyValueSpecification","valueRequired":true,"valueName":"search_term_string"}}],"inLanguage":"en-CA"},{"@type":"Organization","@id":"https:\/\/perle-in.com\/#organization","name":"PERLE IN","url":"https:\/\/perle-in.com\/","logo":{"@type":"ImageObject","inLanguage":"en-CA","@id":"https:\/\/perle-in.com\/#\/schema\/logo\/image\/","url":"https:\/\/perle-in.com\/wp-content\/uploads\/2022\/12\/LOGO-PERLE-IN-COULEUR@3x.webp","contentUrl":"https:\/\/perle-in.com\/wp-content\/uploads\/2022\/12\/LOGO-PERLE-IN-COULEUR@3x.webp","width":1600,"height":490,"caption":"PERLE IN"},"image":{"@id":"https:\/\/perle-in.com\/#\/schema\/logo\/image\/"}}]}},"jetpack_sharing_enabled":true,"_links":{"self":[{"href":"https:\/\/perle-in.com\/en\/wp-json\/wp\/v2\/product\/576151","targetHints":{"allow":["GET"]}}],"collection":[{"href":"https:\/\/perle-in.com\/en\/wp-json\/wp\/v2\/product"}],"about":[{"href":"https:\/\/perle-in.com\/en\/wp-json\/wp\/v2\/types\/product"}],"version-history":[{"count":0,"href":"https:\/\/perle-in.com\/en\/wp-json\/wp\/v2\/product\/576151\/revisions"}],"wp:featuredmedia":[{"embeddable":true,"href":"https:\/\/perle-in.com\/en\/wp-json\/wp\/v2\/media\/576145"}],"wp:attachment":[{"href":"https:\/\/perle-in.com\/en\/wp-json\/wp\/v2\/media?parent=576151"}],"wp:term":[{"taxonomy":"product_brand","embeddable":true,"href":"https:\/\/perle-in.com\/en\/wp-json\/wp\/v2\/product_brand?post=576151"},{"taxonomy":"product_cat","embeddable":true,"href":"https:\/\/perle-in.com\/en\/wp-json\/wp\/v2\/product_cat?post=576151"},{"taxonomy":"product_tag","embeddable":true,"href":"https:\/\/perle-in.com\/en\/wp-json\/wp\/v2\/product_tag?post=576151"}],"curies":[{"name":"wp","href":"https:\/\/api.w.org\/{rel}","templated":true}]}}