{"id":576126,"date":"2025-10-16T05:53:37","date_gmt":"2025-10-16T03:53:37","guid":{"rendered":"https:\/\/perle-in.com\/produit\/lunch-box-et-ensemble-de-couverts-snappy-1000-ml\/"},"modified":"2025-10-16T05:53:41","modified_gmt":"2025-10-16T03:53:41","slug":"lunch-box-et-ensemble-de-couverts-snappy-1000-ml","status":"publish","type":"product","link":"https:\/\/perle-in.com\/en\/product\/lunch-box-et-ensemble-de-couverts-snappy-1000-ml\/","title":{"rendered":"Lunch box et ensemble de couverts Snappy 1000 ml"},"content":{"rendered":"","protected":false},"excerpt":{"rendered":"<p>L\u2019heure des repas devient un jeu d\u2019enfant gr\u00e2ce \u00e0 cette lunch box \u00e9l\u00e9gante et \u00e0 son ensemble de couverts assortis. Dot\u00e9e d\u2019un compartiment spacieux, elle garde vos aliments bien au frais, organis\u00e9s et pr\u00eats \u00e0 \u00eatre d\u00e9gust\u00e9s. Les couverts inclus se rangent dans un compartiment s\u00e9par\u00e9 sur le dessus de la bo\u00eete \u00e0 lunch, pour un transport facile au travail, \u00e0 l\u2019\u00e9cole ou en voyage. Capacit\u00e9 de 1000 ml<\/p>","protected":false},"featured_media":576116,"template":"","meta":{"_eb_attr":""},"product_brand":[],"product_cat":[1232,150],"product_tag":[3372,3373,2828,3111,880],"class_list":{"0":"post-576126","1":"product","2":"type-product","3":"status-publish","4":"has-post-thumbnail","6":"product_cat-boites-repas","7":"product_cat-maison-et-cuisine","8":"product_tag-boite-a-repas","9":"product_tag-ecole","10":"product_tag-lunch","11":"product_tag-lunch-box","12":"product_tag-nourriture","13":"pa_couleurs-blanc","14":"pa_couleurs-bleu","15":"pa_couleurs-noir","16":"pa_couleurs-rouge","18":"first","19":"instock","20":"shipping-taxable","21":"purchasable","22":"product-type-variable"},"yoast_head":"<!-- This site is optimized with the Yoast SEO plugin v27.4 - https:\/\/yoast.com\/product\/yoast-seo-wordpress\/ -->\n<title>Lunch box et ensemble de couverts Snappy 1000 ml - PERLE IN<\/title>\n<meta name=\"robots\" content=\"noindex, follow, max-snippet:-1, max-image-preview:large, max-video-preview:-1\" \/>\n<meta property=\"og:locale\" content=\"en_US\" \/>\n<meta property=\"og:type\" content=\"article\" \/>\n<meta property=\"og:title\" content=\"Lunch box et ensemble de couverts Snappy 1000 ml - PERLE IN\" \/>\n<meta property=\"og:description\" content=\"L\u2019heure des repas devient un jeu d\u2019enfant gr\u00e2ce \u00e0 cette lunch box \u00e9l\u00e9gante et \u00e0 son ensemble de couverts assortis. Dot\u00e9e d\u2019un compartiment spacieux, elle garde vos aliments bien au frais, organis\u00e9s et pr\u00eats \u00e0 \u00eatre d\u00e9gust\u00e9s. Les couverts inclus se rangent dans un compartiment s\u00e9par\u00e9 sur le dessus de la bo\u00eete \u00e0 lunch, pour un transport facile au travail, \u00e0 l\u2019\u00e9cole ou en voyage. Capacit\u00e9 de 1000 ml\" \/>\n<meta property=\"og:url\" content=\"https:\/\/perle-in.com\/en\/product\/lunch-box-et-ensemble-de-couverts-snappy-1000-ml\/\" \/>\n<meta property=\"og:site_name\" content=\"PERLE IN\" \/>\n<meta property=\"article:modified_time\" content=\"2025-10-16T03:53:41+00:00\" \/>\n<meta property=\"og:image\" content=\"https:\/\/perle-in.com\/wp-content\/uploads\/2025\/10\/11342001-1.jpg\" \/>\n\t<meta property=\"og:image:width\" content=\"1600\" \/>\n\t<meta property=\"og:image:height\" content=\"1600\" \/>\n\t<meta property=\"og:image:type\" content=\"image\/jpeg\" \/>\n<meta name=\"twitter:card\" content=\"summary_large_image\" \/>\n<script type=\"application\/ld+json\" class=\"yoast-schema-graph\">{\"@context\":\"https:\\\/\\\/schema.org\",\"@graph\":[{\"@type\":\"WebPage\",\"@id\":\"https:\\\/\\\/perle-in.com\\\/produit\\\/lunch-box-et-ensemble-de-couverts-snappy-1000-ml\\\/\",\"url\":\"https:\\\/\\\/perle-in.com\\\/produit\\\/lunch-box-et-ensemble-de-couverts-snappy-1000-ml\\\/\",\"name\":\"Lunch box et ensemble de couverts Snappy 1000 ml - PERLE IN\",\"isPartOf\":{\"@id\":\"https:\\\/\\\/perle-in.com\\\/#website\"},\"primaryImageOfPage\":{\"@id\":\"https:\\\/\\\/perle-in.com\\\/produit\\\/lunch-box-et-ensemble-de-couverts-snappy-1000-ml\\\/#primaryimage\"},\"image\":{\"@id\":\"https:\\\/\\\/perle-in.com\\\/produit\\\/lunch-box-et-ensemble-de-couverts-snappy-1000-ml\\\/#primaryimage\"},\"thumbnailUrl\":\"https:\\\/\\\/perle-in.com\\\/wp-content\\\/uploads\\\/2025\\\/10\\\/11342001-1.jpg\",\"datePublished\":\"2025-10-16T03:53:37+00:00\",\"dateModified\":\"2025-10-16T03:53:41+00:00\",\"breadcrumb\":{\"@id\":\"https:\\\/\\\/perle-in.com\\\/produit\\\/lunch-box-et-ensemble-de-couverts-snappy-1000-ml\\\/#breadcrumb\"},\"inLanguage\":\"en-CA\",\"potentialAction\":[{\"@type\":\"ReadAction\",\"target\":[\"https:\\\/\\\/perle-in.com\\\/produit\\\/lunch-box-et-ensemble-de-couverts-snappy-1000-ml\\\/\"]}]},{\"@type\":\"ImageObject\",\"inLanguage\":\"en-CA\",\"@id\":\"https:\\\/\\\/perle-in.com\\\/produit\\\/lunch-box-et-ensemble-de-couverts-snappy-1000-ml\\\/#primaryimage\",\"url\":\"https:\\\/\\\/perle-in.com\\\/wp-content\\\/uploads\\\/2025\\\/10\\\/11342001-1.jpg\",\"contentUrl\":\"https:\\\/\\\/perle-in.com\\\/wp-content\\\/uploads\\\/2025\\\/10\\\/11342001-1.jpg\",\"width\":1600,\"height\":1600},{\"@type\":\"BreadcrumbList\",\"@id\":\"https:\\\/\\\/perle-in.com\\\/produit\\\/lunch-box-et-ensemble-de-couverts-snappy-1000-ml\\\/#breadcrumb\",\"itemListElement\":[{\"@type\":\"ListItem\",\"position\":1,\"name\":\"Accueil\",\"item\":\"https:\\\/\\\/perle-in.com\\\/\"},{\"@type\":\"ListItem\",\"position\":2,\"name\":\"Boutique\",\"item\":\"https:\\\/\\\/perle-in.com\\\/boutique\\\/\"},{\"@type\":\"ListItem\",\"position\":3,\"name\":\"Lunch box et ensemble de couverts Snappy 1000 ml\"}]},{\"@type\":\"WebSite\",\"@id\":\"https:\\\/\\\/perle-in.com\\\/#website\",\"url\":\"https:\\\/\\\/perle-in.com\\\/\",\"name\":\"PERLE IN\",\"description\":\"\",\"publisher\":{\"@id\":\"https:\\\/\\\/perle-in.com\\\/#organization\"},\"potentialAction\":[{\"@type\":\"SearchAction\",\"target\":{\"@type\":\"EntryPoint\",\"urlTemplate\":\"https:\\\/\\\/perle-in.com\\\/?s={search_term_string}\"},\"query-input\":{\"@type\":\"PropertyValueSpecification\",\"valueRequired\":true,\"valueName\":\"search_term_string\"}}],\"inLanguage\":\"en-CA\"},{\"@type\":\"Organization\",\"@id\":\"https:\\\/\\\/perle-in.com\\\/#organization\",\"name\":\"PERLE IN\",\"url\":\"https:\\\/\\\/perle-in.com\\\/\",\"logo\":{\"@type\":\"ImageObject\",\"inLanguage\":\"en-CA\",\"@id\":\"https:\\\/\\\/perle-in.com\\\/#\\\/schema\\\/logo\\\/image\\\/\",\"url\":\"https:\\\/\\\/perle-in.com\\\/wp-content\\\/uploads\\\/2022\\\/12\\\/LOGO-PERLE-IN-COULEUR@3x.webp\",\"contentUrl\":\"https:\\\/\\\/perle-in.com\\\/wp-content\\\/uploads\\\/2022\\\/12\\\/LOGO-PERLE-IN-COULEUR@3x.webp\",\"width\":1600,\"height\":490,\"caption\":\"PERLE IN\"},\"image\":{\"@id\":\"https:\\\/\\\/perle-in.com\\\/#\\\/schema\\\/logo\\\/image\\\/\"}}]}<\/script>\n<!-- \/ Yoast SEO plugin. -->","yoast_head_json":{"title":"Lunch box et ensemble de couverts Snappy 1000 ml - PERLE IN","robots":{"index":"noindex","follow":"follow","max-snippet":"max-snippet:-1","max-image-preview":"max-image-preview:large","max-video-preview":"max-video-preview:-1"},"og_locale":"en_US","og_type":"article","og_title":"Lunch box et ensemble de couverts Snappy 1000 ml - PERLE IN","og_description":"L\u2019heure des repas devient un jeu d\u2019enfant gr\u00e2ce \u00e0 cette lunch box \u00e9l\u00e9gante et \u00e0 son ensemble de couverts assortis. Dot\u00e9e d\u2019un compartiment spacieux, elle garde vos aliments bien au frais, organis\u00e9s et pr\u00eats \u00e0 \u00eatre d\u00e9gust\u00e9s. Les couverts inclus se rangent dans un compartiment s\u00e9par\u00e9 sur le dessus de la bo\u00eete \u00e0 lunch, pour un transport facile au travail, \u00e0 l\u2019\u00e9cole ou en voyage. Capacit\u00e9 de 1000 ml","og_url":"https:\/\/perle-in.com\/en\/product\/lunch-box-et-ensemble-de-couverts-snappy-1000-ml\/","og_site_name":"PERLE IN","article_modified_time":"2025-10-16T03:53:41+00:00","og_image":[{"width":1600,"height":1600,"url":"https:\/\/perle-in.com\/wp-content\/uploads\/2025\/10\/11342001-1.jpg","type":"image\/jpeg"}],"twitter_card":"summary_large_image","schema":{"@context":"https:\/\/schema.org","@graph":[{"@type":"WebPage","@id":"https:\/\/perle-in.com\/produit\/lunch-box-et-ensemble-de-couverts-snappy-1000-ml\/","url":"https:\/\/perle-in.com\/produit\/lunch-box-et-ensemble-de-couverts-snappy-1000-ml\/","name":"Lunch box et ensemble de couverts Snappy 1000 ml - PERLE IN","isPartOf":{"@id":"https:\/\/perle-in.com\/#website"},"primaryImageOfPage":{"@id":"https:\/\/perle-in.com\/produit\/lunch-box-et-ensemble-de-couverts-snappy-1000-ml\/#primaryimage"},"image":{"@id":"https:\/\/perle-in.com\/produit\/lunch-box-et-ensemble-de-couverts-snappy-1000-ml\/#primaryimage"},"thumbnailUrl":"https:\/\/perle-in.com\/wp-content\/uploads\/2025\/10\/11342001-1.jpg","datePublished":"2025-10-16T03:53:37+00:00","dateModified":"2025-10-16T03:53:41+00:00","breadcrumb":{"@id":"https:\/\/perle-in.com\/produit\/lunch-box-et-ensemble-de-couverts-snappy-1000-ml\/#breadcrumb"},"inLanguage":"en-CA","potentialAction":[{"@type":"ReadAction","target":["https:\/\/perle-in.com\/produit\/lunch-box-et-ensemble-de-couverts-snappy-1000-ml\/"]}]},{"@type":"ImageObject","inLanguage":"en-CA","@id":"https:\/\/perle-in.com\/produit\/lunch-box-et-ensemble-de-couverts-snappy-1000-ml\/#primaryimage","url":"https:\/\/perle-in.com\/wp-content\/uploads\/2025\/10\/11342001-1.jpg","contentUrl":"https:\/\/perle-in.com\/wp-content\/uploads\/2025\/10\/11342001-1.jpg","width":1600,"height":1600},{"@type":"BreadcrumbList","@id":"https:\/\/perle-in.com\/produit\/lunch-box-et-ensemble-de-couverts-snappy-1000-ml\/#breadcrumb","itemListElement":[{"@type":"ListItem","position":1,"name":"Accueil","item":"https:\/\/perle-in.com\/"},{"@type":"ListItem","position":2,"name":"Boutique","item":"https:\/\/perle-in.com\/boutique\/"},{"@type":"ListItem","position":3,"name":"Lunch box et ensemble de couverts Snappy 1000 ml"}]},{"@type":"WebSite","@id":"https:\/\/perle-in.com\/#website","url":"https:\/\/perle-in.com\/","name":"PERLE IN","description":"","publisher":{"@id":"https:\/\/perle-in.com\/#organization"},"potentialAction":[{"@type":"SearchAction","target":{"@type":"EntryPoint","urlTemplate":"https:\/\/perle-in.com\/?s={search_term_string}"},"query-input":{"@type":"PropertyValueSpecification","valueRequired":true,"valueName":"search_term_string"}}],"inLanguage":"en-CA"},{"@type":"Organization","@id":"https:\/\/perle-in.com\/#organization","name":"PERLE IN","url":"https:\/\/perle-in.com\/","logo":{"@type":"ImageObject","inLanguage":"en-CA","@id":"https:\/\/perle-in.com\/#\/schema\/logo\/image\/","url":"https:\/\/perle-in.com\/wp-content\/uploads\/2022\/12\/LOGO-PERLE-IN-COULEUR@3x.webp","contentUrl":"https:\/\/perle-in.com\/wp-content\/uploads\/2022\/12\/LOGO-PERLE-IN-COULEUR@3x.webp","width":1600,"height":490,"caption":"PERLE IN"},"image":{"@id":"https:\/\/perle-in.com\/#\/schema\/logo\/image\/"}}]}},"jetpack_sharing_enabled":true,"_links":{"self":[{"href":"https:\/\/perle-in.com\/en\/wp-json\/wp\/v2\/product\/576126","targetHints":{"allow":["GET"]}}],"collection":[{"href":"https:\/\/perle-in.com\/en\/wp-json\/wp\/v2\/product"}],"about":[{"href":"https:\/\/perle-in.com\/en\/wp-json\/wp\/v2\/types\/product"}],"version-history":[{"count":0,"href":"https:\/\/perle-in.com\/en\/wp-json\/wp\/v2\/product\/576126\/revisions"}],"wp:featuredmedia":[{"embeddable":true,"href":"https:\/\/perle-in.com\/en\/wp-json\/wp\/v2\/media\/576116"}],"wp:attachment":[{"href":"https:\/\/perle-in.com\/en\/wp-json\/wp\/v2\/media?parent=576126"}],"wp:term":[{"taxonomy":"product_brand","embeddable":true,"href":"https:\/\/perle-in.com\/en\/wp-json\/wp\/v2\/product_brand?post=576126"},{"taxonomy":"product_cat","embeddable":true,"href":"https:\/\/perle-in.com\/en\/wp-json\/wp\/v2\/product_cat?post=576126"},{"taxonomy":"product_tag","embeddable":true,"href":"https:\/\/perle-in.com\/en\/wp-json\/wp\/v2\/product_tag?post=576126"}],"curies":[{"name":"wp","href":"https:\/\/api.w.org\/{rel}","templated":true}]}}