{"id":576105,"date":"2025-10-16T05:51:08","date_gmt":"2025-10-16T03:51:08","guid":{"rendered":"https:\/\/perle-in.com\/produit\/valise-extensible-rover-de-70-l-et-24-en-materiaux-recycles-certifies-grs\/"},"modified":"2025-10-16T05:51:10","modified_gmt":"2025-10-16T03:51:10","slug":"valise-extensible-rover-de-70-l-et-24-en-materiaux-recycles-certifies-grs","status":"publish","type":"product","link":"https:\/\/perle-in.com\/en\/product\/valise-extensible-rover-de-70-l-et-24-en-materiaux-recycles-certifies-grs\/","title":{"rendered":"Valise extensible Rover de 70\u00a0L et 24&#8243; en mat\u00e9riaux recycl\u00e9s certifi\u00e9s GRS"},"content":{"rendered":"","protected":false},"excerpt":{"rendered":"<p>Fabriqu\u00e9e en plastique recycl\u00e9 r\u00e9sistant aux chocs et dot\u00e9e d\u2019une doublure en RPET, la valise extensible 24\u2019\u2019 Rover est con\u00e7ue pour les explorateurs modernes qui appr\u00e9cient la durabilit\u00e9 et le design intelligent. D\u2019une capacit\u00e9 g\u00e9n\u00e9reuse de 70\u00a0L, avec un espace de rangement extensible pour les petits extras, ce mod\u00e8le est id\u00e9al pour les longs trajets. Ce sac de voyage \u00e0 roulettes certifi\u00e9 GRS (avec impression certifi\u00e9e) est dot\u00e9 d\u2019un cadre en aluminium \u00e0 double tube et d\u2019un syst\u00e8me de rotation \u00e0 4\u00a0roues \u00e0 360\u00a0degr\u00e9s pour une mobilit\u00e9 sans effort. Sa serrure \u00e0 combinaison TSA int\u00e9gr\u00e9e assure une s\u00e9curit\u00e9 accrue, tandis que la poign\u00e9e facile \u00e0 saisir garantit le confort lors des d\u00e9placements. \u00c0 l\u2019int\u00e9rieur, des sangles de compression et des compartiments zipp\u00e9s permettent d\u2019organiser soigneusement vos affaires tout au long de votre voyage.<\/p>","protected":false},"featured_media":576096,"template":"","meta":{"_eb_attr":""},"product_brand":[],"product_cat":[159,1221],"product_tag":[3888,837,2654,836,986,282,3886,835,291],"class_list":{"0":"post-576105","1":"product","2":"type-product","3":"status-publish","4":"has-post-thumbnail","6":"product_cat-sacs","7":"product_cat-trolleys-et-valises","8":"product_tag-chariot","9":"product_tag-durable","10":"product_tag-grs","11":"product_tag-recycle","12":"product_tag-rpet","13":"product_tag-sac","14":"product_tag-trolley","15":"product_tag-valise","16":"product_tag-voyage","17":"pa_couleurs-argent","18":"pa_couleurs-noir","19":"pa_green-points-2652","20":"pa_matiere-abs-recycle-certifie-grs","22":"first","23":"instock","24":"shipping-taxable","25":"purchasable","26":"product-type-variable"},"yoast_head":"<!-- This site is optimized with the Yoast SEO plugin v27.4 - https:\/\/yoast.com\/product\/yoast-seo-wordpress\/ -->\n<title>Valise extensible Rover de 70\u00a0L et 24&quot; en mat\u00e9riaux recycl\u00e9s certifi\u00e9s GRS - PERLE IN<\/title>\n<meta name=\"robots\" content=\"noindex, follow, max-snippet:-1, max-image-preview:large, max-video-preview:-1\" \/>\n<meta property=\"og:locale\" content=\"en_US\" \/>\n<meta property=\"og:type\" content=\"article\" \/>\n<meta property=\"og:title\" content=\"Valise extensible Rover de 70\u00a0L et 24&quot; en mat\u00e9riaux recycl\u00e9s certifi\u00e9s GRS - PERLE IN\" \/>\n<meta property=\"og:description\" content=\"Fabriqu\u00e9e en plastique recycl\u00e9 r\u00e9sistant aux chocs et dot\u00e9e d\u2019une doublure en RPET, la valise extensible 24\u2019\u2019 Rover est con\u00e7ue pour les explorateurs modernes qui appr\u00e9cient la durabilit\u00e9 et le design intelligent. D\u2019une capacit\u00e9 g\u00e9n\u00e9reuse de 70\u00a0L, avec un espace de rangement extensible pour les petits extras, ce mod\u00e8le est id\u00e9al pour les longs trajets. Ce sac de voyage \u00e0 roulettes certifi\u00e9 GRS (avec impression certifi\u00e9e) est dot\u00e9 d\u2019un cadre en aluminium \u00e0 double tube et d\u2019un syst\u00e8me de rotation \u00e0 4\u00a0roues \u00e0 360\u00a0degr\u00e9s pour une mobilit\u00e9 sans effort. Sa serrure \u00e0 combinaison TSA int\u00e9gr\u00e9e assure une s\u00e9curit\u00e9 accrue, tandis que la poign\u00e9e facile \u00e0 saisir garantit le confort lors des d\u00e9placements. \u00c0 l\u2019int\u00e9rieur, des sangles de compression et des compartiments zipp\u00e9s permettent d\u2019organiser soigneusement vos affaires tout au long de votre voyage.\" \/>\n<meta property=\"og:url\" content=\"https:\/\/perle-in.com\/en\/product\/valise-extensible-rover-de-70-l-et-24-en-materiaux-recycles-certifies-grs\/\" \/>\n<meta property=\"og:site_name\" content=\"PERLE IN\" \/>\n<meta property=\"article:modified_time\" content=\"2025-10-16T03:51:10+00:00\" \/>\n<meta property=\"og:image\" content=\"https:\/\/perle-in.com\/wp-content\/uploads\/2025\/10\/13009781-1.jpg\" \/>\n\t<meta property=\"og:image:width\" content=\"1600\" \/>\n\t<meta property=\"og:image:height\" content=\"1600\" \/>\n\t<meta property=\"og:image:type\" content=\"image\/jpeg\" \/>\n<meta name=\"twitter:card\" content=\"summary_large_image\" \/>\n<script type=\"application\/ld+json\" class=\"yoast-schema-graph\">{\"@context\":\"https:\\\/\\\/schema.org\",\"@graph\":[{\"@type\":\"WebPage\",\"@id\":\"https:\\\/\\\/perle-in.com\\\/produit\\\/valise-extensible-rover-de-70-l-et-24-en-materiaux-recycles-certifies-grs\\\/\",\"url\":\"https:\\\/\\\/perle-in.com\\\/produit\\\/valise-extensible-rover-de-70-l-et-24-en-materiaux-recycles-certifies-grs\\\/\",\"name\":\"Valise extensible Rover de 70\u00a0L et 24\\\" en mat\u00e9riaux recycl\u00e9s certifi\u00e9s GRS - PERLE IN\",\"isPartOf\":{\"@id\":\"https:\\\/\\\/perle-in.com\\\/#website\"},\"primaryImageOfPage\":{\"@id\":\"https:\\\/\\\/perle-in.com\\\/produit\\\/valise-extensible-rover-de-70-l-et-24-en-materiaux-recycles-certifies-grs\\\/#primaryimage\"},\"image\":{\"@id\":\"https:\\\/\\\/perle-in.com\\\/produit\\\/valise-extensible-rover-de-70-l-et-24-en-materiaux-recycles-certifies-grs\\\/#primaryimage\"},\"thumbnailUrl\":\"https:\\\/\\\/perle-in.com\\\/wp-content\\\/uploads\\\/2025\\\/10\\\/13009781-1.jpg\",\"datePublished\":\"2025-10-16T03:51:08+00:00\",\"dateModified\":\"2025-10-16T03:51:10+00:00\",\"breadcrumb\":{\"@id\":\"https:\\\/\\\/perle-in.com\\\/produit\\\/valise-extensible-rover-de-70-l-et-24-en-materiaux-recycles-certifies-grs\\\/#breadcrumb\"},\"inLanguage\":\"en-CA\",\"potentialAction\":[{\"@type\":\"ReadAction\",\"target\":[\"https:\\\/\\\/perle-in.com\\\/produit\\\/valise-extensible-rover-de-70-l-et-24-en-materiaux-recycles-certifies-grs\\\/\"]}]},{\"@type\":\"ImageObject\",\"inLanguage\":\"en-CA\",\"@id\":\"https:\\\/\\\/perle-in.com\\\/produit\\\/valise-extensible-rover-de-70-l-et-24-en-materiaux-recycles-certifies-grs\\\/#primaryimage\",\"url\":\"https:\\\/\\\/perle-in.com\\\/wp-content\\\/uploads\\\/2025\\\/10\\\/13009781-1.jpg\",\"contentUrl\":\"https:\\\/\\\/perle-in.com\\\/wp-content\\\/uploads\\\/2025\\\/10\\\/13009781-1.jpg\",\"width\":1600,\"height\":1600},{\"@type\":\"BreadcrumbList\",\"@id\":\"https:\\\/\\\/perle-in.com\\\/produit\\\/valise-extensible-rover-de-70-l-et-24-en-materiaux-recycles-certifies-grs\\\/#breadcrumb\",\"itemListElement\":[{\"@type\":\"ListItem\",\"position\":1,\"name\":\"Accueil\",\"item\":\"https:\\\/\\\/perle-in.com\\\/\"},{\"@type\":\"ListItem\",\"position\":2,\"name\":\"Boutique\",\"item\":\"https:\\\/\\\/perle-in.com\\\/boutique\\\/\"},{\"@type\":\"ListItem\",\"position\":3,\"name\":\"Valise extensible Rover de 70\u00a0L et 24&#8243; en mat\u00e9riaux recycl\u00e9s certifi\u00e9s GRS\"}]},{\"@type\":\"WebSite\",\"@id\":\"https:\\\/\\\/perle-in.com\\\/#website\",\"url\":\"https:\\\/\\\/perle-in.com\\\/\",\"name\":\"PERLE IN\",\"description\":\"\",\"publisher\":{\"@id\":\"https:\\\/\\\/perle-in.com\\\/#organization\"},\"potentialAction\":[{\"@type\":\"SearchAction\",\"target\":{\"@type\":\"EntryPoint\",\"urlTemplate\":\"https:\\\/\\\/perle-in.com\\\/?s={search_term_string}\"},\"query-input\":{\"@type\":\"PropertyValueSpecification\",\"valueRequired\":true,\"valueName\":\"search_term_string\"}}],\"inLanguage\":\"en-CA\"},{\"@type\":\"Organization\",\"@id\":\"https:\\\/\\\/perle-in.com\\\/#organization\",\"name\":\"PERLE IN\",\"url\":\"https:\\\/\\\/perle-in.com\\\/\",\"logo\":{\"@type\":\"ImageObject\",\"inLanguage\":\"en-CA\",\"@id\":\"https:\\\/\\\/perle-in.com\\\/#\\\/schema\\\/logo\\\/image\\\/\",\"url\":\"https:\\\/\\\/perle-in.com\\\/wp-content\\\/uploads\\\/2022\\\/12\\\/LOGO-PERLE-IN-COULEUR@3x.webp\",\"contentUrl\":\"https:\\\/\\\/perle-in.com\\\/wp-content\\\/uploads\\\/2022\\\/12\\\/LOGO-PERLE-IN-COULEUR@3x.webp\",\"width\":1600,\"height\":490,\"caption\":\"PERLE IN\"},\"image\":{\"@id\":\"https:\\\/\\\/perle-in.com\\\/#\\\/schema\\\/logo\\\/image\\\/\"}}]}<\/script>\n<!-- \/ Yoast SEO plugin. -->","yoast_head_json":{"title":"Valise extensible Rover de 70\u00a0L et 24\" en mat\u00e9riaux recycl\u00e9s certifi\u00e9s GRS - PERLE IN","robots":{"index":"noindex","follow":"follow","max-snippet":"max-snippet:-1","max-image-preview":"max-image-preview:large","max-video-preview":"max-video-preview:-1"},"og_locale":"en_US","og_type":"article","og_title":"Valise extensible Rover de 70\u00a0L et 24\" en mat\u00e9riaux recycl\u00e9s certifi\u00e9s GRS - PERLE IN","og_description":"Fabriqu\u00e9e en plastique recycl\u00e9 r\u00e9sistant aux chocs et dot\u00e9e d\u2019une doublure en RPET, la valise extensible 24\u2019\u2019 Rover est con\u00e7ue pour les explorateurs modernes qui appr\u00e9cient la durabilit\u00e9 et le design intelligent. D\u2019une capacit\u00e9 g\u00e9n\u00e9reuse de 70\u00a0L, avec un espace de rangement extensible pour les petits extras, ce mod\u00e8le est id\u00e9al pour les longs trajets. Ce sac de voyage \u00e0 roulettes certifi\u00e9 GRS (avec impression certifi\u00e9e) est dot\u00e9 d\u2019un cadre en aluminium \u00e0 double tube et d\u2019un syst\u00e8me de rotation \u00e0 4\u00a0roues \u00e0 360\u00a0degr\u00e9s pour une mobilit\u00e9 sans effort. Sa serrure \u00e0 combinaison TSA int\u00e9gr\u00e9e assure une s\u00e9curit\u00e9 accrue, tandis que la poign\u00e9e facile \u00e0 saisir garantit le confort lors des d\u00e9placements. \u00c0 l\u2019int\u00e9rieur, des sangles de compression et des compartiments zipp\u00e9s permettent d\u2019organiser soigneusement vos affaires tout au long de votre voyage.","og_url":"https:\/\/perle-in.com\/en\/product\/valise-extensible-rover-de-70-l-et-24-en-materiaux-recycles-certifies-grs\/","og_site_name":"PERLE IN","article_modified_time":"2025-10-16T03:51:10+00:00","og_image":[{"width":1600,"height":1600,"url":"https:\/\/perle-in.com\/wp-content\/uploads\/2025\/10\/13009781-1.jpg","type":"image\/jpeg"}],"twitter_card":"summary_large_image","schema":{"@context":"https:\/\/schema.org","@graph":[{"@type":"WebPage","@id":"https:\/\/perle-in.com\/produit\/valise-extensible-rover-de-70-l-et-24-en-materiaux-recycles-certifies-grs\/","url":"https:\/\/perle-in.com\/produit\/valise-extensible-rover-de-70-l-et-24-en-materiaux-recycles-certifies-grs\/","name":"Valise extensible Rover de 70\u00a0L et 24\" en mat\u00e9riaux recycl\u00e9s certifi\u00e9s GRS - PERLE IN","isPartOf":{"@id":"https:\/\/perle-in.com\/#website"},"primaryImageOfPage":{"@id":"https:\/\/perle-in.com\/produit\/valise-extensible-rover-de-70-l-et-24-en-materiaux-recycles-certifies-grs\/#primaryimage"},"image":{"@id":"https:\/\/perle-in.com\/produit\/valise-extensible-rover-de-70-l-et-24-en-materiaux-recycles-certifies-grs\/#primaryimage"},"thumbnailUrl":"https:\/\/perle-in.com\/wp-content\/uploads\/2025\/10\/13009781-1.jpg","datePublished":"2025-10-16T03:51:08+00:00","dateModified":"2025-10-16T03:51:10+00:00","breadcrumb":{"@id":"https:\/\/perle-in.com\/produit\/valise-extensible-rover-de-70-l-et-24-en-materiaux-recycles-certifies-grs\/#breadcrumb"},"inLanguage":"en-CA","potentialAction":[{"@type":"ReadAction","target":["https:\/\/perle-in.com\/produit\/valise-extensible-rover-de-70-l-et-24-en-materiaux-recycles-certifies-grs\/"]}]},{"@type":"ImageObject","inLanguage":"en-CA","@id":"https:\/\/perle-in.com\/produit\/valise-extensible-rover-de-70-l-et-24-en-materiaux-recycles-certifies-grs\/#primaryimage","url":"https:\/\/perle-in.com\/wp-content\/uploads\/2025\/10\/13009781-1.jpg","contentUrl":"https:\/\/perle-in.com\/wp-content\/uploads\/2025\/10\/13009781-1.jpg","width":1600,"height":1600},{"@type":"BreadcrumbList","@id":"https:\/\/perle-in.com\/produit\/valise-extensible-rover-de-70-l-et-24-en-materiaux-recycles-certifies-grs\/#breadcrumb","itemListElement":[{"@type":"ListItem","position":1,"name":"Accueil","item":"https:\/\/perle-in.com\/"},{"@type":"ListItem","position":2,"name":"Boutique","item":"https:\/\/perle-in.com\/boutique\/"},{"@type":"ListItem","position":3,"name":"Valise extensible Rover de 70\u00a0L et 24&#8243; en mat\u00e9riaux recycl\u00e9s certifi\u00e9s GRS"}]},{"@type":"WebSite","@id":"https:\/\/perle-in.com\/#website","url":"https:\/\/perle-in.com\/","name":"PERLE IN","description":"","publisher":{"@id":"https:\/\/perle-in.com\/#organization"},"potentialAction":[{"@type":"SearchAction","target":{"@type":"EntryPoint","urlTemplate":"https:\/\/perle-in.com\/?s={search_term_string}"},"query-input":{"@type":"PropertyValueSpecification","valueRequired":true,"valueName":"search_term_string"}}],"inLanguage":"en-CA"},{"@type":"Organization","@id":"https:\/\/perle-in.com\/#organization","name":"PERLE IN","url":"https:\/\/perle-in.com\/","logo":{"@type":"ImageObject","inLanguage":"en-CA","@id":"https:\/\/perle-in.com\/#\/schema\/logo\/image\/","url":"https:\/\/perle-in.com\/wp-content\/uploads\/2022\/12\/LOGO-PERLE-IN-COULEUR@3x.webp","contentUrl":"https:\/\/perle-in.com\/wp-content\/uploads\/2022\/12\/LOGO-PERLE-IN-COULEUR@3x.webp","width":1600,"height":490,"caption":"PERLE IN"},"image":{"@id":"https:\/\/perle-in.com\/#\/schema\/logo\/image\/"}}]}},"jetpack_sharing_enabled":true,"_links":{"self":[{"href":"https:\/\/perle-in.com\/en\/wp-json\/wp\/v2\/product\/576105","targetHints":{"allow":["GET"]}}],"collection":[{"href":"https:\/\/perle-in.com\/en\/wp-json\/wp\/v2\/product"}],"about":[{"href":"https:\/\/perle-in.com\/en\/wp-json\/wp\/v2\/types\/product"}],"version-history":[{"count":0,"href":"https:\/\/perle-in.com\/en\/wp-json\/wp\/v2\/product\/576105\/revisions"}],"wp:featuredmedia":[{"embeddable":true,"href":"https:\/\/perle-in.com\/en\/wp-json\/wp\/v2\/media\/576096"}],"wp:attachment":[{"href":"https:\/\/perle-in.com\/en\/wp-json\/wp\/v2\/media?parent=576105"}],"wp:term":[{"taxonomy":"product_brand","embeddable":true,"href":"https:\/\/perle-in.com\/en\/wp-json\/wp\/v2\/product_brand?post=576105"},{"taxonomy":"product_cat","embeddable":true,"href":"https:\/\/perle-in.com\/en\/wp-json\/wp\/v2\/product_cat?post=576105"},{"taxonomy":"product_tag","embeddable":true,"href":"https:\/\/perle-in.com\/en\/wp-json\/wp\/v2\/product_tag?post=576105"}],"curies":[{"name":"wp","href":"https:\/\/api.w.org\/{rel}","templated":true}]}}