{"id":576081,"date":"2025-10-16T05:49:22","date_gmt":"2025-10-16T03:49:22","guid":{"rendered":"https:\/\/perle-in.com\/produit\/batterie-de-secours-acamar-de-20-000-mah-et-70-w-en-aluminium-recycle-pour-ordinateur-portable\/"},"modified":"2025-10-16T05:49:23","modified_gmt":"2025-10-16T03:49:23","slug":"batterie-de-secours-acamar-de-20-000-mah-et-70-w-en-aluminium-recycle-pour-ordinateur-portable","status":"publish","type":"product","link":"https:\/\/perle-in.com\/en\/product\/batterie-de-secours-acamar-de-20-000-mah-et-70-w-en-aluminium-recycle-pour-ordinateur-portable\/","title":{"rendered":"Batterie de secours Acamar de 20\u00a0000\u00a0mAh et 70\u00a0W en aluminium recycl\u00e9 pour ordinateur portable"},"content":{"rendered":"","protected":false},"excerpt":{"rendered":"<p>Ayez toujours du courant lors de vos d\u00e9placements avec la batterie de secours Acamar 20\u00a0000\u00a0mAh, fabriqu\u00e9e \u00e0 partir d\u2019aluminium recycl\u00e9. Con\u00e7ue pour \u00eatre polyvalente, elle est dot\u00e9e de deux ports Type-C 70\u00a0W \u00e0 haut d\u00e9bit et de deux ports USB-A 18\u00a0W, ce qui la rend parfaite pour charger la plupart des ordinateurs portables, des tablettes et des smartphones. L\u2019\u00e9cran int\u00e9gr\u00e9 affiche des informations sur l\u2019alimentation en temps r\u00e9el, notamment le pourcentage de charge et les donn\u00e9es de distribution d\u2019\u00e9nergie. Un c\u00e2ble Type-C de 70\u00a0W est inclus. Vous \u00eates donc pr\u00eat \u00e0 charger vos appareils ou \u00e0 recharger la banque de secours d\u00e8s son achat.<\/p>","protected":false},"featured_media":576070,"template":"","meta":{"_eb_attr":""},"product_brand":[],"product_cat":[811,667],"product_tag":[812,938,816,3796,815,837,836],"class_list":{"0":"post-576081","1":"product","2":"type-product","3":"status-publish","4":"has-post-thumbnail","6":"product_cat-batteries-externes","7":"product_cat-technologie","8":"product_tag-batterie-de-secours","9":"product_tag-batteries-de-secours","10":"product_tag-charge","11":"product_tag-charger","12":"product_tag-chargeur","13":"product_tag-durable","14":"product_tag-recycle","15":"pa_couleurs-noir","16":"pa_green-points-2910","17":"pa_matiere-aluminium-recycle","19":"first","20":"instock","21":"shipping-taxable","22":"purchasable","23":"product-type-variable"},"yoast_head":"<!-- This site is optimized with the Yoast SEO plugin v27.4 - https:\/\/yoast.com\/product\/yoast-seo-wordpress\/ -->\n<title>Batterie de secours Acamar de 20\u00a0000\u00a0mAh et 70\u00a0W en aluminium recycl\u00e9 pour ordinateur portable - PERLE IN<\/title>\n<meta name=\"robots\" content=\"noindex, follow, max-snippet:-1, max-image-preview:large, max-video-preview:-1\" \/>\n<meta property=\"og:locale\" content=\"en_US\" \/>\n<meta property=\"og:type\" content=\"article\" \/>\n<meta property=\"og:title\" content=\"Batterie de secours Acamar de 20\u00a0000\u00a0mAh et 70\u00a0W en aluminium recycl\u00e9 pour ordinateur portable - PERLE IN\" \/>\n<meta property=\"og:description\" content=\"Ayez toujours du courant lors de vos d\u00e9placements avec la batterie de secours Acamar 20\u00a0000\u00a0mAh, fabriqu\u00e9e \u00e0 partir d\u2019aluminium recycl\u00e9. Con\u00e7ue pour \u00eatre polyvalente, elle est dot\u00e9e de deux ports Type-C 70\u00a0W \u00e0 haut d\u00e9bit et de deux ports USB-A 18\u00a0W, ce qui la rend parfaite pour charger la plupart des ordinateurs portables, des tablettes et des smartphones. L\u2019\u00e9cran int\u00e9gr\u00e9 affiche des informations sur l\u2019alimentation en temps r\u00e9el, notamment le pourcentage de charge et les donn\u00e9es de distribution d\u2019\u00e9nergie. Un c\u00e2ble Type-C de 70\u00a0W est inclus. Vous \u00eates donc pr\u00eat \u00e0 charger vos appareils ou \u00e0 recharger la banque de secours d\u00e8s son achat.\" \/>\n<meta property=\"og:url\" content=\"https:\/\/perle-in.com\/en\/product\/batterie-de-secours-acamar-de-20-000-mah-et-70-w-en-aluminium-recycle-pour-ordinateur-portable\/\" \/>\n<meta property=\"og:site_name\" content=\"PERLE IN\" \/>\n<meta property=\"article:modified_time\" content=\"2025-10-16T03:49:23+00:00\" \/>\n<meta property=\"og:image\" content=\"https:\/\/perle-in.com\/wp-content\/uploads\/2025\/10\/12444090-1.jpg\" \/>\n\t<meta property=\"og:image:width\" content=\"1600\" \/>\n\t<meta property=\"og:image:height\" content=\"1600\" \/>\n\t<meta property=\"og:image:type\" content=\"image\/jpeg\" \/>\n<meta name=\"twitter:card\" content=\"summary_large_image\" \/>\n<script type=\"application\/ld+json\" class=\"yoast-schema-graph\">{\"@context\":\"https:\\\/\\\/schema.org\",\"@graph\":[{\"@type\":\"WebPage\",\"@id\":\"https:\\\/\\\/perle-in.com\\\/produit\\\/batterie-de-secours-acamar-de-20-000-mah-et-70-w-en-aluminium-recycle-pour-ordinateur-portable\\\/\",\"url\":\"https:\\\/\\\/perle-in.com\\\/produit\\\/batterie-de-secours-acamar-de-20-000-mah-et-70-w-en-aluminium-recycle-pour-ordinateur-portable\\\/\",\"name\":\"Batterie de secours Acamar de 20\u00a0000\u00a0mAh et 70\u00a0W en aluminium recycl\u00e9 pour ordinateur portable - PERLE IN\",\"isPartOf\":{\"@id\":\"https:\\\/\\\/perle-in.com\\\/#website\"},\"primaryImageOfPage\":{\"@id\":\"https:\\\/\\\/perle-in.com\\\/produit\\\/batterie-de-secours-acamar-de-20-000-mah-et-70-w-en-aluminium-recycle-pour-ordinateur-portable\\\/#primaryimage\"},\"image\":{\"@id\":\"https:\\\/\\\/perle-in.com\\\/produit\\\/batterie-de-secours-acamar-de-20-000-mah-et-70-w-en-aluminium-recycle-pour-ordinateur-portable\\\/#primaryimage\"},\"thumbnailUrl\":\"https:\\\/\\\/perle-in.com\\\/wp-content\\\/uploads\\\/2025\\\/10\\\/12444090-1.jpg\",\"datePublished\":\"2025-10-16T03:49:22+00:00\",\"dateModified\":\"2025-10-16T03:49:23+00:00\",\"breadcrumb\":{\"@id\":\"https:\\\/\\\/perle-in.com\\\/produit\\\/batterie-de-secours-acamar-de-20-000-mah-et-70-w-en-aluminium-recycle-pour-ordinateur-portable\\\/#breadcrumb\"},\"inLanguage\":\"en-CA\",\"potentialAction\":[{\"@type\":\"ReadAction\",\"target\":[\"https:\\\/\\\/perle-in.com\\\/produit\\\/batterie-de-secours-acamar-de-20-000-mah-et-70-w-en-aluminium-recycle-pour-ordinateur-portable\\\/\"]}]},{\"@type\":\"ImageObject\",\"inLanguage\":\"en-CA\",\"@id\":\"https:\\\/\\\/perle-in.com\\\/produit\\\/batterie-de-secours-acamar-de-20-000-mah-et-70-w-en-aluminium-recycle-pour-ordinateur-portable\\\/#primaryimage\",\"url\":\"https:\\\/\\\/perle-in.com\\\/wp-content\\\/uploads\\\/2025\\\/10\\\/12444090-1.jpg\",\"contentUrl\":\"https:\\\/\\\/perle-in.com\\\/wp-content\\\/uploads\\\/2025\\\/10\\\/12444090-1.jpg\",\"width\":1600,\"height\":1600},{\"@type\":\"BreadcrumbList\",\"@id\":\"https:\\\/\\\/perle-in.com\\\/produit\\\/batterie-de-secours-acamar-de-20-000-mah-et-70-w-en-aluminium-recycle-pour-ordinateur-portable\\\/#breadcrumb\",\"itemListElement\":[{\"@type\":\"ListItem\",\"position\":1,\"name\":\"Accueil\",\"item\":\"https:\\\/\\\/perle-in.com\\\/\"},{\"@type\":\"ListItem\",\"position\":2,\"name\":\"Boutique\",\"item\":\"https:\\\/\\\/perle-in.com\\\/boutique\\\/\"},{\"@type\":\"ListItem\",\"position\":3,\"name\":\"Batterie de secours Acamar de 20\u00a0000\u00a0mAh et 70\u00a0W en aluminium recycl\u00e9 pour ordinateur portable\"}]},{\"@type\":\"WebSite\",\"@id\":\"https:\\\/\\\/perle-in.com\\\/#website\",\"url\":\"https:\\\/\\\/perle-in.com\\\/\",\"name\":\"PERLE IN\",\"description\":\"\",\"publisher\":{\"@id\":\"https:\\\/\\\/perle-in.com\\\/#organization\"},\"potentialAction\":[{\"@type\":\"SearchAction\",\"target\":{\"@type\":\"EntryPoint\",\"urlTemplate\":\"https:\\\/\\\/perle-in.com\\\/?s={search_term_string}\"},\"query-input\":{\"@type\":\"PropertyValueSpecification\",\"valueRequired\":true,\"valueName\":\"search_term_string\"}}],\"inLanguage\":\"en-CA\"},{\"@type\":\"Organization\",\"@id\":\"https:\\\/\\\/perle-in.com\\\/#organization\",\"name\":\"PERLE IN\",\"url\":\"https:\\\/\\\/perle-in.com\\\/\",\"logo\":{\"@type\":\"ImageObject\",\"inLanguage\":\"en-CA\",\"@id\":\"https:\\\/\\\/perle-in.com\\\/#\\\/schema\\\/logo\\\/image\\\/\",\"url\":\"https:\\\/\\\/perle-in.com\\\/wp-content\\\/uploads\\\/2022\\\/12\\\/LOGO-PERLE-IN-COULEUR@3x.webp\",\"contentUrl\":\"https:\\\/\\\/perle-in.com\\\/wp-content\\\/uploads\\\/2022\\\/12\\\/LOGO-PERLE-IN-COULEUR@3x.webp\",\"width\":1600,\"height\":490,\"caption\":\"PERLE IN\"},\"image\":{\"@id\":\"https:\\\/\\\/perle-in.com\\\/#\\\/schema\\\/logo\\\/image\\\/\"}}]}<\/script>\n<!-- \/ Yoast SEO plugin. -->","yoast_head_json":{"title":"Batterie de secours Acamar de 20\u00a0000\u00a0mAh et 70\u00a0W en aluminium recycl\u00e9 pour ordinateur portable - PERLE IN","robots":{"index":"noindex","follow":"follow","max-snippet":"max-snippet:-1","max-image-preview":"max-image-preview:large","max-video-preview":"max-video-preview:-1"},"og_locale":"en_US","og_type":"article","og_title":"Batterie de secours Acamar de 20\u00a0000\u00a0mAh et 70\u00a0W en aluminium recycl\u00e9 pour ordinateur portable - PERLE IN","og_description":"Ayez toujours du courant lors de vos d\u00e9placements avec la batterie de secours Acamar 20\u00a0000\u00a0mAh, fabriqu\u00e9e \u00e0 partir d\u2019aluminium recycl\u00e9. Con\u00e7ue pour \u00eatre polyvalente, elle est dot\u00e9e de deux ports Type-C 70\u00a0W \u00e0 haut d\u00e9bit et de deux ports USB-A 18\u00a0W, ce qui la rend parfaite pour charger la plupart des ordinateurs portables, des tablettes et des smartphones. L\u2019\u00e9cran int\u00e9gr\u00e9 affiche des informations sur l\u2019alimentation en temps r\u00e9el, notamment le pourcentage de charge et les donn\u00e9es de distribution d\u2019\u00e9nergie. Un c\u00e2ble Type-C de 70\u00a0W est inclus. Vous \u00eates donc pr\u00eat \u00e0 charger vos appareils ou \u00e0 recharger la banque de secours d\u00e8s son achat.","og_url":"https:\/\/perle-in.com\/en\/product\/batterie-de-secours-acamar-de-20-000-mah-et-70-w-en-aluminium-recycle-pour-ordinateur-portable\/","og_site_name":"PERLE IN","article_modified_time":"2025-10-16T03:49:23+00:00","og_image":[{"width":1600,"height":1600,"url":"https:\/\/perle-in.com\/wp-content\/uploads\/2025\/10\/12444090-1.jpg","type":"image\/jpeg"}],"twitter_card":"summary_large_image","schema":{"@context":"https:\/\/schema.org","@graph":[{"@type":"WebPage","@id":"https:\/\/perle-in.com\/produit\/batterie-de-secours-acamar-de-20-000-mah-et-70-w-en-aluminium-recycle-pour-ordinateur-portable\/","url":"https:\/\/perle-in.com\/produit\/batterie-de-secours-acamar-de-20-000-mah-et-70-w-en-aluminium-recycle-pour-ordinateur-portable\/","name":"Batterie de secours Acamar de 20\u00a0000\u00a0mAh et 70\u00a0W en aluminium recycl\u00e9 pour ordinateur portable - PERLE IN","isPartOf":{"@id":"https:\/\/perle-in.com\/#website"},"primaryImageOfPage":{"@id":"https:\/\/perle-in.com\/produit\/batterie-de-secours-acamar-de-20-000-mah-et-70-w-en-aluminium-recycle-pour-ordinateur-portable\/#primaryimage"},"image":{"@id":"https:\/\/perle-in.com\/produit\/batterie-de-secours-acamar-de-20-000-mah-et-70-w-en-aluminium-recycle-pour-ordinateur-portable\/#primaryimage"},"thumbnailUrl":"https:\/\/perle-in.com\/wp-content\/uploads\/2025\/10\/12444090-1.jpg","datePublished":"2025-10-16T03:49:22+00:00","dateModified":"2025-10-16T03:49:23+00:00","breadcrumb":{"@id":"https:\/\/perle-in.com\/produit\/batterie-de-secours-acamar-de-20-000-mah-et-70-w-en-aluminium-recycle-pour-ordinateur-portable\/#breadcrumb"},"inLanguage":"en-CA","potentialAction":[{"@type":"ReadAction","target":["https:\/\/perle-in.com\/produit\/batterie-de-secours-acamar-de-20-000-mah-et-70-w-en-aluminium-recycle-pour-ordinateur-portable\/"]}]},{"@type":"ImageObject","inLanguage":"en-CA","@id":"https:\/\/perle-in.com\/produit\/batterie-de-secours-acamar-de-20-000-mah-et-70-w-en-aluminium-recycle-pour-ordinateur-portable\/#primaryimage","url":"https:\/\/perle-in.com\/wp-content\/uploads\/2025\/10\/12444090-1.jpg","contentUrl":"https:\/\/perle-in.com\/wp-content\/uploads\/2025\/10\/12444090-1.jpg","width":1600,"height":1600},{"@type":"BreadcrumbList","@id":"https:\/\/perle-in.com\/produit\/batterie-de-secours-acamar-de-20-000-mah-et-70-w-en-aluminium-recycle-pour-ordinateur-portable\/#breadcrumb","itemListElement":[{"@type":"ListItem","position":1,"name":"Accueil","item":"https:\/\/perle-in.com\/"},{"@type":"ListItem","position":2,"name":"Boutique","item":"https:\/\/perle-in.com\/boutique\/"},{"@type":"ListItem","position":3,"name":"Batterie de secours Acamar de 20\u00a0000\u00a0mAh et 70\u00a0W en aluminium recycl\u00e9 pour ordinateur portable"}]},{"@type":"WebSite","@id":"https:\/\/perle-in.com\/#website","url":"https:\/\/perle-in.com\/","name":"PERLE IN","description":"","publisher":{"@id":"https:\/\/perle-in.com\/#organization"},"potentialAction":[{"@type":"SearchAction","target":{"@type":"EntryPoint","urlTemplate":"https:\/\/perle-in.com\/?s={search_term_string}"},"query-input":{"@type":"PropertyValueSpecification","valueRequired":true,"valueName":"search_term_string"}}],"inLanguage":"en-CA"},{"@type":"Organization","@id":"https:\/\/perle-in.com\/#organization","name":"PERLE IN","url":"https:\/\/perle-in.com\/","logo":{"@type":"ImageObject","inLanguage":"en-CA","@id":"https:\/\/perle-in.com\/#\/schema\/logo\/image\/","url":"https:\/\/perle-in.com\/wp-content\/uploads\/2022\/12\/LOGO-PERLE-IN-COULEUR@3x.webp","contentUrl":"https:\/\/perle-in.com\/wp-content\/uploads\/2022\/12\/LOGO-PERLE-IN-COULEUR@3x.webp","width":1600,"height":490,"caption":"PERLE IN"},"image":{"@id":"https:\/\/perle-in.com\/#\/schema\/logo\/image\/"}}]}},"jetpack_sharing_enabled":true,"_links":{"self":[{"href":"https:\/\/perle-in.com\/en\/wp-json\/wp\/v2\/product\/576081","targetHints":{"allow":["GET"]}}],"collection":[{"href":"https:\/\/perle-in.com\/en\/wp-json\/wp\/v2\/product"}],"about":[{"href":"https:\/\/perle-in.com\/en\/wp-json\/wp\/v2\/types\/product"}],"version-history":[{"count":0,"href":"https:\/\/perle-in.com\/en\/wp-json\/wp\/v2\/product\/576081\/revisions"}],"wp:featuredmedia":[{"embeddable":true,"href":"https:\/\/perle-in.com\/en\/wp-json\/wp\/v2\/media\/576070"}],"wp:attachment":[{"href":"https:\/\/perle-in.com\/en\/wp-json\/wp\/v2\/media?parent=576081"}],"wp:term":[{"taxonomy":"product_brand","embeddable":true,"href":"https:\/\/perle-in.com\/en\/wp-json\/wp\/v2\/product_brand?post=576081"},{"taxonomy":"product_cat","embeddable":true,"href":"https:\/\/perle-in.com\/en\/wp-json\/wp\/v2\/product_cat?post=576081"},{"taxonomy":"product_tag","embeddable":true,"href":"https:\/\/perle-in.com\/en\/wp-json\/wp\/v2\/product_tag?post=576081"}],"curies":[{"name":"wp","href":"https:\/\/api.w.org\/{rel}","templated":true}]}}