{"id":576065,"date":"2025-10-16T05:47:29","date_gmt":"2025-10-16T03:47:29","guid":{"rendered":"https:\/\/perle-in.com\/produit\/casquette-6-panneaux-hutton-en-velours-cotele-recycle\/"},"modified":"2025-10-16T05:47:33","modified_gmt":"2025-10-16T03:47:33","slug":"casquette-6-panneaux-hutton-en-velours-cotele-recycle","status":"publish","type":"product","link":"https:\/\/perle-in.com\/en\/product\/casquette-6-panneaux-hutton-en-velours-cotele-recycle\/","title":{"rendered":"Casquette 6\u00a0panneaux Hutton en velours c\u00f4tel\u00e9 recycl\u00e9"},"content":{"rendered":"","protected":false},"excerpt":{"rendered":"<p>La casquette en velours c\u00f4tel\u00e9 Hutton allie style classique et confort au quotidien. Fabriqu\u00e9e \u00e0 partir d\u2019un m\u00e9lange durable de 80\u00a0% de coton recycl\u00e9 et de 20\u00a0% de coton, elle offre un tissu velours c\u00f4tel\u00e9 doux de 280\u00a0g\/m\u00b2. Elle est id\u00e9ale pour \u00eatre port\u00e9e tout au long de l\u2019ann\u00e9e. La conception structur\u00e9e et le tour de t\u00eate de 58\u00a0cm offrent un ajustement s\u00fbr et confortable. Avec son look intemporel et ses mat\u00e9riaux durables, cette casquette est un choix polyvalent pour toutes les saisons.<\/p>","protected":false},"featured_media":576057,"template":"","meta":{"_eb_attr":""},"product_brand":[],"product_cat":[1259,1024],"product_tag":[1699,1700,1031,837,836,4055],"class_list":{"0":"post-576065","1":"product","2":"type-product","3":"status-publish","4":"has-post-thumbnail","6":"product_cat-casquettes-et-chapeaux","7":"product_cat-vetements","8":"product_tag-casquette","9":"product_tag-casquettes","10":"product_tag-couvre-chef","11":"product_tag-durable","12":"product_tag-recycle","13":"product_tag-velours","14":"pa_couleurs-gres","15":"pa_couleurs-marine","16":"pa_couleurs-noir","17":"pa_couleurs-vert-foret","18":"pa_green-points-2847","19":"pa_marque-elevate-nxt","20":"pa_matiere-20-coton-et-80-coton-recycle","22":"first","23":"instock","24":"shipping-taxable","25":"purchasable","26":"product-type-variable"},"yoast_head":"<!-- This site is optimized with the Yoast SEO plugin v27.4 - https:\/\/yoast.com\/product\/yoast-seo-wordpress\/ -->\n<title>Casquette 6\u00a0panneaux Hutton en velours c\u00f4tel\u00e9 recycl\u00e9 - PERLE IN<\/title>\n<meta name=\"robots\" content=\"noindex, follow, max-snippet:-1, max-image-preview:large, max-video-preview:-1\" \/>\n<meta property=\"og:locale\" content=\"en_US\" \/>\n<meta property=\"og:type\" content=\"article\" \/>\n<meta property=\"og:title\" content=\"Casquette 6\u00a0panneaux Hutton en velours c\u00f4tel\u00e9 recycl\u00e9 - PERLE IN\" \/>\n<meta property=\"og:description\" content=\"La casquette en velours c\u00f4tel\u00e9 Hutton allie style classique et confort au quotidien. Fabriqu\u00e9e \u00e0 partir d\u2019un m\u00e9lange durable de 80\u00a0% de coton recycl\u00e9 et de 20\u00a0% de coton, elle offre un tissu velours c\u00f4tel\u00e9 doux de 280\u00a0g\/m\u00b2. Elle est id\u00e9ale pour \u00eatre port\u00e9e tout au long de l\u2019ann\u00e9e. La conception structur\u00e9e et le tour de t\u00eate de 58\u00a0cm offrent un ajustement s\u00fbr et confortable. Avec son look intemporel et ses mat\u00e9riaux durables, cette casquette est un choix polyvalent pour toutes les saisons.\" \/>\n<meta property=\"og:url\" content=\"https:\/\/perle-in.com\/en\/product\/casquette-6-panneaux-hutton-en-velours-cotele-recycle\/\" \/>\n<meta property=\"og:site_name\" content=\"PERLE IN\" \/>\n<meta property=\"article:modified_time\" content=\"2025-10-16T03:47:33+00:00\" \/>\n<meta property=\"og:image\" content=\"https:\/\/perle-in.com\/wp-content\/uploads\/2025\/10\/11107306-1.jpg\" \/>\n\t<meta property=\"og:image:width\" content=\"1600\" \/>\n\t<meta property=\"og:image:height\" content=\"1600\" \/>\n\t<meta property=\"og:image:type\" content=\"image\/jpeg\" \/>\n<meta name=\"twitter:card\" content=\"summary_large_image\" \/>\n<script type=\"application\/ld+json\" class=\"yoast-schema-graph\">{\"@context\":\"https:\\\/\\\/schema.org\",\"@graph\":[{\"@type\":\"WebPage\",\"@id\":\"https:\\\/\\\/perle-in.com\\\/produit\\\/casquette-6-panneaux-hutton-en-velours-cotele-recycle\\\/\",\"url\":\"https:\\\/\\\/perle-in.com\\\/produit\\\/casquette-6-panneaux-hutton-en-velours-cotele-recycle\\\/\",\"name\":\"Casquette 6\u00a0panneaux Hutton en velours c\u00f4tel\u00e9 recycl\u00e9 - PERLE IN\",\"isPartOf\":{\"@id\":\"https:\\\/\\\/perle-in.com\\\/#website\"},\"primaryImageOfPage\":{\"@id\":\"https:\\\/\\\/perle-in.com\\\/produit\\\/casquette-6-panneaux-hutton-en-velours-cotele-recycle\\\/#primaryimage\"},\"image\":{\"@id\":\"https:\\\/\\\/perle-in.com\\\/produit\\\/casquette-6-panneaux-hutton-en-velours-cotele-recycle\\\/#primaryimage\"},\"thumbnailUrl\":\"https:\\\/\\\/perle-in.com\\\/wp-content\\\/uploads\\\/2025\\\/10\\\/11107306-1.jpg\",\"datePublished\":\"2025-10-16T03:47:29+00:00\",\"dateModified\":\"2025-10-16T03:47:33+00:00\",\"breadcrumb\":{\"@id\":\"https:\\\/\\\/perle-in.com\\\/produit\\\/casquette-6-panneaux-hutton-en-velours-cotele-recycle\\\/#breadcrumb\"},\"inLanguage\":\"en-CA\",\"potentialAction\":[{\"@type\":\"ReadAction\",\"target\":[\"https:\\\/\\\/perle-in.com\\\/produit\\\/casquette-6-panneaux-hutton-en-velours-cotele-recycle\\\/\"]}]},{\"@type\":\"ImageObject\",\"inLanguage\":\"en-CA\",\"@id\":\"https:\\\/\\\/perle-in.com\\\/produit\\\/casquette-6-panneaux-hutton-en-velours-cotele-recycle\\\/#primaryimage\",\"url\":\"https:\\\/\\\/perle-in.com\\\/wp-content\\\/uploads\\\/2025\\\/10\\\/11107306-1.jpg\",\"contentUrl\":\"https:\\\/\\\/perle-in.com\\\/wp-content\\\/uploads\\\/2025\\\/10\\\/11107306-1.jpg\",\"width\":1600,\"height\":1600},{\"@type\":\"BreadcrumbList\",\"@id\":\"https:\\\/\\\/perle-in.com\\\/produit\\\/casquette-6-panneaux-hutton-en-velours-cotele-recycle\\\/#breadcrumb\",\"itemListElement\":[{\"@type\":\"ListItem\",\"position\":1,\"name\":\"Accueil\",\"item\":\"https:\\\/\\\/perle-in.com\\\/\"},{\"@type\":\"ListItem\",\"position\":2,\"name\":\"Boutique\",\"item\":\"https:\\\/\\\/perle-in.com\\\/boutique\\\/\"},{\"@type\":\"ListItem\",\"position\":3,\"name\":\"Casquette 6\u00a0panneaux Hutton en velours c\u00f4tel\u00e9 recycl\u00e9\"}]},{\"@type\":\"WebSite\",\"@id\":\"https:\\\/\\\/perle-in.com\\\/#website\",\"url\":\"https:\\\/\\\/perle-in.com\\\/\",\"name\":\"PERLE IN\",\"description\":\"\",\"publisher\":{\"@id\":\"https:\\\/\\\/perle-in.com\\\/#organization\"},\"potentialAction\":[{\"@type\":\"SearchAction\",\"target\":{\"@type\":\"EntryPoint\",\"urlTemplate\":\"https:\\\/\\\/perle-in.com\\\/?s={search_term_string}\"},\"query-input\":{\"@type\":\"PropertyValueSpecification\",\"valueRequired\":true,\"valueName\":\"search_term_string\"}}],\"inLanguage\":\"en-CA\"},{\"@type\":\"Organization\",\"@id\":\"https:\\\/\\\/perle-in.com\\\/#organization\",\"name\":\"PERLE IN\",\"url\":\"https:\\\/\\\/perle-in.com\\\/\",\"logo\":{\"@type\":\"ImageObject\",\"inLanguage\":\"en-CA\",\"@id\":\"https:\\\/\\\/perle-in.com\\\/#\\\/schema\\\/logo\\\/image\\\/\",\"url\":\"https:\\\/\\\/perle-in.com\\\/wp-content\\\/uploads\\\/2022\\\/12\\\/LOGO-PERLE-IN-COULEUR@3x.webp\",\"contentUrl\":\"https:\\\/\\\/perle-in.com\\\/wp-content\\\/uploads\\\/2022\\\/12\\\/LOGO-PERLE-IN-COULEUR@3x.webp\",\"width\":1600,\"height\":490,\"caption\":\"PERLE IN\"},\"image\":{\"@id\":\"https:\\\/\\\/perle-in.com\\\/#\\\/schema\\\/logo\\\/image\\\/\"}}]}<\/script>\n<!-- \/ Yoast SEO plugin. -->","yoast_head_json":{"title":"Casquette 6\u00a0panneaux Hutton en velours c\u00f4tel\u00e9 recycl\u00e9 - PERLE IN","robots":{"index":"noindex","follow":"follow","max-snippet":"max-snippet:-1","max-image-preview":"max-image-preview:large","max-video-preview":"max-video-preview:-1"},"og_locale":"en_US","og_type":"article","og_title":"Casquette 6\u00a0panneaux Hutton en velours c\u00f4tel\u00e9 recycl\u00e9 - PERLE IN","og_description":"La casquette en velours c\u00f4tel\u00e9 Hutton allie style classique et confort au quotidien. Fabriqu\u00e9e \u00e0 partir d\u2019un m\u00e9lange durable de 80\u00a0% de coton recycl\u00e9 et de 20\u00a0% de coton, elle offre un tissu velours c\u00f4tel\u00e9 doux de 280\u00a0g\/m\u00b2. Elle est id\u00e9ale pour \u00eatre port\u00e9e tout au long de l\u2019ann\u00e9e. La conception structur\u00e9e et le tour de t\u00eate de 58\u00a0cm offrent un ajustement s\u00fbr et confortable. Avec son look intemporel et ses mat\u00e9riaux durables, cette casquette est un choix polyvalent pour toutes les saisons.","og_url":"https:\/\/perle-in.com\/en\/product\/casquette-6-panneaux-hutton-en-velours-cotele-recycle\/","og_site_name":"PERLE IN","article_modified_time":"2025-10-16T03:47:33+00:00","og_image":[{"width":1600,"height":1600,"url":"https:\/\/perle-in.com\/wp-content\/uploads\/2025\/10\/11107306-1.jpg","type":"image\/jpeg"}],"twitter_card":"summary_large_image","schema":{"@context":"https:\/\/schema.org","@graph":[{"@type":"WebPage","@id":"https:\/\/perle-in.com\/produit\/casquette-6-panneaux-hutton-en-velours-cotele-recycle\/","url":"https:\/\/perle-in.com\/produit\/casquette-6-panneaux-hutton-en-velours-cotele-recycle\/","name":"Casquette 6\u00a0panneaux Hutton en velours c\u00f4tel\u00e9 recycl\u00e9 - PERLE IN","isPartOf":{"@id":"https:\/\/perle-in.com\/#website"},"primaryImageOfPage":{"@id":"https:\/\/perle-in.com\/produit\/casquette-6-panneaux-hutton-en-velours-cotele-recycle\/#primaryimage"},"image":{"@id":"https:\/\/perle-in.com\/produit\/casquette-6-panneaux-hutton-en-velours-cotele-recycle\/#primaryimage"},"thumbnailUrl":"https:\/\/perle-in.com\/wp-content\/uploads\/2025\/10\/11107306-1.jpg","datePublished":"2025-10-16T03:47:29+00:00","dateModified":"2025-10-16T03:47:33+00:00","breadcrumb":{"@id":"https:\/\/perle-in.com\/produit\/casquette-6-panneaux-hutton-en-velours-cotele-recycle\/#breadcrumb"},"inLanguage":"en-CA","potentialAction":[{"@type":"ReadAction","target":["https:\/\/perle-in.com\/produit\/casquette-6-panneaux-hutton-en-velours-cotele-recycle\/"]}]},{"@type":"ImageObject","inLanguage":"en-CA","@id":"https:\/\/perle-in.com\/produit\/casquette-6-panneaux-hutton-en-velours-cotele-recycle\/#primaryimage","url":"https:\/\/perle-in.com\/wp-content\/uploads\/2025\/10\/11107306-1.jpg","contentUrl":"https:\/\/perle-in.com\/wp-content\/uploads\/2025\/10\/11107306-1.jpg","width":1600,"height":1600},{"@type":"BreadcrumbList","@id":"https:\/\/perle-in.com\/produit\/casquette-6-panneaux-hutton-en-velours-cotele-recycle\/#breadcrumb","itemListElement":[{"@type":"ListItem","position":1,"name":"Accueil","item":"https:\/\/perle-in.com\/"},{"@type":"ListItem","position":2,"name":"Boutique","item":"https:\/\/perle-in.com\/boutique\/"},{"@type":"ListItem","position":3,"name":"Casquette 6\u00a0panneaux Hutton en velours c\u00f4tel\u00e9 recycl\u00e9"}]},{"@type":"WebSite","@id":"https:\/\/perle-in.com\/#website","url":"https:\/\/perle-in.com\/","name":"PERLE IN","description":"","publisher":{"@id":"https:\/\/perle-in.com\/#organization"},"potentialAction":[{"@type":"SearchAction","target":{"@type":"EntryPoint","urlTemplate":"https:\/\/perle-in.com\/?s={search_term_string}"},"query-input":{"@type":"PropertyValueSpecification","valueRequired":true,"valueName":"search_term_string"}}],"inLanguage":"en-CA"},{"@type":"Organization","@id":"https:\/\/perle-in.com\/#organization","name":"PERLE IN","url":"https:\/\/perle-in.com\/","logo":{"@type":"ImageObject","inLanguage":"en-CA","@id":"https:\/\/perle-in.com\/#\/schema\/logo\/image\/","url":"https:\/\/perle-in.com\/wp-content\/uploads\/2022\/12\/LOGO-PERLE-IN-COULEUR@3x.webp","contentUrl":"https:\/\/perle-in.com\/wp-content\/uploads\/2022\/12\/LOGO-PERLE-IN-COULEUR@3x.webp","width":1600,"height":490,"caption":"PERLE IN"},"image":{"@id":"https:\/\/perle-in.com\/#\/schema\/logo\/image\/"}}]}},"jetpack_sharing_enabled":true,"_links":{"self":[{"href":"https:\/\/perle-in.com\/en\/wp-json\/wp\/v2\/product\/576065","targetHints":{"allow":["GET"]}}],"collection":[{"href":"https:\/\/perle-in.com\/en\/wp-json\/wp\/v2\/product"}],"about":[{"href":"https:\/\/perle-in.com\/en\/wp-json\/wp\/v2\/types\/product"}],"version-history":[{"count":0,"href":"https:\/\/perle-in.com\/en\/wp-json\/wp\/v2\/product\/576065\/revisions"}],"wp:featuredmedia":[{"embeddable":true,"href":"https:\/\/perle-in.com\/en\/wp-json\/wp\/v2\/media\/576057"}],"wp:attachment":[{"href":"https:\/\/perle-in.com\/en\/wp-json\/wp\/v2\/media?parent=576065"}],"wp:term":[{"taxonomy":"product_brand","embeddable":true,"href":"https:\/\/perle-in.com\/en\/wp-json\/wp\/v2\/product_brand?post=576065"},{"taxonomy":"product_cat","embeddable":true,"href":"https:\/\/perle-in.com\/en\/wp-json\/wp\/v2\/product_cat?post=576065"},{"taxonomy":"product_tag","embeddable":true,"href":"https:\/\/perle-in.com\/en\/wp-json\/wp\/v2\/product_tag?post=576065"}],"curies":[{"name":"wp","href":"https:\/\/api.w.org\/{rel}","templated":true}]}}