{"id":576017,"date":"2025-10-16T05:43:27","date_gmt":"2025-10-16T03:43:27","guid":{"rendered":"https:\/\/perle-in.com\/produit\/sac-a-dos-pour-ordinateur-portable-byron-de-16-l-et-14-en-materiaux-recycles-certifies-grs\/"},"modified":"2025-10-16T05:43:36","modified_gmt":"2025-10-16T03:43:36","slug":"sac-a-dos-pour-ordinateur-portable-byron-de-16-l-et-14-en-materiaux-recycles-certifies-grs","status":"publish","type":"product","link":"https:\/\/perle-in.com\/en\/product\/sac-a-dos-pour-ordinateur-portable-byron-de-16-l-et-14-en-materiaux-recycles-certifies-grs\/","title":{"rendered":"Sac \u00e0 dos pour ordinateur portable Byron de 16\u00a0L et 14&#8243; en mat\u00e9riaux recycl\u00e9s certifi\u00e9s GRS"},"content":{"rendered":"","protected":false},"excerpt":{"rendered":"<p>Fabriqu\u00e9 en polyester recycl\u00e9, d\u00e9perlant et certifi\u00e9 GRS, le sac \u00e0 dos pour ordinateur portable citadin Byron est votre compagnon de tous les jours pour le travail, l\u2019\u00e9cole ou vos sorties en ville. Avec une capacit\u00e9 de 16\u00a0litres et une pochette rembourr\u00e9e d\u00e9di\u00e9e aux ordinateurs portables jusqu\u2019\u00e0 14\u2019\u2019, il offre un rangement pratique dans un design \u00e9pur\u00e9 et moderne. \u00c0 l\u2019int\u00e9rieur, les poches d\u2019organisation intelligentes gardent vos effets bien rang\u00e9s, tandis que deux poches lat\u00e9rales et une poche frontale zipp\u00e9e permettent d\u2019acc\u00e9der rapidement aux \u00e9l\u00e9ments essentiels. Pour le travail ou les vir\u00e9es en ville, ce sac \u00e0 dos offre style, confort et fonctionnalit\u00e9 tout au long du chemin.<\/p>","protected":false},"featured_media":576001,"template":"","meta":{"_eb_attr":""},"product_brand":[],"product_cat":[1214,159],"product_tag":[784,282,1347,1798],"class_list":{"0":"post-576017","1":"product","2":"type-product","3":"status-publish","4":"has-post-thumbnail","6":"product_cat-sac-a-dos-pour-ordinateur","7":"product_cat-sacs","8":"product_tag-ordinateur-portable","9":"product_tag-sac","10":"product_tag-sac-a-dos","11":"product_tag-sacoche","12":"pa_couleurs-bleu-hale","13":"pa_couleurs-bleu-royal","14":"pa_couleurs-brique","15":"pa_couleurs-flocons-davoine","16":"pa_couleurs-gris","17":"pa_couleurs-lilas","18":"pa_couleurs-marine","19":"pa_couleurs-noir","20":"pa_couleurs-olive","21":"pa_couleurs-rouge","22":"pa_green-points-2652","23":"pa_matiere-polyester-recycle-certifie-grs","25":"first","26":"instock","27":"shipping-taxable","28":"purchasable","29":"product-type-variable"},"yoast_head":"<!-- This site is optimized with the Yoast SEO plugin v27.4 - https:\/\/yoast.com\/product\/yoast-seo-wordpress\/ -->\n<title>Sac \u00e0 dos pour ordinateur portable Byron de 16\u00a0L et 14&quot; en mat\u00e9riaux recycl\u00e9s certifi\u00e9s GRS - PERLE IN<\/title>\n<meta name=\"robots\" content=\"noindex, follow, max-snippet:-1, max-image-preview:large, max-video-preview:-1\" \/>\n<meta property=\"og:locale\" content=\"en_US\" \/>\n<meta property=\"og:type\" content=\"article\" \/>\n<meta property=\"og:title\" content=\"Sac \u00e0 dos pour ordinateur portable Byron de 16\u00a0L et 14&quot; en mat\u00e9riaux recycl\u00e9s certifi\u00e9s GRS - PERLE IN\" \/>\n<meta property=\"og:description\" content=\"Fabriqu\u00e9 en polyester recycl\u00e9, d\u00e9perlant et certifi\u00e9 GRS, le sac \u00e0 dos pour ordinateur portable citadin Byron est votre compagnon de tous les jours pour le travail, l\u2019\u00e9cole ou vos sorties en ville. Avec une capacit\u00e9 de 16\u00a0litres et une pochette rembourr\u00e9e d\u00e9di\u00e9e aux ordinateurs portables jusqu\u2019\u00e0 14\u2019\u2019, il offre un rangement pratique dans un design \u00e9pur\u00e9 et moderne. \u00c0 l\u2019int\u00e9rieur, les poches d\u2019organisation intelligentes gardent vos effets bien rang\u00e9s, tandis que deux poches lat\u00e9rales et une poche frontale zipp\u00e9e permettent d\u2019acc\u00e9der rapidement aux \u00e9l\u00e9ments essentiels. Pour le travail ou les vir\u00e9es en ville, ce sac \u00e0 dos offre style, confort et fonctionnalit\u00e9 tout au long du chemin.\" \/>\n<meta property=\"og:url\" content=\"https:\/\/perle-in.com\/en\/product\/sac-a-dos-pour-ordinateur-portable-byron-de-16-l-et-14-en-materiaux-recycles-certifies-grs\/\" \/>\n<meta property=\"og:site_name\" content=\"PERLE IN\" \/>\n<meta property=\"article:modified_time\" content=\"2025-10-16T03:43:36+00:00\" \/>\n<meta property=\"og:image\" content=\"https:\/\/perle-in.com\/wp-content\/uploads\/2025\/10\/13009607-1.jpg\" \/>\n\t<meta property=\"og:image:width\" content=\"1600\" \/>\n\t<meta property=\"og:image:height\" content=\"1600\" \/>\n\t<meta property=\"og:image:type\" content=\"image\/jpeg\" \/>\n<meta name=\"twitter:card\" content=\"summary_large_image\" \/>\n<script type=\"application\/ld+json\" class=\"yoast-schema-graph\">{\"@context\":\"https:\\\/\\\/schema.org\",\"@graph\":[{\"@type\":\"WebPage\",\"@id\":\"https:\\\/\\\/perle-in.com\\\/produit\\\/sac-a-dos-pour-ordinateur-portable-byron-de-16-l-et-14-en-materiaux-recycles-certifies-grs\\\/\",\"url\":\"https:\\\/\\\/perle-in.com\\\/produit\\\/sac-a-dos-pour-ordinateur-portable-byron-de-16-l-et-14-en-materiaux-recycles-certifies-grs\\\/\",\"name\":\"Sac \u00e0 dos pour ordinateur portable Byron de 16\u00a0L et 14\\\" en mat\u00e9riaux recycl\u00e9s certifi\u00e9s GRS - PERLE IN\",\"isPartOf\":{\"@id\":\"https:\\\/\\\/perle-in.com\\\/#website\"},\"primaryImageOfPage\":{\"@id\":\"https:\\\/\\\/perle-in.com\\\/produit\\\/sac-a-dos-pour-ordinateur-portable-byron-de-16-l-et-14-en-materiaux-recycles-certifies-grs\\\/#primaryimage\"},\"image\":{\"@id\":\"https:\\\/\\\/perle-in.com\\\/produit\\\/sac-a-dos-pour-ordinateur-portable-byron-de-16-l-et-14-en-materiaux-recycles-certifies-grs\\\/#primaryimage\"},\"thumbnailUrl\":\"https:\\\/\\\/perle-in.com\\\/wp-content\\\/uploads\\\/2025\\\/10\\\/13009607-1.jpg\",\"datePublished\":\"2025-10-16T03:43:27+00:00\",\"dateModified\":\"2025-10-16T03:43:36+00:00\",\"breadcrumb\":{\"@id\":\"https:\\\/\\\/perle-in.com\\\/produit\\\/sac-a-dos-pour-ordinateur-portable-byron-de-16-l-et-14-en-materiaux-recycles-certifies-grs\\\/#breadcrumb\"},\"inLanguage\":\"en-CA\",\"potentialAction\":[{\"@type\":\"ReadAction\",\"target\":[\"https:\\\/\\\/perle-in.com\\\/produit\\\/sac-a-dos-pour-ordinateur-portable-byron-de-16-l-et-14-en-materiaux-recycles-certifies-grs\\\/\"]}]},{\"@type\":\"ImageObject\",\"inLanguage\":\"en-CA\",\"@id\":\"https:\\\/\\\/perle-in.com\\\/produit\\\/sac-a-dos-pour-ordinateur-portable-byron-de-16-l-et-14-en-materiaux-recycles-certifies-grs\\\/#primaryimage\",\"url\":\"https:\\\/\\\/perle-in.com\\\/wp-content\\\/uploads\\\/2025\\\/10\\\/13009607-1.jpg\",\"contentUrl\":\"https:\\\/\\\/perle-in.com\\\/wp-content\\\/uploads\\\/2025\\\/10\\\/13009607-1.jpg\",\"width\":1600,\"height\":1600},{\"@type\":\"BreadcrumbList\",\"@id\":\"https:\\\/\\\/perle-in.com\\\/produit\\\/sac-a-dos-pour-ordinateur-portable-byron-de-16-l-et-14-en-materiaux-recycles-certifies-grs\\\/#breadcrumb\",\"itemListElement\":[{\"@type\":\"ListItem\",\"position\":1,\"name\":\"Accueil\",\"item\":\"https:\\\/\\\/perle-in.com\\\/\"},{\"@type\":\"ListItem\",\"position\":2,\"name\":\"Boutique\",\"item\":\"https:\\\/\\\/perle-in.com\\\/boutique\\\/\"},{\"@type\":\"ListItem\",\"position\":3,\"name\":\"Sac \u00e0 dos pour ordinateur portable Byron de 16\u00a0L et 14&#8243; en mat\u00e9riaux recycl\u00e9s certifi\u00e9s GRS\"}]},{\"@type\":\"WebSite\",\"@id\":\"https:\\\/\\\/perle-in.com\\\/#website\",\"url\":\"https:\\\/\\\/perle-in.com\\\/\",\"name\":\"PERLE IN\",\"description\":\"\",\"publisher\":{\"@id\":\"https:\\\/\\\/perle-in.com\\\/#organization\"},\"potentialAction\":[{\"@type\":\"SearchAction\",\"target\":{\"@type\":\"EntryPoint\",\"urlTemplate\":\"https:\\\/\\\/perle-in.com\\\/?s={search_term_string}\"},\"query-input\":{\"@type\":\"PropertyValueSpecification\",\"valueRequired\":true,\"valueName\":\"search_term_string\"}}],\"inLanguage\":\"en-CA\"},{\"@type\":\"Organization\",\"@id\":\"https:\\\/\\\/perle-in.com\\\/#organization\",\"name\":\"PERLE IN\",\"url\":\"https:\\\/\\\/perle-in.com\\\/\",\"logo\":{\"@type\":\"ImageObject\",\"inLanguage\":\"en-CA\",\"@id\":\"https:\\\/\\\/perle-in.com\\\/#\\\/schema\\\/logo\\\/image\\\/\",\"url\":\"https:\\\/\\\/perle-in.com\\\/wp-content\\\/uploads\\\/2022\\\/12\\\/LOGO-PERLE-IN-COULEUR@3x.webp\",\"contentUrl\":\"https:\\\/\\\/perle-in.com\\\/wp-content\\\/uploads\\\/2022\\\/12\\\/LOGO-PERLE-IN-COULEUR@3x.webp\",\"width\":1600,\"height\":490,\"caption\":\"PERLE IN\"},\"image\":{\"@id\":\"https:\\\/\\\/perle-in.com\\\/#\\\/schema\\\/logo\\\/image\\\/\"}}]}<\/script>\n<!-- \/ Yoast SEO plugin. -->","yoast_head_json":{"title":"Sac \u00e0 dos pour ordinateur portable Byron de 16\u00a0L et 14\" en mat\u00e9riaux recycl\u00e9s certifi\u00e9s GRS - PERLE IN","robots":{"index":"noindex","follow":"follow","max-snippet":"max-snippet:-1","max-image-preview":"max-image-preview:large","max-video-preview":"max-video-preview:-1"},"og_locale":"en_US","og_type":"article","og_title":"Sac \u00e0 dos pour ordinateur portable Byron de 16\u00a0L et 14\" en mat\u00e9riaux recycl\u00e9s certifi\u00e9s GRS - PERLE IN","og_description":"Fabriqu\u00e9 en polyester recycl\u00e9, d\u00e9perlant et certifi\u00e9 GRS, le sac \u00e0 dos pour ordinateur portable citadin Byron est votre compagnon de tous les jours pour le travail, l\u2019\u00e9cole ou vos sorties en ville. Avec une capacit\u00e9 de 16\u00a0litres et une pochette rembourr\u00e9e d\u00e9di\u00e9e aux ordinateurs portables jusqu\u2019\u00e0 14\u2019\u2019, il offre un rangement pratique dans un design \u00e9pur\u00e9 et moderne. \u00c0 l\u2019int\u00e9rieur, les poches d\u2019organisation intelligentes gardent vos effets bien rang\u00e9s, tandis que deux poches lat\u00e9rales et une poche frontale zipp\u00e9e permettent d\u2019acc\u00e9der rapidement aux \u00e9l\u00e9ments essentiels. Pour le travail ou les vir\u00e9es en ville, ce sac \u00e0 dos offre style, confort et fonctionnalit\u00e9 tout au long du chemin.","og_url":"https:\/\/perle-in.com\/en\/product\/sac-a-dos-pour-ordinateur-portable-byron-de-16-l-et-14-en-materiaux-recycles-certifies-grs\/","og_site_name":"PERLE IN","article_modified_time":"2025-10-16T03:43:36+00:00","og_image":[{"width":1600,"height":1600,"url":"https:\/\/perle-in.com\/wp-content\/uploads\/2025\/10\/13009607-1.jpg","type":"image\/jpeg"}],"twitter_card":"summary_large_image","schema":{"@context":"https:\/\/schema.org","@graph":[{"@type":"WebPage","@id":"https:\/\/perle-in.com\/produit\/sac-a-dos-pour-ordinateur-portable-byron-de-16-l-et-14-en-materiaux-recycles-certifies-grs\/","url":"https:\/\/perle-in.com\/produit\/sac-a-dos-pour-ordinateur-portable-byron-de-16-l-et-14-en-materiaux-recycles-certifies-grs\/","name":"Sac \u00e0 dos pour ordinateur portable Byron de 16\u00a0L et 14\" en mat\u00e9riaux recycl\u00e9s certifi\u00e9s GRS - PERLE IN","isPartOf":{"@id":"https:\/\/perle-in.com\/#website"},"primaryImageOfPage":{"@id":"https:\/\/perle-in.com\/produit\/sac-a-dos-pour-ordinateur-portable-byron-de-16-l-et-14-en-materiaux-recycles-certifies-grs\/#primaryimage"},"image":{"@id":"https:\/\/perle-in.com\/produit\/sac-a-dos-pour-ordinateur-portable-byron-de-16-l-et-14-en-materiaux-recycles-certifies-grs\/#primaryimage"},"thumbnailUrl":"https:\/\/perle-in.com\/wp-content\/uploads\/2025\/10\/13009607-1.jpg","datePublished":"2025-10-16T03:43:27+00:00","dateModified":"2025-10-16T03:43:36+00:00","breadcrumb":{"@id":"https:\/\/perle-in.com\/produit\/sac-a-dos-pour-ordinateur-portable-byron-de-16-l-et-14-en-materiaux-recycles-certifies-grs\/#breadcrumb"},"inLanguage":"en-CA","potentialAction":[{"@type":"ReadAction","target":["https:\/\/perle-in.com\/produit\/sac-a-dos-pour-ordinateur-portable-byron-de-16-l-et-14-en-materiaux-recycles-certifies-grs\/"]}]},{"@type":"ImageObject","inLanguage":"en-CA","@id":"https:\/\/perle-in.com\/produit\/sac-a-dos-pour-ordinateur-portable-byron-de-16-l-et-14-en-materiaux-recycles-certifies-grs\/#primaryimage","url":"https:\/\/perle-in.com\/wp-content\/uploads\/2025\/10\/13009607-1.jpg","contentUrl":"https:\/\/perle-in.com\/wp-content\/uploads\/2025\/10\/13009607-1.jpg","width":1600,"height":1600},{"@type":"BreadcrumbList","@id":"https:\/\/perle-in.com\/produit\/sac-a-dos-pour-ordinateur-portable-byron-de-16-l-et-14-en-materiaux-recycles-certifies-grs\/#breadcrumb","itemListElement":[{"@type":"ListItem","position":1,"name":"Accueil","item":"https:\/\/perle-in.com\/"},{"@type":"ListItem","position":2,"name":"Boutique","item":"https:\/\/perle-in.com\/boutique\/"},{"@type":"ListItem","position":3,"name":"Sac \u00e0 dos pour ordinateur portable Byron de 16\u00a0L et 14&#8243; en mat\u00e9riaux recycl\u00e9s certifi\u00e9s GRS"}]},{"@type":"WebSite","@id":"https:\/\/perle-in.com\/#website","url":"https:\/\/perle-in.com\/","name":"PERLE IN","description":"","publisher":{"@id":"https:\/\/perle-in.com\/#organization"},"potentialAction":[{"@type":"SearchAction","target":{"@type":"EntryPoint","urlTemplate":"https:\/\/perle-in.com\/?s={search_term_string}"},"query-input":{"@type":"PropertyValueSpecification","valueRequired":true,"valueName":"search_term_string"}}],"inLanguage":"en-CA"},{"@type":"Organization","@id":"https:\/\/perle-in.com\/#organization","name":"PERLE IN","url":"https:\/\/perle-in.com\/","logo":{"@type":"ImageObject","inLanguage":"en-CA","@id":"https:\/\/perle-in.com\/#\/schema\/logo\/image\/","url":"https:\/\/perle-in.com\/wp-content\/uploads\/2022\/12\/LOGO-PERLE-IN-COULEUR@3x.webp","contentUrl":"https:\/\/perle-in.com\/wp-content\/uploads\/2022\/12\/LOGO-PERLE-IN-COULEUR@3x.webp","width":1600,"height":490,"caption":"PERLE IN"},"image":{"@id":"https:\/\/perle-in.com\/#\/schema\/logo\/image\/"}}]}},"jetpack_sharing_enabled":true,"_links":{"self":[{"href":"https:\/\/perle-in.com\/en\/wp-json\/wp\/v2\/product\/576017","targetHints":{"allow":["GET"]}}],"collection":[{"href":"https:\/\/perle-in.com\/en\/wp-json\/wp\/v2\/product"}],"about":[{"href":"https:\/\/perle-in.com\/en\/wp-json\/wp\/v2\/types\/product"}],"version-history":[{"count":0,"href":"https:\/\/perle-in.com\/en\/wp-json\/wp\/v2\/product\/576017\/revisions"}],"wp:featuredmedia":[{"embeddable":true,"href":"https:\/\/perle-in.com\/en\/wp-json\/wp\/v2\/media\/576001"}],"wp:attachment":[{"href":"https:\/\/perle-in.com\/en\/wp-json\/wp\/v2\/media?parent=576017"}],"wp:term":[{"taxonomy":"product_brand","embeddable":true,"href":"https:\/\/perle-in.com\/en\/wp-json\/wp\/v2\/product_brand?post=576017"},{"taxonomy":"product_cat","embeddable":true,"href":"https:\/\/perle-in.com\/en\/wp-json\/wp\/v2\/product_cat?post=576017"},{"taxonomy":"product_tag","embeddable":true,"href":"https:\/\/perle-in.com\/en\/wp-json\/wp\/v2\/product_tag?post=576017"}],"curies":[{"name":"wp","href":"https:\/\/api.w.org\/{rel}","templated":true}]}}