{"id":575905,"date":"2025-10-16T05:33:31","date_gmt":"2025-10-16T03:33:31","guid":{"rendered":"https:\/\/perle-in.com\/produit\/cahier-novella-austen-recycle-a5-a-couverture-souple-de-50-feuilles\/"},"modified":"2025-10-16T05:33:35","modified_gmt":"2025-10-16T03:33:35","slug":"cahier-novella-austen-recycle-a5-a-couverture-souple-de-50-feuilles","status":"publish","type":"product","link":"https:\/\/perle-in.com\/en\/product\/cahier-novella-austen-recycle-a5-a-couverture-souple-de-50-feuilles\/","title":{"rendered":"Cahier Novella Austen recycl\u00e9 A5 \u00e0 couverture souple de 50\u00a0feuilles"},"content":{"rendered":"","protected":false},"excerpt":{"rendered":"<p>Le cahier  Novella Austen recycl\u00e9 au format A5 et \u00e0 couverture souple est un article de papeterie polyvalent parfait pour offrir en cadeau. Le cahier contient 50\u00a0feuilles de papier recycl\u00e9 de 80\u00a0g\/m\u00b2. Les feuilles sont unies (standard), pour l\u2019ajout de dessins, de lignes, de carr\u00e9s ou de dessins personnalis\u00e9s. Nous proposons \u00e9galement des inserts de pages avec une finition brillante \u00e0 l\u2019avant du carnet, id\u00e9ales pour transmettre des informations suppl\u00e9mentaires. La couverture, en carton de 285\u00a0g\/m\u00b2, est disponible dans toute une gamme de couleurs. Pour un effet vraiment spectaculaire, vous pouvez \u00e9galement ajouter une impression en couleur sur l\u2019ensemble de la couverture (recto, verso, dos). Fabriqu\u00e9 au Royaume-Uni.<\/p>","protected":false},"featured_media":575894,"template":"","meta":{"_eb_attr":""},"product_brand":[],"product_cat":[1224,4196],"product_tag":[592,590,597,598,595,596,593,594],"class_list":{"0":"post-575905","1":"product","2":"type-product","3":"status-publish","4":"has-post-thumbnail","6":"product_cat-bloc-notes-couverture-souple","7":"product_cat-blocs-notes-et-papeterie-personnalisee","8":"product_tag-carnet-de-notes","9":"product_tag-carnets-de-notes","10":"product_tag-journal","11":"product_tag-journaux","12":"product_tag-livre","13":"product_tag-livres","14":"product_tag-note","15":"product_tag-notes","16":"pa_couleurs-bleu","17":"pa_couleurs-charbon","18":"pa_couleurs-ivoire","19":"pa_couleurs-rouge","20":"pa_couleurs-vert","21":"pa_green-points-3909","22":"pa_matiere-papier-recycle-80-carton-recycle-et-20-carton","23":"pa_pays-d-origine-angleterre","25":"first","26":"instock","27":"shipping-taxable","28":"purchasable","29":"product-type-variable"},"yoast_head":"<!-- This site is optimized with the Yoast SEO plugin v27.4 - https:\/\/yoast.com\/product\/yoast-seo-wordpress\/ -->\n<title>Cahier Novella Austen recycl\u00e9 A5 \u00e0 couverture souple de 50\u00a0feuilles - PERLE IN<\/title>\n<meta name=\"robots\" content=\"noindex, follow, max-snippet:-1, max-image-preview:large, max-video-preview:-1\" \/>\n<meta property=\"og:locale\" content=\"en_US\" \/>\n<meta property=\"og:type\" content=\"article\" \/>\n<meta property=\"og:title\" content=\"Cahier Novella Austen recycl\u00e9 A5 \u00e0 couverture souple de 50\u00a0feuilles - PERLE IN\" \/>\n<meta property=\"og:description\" content=\"Le cahier Novella Austen recycl\u00e9 au format A5 et \u00e0 couverture souple est un article de papeterie polyvalent parfait pour offrir en cadeau. Le cahier contient 50\u00a0feuilles de papier recycl\u00e9 de 80\u00a0g\/m\u00b2. Les feuilles sont unies (standard), pour l\u2019ajout de dessins, de lignes, de carr\u00e9s ou de dessins personnalis\u00e9s. Nous proposons \u00e9galement des inserts de pages avec une finition brillante \u00e0 l\u2019avant du carnet, id\u00e9ales pour transmettre des informations suppl\u00e9mentaires. La couverture, en carton de 285\u00a0g\/m\u00b2, est disponible dans toute une gamme de couleurs. Pour un effet vraiment spectaculaire, vous pouvez \u00e9galement ajouter une impression en couleur sur l\u2019ensemble de la couverture (recto, verso, dos). Fabriqu\u00e9 au Royaume-Uni.\" \/>\n<meta property=\"og:url\" content=\"https:\/\/perle-in.com\/en\/product\/cahier-novella-austen-recycle-a5-a-couverture-souple-de-50-feuilles\/\" \/>\n<meta property=\"og:site_name\" content=\"PERLE IN\" \/>\n<meta property=\"article:modified_time\" content=\"2025-10-16T03:33:35+00:00\" \/>\n<meta property=\"og:image\" content=\"https:\/\/perle-in.com\/wp-content\/uploads\/2025\/10\/21024902-1.jpg\" \/>\n\t<meta property=\"og:image:width\" content=\"1600\" \/>\n\t<meta property=\"og:image:height\" content=\"1600\" \/>\n\t<meta property=\"og:image:type\" content=\"image\/jpeg\" \/>\n<meta name=\"twitter:card\" content=\"summary_large_image\" \/>\n<script type=\"application\/ld+json\" class=\"yoast-schema-graph\">{\"@context\":\"https:\\\/\\\/schema.org\",\"@graph\":[{\"@type\":\"WebPage\",\"@id\":\"https:\\\/\\\/perle-in.com\\\/produit\\\/cahier-novella-austen-recycle-a5-a-couverture-souple-de-50-feuilles\\\/\",\"url\":\"https:\\\/\\\/perle-in.com\\\/produit\\\/cahier-novella-austen-recycle-a5-a-couverture-souple-de-50-feuilles\\\/\",\"name\":\"Cahier Novella Austen recycl\u00e9 A5 \u00e0 couverture souple de 50\u00a0feuilles - PERLE IN\",\"isPartOf\":{\"@id\":\"https:\\\/\\\/perle-in.com\\\/#website\"},\"primaryImageOfPage\":{\"@id\":\"https:\\\/\\\/perle-in.com\\\/produit\\\/cahier-novella-austen-recycle-a5-a-couverture-souple-de-50-feuilles\\\/#primaryimage\"},\"image\":{\"@id\":\"https:\\\/\\\/perle-in.com\\\/produit\\\/cahier-novella-austen-recycle-a5-a-couverture-souple-de-50-feuilles\\\/#primaryimage\"},\"thumbnailUrl\":\"https:\\\/\\\/perle-in.com\\\/wp-content\\\/uploads\\\/2025\\\/10\\\/21024902-1.jpg\",\"datePublished\":\"2025-10-16T03:33:31+00:00\",\"dateModified\":\"2025-10-16T03:33:35+00:00\",\"breadcrumb\":{\"@id\":\"https:\\\/\\\/perle-in.com\\\/produit\\\/cahier-novella-austen-recycle-a5-a-couverture-souple-de-50-feuilles\\\/#breadcrumb\"},\"inLanguage\":\"en-CA\",\"potentialAction\":[{\"@type\":\"ReadAction\",\"target\":[\"https:\\\/\\\/perle-in.com\\\/produit\\\/cahier-novella-austen-recycle-a5-a-couverture-souple-de-50-feuilles\\\/\"]}]},{\"@type\":\"ImageObject\",\"inLanguage\":\"en-CA\",\"@id\":\"https:\\\/\\\/perle-in.com\\\/produit\\\/cahier-novella-austen-recycle-a5-a-couverture-souple-de-50-feuilles\\\/#primaryimage\",\"url\":\"https:\\\/\\\/perle-in.com\\\/wp-content\\\/uploads\\\/2025\\\/10\\\/21024902-1.jpg\",\"contentUrl\":\"https:\\\/\\\/perle-in.com\\\/wp-content\\\/uploads\\\/2025\\\/10\\\/21024902-1.jpg\",\"width\":1600,\"height\":1600},{\"@type\":\"BreadcrumbList\",\"@id\":\"https:\\\/\\\/perle-in.com\\\/produit\\\/cahier-novella-austen-recycle-a5-a-couverture-souple-de-50-feuilles\\\/#breadcrumb\",\"itemListElement\":[{\"@type\":\"ListItem\",\"position\":1,\"name\":\"Accueil\",\"item\":\"https:\\\/\\\/perle-in.com\\\/\"},{\"@type\":\"ListItem\",\"position\":2,\"name\":\"Boutique\",\"item\":\"https:\\\/\\\/perle-in.com\\\/boutique\\\/\"},{\"@type\":\"ListItem\",\"position\":3,\"name\":\"Cahier Novella Austen recycl\u00e9 A5 \u00e0 couverture souple de 50\u00a0feuilles\"}]},{\"@type\":\"WebSite\",\"@id\":\"https:\\\/\\\/perle-in.com\\\/#website\",\"url\":\"https:\\\/\\\/perle-in.com\\\/\",\"name\":\"PERLE IN\",\"description\":\"\",\"publisher\":{\"@id\":\"https:\\\/\\\/perle-in.com\\\/#organization\"},\"potentialAction\":[{\"@type\":\"SearchAction\",\"target\":{\"@type\":\"EntryPoint\",\"urlTemplate\":\"https:\\\/\\\/perle-in.com\\\/?s={search_term_string}\"},\"query-input\":{\"@type\":\"PropertyValueSpecification\",\"valueRequired\":true,\"valueName\":\"search_term_string\"}}],\"inLanguage\":\"en-CA\"},{\"@type\":\"Organization\",\"@id\":\"https:\\\/\\\/perle-in.com\\\/#organization\",\"name\":\"PERLE IN\",\"url\":\"https:\\\/\\\/perle-in.com\\\/\",\"logo\":{\"@type\":\"ImageObject\",\"inLanguage\":\"en-CA\",\"@id\":\"https:\\\/\\\/perle-in.com\\\/#\\\/schema\\\/logo\\\/image\\\/\",\"url\":\"https:\\\/\\\/perle-in.com\\\/wp-content\\\/uploads\\\/2022\\\/12\\\/LOGO-PERLE-IN-COULEUR@3x.webp\",\"contentUrl\":\"https:\\\/\\\/perle-in.com\\\/wp-content\\\/uploads\\\/2022\\\/12\\\/LOGO-PERLE-IN-COULEUR@3x.webp\",\"width\":1600,\"height\":490,\"caption\":\"PERLE IN\"},\"image\":{\"@id\":\"https:\\\/\\\/perle-in.com\\\/#\\\/schema\\\/logo\\\/image\\\/\"}}]}<\/script>\n<!-- \/ Yoast SEO plugin. -->","yoast_head_json":{"title":"Cahier Novella Austen recycl\u00e9 A5 \u00e0 couverture souple de 50\u00a0feuilles - PERLE IN","robots":{"index":"noindex","follow":"follow","max-snippet":"max-snippet:-1","max-image-preview":"max-image-preview:large","max-video-preview":"max-video-preview:-1"},"og_locale":"en_US","og_type":"article","og_title":"Cahier Novella Austen recycl\u00e9 A5 \u00e0 couverture souple de 50\u00a0feuilles - PERLE IN","og_description":"Le cahier Novella Austen recycl\u00e9 au format A5 et \u00e0 couverture souple est un article de papeterie polyvalent parfait pour offrir en cadeau. Le cahier contient 50\u00a0feuilles de papier recycl\u00e9 de 80\u00a0g\/m\u00b2. Les feuilles sont unies (standard), pour l\u2019ajout de dessins, de lignes, de carr\u00e9s ou de dessins personnalis\u00e9s. Nous proposons \u00e9galement des inserts de pages avec une finition brillante \u00e0 l\u2019avant du carnet, id\u00e9ales pour transmettre des informations suppl\u00e9mentaires. La couverture, en carton de 285\u00a0g\/m\u00b2, est disponible dans toute une gamme de couleurs. Pour un effet vraiment spectaculaire, vous pouvez \u00e9galement ajouter une impression en couleur sur l\u2019ensemble de la couverture (recto, verso, dos). Fabriqu\u00e9 au Royaume-Uni.","og_url":"https:\/\/perle-in.com\/en\/product\/cahier-novella-austen-recycle-a5-a-couverture-souple-de-50-feuilles\/","og_site_name":"PERLE IN","article_modified_time":"2025-10-16T03:33:35+00:00","og_image":[{"width":1600,"height":1600,"url":"https:\/\/perle-in.com\/wp-content\/uploads\/2025\/10\/21024902-1.jpg","type":"image\/jpeg"}],"twitter_card":"summary_large_image","schema":{"@context":"https:\/\/schema.org","@graph":[{"@type":"WebPage","@id":"https:\/\/perle-in.com\/produit\/cahier-novella-austen-recycle-a5-a-couverture-souple-de-50-feuilles\/","url":"https:\/\/perle-in.com\/produit\/cahier-novella-austen-recycle-a5-a-couverture-souple-de-50-feuilles\/","name":"Cahier Novella Austen recycl\u00e9 A5 \u00e0 couverture souple de 50\u00a0feuilles - PERLE IN","isPartOf":{"@id":"https:\/\/perle-in.com\/#website"},"primaryImageOfPage":{"@id":"https:\/\/perle-in.com\/produit\/cahier-novella-austen-recycle-a5-a-couverture-souple-de-50-feuilles\/#primaryimage"},"image":{"@id":"https:\/\/perle-in.com\/produit\/cahier-novella-austen-recycle-a5-a-couverture-souple-de-50-feuilles\/#primaryimage"},"thumbnailUrl":"https:\/\/perle-in.com\/wp-content\/uploads\/2025\/10\/21024902-1.jpg","datePublished":"2025-10-16T03:33:31+00:00","dateModified":"2025-10-16T03:33:35+00:00","breadcrumb":{"@id":"https:\/\/perle-in.com\/produit\/cahier-novella-austen-recycle-a5-a-couverture-souple-de-50-feuilles\/#breadcrumb"},"inLanguage":"en-CA","potentialAction":[{"@type":"ReadAction","target":["https:\/\/perle-in.com\/produit\/cahier-novella-austen-recycle-a5-a-couverture-souple-de-50-feuilles\/"]}]},{"@type":"ImageObject","inLanguage":"en-CA","@id":"https:\/\/perle-in.com\/produit\/cahier-novella-austen-recycle-a5-a-couverture-souple-de-50-feuilles\/#primaryimage","url":"https:\/\/perle-in.com\/wp-content\/uploads\/2025\/10\/21024902-1.jpg","contentUrl":"https:\/\/perle-in.com\/wp-content\/uploads\/2025\/10\/21024902-1.jpg","width":1600,"height":1600},{"@type":"BreadcrumbList","@id":"https:\/\/perle-in.com\/produit\/cahier-novella-austen-recycle-a5-a-couverture-souple-de-50-feuilles\/#breadcrumb","itemListElement":[{"@type":"ListItem","position":1,"name":"Accueil","item":"https:\/\/perle-in.com\/"},{"@type":"ListItem","position":2,"name":"Boutique","item":"https:\/\/perle-in.com\/boutique\/"},{"@type":"ListItem","position":3,"name":"Cahier Novella Austen recycl\u00e9 A5 \u00e0 couverture souple de 50\u00a0feuilles"}]},{"@type":"WebSite","@id":"https:\/\/perle-in.com\/#website","url":"https:\/\/perle-in.com\/","name":"PERLE IN","description":"","publisher":{"@id":"https:\/\/perle-in.com\/#organization"},"potentialAction":[{"@type":"SearchAction","target":{"@type":"EntryPoint","urlTemplate":"https:\/\/perle-in.com\/?s={search_term_string}"},"query-input":{"@type":"PropertyValueSpecification","valueRequired":true,"valueName":"search_term_string"}}],"inLanguage":"en-CA"},{"@type":"Organization","@id":"https:\/\/perle-in.com\/#organization","name":"PERLE IN","url":"https:\/\/perle-in.com\/","logo":{"@type":"ImageObject","inLanguage":"en-CA","@id":"https:\/\/perle-in.com\/#\/schema\/logo\/image\/","url":"https:\/\/perle-in.com\/wp-content\/uploads\/2022\/12\/LOGO-PERLE-IN-COULEUR@3x.webp","contentUrl":"https:\/\/perle-in.com\/wp-content\/uploads\/2022\/12\/LOGO-PERLE-IN-COULEUR@3x.webp","width":1600,"height":490,"caption":"PERLE IN"},"image":{"@id":"https:\/\/perle-in.com\/#\/schema\/logo\/image\/"}}]}},"jetpack_sharing_enabled":true,"_links":{"self":[{"href":"https:\/\/perle-in.com\/en\/wp-json\/wp\/v2\/product\/575905","targetHints":{"allow":["GET"]}}],"collection":[{"href":"https:\/\/perle-in.com\/en\/wp-json\/wp\/v2\/product"}],"about":[{"href":"https:\/\/perle-in.com\/en\/wp-json\/wp\/v2\/types\/product"}],"version-history":[{"count":0,"href":"https:\/\/perle-in.com\/en\/wp-json\/wp\/v2\/product\/575905\/revisions"}],"wp:featuredmedia":[{"embeddable":true,"href":"https:\/\/perle-in.com\/en\/wp-json\/wp\/v2\/media\/575894"}],"wp:attachment":[{"href":"https:\/\/perle-in.com\/en\/wp-json\/wp\/v2\/media?parent=575905"}],"wp:term":[{"taxonomy":"product_brand","embeddable":true,"href":"https:\/\/perle-in.com\/en\/wp-json\/wp\/v2\/product_brand?post=575905"},{"taxonomy":"product_cat","embeddable":true,"href":"https:\/\/perle-in.com\/en\/wp-json\/wp\/v2\/product_cat?post=575905"},{"taxonomy":"product_tag","embeddable":true,"href":"https:\/\/perle-in.com\/en\/wp-json\/wp\/v2\/product_tag?post=575905"}],"curies":[{"name":"wp","href":"https:\/\/api.w.org\/{rel}","templated":true}]}}