{"id":575802,"date":"2025-10-16T05:24:49","date_gmt":"2025-10-16T03:24:49","guid":{"rendered":"https:\/\/perle-in.com\/produit\/bouteille-deau-oregon-de-750-ml-en-acier-inoxydable-a-simple-paroi-certifiee-rcs-recycle-mat-avec-mousqueton\/"},"modified":"2025-10-16T05:24:53","modified_gmt":"2025-10-16T03:24:53","slug":"bouteille-deau-oregon-de-750-ml-en-acier-inoxydable-a-simple-paroi-certifiee-rcs-recycle-mat-avec-mousqueton","status":"publish","type":"product","link":"https:\/\/perle-in.com\/en\/product\/bouteille-deau-oregon-de-750-ml-en-acier-inoxydable-a-simple-paroi-certifiee-rcs-recycle-mat-avec-mousqueton\/","title":{"rendered":"Bouteille d\u2019eau Oregon de 750\u00a0ml en acier inoxydable \u00e0 simple paroi certifi\u00e9e RCS, recycl\u00e9 mat avec mousqueton"},"content":{"rendered":"","protected":false},"excerpt":{"rendered":"<p>Restez toujours hydrat\u00e9 gr\u00e2ce \u00e0 cette bouteille d\u2019eau de 750\u00a0ml, \u00e0 la fois durable et l\u00e9g\u00e8re, fabriqu\u00e9e \u00e0 partir d\u2019acier inoxydable certifi\u00e9 RCS avec finition mate. Elle est le compagnon id\u00e9al pour le sport, les excursions d\u2019une journ\u00e9e ou le bureau. La bouteille Oregon \u00e0 paroi simple, avec finition mate, offre beaucoup d&#8217;espace pour ajouter tout type de logo. Attachez solidement le mousqueton \u00e0 un sac pour \u00e9viter de la perdre (le mousqueton ne convient pas \u00e0 l&#8217;escalade). <\/p>","protected":false},"featured_media":575794,"template":"","meta":{"_eb_attr":""},"product_brand":[],"product_cat":[174,173],"product_tag":[379,175,837,274,3898,2884,836,203],"class_list":{"0":"post-575802","1":"product","2":"type-product","3":"status-publish","4":"has-post-thumbnail","6":"product_cat-bouteilles-deau","7":"product_cat-drinkware","8":"product_tag-acier-inoxydable","9":"product_tag-bouteille","10":"product_tag-durable","11":"product_tag-eau","12":"product_tag-hydratation","13":"product_tag-rcs","14":"product_tag-recycle","15":"product_tag-sport","16":"pa_couleurs-blanc","17":"pa_couleurs-bleu-royal","18":"pa_couleurs-gris","19":"pa_couleurs-noir","20":"pa_green-points-2914","21":"pa_matiere-91-acier-inoxydable-recycle-certifie-rcs-10-plastique","23":"first","24":"instock","25":"shipping-taxable","26":"purchasable","27":"product-type-variable"},"yoast_head":"<!-- This site is optimized with the Yoast SEO plugin v27.4 - https:\/\/yoast.com\/product\/yoast-seo-wordpress\/ -->\n<title>Bouteille d\u2019eau Oregon de 750\u00a0ml en acier inoxydable \u00e0 simple paroi certifi\u00e9e RCS, recycl\u00e9 mat avec mousqueton - PERLE IN<\/title>\n<meta name=\"robots\" content=\"noindex, follow, max-snippet:-1, max-image-preview:large, max-video-preview:-1\" \/>\n<meta property=\"og:locale\" content=\"en_US\" \/>\n<meta property=\"og:type\" content=\"article\" \/>\n<meta property=\"og:title\" content=\"Bouteille d\u2019eau Oregon de 750\u00a0ml en acier inoxydable \u00e0 simple paroi certifi\u00e9e RCS, recycl\u00e9 mat avec mousqueton - PERLE IN\" \/>\n<meta property=\"og:description\" content=\"Restez toujours hydrat\u00e9 gr\u00e2ce \u00e0 cette bouteille d\u2019eau de 750\u00a0ml, \u00e0 la fois durable et l\u00e9g\u00e8re, fabriqu\u00e9e \u00e0 partir d\u2019acier inoxydable certifi\u00e9 RCS avec finition mate. Elle est le compagnon id\u00e9al pour le sport, les excursions d\u2019une journ\u00e9e ou le bureau. La bouteille Oregon \u00e0 paroi simple, avec finition mate, offre beaucoup d&#039;espace pour ajouter tout type de logo. Attachez solidement le mousqueton \u00e0 un sac pour \u00e9viter de la perdre (le mousqueton ne convient pas \u00e0 l&#039;escalade).\" \/>\n<meta property=\"og:url\" content=\"https:\/\/perle-in.com\/en\/product\/bouteille-deau-oregon-de-750-ml-en-acier-inoxydable-a-simple-paroi-certifiee-rcs-recycle-mat-avec-mousqueton\/\" \/>\n<meta property=\"og:site_name\" content=\"PERLE IN\" \/>\n<meta property=\"article:modified_time\" content=\"2025-10-16T03:24:53+00:00\" \/>\n<meta property=\"og:image\" content=\"https:\/\/perle-in.com\/wp-content\/uploads\/2025\/10\/10087201-1.jpg\" \/>\n\t<meta property=\"og:image:width\" content=\"1600\" \/>\n\t<meta property=\"og:image:height\" content=\"1600\" \/>\n\t<meta property=\"og:image:type\" content=\"image\/jpeg\" \/>\n<meta name=\"twitter:card\" content=\"summary_large_image\" \/>\n<script type=\"application\/ld+json\" class=\"yoast-schema-graph\">{\"@context\":\"https:\\\/\\\/schema.org\",\"@graph\":[{\"@type\":\"WebPage\",\"@id\":\"https:\\\/\\\/perle-in.com\\\/produit\\\/bouteille-deau-oregon-de-750-ml-en-acier-inoxydable-a-simple-paroi-certifiee-rcs-recycle-mat-avec-mousqueton\\\/\",\"url\":\"https:\\\/\\\/perle-in.com\\\/produit\\\/bouteille-deau-oregon-de-750-ml-en-acier-inoxydable-a-simple-paroi-certifiee-rcs-recycle-mat-avec-mousqueton\\\/\",\"name\":\"Bouteille d\u2019eau Oregon de 750\u00a0ml en acier inoxydable \u00e0 simple paroi certifi\u00e9e RCS, recycl\u00e9 mat avec mousqueton - PERLE IN\",\"isPartOf\":{\"@id\":\"https:\\\/\\\/perle-in.com\\\/#website\"},\"primaryImageOfPage\":{\"@id\":\"https:\\\/\\\/perle-in.com\\\/produit\\\/bouteille-deau-oregon-de-750-ml-en-acier-inoxydable-a-simple-paroi-certifiee-rcs-recycle-mat-avec-mousqueton\\\/#primaryimage\"},\"image\":{\"@id\":\"https:\\\/\\\/perle-in.com\\\/produit\\\/bouteille-deau-oregon-de-750-ml-en-acier-inoxydable-a-simple-paroi-certifiee-rcs-recycle-mat-avec-mousqueton\\\/#primaryimage\"},\"thumbnailUrl\":\"https:\\\/\\\/perle-in.com\\\/wp-content\\\/uploads\\\/2025\\\/10\\\/10087201-1.jpg\",\"datePublished\":\"2025-10-16T03:24:49+00:00\",\"dateModified\":\"2025-10-16T03:24:53+00:00\",\"breadcrumb\":{\"@id\":\"https:\\\/\\\/perle-in.com\\\/produit\\\/bouteille-deau-oregon-de-750-ml-en-acier-inoxydable-a-simple-paroi-certifiee-rcs-recycle-mat-avec-mousqueton\\\/#breadcrumb\"},\"inLanguage\":\"en-CA\",\"potentialAction\":[{\"@type\":\"ReadAction\",\"target\":[\"https:\\\/\\\/perle-in.com\\\/produit\\\/bouteille-deau-oregon-de-750-ml-en-acier-inoxydable-a-simple-paroi-certifiee-rcs-recycle-mat-avec-mousqueton\\\/\"]}]},{\"@type\":\"ImageObject\",\"inLanguage\":\"en-CA\",\"@id\":\"https:\\\/\\\/perle-in.com\\\/produit\\\/bouteille-deau-oregon-de-750-ml-en-acier-inoxydable-a-simple-paroi-certifiee-rcs-recycle-mat-avec-mousqueton\\\/#primaryimage\",\"url\":\"https:\\\/\\\/perle-in.com\\\/wp-content\\\/uploads\\\/2025\\\/10\\\/10087201-1.jpg\",\"contentUrl\":\"https:\\\/\\\/perle-in.com\\\/wp-content\\\/uploads\\\/2025\\\/10\\\/10087201-1.jpg\",\"width\":1600,\"height\":1600},{\"@type\":\"BreadcrumbList\",\"@id\":\"https:\\\/\\\/perle-in.com\\\/produit\\\/bouteille-deau-oregon-de-750-ml-en-acier-inoxydable-a-simple-paroi-certifiee-rcs-recycle-mat-avec-mousqueton\\\/#breadcrumb\",\"itemListElement\":[{\"@type\":\"ListItem\",\"position\":1,\"name\":\"Accueil\",\"item\":\"https:\\\/\\\/perle-in.com\\\/\"},{\"@type\":\"ListItem\",\"position\":2,\"name\":\"Boutique\",\"item\":\"https:\\\/\\\/perle-in.com\\\/boutique\\\/\"},{\"@type\":\"ListItem\",\"position\":3,\"name\":\"Bouteille d\u2019eau Oregon de 750\u00a0ml en acier inoxydable \u00e0 simple paroi certifi\u00e9e RCS, recycl\u00e9 mat avec mousqueton\"}]},{\"@type\":\"WebSite\",\"@id\":\"https:\\\/\\\/perle-in.com\\\/#website\",\"url\":\"https:\\\/\\\/perle-in.com\\\/\",\"name\":\"PERLE IN\",\"description\":\"\",\"publisher\":{\"@id\":\"https:\\\/\\\/perle-in.com\\\/#organization\"},\"potentialAction\":[{\"@type\":\"SearchAction\",\"target\":{\"@type\":\"EntryPoint\",\"urlTemplate\":\"https:\\\/\\\/perle-in.com\\\/?s={search_term_string}\"},\"query-input\":{\"@type\":\"PropertyValueSpecification\",\"valueRequired\":true,\"valueName\":\"search_term_string\"}}],\"inLanguage\":\"en-CA\"},{\"@type\":\"Organization\",\"@id\":\"https:\\\/\\\/perle-in.com\\\/#organization\",\"name\":\"PERLE IN\",\"url\":\"https:\\\/\\\/perle-in.com\\\/\",\"logo\":{\"@type\":\"ImageObject\",\"inLanguage\":\"en-CA\",\"@id\":\"https:\\\/\\\/perle-in.com\\\/#\\\/schema\\\/logo\\\/image\\\/\",\"url\":\"https:\\\/\\\/perle-in.com\\\/wp-content\\\/uploads\\\/2022\\\/12\\\/LOGO-PERLE-IN-COULEUR@3x.webp\",\"contentUrl\":\"https:\\\/\\\/perle-in.com\\\/wp-content\\\/uploads\\\/2022\\\/12\\\/LOGO-PERLE-IN-COULEUR@3x.webp\",\"width\":1600,\"height\":490,\"caption\":\"PERLE IN\"},\"image\":{\"@id\":\"https:\\\/\\\/perle-in.com\\\/#\\\/schema\\\/logo\\\/image\\\/\"}}]}<\/script>\n<!-- \/ Yoast SEO plugin. -->","yoast_head_json":{"title":"Bouteille d\u2019eau Oregon de 750\u00a0ml en acier inoxydable \u00e0 simple paroi certifi\u00e9e RCS, recycl\u00e9 mat avec mousqueton - PERLE IN","robots":{"index":"noindex","follow":"follow","max-snippet":"max-snippet:-1","max-image-preview":"max-image-preview:large","max-video-preview":"max-video-preview:-1"},"og_locale":"en_US","og_type":"article","og_title":"Bouteille d\u2019eau Oregon de 750\u00a0ml en acier inoxydable \u00e0 simple paroi certifi\u00e9e RCS, recycl\u00e9 mat avec mousqueton - PERLE IN","og_description":"Restez toujours hydrat\u00e9 gr\u00e2ce \u00e0 cette bouteille d\u2019eau de 750\u00a0ml, \u00e0 la fois durable et l\u00e9g\u00e8re, fabriqu\u00e9e \u00e0 partir d\u2019acier inoxydable certifi\u00e9 RCS avec finition mate. Elle est le compagnon id\u00e9al pour le sport, les excursions d\u2019une journ\u00e9e ou le bureau. La bouteille Oregon \u00e0 paroi simple, avec finition mate, offre beaucoup d'espace pour ajouter tout type de logo. Attachez solidement le mousqueton \u00e0 un sac pour \u00e9viter de la perdre (le mousqueton ne convient pas \u00e0 l'escalade).","og_url":"https:\/\/perle-in.com\/en\/product\/bouteille-deau-oregon-de-750-ml-en-acier-inoxydable-a-simple-paroi-certifiee-rcs-recycle-mat-avec-mousqueton\/","og_site_name":"PERLE IN","article_modified_time":"2025-10-16T03:24:53+00:00","og_image":[{"width":1600,"height":1600,"url":"https:\/\/perle-in.com\/wp-content\/uploads\/2025\/10\/10087201-1.jpg","type":"image\/jpeg"}],"twitter_card":"summary_large_image","schema":{"@context":"https:\/\/schema.org","@graph":[{"@type":"WebPage","@id":"https:\/\/perle-in.com\/produit\/bouteille-deau-oregon-de-750-ml-en-acier-inoxydable-a-simple-paroi-certifiee-rcs-recycle-mat-avec-mousqueton\/","url":"https:\/\/perle-in.com\/produit\/bouteille-deau-oregon-de-750-ml-en-acier-inoxydable-a-simple-paroi-certifiee-rcs-recycle-mat-avec-mousqueton\/","name":"Bouteille d\u2019eau Oregon de 750\u00a0ml en acier inoxydable \u00e0 simple paroi certifi\u00e9e RCS, recycl\u00e9 mat avec mousqueton - PERLE IN","isPartOf":{"@id":"https:\/\/perle-in.com\/#website"},"primaryImageOfPage":{"@id":"https:\/\/perle-in.com\/produit\/bouteille-deau-oregon-de-750-ml-en-acier-inoxydable-a-simple-paroi-certifiee-rcs-recycle-mat-avec-mousqueton\/#primaryimage"},"image":{"@id":"https:\/\/perle-in.com\/produit\/bouteille-deau-oregon-de-750-ml-en-acier-inoxydable-a-simple-paroi-certifiee-rcs-recycle-mat-avec-mousqueton\/#primaryimage"},"thumbnailUrl":"https:\/\/perle-in.com\/wp-content\/uploads\/2025\/10\/10087201-1.jpg","datePublished":"2025-10-16T03:24:49+00:00","dateModified":"2025-10-16T03:24:53+00:00","breadcrumb":{"@id":"https:\/\/perle-in.com\/produit\/bouteille-deau-oregon-de-750-ml-en-acier-inoxydable-a-simple-paroi-certifiee-rcs-recycle-mat-avec-mousqueton\/#breadcrumb"},"inLanguage":"en-CA","potentialAction":[{"@type":"ReadAction","target":["https:\/\/perle-in.com\/produit\/bouteille-deau-oregon-de-750-ml-en-acier-inoxydable-a-simple-paroi-certifiee-rcs-recycle-mat-avec-mousqueton\/"]}]},{"@type":"ImageObject","inLanguage":"en-CA","@id":"https:\/\/perle-in.com\/produit\/bouteille-deau-oregon-de-750-ml-en-acier-inoxydable-a-simple-paroi-certifiee-rcs-recycle-mat-avec-mousqueton\/#primaryimage","url":"https:\/\/perle-in.com\/wp-content\/uploads\/2025\/10\/10087201-1.jpg","contentUrl":"https:\/\/perle-in.com\/wp-content\/uploads\/2025\/10\/10087201-1.jpg","width":1600,"height":1600},{"@type":"BreadcrumbList","@id":"https:\/\/perle-in.com\/produit\/bouteille-deau-oregon-de-750-ml-en-acier-inoxydable-a-simple-paroi-certifiee-rcs-recycle-mat-avec-mousqueton\/#breadcrumb","itemListElement":[{"@type":"ListItem","position":1,"name":"Accueil","item":"https:\/\/perle-in.com\/"},{"@type":"ListItem","position":2,"name":"Boutique","item":"https:\/\/perle-in.com\/boutique\/"},{"@type":"ListItem","position":3,"name":"Bouteille d\u2019eau Oregon de 750\u00a0ml en acier inoxydable \u00e0 simple paroi certifi\u00e9e RCS, recycl\u00e9 mat avec mousqueton"}]},{"@type":"WebSite","@id":"https:\/\/perle-in.com\/#website","url":"https:\/\/perle-in.com\/","name":"PERLE IN","description":"","publisher":{"@id":"https:\/\/perle-in.com\/#organization"},"potentialAction":[{"@type":"SearchAction","target":{"@type":"EntryPoint","urlTemplate":"https:\/\/perle-in.com\/?s={search_term_string}"},"query-input":{"@type":"PropertyValueSpecification","valueRequired":true,"valueName":"search_term_string"}}],"inLanguage":"en-CA"},{"@type":"Organization","@id":"https:\/\/perle-in.com\/#organization","name":"PERLE IN","url":"https:\/\/perle-in.com\/","logo":{"@type":"ImageObject","inLanguage":"en-CA","@id":"https:\/\/perle-in.com\/#\/schema\/logo\/image\/","url":"https:\/\/perle-in.com\/wp-content\/uploads\/2022\/12\/LOGO-PERLE-IN-COULEUR@3x.webp","contentUrl":"https:\/\/perle-in.com\/wp-content\/uploads\/2022\/12\/LOGO-PERLE-IN-COULEUR@3x.webp","width":1600,"height":490,"caption":"PERLE IN"},"image":{"@id":"https:\/\/perle-in.com\/#\/schema\/logo\/image\/"}}]}},"jetpack_sharing_enabled":true,"_links":{"self":[{"href":"https:\/\/perle-in.com\/en\/wp-json\/wp\/v2\/product\/575802","targetHints":{"allow":["GET"]}}],"collection":[{"href":"https:\/\/perle-in.com\/en\/wp-json\/wp\/v2\/product"}],"about":[{"href":"https:\/\/perle-in.com\/en\/wp-json\/wp\/v2\/types\/product"}],"version-history":[{"count":0,"href":"https:\/\/perle-in.com\/en\/wp-json\/wp\/v2\/product\/575802\/revisions"}],"wp:featuredmedia":[{"embeddable":true,"href":"https:\/\/perle-in.com\/en\/wp-json\/wp\/v2\/media\/575794"}],"wp:attachment":[{"href":"https:\/\/perle-in.com\/en\/wp-json\/wp\/v2\/media?parent=575802"}],"wp:term":[{"taxonomy":"product_brand","embeddable":true,"href":"https:\/\/perle-in.com\/en\/wp-json\/wp\/v2\/product_brand?post=575802"},{"taxonomy":"product_cat","embeddable":true,"href":"https:\/\/perle-in.com\/en\/wp-json\/wp\/v2\/product_cat?post=575802"},{"taxonomy":"product_tag","embeddable":true,"href":"https:\/\/perle-in.com\/en\/wp-json\/wp\/v2\/product_tag?post=575802"}],"curies":[{"name":"wp","href":"https:\/\/api.w.org\/{rel}","templated":true}]}}