{"id":575745,"date":"2025-10-16T05:19:22","date_gmt":"2025-10-16T03:19:22","guid":{"rendered":"https:\/\/perle-in.com\/produit\/bouteille-deau-sky-de-650-ml-en-acier-inoxydable-recycle-certifie-rcs-a-simple-paroi\/"},"modified":"2025-10-16T05:19:30","modified_gmt":"2025-10-16T03:19:30","slug":"bouteille-deau-sky-de-650-ml-en-acier-inoxydable-recycle-certifie-rcs-a-simple-paroi","status":"publish","type":"product","link":"https:\/\/perle-in.com\/en\/product\/bouteille-deau-sky-de-650-ml-en-acier-inoxydable-recycle-certifie-rcs-a-simple-paroi\/","title":{"rendered":"Bouteille d\u2019eau Sky de 650\u00a0ml en acier inoxydable recycl\u00e9 certifi\u00e9 RCS \u00e0 simple paroi"},"content":{"rendered":"","protected":false},"excerpt":{"rendered":"<p>La bouteille d\u2019eau \u00e0 paroi simple Sky est fabriqu\u00e9e en acier inoxydable recycl\u00e9 certifi\u00e9 RCS, un mat\u00e9riau \u00e0 la fois l\u00e9ger et durable. Elle comprend une poign\u00e9e int\u00e9gr\u00e9e pour un transport facile et se range dans les poches lat\u00e9rales de la plupart des sacs \u00e0 dos et des porte-gobelets de voiture standard. Capacit\u00e9\u00a0: 650\u00a0ml.<\/p>","protected":false},"featured_media":575733,"template":"","meta":{"_eb_attr":""},"product_brand":[],"product_cat":[174,173],"product_tag":[379,175,837,274,3898,2884,836,203],"class_list":{"0":"post-575745","1":"product","2":"type-product","3":"status-publish","4":"has-post-thumbnail","6":"product_cat-bouteilles-deau","7":"product_cat-drinkware","8":"product_tag-acier-inoxydable","9":"product_tag-bouteille","10":"product_tag-durable","11":"product_tag-eau","12":"product_tag-hydratation","13":"product_tag-rcs","14":"product_tag-recycle","15":"product_tag-sport","16":"pa_couleurs-acier","17":"pa_couleurs-blanc","18":"pa_couleurs-bleu","19":"pa_couleurs-noir","20":"pa_couleurs-orange","21":"pa_couleurs-rouge","22":"pa_couleurs-vert-pomme","23":"pa_couleurs-violet-moyen","24":"pa_green-points-2914","25":"pa_matiere-91-acier-inoxydable-recycle-certifie-rcs-10-plastique-pp","27":"first","28":"instock","29":"shipping-taxable","30":"purchasable","31":"product-type-variable"},"yoast_head":"<!-- This site is optimized with the Yoast SEO plugin v27.4 - https:\/\/yoast.com\/product\/yoast-seo-wordpress\/ -->\n<title>Bouteille d\u2019eau Sky de 650\u00a0ml en acier inoxydable recycl\u00e9 certifi\u00e9 RCS \u00e0 simple paroi - PERLE IN<\/title>\n<meta name=\"robots\" content=\"noindex, follow, max-snippet:-1, max-image-preview:large, max-video-preview:-1\" \/>\n<meta property=\"og:locale\" content=\"en_US\" \/>\n<meta property=\"og:type\" content=\"article\" \/>\n<meta property=\"og:title\" content=\"Bouteille d\u2019eau Sky de 650\u00a0ml en acier inoxydable recycl\u00e9 certifi\u00e9 RCS \u00e0 simple paroi - PERLE IN\" \/>\n<meta property=\"og:description\" content=\"La bouteille d\u2019eau \u00e0 paroi simple Sky est fabriqu\u00e9e en acier inoxydable recycl\u00e9 certifi\u00e9 RCS, un mat\u00e9riau \u00e0 la fois l\u00e9ger et durable. Elle comprend une poign\u00e9e int\u00e9gr\u00e9e pour un transport facile et se range dans les poches lat\u00e9rales de la plupart des sacs \u00e0 dos et des porte-gobelets de voiture standard. Capacit\u00e9\u00a0: 650\u00a0ml.\" \/>\n<meta property=\"og:url\" content=\"https:\/\/perle-in.com\/en\/product\/bouteille-deau-sky-de-650-ml-en-acier-inoxydable-recycle-certifie-rcs-a-simple-paroi\/\" \/>\n<meta property=\"og:site_name\" content=\"PERLE IN\" \/>\n<meta property=\"article:modified_time\" content=\"2025-10-16T03:19:30+00:00\" \/>\n<meta property=\"og:image\" content=\"https:\/\/perle-in.com\/wp-content\/uploads\/2025\/10\/10086801-1.jpg\" \/>\n\t<meta property=\"og:image:width\" content=\"1600\" \/>\n\t<meta property=\"og:image:height\" content=\"1600\" \/>\n\t<meta property=\"og:image:type\" content=\"image\/jpeg\" \/>\n<meta name=\"twitter:card\" content=\"summary_large_image\" \/>\n<script type=\"application\/ld+json\" class=\"yoast-schema-graph\">{\"@context\":\"https:\\\/\\\/schema.org\",\"@graph\":[{\"@type\":\"WebPage\",\"@id\":\"https:\\\/\\\/perle-in.com\\\/produit\\\/bouteille-deau-sky-de-650-ml-en-acier-inoxydable-recycle-certifie-rcs-a-simple-paroi\\\/\",\"url\":\"https:\\\/\\\/perle-in.com\\\/produit\\\/bouteille-deau-sky-de-650-ml-en-acier-inoxydable-recycle-certifie-rcs-a-simple-paroi\\\/\",\"name\":\"Bouteille d\u2019eau Sky de 650\u00a0ml en acier inoxydable recycl\u00e9 certifi\u00e9 RCS \u00e0 simple paroi - PERLE IN\",\"isPartOf\":{\"@id\":\"https:\\\/\\\/perle-in.com\\\/#website\"},\"primaryImageOfPage\":{\"@id\":\"https:\\\/\\\/perle-in.com\\\/produit\\\/bouteille-deau-sky-de-650-ml-en-acier-inoxydable-recycle-certifie-rcs-a-simple-paroi\\\/#primaryimage\"},\"image\":{\"@id\":\"https:\\\/\\\/perle-in.com\\\/produit\\\/bouteille-deau-sky-de-650-ml-en-acier-inoxydable-recycle-certifie-rcs-a-simple-paroi\\\/#primaryimage\"},\"thumbnailUrl\":\"https:\\\/\\\/perle-in.com\\\/wp-content\\\/uploads\\\/2025\\\/10\\\/10086801-1.jpg\",\"datePublished\":\"2025-10-16T03:19:22+00:00\",\"dateModified\":\"2025-10-16T03:19:30+00:00\",\"breadcrumb\":{\"@id\":\"https:\\\/\\\/perle-in.com\\\/produit\\\/bouteille-deau-sky-de-650-ml-en-acier-inoxydable-recycle-certifie-rcs-a-simple-paroi\\\/#breadcrumb\"},\"inLanguage\":\"en-CA\",\"potentialAction\":[{\"@type\":\"ReadAction\",\"target\":[\"https:\\\/\\\/perle-in.com\\\/produit\\\/bouteille-deau-sky-de-650-ml-en-acier-inoxydable-recycle-certifie-rcs-a-simple-paroi\\\/\"]}]},{\"@type\":\"ImageObject\",\"inLanguage\":\"en-CA\",\"@id\":\"https:\\\/\\\/perle-in.com\\\/produit\\\/bouteille-deau-sky-de-650-ml-en-acier-inoxydable-recycle-certifie-rcs-a-simple-paroi\\\/#primaryimage\",\"url\":\"https:\\\/\\\/perle-in.com\\\/wp-content\\\/uploads\\\/2025\\\/10\\\/10086801-1.jpg\",\"contentUrl\":\"https:\\\/\\\/perle-in.com\\\/wp-content\\\/uploads\\\/2025\\\/10\\\/10086801-1.jpg\",\"width\":1600,\"height\":1600},{\"@type\":\"BreadcrumbList\",\"@id\":\"https:\\\/\\\/perle-in.com\\\/produit\\\/bouteille-deau-sky-de-650-ml-en-acier-inoxydable-recycle-certifie-rcs-a-simple-paroi\\\/#breadcrumb\",\"itemListElement\":[{\"@type\":\"ListItem\",\"position\":1,\"name\":\"Accueil\",\"item\":\"https:\\\/\\\/perle-in.com\\\/\"},{\"@type\":\"ListItem\",\"position\":2,\"name\":\"Boutique\",\"item\":\"https:\\\/\\\/perle-in.com\\\/boutique\\\/\"},{\"@type\":\"ListItem\",\"position\":3,\"name\":\"Bouteille d\u2019eau Sky de 650\u00a0ml en acier inoxydable recycl\u00e9 certifi\u00e9 RCS \u00e0 simple paroi\"}]},{\"@type\":\"WebSite\",\"@id\":\"https:\\\/\\\/perle-in.com\\\/#website\",\"url\":\"https:\\\/\\\/perle-in.com\\\/\",\"name\":\"PERLE IN\",\"description\":\"\",\"publisher\":{\"@id\":\"https:\\\/\\\/perle-in.com\\\/#organization\"},\"potentialAction\":[{\"@type\":\"SearchAction\",\"target\":{\"@type\":\"EntryPoint\",\"urlTemplate\":\"https:\\\/\\\/perle-in.com\\\/?s={search_term_string}\"},\"query-input\":{\"@type\":\"PropertyValueSpecification\",\"valueRequired\":true,\"valueName\":\"search_term_string\"}}],\"inLanguage\":\"en-CA\"},{\"@type\":\"Organization\",\"@id\":\"https:\\\/\\\/perle-in.com\\\/#organization\",\"name\":\"PERLE IN\",\"url\":\"https:\\\/\\\/perle-in.com\\\/\",\"logo\":{\"@type\":\"ImageObject\",\"inLanguage\":\"en-CA\",\"@id\":\"https:\\\/\\\/perle-in.com\\\/#\\\/schema\\\/logo\\\/image\\\/\",\"url\":\"https:\\\/\\\/perle-in.com\\\/wp-content\\\/uploads\\\/2022\\\/12\\\/LOGO-PERLE-IN-COULEUR@3x.webp\",\"contentUrl\":\"https:\\\/\\\/perle-in.com\\\/wp-content\\\/uploads\\\/2022\\\/12\\\/LOGO-PERLE-IN-COULEUR@3x.webp\",\"width\":1600,\"height\":490,\"caption\":\"PERLE IN\"},\"image\":{\"@id\":\"https:\\\/\\\/perle-in.com\\\/#\\\/schema\\\/logo\\\/image\\\/\"}}]}<\/script>\n<!-- \/ Yoast SEO plugin. -->","yoast_head_json":{"title":"Bouteille d\u2019eau Sky de 650\u00a0ml en acier inoxydable recycl\u00e9 certifi\u00e9 RCS \u00e0 simple paroi - PERLE IN","robots":{"index":"noindex","follow":"follow","max-snippet":"max-snippet:-1","max-image-preview":"max-image-preview:large","max-video-preview":"max-video-preview:-1"},"og_locale":"en_US","og_type":"article","og_title":"Bouteille d\u2019eau Sky de 650\u00a0ml en acier inoxydable recycl\u00e9 certifi\u00e9 RCS \u00e0 simple paroi - PERLE IN","og_description":"La bouteille d\u2019eau \u00e0 paroi simple Sky est fabriqu\u00e9e en acier inoxydable recycl\u00e9 certifi\u00e9 RCS, un mat\u00e9riau \u00e0 la fois l\u00e9ger et durable. Elle comprend une poign\u00e9e int\u00e9gr\u00e9e pour un transport facile et se range dans les poches lat\u00e9rales de la plupart des sacs \u00e0 dos et des porte-gobelets de voiture standard. Capacit\u00e9\u00a0: 650\u00a0ml.","og_url":"https:\/\/perle-in.com\/en\/product\/bouteille-deau-sky-de-650-ml-en-acier-inoxydable-recycle-certifie-rcs-a-simple-paroi\/","og_site_name":"PERLE IN","article_modified_time":"2025-10-16T03:19:30+00:00","og_image":[{"width":1600,"height":1600,"url":"https:\/\/perle-in.com\/wp-content\/uploads\/2025\/10\/10086801-1.jpg","type":"image\/jpeg"}],"twitter_card":"summary_large_image","schema":{"@context":"https:\/\/schema.org","@graph":[{"@type":"WebPage","@id":"https:\/\/perle-in.com\/produit\/bouteille-deau-sky-de-650-ml-en-acier-inoxydable-recycle-certifie-rcs-a-simple-paroi\/","url":"https:\/\/perle-in.com\/produit\/bouteille-deau-sky-de-650-ml-en-acier-inoxydable-recycle-certifie-rcs-a-simple-paroi\/","name":"Bouteille d\u2019eau Sky de 650\u00a0ml en acier inoxydable recycl\u00e9 certifi\u00e9 RCS \u00e0 simple paroi - PERLE IN","isPartOf":{"@id":"https:\/\/perle-in.com\/#website"},"primaryImageOfPage":{"@id":"https:\/\/perle-in.com\/produit\/bouteille-deau-sky-de-650-ml-en-acier-inoxydable-recycle-certifie-rcs-a-simple-paroi\/#primaryimage"},"image":{"@id":"https:\/\/perle-in.com\/produit\/bouteille-deau-sky-de-650-ml-en-acier-inoxydable-recycle-certifie-rcs-a-simple-paroi\/#primaryimage"},"thumbnailUrl":"https:\/\/perle-in.com\/wp-content\/uploads\/2025\/10\/10086801-1.jpg","datePublished":"2025-10-16T03:19:22+00:00","dateModified":"2025-10-16T03:19:30+00:00","breadcrumb":{"@id":"https:\/\/perle-in.com\/produit\/bouteille-deau-sky-de-650-ml-en-acier-inoxydable-recycle-certifie-rcs-a-simple-paroi\/#breadcrumb"},"inLanguage":"en-CA","potentialAction":[{"@type":"ReadAction","target":["https:\/\/perle-in.com\/produit\/bouteille-deau-sky-de-650-ml-en-acier-inoxydable-recycle-certifie-rcs-a-simple-paroi\/"]}]},{"@type":"ImageObject","inLanguage":"en-CA","@id":"https:\/\/perle-in.com\/produit\/bouteille-deau-sky-de-650-ml-en-acier-inoxydable-recycle-certifie-rcs-a-simple-paroi\/#primaryimage","url":"https:\/\/perle-in.com\/wp-content\/uploads\/2025\/10\/10086801-1.jpg","contentUrl":"https:\/\/perle-in.com\/wp-content\/uploads\/2025\/10\/10086801-1.jpg","width":1600,"height":1600},{"@type":"BreadcrumbList","@id":"https:\/\/perle-in.com\/produit\/bouteille-deau-sky-de-650-ml-en-acier-inoxydable-recycle-certifie-rcs-a-simple-paroi\/#breadcrumb","itemListElement":[{"@type":"ListItem","position":1,"name":"Accueil","item":"https:\/\/perle-in.com\/"},{"@type":"ListItem","position":2,"name":"Boutique","item":"https:\/\/perle-in.com\/boutique\/"},{"@type":"ListItem","position":3,"name":"Bouteille d\u2019eau Sky de 650\u00a0ml en acier inoxydable recycl\u00e9 certifi\u00e9 RCS \u00e0 simple paroi"}]},{"@type":"WebSite","@id":"https:\/\/perle-in.com\/#website","url":"https:\/\/perle-in.com\/","name":"PERLE IN","description":"","publisher":{"@id":"https:\/\/perle-in.com\/#organization"},"potentialAction":[{"@type":"SearchAction","target":{"@type":"EntryPoint","urlTemplate":"https:\/\/perle-in.com\/?s={search_term_string}"},"query-input":{"@type":"PropertyValueSpecification","valueRequired":true,"valueName":"search_term_string"}}],"inLanguage":"en-CA"},{"@type":"Organization","@id":"https:\/\/perle-in.com\/#organization","name":"PERLE IN","url":"https:\/\/perle-in.com\/","logo":{"@type":"ImageObject","inLanguage":"en-CA","@id":"https:\/\/perle-in.com\/#\/schema\/logo\/image\/","url":"https:\/\/perle-in.com\/wp-content\/uploads\/2022\/12\/LOGO-PERLE-IN-COULEUR@3x.webp","contentUrl":"https:\/\/perle-in.com\/wp-content\/uploads\/2022\/12\/LOGO-PERLE-IN-COULEUR@3x.webp","width":1600,"height":490,"caption":"PERLE IN"},"image":{"@id":"https:\/\/perle-in.com\/#\/schema\/logo\/image\/"}}]}},"jetpack_sharing_enabled":true,"_links":{"self":[{"href":"https:\/\/perle-in.com\/en\/wp-json\/wp\/v2\/product\/575745","targetHints":{"allow":["GET"]}}],"collection":[{"href":"https:\/\/perle-in.com\/en\/wp-json\/wp\/v2\/product"}],"about":[{"href":"https:\/\/perle-in.com\/en\/wp-json\/wp\/v2\/types\/product"}],"version-history":[{"count":0,"href":"https:\/\/perle-in.com\/en\/wp-json\/wp\/v2\/product\/575745\/revisions"}],"wp:featuredmedia":[{"embeddable":true,"href":"https:\/\/perle-in.com\/en\/wp-json\/wp\/v2\/media\/575733"}],"wp:attachment":[{"href":"https:\/\/perle-in.com\/en\/wp-json\/wp\/v2\/media?parent=575745"}],"wp:term":[{"taxonomy":"product_brand","embeddable":true,"href":"https:\/\/perle-in.com\/en\/wp-json\/wp\/v2\/product_brand?post=575745"},{"taxonomy":"product_cat","embeddable":true,"href":"https:\/\/perle-in.com\/en\/wp-json\/wp\/v2\/product_cat?post=575745"},{"taxonomy":"product_tag","embeddable":true,"href":"https:\/\/perle-in.com\/en\/wp-json\/wp\/v2\/product_tag?post=575745"}],"curies":[{"name":"wp","href":"https:\/\/api.w.org\/{rel}","templated":true}]}}