{"id":575694,"date":"2025-10-16T05:18:02","date_gmt":"2025-10-16T03:18:02","guid":{"rendered":"https:\/\/perle-in.com\/produit\/chemise-femme-oxford-sphene\/"},"modified":"2025-10-16T05:18:41","modified_gmt":"2025-10-16T03:18:41","slug":"chemise-femme-oxford-sphene","status":"publish","type":"product","link":"https:\/\/perle-in.com\/en\/product\/chemise-femme-oxford-sphene\/","title":{"rendered":"Chemise femme oxford Sphene"},"content":{"rendered":"","protected":false},"excerpt":{"rendered":"<p>La chemise en oxford \u00e0 manches longues pour femme Sphene offre un design intemporel avec une touche raffin\u00e9e et f\u00e9minine. Fabriqu\u00e9e \u00e0 partir de coton certifi\u00e9 BCI, elle a un toucher doux et de haute qualit\u00e9 tout en soutenant une production de coton plus durable. Le tissage oxford classique ajoute une texture et une structure subtiles, cr\u00e9ant un look soign\u00e9 qui convient aussi bien aux environnements professionnels que d\u00e9contract\u00e9s. Con\u00e7ue dans une coupe r\u00e9guli\u00e8re avec des pinces gainantes \u00e0 l\u2019avant et \u00e0 l\u2019arri\u00e8re, elle offre une silhouette flatteuse et profil\u00e9e. Un col boutonn\u00e9 compl\u00e8te le design, faisant de la chemise Sphene un indispensable de la garde-robe pour toute une panoplie d\u2019occasions.<\/p>","protected":false},"featured_media":575661,"template":"","meta":{"_eb_attr":""},"product_brand":[],"product_cat":[1255,1024],"product_tag":[4041,2380,2381,2427,2382,4040,4039,2409],"class_list":{"0":"post-575694","1":"product","2":"type-product","3":"status-publish","4":"has-post-thumbnail","6":"product_cat-chemises","7":"product_cat-vetements","8":"product_tag-bci","9":"product_tag-chemise","10":"product_tag-chemises","11":"product_tag-chemisier","12":"product_tag-haut","13":"product_tag-manches-longues","14":"product_tag-oxford","15":"product_tag-top","16":"pa_couleurs-blanc","17":"pa_couleurs-bleu-clair","18":"pa_couleurs-bleu-marine","19":"pa_couleurs-noir","20":"pa_marque-elevate-nxt","21":"pa_matiere-oxford-100-coton-bci","22":"pa_pays-d-origine-bengladesh","23":"pa_taille-2xs","24":"pa_taille-l","25":"pa_taille-m","26":"pa_taille-s","27":"pa_taille-xl","28":"pa_taille-xs","29":"pa_taille-xxl","31":"first","32":"instock","33":"shipping-taxable","34":"purchasable","35":"product-type-variable"},"yoast_head":"<!-- This site is optimized with the Yoast SEO plugin v27.4 - https:\/\/yoast.com\/product\/yoast-seo-wordpress\/ -->\n<title>Chemise femme oxford Sphene - PERLE IN<\/title>\n<meta name=\"robots\" content=\"noindex, follow, max-snippet:-1, max-image-preview:large, max-video-preview:-1\" \/>\n<meta property=\"og:locale\" content=\"en_US\" \/>\n<meta property=\"og:type\" content=\"article\" \/>\n<meta property=\"og:title\" content=\"Chemise femme oxford Sphene - PERLE IN\" \/>\n<meta property=\"og:description\" content=\"La chemise en oxford \u00e0 manches longues pour femme Sphene offre un design intemporel avec une touche raffin\u00e9e et f\u00e9minine. Fabriqu\u00e9e \u00e0 partir de coton certifi\u00e9 BCI, elle a un toucher doux et de haute qualit\u00e9 tout en soutenant une production de coton plus durable. Le tissage oxford classique ajoute une texture et une structure subtiles, cr\u00e9ant un look soign\u00e9 qui convient aussi bien aux environnements professionnels que d\u00e9contract\u00e9s. Con\u00e7ue dans une coupe r\u00e9guli\u00e8re avec des pinces gainantes \u00e0 l\u2019avant et \u00e0 l\u2019arri\u00e8re, elle offre une silhouette flatteuse et profil\u00e9e. Un col boutonn\u00e9 compl\u00e8te le design, faisant de la chemise Sphene un indispensable de la garde-robe pour toute une panoplie d\u2019occasions.\" \/>\n<meta property=\"og:url\" content=\"https:\/\/perle-in.com\/en\/product\/chemise-femme-oxford-sphene\/\" \/>\n<meta property=\"og:site_name\" content=\"PERLE IN\" \/>\n<meta property=\"article:modified_time\" content=\"2025-10-16T03:18:41+00:00\" \/>\n<meta property=\"og:image\" content=\"https:\/\/perle-in.com\/wp-content\/uploads\/2025\/10\/3950101-1.jpg\" \/>\n\t<meta property=\"og:image:width\" content=\"1600\" \/>\n\t<meta property=\"og:image:height\" content=\"1600\" \/>\n\t<meta property=\"og:image:type\" content=\"image\/jpeg\" \/>\n<meta name=\"twitter:card\" content=\"summary_large_image\" \/>\n<script type=\"application\/ld+json\" class=\"yoast-schema-graph\">{\"@context\":\"https:\\\/\\\/schema.org\",\"@graph\":[{\"@type\":\"WebPage\",\"@id\":\"https:\\\/\\\/perle-in.com\\\/produit\\\/chemise-femme-oxford-sphene\\\/\",\"url\":\"https:\\\/\\\/perle-in.com\\\/produit\\\/chemise-femme-oxford-sphene\\\/\",\"name\":\"Chemise femme oxford Sphene - PERLE IN\",\"isPartOf\":{\"@id\":\"https:\\\/\\\/perle-in.com\\\/#website\"},\"primaryImageOfPage\":{\"@id\":\"https:\\\/\\\/perle-in.com\\\/produit\\\/chemise-femme-oxford-sphene\\\/#primaryimage\"},\"image\":{\"@id\":\"https:\\\/\\\/perle-in.com\\\/produit\\\/chemise-femme-oxford-sphene\\\/#primaryimage\"},\"thumbnailUrl\":\"https:\\\/\\\/perle-in.com\\\/wp-content\\\/uploads\\\/2025\\\/10\\\/3950101-1.jpg\",\"datePublished\":\"2025-10-16T03:18:02+00:00\",\"dateModified\":\"2025-10-16T03:18:41+00:00\",\"breadcrumb\":{\"@id\":\"https:\\\/\\\/perle-in.com\\\/produit\\\/chemise-femme-oxford-sphene\\\/#breadcrumb\"},\"inLanguage\":\"en-CA\",\"potentialAction\":[{\"@type\":\"ReadAction\",\"target\":[\"https:\\\/\\\/perle-in.com\\\/produit\\\/chemise-femme-oxford-sphene\\\/\"]}]},{\"@type\":\"ImageObject\",\"inLanguage\":\"en-CA\",\"@id\":\"https:\\\/\\\/perle-in.com\\\/produit\\\/chemise-femme-oxford-sphene\\\/#primaryimage\",\"url\":\"https:\\\/\\\/perle-in.com\\\/wp-content\\\/uploads\\\/2025\\\/10\\\/3950101-1.jpg\",\"contentUrl\":\"https:\\\/\\\/perle-in.com\\\/wp-content\\\/uploads\\\/2025\\\/10\\\/3950101-1.jpg\",\"width\":1600,\"height\":1600},{\"@type\":\"BreadcrumbList\",\"@id\":\"https:\\\/\\\/perle-in.com\\\/produit\\\/chemise-femme-oxford-sphene\\\/#breadcrumb\",\"itemListElement\":[{\"@type\":\"ListItem\",\"position\":1,\"name\":\"Accueil\",\"item\":\"https:\\\/\\\/perle-in.com\\\/\"},{\"@type\":\"ListItem\",\"position\":2,\"name\":\"Boutique\",\"item\":\"https:\\\/\\\/perle-in.com\\\/boutique\\\/\"},{\"@type\":\"ListItem\",\"position\":3,\"name\":\"Chemise femme oxford Sphene\"}]},{\"@type\":\"WebSite\",\"@id\":\"https:\\\/\\\/perle-in.com\\\/#website\",\"url\":\"https:\\\/\\\/perle-in.com\\\/\",\"name\":\"PERLE IN\",\"description\":\"\",\"publisher\":{\"@id\":\"https:\\\/\\\/perle-in.com\\\/#organization\"},\"potentialAction\":[{\"@type\":\"SearchAction\",\"target\":{\"@type\":\"EntryPoint\",\"urlTemplate\":\"https:\\\/\\\/perle-in.com\\\/?s={search_term_string}\"},\"query-input\":{\"@type\":\"PropertyValueSpecification\",\"valueRequired\":true,\"valueName\":\"search_term_string\"}}],\"inLanguage\":\"en-CA\"},{\"@type\":\"Organization\",\"@id\":\"https:\\\/\\\/perle-in.com\\\/#organization\",\"name\":\"PERLE IN\",\"url\":\"https:\\\/\\\/perle-in.com\\\/\",\"logo\":{\"@type\":\"ImageObject\",\"inLanguage\":\"en-CA\",\"@id\":\"https:\\\/\\\/perle-in.com\\\/#\\\/schema\\\/logo\\\/image\\\/\",\"url\":\"https:\\\/\\\/perle-in.com\\\/wp-content\\\/uploads\\\/2022\\\/12\\\/LOGO-PERLE-IN-COULEUR@3x.webp\",\"contentUrl\":\"https:\\\/\\\/perle-in.com\\\/wp-content\\\/uploads\\\/2022\\\/12\\\/LOGO-PERLE-IN-COULEUR@3x.webp\",\"width\":1600,\"height\":490,\"caption\":\"PERLE IN\"},\"image\":{\"@id\":\"https:\\\/\\\/perle-in.com\\\/#\\\/schema\\\/logo\\\/image\\\/\"}}]}<\/script>\n<!-- \/ Yoast SEO plugin. -->","yoast_head_json":{"title":"Chemise femme oxford Sphene - PERLE IN","robots":{"index":"noindex","follow":"follow","max-snippet":"max-snippet:-1","max-image-preview":"max-image-preview:large","max-video-preview":"max-video-preview:-1"},"og_locale":"en_US","og_type":"article","og_title":"Chemise femme oxford Sphene - PERLE IN","og_description":"La chemise en oxford \u00e0 manches longues pour femme Sphene offre un design intemporel avec une touche raffin\u00e9e et f\u00e9minine. Fabriqu\u00e9e \u00e0 partir de coton certifi\u00e9 BCI, elle a un toucher doux et de haute qualit\u00e9 tout en soutenant une production de coton plus durable. Le tissage oxford classique ajoute une texture et une structure subtiles, cr\u00e9ant un look soign\u00e9 qui convient aussi bien aux environnements professionnels que d\u00e9contract\u00e9s. Con\u00e7ue dans une coupe r\u00e9guli\u00e8re avec des pinces gainantes \u00e0 l\u2019avant et \u00e0 l\u2019arri\u00e8re, elle offre une silhouette flatteuse et profil\u00e9e. Un col boutonn\u00e9 compl\u00e8te le design, faisant de la chemise Sphene un indispensable de la garde-robe pour toute une panoplie d\u2019occasions.","og_url":"https:\/\/perle-in.com\/en\/product\/chemise-femme-oxford-sphene\/","og_site_name":"PERLE IN","article_modified_time":"2025-10-16T03:18:41+00:00","og_image":[{"width":1600,"height":1600,"url":"https:\/\/perle-in.com\/wp-content\/uploads\/2025\/10\/3950101-1.jpg","type":"image\/jpeg"}],"twitter_card":"summary_large_image","schema":{"@context":"https:\/\/schema.org","@graph":[{"@type":"WebPage","@id":"https:\/\/perle-in.com\/produit\/chemise-femme-oxford-sphene\/","url":"https:\/\/perle-in.com\/produit\/chemise-femme-oxford-sphene\/","name":"Chemise femme oxford Sphene - PERLE IN","isPartOf":{"@id":"https:\/\/perle-in.com\/#website"},"primaryImageOfPage":{"@id":"https:\/\/perle-in.com\/produit\/chemise-femme-oxford-sphene\/#primaryimage"},"image":{"@id":"https:\/\/perle-in.com\/produit\/chemise-femme-oxford-sphene\/#primaryimage"},"thumbnailUrl":"https:\/\/perle-in.com\/wp-content\/uploads\/2025\/10\/3950101-1.jpg","datePublished":"2025-10-16T03:18:02+00:00","dateModified":"2025-10-16T03:18:41+00:00","breadcrumb":{"@id":"https:\/\/perle-in.com\/produit\/chemise-femme-oxford-sphene\/#breadcrumb"},"inLanguage":"en-CA","potentialAction":[{"@type":"ReadAction","target":["https:\/\/perle-in.com\/produit\/chemise-femme-oxford-sphene\/"]}]},{"@type":"ImageObject","inLanguage":"en-CA","@id":"https:\/\/perle-in.com\/produit\/chemise-femme-oxford-sphene\/#primaryimage","url":"https:\/\/perle-in.com\/wp-content\/uploads\/2025\/10\/3950101-1.jpg","contentUrl":"https:\/\/perle-in.com\/wp-content\/uploads\/2025\/10\/3950101-1.jpg","width":1600,"height":1600},{"@type":"BreadcrumbList","@id":"https:\/\/perle-in.com\/produit\/chemise-femme-oxford-sphene\/#breadcrumb","itemListElement":[{"@type":"ListItem","position":1,"name":"Accueil","item":"https:\/\/perle-in.com\/"},{"@type":"ListItem","position":2,"name":"Boutique","item":"https:\/\/perle-in.com\/boutique\/"},{"@type":"ListItem","position":3,"name":"Chemise femme oxford Sphene"}]},{"@type":"WebSite","@id":"https:\/\/perle-in.com\/#website","url":"https:\/\/perle-in.com\/","name":"PERLE IN","description":"","publisher":{"@id":"https:\/\/perle-in.com\/#organization"},"potentialAction":[{"@type":"SearchAction","target":{"@type":"EntryPoint","urlTemplate":"https:\/\/perle-in.com\/?s={search_term_string}"},"query-input":{"@type":"PropertyValueSpecification","valueRequired":true,"valueName":"search_term_string"}}],"inLanguage":"en-CA"},{"@type":"Organization","@id":"https:\/\/perle-in.com\/#organization","name":"PERLE IN","url":"https:\/\/perle-in.com\/","logo":{"@type":"ImageObject","inLanguage":"en-CA","@id":"https:\/\/perle-in.com\/#\/schema\/logo\/image\/","url":"https:\/\/perle-in.com\/wp-content\/uploads\/2022\/12\/LOGO-PERLE-IN-COULEUR@3x.webp","contentUrl":"https:\/\/perle-in.com\/wp-content\/uploads\/2022\/12\/LOGO-PERLE-IN-COULEUR@3x.webp","width":1600,"height":490,"caption":"PERLE IN"},"image":{"@id":"https:\/\/perle-in.com\/#\/schema\/logo\/image\/"}}]}},"jetpack_sharing_enabled":true,"_links":{"self":[{"href":"https:\/\/perle-in.com\/en\/wp-json\/wp\/v2\/product\/575694","targetHints":{"allow":["GET"]}}],"collection":[{"href":"https:\/\/perle-in.com\/en\/wp-json\/wp\/v2\/product"}],"about":[{"href":"https:\/\/perle-in.com\/en\/wp-json\/wp\/v2\/types\/product"}],"version-history":[{"count":0,"href":"https:\/\/perle-in.com\/en\/wp-json\/wp\/v2\/product\/575694\/revisions"}],"wp:featuredmedia":[{"embeddable":true,"href":"https:\/\/perle-in.com\/en\/wp-json\/wp\/v2\/media\/575661"}],"wp:attachment":[{"href":"https:\/\/perle-in.com\/en\/wp-json\/wp\/v2\/media?parent=575694"}],"wp:term":[{"taxonomy":"product_brand","embeddable":true,"href":"https:\/\/perle-in.com\/en\/wp-json\/wp\/v2\/product_brand?post=575694"},{"taxonomy":"product_cat","embeddable":true,"href":"https:\/\/perle-in.com\/en\/wp-json\/wp\/v2\/product_cat?post=575694"},{"taxonomy":"product_tag","embeddable":true,"href":"https:\/\/perle-in.com\/en\/wp-json\/wp\/v2\/product_tag?post=575694"}],"curies":[{"name":"wp","href":"https:\/\/api.w.org\/{rel}","templated":true}]}}