{"id":575402,"date":"2025-10-16T05:04:07","date_gmt":"2025-10-16T03:04:07","guid":{"rendered":"https:\/\/perle-in.com\/produit\/veste-parka-america-matelassee-pour-enfant\/"},"modified":"2025-10-16T05:04:22","modified_gmt":"2025-10-16T03:04:22","slug":"veste-parka-america-matelassee-pour-enfant","status":"publish","type":"product","link":"https:\/\/perle-in.com\/en\/product\/veste-parka-america-matelassee-pour-enfant\/","title":{"rendered":"Veste parka America matelass\u00e9e pour enfant"},"content":{"rendered":"","protected":false},"excerpt":{"rendered":"<p>Veste parka matelass\u00e9e et imperm\u00e9able pour enfant. Col montant avec capuche rabattable et fermeture velcro. Fermeture \u00e0 glissi\u00e8re centrale assortie avec rabat. Poches lat\u00e9rales avec fermeture \u00e0 glissi\u00e8re et rabat fixe. Poche int\u00e9rieure avec fermeture velcro. Poignets r\u00e9glables avec boucle velcro. Acc\u00e8s int\u00e9rieur aux renforts dans le dos et sur la poitrine (c\u00f4t\u00e9 gauche).<\/p>","protected":false},"featured_media":575388,"template":"","meta":{"_eb_attr":""},"product_brand":[],"product_cat":[1260,1024],"product_tag":[2506,1052,2469,4030,4031,2565,3445,2548,2549],"class_list":{"0":"post-575402","1":"product","2":"type-product","3":"status-publish","4":"has-post-thumbnail","6":"product_cat-jackets","7":"product_cat-vetements","8":"product_tag-enfant","9":"product_tag-enfants","10":"product_tag-jacket","11":"product_tag-junior","12":"product_tag-juniors","13":"product_tag-parka","14":"product_tag-roly","15":"product_tag-veste","16":"product_tag-vestes","17":"pa_couleurs-bleu-marine","18":"pa_couleurs-noir","19":"pa_couleurs-rouge","20":"pa_genre-kids","21":"pa_green-points-1931","22":"pa_marque-roly","23":"pa_matiere-tisse-polyester-recycle-lining-tisse-polyester-recycle-padding-filling-tisse-polyester","24":"pa_pays-d-origine-myanmar","25":"pa_taille-3460","26":"pa_taille-3454","27":"pa_taille-3452","28":"pa_taille-3459","29":"pa_taille-3453","31":"first","32":"instock","33":"shipping-taxable","34":"purchasable","35":"product-type-variable"},"yoast_head":"<!-- This site is optimized with the Yoast SEO plugin v27.4 - https:\/\/yoast.com\/product\/yoast-seo-wordpress\/ -->\n<title>Veste parka America matelass\u00e9e pour enfant - PERLE IN<\/title>\n<meta name=\"robots\" content=\"noindex, follow, max-snippet:-1, max-image-preview:large, max-video-preview:-1\" \/>\n<meta property=\"og:locale\" content=\"en_US\" \/>\n<meta property=\"og:type\" content=\"article\" \/>\n<meta property=\"og:title\" content=\"Veste parka America matelass\u00e9e pour enfant - PERLE IN\" \/>\n<meta property=\"og:description\" content=\"Veste parka matelass\u00e9e et imperm\u00e9able pour enfant. Col montant avec capuche rabattable et fermeture velcro. Fermeture \u00e0 glissi\u00e8re centrale assortie avec rabat. Poches lat\u00e9rales avec fermeture \u00e0 glissi\u00e8re et rabat fixe. Poche int\u00e9rieure avec fermeture velcro. Poignets r\u00e9glables avec boucle velcro. Acc\u00e8s int\u00e9rieur aux renforts dans le dos et sur la poitrine (c\u00f4t\u00e9 gauche).\" \/>\n<meta property=\"og:url\" content=\"https:\/\/perle-in.com\/en\/product\/veste-parka-america-matelassee-pour-enfant\/\" \/>\n<meta property=\"og:site_name\" content=\"PERLE IN\" \/>\n<meta property=\"article:modified_time\" content=\"2025-10-16T03:04:22+00:00\" \/>\n<meta property=\"og:image\" content=\"https:\/\/perle-in.com\/wp-content\/uploads\/2025\/10\/K50721R-1.jpg\" \/>\n\t<meta property=\"og:image:width\" content=\"1600\" \/>\n\t<meta property=\"og:image:height\" content=\"1600\" \/>\n\t<meta property=\"og:image:type\" content=\"image\/jpeg\" \/>\n<meta name=\"twitter:card\" content=\"summary_large_image\" \/>\n<script type=\"application\/ld+json\" class=\"yoast-schema-graph\">{\"@context\":\"https:\\\/\\\/schema.org\",\"@graph\":[{\"@type\":\"WebPage\",\"@id\":\"https:\\\/\\\/perle-in.com\\\/produit\\\/veste-parka-america-matelassee-pour-enfant\\\/\",\"url\":\"https:\\\/\\\/perle-in.com\\\/produit\\\/veste-parka-america-matelassee-pour-enfant\\\/\",\"name\":\"Veste parka America matelass\u00e9e pour enfant - PERLE IN\",\"isPartOf\":{\"@id\":\"https:\\\/\\\/perle-in.com\\\/#website\"},\"primaryImageOfPage\":{\"@id\":\"https:\\\/\\\/perle-in.com\\\/produit\\\/veste-parka-america-matelassee-pour-enfant\\\/#primaryimage\"},\"image\":{\"@id\":\"https:\\\/\\\/perle-in.com\\\/produit\\\/veste-parka-america-matelassee-pour-enfant\\\/#primaryimage\"},\"thumbnailUrl\":\"https:\\\/\\\/perle-in.com\\\/wp-content\\\/uploads\\\/2025\\\/10\\\/K50721R-1.jpg\",\"datePublished\":\"2025-10-16T03:04:07+00:00\",\"dateModified\":\"2025-10-16T03:04:22+00:00\",\"breadcrumb\":{\"@id\":\"https:\\\/\\\/perle-in.com\\\/produit\\\/veste-parka-america-matelassee-pour-enfant\\\/#breadcrumb\"},\"inLanguage\":\"en-CA\",\"potentialAction\":[{\"@type\":\"ReadAction\",\"target\":[\"https:\\\/\\\/perle-in.com\\\/produit\\\/veste-parka-america-matelassee-pour-enfant\\\/\"]}]},{\"@type\":\"ImageObject\",\"inLanguage\":\"en-CA\",\"@id\":\"https:\\\/\\\/perle-in.com\\\/produit\\\/veste-parka-america-matelassee-pour-enfant\\\/#primaryimage\",\"url\":\"https:\\\/\\\/perle-in.com\\\/wp-content\\\/uploads\\\/2025\\\/10\\\/K50721R-1.jpg\",\"contentUrl\":\"https:\\\/\\\/perle-in.com\\\/wp-content\\\/uploads\\\/2025\\\/10\\\/K50721R-1.jpg\",\"width\":1600,\"height\":1600},{\"@type\":\"BreadcrumbList\",\"@id\":\"https:\\\/\\\/perle-in.com\\\/produit\\\/veste-parka-america-matelassee-pour-enfant\\\/#breadcrumb\",\"itemListElement\":[{\"@type\":\"ListItem\",\"position\":1,\"name\":\"Accueil\",\"item\":\"https:\\\/\\\/perle-in.com\\\/\"},{\"@type\":\"ListItem\",\"position\":2,\"name\":\"Boutique\",\"item\":\"https:\\\/\\\/perle-in.com\\\/boutique\\\/\"},{\"@type\":\"ListItem\",\"position\":3,\"name\":\"Veste parka America matelass\u00e9e pour enfant\"}]},{\"@type\":\"WebSite\",\"@id\":\"https:\\\/\\\/perle-in.com\\\/#website\",\"url\":\"https:\\\/\\\/perle-in.com\\\/\",\"name\":\"PERLE IN\",\"description\":\"\",\"publisher\":{\"@id\":\"https:\\\/\\\/perle-in.com\\\/#organization\"},\"potentialAction\":[{\"@type\":\"SearchAction\",\"target\":{\"@type\":\"EntryPoint\",\"urlTemplate\":\"https:\\\/\\\/perle-in.com\\\/?s={search_term_string}\"},\"query-input\":{\"@type\":\"PropertyValueSpecification\",\"valueRequired\":true,\"valueName\":\"search_term_string\"}}],\"inLanguage\":\"en-CA\"},{\"@type\":\"Organization\",\"@id\":\"https:\\\/\\\/perle-in.com\\\/#organization\",\"name\":\"PERLE IN\",\"url\":\"https:\\\/\\\/perle-in.com\\\/\",\"logo\":{\"@type\":\"ImageObject\",\"inLanguage\":\"en-CA\",\"@id\":\"https:\\\/\\\/perle-in.com\\\/#\\\/schema\\\/logo\\\/image\\\/\",\"url\":\"https:\\\/\\\/perle-in.com\\\/wp-content\\\/uploads\\\/2022\\\/12\\\/LOGO-PERLE-IN-COULEUR@3x.webp\",\"contentUrl\":\"https:\\\/\\\/perle-in.com\\\/wp-content\\\/uploads\\\/2022\\\/12\\\/LOGO-PERLE-IN-COULEUR@3x.webp\",\"width\":1600,\"height\":490,\"caption\":\"PERLE IN\"},\"image\":{\"@id\":\"https:\\\/\\\/perle-in.com\\\/#\\\/schema\\\/logo\\\/image\\\/\"}}]}<\/script>\n<!-- \/ Yoast SEO plugin. -->","yoast_head_json":{"title":"Veste parka America matelass\u00e9e pour enfant - PERLE IN","robots":{"index":"noindex","follow":"follow","max-snippet":"max-snippet:-1","max-image-preview":"max-image-preview:large","max-video-preview":"max-video-preview:-1"},"og_locale":"en_US","og_type":"article","og_title":"Veste parka America matelass\u00e9e pour enfant - PERLE IN","og_description":"Veste parka matelass\u00e9e et imperm\u00e9able pour enfant. Col montant avec capuche rabattable et fermeture velcro. Fermeture \u00e0 glissi\u00e8re centrale assortie avec rabat. Poches lat\u00e9rales avec fermeture \u00e0 glissi\u00e8re et rabat fixe. Poche int\u00e9rieure avec fermeture velcro. Poignets r\u00e9glables avec boucle velcro. Acc\u00e8s int\u00e9rieur aux renforts dans le dos et sur la poitrine (c\u00f4t\u00e9 gauche).","og_url":"https:\/\/perle-in.com\/en\/product\/veste-parka-america-matelassee-pour-enfant\/","og_site_name":"PERLE IN","article_modified_time":"2025-10-16T03:04:22+00:00","og_image":[{"width":1600,"height":1600,"url":"https:\/\/perle-in.com\/wp-content\/uploads\/2025\/10\/K50721R-1.jpg","type":"image\/jpeg"}],"twitter_card":"summary_large_image","schema":{"@context":"https:\/\/schema.org","@graph":[{"@type":"WebPage","@id":"https:\/\/perle-in.com\/produit\/veste-parka-america-matelassee-pour-enfant\/","url":"https:\/\/perle-in.com\/produit\/veste-parka-america-matelassee-pour-enfant\/","name":"Veste parka America matelass\u00e9e pour enfant - PERLE IN","isPartOf":{"@id":"https:\/\/perle-in.com\/#website"},"primaryImageOfPage":{"@id":"https:\/\/perle-in.com\/produit\/veste-parka-america-matelassee-pour-enfant\/#primaryimage"},"image":{"@id":"https:\/\/perle-in.com\/produit\/veste-parka-america-matelassee-pour-enfant\/#primaryimage"},"thumbnailUrl":"https:\/\/perle-in.com\/wp-content\/uploads\/2025\/10\/K50721R-1.jpg","datePublished":"2025-10-16T03:04:07+00:00","dateModified":"2025-10-16T03:04:22+00:00","breadcrumb":{"@id":"https:\/\/perle-in.com\/produit\/veste-parka-america-matelassee-pour-enfant\/#breadcrumb"},"inLanguage":"en-CA","potentialAction":[{"@type":"ReadAction","target":["https:\/\/perle-in.com\/produit\/veste-parka-america-matelassee-pour-enfant\/"]}]},{"@type":"ImageObject","inLanguage":"en-CA","@id":"https:\/\/perle-in.com\/produit\/veste-parka-america-matelassee-pour-enfant\/#primaryimage","url":"https:\/\/perle-in.com\/wp-content\/uploads\/2025\/10\/K50721R-1.jpg","contentUrl":"https:\/\/perle-in.com\/wp-content\/uploads\/2025\/10\/K50721R-1.jpg","width":1600,"height":1600},{"@type":"BreadcrumbList","@id":"https:\/\/perle-in.com\/produit\/veste-parka-america-matelassee-pour-enfant\/#breadcrumb","itemListElement":[{"@type":"ListItem","position":1,"name":"Accueil","item":"https:\/\/perle-in.com\/"},{"@type":"ListItem","position":2,"name":"Boutique","item":"https:\/\/perle-in.com\/boutique\/"},{"@type":"ListItem","position":3,"name":"Veste parka America matelass\u00e9e pour enfant"}]},{"@type":"WebSite","@id":"https:\/\/perle-in.com\/#website","url":"https:\/\/perle-in.com\/","name":"PERLE IN","description":"","publisher":{"@id":"https:\/\/perle-in.com\/#organization"},"potentialAction":[{"@type":"SearchAction","target":{"@type":"EntryPoint","urlTemplate":"https:\/\/perle-in.com\/?s={search_term_string}"},"query-input":{"@type":"PropertyValueSpecification","valueRequired":true,"valueName":"search_term_string"}}],"inLanguage":"en-CA"},{"@type":"Organization","@id":"https:\/\/perle-in.com\/#organization","name":"PERLE IN","url":"https:\/\/perle-in.com\/","logo":{"@type":"ImageObject","inLanguage":"en-CA","@id":"https:\/\/perle-in.com\/#\/schema\/logo\/image\/","url":"https:\/\/perle-in.com\/wp-content\/uploads\/2022\/12\/LOGO-PERLE-IN-COULEUR@3x.webp","contentUrl":"https:\/\/perle-in.com\/wp-content\/uploads\/2022\/12\/LOGO-PERLE-IN-COULEUR@3x.webp","width":1600,"height":490,"caption":"PERLE IN"},"image":{"@id":"https:\/\/perle-in.com\/#\/schema\/logo\/image\/"}}]}},"jetpack_sharing_enabled":true,"_links":{"self":[{"href":"https:\/\/perle-in.com\/en\/wp-json\/wp\/v2\/product\/575402","targetHints":{"allow":["GET"]}}],"collection":[{"href":"https:\/\/perle-in.com\/en\/wp-json\/wp\/v2\/product"}],"about":[{"href":"https:\/\/perle-in.com\/en\/wp-json\/wp\/v2\/types\/product"}],"version-history":[{"count":0,"href":"https:\/\/perle-in.com\/en\/wp-json\/wp\/v2\/product\/575402\/revisions"}],"wp:featuredmedia":[{"embeddable":true,"href":"https:\/\/perle-in.com\/en\/wp-json\/wp\/v2\/media\/575388"}],"wp:attachment":[{"href":"https:\/\/perle-in.com\/en\/wp-json\/wp\/v2\/media?parent=575402"}],"wp:term":[{"taxonomy":"product_brand","embeddable":true,"href":"https:\/\/perle-in.com\/en\/wp-json\/wp\/v2\/product_brand?post=575402"},{"taxonomy":"product_cat","embeddable":true,"href":"https:\/\/perle-in.com\/en\/wp-json\/wp\/v2\/product_cat?post=575402"},{"taxonomy":"product_tag","embeddable":true,"href":"https:\/\/perle-in.com\/en\/wp-json\/wp\/v2\/product_tag?post=575402"}],"curies":[{"name":"wp","href":"https:\/\/api.w.org\/{rel}","templated":true}]}}