{"id":574422,"date":"2025-10-16T04:43:20","date_gmt":"2025-10-16T02:43:20","guid":{"rendered":"https:\/\/perle-in.com\/produit\/sweatshirt-estambul-a-manches-longues-et-demi-zip-pour-femme\/"},"modified":"2025-10-16T04:43:47","modified_gmt":"2025-10-16T02:43:47","slug":"sweatshirt-estambul-a-manches-longues-et-demi-zip-pour-femme","status":"publish","type":"product","link":"https:\/\/perle-in.com\/en\/product\/sweatshirt-estambul-a-manches-longues-et-demi-zip-pour-femme\/","title":{"rendered":"Sweatshirt Estambul \u00e0 manches longues et demi-zip pour femme"},"content":{"rendered":"","protected":false},"excerpt":{"rendered":"<p>Sweatshirt technique raglan \u00e0 manches longues pour femme. Coupe ajust\u00e9e. Col avec demi-zip et d\u00e9tails r\u00e9fl\u00e9chissants. Surpiq\u00fbres renforc\u00e9es. Poignets avec ouvertures pour le pouce. D\u00e9tails r\u00e9fl\u00e9chissants au dos. L\u2019ourlet du dos est l\u00e9g\u00e8rement plus long que celui du devant. Tissu int\u00e9rieur chaud et bross\u00e9.<\/p>","protected":false},"featured_media":574401,"template":"","meta":{"_eb_attr":""},"product_brand":[],"product_cat":[1262,1024],"product_tag":[3445,2433,2437,2659,2662],"class_list":{"0":"post-574422","1":"product","2":"type-product","3":"status-publish","4":"has-post-thumbnail","6":"product_cat-sweat","7":"product_cat-vetements","8":"product_tag-roly","9":"product_tag-sweat","10":"product_tag-sweat-shirt","11":"product_tag-sweater","12":"product_tag-sweatshirt","13":"pa_couleurs-bleu-marine","14":"pa_couleurs-bleu-tempete","15":"pa_couleurs-noir","16":"pa_couleurs-orange-feu","17":"pa_couleurs-rouge-prune","18":"pa_couleurs-vert-laurier","19":"pa_genre-female","20":"pa_green-points-1931","21":"pa_marque-roly","22":"pa_matiere-tricot-88-polyester-recycle-et-12-elasthanne-200-g-m2","23":"pa_pays-d-origine-myanmar","24":"pa_taille-2xl","25":"pa_taille-l","26":"pa_taille-m","27":"pa_taille-s","28":"pa_taille-xl","30":"first","31":"instock","32":"shipping-taxable","33":"purchasable","34":"product-type-variable"},"yoast_head":"<!-- This site is optimized with the Yoast SEO plugin v27.4 - https:\/\/yoast.com\/product\/yoast-seo-wordpress\/ -->\n<title>Sweatshirt Estambul \u00e0 manches longues et demi-zip pour femme - PERLE IN<\/title>\n<meta name=\"robots\" content=\"noindex, follow, max-snippet:-1, max-image-preview:large, max-video-preview:-1\" \/>\n<meta property=\"og:locale\" content=\"en_US\" \/>\n<meta property=\"og:type\" content=\"article\" \/>\n<meta property=\"og:title\" content=\"Sweatshirt Estambul \u00e0 manches longues et demi-zip pour femme - PERLE IN\" \/>\n<meta property=\"og:description\" content=\"Sweatshirt technique raglan \u00e0 manches longues pour femme. Coupe ajust\u00e9e. Col avec demi-zip et d\u00e9tails r\u00e9fl\u00e9chissants. Surpiq\u00fbres renforc\u00e9es. Poignets avec ouvertures pour le pouce. D\u00e9tails r\u00e9fl\u00e9chissants au dos. L\u2019ourlet du dos est l\u00e9g\u00e8rement plus long que celui du devant. Tissu int\u00e9rieur chaud et bross\u00e9.\" \/>\n<meta property=\"og:url\" content=\"https:\/\/perle-in.com\/en\/product\/sweatshirt-estambul-a-manches-longues-et-demi-zip-pour-femme\/\" \/>\n<meta property=\"og:site_name\" content=\"PERLE IN\" \/>\n<meta property=\"article:modified_time\" content=\"2025-10-16T02:43:47+00:00\" \/>\n<meta property=\"og:image\" content=\"https:\/\/perle-in.com\/wp-content\/uploads\/2025\/10\/R10331R-1.jpg\" \/>\n\t<meta property=\"og:image:width\" content=\"1600\" \/>\n\t<meta property=\"og:image:height\" content=\"1600\" \/>\n\t<meta property=\"og:image:type\" content=\"image\/jpeg\" \/>\n<meta name=\"twitter:card\" content=\"summary_large_image\" \/>\n<script type=\"application\/ld+json\" class=\"yoast-schema-graph\">{\"@context\":\"https:\\\/\\\/schema.org\",\"@graph\":[{\"@type\":\"WebPage\",\"@id\":\"https:\\\/\\\/perle-in.com\\\/produit\\\/sweatshirt-estambul-a-manches-longues-et-demi-zip-pour-femme\\\/\",\"url\":\"https:\\\/\\\/perle-in.com\\\/produit\\\/sweatshirt-estambul-a-manches-longues-et-demi-zip-pour-femme\\\/\",\"name\":\"Sweatshirt Estambul \u00e0 manches longues et demi-zip pour femme - PERLE IN\",\"isPartOf\":{\"@id\":\"https:\\\/\\\/perle-in.com\\\/#website\"},\"primaryImageOfPage\":{\"@id\":\"https:\\\/\\\/perle-in.com\\\/produit\\\/sweatshirt-estambul-a-manches-longues-et-demi-zip-pour-femme\\\/#primaryimage\"},\"image\":{\"@id\":\"https:\\\/\\\/perle-in.com\\\/produit\\\/sweatshirt-estambul-a-manches-longues-et-demi-zip-pour-femme\\\/#primaryimage\"},\"thumbnailUrl\":\"https:\\\/\\\/perle-in.com\\\/wp-content\\\/uploads\\\/2025\\\/10\\\/R10331R-1.jpg\",\"datePublished\":\"2025-10-16T02:43:20+00:00\",\"dateModified\":\"2025-10-16T02:43:47+00:00\",\"breadcrumb\":{\"@id\":\"https:\\\/\\\/perle-in.com\\\/produit\\\/sweatshirt-estambul-a-manches-longues-et-demi-zip-pour-femme\\\/#breadcrumb\"},\"inLanguage\":\"en-CA\",\"potentialAction\":[{\"@type\":\"ReadAction\",\"target\":[\"https:\\\/\\\/perle-in.com\\\/produit\\\/sweatshirt-estambul-a-manches-longues-et-demi-zip-pour-femme\\\/\"]}]},{\"@type\":\"ImageObject\",\"inLanguage\":\"en-CA\",\"@id\":\"https:\\\/\\\/perle-in.com\\\/produit\\\/sweatshirt-estambul-a-manches-longues-et-demi-zip-pour-femme\\\/#primaryimage\",\"url\":\"https:\\\/\\\/perle-in.com\\\/wp-content\\\/uploads\\\/2025\\\/10\\\/R10331R-1.jpg\",\"contentUrl\":\"https:\\\/\\\/perle-in.com\\\/wp-content\\\/uploads\\\/2025\\\/10\\\/R10331R-1.jpg\",\"width\":1600,\"height\":1600},{\"@type\":\"BreadcrumbList\",\"@id\":\"https:\\\/\\\/perle-in.com\\\/produit\\\/sweatshirt-estambul-a-manches-longues-et-demi-zip-pour-femme\\\/#breadcrumb\",\"itemListElement\":[{\"@type\":\"ListItem\",\"position\":1,\"name\":\"Accueil\",\"item\":\"https:\\\/\\\/perle-in.com\\\/\"},{\"@type\":\"ListItem\",\"position\":2,\"name\":\"Boutique\",\"item\":\"https:\\\/\\\/perle-in.com\\\/boutique\\\/\"},{\"@type\":\"ListItem\",\"position\":3,\"name\":\"Sweatshirt Estambul \u00e0 manches longues et demi-zip pour femme\"}]},{\"@type\":\"WebSite\",\"@id\":\"https:\\\/\\\/perle-in.com\\\/#website\",\"url\":\"https:\\\/\\\/perle-in.com\\\/\",\"name\":\"PERLE IN\",\"description\":\"\",\"publisher\":{\"@id\":\"https:\\\/\\\/perle-in.com\\\/#organization\"},\"potentialAction\":[{\"@type\":\"SearchAction\",\"target\":{\"@type\":\"EntryPoint\",\"urlTemplate\":\"https:\\\/\\\/perle-in.com\\\/?s={search_term_string}\"},\"query-input\":{\"@type\":\"PropertyValueSpecification\",\"valueRequired\":true,\"valueName\":\"search_term_string\"}}],\"inLanguage\":\"en-CA\"},{\"@type\":\"Organization\",\"@id\":\"https:\\\/\\\/perle-in.com\\\/#organization\",\"name\":\"PERLE IN\",\"url\":\"https:\\\/\\\/perle-in.com\\\/\",\"logo\":{\"@type\":\"ImageObject\",\"inLanguage\":\"en-CA\",\"@id\":\"https:\\\/\\\/perle-in.com\\\/#\\\/schema\\\/logo\\\/image\\\/\",\"url\":\"https:\\\/\\\/perle-in.com\\\/wp-content\\\/uploads\\\/2022\\\/12\\\/LOGO-PERLE-IN-COULEUR@3x.webp\",\"contentUrl\":\"https:\\\/\\\/perle-in.com\\\/wp-content\\\/uploads\\\/2022\\\/12\\\/LOGO-PERLE-IN-COULEUR@3x.webp\",\"width\":1600,\"height\":490,\"caption\":\"PERLE IN\"},\"image\":{\"@id\":\"https:\\\/\\\/perle-in.com\\\/#\\\/schema\\\/logo\\\/image\\\/\"}}]}<\/script>\n<!-- \/ Yoast SEO plugin. -->","yoast_head_json":{"title":"Sweatshirt Estambul \u00e0 manches longues et demi-zip pour femme - PERLE IN","robots":{"index":"noindex","follow":"follow","max-snippet":"max-snippet:-1","max-image-preview":"max-image-preview:large","max-video-preview":"max-video-preview:-1"},"og_locale":"en_US","og_type":"article","og_title":"Sweatshirt Estambul \u00e0 manches longues et demi-zip pour femme - PERLE IN","og_description":"Sweatshirt technique raglan \u00e0 manches longues pour femme. Coupe ajust\u00e9e. Col avec demi-zip et d\u00e9tails r\u00e9fl\u00e9chissants. Surpiq\u00fbres renforc\u00e9es. Poignets avec ouvertures pour le pouce. D\u00e9tails r\u00e9fl\u00e9chissants au dos. L\u2019ourlet du dos est l\u00e9g\u00e8rement plus long que celui du devant. Tissu int\u00e9rieur chaud et bross\u00e9.","og_url":"https:\/\/perle-in.com\/en\/product\/sweatshirt-estambul-a-manches-longues-et-demi-zip-pour-femme\/","og_site_name":"PERLE IN","article_modified_time":"2025-10-16T02:43:47+00:00","og_image":[{"width":1600,"height":1600,"url":"https:\/\/perle-in.com\/wp-content\/uploads\/2025\/10\/R10331R-1.jpg","type":"image\/jpeg"}],"twitter_card":"summary_large_image","schema":{"@context":"https:\/\/schema.org","@graph":[{"@type":"WebPage","@id":"https:\/\/perle-in.com\/produit\/sweatshirt-estambul-a-manches-longues-et-demi-zip-pour-femme\/","url":"https:\/\/perle-in.com\/produit\/sweatshirt-estambul-a-manches-longues-et-demi-zip-pour-femme\/","name":"Sweatshirt Estambul \u00e0 manches longues et demi-zip pour femme - PERLE IN","isPartOf":{"@id":"https:\/\/perle-in.com\/#website"},"primaryImageOfPage":{"@id":"https:\/\/perle-in.com\/produit\/sweatshirt-estambul-a-manches-longues-et-demi-zip-pour-femme\/#primaryimage"},"image":{"@id":"https:\/\/perle-in.com\/produit\/sweatshirt-estambul-a-manches-longues-et-demi-zip-pour-femme\/#primaryimage"},"thumbnailUrl":"https:\/\/perle-in.com\/wp-content\/uploads\/2025\/10\/R10331R-1.jpg","datePublished":"2025-10-16T02:43:20+00:00","dateModified":"2025-10-16T02:43:47+00:00","breadcrumb":{"@id":"https:\/\/perle-in.com\/produit\/sweatshirt-estambul-a-manches-longues-et-demi-zip-pour-femme\/#breadcrumb"},"inLanguage":"en-CA","potentialAction":[{"@type":"ReadAction","target":["https:\/\/perle-in.com\/produit\/sweatshirt-estambul-a-manches-longues-et-demi-zip-pour-femme\/"]}]},{"@type":"ImageObject","inLanguage":"en-CA","@id":"https:\/\/perle-in.com\/produit\/sweatshirt-estambul-a-manches-longues-et-demi-zip-pour-femme\/#primaryimage","url":"https:\/\/perle-in.com\/wp-content\/uploads\/2025\/10\/R10331R-1.jpg","contentUrl":"https:\/\/perle-in.com\/wp-content\/uploads\/2025\/10\/R10331R-1.jpg","width":1600,"height":1600},{"@type":"BreadcrumbList","@id":"https:\/\/perle-in.com\/produit\/sweatshirt-estambul-a-manches-longues-et-demi-zip-pour-femme\/#breadcrumb","itemListElement":[{"@type":"ListItem","position":1,"name":"Accueil","item":"https:\/\/perle-in.com\/"},{"@type":"ListItem","position":2,"name":"Boutique","item":"https:\/\/perle-in.com\/boutique\/"},{"@type":"ListItem","position":3,"name":"Sweatshirt Estambul \u00e0 manches longues et demi-zip pour femme"}]},{"@type":"WebSite","@id":"https:\/\/perle-in.com\/#website","url":"https:\/\/perle-in.com\/","name":"PERLE IN","description":"","publisher":{"@id":"https:\/\/perle-in.com\/#organization"},"potentialAction":[{"@type":"SearchAction","target":{"@type":"EntryPoint","urlTemplate":"https:\/\/perle-in.com\/?s={search_term_string}"},"query-input":{"@type":"PropertyValueSpecification","valueRequired":true,"valueName":"search_term_string"}}],"inLanguage":"en-CA"},{"@type":"Organization","@id":"https:\/\/perle-in.com\/#organization","name":"PERLE IN","url":"https:\/\/perle-in.com\/","logo":{"@type":"ImageObject","inLanguage":"en-CA","@id":"https:\/\/perle-in.com\/#\/schema\/logo\/image\/","url":"https:\/\/perle-in.com\/wp-content\/uploads\/2022\/12\/LOGO-PERLE-IN-COULEUR@3x.webp","contentUrl":"https:\/\/perle-in.com\/wp-content\/uploads\/2022\/12\/LOGO-PERLE-IN-COULEUR@3x.webp","width":1600,"height":490,"caption":"PERLE IN"},"image":{"@id":"https:\/\/perle-in.com\/#\/schema\/logo\/image\/"}}]}},"jetpack_sharing_enabled":true,"_links":{"self":[{"href":"https:\/\/perle-in.com\/en\/wp-json\/wp\/v2\/product\/574422","targetHints":{"allow":["GET"]}}],"collection":[{"href":"https:\/\/perle-in.com\/en\/wp-json\/wp\/v2\/product"}],"about":[{"href":"https:\/\/perle-in.com\/en\/wp-json\/wp\/v2\/types\/product"}],"version-history":[{"count":0,"href":"https:\/\/perle-in.com\/en\/wp-json\/wp\/v2\/product\/574422\/revisions"}],"wp:featuredmedia":[{"embeddable":true,"href":"https:\/\/perle-in.com\/en\/wp-json\/wp\/v2\/media\/574401"}],"wp:attachment":[{"href":"https:\/\/perle-in.com\/en\/wp-json\/wp\/v2\/media?parent=574422"}],"wp:term":[{"taxonomy":"product_brand","embeddable":true,"href":"https:\/\/perle-in.com\/en\/wp-json\/wp\/v2\/product_brand?post=574422"},{"taxonomy":"product_cat","embeddable":true,"href":"https:\/\/perle-in.com\/en\/wp-json\/wp\/v2\/product_cat?post=574422"},{"taxonomy":"product_tag","embeddable":true,"href":"https:\/\/perle-in.com\/en\/wp-json\/wp\/v2\/product_tag?post=574422"}],"curies":[{"name":"wp","href":"https:\/\/api.w.org\/{rel}","templated":true}]}}