{"id":574246,"date":"2025-10-16T04:38:54","date_gmt":"2025-10-16T02:38:54","guid":{"rendered":"https:\/\/perle-in.com\/produit\/veste-parka-america-matelassee-pour-femme\/"},"modified":"2025-10-16T04:39:32","modified_gmt":"2025-10-16T02:39:32","slug":"veste-parka-america-matelassee-pour-femme","status":"publish","type":"product","link":"https:\/\/perle-in.com\/en\/product\/veste-parka-america-matelassee-pour-femme\/","title":{"rendered":"Veste parka America matelass\u00e9e pour femme"},"content":{"rendered":"","protected":false},"excerpt":{"rendered":"<p>Veste parka matelass\u00e9e et imperm\u00e9able pour femme. Coupe ajust\u00e9e. Col montant avec capuche repli\u00e9e et amovible avec fermeture velcro. Fermeture zipp\u00e9e assortie avec rabat. Poches lat\u00e9rales avec fermeture zipp\u00e9e et rabat fixe. Poche int\u00e9rieure avec fermeture velcro. Poignets r\u00e9glables avec boucle velcro. Acc\u00e8s int\u00e9rieur aux renforts dans le dos et sur la poitrine (c\u00f4t\u00e9 gauche).<\/p>","protected":false},"featured_media":574219,"template":"","meta":{"_eb_attr":""},"product_brand":[],"product_cat":[1260,1024],"product_tag":[2469,2565,3445,2548,2549],"class_list":{"0":"post-574246","1":"product","2":"type-product","3":"status-publish","4":"has-post-thumbnail","6":"product_cat-jackets","7":"product_cat-vetements","8":"product_tag-jacket","9":"product_tag-parka","10":"product_tag-roly","11":"product_tag-veste","12":"product_tag-vestes","13":"pa_couleurs-bleu-marine","14":"pa_couleurs-bleu-royal","15":"pa_couleurs-noir","16":"pa_couleurs-plomb-fonce","17":"pa_couleurs-rouge","18":"pa_couleurs-sable-fonce","19":"pa_couleurs-vert-bouteille","20":"pa_genre-female","21":"pa_green-points-1931","22":"pa_marque-roly","23":"pa_matiere-tisse-100-polyester-recycle-lining-tisse-polyester-recycle-padding-filling-tisse-poly","24":"pa_pays-d-origine-myanmar","25":"pa_taille-2xl","26":"pa_taille-3xl","27":"pa_taille-l","28":"pa_taille-m","29":"pa_taille-s","30":"pa_taille-xl","32":"first","33":"instock","34":"shipping-taxable","35":"purchasable","36":"product-type-variable"},"yoast_head":"<!-- This site is optimized with the Yoast SEO plugin v27.4 - https:\/\/yoast.com\/product\/yoast-seo-wordpress\/ -->\n<title>Veste parka America matelass\u00e9e pour femme - PERLE IN<\/title>\n<meta name=\"robots\" content=\"noindex, follow, max-snippet:-1, max-image-preview:large, max-video-preview:-1\" \/>\n<meta property=\"og:locale\" content=\"en_US\" \/>\n<meta property=\"og:type\" content=\"article\" \/>\n<meta property=\"og:title\" content=\"Veste parka America matelass\u00e9e pour femme - PERLE IN\" \/>\n<meta property=\"og:description\" content=\"Veste parka matelass\u00e9e et imperm\u00e9able pour femme. Coupe ajust\u00e9e. Col montant avec capuche repli\u00e9e et amovible avec fermeture velcro. Fermeture zipp\u00e9e assortie avec rabat. Poches lat\u00e9rales avec fermeture zipp\u00e9e et rabat fixe. Poche int\u00e9rieure avec fermeture velcro. Poignets r\u00e9glables avec boucle velcro. Acc\u00e8s int\u00e9rieur aux renforts dans le dos et sur la poitrine (c\u00f4t\u00e9 gauche).\" \/>\n<meta property=\"og:url\" content=\"https:\/\/perle-in.com\/en\/product\/veste-parka-america-matelassee-pour-femme\/\" \/>\n<meta property=\"og:site_name\" content=\"PERLE IN\" \/>\n<meta property=\"article:modified_time\" content=\"2025-10-16T02:39:32+00:00\" \/>\n<meta property=\"og:image\" content=\"https:\/\/perle-in.com\/wp-content\/uploads\/2025\/10\/R50731I-1.jpg\" \/>\n\t<meta property=\"og:image:width\" content=\"1600\" \/>\n\t<meta property=\"og:image:height\" content=\"1600\" \/>\n\t<meta property=\"og:image:type\" content=\"image\/jpeg\" \/>\n<meta name=\"twitter:card\" content=\"summary_large_image\" \/>\n<script type=\"application\/ld+json\" class=\"yoast-schema-graph\">{\"@context\":\"https:\\\/\\\/schema.org\",\"@graph\":[{\"@type\":\"WebPage\",\"@id\":\"https:\\\/\\\/perle-in.com\\\/produit\\\/veste-parka-america-matelassee-pour-femme\\\/\",\"url\":\"https:\\\/\\\/perle-in.com\\\/produit\\\/veste-parka-america-matelassee-pour-femme\\\/\",\"name\":\"Veste parka America matelass\u00e9e pour femme - PERLE IN\",\"isPartOf\":{\"@id\":\"https:\\\/\\\/perle-in.com\\\/#website\"},\"primaryImageOfPage\":{\"@id\":\"https:\\\/\\\/perle-in.com\\\/produit\\\/veste-parka-america-matelassee-pour-femme\\\/#primaryimage\"},\"image\":{\"@id\":\"https:\\\/\\\/perle-in.com\\\/produit\\\/veste-parka-america-matelassee-pour-femme\\\/#primaryimage\"},\"thumbnailUrl\":\"https:\\\/\\\/perle-in.com\\\/wp-content\\\/uploads\\\/2025\\\/10\\\/R50731I-1.jpg\",\"datePublished\":\"2025-10-16T02:38:54+00:00\",\"dateModified\":\"2025-10-16T02:39:32+00:00\",\"breadcrumb\":{\"@id\":\"https:\\\/\\\/perle-in.com\\\/produit\\\/veste-parka-america-matelassee-pour-femme\\\/#breadcrumb\"},\"inLanguage\":\"en-CA\",\"potentialAction\":[{\"@type\":\"ReadAction\",\"target\":[\"https:\\\/\\\/perle-in.com\\\/produit\\\/veste-parka-america-matelassee-pour-femme\\\/\"]}]},{\"@type\":\"ImageObject\",\"inLanguage\":\"en-CA\",\"@id\":\"https:\\\/\\\/perle-in.com\\\/produit\\\/veste-parka-america-matelassee-pour-femme\\\/#primaryimage\",\"url\":\"https:\\\/\\\/perle-in.com\\\/wp-content\\\/uploads\\\/2025\\\/10\\\/R50731I-1.jpg\",\"contentUrl\":\"https:\\\/\\\/perle-in.com\\\/wp-content\\\/uploads\\\/2025\\\/10\\\/R50731I-1.jpg\",\"width\":1600,\"height\":1600},{\"@type\":\"BreadcrumbList\",\"@id\":\"https:\\\/\\\/perle-in.com\\\/produit\\\/veste-parka-america-matelassee-pour-femme\\\/#breadcrumb\",\"itemListElement\":[{\"@type\":\"ListItem\",\"position\":1,\"name\":\"Accueil\",\"item\":\"https:\\\/\\\/perle-in.com\\\/\"},{\"@type\":\"ListItem\",\"position\":2,\"name\":\"Boutique\",\"item\":\"https:\\\/\\\/perle-in.com\\\/boutique\\\/\"},{\"@type\":\"ListItem\",\"position\":3,\"name\":\"Veste parka America matelass\u00e9e pour femme\"}]},{\"@type\":\"WebSite\",\"@id\":\"https:\\\/\\\/perle-in.com\\\/#website\",\"url\":\"https:\\\/\\\/perle-in.com\\\/\",\"name\":\"PERLE IN\",\"description\":\"\",\"publisher\":{\"@id\":\"https:\\\/\\\/perle-in.com\\\/#organization\"},\"potentialAction\":[{\"@type\":\"SearchAction\",\"target\":{\"@type\":\"EntryPoint\",\"urlTemplate\":\"https:\\\/\\\/perle-in.com\\\/?s={search_term_string}\"},\"query-input\":{\"@type\":\"PropertyValueSpecification\",\"valueRequired\":true,\"valueName\":\"search_term_string\"}}],\"inLanguage\":\"en-CA\"},{\"@type\":\"Organization\",\"@id\":\"https:\\\/\\\/perle-in.com\\\/#organization\",\"name\":\"PERLE IN\",\"url\":\"https:\\\/\\\/perle-in.com\\\/\",\"logo\":{\"@type\":\"ImageObject\",\"inLanguage\":\"en-CA\",\"@id\":\"https:\\\/\\\/perle-in.com\\\/#\\\/schema\\\/logo\\\/image\\\/\",\"url\":\"https:\\\/\\\/perle-in.com\\\/wp-content\\\/uploads\\\/2022\\\/12\\\/LOGO-PERLE-IN-COULEUR@3x.webp\",\"contentUrl\":\"https:\\\/\\\/perle-in.com\\\/wp-content\\\/uploads\\\/2022\\\/12\\\/LOGO-PERLE-IN-COULEUR@3x.webp\",\"width\":1600,\"height\":490,\"caption\":\"PERLE IN\"},\"image\":{\"@id\":\"https:\\\/\\\/perle-in.com\\\/#\\\/schema\\\/logo\\\/image\\\/\"}}]}<\/script>\n<!-- \/ Yoast SEO plugin. -->","yoast_head_json":{"title":"Veste parka America matelass\u00e9e pour femme - PERLE IN","robots":{"index":"noindex","follow":"follow","max-snippet":"max-snippet:-1","max-image-preview":"max-image-preview:large","max-video-preview":"max-video-preview:-1"},"og_locale":"en_US","og_type":"article","og_title":"Veste parka America matelass\u00e9e pour femme - PERLE IN","og_description":"Veste parka matelass\u00e9e et imperm\u00e9able pour femme. Coupe ajust\u00e9e. Col montant avec capuche repli\u00e9e et amovible avec fermeture velcro. Fermeture zipp\u00e9e assortie avec rabat. Poches lat\u00e9rales avec fermeture zipp\u00e9e et rabat fixe. Poche int\u00e9rieure avec fermeture velcro. Poignets r\u00e9glables avec boucle velcro. Acc\u00e8s int\u00e9rieur aux renforts dans le dos et sur la poitrine (c\u00f4t\u00e9 gauche).","og_url":"https:\/\/perle-in.com\/en\/product\/veste-parka-america-matelassee-pour-femme\/","og_site_name":"PERLE IN","article_modified_time":"2025-10-16T02:39:32+00:00","og_image":[{"width":1600,"height":1600,"url":"https:\/\/perle-in.com\/wp-content\/uploads\/2025\/10\/R50731I-1.jpg","type":"image\/jpeg"}],"twitter_card":"summary_large_image","schema":{"@context":"https:\/\/schema.org","@graph":[{"@type":"WebPage","@id":"https:\/\/perle-in.com\/produit\/veste-parka-america-matelassee-pour-femme\/","url":"https:\/\/perle-in.com\/produit\/veste-parka-america-matelassee-pour-femme\/","name":"Veste parka America matelass\u00e9e pour femme - PERLE IN","isPartOf":{"@id":"https:\/\/perle-in.com\/#website"},"primaryImageOfPage":{"@id":"https:\/\/perle-in.com\/produit\/veste-parka-america-matelassee-pour-femme\/#primaryimage"},"image":{"@id":"https:\/\/perle-in.com\/produit\/veste-parka-america-matelassee-pour-femme\/#primaryimage"},"thumbnailUrl":"https:\/\/perle-in.com\/wp-content\/uploads\/2025\/10\/R50731I-1.jpg","datePublished":"2025-10-16T02:38:54+00:00","dateModified":"2025-10-16T02:39:32+00:00","breadcrumb":{"@id":"https:\/\/perle-in.com\/produit\/veste-parka-america-matelassee-pour-femme\/#breadcrumb"},"inLanguage":"en-CA","potentialAction":[{"@type":"ReadAction","target":["https:\/\/perle-in.com\/produit\/veste-parka-america-matelassee-pour-femme\/"]}]},{"@type":"ImageObject","inLanguage":"en-CA","@id":"https:\/\/perle-in.com\/produit\/veste-parka-america-matelassee-pour-femme\/#primaryimage","url":"https:\/\/perle-in.com\/wp-content\/uploads\/2025\/10\/R50731I-1.jpg","contentUrl":"https:\/\/perle-in.com\/wp-content\/uploads\/2025\/10\/R50731I-1.jpg","width":1600,"height":1600},{"@type":"BreadcrumbList","@id":"https:\/\/perle-in.com\/produit\/veste-parka-america-matelassee-pour-femme\/#breadcrumb","itemListElement":[{"@type":"ListItem","position":1,"name":"Accueil","item":"https:\/\/perle-in.com\/"},{"@type":"ListItem","position":2,"name":"Boutique","item":"https:\/\/perle-in.com\/boutique\/"},{"@type":"ListItem","position":3,"name":"Veste parka America matelass\u00e9e pour femme"}]},{"@type":"WebSite","@id":"https:\/\/perle-in.com\/#website","url":"https:\/\/perle-in.com\/","name":"PERLE IN","description":"","publisher":{"@id":"https:\/\/perle-in.com\/#organization"},"potentialAction":[{"@type":"SearchAction","target":{"@type":"EntryPoint","urlTemplate":"https:\/\/perle-in.com\/?s={search_term_string}"},"query-input":{"@type":"PropertyValueSpecification","valueRequired":true,"valueName":"search_term_string"}}],"inLanguage":"en-CA"},{"@type":"Organization","@id":"https:\/\/perle-in.com\/#organization","name":"PERLE IN","url":"https:\/\/perle-in.com\/","logo":{"@type":"ImageObject","inLanguage":"en-CA","@id":"https:\/\/perle-in.com\/#\/schema\/logo\/image\/","url":"https:\/\/perle-in.com\/wp-content\/uploads\/2022\/12\/LOGO-PERLE-IN-COULEUR@3x.webp","contentUrl":"https:\/\/perle-in.com\/wp-content\/uploads\/2022\/12\/LOGO-PERLE-IN-COULEUR@3x.webp","width":1600,"height":490,"caption":"PERLE IN"},"image":{"@id":"https:\/\/perle-in.com\/#\/schema\/logo\/image\/"}}]}},"jetpack_sharing_enabled":true,"_links":{"self":[{"href":"https:\/\/perle-in.com\/en\/wp-json\/wp\/v2\/product\/574246","targetHints":{"allow":["GET"]}}],"collection":[{"href":"https:\/\/perle-in.com\/en\/wp-json\/wp\/v2\/product"}],"about":[{"href":"https:\/\/perle-in.com\/en\/wp-json\/wp\/v2\/types\/product"}],"version-history":[{"count":0,"href":"https:\/\/perle-in.com\/en\/wp-json\/wp\/v2\/product\/574246\/revisions"}],"wp:featuredmedia":[{"embeddable":true,"href":"https:\/\/perle-in.com\/en\/wp-json\/wp\/v2\/media\/574219"}],"wp:attachment":[{"href":"https:\/\/perle-in.com\/en\/wp-json\/wp\/v2\/media?parent=574246"}],"wp:term":[{"taxonomy":"product_brand","embeddable":true,"href":"https:\/\/perle-in.com\/en\/wp-json\/wp\/v2\/product_brand?post=574246"},{"taxonomy":"product_cat","embeddable":true,"href":"https:\/\/perle-in.com\/en\/wp-json\/wp\/v2\/product_cat?post=574246"},{"taxonomy":"product_tag","embeddable":true,"href":"https:\/\/perle-in.com\/en\/wp-json\/wp\/v2\/product_tag?post=574246"}],"curies":[{"name":"wp","href":"https:\/\/api.w.org\/{rel}","templated":true}]}}