{"id":574211,"date":"2025-10-16T04:37:07","date_gmt":"2025-10-16T02:37:07","guid":{"rendered":"https:\/\/perle-in.com\/produit\/gobelet-isotherme-brady-900-ml-certifie-rcs-avec-paille-en-silicone\/"},"modified":"2025-10-16T04:37:13","modified_gmt":"2025-10-16T02:37:13","slug":"gobelet-isotherme-brady-900-ml-certifie-rcs-avec-paille-en-silicone","status":"publish","type":"product","link":"https:\/\/perle-in.com\/en\/product\/gobelet-isotherme-brady-900-ml-certifie-rcs-avec-paille-en-silicone\/","title":{"rendered":"Gobelet isotherme Brady 900\u00a0ml certifi\u00e9 RCS avec paille en silicone"},"content":{"rendered":"","protected":false},"excerpt":{"rendered":"<p>Gobelet avec une paroi ext\u00e9rieure durable en acier inoxydable recycl\u00e9 certifi\u00e9 RCS et une paroi int\u00e9rieure en plastique. Il comprend une paille int\u00e9gr\u00e9e en silicone de qualit\u00e9 alimentaire et un couvercle \u00e0 pression anti-\u00e9claboussures, pour une exp\u00e9rience de consommation en douceur. Ce gobelet convient \u00e9galement aux boissons chaudes (utilisation de la paille d\u00e9conseill\u00e9e). Pour laisser refroidir votre boisson, retirez le couvercle avant de la consommer. Capacit\u00e9\u00a0: 900\u00a0ml. Lavage \u00e0 la main uniquement.<\/p>","protected":false},"featured_media":574198,"template":"","meta":{"_eb_attr":""},"product_brand":[],"product_cat":[173,189],"product_tag":[379,275,175,225,308,3898,2884,203,227,291],"class_list":{"0":"post-574211","1":"product","2":"type-product","3":"status-publish","4":"has-post-thumbnail","6":"product_cat-drinkware","7":"product_cat-mugs-isothermes","8":"product_tag-acier-inoxydable","9":"product_tag-boissons","10":"product_tag-bouteille","11":"product_tag-cafe","12":"product_tag-gobelet","13":"product_tag-hydratation","14":"product_tag-rcs","15":"product_tag-sport","16":"product_tag-the","17":"product_tag-voyage","18":"pa_couleurs-blanc","19":"pa_couleurs-bleu-royal","20":"pa_couleurs-gris","21":"pa_couleurs-lilas","22":"pa_couleurs-marine","23":"pa_couleurs-noir","24":"pa_couleurs-rouge","25":"pa_green-points-4018","26":"pa_matiere-90-acier-inoxydable-recycle-et-10-plastique-pp","28":"first","29":"instock","30":"shipping-taxable","31":"purchasable","32":"product-type-variable"},"yoast_head":"<!-- This site is optimized with the Yoast SEO plugin v27.4 - https:\/\/yoast.com\/product\/yoast-seo-wordpress\/ -->\n<title>Gobelet isotherme Brady 900\u00a0ml certifi\u00e9 RCS avec paille en silicone - PERLE IN<\/title>\n<meta name=\"robots\" content=\"noindex, follow, max-snippet:-1, max-image-preview:large, max-video-preview:-1\" \/>\n<meta property=\"og:locale\" content=\"en_US\" \/>\n<meta property=\"og:type\" content=\"article\" \/>\n<meta property=\"og:title\" content=\"Gobelet isotherme Brady 900\u00a0ml certifi\u00e9 RCS avec paille en silicone - PERLE IN\" \/>\n<meta property=\"og:description\" content=\"Gobelet avec une paroi ext\u00e9rieure durable en acier inoxydable recycl\u00e9 certifi\u00e9 RCS et une paroi int\u00e9rieure en plastique. Il comprend une paille int\u00e9gr\u00e9e en silicone de qualit\u00e9 alimentaire et un couvercle \u00e0 pression anti-\u00e9claboussures, pour une exp\u00e9rience de consommation en douceur. Ce gobelet convient \u00e9galement aux boissons chaudes (utilisation de la paille d\u00e9conseill\u00e9e). Pour laisser refroidir votre boisson, retirez le couvercle avant de la consommer. Capacit\u00e9\u00a0: 900\u00a0ml. Lavage \u00e0 la main uniquement.\" \/>\n<meta property=\"og:url\" content=\"https:\/\/perle-in.com\/en\/product\/gobelet-isotherme-brady-900-ml-certifie-rcs-avec-paille-en-silicone\/\" \/>\n<meta property=\"og:site_name\" content=\"PERLE IN\" \/>\n<meta property=\"article:modified_time\" content=\"2025-10-16T02:37:13+00:00\" \/>\n<meta property=\"og:image\" content=\"https:\/\/perle-in.com\/wp-content\/uploads\/2025\/10\/10086701-1.jpg\" \/>\n\t<meta property=\"og:image:width\" content=\"1600\" \/>\n\t<meta property=\"og:image:height\" content=\"1600\" \/>\n\t<meta property=\"og:image:type\" content=\"image\/jpeg\" \/>\n<meta name=\"twitter:card\" content=\"summary_large_image\" \/>\n<script type=\"application\/ld+json\" class=\"yoast-schema-graph\">{\"@context\":\"https:\\\/\\\/schema.org\",\"@graph\":[{\"@type\":\"WebPage\",\"@id\":\"https:\\\/\\\/perle-in.com\\\/produit\\\/gobelet-isotherme-brady-900-ml-certifie-rcs-avec-paille-en-silicone\\\/\",\"url\":\"https:\\\/\\\/perle-in.com\\\/produit\\\/gobelet-isotherme-brady-900-ml-certifie-rcs-avec-paille-en-silicone\\\/\",\"name\":\"Gobelet isotherme Brady 900\u00a0ml certifi\u00e9 RCS avec paille en silicone - PERLE IN\",\"isPartOf\":{\"@id\":\"https:\\\/\\\/perle-in.com\\\/#website\"},\"primaryImageOfPage\":{\"@id\":\"https:\\\/\\\/perle-in.com\\\/produit\\\/gobelet-isotherme-brady-900-ml-certifie-rcs-avec-paille-en-silicone\\\/#primaryimage\"},\"image\":{\"@id\":\"https:\\\/\\\/perle-in.com\\\/produit\\\/gobelet-isotherme-brady-900-ml-certifie-rcs-avec-paille-en-silicone\\\/#primaryimage\"},\"thumbnailUrl\":\"https:\\\/\\\/perle-in.com\\\/wp-content\\\/uploads\\\/2025\\\/10\\\/10086701-1.jpg\",\"datePublished\":\"2025-10-16T02:37:07+00:00\",\"dateModified\":\"2025-10-16T02:37:13+00:00\",\"breadcrumb\":{\"@id\":\"https:\\\/\\\/perle-in.com\\\/produit\\\/gobelet-isotherme-brady-900-ml-certifie-rcs-avec-paille-en-silicone\\\/#breadcrumb\"},\"inLanguage\":\"en-CA\",\"potentialAction\":[{\"@type\":\"ReadAction\",\"target\":[\"https:\\\/\\\/perle-in.com\\\/produit\\\/gobelet-isotherme-brady-900-ml-certifie-rcs-avec-paille-en-silicone\\\/\"]}]},{\"@type\":\"ImageObject\",\"inLanguage\":\"en-CA\",\"@id\":\"https:\\\/\\\/perle-in.com\\\/produit\\\/gobelet-isotherme-brady-900-ml-certifie-rcs-avec-paille-en-silicone\\\/#primaryimage\",\"url\":\"https:\\\/\\\/perle-in.com\\\/wp-content\\\/uploads\\\/2025\\\/10\\\/10086701-1.jpg\",\"contentUrl\":\"https:\\\/\\\/perle-in.com\\\/wp-content\\\/uploads\\\/2025\\\/10\\\/10086701-1.jpg\",\"width\":1600,\"height\":1600},{\"@type\":\"BreadcrumbList\",\"@id\":\"https:\\\/\\\/perle-in.com\\\/produit\\\/gobelet-isotherme-brady-900-ml-certifie-rcs-avec-paille-en-silicone\\\/#breadcrumb\",\"itemListElement\":[{\"@type\":\"ListItem\",\"position\":1,\"name\":\"Accueil\",\"item\":\"https:\\\/\\\/perle-in.com\\\/\"},{\"@type\":\"ListItem\",\"position\":2,\"name\":\"Boutique\",\"item\":\"https:\\\/\\\/perle-in.com\\\/boutique\\\/\"},{\"@type\":\"ListItem\",\"position\":3,\"name\":\"Gobelet isotherme Brady 900\u00a0ml certifi\u00e9 RCS avec paille en silicone\"}]},{\"@type\":\"WebSite\",\"@id\":\"https:\\\/\\\/perle-in.com\\\/#website\",\"url\":\"https:\\\/\\\/perle-in.com\\\/\",\"name\":\"PERLE IN\",\"description\":\"\",\"publisher\":{\"@id\":\"https:\\\/\\\/perle-in.com\\\/#organization\"},\"potentialAction\":[{\"@type\":\"SearchAction\",\"target\":{\"@type\":\"EntryPoint\",\"urlTemplate\":\"https:\\\/\\\/perle-in.com\\\/?s={search_term_string}\"},\"query-input\":{\"@type\":\"PropertyValueSpecification\",\"valueRequired\":true,\"valueName\":\"search_term_string\"}}],\"inLanguage\":\"en-CA\"},{\"@type\":\"Organization\",\"@id\":\"https:\\\/\\\/perle-in.com\\\/#organization\",\"name\":\"PERLE IN\",\"url\":\"https:\\\/\\\/perle-in.com\\\/\",\"logo\":{\"@type\":\"ImageObject\",\"inLanguage\":\"en-CA\",\"@id\":\"https:\\\/\\\/perle-in.com\\\/#\\\/schema\\\/logo\\\/image\\\/\",\"url\":\"https:\\\/\\\/perle-in.com\\\/wp-content\\\/uploads\\\/2022\\\/12\\\/LOGO-PERLE-IN-COULEUR@3x.webp\",\"contentUrl\":\"https:\\\/\\\/perle-in.com\\\/wp-content\\\/uploads\\\/2022\\\/12\\\/LOGO-PERLE-IN-COULEUR@3x.webp\",\"width\":1600,\"height\":490,\"caption\":\"PERLE IN\"},\"image\":{\"@id\":\"https:\\\/\\\/perle-in.com\\\/#\\\/schema\\\/logo\\\/image\\\/\"}}]}<\/script>\n<!-- \/ Yoast SEO plugin. -->","yoast_head_json":{"title":"Gobelet isotherme Brady 900\u00a0ml certifi\u00e9 RCS avec paille en silicone - PERLE IN","robots":{"index":"noindex","follow":"follow","max-snippet":"max-snippet:-1","max-image-preview":"max-image-preview:large","max-video-preview":"max-video-preview:-1"},"og_locale":"en_US","og_type":"article","og_title":"Gobelet isotherme Brady 900\u00a0ml certifi\u00e9 RCS avec paille en silicone - PERLE IN","og_description":"Gobelet avec une paroi ext\u00e9rieure durable en acier inoxydable recycl\u00e9 certifi\u00e9 RCS et une paroi int\u00e9rieure en plastique. Il comprend une paille int\u00e9gr\u00e9e en silicone de qualit\u00e9 alimentaire et un couvercle \u00e0 pression anti-\u00e9claboussures, pour une exp\u00e9rience de consommation en douceur. Ce gobelet convient \u00e9galement aux boissons chaudes (utilisation de la paille d\u00e9conseill\u00e9e). Pour laisser refroidir votre boisson, retirez le couvercle avant de la consommer. Capacit\u00e9\u00a0: 900\u00a0ml. Lavage \u00e0 la main uniquement.","og_url":"https:\/\/perle-in.com\/en\/product\/gobelet-isotherme-brady-900-ml-certifie-rcs-avec-paille-en-silicone\/","og_site_name":"PERLE IN","article_modified_time":"2025-10-16T02:37:13+00:00","og_image":[{"width":1600,"height":1600,"url":"https:\/\/perle-in.com\/wp-content\/uploads\/2025\/10\/10086701-1.jpg","type":"image\/jpeg"}],"twitter_card":"summary_large_image","schema":{"@context":"https:\/\/schema.org","@graph":[{"@type":"WebPage","@id":"https:\/\/perle-in.com\/produit\/gobelet-isotherme-brady-900-ml-certifie-rcs-avec-paille-en-silicone\/","url":"https:\/\/perle-in.com\/produit\/gobelet-isotherme-brady-900-ml-certifie-rcs-avec-paille-en-silicone\/","name":"Gobelet isotherme Brady 900\u00a0ml certifi\u00e9 RCS avec paille en silicone - PERLE IN","isPartOf":{"@id":"https:\/\/perle-in.com\/#website"},"primaryImageOfPage":{"@id":"https:\/\/perle-in.com\/produit\/gobelet-isotherme-brady-900-ml-certifie-rcs-avec-paille-en-silicone\/#primaryimage"},"image":{"@id":"https:\/\/perle-in.com\/produit\/gobelet-isotherme-brady-900-ml-certifie-rcs-avec-paille-en-silicone\/#primaryimage"},"thumbnailUrl":"https:\/\/perle-in.com\/wp-content\/uploads\/2025\/10\/10086701-1.jpg","datePublished":"2025-10-16T02:37:07+00:00","dateModified":"2025-10-16T02:37:13+00:00","breadcrumb":{"@id":"https:\/\/perle-in.com\/produit\/gobelet-isotherme-brady-900-ml-certifie-rcs-avec-paille-en-silicone\/#breadcrumb"},"inLanguage":"en-CA","potentialAction":[{"@type":"ReadAction","target":["https:\/\/perle-in.com\/produit\/gobelet-isotherme-brady-900-ml-certifie-rcs-avec-paille-en-silicone\/"]}]},{"@type":"ImageObject","inLanguage":"en-CA","@id":"https:\/\/perle-in.com\/produit\/gobelet-isotherme-brady-900-ml-certifie-rcs-avec-paille-en-silicone\/#primaryimage","url":"https:\/\/perle-in.com\/wp-content\/uploads\/2025\/10\/10086701-1.jpg","contentUrl":"https:\/\/perle-in.com\/wp-content\/uploads\/2025\/10\/10086701-1.jpg","width":1600,"height":1600},{"@type":"BreadcrumbList","@id":"https:\/\/perle-in.com\/produit\/gobelet-isotherme-brady-900-ml-certifie-rcs-avec-paille-en-silicone\/#breadcrumb","itemListElement":[{"@type":"ListItem","position":1,"name":"Accueil","item":"https:\/\/perle-in.com\/"},{"@type":"ListItem","position":2,"name":"Boutique","item":"https:\/\/perle-in.com\/boutique\/"},{"@type":"ListItem","position":3,"name":"Gobelet isotherme Brady 900\u00a0ml certifi\u00e9 RCS avec paille en silicone"}]},{"@type":"WebSite","@id":"https:\/\/perle-in.com\/#website","url":"https:\/\/perle-in.com\/","name":"PERLE IN","description":"","publisher":{"@id":"https:\/\/perle-in.com\/#organization"},"potentialAction":[{"@type":"SearchAction","target":{"@type":"EntryPoint","urlTemplate":"https:\/\/perle-in.com\/?s={search_term_string}"},"query-input":{"@type":"PropertyValueSpecification","valueRequired":true,"valueName":"search_term_string"}}],"inLanguage":"en-CA"},{"@type":"Organization","@id":"https:\/\/perle-in.com\/#organization","name":"PERLE IN","url":"https:\/\/perle-in.com\/","logo":{"@type":"ImageObject","inLanguage":"en-CA","@id":"https:\/\/perle-in.com\/#\/schema\/logo\/image\/","url":"https:\/\/perle-in.com\/wp-content\/uploads\/2022\/12\/LOGO-PERLE-IN-COULEUR@3x.webp","contentUrl":"https:\/\/perle-in.com\/wp-content\/uploads\/2022\/12\/LOGO-PERLE-IN-COULEUR@3x.webp","width":1600,"height":490,"caption":"PERLE IN"},"image":{"@id":"https:\/\/perle-in.com\/#\/schema\/logo\/image\/"}}]}},"jetpack_sharing_enabled":true,"_links":{"self":[{"href":"https:\/\/perle-in.com\/en\/wp-json\/wp\/v2\/product\/574211","targetHints":{"allow":["GET"]}}],"collection":[{"href":"https:\/\/perle-in.com\/en\/wp-json\/wp\/v2\/product"}],"about":[{"href":"https:\/\/perle-in.com\/en\/wp-json\/wp\/v2\/types\/product"}],"version-history":[{"count":0,"href":"https:\/\/perle-in.com\/en\/wp-json\/wp\/v2\/product\/574211\/revisions"}],"wp:featuredmedia":[{"embeddable":true,"href":"https:\/\/perle-in.com\/en\/wp-json\/wp\/v2\/media\/574198"}],"wp:attachment":[{"href":"https:\/\/perle-in.com\/en\/wp-json\/wp\/v2\/media?parent=574211"}],"wp:term":[{"taxonomy":"product_brand","embeddable":true,"href":"https:\/\/perle-in.com\/en\/wp-json\/wp\/v2\/product_brand?post=574211"},{"taxonomy":"product_cat","embeddable":true,"href":"https:\/\/perle-in.com\/en\/wp-json\/wp\/v2\/product_cat?post=574211"},{"taxonomy":"product_tag","embeddable":true,"href":"https:\/\/perle-in.com\/en\/wp-json\/wp\/v2\/product_tag?post=574211"}],"curies":[{"name":"wp","href":"https:\/\/api.w.org\/{rel}","templated":true}]}}