{"id":574190,"date":"2025-10-16T04:35:56","date_gmt":"2025-10-16T02:35:56","guid":{"rendered":"https:\/\/perle-in.com\/produit\/bouteille-avec-isolation-sous-vide-astra-de-650-ml-en-cuivre-et-acier-inoxydable-recycle-certifie-rcs\/"},"modified":"2025-10-16T04:36:03","modified_gmt":"2025-10-16T02:36:03","slug":"bouteille-avec-isolation-sous-vide-astra-de-650-ml-en-cuivre-et-acier-inoxydable-recycle-certifie-rcs","status":"publish","type":"product","link":"https:\/\/perle-in.com\/en\/product\/bouteille-avec-isolation-sous-vide-astra-de-650-ml-en-cuivre-et-acier-inoxydable-recycle-certifie-rcs\/","title":{"rendered":"Bouteille avec isolation sous vide Astra de 650\u00a0ml en cuivre et acier inoxydable recycl\u00e9 certifi\u00e9 RCS"},"content":{"rendered":"","protected":false},"excerpt":{"rendered":"<p>Bouteille en acier inoxydable recycl\u00e9 \u00e0 double paroi, certifi\u00e9e RCS, avec isolation sous vide en cuivre qui conserve les boissons chaudes pendant 12 heures ou froides pendant 48 heures. Comprend un couvercle \u00e0 vis en acier inoxydable recycl\u00e9 et une poign\u00e9e en acier inoxydable durable. Large ouverture pour un remplissage et un service confortable. Capacit\u00e9\u00a0: 650\u00a0ml. Pr\u00e9sent\u00e9e dans une bo\u00eete cadeau.<\/p>","protected":false},"featured_media":574175,"template":"","meta":{"_eb_attr":""},"product_brand":[],"product_cat":[174,173],"product_tag":[379,275,175,274,3898,2884,203,291],"class_list":{"0":"post-574190","1":"product","2":"type-product","3":"status-publish","4":"has-post-thumbnail","6":"product_cat-bouteilles-deau","7":"product_cat-drinkware","8":"product_tag-acier-inoxydable","9":"product_tag-boissons","10":"product_tag-bouteille","11":"product_tag-eau","12":"product_tag-hydratation","13":"product_tag-rcs","14":"product_tag-sport","15":"product_tag-voyage","16":"pa_couleurs-blanc","17":"pa_couleurs-bleu-royal","18":"pa_couleurs-gris","19":"pa_couleurs-marine","20":"pa_couleurs-noir","21":"pa_couleurs-rouge","22":"pa_couleurs-vert-foret","23":"pa_green-points-4018","24":"pa_matiere-acier-inoxydable-recycle","26":"first","27":"instock","28":"shipping-taxable","29":"purchasable","30":"product-type-variable"},"yoast_head":"<!-- This site is optimized with the Yoast SEO plugin v27.4 - https:\/\/yoast.com\/product\/yoast-seo-wordpress\/ -->\n<title>Bouteille avec isolation sous vide Astra de 650\u00a0ml en cuivre et acier inoxydable recycl\u00e9 certifi\u00e9 RCS - PERLE IN<\/title>\n<meta name=\"robots\" content=\"noindex, follow, max-snippet:-1, max-image-preview:large, max-video-preview:-1\" \/>\n<meta property=\"og:locale\" content=\"en_US\" \/>\n<meta property=\"og:type\" content=\"article\" \/>\n<meta property=\"og:title\" content=\"Bouteille avec isolation sous vide Astra de 650\u00a0ml en cuivre et acier inoxydable recycl\u00e9 certifi\u00e9 RCS - PERLE IN\" \/>\n<meta property=\"og:description\" content=\"Bouteille en acier inoxydable recycl\u00e9 \u00e0 double paroi, certifi\u00e9e RCS, avec isolation sous vide en cuivre qui conserve les boissons chaudes pendant 12 heures ou froides pendant 48 heures. Comprend un couvercle \u00e0 vis en acier inoxydable recycl\u00e9 et une poign\u00e9e en acier inoxydable durable. Large ouverture pour un remplissage et un service confortable. Capacit\u00e9\u00a0: 650\u00a0ml. Pr\u00e9sent\u00e9e dans une bo\u00eete cadeau.\" \/>\n<meta property=\"og:url\" content=\"https:\/\/perle-in.com\/en\/product\/bouteille-avec-isolation-sous-vide-astra-de-650-ml-en-cuivre-et-acier-inoxydable-recycle-certifie-rcs\/\" \/>\n<meta property=\"og:site_name\" content=\"PERLE IN\" \/>\n<meta property=\"article:modified_time\" content=\"2025-10-16T02:36:03+00:00\" \/>\n<meta property=\"og:image\" content=\"https:\/\/perle-in.com\/wp-content\/uploads\/2025\/10\/10086501-1.jpg\" \/>\n\t<meta property=\"og:image:width\" content=\"1600\" \/>\n\t<meta property=\"og:image:height\" content=\"1600\" \/>\n\t<meta property=\"og:image:type\" content=\"image\/jpeg\" \/>\n<meta name=\"twitter:card\" content=\"summary_large_image\" \/>\n<script type=\"application\/ld+json\" class=\"yoast-schema-graph\">{\"@context\":\"https:\\\/\\\/schema.org\",\"@graph\":[{\"@type\":\"WebPage\",\"@id\":\"https:\\\/\\\/perle-in.com\\\/produit\\\/bouteille-avec-isolation-sous-vide-astra-de-650-ml-en-cuivre-et-acier-inoxydable-recycle-certifie-rcs\\\/\",\"url\":\"https:\\\/\\\/perle-in.com\\\/produit\\\/bouteille-avec-isolation-sous-vide-astra-de-650-ml-en-cuivre-et-acier-inoxydable-recycle-certifie-rcs\\\/\",\"name\":\"Bouteille avec isolation sous vide Astra de 650\u00a0ml en cuivre et acier inoxydable recycl\u00e9 certifi\u00e9 RCS - PERLE IN\",\"isPartOf\":{\"@id\":\"https:\\\/\\\/perle-in.com\\\/#website\"},\"primaryImageOfPage\":{\"@id\":\"https:\\\/\\\/perle-in.com\\\/produit\\\/bouteille-avec-isolation-sous-vide-astra-de-650-ml-en-cuivre-et-acier-inoxydable-recycle-certifie-rcs\\\/#primaryimage\"},\"image\":{\"@id\":\"https:\\\/\\\/perle-in.com\\\/produit\\\/bouteille-avec-isolation-sous-vide-astra-de-650-ml-en-cuivre-et-acier-inoxydable-recycle-certifie-rcs\\\/#primaryimage\"},\"thumbnailUrl\":\"https:\\\/\\\/perle-in.com\\\/wp-content\\\/uploads\\\/2025\\\/10\\\/10086501-1.jpg\",\"datePublished\":\"2025-10-16T02:35:56+00:00\",\"dateModified\":\"2025-10-16T02:36:03+00:00\",\"breadcrumb\":{\"@id\":\"https:\\\/\\\/perle-in.com\\\/produit\\\/bouteille-avec-isolation-sous-vide-astra-de-650-ml-en-cuivre-et-acier-inoxydable-recycle-certifie-rcs\\\/#breadcrumb\"},\"inLanguage\":\"en-CA\",\"potentialAction\":[{\"@type\":\"ReadAction\",\"target\":[\"https:\\\/\\\/perle-in.com\\\/produit\\\/bouteille-avec-isolation-sous-vide-astra-de-650-ml-en-cuivre-et-acier-inoxydable-recycle-certifie-rcs\\\/\"]}]},{\"@type\":\"ImageObject\",\"inLanguage\":\"en-CA\",\"@id\":\"https:\\\/\\\/perle-in.com\\\/produit\\\/bouteille-avec-isolation-sous-vide-astra-de-650-ml-en-cuivre-et-acier-inoxydable-recycle-certifie-rcs\\\/#primaryimage\",\"url\":\"https:\\\/\\\/perle-in.com\\\/wp-content\\\/uploads\\\/2025\\\/10\\\/10086501-1.jpg\",\"contentUrl\":\"https:\\\/\\\/perle-in.com\\\/wp-content\\\/uploads\\\/2025\\\/10\\\/10086501-1.jpg\",\"width\":1600,\"height\":1600},{\"@type\":\"BreadcrumbList\",\"@id\":\"https:\\\/\\\/perle-in.com\\\/produit\\\/bouteille-avec-isolation-sous-vide-astra-de-650-ml-en-cuivre-et-acier-inoxydable-recycle-certifie-rcs\\\/#breadcrumb\",\"itemListElement\":[{\"@type\":\"ListItem\",\"position\":1,\"name\":\"Accueil\",\"item\":\"https:\\\/\\\/perle-in.com\\\/\"},{\"@type\":\"ListItem\",\"position\":2,\"name\":\"Boutique\",\"item\":\"https:\\\/\\\/perle-in.com\\\/boutique\\\/\"},{\"@type\":\"ListItem\",\"position\":3,\"name\":\"Bouteille avec isolation sous vide Astra de 650\u00a0ml en cuivre et acier inoxydable recycl\u00e9 certifi\u00e9 RCS\"}]},{\"@type\":\"WebSite\",\"@id\":\"https:\\\/\\\/perle-in.com\\\/#website\",\"url\":\"https:\\\/\\\/perle-in.com\\\/\",\"name\":\"PERLE IN\",\"description\":\"\",\"publisher\":{\"@id\":\"https:\\\/\\\/perle-in.com\\\/#organization\"},\"potentialAction\":[{\"@type\":\"SearchAction\",\"target\":{\"@type\":\"EntryPoint\",\"urlTemplate\":\"https:\\\/\\\/perle-in.com\\\/?s={search_term_string}\"},\"query-input\":{\"@type\":\"PropertyValueSpecification\",\"valueRequired\":true,\"valueName\":\"search_term_string\"}}],\"inLanguage\":\"en-CA\"},{\"@type\":\"Organization\",\"@id\":\"https:\\\/\\\/perle-in.com\\\/#organization\",\"name\":\"PERLE IN\",\"url\":\"https:\\\/\\\/perle-in.com\\\/\",\"logo\":{\"@type\":\"ImageObject\",\"inLanguage\":\"en-CA\",\"@id\":\"https:\\\/\\\/perle-in.com\\\/#\\\/schema\\\/logo\\\/image\\\/\",\"url\":\"https:\\\/\\\/perle-in.com\\\/wp-content\\\/uploads\\\/2022\\\/12\\\/LOGO-PERLE-IN-COULEUR@3x.webp\",\"contentUrl\":\"https:\\\/\\\/perle-in.com\\\/wp-content\\\/uploads\\\/2022\\\/12\\\/LOGO-PERLE-IN-COULEUR@3x.webp\",\"width\":1600,\"height\":490,\"caption\":\"PERLE IN\"},\"image\":{\"@id\":\"https:\\\/\\\/perle-in.com\\\/#\\\/schema\\\/logo\\\/image\\\/\"}}]}<\/script>\n<!-- \/ Yoast SEO plugin. -->","yoast_head_json":{"title":"Bouteille avec isolation sous vide Astra de 650\u00a0ml en cuivre et acier inoxydable recycl\u00e9 certifi\u00e9 RCS - PERLE IN","robots":{"index":"noindex","follow":"follow","max-snippet":"max-snippet:-1","max-image-preview":"max-image-preview:large","max-video-preview":"max-video-preview:-1"},"og_locale":"en_US","og_type":"article","og_title":"Bouteille avec isolation sous vide Astra de 650\u00a0ml en cuivre et acier inoxydable recycl\u00e9 certifi\u00e9 RCS - PERLE IN","og_description":"Bouteille en acier inoxydable recycl\u00e9 \u00e0 double paroi, certifi\u00e9e RCS, avec isolation sous vide en cuivre qui conserve les boissons chaudes pendant 12 heures ou froides pendant 48 heures. Comprend un couvercle \u00e0 vis en acier inoxydable recycl\u00e9 et une poign\u00e9e en acier inoxydable durable. Large ouverture pour un remplissage et un service confortable. Capacit\u00e9\u00a0: 650\u00a0ml. Pr\u00e9sent\u00e9e dans une bo\u00eete cadeau.","og_url":"https:\/\/perle-in.com\/en\/product\/bouteille-avec-isolation-sous-vide-astra-de-650-ml-en-cuivre-et-acier-inoxydable-recycle-certifie-rcs\/","og_site_name":"PERLE IN","article_modified_time":"2025-10-16T02:36:03+00:00","og_image":[{"width":1600,"height":1600,"url":"https:\/\/perle-in.com\/wp-content\/uploads\/2025\/10\/10086501-1.jpg","type":"image\/jpeg"}],"twitter_card":"summary_large_image","schema":{"@context":"https:\/\/schema.org","@graph":[{"@type":"WebPage","@id":"https:\/\/perle-in.com\/produit\/bouteille-avec-isolation-sous-vide-astra-de-650-ml-en-cuivre-et-acier-inoxydable-recycle-certifie-rcs\/","url":"https:\/\/perle-in.com\/produit\/bouteille-avec-isolation-sous-vide-astra-de-650-ml-en-cuivre-et-acier-inoxydable-recycle-certifie-rcs\/","name":"Bouteille avec isolation sous vide Astra de 650\u00a0ml en cuivre et acier inoxydable recycl\u00e9 certifi\u00e9 RCS - PERLE IN","isPartOf":{"@id":"https:\/\/perle-in.com\/#website"},"primaryImageOfPage":{"@id":"https:\/\/perle-in.com\/produit\/bouteille-avec-isolation-sous-vide-astra-de-650-ml-en-cuivre-et-acier-inoxydable-recycle-certifie-rcs\/#primaryimage"},"image":{"@id":"https:\/\/perle-in.com\/produit\/bouteille-avec-isolation-sous-vide-astra-de-650-ml-en-cuivre-et-acier-inoxydable-recycle-certifie-rcs\/#primaryimage"},"thumbnailUrl":"https:\/\/perle-in.com\/wp-content\/uploads\/2025\/10\/10086501-1.jpg","datePublished":"2025-10-16T02:35:56+00:00","dateModified":"2025-10-16T02:36:03+00:00","breadcrumb":{"@id":"https:\/\/perle-in.com\/produit\/bouteille-avec-isolation-sous-vide-astra-de-650-ml-en-cuivre-et-acier-inoxydable-recycle-certifie-rcs\/#breadcrumb"},"inLanguage":"en-CA","potentialAction":[{"@type":"ReadAction","target":["https:\/\/perle-in.com\/produit\/bouteille-avec-isolation-sous-vide-astra-de-650-ml-en-cuivre-et-acier-inoxydable-recycle-certifie-rcs\/"]}]},{"@type":"ImageObject","inLanguage":"en-CA","@id":"https:\/\/perle-in.com\/produit\/bouteille-avec-isolation-sous-vide-astra-de-650-ml-en-cuivre-et-acier-inoxydable-recycle-certifie-rcs\/#primaryimage","url":"https:\/\/perle-in.com\/wp-content\/uploads\/2025\/10\/10086501-1.jpg","contentUrl":"https:\/\/perle-in.com\/wp-content\/uploads\/2025\/10\/10086501-1.jpg","width":1600,"height":1600},{"@type":"BreadcrumbList","@id":"https:\/\/perle-in.com\/produit\/bouteille-avec-isolation-sous-vide-astra-de-650-ml-en-cuivre-et-acier-inoxydable-recycle-certifie-rcs\/#breadcrumb","itemListElement":[{"@type":"ListItem","position":1,"name":"Accueil","item":"https:\/\/perle-in.com\/"},{"@type":"ListItem","position":2,"name":"Boutique","item":"https:\/\/perle-in.com\/boutique\/"},{"@type":"ListItem","position":3,"name":"Bouteille avec isolation sous vide Astra de 650\u00a0ml en cuivre et acier inoxydable recycl\u00e9 certifi\u00e9 RCS"}]},{"@type":"WebSite","@id":"https:\/\/perle-in.com\/#website","url":"https:\/\/perle-in.com\/","name":"PERLE IN","description":"","publisher":{"@id":"https:\/\/perle-in.com\/#organization"},"potentialAction":[{"@type":"SearchAction","target":{"@type":"EntryPoint","urlTemplate":"https:\/\/perle-in.com\/?s={search_term_string}"},"query-input":{"@type":"PropertyValueSpecification","valueRequired":true,"valueName":"search_term_string"}}],"inLanguage":"en-CA"},{"@type":"Organization","@id":"https:\/\/perle-in.com\/#organization","name":"PERLE IN","url":"https:\/\/perle-in.com\/","logo":{"@type":"ImageObject","inLanguage":"en-CA","@id":"https:\/\/perle-in.com\/#\/schema\/logo\/image\/","url":"https:\/\/perle-in.com\/wp-content\/uploads\/2022\/12\/LOGO-PERLE-IN-COULEUR@3x.webp","contentUrl":"https:\/\/perle-in.com\/wp-content\/uploads\/2022\/12\/LOGO-PERLE-IN-COULEUR@3x.webp","width":1600,"height":490,"caption":"PERLE IN"},"image":{"@id":"https:\/\/perle-in.com\/#\/schema\/logo\/image\/"}}]}},"jetpack_sharing_enabled":true,"_links":{"self":[{"href":"https:\/\/perle-in.com\/en\/wp-json\/wp\/v2\/product\/574190","targetHints":{"allow":["GET"]}}],"collection":[{"href":"https:\/\/perle-in.com\/en\/wp-json\/wp\/v2\/product"}],"about":[{"href":"https:\/\/perle-in.com\/en\/wp-json\/wp\/v2\/types\/product"}],"version-history":[{"count":0,"href":"https:\/\/perle-in.com\/en\/wp-json\/wp\/v2\/product\/574190\/revisions"}],"wp:featuredmedia":[{"embeddable":true,"href":"https:\/\/perle-in.com\/en\/wp-json\/wp\/v2\/media\/574175"}],"wp:attachment":[{"href":"https:\/\/perle-in.com\/en\/wp-json\/wp\/v2\/media?parent=574190"}],"wp:term":[{"taxonomy":"product_brand","embeddable":true,"href":"https:\/\/perle-in.com\/en\/wp-json\/wp\/v2\/product_brand?post=574190"},{"taxonomy":"product_cat","embeddable":true,"href":"https:\/\/perle-in.com\/en\/wp-json\/wp\/v2\/product_cat?post=574190"},{"taxonomy":"product_tag","embeddable":true,"href":"https:\/\/perle-in.com\/en\/wp-json\/wp\/v2\/product_tag?post=574190"}],"curies":[{"name":"wp","href":"https:\/\/api.w.org\/{rel}","templated":true}]}}