{"id":574143,"date":"2025-10-16T04:32:22","date_gmt":"2025-10-16T02:32:22","guid":{"rendered":"https:\/\/perle-in.com\/produit\/bouteille-deau-oregon-de-750-ml-simple-paroi-en-acier-recycle-certifie-rcs-avec-mousqueton\/"},"modified":"2025-10-16T04:32:32","modified_gmt":"2025-10-16T02:32:32","slug":"bouteille-deau-oregon-de-750-ml-simple-paroi-en-acier-recycle-certifie-rcs-avec-mousqueton","status":"publish","type":"product","link":"https:\/\/perle-in.com\/en\/product\/bouteille-deau-oregon-de-750-ml-simple-paroi-en-acier-recycle-certifie-rcs-avec-mousqueton\/","title":{"rendered":"Bouteille d&#8217;eau Oregon de 750\u00a0ml simple paroi en acier recycl\u00e9 certifi\u00e9 RCS avec mousqueton"},"content":{"rendered":"","protected":false},"excerpt":{"rendered":"<p>Restez toujours hydrat\u00e9 gr\u00e2ce \u00e0 cette bouteille d&#8217;eau de 750\u00a0ml, \u00e0 la fois durable et l\u00e9g\u00e8re, fabriqu\u00e9e \u00e0 partir d&#8217;acier inoxydable recycl\u00e9 certifi\u00e9 RCS. Elle est le compagnon id\u00e9al pour le sport, les excursions d&#8217;une journ\u00e9e ou le bureau. La bouteille Oregon \u00e0 paroi simple, avec finition mate, offre beaucoup d&#8217;espace pour ajouter tout type de logo. Attachez solidement le mousqueton \u00e0 un sac pour \u00e9viter de la perdre (le mousqueton ne convient pas \u00e0 l&#8217;escalade).<\/p>","protected":false},"featured_media":574126,"template":"","meta":{"_eb_attr":""},"product_brand":[],"product_cat":[174,173],"product_tag":[4001,4007,4009,4008,4002,4006,4003,4010,4004,4005,4014,4015,4016,4011,4012,4013,275,175,837,274,836],"class_list":{"0":"post-574143","1":"product","2":"type-product","3":"status-publish","4":"has-post-thumbnail","6":"product_cat-bouteilles-deau","7":"product_cat-drinkware","8":"product_tag-4001","9":"product_tag-4007","10":"product_tag-4009","11":"product_tag-4008","12":"product_tag-4002","13":"product_tag-4006","14":"product_tag-4003","15":"product_tag-4010","16":"product_tag-4004","17":"product_tag-4005","18":"product_tag-4014","19":"product_tag-4015","20":"product_tag-4016","21":"product_tag-4011","22":"product_tag-4012","23":"product_tag-4013","24":"product_tag-boissons","25":"product_tag-bouteille","26":"product_tag-durable","27":"product_tag-eau","28":"product_tag-recycle","29":"pa_couleurs-argent","30":"pa_couleurs-blanc","31":"pa_couleurs-bleu-hale","32":"pa_couleurs-bleu-nuage","33":"pa_couleurs-bleu-royal","34":"pa_couleurs-jaune","35":"pa_couleurs-magenta","36":"pa_couleurs-noir","37":"pa_couleurs-orange","38":"pa_couleurs-rouge","39":"pa_couleurs-vert-pomme","40":"pa_couleurs-violet","41":"pa_green-points-2914","42":"pa_matiere-91-acier-inoxydable-recycle-et-9-plastique-pp","44":"first","45":"instock","46":"shipping-taxable","47":"purchasable","48":"product-type-variable"},"yoast_head":"<!-- This site is optimized with the Yoast SEO plugin v27.4 - https:\/\/yoast.com\/product\/yoast-seo-wordpress\/ -->\n<title>Bouteille d&#039;eau Oregon de 750\u00a0ml simple paroi en acier recycl\u00e9 certifi\u00e9 RCS avec mousqueton - PERLE IN<\/title>\n<meta name=\"robots\" content=\"noindex, follow, max-snippet:-1, max-image-preview:large, max-video-preview:-1\" \/>\n<meta property=\"og:locale\" content=\"en_US\" \/>\n<meta property=\"og:type\" content=\"article\" \/>\n<meta property=\"og:title\" content=\"Bouteille d&#039;eau Oregon de 750\u00a0ml simple paroi en acier recycl\u00e9 certifi\u00e9 RCS avec mousqueton - PERLE IN\" \/>\n<meta property=\"og:description\" content=\"Restez toujours hydrat\u00e9 gr\u00e2ce \u00e0 cette bouteille d&#039;eau de 750\u00a0ml, \u00e0 la fois durable et l\u00e9g\u00e8re, fabriqu\u00e9e \u00e0 partir d&#039;acier inoxydable recycl\u00e9 certifi\u00e9 RCS. Elle est le compagnon id\u00e9al pour le sport, les excursions d&#039;une journ\u00e9e ou le bureau. La bouteille Oregon \u00e0 paroi simple, avec finition mate, offre beaucoup d&#039;espace pour ajouter tout type de logo. Attachez solidement le mousqueton \u00e0 un sac pour \u00e9viter de la perdre (le mousqueton ne convient pas \u00e0 l&#039;escalade).\" \/>\n<meta property=\"og:url\" content=\"https:\/\/perle-in.com\/en\/product\/bouteille-deau-oregon-de-750-ml-simple-paroi-en-acier-recycle-certifie-rcs-avec-mousqueton\/\" \/>\n<meta property=\"og:site_name\" content=\"PERLE IN\" \/>\n<meta property=\"article:modified_time\" content=\"2025-10-16T02:32:32+00:00\" \/>\n<meta property=\"og:image\" content=\"https:\/\/perle-in.com\/wp-content\/uploads\/2025\/10\/10086101-1.jpg\" \/>\n\t<meta property=\"og:image:width\" content=\"1600\" \/>\n\t<meta property=\"og:image:height\" content=\"1600\" \/>\n\t<meta property=\"og:image:type\" content=\"image\/jpeg\" \/>\n<meta name=\"twitter:card\" content=\"summary_large_image\" \/>\n<script type=\"application\/ld+json\" class=\"yoast-schema-graph\">{\"@context\":\"https:\\\/\\\/schema.org\",\"@graph\":[{\"@type\":\"WebPage\",\"@id\":\"https:\\\/\\\/perle-in.com\\\/produit\\\/bouteille-deau-oregon-de-750-ml-simple-paroi-en-acier-recycle-certifie-rcs-avec-mousqueton\\\/\",\"url\":\"https:\\\/\\\/perle-in.com\\\/produit\\\/bouteille-deau-oregon-de-750-ml-simple-paroi-en-acier-recycle-certifie-rcs-avec-mousqueton\\\/\",\"name\":\"Bouteille d'eau Oregon de 750\u00a0ml simple paroi en acier recycl\u00e9 certifi\u00e9 RCS avec mousqueton - PERLE IN\",\"isPartOf\":{\"@id\":\"https:\\\/\\\/perle-in.com\\\/#website\"},\"primaryImageOfPage\":{\"@id\":\"https:\\\/\\\/perle-in.com\\\/produit\\\/bouteille-deau-oregon-de-750-ml-simple-paroi-en-acier-recycle-certifie-rcs-avec-mousqueton\\\/#primaryimage\"},\"image\":{\"@id\":\"https:\\\/\\\/perle-in.com\\\/produit\\\/bouteille-deau-oregon-de-750-ml-simple-paroi-en-acier-recycle-certifie-rcs-avec-mousqueton\\\/#primaryimage\"},\"thumbnailUrl\":\"https:\\\/\\\/perle-in.com\\\/wp-content\\\/uploads\\\/2025\\\/10\\\/10086101-1.jpg\",\"datePublished\":\"2025-10-16T02:32:22+00:00\",\"dateModified\":\"2025-10-16T02:32:32+00:00\",\"breadcrumb\":{\"@id\":\"https:\\\/\\\/perle-in.com\\\/produit\\\/bouteille-deau-oregon-de-750-ml-simple-paroi-en-acier-recycle-certifie-rcs-avec-mousqueton\\\/#breadcrumb\"},\"inLanguage\":\"en-CA\",\"potentialAction\":[{\"@type\":\"ReadAction\",\"target\":[\"https:\\\/\\\/perle-in.com\\\/produit\\\/bouteille-deau-oregon-de-750-ml-simple-paroi-en-acier-recycle-certifie-rcs-avec-mousqueton\\\/\"]}]},{\"@type\":\"ImageObject\",\"inLanguage\":\"en-CA\",\"@id\":\"https:\\\/\\\/perle-in.com\\\/produit\\\/bouteille-deau-oregon-de-750-ml-simple-paroi-en-acier-recycle-certifie-rcs-avec-mousqueton\\\/#primaryimage\",\"url\":\"https:\\\/\\\/perle-in.com\\\/wp-content\\\/uploads\\\/2025\\\/10\\\/10086101-1.jpg\",\"contentUrl\":\"https:\\\/\\\/perle-in.com\\\/wp-content\\\/uploads\\\/2025\\\/10\\\/10086101-1.jpg\",\"width\":1600,\"height\":1600},{\"@type\":\"BreadcrumbList\",\"@id\":\"https:\\\/\\\/perle-in.com\\\/produit\\\/bouteille-deau-oregon-de-750-ml-simple-paroi-en-acier-recycle-certifie-rcs-avec-mousqueton\\\/#breadcrumb\",\"itemListElement\":[{\"@type\":\"ListItem\",\"position\":1,\"name\":\"Accueil\",\"item\":\"https:\\\/\\\/perle-in.com\\\/\"},{\"@type\":\"ListItem\",\"position\":2,\"name\":\"Boutique\",\"item\":\"https:\\\/\\\/perle-in.com\\\/boutique\\\/\"},{\"@type\":\"ListItem\",\"position\":3,\"name\":\"Bouteille d&#8217;eau Oregon de 750\u00a0ml simple paroi en acier recycl\u00e9 certifi\u00e9 RCS avec mousqueton\"}]},{\"@type\":\"WebSite\",\"@id\":\"https:\\\/\\\/perle-in.com\\\/#website\",\"url\":\"https:\\\/\\\/perle-in.com\\\/\",\"name\":\"PERLE IN\",\"description\":\"\",\"publisher\":{\"@id\":\"https:\\\/\\\/perle-in.com\\\/#organization\"},\"potentialAction\":[{\"@type\":\"SearchAction\",\"target\":{\"@type\":\"EntryPoint\",\"urlTemplate\":\"https:\\\/\\\/perle-in.com\\\/?s={search_term_string}\"},\"query-input\":{\"@type\":\"PropertyValueSpecification\",\"valueRequired\":true,\"valueName\":\"search_term_string\"}}],\"inLanguage\":\"en-CA\"},{\"@type\":\"Organization\",\"@id\":\"https:\\\/\\\/perle-in.com\\\/#organization\",\"name\":\"PERLE IN\",\"url\":\"https:\\\/\\\/perle-in.com\\\/\",\"logo\":{\"@type\":\"ImageObject\",\"inLanguage\":\"en-CA\",\"@id\":\"https:\\\/\\\/perle-in.com\\\/#\\\/schema\\\/logo\\\/image\\\/\",\"url\":\"https:\\\/\\\/perle-in.com\\\/wp-content\\\/uploads\\\/2022\\\/12\\\/LOGO-PERLE-IN-COULEUR@3x.webp\",\"contentUrl\":\"https:\\\/\\\/perle-in.com\\\/wp-content\\\/uploads\\\/2022\\\/12\\\/LOGO-PERLE-IN-COULEUR@3x.webp\",\"width\":1600,\"height\":490,\"caption\":\"PERLE IN\"},\"image\":{\"@id\":\"https:\\\/\\\/perle-in.com\\\/#\\\/schema\\\/logo\\\/image\\\/\"}}]}<\/script>\n<!-- \/ Yoast SEO plugin. -->","yoast_head_json":{"title":"Bouteille d'eau Oregon de 750\u00a0ml simple paroi en acier recycl\u00e9 certifi\u00e9 RCS avec mousqueton - PERLE IN","robots":{"index":"noindex","follow":"follow","max-snippet":"max-snippet:-1","max-image-preview":"max-image-preview:large","max-video-preview":"max-video-preview:-1"},"og_locale":"en_US","og_type":"article","og_title":"Bouteille d'eau Oregon de 750\u00a0ml simple paroi en acier recycl\u00e9 certifi\u00e9 RCS avec mousqueton - PERLE IN","og_description":"Restez toujours hydrat\u00e9 gr\u00e2ce \u00e0 cette bouteille d'eau de 750\u00a0ml, \u00e0 la fois durable et l\u00e9g\u00e8re, fabriqu\u00e9e \u00e0 partir d'acier inoxydable recycl\u00e9 certifi\u00e9 RCS. Elle est le compagnon id\u00e9al pour le sport, les excursions d'une journ\u00e9e ou le bureau. La bouteille Oregon \u00e0 paroi simple, avec finition mate, offre beaucoup d'espace pour ajouter tout type de logo. Attachez solidement le mousqueton \u00e0 un sac pour \u00e9viter de la perdre (le mousqueton ne convient pas \u00e0 l'escalade).","og_url":"https:\/\/perle-in.com\/en\/product\/bouteille-deau-oregon-de-750-ml-simple-paroi-en-acier-recycle-certifie-rcs-avec-mousqueton\/","og_site_name":"PERLE IN","article_modified_time":"2025-10-16T02:32:32+00:00","og_image":[{"width":1600,"height":1600,"url":"https:\/\/perle-in.com\/wp-content\/uploads\/2025\/10\/10086101-1.jpg","type":"image\/jpeg"}],"twitter_card":"summary_large_image","schema":{"@context":"https:\/\/schema.org","@graph":[{"@type":"WebPage","@id":"https:\/\/perle-in.com\/produit\/bouteille-deau-oregon-de-750-ml-simple-paroi-en-acier-recycle-certifie-rcs-avec-mousqueton\/","url":"https:\/\/perle-in.com\/produit\/bouteille-deau-oregon-de-750-ml-simple-paroi-en-acier-recycle-certifie-rcs-avec-mousqueton\/","name":"Bouteille d'eau Oregon de 750\u00a0ml simple paroi en acier recycl\u00e9 certifi\u00e9 RCS avec mousqueton - PERLE IN","isPartOf":{"@id":"https:\/\/perle-in.com\/#website"},"primaryImageOfPage":{"@id":"https:\/\/perle-in.com\/produit\/bouteille-deau-oregon-de-750-ml-simple-paroi-en-acier-recycle-certifie-rcs-avec-mousqueton\/#primaryimage"},"image":{"@id":"https:\/\/perle-in.com\/produit\/bouteille-deau-oregon-de-750-ml-simple-paroi-en-acier-recycle-certifie-rcs-avec-mousqueton\/#primaryimage"},"thumbnailUrl":"https:\/\/perle-in.com\/wp-content\/uploads\/2025\/10\/10086101-1.jpg","datePublished":"2025-10-16T02:32:22+00:00","dateModified":"2025-10-16T02:32:32+00:00","breadcrumb":{"@id":"https:\/\/perle-in.com\/produit\/bouteille-deau-oregon-de-750-ml-simple-paroi-en-acier-recycle-certifie-rcs-avec-mousqueton\/#breadcrumb"},"inLanguage":"en-CA","potentialAction":[{"@type":"ReadAction","target":["https:\/\/perle-in.com\/produit\/bouteille-deau-oregon-de-750-ml-simple-paroi-en-acier-recycle-certifie-rcs-avec-mousqueton\/"]}]},{"@type":"ImageObject","inLanguage":"en-CA","@id":"https:\/\/perle-in.com\/produit\/bouteille-deau-oregon-de-750-ml-simple-paroi-en-acier-recycle-certifie-rcs-avec-mousqueton\/#primaryimage","url":"https:\/\/perle-in.com\/wp-content\/uploads\/2025\/10\/10086101-1.jpg","contentUrl":"https:\/\/perle-in.com\/wp-content\/uploads\/2025\/10\/10086101-1.jpg","width":1600,"height":1600},{"@type":"BreadcrumbList","@id":"https:\/\/perle-in.com\/produit\/bouteille-deau-oregon-de-750-ml-simple-paroi-en-acier-recycle-certifie-rcs-avec-mousqueton\/#breadcrumb","itemListElement":[{"@type":"ListItem","position":1,"name":"Accueil","item":"https:\/\/perle-in.com\/"},{"@type":"ListItem","position":2,"name":"Boutique","item":"https:\/\/perle-in.com\/boutique\/"},{"@type":"ListItem","position":3,"name":"Bouteille d&#8217;eau Oregon de 750\u00a0ml simple paroi en acier recycl\u00e9 certifi\u00e9 RCS avec mousqueton"}]},{"@type":"WebSite","@id":"https:\/\/perle-in.com\/#website","url":"https:\/\/perle-in.com\/","name":"PERLE IN","description":"","publisher":{"@id":"https:\/\/perle-in.com\/#organization"},"potentialAction":[{"@type":"SearchAction","target":{"@type":"EntryPoint","urlTemplate":"https:\/\/perle-in.com\/?s={search_term_string}"},"query-input":{"@type":"PropertyValueSpecification","valueRequired":true,"valueName":"search_term_string"}}],"inLanguage":"en-CA"},{"@type":"Organization","@id":"https:\/\/perle-in.com\/#organization","name":"PERLE IN","url":"https:\/\/perle-in.com\/","logo":{"@type":"ImageObject","inLanguage":"en-CA","@id":"https:\/\/perle-in.com\/#\/schema\/logo\/image\/","url":"https:\/\/perle-in.com\/wp-content\/uploads\/2022\/12\/LOGO-PERLE-IN-COULEUR@3x.webp","contentUrl":"https:\/\/perle-in.com\/wp-content\/uploads\/2022\/12\/LOGO-PERLE-IN-COULEUR@3x.webp","width":1600,"height":490,"caption":"PERLE IN"},"image":{"@id":"https:\/\/perle-in.com\/#\/schema\/logo\/image\/"}}]}},"jetpack_sharing_enabled":true,"_links":{"self":[{"href":"https:\/\/perle-in.com\/en\/wp-json\/wp\/v2\/product\/574143","targetHints":{"allow":["GET"]}}],"collection":[{"href":"https:\/\/perle-in.com\/en\/wp-json\/wp\/v2\/product"}],"about":[{"href":"https:\/\/perle-in.com\/en\/wp-json\/wp\/v2\/types\/product"}],"version-history":[{"count":0,"href":"https:\/\/perle-in.com\/en\/wp-json\/wp\/v2\/product\/574143\/revisions"}],"wp:featuredmedia":[{"embeddable":true,"href":"https:\/\/perle-in.com\/en\/wp-json\/wp\/v2\/media\/574126"}],"wp:attachment":[{"href":"https:\/\/perle-in.com\/en\/wp-json\/wp\/v2\/media?parent=574143"}],"wp:term":[{"taxonomy":"product_brand","embeddable":true,"href":"https:\/\/perle-in.com\/en\/wp-json\/wp\/v2\/product_brand?post=574143"},{"taxonomy":"product_cat","embeddable":true,"href":"https:\/\/perle-in.com\/en\/wp-json\/wp\/v2\/product_cat?post=574143"},{"taxonomy":"product_tag","embeddable":true,"href":"https:\/\/perle-in.com\/en\/wp-json\/wp\/v2\/product_tag?post=574143"}],"curies":[{"name":"wp","href":"https:\/\/api.w.org\/{rel}","templated":true}]}}