{"id":574071,"date":"2025-10-16T04:26:25","date_gmt":"2025-10-16T02:26:25","guid":{"rendered":"https:\/\/perle-in.com\/produit\/sac-shopping-pliable-ecofold-de-16-l-en-rpet\/"},"modified":"2025-10-16T04:26:30","modified_gmt":"2025-10-16T02:26:30","slug":"sac-shopping-pliable-ecofold-de-16-l-en-rpet","status":"publish","type":"product","link":"https:\/\/perle-in.com\/en\/product\/sac-shopping-pliable-ecofold-de-16-l-en-rpet\/","title":{"rendered":"Sac shopping pliable EcoFold de 16\u00a0L en RPET"},"content":{"rendered":"","protected":false},"excerpt":{"rendered":"<p>Con\u00e7u pour \u00eatre pratique, ce sac shopping \u00e0 la fois l\u00e9ger et r\u00e9sistant s&#8217;adapte \u00e0 vos besoins en se pliant pour former une pochette compacte dot\u00e9e d&#8217;une boucle en sangle permettant de la suspendre ou de la transporter facilement. Il est donc id\u00e9al pour les journ\u00e9es charg\u00e9es, les vir\u00e9es shopping spontan\u00e9es ou comme sac de secours. Il comprend un compartiment principal spacieux zipp\u00e9, une poche frontale zipp\u00e9e et deux longues poign\u00e9es en sangle lisse de qualit\u00e9. Fabriqu\u00e9 en polyester recycl\u00e9 sans PVC. Capacit\u00e9\u00a0: 16\u00a0litres.<\/p>","protected":false},"featured_media":574061,"template":"","meta":{"_eb_attr":""},"product_brand":[],"product_cat":[159,959],"product_tag":[3974,961,282,1790,904],"class_list":{"0":"post-574071","1":"product","2":"type-product","3":"status-publish","4":"has-post-thumbnail","6":"product_cat-sacs","7":"product_cat-sacs-de-shopping","8":"product_tag-ecofold","9":"product_tag-fourre-tout","10":"product_tag-sac","11":"product_tag-sac-shopping","12":"product_tag-shopping","13":"pa_couleurs-blanc","14":"pa_couleurs-bleu-royal","15":"pa_couleurs-brique","16":"pa_couleurs-gres","17":"pa_couleurs-marine","18":"pa_couleurs-noir","19":"pa_green-points-2830","20":"pa_matiere-polyester-recycle-certifie-grs","22":"first","23":"instock","24":"shipping-taxable","25":"purchasable","26":"product-type-variable"},"yoast_head":"<!-- This site is optimized with the Yoast SEO plugin v27.4 - https:\/\/yoast.com\/product\/yoast-seo-wordpress\/ -->\n<title>Sac shopping pliable EcoFold de 16\u00a0L en RPET - PERLE IN<\/title>\n<meta name=\"robots\" content=\"noindex, follow, max-snippet:-1, max-image-preview:large, max-video-preview:-1\" \/>\n<meta property=\"og:locale\" content=\"en_US\" \/>\n<meta property=\"og:type\" content=\"article\" \/>\n<meta property=\"og:title\" content=\"Sac shopping pliable EcoFold de 16\u00a0L en RPET - PERLE IN\" \/>\n<meta property=\"og:description\" content=\"Con\u00e7u pour \u00eatre pratique, ce sac shopping \u00e0 la fois l\u00e9ger et r\u00e9sistant s&#039;adapte \u00e0 vos besoins en se pliant pour former une pochette compacte dot\u00e9e d&#039;une boucle en sangle permettant de la suspendre ou de la transporter facilement. Il est donc id\u00e9al pour les journ\u00e9es charg\u00e9es, les vir\u00e9es shopping spontan\u00e9es ou comme sac de secours. Il comprend un compartiment principal spacieux zipp\u00e9, une poche frontale zipp\u00e9e et deux longues poign\u00e9es en sangle lisse de qualit\u00e9. Fabriqu\u00e9 en polyester recycl\u00e9 sans PVC. Capacit\u00e9\u00a0: 16\u00a0litres.\" \/>\n<meta property=\"og:url\" content=\"https:\/\/perle-in.com\/en\/product\/sac-shopping-pliable-ecofold-de-16-l-en-rpet\/\" \/>\n<meta property=\"og:site_name\" content=\"PERLE IN\" \/>\n<meta property=\"article:modified_time\" content=\"2025-10-16T02:26:30+00:00\" \/>\n<meta property=\"og:image\" content=\"https:\/\/perle-in.com\/wp-content\/uploads\/2025\/10\/13009101-1.jpg\" \/>\n\t<meta property=\"og:image:width\" content=\"1600\" \/>\n\t<meta property=\"og:image:height\" content=\"1600\" \/>\n\t<meta property=\"og:image:type\" content=\"image\/jpeg\" \/>\n<meta name=\"twitter:card\" content=\"summary_large_image\" \/>\n<script type=\"application\/ld+json\" class=\"yoast-schema-graph\">{\"@context\":\"https:\\\/\\\/schema.org\",\"@graph\":[{\"@type\":\"WebPage\",\"@id\":\"https:\\\/\\\/perle-in.com\\\/produit\\\/sac-shopping-pliable-ecofold-de-16-l-en-rpet\\\/\",\"url\":\"https:\\\/\\\/perle-in.com\\\/produit\\\/sac-shopping-pliable-ecofold-de-16-l-en-rpet\\\/\",\"name\":\"Sac shopping pliable EcoFold de 16\u00a0L en RPET - PERLE IN\",\"isPartOf\":{\"@id\":\"https:\\\/\\\/perle-in.com\\\/#website\"},\"primaryImageOfPage\":{\"@id\":\"https:\\\/\\\/perle-in.com\\\/produit\\\/sac-shopping-pliable-ecofold-de-16-l-en-rpet\\\/#primaryimage\"},\"image\":{\"@id\":\"https:\\\/\\\/perle-in.com\\\/produit\\\/sac-shopping-pliable-ecofold-de-16-l-en-rpet\\\/#primaryimage\"},\"thumbnailUrl\":\"https:\\\/\\\/perle-in.com\\\/wp-content\\\/uploads\\\/2025\\\/10\\\/13009101-1.jpg\",\"datePublished\":\"2025-10-16T02:26:25+00:00\",\"dateModified\":\"2025-10-16T02:26:30+00:00\",\"breadcrumb\":{\"@id\":\"https:\\\/\\\/perle-in.com\\\/produit\\\/sac-shopping-pliable-ecofold-de-16-l-en-rpet\\\/#breadcrumb\"},\"inLanguage\":\"en-CA\",\"potentialAction\":[{\"@type\":\"ReadAction\",\"target\":[\"https:\\\/\\\/perle-in.com\\\/produit\\\/sac-shopping-pliable-ecofold-de-16-l-en-rpet\\\/\"]}]},{\"@type\":\"ImageObject\",\"inLanguage\":\"en-CA\",\"@id\":\"https:\\\/\\\/perle-in.com\\\/produit\\\/sac-shopping-pliable-ecofold-de-16-l-en-rpet\\\/#primaryimage\",\"url\":\"https:\\\/\\\/perle-in.com\\\/wp-content\\\/uploads\\\/2025\\\/10\\\/13009101-1.jpg\",\"contentUrl\":\"https:\\\/\\\/perle-in.com\\\/wp-content\\\/uploads\\\/2025\\\/10\\\/13009101-1.jpg\",\"width\":1600,\"height\":1600},{\"@type\":\"BreadcrumbList\",\"@id\":\"https:\\\/\\\/perle-in.com\\\/produit\\\/sac-shopping-pliable-ecofold-de-16-l-en-rpet\\\/#breadcrumb\",\"itemListElement\":[{\"@type\":\"ListItem\",\"position\":1,\"name\":\"Accueil\",\"item\":\"https:\\\/\\\/perle-in.com\\\/\"},{\"@type\":\"ListItem\",\"position\":2,\"name\":\"Boutique\",\"item\":\"https:\\\/\\\/perle-in.com\\\/boutique\\\/\"},{\"@type\":\"ListItem\",\"position\":3,\"name\":\"Sac shopping pliable EcoFold de 16\u00a0L en RPET\"}]},{\"@type\":\"WebSite\",\"@id\":\"https:\\\/\\\/perle-in.com\\\/#website\",\"url\":\"https:\\\/\\\/perle-in.com\\\/\",\"name\":\"PERLE IN\",\"description\":\"\",\"publisher\":{\"@id\":\"https:\\\/\\\/perle-in.com\\\/#organization\"},\"potentialAction\":[{\"@type\":\"SearchAction\",\"target\":{\"@type\":\"EntryPoint\",\"urlTemplate\":\"https:\\\/\\\/perle-in.com\\\/?s={search_term_string}\"},\"query-input\":{\"@type\":\"PropertyValueSpecification\",\"valueRequired\":true,\"valueName\":\"search_term_string\"}}],\"inLanguage\":\"en-CA\"},{\"@type\":\"Organization\",\"@id\":\"https:\\\/\\\/perle-in.com\\\/#organization\",\"name\":\"PERLE IN\",\"url\":\"https:\\\/\\\/perle-in.com\\\/\",\"logo\":{\"@type\":\"ImageObject\",\"inLanguage\":\"en-CA\",\"@id\":\"https:\\\/\\\/perle-in.com\\\/#\\\/schema\\\/logo\\\/image\\\/\",\"url\":\"https:\\\/\\\/perle-in.com\\\/wp-content\\\/uploads\\\/2022\\\/12\\\/LOGO-PERLE-IN-COULEUR@3x.webp\",\"contentUrl\":\"https:\\\/\\\/perle-in.com\\\/wp-content\\\/uploads\\\/2022\\\/12\\\/LOGO-PERLE-IN-COULEUR@3x.webp\",\"width\":1600,\"height\":490,\"caption\":\"PERLE IN\"},\"image\":{\"@id\":\"https:\\\/\\\/perle-in.com\\\/#\\\/schema\\\/logo\\\/image\\\/\"}}]}<\/script>\n<!-- \/ Yoast SEO plugin. -->","yoast_head_json":{"title":"Sac shopping pliable EcoFold de 16\u00a0L en RPET - PERLE IN","robots":{"index":"noindex","follow":"follow","max-snippet":"max-snippet:-1","max-image-preview":"max-image-preview:large","max-video-preview":"max-video-preview:-1"},"og_locale":"en_US","og_type":"article","og_title":"Sac shopping pliable EcoFold de 16\u00a0L en RPET - PERLE IN","og_description":"Con\u00e7u pour \u00eatre pratique, ce sac shopping \u00e0 la fois l\u00e9ger et r\u00e9sistant s'adapte \u00e0 vos besoins en se pliant pour former une pochette compacte dot\u00e9e d'une boucle en sangle permettant de la suspendre ou de la transporter facilement. Il est donc id\u00e9al pour les journ\u00e9es charg\u00e9es, les vir\u00e9es shopping spontan\u00e9es ou comme sac de secours. Il comprend un compartiment principal spacieux zipp\u00e9, une poche frontale zipp\u00e9e et deux longues poign\u00e9es en sangle lisse de qualit\u00e9. Fabriqu\u00e9 en polyester recycl\u00e9 sans PVC. Capacit\u00e9\u00a0: 16\u00a0litres.","og_url":"https:\/\/perle-in.com\/en\/product\/sac-shopping-pliable-ecofold-de-16-l-en-rpet\/","og_site_name":"PERLE IN","article_modified_time":"2025-10-16T02:26:30+00:00","og_image":[{"width":1600,"height":1600,"url":"https:\/\/perle-in.com\/wp-content\/uploads\/2025\/10\/13009101-1.jpg","type":"image\/jpeg"}],"twitter_card":"summary_large_image","schema":{"@context":"https:\/\/schema.org","@graph":[{"@type":"WebPage","@id":"https:\/\/perle-in.com\/produit\/sac-shopping-pliable-ecofold-de-16-l-en-rpet\/","url":"https:\/\/perle-in.com\/produit\/sac-shopping-pliable-ecofold-de-16-l-en-rpet\/","name":"Sac shopping pliable EcoFold de 16\u00a0L en RPET - PERLE IN","isPartOf":{"@id":"https:\/\/perle-in.com\/#website"},"primaryImageOfPage":{"@id":"https:\/\/perle-in.com\/produit\/sac-shopping-pliable-ecofold-de-16-l-en-rpet\/#primaryimage"},"image":{"@id":"https:\/\/perle-in.com\/produit\/sac-shopping-pliable-ecofold-de-16-l-en-rpet\/#primaryimage"},"thumbnailUrl":"https:\/\/perle-in.com\/wp-content\/uploads\/2025\/10\/13009101-1.jpg","datePublished":"2025-10-16T02:26:25+00:00","dateModified":"2025-10-16T02:26:30+00:00","breadcrumb":{"@id":"https:\/\/perle-in.com\/produit\/sac-shopping-pliable-ecofold-de-16-l-en-rpet\/#breadcrumb"},"inLanguage":"en-CA","potentialAction":[{"@type":"ReadAction","target":["https:\/\/perle-in.com\/produit\/sac-shopping-pliable-ecofold-de-16-l-en-rpet\/"]}]},{"@type":"ImageObject","inLanguage":"en-CA","@id":"https:\/\/perle-in.com\/produit\/sac-shopping-pliable-ecofold-de-16-l-en-rpet\/#primaryimage","url":"https:\/\/perle-in.com\/wp-content\/uploads\/2025\/10\/13009101-1.jpg","contentUrl":"https:\/\/perle-in.com\/wp-content\/uploads\/2025\/10\/13009101-1.jpg","width":1600,"height":1600},{"@type":"BreadcrumbList","@id":"https:\/\/perle-in.com\/produit\/sac-shopping-pliable-ecofold-de-16-l-en-rpet\/#breadcrumb","itemListElement":[{"@type":"ListItem","position":1,"name":"Accueil","item":"https:\/\/perle-in.com\/"},{"@type":"ListItem","position":2,"name":"Boutique","item":"https:\/\/perle-in.com\/boutique\/"},{"@type":"ListItem","position":3,"name":"Sac shopping pliable EcoFold de 16\u00a0L en RPET"}]},{"@type":"WebSite","@id":"https:\/\/perle-in.com\/#website","url":"https:\/\/perle-in.com\/","name":"PERLE IN","description":"","publisher":{"@id":"https:\/\/perle-in.com\/#organization"},"potentialAction":[{"@type":"SearchAction","target":{"@type":"EntryPoint","urlTemplate":"https:\/\/perle-in.com\/?s={search_term_string}"},"query-input":{"@type":"PropertyValueSpecification","valueRequired":true,"valueName":"search_term_string"}}],"inLanguage":"en-CA"},{"@type":"Organization","@id":"https:\/\/perle-in.com\/#organization","name":"PERLE IN","url":"https:\/\/perle-in.com\/","logo":{"@type":"ImageObject","inLanguage":"en-CA","@id":"https:\/\/perle-in.com\/#\/schema\/logo\/image\/","url":"https:\/\/perle-in.com\/wp-content\/uploads\/2022\/12\/LOGO-PERLE-IN-COULEUR@3x.webp","contentUrl":"https:\/\/perle-in.com\/wp-content\/uploads\/2022\/12\/LOGO-PERLE-IN-COULEUR@3x.webp","width":1600,"height":490,"caption":"PERLE IN"},"image":{"@id":"https:\/\/perle-in.com\/#\/schema\/logo\/image\/"}}]}},"jetpack_sharing_enabled":true,"_links":{"self":[{"href":"https:\/\/perle-in.com\/en\/wp-json\/wp\/v2\/product\/574071","targetHints":{"allow":["GET"]}}],"collection":[{"href":"https:\/\/perle-in.com\/en\/wp-json\/wp\/v2\/product"}],"about":[{"href":"https:\/\/perle-in.com\/en\/wp-json\/wp\/v2\/types\/product"}],"version-history":[{"count":0,"href":"https:\/\/perle-in.com\/en\/wp-json\/wp\/v2\/product\/574071\/revisions"}],"wp:featuredmedia":[{"embeddable":true,"href":"https:\/\/perle-in.com\/en\/wp-json\/wp\/v2\/media\/574061"}],"wp:attachment":[{"href":"https:\/\/perle-in.com\/en\/wp-json\/wp\/v2\/media?parent=574071"}],"wp:term":[{"taxonomy":"product_brand","embeddable":true,"href":"https:\/\/perle-in.com\/en\/wp-json\/wp\/v2\/product_brand?post=574071"},{"taxonomy":"product_cat","embeddable":true,"href":"https:\/\/perle-in.com\/en\/wp-json\/wp\/v2\/product_cat?post=574071"},{"taxonomy":"product_tag","embeddable":true,"href":"https:\/\/perle-in.com\/en\/wp-json\/wp\/v2\/product_tag?post=574071"}],"curies":[{"name":"wp","href":"https:\/\/api.w.org\/{rel}","templated":true}]}}