{"id":574018,"date":"2025-10-16T04:21:42","date_gmt":"2025-10-16T02:21:42","guid":{"rendered":"https:\/\/perle-in.com\/produit\/sac-a-dos-pour-ordinateur-portable-16-thule-achiever\/"},"modified":"2025-10-16T04:21:42","modified_gmt":"2025-10-16T02:21:42","slug":"sac-a-dos-pour-ordinateur-portable-16-thule-achiever","status":"publish","type":"product","link":"https:\/\/perle-in.com\/en\/product\/sac-a-dos-pour-ordinateur-portable-16-thule-achiever\/","title":{"rendered":"Sac \u00e0 dos pour ordinateur portable 16&#8221; Thule Achiever"},"content":{"rendered":"","protected":false},"excerpt":{"rendered":"<p>Le sac \u00e0 dos pour ordinateur portable Thule Achieve offre une housse rembourr\u00e9e pour ordinateur portable avec une construction SafeEdge pour prot\u00e9ger un MacBook de 15&#8221; ou un PC de 15,6&#8221;. Il y a \u00e9galement de la place pour une tablette de 10,1&#8221; dans une pochette de protection s\u00e9par\u00e9e. Lunettes de soleil, t\u00e9l\u00e9phone ou autres objets de valeur resteront en s\u00e9curit\u00e9 gr\u00e2ce \u00e0 la poche ext\u00e9rieure matelass\u00e9e \u00e0 doublure souple avec compartiment zipp\u00e9. La poche \u00e0 acc\u00e8s rapide avec compartiment zipp\u00e9, ainsi qu&#8217;une poche en maille filet avec rangement pour stylos et porte-cl\u00e9s, permettent d&#8217;organiser les petits objets. Le sac \u00e0 dos comprend deux poches lat\u00e9rales en maille filet, un panneau dorsal rembourr\u00e9 avec des canaux de circulation d&#8217;air et des poign\u00e9es de transport en sangle pour un transport confortable.<\/p>","protected":false},"featured_media":574010,"template":"","meta":{"_eb_attr":""},"product_brand":[],"product_cat":[1214,159],"product_tag":[1113,786,784,1347,1348,1189,3072],"class_list":{"0":"post-574018","1":"product","2":"type-product","3":"status-publish","4":"has-post-thumbnail","6":"product_cat-sac-a-dos-pour-ordinateur","7":"product_cat-sacs","8":"product_tag-housse","9":"product_tag-ordinateur","10":"product_tag-ordinateur-portable","11":"product_tag-sac-a-dos","12":"product_tag-sacs-a-dos","13":"product_tag-tablette","14":"product_tag-thule","15":"pa_couleurs-noir","16":"pa_marque-thule","17":"pa_matiere-50-nylon-et-50-polyester","18":"pa_pays-d-origine-vietnam","20":"first","21":"instock","22":"shipping-taxable","23":"purchasable","24":"product-type-variable"},"yoast_head":"<!-- This site is optimized with the Yoast SEO plugin v27.4 - https:\/\/yoast.com\/product\/yoast-seo-wordpress\/ -->\n<title>Sac \u00e0 dos pour ordinateur portable 16&#039;&#039; Thule Achiever - PERLE IN<\/title>\n<meta name=\"robots\" content=\"noindex, follow, max-snippet:-1, max-image-preview:large, max-video-preview:-1\" \/>\n<meta property=\"og:locale\" content=\"en_US\" \/>\n<meta property=\"og:type\" content=\"article\" \/>\n<meta property=\"og:title\" content=\"Sac \u00e0 dos pour ordinateur portable 16&#039;&#039; Thule Achiever - PERLE IN\" \/>\n<meta property=\"og:description\" content=\"Le sac \u00e0 dos pour ordinateur portable Thule Achieve offre une housse rembourr\u00e9e pour ordinateur portable avec une construction SafeEdge pour prot\u00e9ger un MacBook de 15&#039;&#039; ou un PC de 15,6&#039;&#039;. Il y a \u00e9galement de la place pour une tablette de 10,1&#039;&#039; dans une pochette de protection s\u00e9par\u00e9e. Lunettes de soleil, t\u00e9l\u00e9phone ou autres objets de valeur resteront en s\u00e9curit\u00e9 gr\u00e2ce \u00e0 la poche ext\u00e9rieure matelass\u00e9e \u00e0 doublure souple avec compartiment zipp\u00e9. La poche \u00e0 acc\u00e8s rapide avec compartiment zipp\u00e9, ainsi qu&#039;une poche en maille filet avec rangement pour stylos et porte-cl\u00e9s, permettent d&#039;organiser les petits objets. Le sac \u00e0 dos comprend deux poches lat\u00e9rales en maille filet, un panneau dorsal rembourr\u00e9 avec des canaux de circulation d&#039;air et des poign\u00e9es de transport en sangle pour un transport confortable.\" \/>\n<meta property=\"og:url\" content=\"https:\/\/perle-in.com\/en\/product\/sac-a-dos-pour-ordinateur-portable-16-thule-achiever\/\" \/>\n<meta property=\"og:site_name\" content=\"PERLE IN\" \/>\n<meta property=\"og:image\" content=\"https:\/\/perle-in.com\/wp-content\/uploads\/2025\/10\/12075890-1.jpg\" \/>\n\t<meta property=\"og:image:width\" content=\"1600\" \/>\n\t<meta property=\"og:image:height\" content=\"1600\" \/>\n\t<meta property=\"og:image:type\" content=\"image\/jpeg\" \/>\n<meta name=\"twitter:card\" content=\"summary_large_image\" \/>\n<script type=\"application\/ld+json\" class=\"yoast-schema-graph\">{\"@context\":\"https:\\\/\\\/schema.org\",\"@graph\":[{\"@type\":\"WebPage\",\"@id\":\"https:\\\/\\\/perle-in.com\\\/produit\\\/sac-a-dos-pour-ordinateur-portable-16-thule-achiever\\\/\",\"url\":\"https:\\\/\\\/perle-in.com\\\/produit\\\/sac-a-dos-pour-ordinateur-portable-16-thule-achiever\\\/\",\"name\":\"Sac \u00e0 dos pour ordinateur portable 16'' Thule Achiever - PERLE IN\",\"isPartOf\":{\"@id\":\"https:\\\/\\\/perle-in.com\\\/#website\"},\"primaryImageOfPage\":{\"@id\":\"https:\\\/\\\/perle-in.com\\\/produit\\\/sac-a-dos-pour-ordinateur-portable-16-thule-achiever\\\/#primaryimage\"},\"image\":{\"@id\":\"https:\\\/\\\/perle-in.com\\\/produit\\\/sac-a-dos-pour-ordinateur-portable-16-thule-achiever\\\/#primaryimage\"},\"thumbnailUrl\":\"https:\\\/\\\/perle-in.com\\\/wp-content\\\/uploads\\\/2025\\\/10\\\/12075890-1.jpg\",\"datePublished\":\"2025-10-16T02:21:42+00:00\",\"breadcrumb\":{\"@id\":\"https:\\\/\\\/perle-in.com\\\/produit\\\/sac-a-dos-pour-ordinateur-portable-16-thule-achiever\\\/#breadcrumb\"},\"inLanguage\":\"en-CA\",\"potentialAction\":[{\"@type\":\"ReadAction\",\"target\":[\"https:\\\/\\\/perle-in.com\\\/produit\\\/sac-a-dos-pour-ordinateur-portable-16-thule-achiever\\\/\"]}]},{\"@type\":\"ImageObject\",\"inLanguage\":\"en-CA\",\"@id\":\"https:\\\/\\\/perle-in.com\\\/produit\\\/sac-a-dos-pour-ordinateur-portable-16-thule-achiever\\\/#primaryimage\",\"url\":\"https:\\\/\\\/perle-in.com\\\/wp-content\\\/uploads\\\/2025\\\/10\\\/12075890-1.jpg\",\"contentUrl\":\"https:\\\/\\\/perle-in.com\\\/wp-content\\\/uploads\\\/2025\\\/10\\\/12075890-1.jpg\",\"width\":1600,\"height\":1600},{\"@type\":\"BreadcrumbList\",\"@id\":\"https:\\\/\\\/perle-in.com\\\/produit\\\/sac-a-dos-pour-ordinateur-portable-16-thule-achiever\\\/#breadcrumb\",\"itemListElement\":[{\"@type\":\"ListItem\",\"position\":1,\"name\":\"Accueil\",\"item\":\"https:\\\/\\\/perle-in.com\\\/\"},{\"@type\":\"ListItem\",\"position\":2,\"name\":\"Boutique\",\"item\":\"https:\\\/\\\/perle-in.com\\\/boutique\\\/\"},{\"@type\":\"ListItem\",\"position\":3,\"name\":\"Sac \u00e0 dos pour ordinateur portable 16&#8221; Thule Achiever\"}]},{\"@type\":\"WebSite\",\"@id\":\"https:\\\/\\\/perle-in.com\\\/#website\",\"url\":\"https:\\\/\\\/perle-in.com\\\/\",\"name\":\"PERLE IN\",\"description\":\"\",\"publisher\":{\"@id\":\"https:\\\/\\\/perle-in.com\\\/#organization\"},\"potentialAction\":[{\"@type\":\"SearchAction\",\"target\":{\"@type\":\"EntryPoint\",\"urlTemplate\":\"https:\\\/\\\/perle-in.com\\\/?s={search_term_string}\"},\"query-input\":{\"@type\":\"PropertyValueSpecification\",\"valueRequired\":true,\"valueName\":\"search_term_string\"}}],\"inLanguage\":\"en-CA\"},{\"@type\":\"Organization\",\"@id\":\"https:\\\/\\\/perle-in.com\\\/#organization\",\"name\":\"PERLE IN\",\"url\":\"https:\\\/\\\/perle-in.com\\\/\",\"logo\":{\"@type\":\"ImageObject\",\"inLanguage\":\"en-CA\",\"@id\":\"https:\\\/\\\/perle-in.com\\\/#\\\/schema\\\/logo\\\/image\\\/\",\"url\":\"https:\\\/\\\/perle-in.com\\\/wp-content\\\/uploads\\\/2022\\\/12\\\/LOGO-PERLE-IN-COULEUR@3x.webp\",\"contentUrl\":\"https:\\\/\\\/perle-in.com\\\/wp-content\\\/uploads\\\/2022\\\/12\\\/LOGO-PERLE-IN-COULEUR@3x.webp\",\"width\":1600,\"height\":490,\"caption\":\"PERLE IN\"},\"image\":{\"@id\":\"https:\\\/\\\/perle-in.com\\\/#\\\/schema\\\/logo\\\/image\\\/\"}}]}<\/script>\n<!-- \/ Yoast SEO plugin. -->","yoast_head_json":{"title":"Sac \u00e0 dos pour ordinateur portable 16'' Thule Achiever - PERLE IN","robots":{"index":"noindex","follow":"follow","max-snippet":"max-snippet:-1","max-image-preview":"max-image-preview:large","max-video-preview":"max-video-preview:-1"},"og_locale":"en_US","og_type":"article","og_title":"Sac \u00e0 dos pour ordinateur portable 16'' Thule Achiever - PERLE IN","og_description":"Le sac \u00e0 dos pour ordinateur portable Thule Achieve offre une housse rembourr\u00e9e pour ordinateur portable avec une construction SafeEdge pour prot\u00e9ger un MacBook de 15'' ou un PC de 15,6''. Il y a \u00e9galement de la place pour une tablette de 10,1'' dans une pochette de protection s\u00e9par\u00e9e. Lunettes de soleil, t\u00e9l\u00e9phone ou autres objets de valeur resteront en s\u00e9curit\u00e9 gr\u00e2ce \u00e0 la poche ext\u00e9rieure matelass\u00e9e \u00e0 doublure souple avec compartiment zipp\u00e9. La poche \u00e0 acc\u00e8s rapide avec compartiment zipp\u00e9, ainsi qu'une poche en maille filet avec rangement pour stylos et porte-cl\u00e9s, permettent d'organiser les petits objets. Le sac \u00e0 dos comprend deux poches lat\u00e9rales en maille filet, un panneau dorsal rembourr\u00e9 avec des canaux de circulation d'air et des poign\u00e9es de transport en sangle pour un transport confortable.","og_url":"https:\/\/perle-in.com\/en\/product\/sac-a-dos-pour-ordinateur-portable-16-thule-achiever\/","og_site_name":"PERLE IN","og_image":[{"width":1600,"height":1600,"url":"https:\/\/perle-in.com\/wp-content\/uploads\/2025\/10\/12075890-1.jpg","type":"image\/jpeg"}],"twitter_card":"summary_large_image","schema":{"@context":"https:\/\/schema.org","@graph":[{"@type":"WebPage","@id":"https:\/\/perle-in.com\/produit\/sac-a-dos-pour-ordinateur-portable-16-thule-achiever\/","url":"https:\/\/perle-in.com\/produit\/sac-a-dos-pour-ordinateur-portable-16-thule-achiever\/","name":"Sac \u00e0 dos pour ordinateur portable 16'' Thule Achiever - PERLE IN","isPartOf":{"@id":"https:\/\/perle-in.com\/#website"},"primaryImageOfPage":{"@id":"https:\/\/perle-in.com\/produit\/sac-a-dos-pour-ordinateur-portable-16-thule-achiever\/#primaryimage"},"image":{"@id":"https:\/\/perle-in.com\/produit\/sac-a-dos-pour-ordinateur-portable-16-thule-achiever\/#primaryimage"},"thumbnailUrl":"https:\/\/perle-in.com\/wp-content\/uploads\/2025\/10\/12075890-1.jpg","datePublished":"2025-10-16T02:21:42+00:00","breadcrumb":{"@id":"https:\/\/perle-in.com\/produit\/sac-a-dos-pour-ordinateur-portable-16-thule-achiever\/#breadcrumb"},"inLanguage":"en-CA","potentialAction":[{"@type":"ReadAction","target":["https:\/\/perle-in.com\/produit\/sac-a-dos-pour-ordinateur-portable-16-thule-achiever\/"]}]},{"@type":"ImageObject","inLanguage":"en-CA","@id":"https:\/\/perle-in.com\/produit\/sac-a-dos-pour-ordinateur-portable-16-thule-achiever\/#primaryimage","url":"https:\/\/perle-in.com\/wp-content\/uploads\/2025\/10\/12075890-1.jpg","contentUrl":"https:\/\/perle-in.com\/wp-content\/uploads\/2025\/10\/12075890-1.jpg","width":1600,"height":1600},{"@type":"BreadcrumbList","@id":"https:\/\/perle-in.com\/produit\/sac-a-dos-pour-ordinateur-portable-16-thule-achiever\/#breadcrumb","itemListElement":[{"@type":"ListItem","position":1,"name":"Accueil","item":"https:\/\/perle-in.com\/"},{"@type":"ListItem","position":2,"name":"Boutique","item":"https:\/\/perle-in.com\/boutique\/"},{"@type":"ListItem","position":3,"name":"Sac \u00e0 dos pour ordinateur portable 16&#8221; Thule Achiever"}]},{"@type":"WebSite","@id":"https:\/\/perle-in.com\/#website","url":"https:\/\/perle-in.com\/","name":"PERLE IN","description":"","publisher":{"@id":"https:\/\/perle-in.com\/#organization"},"potentialAction":[{"@type":"SearchAction","target":{"@type":"EntryPoint","urlTemplate":"https:\/\/perle-in.com\/?s={search_term_string}"},"query-input":{"@type":"PropertyValueSpecification","valueRequired":true,"valueName":"search_term_string"}}],"inLanguage":"en-CA"},{"@type":"Organization","@id":"https:\/\/perle-in.com\/#organization","name":"PERLE IN","url":"https:\/\/perle-in.com\/","logo":{"@type":"ImageObject","inLanguage":"en-CA","@id":"https:\/\/perle-in.com\/#\/schema\/logo\/image\/","url":"https:\/\/perle-in.com\/wp-content\/uploads\/2022\/12\/LOGO-PERLE-IN-COULEUR@3x.webp","contentUrl":"https:\/\/perle-in.com\/wp-content\/uploads\/2022\/12\/LOGO-PERLE-IN-COULEUR@3x.webp","width":1600,"height":490,"caption":"PERLE IN"},"image":{"@id":"https:\/\/perle-in.com\/#\/schema\/logo\/image\/"}}]}},"jetpack_sharing_enabled":true,"_links":{"self":[{"href":"https:\/\/perle-in.com\/en\/wp-json\/wp\/v2\/product\/574018","targetHints":{"allow":["GET"]}}],"collection":[{"href":"https:\/\/perle-in.com\/en\/wp-json\/wp\/v2\/product"}],"about":[{"href":"https:\/\/perle-in.com\/en\/wp-json\/wp\/v2\/types\/product"}],"version-history":[{"count":0,"href":"https:\/\/perle-in.com\/en\/wp-json\/wp\/v2\/product\/574018\/revisions"}],"wp:featuredmedia":[{"embeddable":true,"href":"https:\/\/perle-in.com\/en\/wp-json\/wp\/v2\/media\/574010"}],"wp:attachment":[{"href":"https:\/\/perle-in.com\/en\/wp-json\/wp\/v2\/media?parent=574018"}],"wp:term":[{"taxonomy":"product_brand","embeddable":true,"href":"https:\/\/perle-in.com\/en\/wp-json\/wp\/v2\/product_brand?post=574018"},{"taxonomy":"product_cat","embeddable":true,"href":"https:\/\/perle-in.com\/en\/wp-json\/wp\/v2\/product_cat?post=574018"},{"taxonomy":"product_tag","embeddable":true,"href":"https:\/\/perle-in.com\/en\/wp-json\/wp\/v2\/product_tag?post=574018"}],"curies":[{"name":"wp","href":"https:\/\/api.w.org\/{rel}","templated":true}]}}