{"id":573997,"date":"2025-10-16T04:18:19","date_gmt":"2025-10-16T02:18:19","guid":{"rendered":"https:\/\/perle-in.com\/produit\/porte-cartes-rfid-herschel-charlie-recycle\/"},"modified":"2025-10-16T04:18:21","modified_gmt":"2025-10-16T02:18:21","slug":"porte-cartes-rfid-herschel-charlie-recycle","status":"publish","type":"product","link":"https:\/\/perle-in.com\/en\/product\/porte-cartes-rfid-herschel-charlie-recycle\/","title":{"rendered":"Porte-cartes RFID Herschel Charlie recycl\u00e9"},"content":{"rendered":"","protected":false},"excerpt":{"rendered":"<p>Mince et simple. Cartes de voyage, cartes bancaires, pi\u00e8ces d&#8217;identit\u00e9\u00a0: quand c&#8217;est tout ce dont vous avez besoin, c&#8217;est ici que \u00e7a se passe. Le porte-cartes est fabriqu\u00e9 \u00e0 partir de tissu et de doublure EcoSystem\u2122 600D, tous deux fabriqu\u00e9s \u00e0 partir de bouteilles d&#8217;eau post-consommation 100\u00a0% recycl\u00e9es. Il est dot\u00e9 d&#8217;une couche de blocage RFID pour prot\u00e9ger les donn\u00e9es des cartes, de plusieurs fentes pour cartes et d&#8217;une pochette de rangement. <\/p>","protected":false},"featured_media":573990,"template":"","meta":{"_eb_attr":""},"product_brand":[],"product_cat":[1213,159],"product_tag":[3427,3258,3971,2008,2861],"class_list":{"0":"post-573997","1":"product","2":"type-product","3":"status-publish","4":"has-post-thumbnail","6":"product_cat-porterfeuilles-et-porte-cartes","7":"product_cat-sacs","8":"product_tag-carte","9":"product_tag-herschel","10":"product_tag-porte-cartes","11":"product_tag-portefeuille","12":"product_tag-rfid","13":"pa_couleurs-gris","14":"pa_couleurs-marine","15":"pa_couleurs-noir","16":"pa_marque-herschel","17":"pa_matiere-600d-polyester-recycle","19":"first","20":"instock","21":"shipping-taxable","22":"purchasable","23":"product-type-variable"},"yoast_head":"<!-- This site is optimized with the Yoast SEO plugin v27.4 - https:\/\/yoast.com\/product\/yoast-seo-wordpress\/ -->\n<title>Porte-cartes RFID Herschel Charlie recycl\u00e9 - PERLE IN<\/title>\n<meta name=\"robots\" content=\"noindex, follow, max-snippet:-1, max-image-preview:large, max-video-preview:-1\" \/>\n<meta property=\"og:locale\" content=\"en_US\" \/>\n<meta property=\"og:type\" content=\"article\" \/>\n<meta property=\"og:title\" content=\"Porte-cartes RFID Herschel Charlie recycl\u00e9 - PERLE IN\" \/>\n<meta property=\"og:description\" content=\"Mince et simple. Cartes de voyage, cartes bancaires, pi\u00e8ces d&#039;identit\u00e9\u00a0: quand c&#039;est tout ce dont vous avez besoin, c&#039;est ici que \u00e7a se passe. Le porte-cartes est fabriqu\u00e9 \u00e0 partir de tissu et de doublure EcoSystem\u2122 600D, tous deux fabriqu\u00e9s \u00e0 partir de bouteilles d&#039;eau post-consommation 100\u00a0% recycl\u00e9es. Il est dot\u00e9 d&#039;une couche de blocage RFID pour prot\u00e9ger les donn\u00e9es des cartes, de plusieurs fentes pour cartes et d&#039;une pochette de rangement.\" \/>\n<meta property=\"og:url\" content=\"https:\/\/perle-in.com\/en\/product\/porte-cartes-rfid-herschel-charlie-recycle\/\" \/>\n<meta property=\"og:site_name\" content=\"PERLE IN\" \/>\n<meta property=\"article:modified_time\" content=\"2025-10-16T02:18:21+00:00\" \/>\n<meta property=\"og:image\" content=\"https:\/\/perle-in.com\/wp-content\/uploads\/2025\/10\/12075655-1.jpg\" \/>\n\t<meta property=\"og:image:width\" content=\"1600\" \/>\n\t<meta property=\"og:image:height\" content=\"1600\" \/>\n\t<meta property=\"og:image:type\" content=\"image\/jpeg\" \/>\n<meta name=\"twitter:card\" content=\"summary_large_image\" \/>\n<script type=\"application\/ld+json\" class=\"yoast-schema-graph\">{\"@context\":\"https:\\\/\\\/schema.org\",\"@graph\":[{\"@type\":\"WebPage\",\"@id\":\"https:\\\/\\\/perle-in.com\\\/produit\\\/porte-cartes-rfid-herschel-charlie-recycle\\\/\",\"url\":\"https:\\\/\\\/perle-in.com\\\/produit\\\/porte-cartes-rfid-herschel-charlie-recycle\\\/\",\"name\":\"Porte-cartes RFID Herschel Charlie recycl\u00e9 - PERLE IN\",\"isPartOf\":{\"@id\":\"https:\\\/\\\/perle-in.com\\\/#website\"},\"primaryImageOfPage\":{\"@id\":\"https:\\\/\\\/perle-in.com\\\/produit\\\/porte-cartes-rfid-herschel-charlie-recycle\\\/#primaryimage\"},\"image\":{\"@id\":\"https:\\\/\\\/perle-in.com\\\/produit\\\/porte-cartes-rfid-herschel-charlie-recycle\\\/#primaryimage\"},\"thumbnailUrl\":\"https:\\\/\\\/perle-in.com\\\/wp-content\\\/uploads\\\/2025\\\/10\\\/12075655-1.jpg\",\"datePublished\":\"2025-10-16T02:18:19+00:00\",\"dateModified\":\"2025-10-16T02:18:21+00:00\",\"breadcrumb\":{\"@id\":\"https:\\\/\\\/perle-in.com\\\/produit\\\/porte-cartes-rfid-herschel-charlie-recycle\\\/#breadcrumb\"},\"inLanguage\":\"en-CA\",\"potentialAction\":[{\"@type\":\"ReadAction\",\"target\":[\"https:\\\/\\\/perle-in.com\\\/produit\\\/porte-cartes-rfid-herschel-charlie-recycle\\\/\"]}]},{\"@type\":\"ImageObject\",\"inLanguage\":\"en-CA\",\"@id\":\"https:\\\/\\\/perle-in.com\\\/produit\\\/porte-cartes-rfid-herschel-charlie-recycle\\\/#primaryimage\",\"url\":\"https:\\\/\\\/perle-in.com\\\/wp-content\\\/uploads\\\/2025\\\/10\\\/12075655-1.jpg\",\"contentUrl\":\"https:\\\/\\\/perle-in.com\\\/wp-content\\\/uploads\\\/2025\\\/10\\\/12075655-1.jpg\",\"width\":1600,\"height\":1600},{\"@type\":\"BreadcrumbList\",\"@id\":\"https:\\\/\\\/perle-in.com\\\/produit\\\/porte-cartes-rfid-herschel-charlie-recycle\\\/#breadcrumb\",\"itemListElement\":[{\"@type\":\"ListItem\",\"position\":1,\"name\":\"Accueil\",\"item\":\"https:\\\/\\\/perle-in.com\\\/\"},{\"@type\":\"ListItem\",\"position\":2,\"name\":\"Boutique\",\"item\":\"https:\\\/\\\/perle-in.com\\\/boutique\\\/\"},{\"@type\":\"ListItem\",\"position\":3,\"name\":\"Porte-cartes RFID Herschel Charlie recycl\u00e9\"}]},{\"@type\":\"WebSite\",\"@id\":\"https:\\\/\\\/perle-in.com\\\/#website\",\"url\":\"https:\\\/\\\/perle-in.com\\\/\",\"name\":\"PERLE IN\",\"description\":\"\",\"publisher\":{\"@id\":\"https:\\\/\\\/perle-in.com\\\/#organization\"},\"potentialAction\":[{\"@type\":\"SearchAction\",\"target\":{\"@type\":\"EntryPoint\",\"urlTemplate\":\"https:\\\/\\\/perle-in.com\\\/?s={search_term_string}\"},\"query-input\":{\"@type\":\"PropertyValueSpecification\",\"valueRequired\":true,\"valueName\":\"search_term_string\"}}],\"inLanguage\":\"en-CA\"},{\"@type\":\"Organization\",\"@id\":\"https:\\\/\\\/perle-in.com\\\/#organization\",\"name\":\"PERLE IN\",\"url\":\"https:\\\/\\\/perle-in.com\\\/\",\"logo\":{\"@type\":\"ImageObject\",\"inLanguage\":\"en-CA\",\"@id\":\"https:\\\/\\\/perle-in.com\\\/#\\\/schema\\\/logo\\\/image\\\/\",\"url\":\"https:\\\/\\\/perle-in.com\\\/wp-content\\\/uploads\\\/2022\\\/12\\\/LOGO-PERLE-IN-COULEUR@3x.webp\",\"contentUrl\":\"https:\\\/\\\/perle-in.com\\\/wp-content\\\/uploads\\\/2022\\\/12\\\/LOGO-PERLE-IN-COULEUR@3x.webp\",\"width\":1600,\"height\":490,\"caption\":\"PERLE IN\"},\"image\":{\"@id\":\"https:\\\/\\\/perle-in.com\\\/#\\\/schema\\\/logo\\\/image\\\/\"}}]}<\/script>\n<!-- \/ Yoast SEO plugin. -->","yoast_head_json":{"title":"Porte-cartes RFID Herschel Charlie recycl\u00e9 - PERLE IN","robots":{"index":"noindex","follow":"follow","max-snippet":"max-snippet:-1","max-image-preview":"max-image-preview:large","max-video-preview":"max-video-preview:-1"},"og_locale":"en_US","og_type":"article","og_title":"Porte-cartes RFID Herschel Charlie recycl\u00e9 - PERLE IN","og_description":"Mince et simple. Cartes de voyage, cartes bancaires, pi\u00e8ces d'identit\u00e9\u00a0: quand c'est tout ce dont vous avez besoin, c'est ici que \u00e7a se passe. Le porte-cartes est fabriqu\u00e9 \u00e0 partir de tissu et de doublure EcoSystem\u2122 600D, tous deux fabriqu\u00e9s \u00e0 partir de bouteilles d'eau post-consommation 100\u00a0% recycl\u00e9es. Il est dot\u00e9 d'une couche de blocage RFID pour prot\u00e9ger les donn\u00e9es des cartes, de plusieurs fentes pour cartes et d'une pochette de rangement.","og_url":"https:\/\/perle-in.com\/en\/product\/porte-cartes-rfid-herschel-charlie-recycle\/","og_site_name":"PERLE IN","article_modified_time":"2025-10-16T02:18:21+00:00","og_image":[{"width":1600,"height":1600,"url":"https:\/\/perle-in.com\/wp-content\/uploads\/2025\/10\/12075655-1.jpg","type":"image\/jpeg"}],"twitter_card":"summary_large_image","schema":{"@context":"https:\/\/schema.org","@graph":[{"@type":"WebPage","@id":"https:\/\/perle-in.com\/produit\/porte-cartes-rfid-herschel-charlie-recycle\/","url":"https:\/\/perle-in.com\/produit\/porte-cartes-rfid-herschel-charlie-recycle\/","name":"Porte-cartes RFID Herschel Charlie recycl\u00e9 - PERLE IN","isPartOf":{"@id":"https:\/\/perle-in.com\/#website"},"primaryImageOfPage":{"@id":"https:\/\/perle-in.com\/produit\/porte-cartes-rfid-herschel-charlie-recycle\/#primaryimage"},"image":{"@id":"https:\/\/perle-in.com\/produit\/porte-cartes-rfid-herschel-charlie-recycle\/#primaryimage"},"thumbnailUrl":"https:\/\/perle-in.com\/wp-content\/uploads\/2025\/10\/12075655-1.jpg","datePublished":"2025-10-16T02:18:19+00:00","dateModified":"2025-10-16T02:18:21+00:00","breadcrumb":{"@id":"https:\/\/perle-in.com\/produit\/porte-cartes-rfid-herschel-charlie-recycle\/#breadcrumb"},"inLanguage":"en-CA","potentialAction":[{"@type":"ReadAction","target":["https:\/\/perle-in.com\/produit\/porte-cartes-rfid-herschel-charlie-recycle\/"]}]},{"@type":"ImageObject","inLanguage":"en-CA","@id":"https:\/\/perle-in.com\/produit\/porte-cartes-rfid-herschel-charlie-recycle\/#primaryimage","url":"https:\/\/perle-in.com\/wp-content\/uploads\/2025\/10\/12075655-1.jpg","contentUrl":"https:\/\/perle-in.com\/wp-content\/uploads\/2025\/10\/12075655-1.jpg","width":1600,"height":1600},{"@type":"BreadcrumbList","@id":"https:\/\/perle-in.com\/produit\/porte-cartes-rfid-herschel-charlie-recycle\/#breadcrumb","itemListElement":[{"@type":"ListItem","position":1,"name":"Accueil","item":"https:\/\/perle-in.com\/"},{"@type":"ListItem","position":2,"name":"Boutique","item":"https:\/\/perle-in.com\/boutique\/"},{"@type":"ListItem","position":3,"name":"Porte-cartes RFID Herschel Charlie recycl\u00e9"}]},{"@type":"WebSite","@id":"https:\/\/perle-in.com\/#website","url":"https:\/\/perle-in.com\/","name":"PERLE IN","description":"","publisher":{"@id":"https:\/\/perle-in.com\/#organization"},"potentialAction":[{"@type":"SearchAction","target":{"@type":"EntryPoint","urlTemplate":"https:\/\/perle-in.com\/?s={search_term_string}"},"query-input":{"@type":"PropertyValueSpecification","valueRequired":true,"valueName":"search_term_string"}}],"inLanguage":"en-CA"},{"@type":"Organization","@id":"https:\/\/perle-in.com\/#organization","name":"PERLE IN","url":"https:\/\/perle-in.com\/","logo":{"@type":"ImageObject","inLanguage":"en-CA","@id":"https:\/\/perle-in.com\/#\/schema\/logo\/image\/","url":"https:\/\/perle-in.com\/wp-content\/uploads\/2022\/12\/LOGO-PERLE-IN-COULEUR@3x.webp","contentUrl":"https:\/\/perle-in.com\/wp-content\/uploads\/2022\/12\/LOGO-PERLE-IN-COULEUR@3x.webp","width":1600,"height":490,"caption":"PERLE IN"},"image":{"@id":"https:\/\/perle-in.com\/#\/schema\/logo\/image\/"}}]}},"jetpack_sharing_enabled":true,"_links":{"self":[{"href":"https:\/\/perle-in.com\/en\/wp-json\/wp\/v2\/product\/573997","targetHints":{"allow":["GET"]}}],"collection":[{"href":"https:\/\/perle-in.com\/en\/wp-json\/wp\/v2\/product"}],"about":[{"href":"https:\/\/perle-in.com\/en\/wp-json\/wp\/v2\/types\/product"}],"version-history":[{"count":0,"href":"https:\/\/perle-in.com\/en\/wp-json\/wp\/v2\/product\/573997\/revisions"}],"wp:featuredmedia":[{"embeddable":true,"href":"https:\/\/perle-in.com\/en\/wp-json\/wp\/v2\/media\/573990"}],"wp:attachment":[{"href":"https:\/\/perle-in.com\/en\/wp-json\/wp\/v2\/media?parent=573997"}],"wp:term":[{"taxonomy":"product_brand","embeddable":true,"href":"https:\/\/perle-in.com\/en\/wp-json\/wp\/v2\/product_brand?post=573997"},{"taxonomy":"product_cat","embeddable":true,"href":"https:\/\/perle-in.com\/en\/wp-json\/wp\/v2\/product_cat?post=573997"},{"taxonomy":"product_tag","embeddable":true,"href":"https:\/\/perle-in.com\/en\/wp-json\/wp\/v2\/product_tag?post=573997"}],"curies":[{"name":"wp","href":"https:\/\/api.w.org\/{rel}","templated":true}]}}