{"id":573957,"date":"2025-10-16T04:13:44","date_gmt":"2025-10-16T02:13:44","guid":{"rendered":"https:\/\/perle-in.com\/produit\/parapluie-de-golf-coupe-vent-30-jeff\/"},"modified":"2025-10-16T04:13:49","modified_gmt":"2025-10-16T02:13:49","slug":"parapluie-de-golf-coupe-vent-30-jeff","status":"publish","type":"product","link":"https:\/\/perle-in.com\/en\/product\/parapluie-de-golf-coupe-vent-30-jeff\/","title":{"rendered":"Parapluie de golf coupe-vent 30&#8243; Jeff"},"content":{"rendered":"","protected":false},"excerpt":{"rendered":"<p>Le parapluie de golf coupe-vent Jeff est con\u00e7u avec une toile large en polyester de 140\u00a0cm, prot\u00e9geant confortablement plusieurs personnes des \u00e9l\u00e9ments. Le m\u00e2t et le cadre robustes en fibre de verre offrent une excellente flexibilit\u00e9 et une forte r\u00e9sistance aux vents violents. Une poign\u00e9e pratique en plastique avec un bouton d\u2019ouverture automatique permet une utilisation rapide et facile. Les panneaux contrast\u00e9s de la toile offrent une opportunit\u00e9 parfaite pour une marque audacieuse et accrocheuse, id\u00e9ale pour les \u00e9v\u00e9nements, les promotions ou l\u2019utilisation quotidienne.<\/p>","protected":false},"featured_media":573945,"template":"","meta":{"_eb_attr":""},"product_brand":[],"product_cat":[244,1227],"product_tag":[3970,1679,2791,3969,1661,248,2258],"class_list":{"0":"post-573957","1":"product","2":"type-product","3":"status-publish","4":"has-post-thumbnail","6":"product_cat-parapluies","7":"product_cat-parapluies-de-golf","8":"product_tag-coupe-le-vent","9":"product_tag-coupe-vent","10":"product_tag-golf","11":"product_tag-impermeable-au-vent","12":"product_tag-parapluie","13":"product_tag-pluie","14":"product_tag-toile","15":"pa_couleurs-blanc","16":"pa_couleurs-bleu-royal","17":"pa_couleurs-gris","18":"pa_couleurs-rouge","19":"pa_couleurs-vert","20":"pa_green-points-1692","22":"first","23":"instock","24":"shipping-taxable","25":"purchasable","26":"product-type-variable"},"yoast_head":"<!-- This site is optimized with the Yoast SEO plugin v27.4 - https:\/\/yoast.com\/product\/yoast-seo-wordpress\/ -->\n<title>Parapluie de golf coupe-vent 30&quot; Jeff - PERLE IN<\/title>\n<meta name=\"robots\" content=\"noindex, follow, max-snippet:-1, max-image-preview:large, max-video-preview:-1\" \/>\n<meta property=\"og:locale\" content=\"en_US\" \/>\n<meta property=\"og:type\" content=\"article\" \/>\n<meta property=\"og:title\" content=\"Parapluie de golf coupe-vent 30&quot; Jeff - PERLE IN\" \/>\n<meta property=\"og:description\" content=\"Le parapluie de golf coupe-vent Jeff est con\u00e7u avec une toile large en polyester de 140\u00a0cm, prot\u00e9geant confortablement plusieurs personnes des \u00e9l\u00e9ments. Le m\u00e2t et le cadre robustes en fibre de verre offrent une excellente flexibilit\u00e9 et une forte r\u00e9sistance aux vents violents. Une poign\u00e9e pratique en plastique avec un bouton d\u2019ouverture automatique permet une utilisation rapide et facile. Les panneaux contrast\u00e9s de la toile offrent une opportunit\u00e9 parfaite pour une marque audacieuse et accrocheuse, id\u00e9ale pour les \u00e9v\u00e9nements, les promotions ou l\u2019utilisation quotidienne.\" \/>\n<meta property=\"og:url\" content=\"https:\/\/perle-in.com\/en\/product\/parapluie-de-golf-coupe-vent-30-jeff\/\" \/>\n<meta property=\"og:site_name\" content=\"PERLE IN\" \/>\n<meta property=\"article:modified_time\" content=\"2025-10-16T02:13:49+00:00\" \/>\n<meta property=\"og:image\" content=\"https:\/\/perle-in.com\/wp-content\/uploads\/2025\/10\/10941901-1.jpg\" \/>\n\t<meta property=\"og:image:width\" content=\"1600\" \/>\n\t<meta property=\"og:image:height\" content=\"1600\" \/>\n\t<meta property=\"og:image:type\" content=\"image\/jpeg\" \/>\n<meta name=\"twitter:card\" content=\"summary_large_image\" \/>\n<script type=\"application\/ld+json\" class=\"yoast-schema-graph\">{\"@context\":\"https:\\\/\\\/schema.org\",\"@graph\":[{\"@type\":\"WebPage\",\"@id\":\"https:\\\/\\\/perle-in.com\\\/produit\\\/parapluie-de-golf-coupe-vent-30-jeff\\\/\",\"url\":\"https:\\\/\\\/perle-in.com\\\/produit\\\/parapluie-de-golf-coupe-vent-30-jeff\\\/\",\"name\":\"Parapluie de golf coupe-vent 30\\\" Jeff - PERLE IN\",\"isPartOf\":{\"@id\":\"https:\\\/\\\/perle-in.com\\\/#website\"},\"primaryImageOfPage\":{\"@id\":\"https:\\\/\\\/perle-in.com\\\/produit\\\/parapluie-de-golf-coupe-vent-30-jeff\\\/#primaryimage\"},\"image\":{\"@id\":\"https:\\\/\\\/perle-in.com\\\/produit\\\/parapluie-de-golf-coupe-vent-30-jeff\\\/#primaryimage\"},\"thumbnailUrl\":\"https:\\\/\\\/perle-in.com\\\/wp-content\\\/uploads\\\/2025\\\/10\\\/10941901-1.jpg\",\"datePublished\":\"2025-10-16T02:13:44+00:00\",\"dateModified\":\"2025-10-16T02:13:49+00:00\",\"breadcrumb\":{\"@id\":\"https:\\\/\\\/perle-in.com\\\/produit\\\/parapluie-de-golf-coupe-vent-30-jeff\\\/#breadcrumb\"},\"inLanguage\":\"en-CA\",\"potentialAction\":[{\"@type\":\"ReadAction\",\"target\":[\"https:\\\/\\\/perle-in.com\\\/produit\\\/parapluie-de-golf-coupe-vent-30-jeff\\\/\"]}]},{\"@type\":\"ImageObject\",\"inLanguage\":\"en-CA\",\"@id\":\"https:\\\/\\\/perle-in.com\\\/produit\\\/parapluie-de-golf-coupe-vent-30-jeff\\\/#primaryimage\",\"url\":\"https:\\\/\\\/perle-in.com\\\/wp-content\\\/uploads\\\/2025\\\/10\\\/10941901-1.jpg\",\"contentUrl\":\"https:\\\/\\\/perle-in.com\\\/wp-content\\\/uploads\\\/2025\\\/10\\\/10941901-1.jpg\",\"width\":1600,\"height\":1600},{\"@type\":\"BreadcrumbList\",\"@id\":\"https:\\\/\\\/perle-in.com\\\/produit\\\/parapluie-de-golf-coupe-vent-30-jeff\\\/#breadcrumb\",\"itemListElement\":[{\"@type\":\"ListItem\",\"position\":1,\"name\":\"Accueil\",\"item\":\"https:\\\/\\\/perle-in.com\\\/\"},{\"@type\":\"ListItem\",\"position\":2,\"name\":\"Boutique\",\"item\":\"https:\\\/\\\/perle-in.com\\\/boutique\\\/\"},{\"@type\":\"ListItem\",\"position\":3,\"name\":\"Parapluie de golf coupe-vent 30&#8243; Jeff\"}]},{\"@type\":\"WebSite\",\"@id\":\"https:\\\/\\\/perle-in.com\\\/#website\",\"url\":\"https:\\\/\\\/perle-in.com\\\/\",\"name\":\"PERLE IN\",\"description\":\"\",\"publisher\":{\"@id\":\"https:\\\/\\\/perle-in.com\\\/#organization\"},\"potentialAction\":[{\"@type\":\"SearchAction\",\"target\":{\"@type\":\"EntryPoint\",\"urlTemplate\":\"https:\\\/\\\/perle-in.com\\\/?s={search_term_string}\"},\"query-input\":{\"@type\":\"PropertyValueSpecification\",\"valueRequired\":true,\"valueName\":\"search_term_string\"}}],\"inLanguage\":\"en-CA\"},{\"@type\":\"Organization\",\"@id\":\"https:\\\/\\\/perle-in.com\\\/#organization\",\"name\":\"PERLE IN\",\"url\":\"https:\\\/\\\/perle-in.com\\\/\",\"logo\":{\"@type\":\"ImageObject\",\"inLanguage\":\"en-CA\",\"@id\":\"https:\\\/\\\/perle-in.com\\\/#\\\/schema\\\/logo\\\/image\\\/\",\"url\":\"https:\\\/\\\/perle-in.com\\\/wp-content\\\/uploads\\\/2022\\\/12\\\/LOGO-PERLE-IN-COULEUR@3x.webp\",\"contentUrl\":\"https:\\\/\\\/perle-in.com\\\/wp-content\\\/uploads\\\/2022\\\/12\\\/LOGO-PERLE-IN-COULEUR@3x.webp\",\"width\":1600,\"height\":490,\"caption\":\"PERLE IN\"},\"image\":{\"@id\":\"https:\\\/\\\/perle-in.com\\\/#\\\/schema\\\/logo\\\/image\\\/\"}}]}<\/script>\n<!-- \/ Yoast SEO plugin. -->","yoast_head_json":{"title":"Parapluie de golf coupe-vent 30\" Jeff - PERLE IN","robots":{"index":"noindex","follow":"follow","max-snippet":"max-snippet:-1","max-image-preview":"max-image-preview:large","max-video-preview":"max-video-preview:-1"},"og_locale":"en_US","og_type":"article","og_title":"Parapluie de golf coupe-vent 30\" Jeff - PERLE IN","og_description":"Le parapluie de golf coupe-vent Jeff est con\u00e7u avec une toile large en polyester de 140\u00a0cm, prot\u00e9geant confortablement plusieurs personnes des \u00e9l\u00e9ments. Le m\u00e2t et le cadre robustes en fibre de verre offrent une excellente flexibilit\u00e9 et une forte r\u00e9sistance aux vents violents. Une poign\u00e9e pratique en plastique avec un bouton d\u2019ouverture automatique permet une utilisation rapide et facile. Les panneaux contrast\u00e9s de la toile offrent une opportunit\u00e9 parfaite pour une marque audacieuse et accrocheuse, id\u00e9ale pour les \u00e9v\u00e9nements, les promotions ou l\u2019utilisation quotidienne.","og_url":"https:\/\/perle-in.com\/en\/product\/parapluie-de-golf-coupe-vent-30-jeff\/","og_site_name":"PERLE IN","article_modified_time":"2025-10-16T02:13:49+00:00","og_image":[{"width":1600,"height":1600,"url":"https:\/\/perle-in.com\/wp-content\/uploads\/2025\/10\/10941901-1.jpg","type":"image\/jpeg"}],"twitter_card":"summary_large_image","schema":{"@context":"https:\/\/schema.org","@graph":[{"@type":"WebPage","@id":"https:\/\/perle-in.com\/produit\/parapluie-de-golf-coupe-vent-30-jeff\/","url":"https:\/\/perle-in.com\/produit\/parapluie-de-golf-coupe-vent-30-jeff\/","name":"Parapluie de golf coupe-vent 30\" Jeff - PERLE IN","isPartOf":{"@id":"https:\/\/perle-in.com\/#website"},"primaryImageOfPage":{"@id":"https:\/\/perle-in.com\/produit\/parapluie-de-golf-coupe-vent-30-jeff\/#primaryimage"},"image":{"@id":"https:\/\/perle-in.com\/produit\/parapluie-de-golf-coupe-vent-30-jeff\/#primaryimage"},"thumbnailUrl":"https:\/\/perle-in.com\/wp-content\/uploads\/2025\/10\/10941901-1.jpg","datePublished":"2025-10-16T02:13:44+00:00","dateModified":"2025-10-16T02:13:49+00:00","breadcrumb":{"@id":"https:\/\/perle-in.com\/produit\/parapluie-de-golf-coupe-vent-30-jeff\/#breadcrumb"},"inLanguage":"en-CA","potentialAction":[{"@type":"ReadAction","target":["https:\/\/perle-in.com\/produit\/parapluie-de-golf-coupe-vent-30-jeff\/"]}]},{"@type":"ImageObject","inLanguage":"en-CA","@id":"https:\/\/perle-in.com\/produit\/parapluie-de-golf-coupe-vent-30-jeff\/#primaryimage","url":"https:\/\/perle-in.com\/wp-content\/uploads\/2025\/10\/10941901-1.jpg","contentUrl":"https:\/\/perle-in.com\/wp-content\/uploads\/2025\/10\/10941901-1.jpg","width":1600,"height":1600},{"@type":"BreadcrumbList","@id":"https:\/\/perle-in.com\/produit\/parapluie-de-golf-coupe-vent-30-jeff\/#breadcrumb","itemListElement":[{"@type":"ListItem","position":1,"name":"Accueil","item":"https:\/\/perle-in.com\/"},{"@type":"ListItem","position":2,"name":"Boutique","item":"https:\/\/perle-in.com\/boutique\/"},{"@type":"ListItem","position":3,"name":"Parapluie de golf coupe-vent 30&#8243; Jeff"}]},{"@type":"WebSite","@id":"https:\/\/perle-in.com\/#website","url":"https:\/\/perle-in.com\/","name":"PERLE IN","description":"","publisher":{"@id":"https:\/\/perle-in.com\/#organization"},"potentialAction":[{"@type":"SearchAction","target":{"@type":"EntryPoint","urlTemplate":"https:\/\/perle-in.com\/?s={search_term_string}"},"query-input":{"@type":"PropertyValueSpecification","valueRequired":true,"valueName":"search_term_string"}}],"inLanguage":"en-CA"},{"@type":"Organization","@id":"https:\/\/perle-in.com\/#organization","name":"PERLE IN","url":"https:\/\/perle-in.com\/","logo":{"@type":"ImageObject","inLanguage":"en-CA","@id":"https:\/\/perle-in.com\/#\/schema\/logo\/image\/","url":"https:\/\/perle-in.com\/wp-content\/uploads\/2022\/12\/LOGO-PERLE-IN-COULEUR@3x.webp","contentUrl":"https:\/\/perle-in.com\/wp-content\/uploads\/2022\/12\/LOGO-PERLE-IN-COULEUR@3x.webp","width":1600,"height":490,"caption":"PERLE IN"},"image":{"@id":"https:\/\/perle-in.com\/#\/schema\/logo\/image\/"}}]}},"jetpack_sharing_enabled":true,"_links":{"self":[{"href":"https:\/\/perle-in.com\/en\/wp-json\/wp\/v2\/product\/573957","targetHints":{"allow":["GET"]}}],"collection":[{"href":"https:\/\/perle-in.com\/en\/wp-json\/wp\/v2\/product"}],"about":[{"href":"https:\/\/perle-in.com\/en\/wp-json\/wp\/v2\/types\/product"}],"version-history":[{"count":0,"href":"https:\/\/perle-in.com\/en\/wp-json\/wp\/v2\/product\/573957\/revisions"}],"wp:featuredmedia":[{"embeddable":true,"href":"https:\/\/perle-in.com\/en\/wp-json\/wp\/v2\/media\/573945"}],"wp:attachment":[{"href":"https:\/\/perle-in.com\/en\/wp-json\/wp\/v2\/media?parent=573957"}],"wp:term":[{"taxonomy":"product_brand","embeddable":true,"href":"https:\/\/perle-in.com\/en\/wp-json\/wp\/v2\/product_brand?post=573957"},{"taxonomy":"product_cat","embeddable":true,"href":"https:\/\/perle-in.com\/en\/wp-json\/wp\/v2\/product_cat?post=573957"},{"taxonomy":"product_tag","embeddable":true,"href":"https:\/\/perle-in.com\/en\/wp-json\/wp\/v2\/product_tag?post=573957"}],"curies":[{"name":"wp","href":"https:\/\/api.w.org\/{rel}","templated":true}]}}