{"id":573943,"date":"2025-10-16T04:12:26","date_gmt":"2025-10-16T02:12:26","guid":{"rendered":"https:\/\/perle-in.com\/produit\/tasse-en-verre-lenora-de-250-ml-avec-couvercle-en-bambou\/"},"modified":"2025-10-16T04:12:28","modified_gmt":"2025-10-16T02:12:28","slug":"tasse-en-verre-lenora-de-250-ml-avec-couvercle-en-bambou","status":"publish","type":"product","link":"https:\/\/perle-in.com\/en\/product\/tasse-en-verre-lenora-de-250-ml-avec-couvercle-en-bambou\/","title":{"rendered":"Tasse en verre Lenora de 250\u00a0ml avec couvercle en bambou"},"content":{"rendered":"","protected":false},"excerpt":{"rendered":"<p>Gobelet isotherme en verre \u00e0 double paroi de 250\u00a0ml. Il permet de garder les boissons chaudes plus longtemps. Le couvercle en bambou inclus fournit une isolation suppl\u00e9mentaire, aide \u00e0 pr\u00e9venir les fuites et \u00e0 pr\u00e9server l&#8217;ar\u00f4me de la boisson, ce qui en fait un choix pratique pour un usage quotidien.<\/p>","protected":false},"featured_media":573937,"template":"","meta":{"_eb_attr":""},"product_brand":[],"product_cat":[150,1239],"product_tag":[1128,225,190,230,227,1756],"class_list":{"0":"post-573943","1":"product","2":"type-product","3":"status-publish","4":"has-post-thumbnail","6":"product_cat-maison-et-cuisine","7":"product_cat-verres-et-carafes","8":"product_tag-bambou","9":"product_tag-cafe","10":"product_tag-mug","11":"product_tag-tasse","12":"product_tag-the","13":"product_tag-verre","14":"pa_couleurs-translucide","15":"pa_marque-seasons","16":"pa_matiere-80-verre-et-20-bambou-certifie-fsc","18":"first","19":"instock","20":"shipping-taxable","21":"purchasable","22":"product-type-variable"},"yoast_head":"<!-- This site is optimized with the Yoast SEO plugin v27.4 - https:\/\/yoast.com\/product\/yoast-seo-wordpress\/ -->\n<title>Tasse en verre Lenora de 250\u00a0ml avec couvercle en bambou - PERLE IN<\/title>\n<meta name=\"robots\" content=\"noindex, follow, max-snippet:-1, max-image-preview:large, max-video-preview:-1\" \/>\n<meta property=\"og:locale\" content=\"en_US\" \/>\n<meta property=\"og:type\" content=\"article\" \/>\n<meta property=\"og:title\" content=\"Tasse en verre Lenora de 250\u00a0ml avec couvercle en bambou - PERLE IN\" \/>\n<meta property=\"og:description\" content=\"Gobelet isotherme en verre \u00e0 double paroi de 250\u00a0ml. Il permet de garder les boissons chaudes plus longtemps. Le couvercle en bambou inclus fournit une isolation suppl\u00e9mentaire, aide \u00e0 pr\u00e9venir les fuites et \u00e0 pr\u00e9server l&#039;ar\u00f4me de la boisson, ce qui en fait un choix pratique pour un usage quotidien.\" \/>\n<meta property=\"og:url\" content=\"https:\/\/perle-in.com\/en\/product\/tasse-en-verre-lenora-de-250-ml-avec-couvercle-en-bambou\/\" \/>\n<meta property=\"og:site_name\" content=\"PERLE IN\" \/>\n<meta property=\"article:modified_time\" content=\"2025-10-16T02:12:28+00:00\" \/>\n<meta property=\"og:image\" content=\"https:\/\/perle-in.com\/wp-content\/uploads\/2025\/10\/11341901-1.jpg\" \/>\n\t<meta property=\"og:image:width\" content=\"1600\" \/>\n\t<meta property=\"og:image:height\" content=\"1600\" \/>\n\t<meta property=\"og:image:type\" content=\"image\/jpeg\" \/>\n<meta name=\"twitter:card\" content=\"summary_large_image\" \/>\n<script type=\"application\/ld+json\" class=\"yoast-schema-graph\">{\"@context\":\"https:\\\/\\\/schema.org\",\"@graph\":[{\"@type\":\"WebPage\",\"@id\":\"https:\\\/\\\/perle-in.com\\\/produit\\\/tasse-en-verre-lenora-de-250-ml-avec-couvercle-en-bambou\\\/\",\"url\":\"https:\\\/\\\/perle-in.com\\\/produit\\\/tasse-en-verre-lenora-de-250-ml-avec-couvercle-en-bambou\\\/\",\"name\":\"Tasse en verre Lenora de 250\u00a0ml avec couvercle en bambou - PERLE IN\",\"isPartOf\":{\"@id\":\"https:\\\/\\\/perle-in.com\\\/#website\"},\"primaryImageOfPage\":{\"@id\":\"https:\\\/\\\/perle-in.com\\\/produit\\\/tasse-en-verre-lenora-de-250-ml-avec-couvercle-en-bambou\\\/#primaryimage\"},\"image\":{\"@id\":\"https:\\\/\\\/perle-in.com\\\/produit\\\/tasse-en-verre-lenora-de-250-ml-avec-couvercle-en-bambou\\\/#primaryimage\"},\"thumbnailUrl\":\"https:\\\/\\\/perle-in.com\\\/wp-content\\\/uploads\\\/2025\\\/10\\\/11341901-1.jpg\",\"datePublished\":\"2025-10-16T02:12:26+00:00\",\"dateModified\":\"2025-10-16T02:12:28+00:00\",\"breadcrumb\":{\"@id\":\"https:\\\/\\\/perle-in.com\\\/produit\\\/tasse-en-verre-lenora-de-250-ml-avec-couvercle-en-bambou\\\/#breadcrumb\"},\"inLanguage\":\"en-CA\",\"potentialAction\":[{\"@type\":\"ReadAction\",\"target\":[\"https:\\\/\\\/perle-in.com\\\/produit\\\/tasse-en-verre-lenora-de-250-ml-avec-couvercle-en-bambou\\\/\"]}]},{\"@type\":\"ImageObject\",\"inLanguage\":\"en-CA\",\"@id\":\"https:\\\/\\\/perle-in.com\\\/produit\\\/tasse-en-verre-lenora-de-250-ml-avec-couvercle-en-bambou\\\/#primaryimage\",\"url\":\"https:\\\/\\\/perle-in.com\\\/wp-content\\\/uploads\\\/2025\\\/10\\\/11341901-1.jpg\",\"contentUrl\":\"https:\\\/\\\/perle-in.com\\\/wp-content\\\/uploads\\\/2025\\\/10\\\/11341901-1.jpg\",\"width\":1600,\"height\":1600},{\"@type\":\"BreadcrumbList\",\"@id\":\"https:\\\/\\\/perle-in.com\\\/produit\\\/tasse-en-verre-lenora-de-250-ml-avec-couvercle-en-bambou\\\/#breadcrumb\",\"itemListElement\":[{\"@type\":\"ListItem\",\"position\":1,\"name\":\"Accueil\",\"item\":\"https:\\\/\\\/perle-in.com\\\/\"},{\"@type\":\"ListItem\",\"position\":2,\"name\":\"Boutique\",\"item\":\"https:\\\/\\\/perle-in.com\\\/boutique\\\/\"},{\"@type\":\"ListItem\",\"position\":3,\"name\":\"Tasse en verre Lenora de 250\u00a0ml avec couvercle en bambou\"}]},{\"@type\":\"WebSite\",\"@id\":\"https:\\\/\\\/perle-in.com\\\/#website\",\"url\":\"https:\\\/\\\/perle-in.com\\\/\",\"name\":\"PERLE IN\",\"description\":\"\",\"publisher\":{\"@id\":\"https:\\\/\\\/perle-in.com\\\/#organization\"},\"potentialAction\":[{\"@type\":\"SearchAction\",\"target\":{\"@type\":\"EntryPoint\",\"urlTemplate\":\"https:\\\/\\\/perle-in.com\\\/?s={search_term_string}\"},\"query-input\":{\"@type\":\"PropertyValueSpecification\",\"valueRequired\":true,\"valueName\":\"search_term_string\"}}],\"inLanguage\":\"en-CA\"},{\"@type\":\"Organization\",\"@id\":\"https:\\\/\\\/perle-in.com\\\/#organization\",\"name\":\"PERLE IN\",\"url\":\"https:\\\/\\\/perle-in.com\\\/\",\"logo\":{\"@type\":\"ImageObject\",\"inLanguage\":\"en-CA\",\"@id\":\"https:\\\/\\\/perle-in.com\\\/#\\\/schema\\\/logo\\\/image\\\/\",\"url\":\"https:\\\/\\\/perle-in.com\\\/wp-content\\\/uploads\\\/2022\\\/12\\\/LOGO-PERLE-IN-COULEUR@3x.webp\",\"contentUrl\":\"https:\\\/\\\/perle-in.com\\\/wp-content\\\/uploads\\\/2022\\\/12\\\/LOGO-PERLE-IN-COULEUR@3x.webp\",\"width\":1600,\"height\":490,\"caption\":\"PERLE IN\"},\"image\":{\"@id\":\"https:\\\/\\\/perle-in.com\\\/#\\\/schema\\\/logo\\\/image\\\/\"}}]}<\/script>\n<!-- \/ Yoast SEO plugin. -->","yoast_head_json":{"title":"Tasse en verre Lenora de 250\u00a0ml avec couvercle en bambou - PERLE IN","robots":{"index":"noindex","follow":"follow","max-snippet":"max-snippet:-1","max-image-preview":"max-image-preview:large","max-video-preview":"max-video-preview:-1"},"og_locale":"en_US","og_type":"article","og_title":"Tasse en verre Lenora de 250\u00a0ml avec couvercle en bambou - PERLE IN","og_description":"Gobelet isotherme en verre \u00e0 double paroi de 250\u00a0ml. Il permet de garder les boissons chaudes plus longtemps. Le couvercle en bambou inclus fournit une isolation suppl\u00e9mentaire, aide \u00e0 pr\u00e9venir les fuites et \u00e0 pr\u00e9server l'ar\u00f4me de la boisson, ce qui en fait un choix pratique pour un usage quotidien.","og_url":"https:\/\/perle-in.com\/en\/product\/tasse-en-verre-lenora-de-250-ml-avec-couvercle-en-bambou\/","og_site_name":"PERLE IN","article_modified_time":"2025-10-16T02:12:28+00:00","og_image":[{"width":1600,"height":1600,"url":"https:\/\/perle-in.com\/wp-content\/uploads\/2025\/10\/11341901-1.jpg","type":"image\/jpeg"}],"twitter_card":"summary_large_image","schema":{"@context":"https:\/\/schema.org","@graph":[{"@type":"WebPage","@id":"https:\/\/perle-in.com\/produit\/tasse-en-verre-lenora-de-250-ml-avec-couvercle-en-bambou\/","url":"https:\/\/perle-in.com\/produit\/tasse-en-verre-lenora-de-250-ml-avec-couvercle-en-bambou\/","name":"Tasse en verre Lenora de 250\u00a0ml avec couvercle en bambou - PERLE IN","isPartOf":{"@id":"https:\/\/perle-in.com\/#website"},"primaryImageOfPage":{"@id":"https:\/\/perle-in.com\/produit\/tasse-en-verre-lenora-de-250-ml-avec-couvercle-en-bambou\/#primaryimage"},"image":{"@id":"https:\/\/perle-in.com\/produit\/tasse-en-verre-lenora-de-250-ml-avec-couvercle-en-bambou\/#primaryimage"},"thumbnailUrl":"https:\/\/perle-in.com\/wp-content\/uploads\/2025\/10\/11341901-1.jpg","datePublished":"2025-10-16T02:12:26+00:00","dateModified":"2025-10-16T02:12:28+00:00","breadcrumb":{"@id":"https:\/\/perle-in.com\/produit\/tasse-en-verre-lenora-de-250-ml-avec-couvercle-en-bambou\/#breadcrumb"},"inLanguage":"en-CA","potentialAction":[{"@type":"ReadAction","target":["https:\/\/perle-in.com\/produit\/tasse-en-verre-lenora-de-250-ml-avec-couvercle-en-bambou\/"]}]},{"@type":"ImageObject","inLanguage":"en-CA","@id":"https:\/\/perle-in.com\/produit\/tasse-en-verre-lenora-de-250-ml-avec-couvercle-en-bambou\/#primaryimage","url":"https:\/\/perle-in.com\/wp-content\/uploads\/2025\/10\/11341901-1.jpg","contentUrl":"https:\/\/perle-in.com\/wp-content\/uploads\/2025\/10\/11341901-1.jpg","width":1600,"height":1600},{"@type":"BreadcrumbList","@id":"https:\/\/perle-in.com\/produit\/tasse-en-verre-lenora-de-250-ml-avec-couvercle-en-bambou\/#breadcrumb","itemListElement":[{"@type":"ListItem","position":1,"name":"Accueil","item":"https:\/\/perle-in.com\/"},{"@type":"ListItem","position":2,"name":"Boutique","item":"https:\/\/perle-in.com\/boutique\/"},{"@type":"ListItem","position":3,"name":"Tasse en verre Lenora de 250\u00a0ml avec couvercle en bambou"}]},{"@type":"WebSite","@id":"https:\/\/perle-in.com\/#website","url":"https:\/\/perle-in.com\/","name":"PERLE IN","description":"","publisher":{"@id":"https:\/\/perle-in.com\/#organization"},"potentialAction":[{"@type":"SearchAction","target":{"@type":"EntryPoint","urlTemplate":"https:\/\/perle-in.com\/?s={search_term_string}"},"query-input":{"@type":"PropertyValueSpecification","valueRequired":true,"valueName":"search_term_string"}}],"inLanguage":"en-CA"},{"@type":"Organization","@id":"https:\/\/perle-in.com\/#organization","name":"PERLE IN","url":"https:\/\/perle-in.com\/","logo":{"@type":"ImageObject","inLanguage":"en-CA","@id":"https:\/\/perle-in.com\/#\/schema\/logo\/image\/","url":"https:\/\/perle-in.com\/wp-content\/uploads\/2022\/12\/LOGO-PERLE-IN-COULEUR@3x.webp","contentUrl":"https:\/\/perle-in.com\/wp-content\/uploads\/2022\/12\/LOGO-PERLE-IN-COULEUR@3x.webp","width":1600,"height":490,"caption":"PERLE IN"},"image":{"@id":"https:\/\/perle-in.com\/#\/schema\/logo\/image\/"}}]}},"jetpack_sharing_enabled":true,"_links":{"self":[{"href":"https:\/\/perle-in.com\/en\/wp-json\/wp\/v2\/product\/573943","targetHints":{"allow":["GET"]}}],"collection":[{"href":"https:\/\/perle-in.com\/en\/wp-json\/wp\/v2\/product"}],"about":[{"href":"https:\/\/perle-in.com\/en\/wp-json\/wp\/v2\/types\/product"}],"version-history":[{"count":0,"href":"https:\/\/perle-in.com\/en\/wp-json\/wp\/v2\/product\/573943\/revisions"}],"wp:featuredmedia":[{"embeddable":true,"href":"https:\/\/perle-in.com\/en\/wp-json\/wp\/v2\/media\/573937"}],"wp:attachment":[{"href":"https:\/\/perle-in.com\/en\/wp-json\/wp\/v2\/media?parent=573943"}],"wp:term":[{"taxonomy":"product_brand","embeddable":true,"href":"https:\/\/perle-in.com\/en\/wp-json\/wp\/v2\/product_brand?post=573943"},{"taxonomy":"product_cat","embeddable":true,"href":"https:\/\/perle-in.com\/en\/wp-json\/wp\/v2\/product_cat?post=573943"},{"taxonomy":"product_tag","embeddable":true,"href":"https:\/\/perle-in.com\/en\/wp-json\/wp\/v2\/product_tag?post=573943"}],"curies":[{"name":"wp","href":"https:\/\/api.w.org\/{rel}","templated":true}]}}