{"id":573813,"date":"2025-10-16T04:04:32","date_gmt":"2025-10-16T02:04:32","guid":{"rendered":"https:\/\/perle-in.com\/produit\/polo-akoya-unisexe-en-tissu-eponge-recycle\/"},"modified":"2025-10-16T04:05:07","modified_gmt":"2025-10-16T02:05:07","slug":"polo-akoya-unisexe-en-tissu-eponge-recycle","status":"publish","type":"product","link":"https:\/\/perle-in.com\/en\/product\/polo-akoya-unisexe-en-tissu-eponge-recycle\/","title":{"rendered":"Polo Akoya unisexe en tissu \u00e9ponge recycl\u00e9"},"content":{"rendered":"","protected":false},"excerpt":{"rendered":"<p>Le polo Akoya unisexe en tissu \u00e9ponge recycl\u00e9 est le m\u00e9lange parfait de confort et de design moderne. Fabriqu\u00e9 en tissu \u00e9ponge doux (230\u00a0g\/m\u00b2) avec 80\u00a0% de coton recycl\u00e9 et 20\u00a0% de polyester recycl\u00e9, ce polo offre une sensation de l\u00e9g\u00e8ret\u00e9 et de respirabilit\u00e9, ce qui le rend id\u00e9al par temps chaud. Con\u00e7u pour \u00eatre \u00e0 la fois confortable et fonctionnel, il offre une coupe d\u00e9contract\u00e9e, des poignets en tricot c\u00f4tel\u00e9 pour une touche personnalis\u00e9e et une poche de poitrine pratique.<\/p>","protected":false},"featured_media":573483,"template":"","meta":{"_eb_attr":""},"product_brand":[],"product_cat":[1256,1024],"product_tag":[2380,837,3965,2656,2366,836],"class_list":{"0":"post-573813","1":"product","2":"type-product","3":"status-publish","4":"has-post-thumbnail","6":"product_cat-polos","7":"product_cat-vetements","8":"product_tag-chemise","9":"product_tag-durable","10":"product_tag-eponge","11":"product_tag-polo","12":"product_tag-polos","13":"product_tag-recycle","14":"pa_couleurs-bleu-nuage","15":"pa_couleurs-citron-vert","16":"pa_couleurs-lilas","17":"pa_couleurs-marine","18":"pa_green-points-2652","19":"pa_marque-elevate-nxt","20":"pa_matiere-tricot-french-terry-80-coton-recycle-certifie-grs-et-20-polyester-recycle-certifie-grs","21":"pa_pays-d-origine-bengladesh","22":"pa_taille-2xl","23":"pa_taille-2xs","24":"pa_taille-3xl","25":"pa_taille-l","26":"pa_taille-m","27":"pa_taille-s","28":"pa_taille-xl","29":"pa_taille-xs","31":"first","32":"instock","33":"shipping-taxable","34":"purchasable","35":"product-type-variable"},"yoast_head":"<!-- This site is optimized with the Yoast SEO plugin v27.4 - https:\/\/yoast.com\/product\/yoast-seo-wordpress\/ -->\n<title>Polo Akoya unisexe en tissu \u00e9ponge recycl\u00e9 - PERLE IN<\/title>\n<meta name=\"robots\" content=\"noindex, follow, max-snippet:-1, max-image-preview:large, max-video-preview:-1\" \/>\n<meta property=\"og:locale\" content=\"en_US\" \/>\n<meta property=\"og:type\" content=\"article\" \/>\n<meta property=\"og:title\" content=\"Polo Akoya unisexe en tissu \u00e9ponge recycl\u00e9 - PERLE IN\" \/>\n<meta property=\"og:description\" content=\"Le polo Akoya unisexe en tissu \u00e9ponge recycl\u00e9 est le m\u00e9lange parfait de confort et de design moderne. Fabriqu\u00e9 en tissu \u00e9ponge doux (230\u00a0g\/m\u00b2) avec 80\u00a0% de coton recycl\u00e9 et 20\u00a0% de polyester recycl\u00e9, ce polo offre une sensation de l\u00e9g\u00e8ret\u00e9 et de respirabilit\u00e9, ce qui le rend id\u00e9al par temps chaud. Con\u00e7u pour \u00eatre \u00e0 la fois confortable et fonctionnel, il offre une coupe d\u00e9contract\u00e9e, des poignets en tricot c\u00f4tel\u00e9 pour une touche personnalis\u00e9e et une poche de poitrine pratique.\" \/>\n<meta property=\"og:url\" content=\"https:\/\/perle-in.com\/en\/product\/polo-akoya-unisexe-en-tissu-eponge-recycle\/\" \/>\n<meta property=\"og:site_name\" content=\"PERLE IN\" \/>\n<meta property=\"article:modified_time\" content=\"2025-10-16T02:05:07+00:00\" \/>\n<meta property=\"og:image\" content=\"https:\/\/perle-in.com\/wp-content\/uploads\/2025\/10\/3754435-1.jpg\" \/>\n\t<meta property=\"og:image:width\" content=\"1600\" \/>\n\t<meta property=\"og:image:height\" content=\"1600\" \/>\n\t<meta property=\"og:image:type\" content=\"image\/jpeg\" \/>\n<meta name=\"twitter:card\" content=\"summary_large_image\" \/>\n<script type=\"application\/ld+json\" class=\"yoast-schema-graph\">{\"@context\":\"https:\\\/\\\/schema.org\",\"@graph\":[{\"@type\":\"WebPage\",\"@id\":\"https:\\\/\\\/perle-in.com\\\/produit\\\/polo-akoya-unisexe-en-tissu-eponge-recycle\\\/\",\"url\":\"https:\\\/\\\/perle-in.com\\\/produit\\\/polo-akoya-unisexe-en-tissu-eponge-recycle\\\/\",\"name\":\"Polo Akoya unisexe en tissu \u00e9ponge recycl\u00e9 - PERLE IN\",\"isPartOf\":{\"@id\":\"https:\\\/\\\/perle-in.com\\\/#website\"},\"primaryImageOfPage\":{\"@id\":\"https:\\\/\\\/perle-in.com\\\/produit\\\/polo-akoya-unisexe-en-tissu-eponge-recycle\\\/#primaryimage\"},\"image\":{\"@id\":\"https:\\\/\\\/perle-in.com\\\/produit\\\/polo-akoya-unisexe-en-tissu-eponge-recycle\\\/#primaryimage\"},\"thumbnailUrl\":\"https:\\\/\\\/perle-in.com\\\/wp-content\\\/uploads\\\/2025\\\/10\\\/3754435-1.jpg\",\"datePublished\":\"2025-10-16T02:04:32+00:00\",\"dateModified\":\"2025-10-16T02:05:07+00:00\",\"breadcrumb\":{\"@id\":\"https:\\\/\\\/perle-in.com\\\/produit\\\/polo-akoya-unisexe-en-tissu-eponge-recycle\\\/#breadcrumb\"},\"inLanguage\":\"en-CA\",\"potentialAction\":[{\"@type\":\"ReadAction\",\"target\":[\"https:\\\/\\\/perle-in.com\\\/produit\\\/polo-akoya-unisexe-en-tissu-eponge-recycle\\\/\"]}]},{\"@type\":\"ImageObject\",\"inLanguage\":\"en-CA\",\"@id\":\"https:\\\/\\\/perle-in.com\\\/produit\\\/polo-akoya-unisexe-en-tissu-eponge-recycle\\\/#primaryimage\",\"url\":\"https:\\\/\\\/perle-in.com\\\/wp-content\\\/uploads\\\/2025\\\/10\\\/3754435-1.jpg\",\"contentUrl\":\"https:\\\/\\\/perle-in.com\\\/wp-content\\\/uploads\\\/2025\\\/10\\\/3754435-1.jpg\",\"width\":1600,\"height\":1600},{\"@type\":\"BreadcrumbList\",\"@id\":\"https:\\\/\\\/perle-in.com\\\/produit\\\/polo-akoya-unisexe-en-tissu-eponge-recycle\\\/#breadcrumb\",\"itemListElement\":[{\"@type\":\"ListItem\",\"position\":1,\"name\":\"Accueil\",\"item\":\"https:\\\/\\\/perle-in.com\\\/\"},{\"@type\":\"ListItem\",\"position\":2,\"name\":\"Boutique\",\"item\":\"https:\\\/\\\/perle-in.com\\\/boutique\\\/\"},{\"@type\":\"ListItem\",\"position\":3,\"name\":\"Polo Akoya unisexe en tissu \u00e9ponge recycl\u00e9\"}]},{\"@type\":\"WebSite\",\"@id\":\"https:\\\/\\\/perle-in.com\\\/#website\",\"url\":\"https:\\\/\\\/perle-in.com\\\/\",\"name\":\"PERLE IN\",\"description\":\"\",\"publisher\":{\"@id\":\"https:\\\/\\\/perle-in.com\\\/#organization\"},\"potentialAction\":[{\"@type\":\"SearchAction\",\"target\":{\"@type\":\"EntryPoint\",\"urlTemplate\":\"https:\\\/\\\/perle-in.com\\\/?s={search_term_string}\"},\"query-input\":{\"@type\":\"PropertyValueSpecification\",\"valueRequired\":true,\"valueName\":\"search_term_string\"}}],\"inLanguage\":\"en-CA\"},{\"@type\":\"Organization\",\"@id\":\"https:\\\/\\\/perle-in.com\\\/#organization\",\"name\":\"PERLE IN\",\"url\":\"https:\\\/\\\/perle-in.com\\\/\",\"logo\":{\"@type\":\"ImageObject\",\"inLanguage\":\"en-CA\",\"@id\":\"https:\\\/\\\/perle-in.com\\\/#\\\/schema\\\/logo\\\/image\\\/\",\"url\":\"https:\\\/\\\/perle-in.com\\\/wp-content\\\/uploads\\\/2022\\\/12\\\/LOGO-PERLE-IN-COULEUR@3x.webp\",\"contentUrl\":\"https:\\\/\\\/perle-in.com\\\/wp-content\\\/uploads\\\/2022\\\/12\\\/LOGO-PERLE-IN-COULEUR@3x.webp\",\"width\":1600,\"height\":490,\"caption\":\"PERLE IN\"},\"image\":{\"@id\":\"https:\\\/\\\/perle-in.com\\\/#\\\/schema\\\/logo\\\/image\\\/\"}}]}<\/script>\n<!-- \/ Yoast SEO plugin. -->","yoast_head_json":{"title":"Polo Akoya unisexe en tissu \u00e9ponge recycl\u00e9 - PERLE IN","robots":{"index":"noindex","follow":"follow","max-snippet":"max-snippet:-1","max-image-preview":"max-image-preview:large","max-video-preview":"max-video-preview:-1"},"og_locale":"en_US","og_type":"article","og_title":"Polo Akoya unisexe en tissu \u00e9ponge recycl\u00e9 - PERLE IN","og_description":"Le polo Akoya unisexe en tissu \u00e9ponge recycl\u00e9 est le m\u00e9lange parfait de confort et de design moderne. Fabriqu\u00e9 en tissu \u00e9ponge doux (230\u00a0g\/m\u00b2) avec 80\u00a0% de coton recycl\u00e9 et 20\u00a0% de polyester recycl\u00e9, ce polo offre une sensation de l\u00e9g\u00e8ret\u00e9 et de respirabilit\u00e9, ce qui le rend id\u00e9al par temps chaud. Con\u00e7u pour \u00eatre \u00e0 la fois confortable et fonctionnel, il offre une coupe d\u00e9contract\u00e9e, des poignets en tricot c\u00f4tel\u00e9 pour une touche personnalis\u00e9e et une poche de poitrine pratique.","og_url":"https:\/\/perle-in.com\/en\/product\/polo-akoya-unisexe-en-tissu-eponge-recycle\/","og_site_name":"PERLE IN","article_modified_time":"2025-10-16T02:05:07+00:00","og_image":[{"width":1600,"height":1600,"url":"https:\/\/perle-in.com\/wp-content\/uploads\/2025\/10\/3754435-1.jpg","type":"image\/jpeg"}],"twitter_card":"summary_large_image","schema":{"@context":"https:\/\/schema.org","@graph":[{"@type":"WebPage","@id":"https:\/\/perle-in.com\/produit\/polo-akoya-unisexe-en-tissu-eponge-recycle\/","url":"https:\/\/perle-in.com\/produit\/polo-akoya-unisexe-en-tissu-eponge-recycle\/","name":"Polo Akoya unisexe en tissu \u00e9ponge recycl\u00e9 - PERLE IN","isPartOf":{"@id":"https:\/\/perle-in.com\/#website"},"primaryImageOfPage":{"@id":"https:\/\/perle-in.com\/produit\/polo-akoya-unisexe-en-tissu-eponge-recycle\/#primaryimage"},"image":{"@id":"https:\/\/perle-in.com\/produit\/polo-akoya-unisexe-en-tissu-eponge-recycle\/#primaryimage"},"thumbnailUrl":"https:\/\/perle-in.com\/wp-content\/uploads\/2025\/10\/3754435-1.jpg","datePublished":"2025-10-16T02:04:32+00:00","dateModified":"2025-10-16T02:05:07+00:00","breadcrumb":{"@id":"https:\/\/perle-in.com\/produit\/polo-akoya-unisexe-en-tissu-eponge-recycle\/#breadcrumb"},"inLanguage":"en-CA","potentialAction":[{"@type":"ReadAction","target":["https:\/\/perle-in.com\/produit\/polo-akoya-unisexe-en-tissu-eponge-recycle\/"]}]},{"@type":"ImageObject","inLanguage":"en-CA","@id":"https:\/\/perle-in.com\/produit\/polo-akoya-unisexe-en-tissu-eponge-recycle\/#primaryimage","url":"https:\/\/perle-in.com\/wp-content\/uploads\/2025\/10\/3754435-1.jpg","contentUrl":"https:\/\/perle-in.com\/wp-content\/uploads\/2025\/10\/3754435-1.jpg","width":1600,"height":1600},{"@type":"BreadcrumbList","@id":"https:\/\/perle-in.com\/produit\/polo-akoya-unisexe-en-tissu-eponge-recycle\/#breadcrumb","itemListElement":[{"@type":"ListItem","position":1,"name":"Accueil","item":"https:\/\/perle-in.com\/"},{"@type":"ListItem","position":2,"name":"Boutique","item":"https:\/\/perle-in.com\/boutique\/"},{"@type":"ListItem","position":3,"name":"Polo Akoya unisexe en tissu \u00e9ponge recycl\u00e9"}]},{"@type":"WebSite","@id":"https:\/\/perle-in.com\/#website","url":"https:\/\/perle-in.com\/","name":"PERLE IN","description":"","publisher":{"@id":"https:\/\/perle-in.com\/#organization"},"potentialAction":[{"@type":"SearchAction","target":{"@type":"EntryPoint","urlTemplate":"https:\/\/perle-in.com\/?s={search_term_string}"},"query-input":{"@type":"PropertyValueSpecification","valueRequired":true,"valueName":"search_term_string"}}],"inLanguage":"en-CA"},{"@type":"Organization","@id":"https:\/\/perle-in.com\/#organization","name":"PERLE IN","url":"https:\/\/perle-in.com\/","logo":{"@type":"ImageObject","inLanguage":"en-CA","@id":"https:\/\/perle-in.com\/#\/schema\/logo\/image\/","url":"https:\/\/perle-in.com\/wp-content\/uploads\/2022\/12\/LOGO-PERLE-IN-COULEUR@3x.webp","contentUrl":"https:\/\/perle-in.com\/wp-content\/uploads\/2022\/12\/LOGO-PERLE-IN-COULEUR@3x.webp","width":1600,"height":490,"caption":"PERLE IN"},"image":{"@id":"https:\/\/perle-in.com\/#\/schema\/logo\/image\/"}}]}},"jetpack_sharing_enabled":true,"_links":{"self":[{"href":"https:\/\/perle-in.com\/en\/wp-json\/wp\/v2\/product\/573813","targetHints":{"allow":["GET"]}}],"collection":[{"href":"https:\/\/perle-in.com\/en\/wp-json\/wp\/v2\/product"}],"about":[{"href":"https:\/\/perle-in.com\/en\/wp-json\/wp\/v2\/types\/product"}],"version-history":[{"count":0,"href":"https:\/\/perle-in.com\/en\/wp-json\/wp\/v2\/product\/573813\/revisions"}],"wp:featuredmedia":[{"embeddable":true,"href":"https:\/\/perle-in.com\/en\/wp-json\/wp\/v2\/media\/573483"}],"wp:attachment":[{"href":"https:\/\/perle-in.com\/en\/wp-json\/wp\/v2\/media?parent=573813"}],"wp:term":[{"taxonomy":"product_brand","embeddable":true,"href":"https:\/\/perle-in.com\/en\/wp-json\/wp\/v2\/product_brand?post=573813"},{"taxonomy":"product_cat","embeddable":true,"href":"https:\/\/perle-in.com\/en\/wp-json\/wp\/v2\/product_cat?post=573813"},{"taxonomy":"product_tag","embeddable":true,"href":"https:\/\/perle-in.com\/en\/wp-json\/wp\/v2\/product_tag?post=573813"}],"curies":[{"name":"wp","href":"https:\/\/api.w.org\/{rel}","templated":true}]}}