{"id":573779,"date":"2025-10-16T04:02:57","date_gmt":"2025-10-16T02:02:57","guid":{"rendered":"https:\/\/perle-in.com\/produit\/gilet-matelasse-quartz-unisexe-recycle-certifie-grs\/"},"modified":"2025-10-16T04:03:04","modified_gmt":"2025-10-16T02:03:04","slug":"gilet-matelasse-quartz-unisexe-recycle-certifie-grs","status":"publish","type":"product","link":"https:\/\/perle-in.com\/en\/product\/gilet-matelasse-quartz-unisexe-recycle-certifie-grs\/","title":{"rendered":"Gilet matelass\u00e9 Quartz unisexe recycl\u00e9 certifi\u00e9 GRS"},"content":{"rendered":"","protected":false},"excerpt":{"rendered":"<p>Le bodywarmer matelass\u00e9 Quartz est fabriqu\u00e9 en nylon recycl\u00e9 certifi\u00e9 GRS. Ce tissu \u00e0 effet froiss\u00e9 favorise non seulement une production plus durable, mais pr\u00e9sente \u00e9galement une finition textur\u00e9e distinctive pour l\u2019attrait visuel. Le matelassage l\u00e9ger permet d\u2019offrir de la chaleur avec un minimum d\u2019encombrement, ce qui rend ce v\u00eatement id\u00e9al pour la mi-saison ou pour \u00eatre port\u00e9 sous une veste. Con\u00e7u pour \u00eatre polyvalent, le bodywarmer Quartz allie fonction, style et un choix de mat\u00e9riaux plus responsables.<\/p>","protected":false},"featured_media":573391,"template":"","meta":{"_eb_attr":""},"product_brand":[],"product_cat":[1250,1024],"product_tag":[2573,2546,1960,3962,3963,3964],"class_list":{"0":"post-573779","1":"product","2":"type-product","3":"status-publish","4":"has-post-thumbnail","6":"product_cat-bodywarmers","7":"product_cat-vetements","8":"product_tag-bodywarmer","9":"product_tag-doudoune","10":"product_tag-gilet","11":"product_tag-gilet-matelasse","12":"product_tag-gilet-sans-manches","13":"product_tag-veste-de-travail","14":"pa_couleurs-noir","15":"pa_genre-unisex","16":"pa_green-points-2652","17":"pa_marque-elevate-nxt","18":"pa_matiere-100-nylon-recycle-certifie-grs-110-g-m2-100-polyester","19":"pa_pays-d-origine-bengladesh","20":"pa_taille-2xs","21":"pa_taille-3xl","22":"pa_taille-l","23":"pa_taille-m","24":"pa_taille-s","25":"pa_taille-xl","26":"pa_taille-xs","27":"pa_taille-xxl","29":"first","30":"instock","31":"shipping-taxable","32":"purchasable","33":"product-type-variable"},"yoast_head":"<!-- This site is optimized with the Yoast SEO plugin v27.4 - https:\/\/yoast.com\/product\/yoast-seo-wordpress\/ -->\n<title>Gilet matelass\u00e9 Quartz unisexe recycl\u00e9 certifi\u00e9 GRS - PERLE IN<\/title>\n<meta name=\"robots\" content=\"noindex, follow, max-snippet:-1, max-image-preview:large, max-video-preview:-1\" \/>\n<meta property=\"og:locale\" content=\"en_US\" \/>\n<meta property=\"og:type\" content=\"article\" \/>\n<meta property=\"og:title\" content=\"Gilet matelass\u00e9 Quartz unisexe recycl\u00e9 certifi\u00e9 GRS - PERLE IN\" \/>\n<meta property=\"og:description\" content=\"Le bodywarmer matelass\u00e9 Quartz est fabriqu\u00e9 en nylon recycl\u00e9 certifi\u00e9 GRS. Ce tissu \u00e0 effet froiss\u00e9 favorise non seulement une production plus durable, mais pr\u00e9sente \u00e9galement une finition textur\u00e9e distinctive pour l\u2019attrait visuel. Le matelassage l\u00e9ger permet d\u2019offrir de la chaleur avec un minimum d\u2019encombrement, ce qui rend ce v\u00eatement id\u00e9al pour la mi-saison ou pour \u00eatre port\u00e9 sous une veste. Con\u00e7u pour \u00eatre polyvalent, le bodywarmer Quartz allie fonction, style et un choix de mat\u00e9riaux plus responsables.\" \/>\n<meta property=\"og:url\" content=\"https:\/\/perle-in.com\/en\/product\/gilet-matelasse-quartz-unisexe-recycle-certifie-grs\/\" \/>\n<meta property=\"og:site_name\" content=\"PERLE IN\" \/>\n<meta property=\"article:modified_time\" content=\"2025-10-16T02:03:04+00:00\" \/>\n<meta property=\"og:image\" content=\"https:\/\/perle-in.com\/wp-content\/uploads\/2025\/10\/3947790-1.jpg\" \/>\n\t<meta property=\"og:image:width\" content=\"1600\" \/>\n\t<meta property=\"og:image:height\" content=\"1600\" \/>\n\t<meta property=\"og:image:type\" content=\"image\/jpeg\" \/>\n<meta name=\"twitter:card\" content=\"summary_large_image\" \/>\n<script type=\"application\/ld+json\" class=\"yoast-schema-graph\">{\"@context\":\"https:\\\/\\\/schema.org\",\"@graph\":[{\"@type\":\"WebPage\",\"@id\":\"https:\\\/\\\/perle-in.com\\\/produit\\\/gilet-matelasse-quartz-unisexe-recycle-certifie-grs\\\/\",\"url\":\"https:\\\/\\\/perle-in.com\\\/produit\\\/gilet-matelasse-quartz-unisexe-recycle-certifie-grs\\\/\",\"name\":\"Gilet matelass\u00e9 Quartz unisexe recycl\u00e9 certifi\u00e9 GRS - PERLE IN\",\"isPartOf\":{\"@id\":\"https:\\\/\\\/perle-in.com\\\/#website\"},\"primaryImageOfPage\":{\"@id\":\"https:\\\/\\\/perle-in.com\\\/produit\\\/gilet-matelasse-quartz-unisexe-recycle-certifie-grs\\\/#primaryimage\"},\"image\":{\"@id\":\"https:\\\/\\\/perle-in.com\\\/produit\\\/gilet-matelasse-quartz-unisexe-recycle-certifie-grs\\\/#primaryimage\"},\"thumbnailUrl\":\"https:\\\/\\\/perle-in.com\\\/wp-content\\\/uploads\\\/2025\\\/10\\\/3947790-1.jpg\",\"datePublished\":\"2025-10-16T02:02:57+00:00\",\"dateModified\":\"2025-10-16T02:03:04+00:00\",\"breadcrumb\":{\"@id\":\"https:\\\/\\\/perle-in.com\\\/produit\\\/gilet-matelasse-quartz-unisexe-recycle-certifie-grs\\\/#breadcrumb\"},\"inLanguage\":\"en-CA\",\"potentialAction\":[{\"@type\":\"ReadAction\",\"target\":[\"https:\\\/\\\/perle-in.com\\\/produit\\\/gilet-matelasse-quartz-unisexe-recycle-certifie-grs\\\/\"]}]},{\"@type\":\"ImageObject\",\"inLanguage\":\"en-CA\",\"@id\":\"https:\\\/\\\/perle-in.com\\\/produit\\\/gilet-matelasse-quartz-unisexe-recycle-certifie-grs\\\/#primaryimage\",\"url\":\"https:\\\/\\\/perle-in.com\\\/wp-content\\\/uploads\\\/2025\\\/10\\\/3947790-1.jpg\",\"contentUrl\":\"https:\\\/\\\/perle-in.com\\\/wp-content\\\/uploads\\\/2025\\\/10\\\/3947790-1.jpg\",\"width\":1600,\"height\":1600},{\"@type\":\"BreadcrumbList\",\"@id\":\"https:\\\/\\\/perle-in.com\\\/produit\\\/gilet-matelasse-quartz-unisexe-recycle-certifie-grs\\\/#breadcrumb\",\"itemListElement\":[{\"@type\":\"ListItem\",\"position\":1,\"name\":\"Accueil\",\"item\":\"https:\\\/\\\/perle-in.com\\\/\"},{\"@type\":\"ListItem\",\"position\":2,\"name\":\"Boutique\",\"item\":\"https:\\\/\\\/perle-in.com\\\/boutique\\\/\"},{\"@type\":\"ListItem\",\"position\":3,\"name\":\"Gilet matelass\u00e9 Quartz unisexe recycl\u00e9 certifi\u00e9 GRS\"}]},{\"@type\":\"WebSite\",\"@id\":\"https:\\\/\\\/perle-in.com\\\/#website\",\"url\":\"https:\\\/\\\/perle-in.com\\\/\",\"name\":\"PERLE IN\",\"description\":\"\",\"publisher\":{\"@id\":\"https:\\\/\\\/perle-in.com\\\/#organization\"},\"potentialAction\":[{\"@type\":\"SearchAction\",\"target\":{\"@type\":\"EntryPoint\",\"urlTemplate\":\"https:\\\/\\\/perle-in.com\\\/?s={search_term_string}\"},\"query-input\":{\"@type\":\"PropertyValueSpecification\",\"valueRequired\":true,\"valueName\":\"search_term_string\"}}],\"inLanguage\":\"en-CA\"},{\"@type\":\"Organization\",\"@id\":\"https:\\\/\\\/perle-in.com\\\/#organization\",\"name\":\"PERLE IN\",\"url\":\"https:\\\/\\\/perle-in.com\\\/\",\"logo\":{\"@type\":\"ImageObject\",\"inLanguage\":\"en-CA\",\"@id\":\"https:\\\/\\\/perle-in.com\\\/#\\\/schema\\\/logo\\\/image\\\/\",\"url\":\"https:\\\/\\\/perle-in.com\\\/wp-content\\\/uploads\\\/2022\\\/12\\\/LOGO-PERLE-IN-COULEUR@3x.webp\",\"contentUrl\":\"https:\\\/\\\/perle-in.com\\\/wp-content\\\/uploads\\\/2022\\\/12\\\/LOGO-PERLE-IN-COULEUR@3x.webp\",\"width\":1600,\"height\":490,\"caption\":\"PERLE IN\"},\"image\":{\"@id\":\"https:\\\/\\\/perle-in.com\\\/#\\\/schema\\\/logo\\\/image\\\/\"}}]}<\/script>\n<!-- \/ Yoast SEO plugin. -->","yoast_head_json":{"title":"Gilet matelass\u00e9 Quartz unisexe recycl\u00e9 certifi\u00e9 GRS - PERLE IN","robots":{"index":"noindex","follow":"follow","max-snippet":"max-snippet:-1","max-image-preview":"max-image-preview:large","max-video-preview":"max-video-preview:-1"},"og_locale":"en_US","og_type":"article","og_title":"Gilet matelass\u00e9 Quartz unisexe recycl\u00e9 certifi\u00e9 GRS - PERLE IN","og_description":"Le bodywarmer matelass\u00e9 Quartz est fabriqu\u00e9 en nylon recycl\u00e9 certifi\u00e9 GRS. Ce tissu \u00e0 effet froiss\u00e9 favorise non seulement une production plus durable, mais pr\u00e9sente \u00e9galement une finition textur\u00e9e distinctive pour l\u2019attrait visuel. Le matelassage l\u00e9ger permet d\u2019offrir de la chaleur avec un minimum d\u2019encombrement, ce qui rend ce v\u00eatement id\u00e9al pour la mi-saison ou pour \u00eatre port\u00e9 sous une veste. Con\u00e7u pour \u00eatre polyvalent, le bodywarmer Quartz allie fonction, style et un choix de mat\u00e9riaux plus responsables.","og_url":"https:\/\/perle-in.com\/en\/product\/gilet-matelasse-quartz-unisexe-recycle-certifie-grs\/","og_site_name":"PERLE IN","article_modified_time":"2025-10-16T02:03:04+00:00","og_image":[{"width":1600,"height":1600,"url":"https:\/\/perle-in.com\/wp-content\/uploads\/2025\/10\/3947790-1.jpg","type":"image\/jpeg"}],"twitter_card":"summary_large_image","schema":{"@context":"https:\/\/schema.org","@graph":[{"@type":"WebPage","@id":"https:\/\/perle-in.com\/produit\/gilet-matelasse-quartz-unisexe-recycle-certifie-grs\/","url":"https:\/\/perle-in.com\/produit\/gilet-matelasse-quartz-unisexe-recycle-certifie-grs\/","name":"Gilet matelass\u00e9 Quartz unisexe recycl\u00e9 certifi\u00e9 GRS - PERLE IN","isPartOf":{"@id":"https:\/\/perle-in.com\/#website"},"primaryImageOfPage":{"@id":"https:\/\/perle-in.com\/produit\/gilet-matelasse-quartz-unisexe-recycle-certifie-grs\/#primaryimage"},"image":{"@id":"https:\/\/perle-in.com\/produit\/gilet-matelasse-quartz-unisexe-recycle-certifie-grs\/#primaryimage"},"thumbnailUrl":"https:\/\/perle-in.com\/wp-content\/uploads\/2025\/10\/3947790-1.jpg","datePublished":"2025-10-16T02:02:57+00:00","dateModified":"2025-10-16T02:03:04+00:00","breadcrumb":{"@id":"https:\/\/perle-in.com\/produit\/gilet-matelasse-quartz-unisexe-recycle-certifie-grs\/#breadcrumb"},"inLanguage":"en-CA","potentialAction":[{"@type":"ReadAction","target":["https:\/\/perle-in.com\/produit\/gilet-matelasse-quartz-unisexe-recycle-certifie-grs\/"]}]},{"@type":"ImageObject","inLanguage":"en-CA","@id":"https:\/\/perle-in.com\/produit\/gilet-matelasse-quartz-unisexe-recycle-certifie-grs\/#primaryimage","url":"https:\/\/perle-in.com\/wp-content\/uploads\/2025\/10\/3947790-1.jpg","contentUrl":"https:\/\/perle-in.com\/wp-content\/uploads\/2025\/10\/3947790-1.jpg","width":1600,"height":1600},{"@type":"BreadcrumbList","@id":"https:\/\/perle-in.com\/produit\/gilet-matelasse-quartz-unisexe-recycle-certifie-grs\/#breadcrumb","itemListElement":[{"@type":"ListItem","position":1,"name":"Accueil","item":"https:\/\/perle-in.com\/"},{"@type":"ListItem","position":2,"name":"Boutique","item":"https:\/\/perle-in.com\/boutique\/"},{"@type":"ListItem","position":3,"name":"Gilet matelass\u00e9 Quartz unisexe recycl\u00e9 certifi\u00e9 GRS"}]},{"@type":"WebSite","@id":"https:\/\/perle-in.com\/#website","url":"https:\/\/perle-in.com\/","name":"PERLE IN","description":"","publisher":{"@id":"https:\/\/perle-in.com\/#organization"},"potentialAction":[{"@type":"SearchAction","target":{"@type":"EntryPoint","urlTemplate":"https:\/\/perle-in.com\/?s={search_term_string}"},"query-input":{"@type":"PropertyValueSpecification","valueRequired":true,"valueName":"search_term_string"}}],"inLanguage":"en-CA"},{"@type":"Organization","@id":"https:\/\/perle-in.com\/#organization","name":"PERLE IN","url":"https:\/\/perle-in.com\/","logo":{"@type":"ImageObject","inLanguage":"en-CA","@id":"https:\/\/perle-in.com\/#\/schema\/logo\/image\/","url":"https:\/\/perle-in.com\/wp-content\/uploads\/2022\/12\/LOGO-PERLE-IN-COULEUR@3x.webp","contentUrl":"https:\/\/perle-in.com\/wp-content\/uploads\/2022\/12\/LOGO-PERLE-IN-COULEUR@3x.webp","width":1600,"height":490,"caption":"PERLE IN"},"image":{"@id":"https:\/\/perle-in.com\/#\/schema\/logo\/image\/"}}]}},"jetpack_sharing_enabled":true,"_links":{"self":[{"href":"https:\/\/perle-in.com\/en\/wp-json\/wp\/v2\/product\/573779","targetHints":{"allow":["GET"]}}],"collection":[{"href":"https:\/\/perle-in.com\/en\/wp-json\/wp\/v2\/product"}],"about":[{"href":"https:\/\/perle-in.com\/en\/wp-json\/wp\/v2\/types\/product"}],"version-history":[{"count":0,"href":"https:\/\/perle-in.com\/en\/wp-json\/wp\/v2\/product\/573779\/revisions"}],"wp:featuredmedia":[{"embeddable":true,"href":"https:\/\/perle-in.com\/en\/wp-json\/wp\/v2\/media\/573391"}],"wp:attachment":[{"href":"https:\/\/perle-in.com\/en\/wp-json\/wp\/v2\/media?parent=573779"}],"wp:term":[{"taxonomy":"product_brand","embeddable":true,"href":"https:\/\/perle-in.com\/en\/wp-json\/wp\/v2\/product_brand?post=573779"},{"taxonomy":"product_cat","embeddable":true,"href":"https:\/\/perle-in.com\/en\/wp-json\/wp\/v2\/product_cat?post=573779"},{"taxonomy":"product_tag","embeddable":true,"href":"https:\/\/perle-in.com\/en\/wp-json\/wp\/v2\/product_tag?post=573779"}],"curies":[{"name":"wp","href":"https:\/\/api.w.org\/{rel}","templated":true}]}}