{"id":573770,"date":"2025-10-16T04:02:30","date_gmt":"2025-10-16T02:02:30","guid":{"rendered":"https:\/\/perle-in.com\/produit\/sweat-a-capuche-danali-unisexe-en-tissu-interlock\/"},"modified":"2025-10-16T04:02:41","modified_gmt":"2025-10-16T02:02:41","slug":"sweat-a-capuche-danali-unisexe-en-tissu-interlock","status":"publish","type":"product","link":"https:\/\/perle-in.com\/en\/product\/sweat-a-capuche-danali-unisexe-en-tissu-interlock\/","title":{"rendered":"Sweat \u00e0 capuche Danali unisexe en tissu interlock"},"content":{"rendered":"","protected":false},"excerpt":{"rendered":"<p>Le sweat \u00e0 capuche de sport unisexe \u00e0 manches longues Danali est fabriqu\u00e9 \u00e0 partir d\u2019un m\u00e9lange interlock de qualit\u00e9 sup\u00e9rieure de rayonne, de polyester et d\u2019\u00e9lasthanne. Ce sweat \u00e0 capuche offre une sensation de douceur et de respirabilit\u00e9 avec une extensibilit\u00e9 int\u00e9gr\u00e9e pour des mouvements sans restriction. Ses propri\u00e9t\u00e9s d\u2019\u00e9vacuation de l\u2019humidit\u00e9 et de maintien de la forme en font un v\u00eatement id\u00e9al pour l\u2019entra\u00eenement, les voyages ou la vie de tous les jours. Avec sa coupe nette et moderne et une capuche confortable pour plus de polyvalence, le sweat Danali privil\u00e9gie le c\u00f4t\u00e9 fonctionnel sans n\u00e9gliger le style. Port\u00e9 seul ou assorti \u00e0 d\u2019autres v\u00eatements, il constitue un indispensable pour tous ceux qui recherchent du confort et de la durabilit\u00e9.<\/p>","protected":false},"featured_media":573372,"template":"","meta":{"_eb_attr":""},"product_brand":[],"product_cat":[1254,1024],"product_tag":[3961,2451,3960,3393,2433,2439],"class_list":{"0":"post-573770","1":"product","2":"type-product","3":"status-publish","4":"has-post-thumbnail","6":"product_cat-sweaters-a-capuche","7":"product_cat-vetements","8":"product_tag-haut-a-capuche","9":"product_tag-pull","10":"product_tag-pull-a-capuche","11":"product_tag-pull-over","12":"product_tag-sweat","13":"product_tag-sweat-a-capuche","14":"pa_couleurs-noir","15":"pa_genre-unisex","16":"pa_green-points-2925","17":"pa_marque-elevate-life","18":"pa_matiere-tricot-interlock-27-viscose-et-7-elasthanne-et-66-polyester-recycle-350-g-m2","19":"pa_pays-d-origine-bengladesh","20":"pa_taille-2xs","21":"pa_taille-3xl","22":"pa_taille-l","23":"pa_taille-m","24":"pa_taille-s","25":"pa_taille-xl","26":"pa_taille-xs","27":"pa_taille-xxl","29":"first","30":"instock","31":"shipping-taxable","32":"purchasable","33":"product-type-variable"},"yoast_head":"<!-- This site is optimized with the Yoast SEO plugin v27.4 - https:\/\/yoast.com\/product\/yoast-seo-wordpress\/ -->\n<title>Sweat \u00e0 capuche Danali unisexe en tissu interlock - PERLE IN<\/title>\n<meta name=\"robots\" content=\"noindex, follow, max-snippet:-1, max-image-preview:large, max-video-preview:-1\" \/>\n<meta property=\"og:locale\" content=\"en_US\" \/>\n<meta property=\"og:type\" content=\"article\" \/>\n<meta property=\"og:title\" content=\"Sweat \u00e0 capuche Danali unisexe en tissu interlock - PERLE IN\" \/>\n<meta property=\"og:description\" content=\"Le sweat \u00e0 capuche de sport unisexe \u00e0 manches longues Danali est fabriqu\u00e9 \u00e0 partir d\u2019un m\u00e9lange interlock de qualit\u00e9 sup\u00e9rieure de rayonne, de polyester et d\u2019\u00e9lasthanne. Ce sweat \u00e0 capuche offre une sensation de douceur et de respirabilit\u00e9 avec une extensibilit\u00e9 int\u00e9gr\u00e9e pour des mouvements sans restriction. Ses propri\u00e9t\u00e9s d\u2019\u00e9vacuation de l\u2019humidit\u00e9 et de maintien de la forme en font un v\u00eatement id\u00e9al pour l\u2019entra\u00eenement, les voyages ou la vie de tous les jours. Avec sa coupe nette et moderne et une capuche confortable pour plus de polyvalence, le sweat Danali privil\u00e9gie le c\u00f4t\u00e9 fonctionnel sans n\u00e9gliger le style. Port\u00e9 seul ou assorti \u00e0 d\u2019autres v\u00eatements, il constitue un indispensable pour tous ceux qui recherchent du confort et de la durabilit\u00e9.\" \/>\n<meta property=\"og:url\" content=\"https:\/\/perle-in.com\/en\/product\/sweat-a-capuche-danali-unisexe-en-tissu-interlock\/\" \/>\n<meta property=\"og:site_name\" content=\"PERLE IN\" \/>\n<meta property=\"article:modified_time\" content=\"2025-10-16T02:02:41+00:00\" \/>\n<meta property=\"og:image\" content=\"https:\/\/perle-in.com\/wp-content\/uploads\/2025\/10\/3823990-1.jpg\" \/>\n\t<meta property=\"og:image:width\" content=\"1600\" \/>\n\t<meta property=\"og:image:height\" content=\"1600\" \/>\n\t<meta property=\"og:image:type\" content=\"image\/jpeg\" \/>\n<meta name=\"twitter:card\" content=\"summary_large_image\" \/>\n<script type=\"application\/ld+json\" class=\"yoast-schema-graph\">{\"@context\":\"https:\\\/\\\/schema.org\",\"@graph\":[{\"@type\":\"WebPage\",\"@id\":\"https:\\\/\\\/perle-in.com\\\/produit\\\/sweat-a-capuche-danali-unisexe-en-tissu-interlock\\\/\",\"url\":\"https:\\\/\\\/perle-in.com\\\/produit\\\/sweat-a-capuche-danali-unisexe-en-tissu-interlock\\\/\",\"name\":\"Sweat \u00e0 capuche Danali unisexe en tissu interlock - PERLE IN\",\"isPartOf\":{\"@id\":\"https:\\\/\\\/perle-in.com\\\/#website\"},\"primaryImageOfPage\":{\"@id\":\"https:\\\/\\\/perle-in.com\\\/produit\\\/sweat-a-capuche-danali-unisexe-en-tissu-interlock\\\/#primaryimage\"},\"image\":{\"@id\":\"https:\\\/\\\/perle-in.com\\\/produit\\\/sweat-a-capuche-danali-unisexe-en-tissu-interlock\\\/#primaryimage\"},\"thumbnailUrl\":\"https:\\\/\\\/perle-in.com\\\/wp-content\\\/uploads\\\/2025\\\/10\\\/3823990-1.jpg\",\"datePublished\":\"2025-10-16T02:02:30+00:00\",\"dateModified\":\"2025-10-16T02:02:41+00:00\",\"breadcrumb\":{\"@id\":\"https:\\\/\\\/perle-in.com\\\/produit\\\/sweat-a-capuche-danali-unisexe-en-tissu-interlock\\\/#breadcrumb\"},\"inLanguage\":\"en-CA\",\"potentialAction\":[{\"@type\":\"ReadAction\",\"target\":[\"https:\\\/\\\/perle-in.com\\\/produit\\\/sweat-a-capuche-danali-unisexe-en-tissu-interlock\\\/\"]}]},{\"@type\":\"ImageObject\",\"inLanguage\":\"en-CA\",\"@id\":\"https:\\\/\\\/perle-in.com\\\/produit\\\/sweat-a-capuche-danali-unisexe-en-tissu-interlock\\\/#primaryimage\",\"url\":\"https:\\\/\\\/perle-in.com\\\/wp-content\\\/uploads\\\/2025\\\/10\\\/3823990-1.jpg\",\"contentUrl\":\"https:\\\/\\\/perle-in.com\\\/wp-content\\\/uploads\\\/2025\\\/10\\\/3823990-1.jpg\",\"width\":1600,\"height\":1600},{\"@type\":\"BreadcrumbList\",\"@id\":\"https:\\\/\\\/perle-in.com\\\/produit\\\/sweat-a-capuche-danali-unisexe-en-tissu-interlock\\\/#breadcrumb\",\"itemListElement\":[{\"@type\":\"ListItem\",\"position\":1,\"name\":\"Accueil\",\"item\":\"https:\\\/\\\/perle-in.com\\\/\"},{\"@type\":\"ListItem\",\"position\":2,\"name\":\"Boutique\",\"item\":\"https:\\\/\\\/perle-in.com\\\/boutique\\\/\"},{\"@type\":\"ListItem\",\"position\":3,\"name\":\"Sweat \u00e0 capuche Danali unisexe en tissu interlock\"}]},{\"@type\":\"WebSite\",\"@id\":\"https:\\\/\\\/perle-in.com\\\/#website\",\"url\":\"https:\\\/\\\/perle-in.com\\\/\",\"name\":\"PERLE IN\",\"description\":\"\",\"publisher\":{\"@id\":\"https:\\\/\\\/perle-in.com\\\/#organization\"},\"potentialAction\":[{\"@type\":\"SearchAction\",\"target\":{\"@type\":\"EntryPoint\",\"urlTemplate\":\"https:\\\/\\\/perle-in.com\\\/?s={search_term_string}\"},\"query-input\":{\"@type\":\"PropertyValueSpecification\",\"valueRequired\":true,\"valueName\":\"search_term_string\"}}],\"inLanguage\":\"en-CA\"},{\"@type\":\"Organization\",\"@id\":\"https:\\\/\\\/perle-in.com\\\/#organization\",\"name\":\"PERLE IN\",\"url\":\"https:\\\/\\\/perle-in.com\\\/\",\"logo\":{\"@type\":\"ImageObject\",\"inLanguage\":\"en-CA\",\"@id\":\"https:\\\/\\\/perle-in.com\\\/#\\\/schema\\\/logo\\\/image\\\/\",\"url\":\"https:\\\/\\\/perle-in.com\\\/wp-content\\\/uploads\\\/2022\\\/12\\\/LOGO-PERLE-IN-COULEUR@3x.webp\",\"contentUrl\":\"https:\\\/\\\/perle-in.com\\\/wp-content\\\/uploads\\\/2022\\\/12\\\/LOGO-PERLE-IN-COULEUR@3x.webp\",\"width\":1600,\"height\":490,\"caption\":\"PERLE IN\"},\"image\":{\"@id\":\"https:\\\/\\\/perle-in.com\\\/#\\\/schema\\\/logo\\\/image\\\/\"}}]}<\/script>\n<!-- \/ Yoast SEO plugin. -->","yoast_head_json":{"title":"Sweat \u00e0 capuche Danali unisexe en tissu interlock - PERLE IN","robots":{"index":"noindex","follow":"follow","max-snippet":"max-snippet:-1","max-image-preview":"max-image-preview:large","max-video-preview":"max-video-preview:-1"},"og_locale":"en_US","og_type":"article","og_title":"Sweat \u00e0 capuche Danali unisexe en tissu interlock - PERLE IN","og_description":"Le sweat \u00e0 capuche de sport unisexe \u00e0 manches longues Danali est fabriqu\u00e9 \u00e0 partir d\u2019un m\u00e9lange interlock de qualit\u00e9 sup\u00e9rieure de rayonne, de polyester et d\u2019\u00e9lasthanne. Ce sweat \u00e0 capuche offre une sensation de douceur et de respirabilit\u00e9 avec une extensibilit\u00e9 int\u00e9gr\u00e9e pour des mouvements sans restriction. Ses propri\u00e9t\u00e9s d\u2019\u00e9vacuation de l\u2019humidit\u00e9 et de maintien de la forme en font un v\u00eatement id\u00e9al pour l\u2019entra\u00eenement, les voyages ou la vie de tous les jours. Avec sa coupe nette et moderne et une capuche confortable pour plus de polyvalence, le sweat Danali privil\u00e9gie le c\u00f4t\u00e9 fonctionnel sans n\u00e9gliger le style. Port\u00e9 seul ou assorti \u00e0 d\u2019autres v\u00eatements, il constitue un indispensable pour tous ceux qui recherchent du confort et de la durabilit\u00e9.","og_url":"https:\/\/perle-in.com\/en\/product\/sweat-a-capuche-danali-unisexe-en-tissu-interlock\/","og_site_name":"PERLE IN","article_modified_time":"2025-10-16T02:02:41+00:00","og_image":[{"width":1600,"height":1600,"url":"https:\/\/perle-in.com\/wp-content\/uploads\/2025\/10\/3823990-1.jpg","type":"image\/jpeg"}],"twitter_card":"summary_large_image","schema":{"@context":"https:\/\/schema.org","@graph":[{"@type":"WebPage","@id":"https:\/\/perle-in.com\/produit\/sweat-a-capuche-danali-unisexe-en-tissu-interlock\/","url":"https:\/\/perle-in.com\/produit\/sweat-a-capuche-danali-unisexe-en-tissu-interlock\/","name":"Sweat \u00e0 capuche Danali unisexe en tissu interlock - PERLE IN","isPartOf":{"@id":"https:\/\/perle-in.com\/#website"},"primaryImageOfPage":{"@id":"https:\/\/perle-in.com\/produit\/sweat-a-capuche-danali-unisexe-en-tissu-interlock\/#primaryimage"},"image":{"@id":"https:\/\/perle-in.com\/produit\/sweat-a-capuche-danali-unisexe-en-tissu-interlock\/#primaryimage"},"thumbnailUrl":"https:\/\/perle-in.com\/wp-content\/uploads\/2025\/10\/3823990-1.jpg","datePublished":"2025-10-16T02:02:30+00:00","dateModified":"2025-10-16T02:02:41+00:00","breadcrumb":{"@id":"https:\/\/perle-in.com\/produit\/sweat-a-capuche-danali-unisexe-en-tissu-interlock\/#breadcrumb"},"inLanguage":"en-CA","potentialAction":[{"@type":"ReadAction","target":["https:\/\/perle-in.com\/produit\/sweat-a-capuche-danali-unisexe-en-tissu-interlock\/"]}]},{"@type":"ImageObject","inLanguage":"en-CA","@id":"https:\/\/perle-in.com\/produit\/sweat-a-capuche-danali-unisexe-en-tissu-interlock\/#primaryimage","url":"https:\/\/perle-in.com\/wp-content\/uploads\/2025\/10\/3823990-1.jpg","contentUrl":"https:\/\/perle-in.com\/wp-content\/uploads\/2025\/10\/3823990-1.jpg","width":1600,"height":1600},{"@type":"BreadcrumbList","@id":"https:\/\/perle-in.com\/produit\/sweat-a-capuche-danali-unisexe-en-tissu-interlock\/#breadcrumb","itemListElement":[{"@type":"ListItem","position":1,"name":"Accueil","item":"https:\/\/perle-in.com\/"},{"@type":"ListItem","position":2,"name":"Boutique","item":"https:\/\/perle-in.com\/boutique\/"},{"@type":"ListItem","position":3,"name":"Sweat \u00e0 capuche Danali unisexe en tissu interlock"}]},{"@type":"WebSite","@id":"https:\/\/perle-in.com\/#website","url":"https:\/\/perle-in.com\/","name":"PERLE IN","description":"","publisher":{"@id":"https:\/\/perle-in.com\/#organization"},"potentialAction":[{"@type":"SearchAction","target":{"@type":"EntryPoint","urlTemplate":"https:\/\/perle-in.com\/?s={search_term_string}"},"query-input":{"@type":"PropertyValueSpecification","valueRequired":true,"valueName":"search_term_string"}}],"inLanguage":"en-CA"},{"@type":"Organization","@id":"https:\/\/perle-in.com\/#organization","name":"PERLE IN","url":"https:\/\/perle-in.com\/","logo":{"@type":"ImageObject","inLanguage":"en-CA","@id":"https:\/\/perle-in.com\/#\/schema\/logo\/image\/","url":"https:\/\/perle-in.com\/wp-content\/uploads\/2022\/12\/LOGO-PERLE-IN-COULEUR@3x.webp","contentUrl":"https:\/\/perle-in.com\/wp-content\/uploads\/2022\/12\/LOGO-PERLE-IN-COULEUR@3x.webp","width":1600,"height":490,"caption":"PERLE IN"},"image":{"@id":"https:\/\/perle-in.com\/#\/schema\/logo\/image\/"}}]}},"jetpack_sharing_enabled":true,"_links":{"self":[{"href":"https:\/\/perle-in.com\/en\/wp-json\/wp\/v2\/product\/573770","targetHints":{"allow":["GET"]}}],"collection":[{"href":"https:\/\/perle-in.com\/en\/wp-json\/wp\/v2\/product"}],"about":[{"href":"https:\/\/perle-in.com\/en\/wp-json\/wp\/v2\/types\/product"}],"version-history":[{"count":0,"href":"https:\/\/perle-in.com\/en\/wp-json\/wp\/v2\/product\/573770\/revisions"}],"wp:featuredmedia":[{"embeddable":true,"href":"https:\/\/perle-in.com\/en\/wp-json\/wp\/v2\/media\/573372"}],"wp:attachment":[{"href":"https:\/\/perle-in.com\/en\/wp-json\/wp\/v2\/media?parent=573770"}],"wp:term":[{"taxonomy":"product_brand","embeddable":true,"href":"https:\/\/perle-in.com\/en\/wp-json\/wp\/v2\/product_brand?post=573770"},{"taxonomy":"product_cat","embeddable":true,"href":"https:\/\/perle-in.com\/en\/wp-json\/wp\/v2\/product_cat?post=573770"},{"taxonomy":"product_tag","embeddable":true,"href":"https:\/\/perle-in.com\/en\/wp-json\/wp\/v2\/product_tag?post=573770"}],"curies":[{"name":"wp","href":"https:\/\/api.w.org\/{rel}","templated":true}]}}