{"id":573763,"date":"2025-10-16T04:02:04","date_gmt":"2025-10-16T02:02:04","guid":{"rendered":"https:\/\/perle-in.com\/produit\/jeu-de-bandes-de-resistance-grip-2-pieces\/"},"modified":"2025-10-16T04:02:08","modified_gmt":"2025-10-16T02:02:08","slug":"jeu-de-bandes-de-resistance-grip-2-pieces","status":"publish","type":"product","link":"https:\/\/perle-in.com\/en\/product\/jeu-de-bandes-de-resistance-grip-2-pieces\/","title":{"rendered":"Jeu de bandes de r\u00e9sistance Grip 2\u00a0pi\u00e8ces"},"content":{"rendered":"","protected":false},"excerpt":{"rendered":"<p>Le jeu de bandes de r\u00e9sistance comprenant une bande l\u00e9g\u00e8re et une bande moyenne, offrant ainsi une solution polyvalente et efficace pour le renforcement musculaire, la r\u00e9\u00e9ducation et les exercices de mobilit\u00e9. Fabriqu\u00e9es dans un mat\u00e9riau durable et extensible, ces bandes de r\u00e9sistance sont l\u00e9g\u00e8res et portables pour les entra\u00eenements \u00e0 domicile, les routines en salle de sport ou le fitness en voyage. Livr\u00e9 avec une pochette de rangement.<\/p>","protected":false},"featured_media":573311,"template":"","meta":{"_eb_attr":""},"product_brand":[],"product_cat":[232,129],"product_tag":[1175,952,754,1011,3957,755,3959,1988,3958,3956],"class_list":{"0":"post-573763","1":"product","2":"type-product","3":"status-publish","4":"has-post-thumbnail","6":"product_cat-articles-de-fitness-et-de-sport","7":"product_cat-sport-et-loisirs","8":"product_tag-bandes","9":"product_tag-entrainement","10":"product_tag-exercice","11":"product_tag-fitness","12":"product_tag-force","13":"product_tag-gym","14":"product_tag-mobilite","15":"product_tag-musculation","16":"product_tag-renforcement","17":"product_tag-resistance","18":"pa_couleurs-citron-vert-vert-foret","19":"pa_couleurs-lilas-violet-crepuscule","20":"pa_couleurs-marine-bleu-royal","21":"pa_couleurs-noir-gris","22":"pa_matiere-latex-polyester","24":"first","25":"instock","26":"shipping-taxable","27":"purchasable","28":"product-type-variable"},"yoast_head":"<!-- This site is optimized with the Yoast SEO plugin v27.4 - https:\/\/yoast.com\/product\/yoast-seo-wordpress\/ -->\n<title>Jeu de bandes de r\u00e9sistance Grip 2\u00a0pi\u00e8ces - PERLE IN<\/title>\n<meta name=\"robots\" content=\"noindex, follow, max-snippet:-1, max-image-preview:large, max-video-preview:-1\" \/>\n<meta property=\"og:locale\" content=\"en_US\" \/>\n<meta property=\"og:type\" content=\"article\" \/>\n<meta property=\"og:title\" content=\"Jeu de bandes de r\u00e9sistance Grip 2\u00a0pi\u00e8ces - PERLE IN\" \/>\n<meta property=\"og:description\" content=\"Le jeu de bandes de r\u00e9sistance comprenant une bande l\u00e9g\u00e8re et une bande moyenne, offrant ainsi une solution polyvalente et efficace pour le renforcement musculaire, la r\u00e9\u00e9ducation et les exercices de mobilit\u00e9. Fabriqu\u00e9es dans un mat\u00e9riau durable et extensible, ces bandes de r\u00e9sistance sont l\u00e9g\u00e8res et portables pour les entra\u00eenements \u00e0 domicile, les routines en salle de sport ou le fitness en voyage. Livr\u00e9 avec une pochette de rangement.\" \/>\n<meta property=\"og:url\" content=\"https:\/\/perle-in.com\/en\/product\/jeu-de-bandes-de-resistance-grip-2-pieces\/\" \/>\n<meta property=\"og:site_name\" content=\"PERLE IN\" \/>\n<meta property=\"article:modified_time\" content=\"2025-10-16T02:02:08+00:00\" \/>\n<meta property=\"og:image\" content=\"https:\/\/perle-in.com\/wp-content\/uploads\/2025\/10\/12706535-1.jpg\" \/>\n\t<meta property=\"og:image:width\" content=\"1600\" \/>\n\t<meta property=\"og:image:height\" content=\"1600\" \/>\n\t<meta property=\"og:image:type\" content=\"image\/jpeg\" \/>\n<meta name=\"twitter:card\" content=\"summary_large_image\" \/>\n<script type=\"application\/ld+json\" class=\"yoast-schema-graph\">{\"@context\":\"https:\\\/\\\/schema.org\",\"@graph\":[{\"@type\":\"WebPage\",\"@id\":\"https:\\\/\\\/perle-in.com\\\/produit\\\/jeu-de-bandes-de-resistance-grip-2-pieces\\\/\",\"url\":\"https:\\\/\\\/perle-in.com\\\/produit\\\/jeu-de-bandes-de-resistance-grip-2-pieces\\\/\",\"name\":\"Jeu de bandes de r\u00e9sistance Grip 2\u00a0pi\u00e8ces - PERLE IN\",\"isPartOf\":{\"@id\":\"https:\\\/\\\/perle-in.com\\\/#website\"},\"primaryImageOfPage\":{\"@id\":\"https:\\\/\\\/perle-in.com\\\/produit\\\/jeu-de-bandes-de-resistance-grip-2-pieces\\\/#primaryimage\"},\"image\":{\"@id\":\"https:\\\/\\\/perle-in.com\\\/produit\\\/jeu-de-bandes-de-resistance-grip-2-pieces\\\/#primaryimage\"},\"thumbnailUrl\":\"https:\\\/\\\/perle-in.com\\\/wp-content\\\/uploads\\\/2025\\\/10\\\/12706535-1.jpg\",\"datePublished\":\"2025-10-16T02:02:04+00:00\",\"dateModified\":\"2025-10-16T02:02:08+00:00\",\"breadcrumb\":{\"@id\":\"https:\\\/\\\/perle-in.com\\\/produit\\\/jeu-de-bandes-de-resistance-grip-2-pieces\\\/#breadcrumb\"},\"inLanguage\":\"en-CA\",\"potentialAction\":[{\"@type\":\"ReadAction\",\"target\":[\"https:\\\/\\\/perle-in.com\\\/produit\\\/jeu-de-bandes-de-resistance-grip-2-pieces\\\/\"]}]},{\"@type\":\"ImageObject\",\"inLanguage\":\"en-CA\",\"@id\":\"https:\\\/\\\/perle-in.com\\\/produit\\\/jeu-de-bandes-de-resistance-grip-2-pieces\\\/#primaryimage\",\"url\":\"https:\\\/\\\/perle-in.com\\\/wp-content\\\/uploads\\\/2025\\\/10\\\/12706535-1.jpg\",\"contentUrl\":\"https:\\\/\\\/perle-in.com\\\/wp-content\\\/uploads\\\/2025\\\/10\\\/12706535-1.jpg\",\"width\":1600,\"height\":1600},{\"@type\":\"BreadcrumbList\",\"@id\":\"https:\\\/\\\/perle-in.com\\\/produit\\\/jeu-de-bandes-de-resistance-grip-2-pieces\\\/#breadcrumb\",\"itemListElement\":[{\"@type\":\"ListItem\",\"position\":1,\"name\":\"Accueil\",\"item\":\"https:\\\/\\\/perle-in.com\\\/\"},{\"@type\":\"ListItem\",\"position\":2,\"name\":\"Boutique\",\"item\":\"https:\\\/\\\/perle-in.com\\\/boutique\\\/\"},{\"@type\":\"ListItem\",\"position\":3,\"name\":\"Jeu de bandes de r\u00e9sistance Grip 2\u00a0pi\u00e8ces\"}]},{\"@type\":\"WebSite\",\"@id\":\"https:\\\/\\\/perle-in.com\\\/#website\",\"url\":\"https:\\\/\\\/perle-in.com\\\/\",\"name\":\"PERLE IN\",\"description\":\"\",\"publisher\":{\"@id\":\"https:\\\/\\\/perle-in.com\\\/#organization\"},\"potentialAction\":[{\"@type\":\"SearchAction\",\"target\":{\"@type\":\"EntryPoint\",\"urlTemplate\":\"https:\\\/\\\/perle-in.com\\\/?s={search_term_string}\"},\"query-input\":{\"@type\":\"PropertyValueSpecification\",\"valueRequired\":true,\"valueName\":\"search_term_string\"}}],\"inLanguage\":\"en-CA\"},{\"@type\":\"Organization\",\"@id\":\"https:\\\/\\\/perle-in.com\\\/#organization\",\"name\":\"PERLE IN\",\"url\":\"https:\\\/\\\/perle-in.com\\\/\",\"logo\":{\"@type\":\"ImageObject\",\"inLanguage\":\"en-CA\",\"@id\":\"https:\\\/\\\/perle-in.com\\\/#\\\/schema\\\/logo\\\/image\\\/\",\"url\":\"https:\\\/\\\/perle-in.com\\\/wp-content\\\/uploads\\\/2022\\\/12\\\/LOGO-PERLE-IN-COULEUR@3x.webp\",\"contentUrl\":\"https:\\\/\\\/perle-in.com\\\/wp-content\\\/uploads\\\/2022\\\/12\\\/LOGO-PERLE-IN-COULEUR@3x.webp\",\"width\":1600,\"height\":490,\"caption\":\"PERLE IN\"},\"image\":{\"@id\":\"https:\\\/\\\/perle-in.com\\\/#\\\/schema\\\/logo\\\/image\\\/\"}}]}<\/script>\n<!-- \/ Yoast SEO plugin. -->","yoast_head_json":{"title":"Jeu de bandes de r\u00e9sistance Grip 2\u00a0pi\u00e8ces - PERLE IN","robots":{"index":"noindex","follow":"follow","max-snippet":"max-snippet:-1","max-image-preview":"max-image-preview:large","max-video-preview":"max-video-preview:-1"},"og_locale":"en_US","og_type":"article","og_title":"Jeu de bandes de r\u00e9sistance Grip 2\u00a0pi\u00e8ces - PERLE IN","og_description":"Le jeu de bandes de r\u00e9sistance comprenant une bande l\u00e9g\u00e8re et une bande moyenne, offrant ainsi une solution polyvalente et efficace pour le renforcement musculaire, la r\u00e9\u00e9ducation et les exercices de mobilit\u00e9. Fabriqu\u00e9es dans un mat\u00e9riau durable et extensible, ces bandes de r\u00e9sistance sont l\u00e9g\u00e8res et portables pour les entra\u00eenements \u00e0 domicile, les routines en salle de sport ou le fitness en voyage. Livr\u00e9 avec une pochette de rangement.","og_url":"https:\/\/perle-in.com\/en\/product\/jeu-de-bandes-de-resistance-grip-2-pieces\/","og_site_name":"PERLE IN","article_modified_time":"2025-10-16T02:02:08+00:00","og_image":[{"width":1600,"height":1600,"url":"https:\/\/perle-in.com\/wp-content\/uploads\/2025\/10\/12706535-1.jpg","type":"image\/jpeg"}],"twitter_card":"summary_large_image","schema":{"@context":"https:\/\/schema.org","@graph":[{"@type":"WebPage","@id":"https:\/\/perle-in.com\/produit\/jeu-de-bandes-de-resistance-grip-2-pieces\/","url":"https:\/\/perle-in.com\/produit\/jeu-de-bandes-de-resistance-grip-2-pieces\/","name":"Jeu de bandes de r\u00e9sistance Grip 2\u00a0pi\u00e8ces - PERLE IN","isPartOf":{"@id":"https:\/\/perle-in.com\/#website"},"primaryImageOfPage":{"@id":"https:\/\/perle-in.com\/produit\/jeu-de-bandes-de-resistance-grip-2-pieces\/#primaryimage"},"image":{"@id":"https:\/\/perle-in.com\/produit\/jeu-de-bandes-de-resistance-grip-2-pieces\/#primaryimage"},"thumbnailUrl":"https:\/\/perle-in.com\/wp-content\/uploads\/2025\/10\/12706535-1.jpg","datePublished":"2025-10-16T02:02:04+00:00","dateModified":"2025-10-16T02:02:08+00:00","breadcrumb":{"@id":"https:\/\/perle-in.com\/produit\/jeu-de-bandes-de-resistance-grip-2-pieces\/#breadcrumb"},"inLanguage":"en-CA","potentialAction":[{"@type":"ReadAction","target":["https:\/\/perle-in.com\/produit\/jeu-de-bandes-de-resistance-grip-2-pieces\/"]}]},{"@type":"ImageObject","inLanguage":"en-CA","@id":"https:\/\/perle-in.com\/produit\/jeu-de-bandes-de-resistance-grip-2-pieces\/#primaryimage","url":"https:\/\/perle-in.com\/wp-content\/uploads\/2025\/10\/12706535-1.jpg","contentUrl":"https:\/\/perle-in.com\/wp-content\/uploads\/2025\/10\/12706535-1.jpg","width":1600,"height":1600},{"@type":"BreadcrumbList","@id":"https:\/\/perle-in.com\/produit\/jeu-de-bandes-de-resistance-grip-2-pieces\/#breadcrumb","itemListElement":[{"@type":"ListItem","position":1,"name":"Accueil","item":"https:\/\/perle-in.com\/"},{"@type":"ListItem","position":2,"name":"Boutique","item":"https:\/\/perle-in.com\/boutique\/"},{"@type":"ListItem","position":3,"name":"Jeu de bandes de r\u00e9sistance Grip 2\u00a0pi\u00e8ces"}]},{"@type":"WebSite","@id":"https:\/\/perle-in.com\/#website","url":"https:\/\/perle-in.com\/","name":"PERLE IN","description":"","publisher":{"@id":"https:\/\/perle-in.com\/#organization"},"potentialAction":[{"@type":"SearchAction","target":{"@type":"EntryPoint","urlTemplate":"https:\/\/perle-in.com\/?s={search_term_string}"},"query-input":{"@type":"PropertyValueSpecification","valueRequired":true,"valueName":"search_term_string"}}],"inLanguage":"en-CA"},{"@type":"Organization","@id":"https:\/\/perle-in.com\/#organization","name":"PERLE IN","url":"https:\/\/perle-in.com\/","logo":{"@type":"ImageObject","inLanguage":"en-CA","@id":"https:\/\/perle-in.com\/#\/schema\/logo\/image\/","url":"https:\/\/perle-in.com\/wp-content\/uploads\/2022\/12\/LOGO-PERLE-IN-COULEUR@3x.webp","contentUrl":"https:\/\/perle-in.com\/wp-content\/uploads\/2022\/12\/LOGO-PERLE-IN-COULEUR@3x.webp","width":1600,"height":490,"caption":"PERLE IN"},"image":{"@id":"https:\/\/perle-in.com\/#\/schema\/logo\/image\/"}}]}},"jetpack_sharing_enabled":true,"_links":{"self":[{"href":"https:\/\/perle-in.com\/en\/wp-json\/wp\/v2\/product\/573763","targetHints":{"allow":["GET"]}}],"collection":[{"href":"https:\/\/perle-in.com\/en\/wp-json\/wp\/v2\/product"}],"about":[{"href":"https:\/\/perle-in.com\/en\/wp-json\/wp\/v2\/types\/product"}],"version-history":[{"count":0,"href":"https:\/\/perle-in.com\/en\/wp-json\/wp\/v2\/product\/573763\/revisions"}],"wp:featuredmedia":[{"embeddable":true,"href":"https:\/\/perle-in.com\/en\/wp-json\/wp\/v2\/media\/573311"}],"wp:attachment":[{"href":"https:\/\/perle-in.com\/en\/wp-json\/wp\/v2\/media?parent=573763"}],"wp:term":[{"taxonomy":"product_brand","embeddable":true,"href":"https:\/\/perle-in.com\/en\/wp-json\/wp\/v2\/product_brand?post=573763"},{"taxonomy":"product_cat","embeddable":true,"href":"https:\/\/perle-in.com\/en\/wp-json\/wp\/v2\/product_cat?post=573763"},{"taxonomy":"product_tag","embeddable":true,"href":"https:\/\/perle-in.com\/en\/wp-json\/wp\/v2\/product_tag?post=573763"}],"curies":[{"name":"wp","href":"https:\/\/api.w.org\/{rel}","templated":true}]}}