{"id":573704,"date":"2025-10-16T03:57:42","date_gmt":"2025-10-16T01:57:42","guid":{"rendered":"https:\/\/perle-in.com\/produit\/bouteille-ocean-bottle-isotherme-de-750-ml\/"},"modified":"2025-10-16T03:57:45","modified_gmt":"2025-10-16T01:57:45","slug":"bouteille-ocean-bottle-isotherme-de-750-ml","status":"publish","type":"product","link":"https:\/\/perle-in.com\/en\/product\/bouteille-ocean-bottle-isotherme-de-750-ml\/","title":{"rendered":"Bouteille Ocean Bottle isotherme de 750\u00a0ml"},"content":{"rendered":"","protected":false},"excerpt":{"rendered":"<p>La bouteille Ocean Bottle de 750\u00a0ml est avec isolation par le vide pour que les boissons restent chaudes pendant 6\u00a0heures et froides pendant 18\u00a0heures. Chaque bouteille Ocean Bottle est enti\u00e8rement neutre en carbone et permet de financer la collecte de 1\u00a0000\u00a0bouteilles en plastique pour am\u00e9liorer les moyens de subsistance dans les communaut\u00e9s c\u00f4ti\u00e8res. La bouteille contient de l&#8217;acier inoxydable recycl\u00e9 et du plastique recycl\u00e9 provenant des zones c\u00f4ti\u00e8res et est dot\u00e9e d&#8217;une puce intelligente NFC permettant de collecter plus de plastique \u00e0 chaque recharge. La double ouverture facilite le nettoyage et le remplissage de la bouteille, et le couvercle anti-fuites a une boucle de transport facile. La bouteille passe au lave-vaisselle et ne contient pas de BPA. Livr\u00e9 dans un coffret cadeau en carton recycl\u00e9 provenant de sources responsables.<\/p>","protected":false},"featured_media":573692,"template":"","meta":{"_eb_attr":""},"product_brand":[],"product_cat":[257,173],"product_tag":[276,275,175,837,274,192,2646,3306,3954,2754],"class_list":{"0":"post-573704","1":"product","2":"type-product","3":"status-publish","4":"has-post-thumbnail","6":"product_cat-bouteilles-isothermes","7":"product_cat-drinkware","8":"product_tag-boire","9":"product_tag-boissons","10":"product_tag-bouteille","11":"product_tag-durable","12":"product_tag-eau","13":"product_tag-gourde","14":"product_tag-isolation","15":"product_tag-ocean-bottle","16":"product_tag-oceanbottle","17":"product_tag-recyclee","18":"pa_couleurs-bleu-ocean","19":"pa_couleurs-gres","20":"pa_couleurs-noir","21":"pa_green-points-2893","22":"pa_marque-ocean-bottle","23":"pa_matiere-70-acier-inoxydable-recycle-et-10-plastique-pet-et-10-plastique-recycle-pet-et-10-sili","25":"first","26":"instock","27":"shipping-taxable","28":"purchasable","29":"product-type-variable"},"yoast_head":"<!-- This site is optimized with the Yoast SEO plugin v27.4 - https:\/\/yoast.com\/product\/yoast-seo-wordpress\/ -->\n<title>Bouteille Ocean Bottle isotherme de 750\u00a0ml - PERLE IN<\/title>\n<meta name=\"robots\" content=\"noindex, follow, max-snippet:-1, max-image-preview:large, max-video-preview:-1\" \/>\n<meta property=\"og:locale\" content=\"en_US\" \/>\n<meta property=\"og:type\" content=\"article\" \/>\n<meta property=\"og:title\" content=\"Bouteille Ocean Bottle isotherme de 750\u00a0ml - PERLE IN\" \/>\n<meta property=\"og:description\" content=\"La bouteille Ocean Bottle de 750\u00a0ml est avec isolation par le vide pour que les boissons restent chaudes pendant 6\u00a0heures et froides pendant 18\u00a0heures. Chaque bouteille Ocean Bottle est enti\u00e8rement neutre en carbone et permet de financer la collecte de 1\u00a0000\u00a0bouteilles en plastique pour am\u00e9liorer les moyens de subsistance dans les communaut\u00e9s c\u00f4ti\u00e8res. La bouteille contient de l&#039;acier inoxydable recycl\u00e9 et du plastique recycl\u00e9 provenant des zones c\u00f4ti\u00e8res et est dot\u00e9e d&#039;une puce intelligente NFC permettant de collecter plus de plastique \u00e0 chaque recharge. La double ouverture facilite le nettoyage et le remplissage de la bouteille, et le couvercle anti-fuites a une boucle de transport facile. La bouteille passe au lave-vaisselle et ne contient pas de BPA. Livr\u00e9 dans un coffret cadeau en carton recycl\u00e9 provenant de sources responsables.\" \/>\n<meta property=\"og:url\" content=\"https:\/\/perle-in.com\/en\/product\/bouteille-ocean-bottle-isotherme-de-750-ml\/\" \/>\n<meta property=\"og:site_name\" content=\"PERLE IN\" \/>\n<meta property=\"article:modified_time\" content=\"2025-10-16T01:57:45+00:00\" \/>\n<meta property=\"og:image\" content=\"https:\/\/perle-in.com\/wp-content\/uploads\/2025\/10\/10085606-1.jpg\" \/>\n\t<meta property=\"og:image:width\" content=\"1600\" \/>\n\t<meta property=\"og:image:height\" content=\"1600\" \/>\n\t<meta property=\"og:image:type\" content=\"image\/jpeg\" \/>\n<meta name=\"twitter:card\" content=\"summary_large_image\" \/>\n<script type=\"application\/ld+json\" class=\"yoast-schema-graph\">{\"@context\":\"https:\\\/\\\/schema.org\",\"@graph\":[{\"@type\":\"WebPage\",\"@id\":\"https:\\\/\\\/perle-in.com\\\/produit\\\/bouteille-ocean-bottle-isotherme-de-750-ml\\\/\",\"url\":\"https:\\\/\\\/perle-in.com\\\/produit\\\/bouteille-ocean-bottle-isotherme-de-750-ml\\\/\",\"name\":\"Bouteille Ocean Bottle isotherme de 750\u00a0ml - PERLE IN\",\"isPartOf\":{\"@id\":\"https:\\\/\\\/perle-in.com\\\/#website\"},\"primaryImageOfPage\":{\"@id\":\"https:\\\/\\\/perle-in.com\\\/produit\\\/bouteille-ocean-bottle-isotherme-de-750-ml\\\/#primaryimage\"},\"image\":{\"@id\":\"https:\\\/\\\/perle-in.com\\\/produit\\\/bouteille-ocean-bottle-isotherme-de-750-ml\\\/#primaryimage\"},\"thumbnailUrl\":\"https:\\\/\\\/perle-in.com\\\/wp-content\\\/uploads\\\/2025\\\/10\\\/10085606-1.jpg\",\"datePublished\":\"2025-10-16T01:57:42+00:00\",\"dateModified\":\"2025-10-16T01:57:45+00:00\",\"breadcrumb\":{\"@id\":\"https:\\\/\\\/perle-in.com\\\/produit\\\/bouteille-ocean-bottle-isotherme-de-750-ml\\\/#breadcrumb\"},\"inLanguage\":\"en-CA\",\"potentialAction\":[{\"@type\":\"ReadAction\",\"target\":[\"https:\\\/\\\/perle-in.com\\\/produit\\\/bouteille-ocean-bottle-isotherme-de-750-ml\\\/\"]}]},{\"@type\":\"ImageObject\",\"inLanguage\":\"en-CA\",\"@id\":\"https:\\\/\\\/perle-in.com\\\/produit\\\/bouteille-ocean-bottle-isotherme-de-750-ml\\\/#primaryimage\",\"url\":\"https:\\\/\\\/perle-in.com\\\/wp-content\\\/uploads\\\/2025\\\/10\\\/10085606-1.jpg\",\"contentUrl\":\"https:\\\/\\\/perle-in.com\\\/wp-content\\\/uploads\\\/2025\\\/10\\\/10085606-1.jpg\",\"width\":1600,\"height\":1600},{\"@type\":\"BreadcrumbList\",\"@id\":\"https:\\\/\\\/perle-in.com\\\/produit\\\/bouteille-ocean-bottle-isotherme-de-750-ml\\\/#breadcrumb\",\"itemListElement\":[{\"@type\":\"ListItem\",\"position\":1,\"name\":\"Accueil\",\"item\":\"https:\\\/\\\/perle-in.com\\\/\"},{\"@type\":\"ListItem\",\"position\":2,\"name\":\"Boutique\",\"item\":\"https:\\\/\\\/perle-in.com\\\/boutique\\\/\"},{\"@type\":\"ListItem\",\"position\":3,\"name\":\"Bouteille Ocean Bottle isotherme de 750\u00a0ml\"}]},{\"@type\":\"WebSite\",\"@id\":\"https:\\\/\\\/perle-in.com\\\/#website\",\"url\":\"https:\\\/\\\/perle-in.com\\\/\",\"name\":\"PERLE IN\",\"description\":\"\",\"publisher\":{\"@id\":\"https:\\\/\\\/perle-in.com\\\/#organization\"},\"potentialAction\":[{\"@type\":\"SearchAction\",\"target\":{\"@type\":\"EntryPoint\",\"urlTemplate\":\"https:\\\/\\\/perle-in.com\\\/?s={search_term_string}\"},\"query-input\":{\"@type\":\"PropertyValueSpecification\",\"valueRequired\":true,\"valueName\":\"search_term_string\"}}],\"inLanguage\":\"en-CA\"},{\"@type\":\"Organization\",\"@id\":\"https:\\\/\\\/perle-in.com\\\/#organization\",\"name\":\"PERLE IN\",\"url\":\"https:\\\/\\\/perle-in.com\\\/\",\"logo\":{\"@type\":\"ImageObject\",\"inLanguage\":\"en-CA\",\"@id\":\"https:\\\/\\\/perle-in.com\\\/#\\\/schema\\\/logo\\\/image\\\/\",\"url\":\"https:\\\/\\\/perle-in.com\\\/wp-content\\\/uploads\\\/2022\\\/12\\\/LOGO-PERLE-IN-COULEUR@3x.webp\",\"contentUrl\":\"https:\\\/\\\/perle-in.com\\\/wp-content\\\/uploads\\\/2022\\\/12\\\/LOGO-PERLE-IN-COULEUR@3x.webp\",\"width\":1600,\"height\":490,\"caption\":\"PERLE IN\"},\"image\":{\"@id\":\"https:\\\/\\\/perle-in.com\\\/#\\\/schema\\\/logo\\\/image\\\/\"}}]}<\/script>\n<!-- \/ Yoast SEO plugin. -->","yoast_head_json":{"title":"Bouteille Ocean Bottle isotherme de 750\u00a0ml - PERLE IN","robots":{"index":"noindex","follow":"follow","max-snippet":"max-snippet:-1","max-image-preview":"max-image-preview:large","max-video-preview":"max-video-preview:-1"},"og_locale":"en_US","og_type":"article","og_title":"Bouteille Ocean Bottle isotherme de 750\u00a0ml - PERLE IN","og_description":"La bouteille Ocean Bottle de 750\u00a0ml est avec isolation par le vide pour que les boissons restent chaudes pendant 6\u00a0heures et froides pendant 18\u00a0heures. Chaque bouteille Ocean Bottle est enti\u00e8rement neutre en carbone et permet de financer la collecte de 1\u00a0000\u00a0bouteilles en plastique pour am\u00e9liorer les moyens de subsistance dans les communaut\u00e9s c\u00f4ti\u00e8res. La bouteille contient de l'acier inoxydable recycl\u00e9 et du plastique recycl\u00e9 provenant des zones c\u00f4ti\u00e8res et est dot\u00e9e d'une puce intelligente NFC permettant de collecter plus de plastique \u00e0 chaque recharge. La double ouverture facilite le nettoyage et le remplissage de la bouteille, et le couvercle anti-fuites a une boucle de transport facile. La bouteille passe au lave-vaisselle et ne contient pas de BPA. Livr\u00e9 dans un coffret cadeau en carton recycl\u00e9 provenant de sources responsables.","og_url":"https:\/\/perle-in.com\/en\/product\/bouteille-ocean-bottle-isotherme-de-750-ml\/","og_site_name":"PERLE IN","article_modified_time":"2025-10-16T01:57:45+00:00","og_image":[{"width":1600,"height":1600,"url":"https:\/\/perle-in.com\/wp-content\/uploads\/2025\/10\/10085606-1.jpg","type":"image\/jpeg"}],"twitter_card":"summary_large_image","schema":{"@context":"https:\/\/schema.org","@graph":[{"@type":"WebPage","@id":"https:\/\/perle-in.com\/produit\/bouteille-ocean-bottle-isotherme-de-750-ml\/","url":"https:\/\/perle-in.com\/produit\/bouteille-ocean-bottle-isotherme-de-750-ml\/","name":"Bouteille Ocean Bottle isotherme de 750\u00a0ml - PERLE IN","isPartOf":{"@id":"https:\/\/perle-in.com\/#website"},"primaryImageOfPage":{"@id":"https:\/\/perle-in.com\/produit\/bouteille-ocean-bottle-isotherme-de-750-ml\/#primaryimage"},"image":{"@id":"https:\/\/perle-in.com\/produit\/bouteille-ocean-bottle-isotherme-de-750-ml\/#primaryimage"},"thumbnailUrl":"https:\/\/perle-in.com\/wp-content\/uploads\/2025\/10\/10085606-1.jpg","datePublished":"2025-10-16T01:57:42+00:00","dateModified":"2025-10-16T01:57:45+00:00","breadcrumb":{"@id":"https:\/\/perle-in.com\/produit\/bouteille-ocean-bottle-isotherme-de-750-ml\/#breadcrumb"},"inLanguage":"en-CA","potentialAction":[{"@type":"ReadAction","target":["https:\/\/perle-in.com\/produit\/bouteille-ocean-bottle-isotherme-de-750-ml\/"]}]},{"@type":"ImageObject","inLanguage":"en-CA","@id":"https:\/\/perle-in.com\/produit\/bouteille-ocean-bottle-isotherme-de-750-ml\/#primaryimage","url":"https:\/\/perle-in.com\/wp-content\/uploads\/2025\/10\/10085606-1.jpg","contentUrl":"https:\/\/perle-in.com\/wp-content\/uploads\/2025\/10\/10085606-1.jpg","width":1600,"height":1600},{"@type":"BreadcrumbList","@id":"https:\/\/perle-in.com\/produit\/bouteille-ocean-bottle-isotherme-de-750-ml\/#breadcrumb","itemListElement":[{"@type":"ListItem","position":1,"name":"Accueil","item":"https:\/\/perle-in.com\/"},{"@type":"ListItem","position":2,"name":"Boutique","item":"https:\/\/perle-in.com\/boutique\/"},{"@type":"ListItem","position":3,"name":"Bouteille Ocean Bottle isotherme de 750\u00a0ml"}]},{"@type":"WebSite","@id":"https:\/\/perle-in.com\/#website","url":"https:\/\/perle-in.com\/","name":"PERLE IN","description":"","publisher":{"@id":"https:\/\/perle-in.com\/#organization"},"potentialAction":[{"@type":"SearchAction","target":{"@type":"EntryPoint","urlTemplate":"https:\/\/perle-in.com\/?s={search_term_string}"},"query-input":{"@type":"PropertyValueSpecification","valueRequired":true,"valueName":"search_term_string"}}],"inLanguage":"en-CA"},{"@type":"Organization","@id":"https:\/\/perle-in.com\/#organization","name":"PERLE IN","url":"https:\/\/perle-in.com\/","logo":{"@type":"ImageObject","inLanguage":"en-CA","@id":"https:\/\/perle-in.com\/#\/schema\/logo\/image\/","url":"https:\/\/perle-in.com\/wp-content\/uploads\/2022\/12\/LOGO-PERLE-IN-COULEUR@3x.webp","contentUrl":"https:\/\/perle-in.com\/wp-content\/uploads\/2022\/12\/LOGO-PERLE-IN-COULEUR@3x.webp","width":1600,"height":490,"caption":"PERLE IN"},"image":{"@id":"https:\/\/perle-in.com\/#\/schema\/logo\/image\/"}}]}},"jetpack_sharing_enabled":true,"_links":{"self":[{"href":"https:\/\/perle-in.com\/en\/wp-json\/wp\/v2\/product\/573704","targetHints":{"allow":["GET"]}}],"collection":[{"href":"https:\/\/perle-in.com\/en\/wp-json\/wp\/v2\/product"}],"about":[{"href":"https:\/\/perle-in.com\/en\/wp-json\/wp\/v2\/types\/product"}],"version-history":[{"count":0,"href":"https:\/\/perle-in.com\/en\/wp-json\/wp\/v2\/product\/573704\/revisions"}],"wp:featuredmedia":[{"embeddable":true,"href":"https:\/\/perle-in.com\/en\/wp-json\/wp\/v2\/media\/573692"}],"wp:attachment":[{"href":"https:\/\/perle-in.com\/en\/wp-json\/wp\/v2\/media?parent=573704"}],"wp:term":[{"taxonomy":"product_brand","embeddable":true,"href":"https:\/\/perle-in.com\/en\/wp-json\/wp\/v2\/product_brand?post=573704"},{"taxonomy":"product_cat","embeddable":true,"href":"https:\/\/perle-in.com\/en\/wp-json\/wp\/v2\/product_cat?post=573704"},{"taxonomy":"product_tag","embeddable":true,"href":"https:\/\/perle-in.com\/en\/wp-json\/wp\/v2\/product_tag?post=573704"}],"curies":[{"name":"wp","href":"https:\/\/api.w.org\/{rel}","templated":true}]}}