{"id":573688,"date":"2025-10-16T03:55:52","date_gmt":"2025-10-16T01:55:52","guid":{"rendered":"https:\/\/perle-in.com\/produit\/stylo-bille-kish-avec-finition-argentee\/"},"modified":"2025-10-16T03:55:54","modified_gmt":"2025-10-16T01:55:54","slug":"stylo-bille-kish-avec-finition-argentee","status":"publish","type":"product","link":"https:\/\/perle-in.com\/en\/product\/stylo-bille-kish-avec-finition-argentee\/","title":{"rendered":"Stylo bille Kish avec finition argent\u00e9e"},"content":{"rendered":"","protected":false},"excerpt":{"rendered":"<p>Le  stylo bille Kish avec finition argent\u00e9e est dot\u00e9 d\u2019un corps en aluminium recycl\u00e9 et d\u2019un stylet tactile en silicone. L\u2019aluminium recycl\u00e9 r\u00e9duit \u00e9galement la quantit\u00e9 de d\u00e9chets dans les d\u00e9charges et contribue ainsi \u00e0 la conservation des ressources naturelles, tout en r\u00e9duisant les \u00e9missions de gaz \u00e0 effet de serre. Couleur de l&#8217;encre\u00a0: Noire. Longueur d&#8217;\u00e9criture\u00a0: 800\u00a0m\u00e8tres. Taille de la plume\u00a0: 1,0\u00a0mm.<\/p>","protected":false},"featured_media":573679,"template":"","meta":{"_eb_attr":""},"product_brand":[],"product_cat":[552,568],"product_tag":[837,836,561,1411,562],"class_list":{"0":"post-573688","1":"product","2":"type-product","3":"status-publish","4":"has-post-thumbnail","6":"product_cat-stylos-et-ecriture","7":"product_cat-stylos-bille","8":"product_tag-durable","9":"product_tag-recycle","10":"product_tag-stylo","11":"product_tag-stylo-a-bille","12":"product_tag-stylos","13":"pa_couleurs-blanc","14":"pa_couleurs-marine","15":"pa_couleurs-noir","16":"pa_matiere-aluminium-recycle","18":"first","19":"instock","20":"shipping-taxable","21":"purchasable","22":"product-type-variable"},"yoast_head":"<!-- This site is optimized with the Yoast SEO plugin v27.4 - https:\/\/yoast.com\/product\/yoast-seo-wordpress\/ -->\n<title>Stylo bille Kish avec finition argent\u00e9e - PERLE IN<\/title>\n<meta name=\"robots\" content=\"noindex, follow, max-snippet:-1, max-image-preview:large, max-video-preview:-1\" \/>\n<meta property=\"og:locale\" content=\"en_US\" \/>\n<meta property=\"og:type\" content=\"article\" \/>\n<meta property=\"og:title\" content=\"Stylo bille Kish avec finition argent\u00e9e - PERLE IN\" \/>\n<meta property=\"og:description\" content=\"Le stylo bille Kish avec finition argent\u00e9e est dot\u00e9 d\u2019un corps en aluminium recycl\u00e9 et d\u2019un stylet tactile en silicone. L\u2019aluminium recycl\u00e9 r\u00e9duit \u00e9galement la quantit\u00e9 de d\u00e9chets dans les d\u00e9charges et contribue ainsi \u00e0 la conservation des ressources naturelles, tout en r\u00e9duisant les \u00e9missions de gaz \u00e0 effet de serre. Couleur de l&#039;encre\u00a0: Noire. Longueur d&#039;\u00e9criture\u00a0: 800\u00a0m\u00e8tres. Taille de la plume\u00a0: 1,0\u00a0mm.\" \/>\n<meta property=\"og:url\" content=\"https:\/\/perle-in.com\/en\/product\/stylo-bille-kish-avec-finition-argentee\/\" \/>\n<meta property=\"og:site_name\" content=\"PERLE IN\" \/>\n<meta property=\"article:modified_time\" content=\"2025-10-16T01:55:54+00:00\" \/>\n<meta property=\"og:image\" content=\"https:\/\/perle-in.com\/wp-content\/uploads\/2025\/10\/10624701-1.jpg\" \/>\n\t<meta property=\"og:image:width\" content=\"1600\" \/>\n\t<meta property=\"og:image:height\" content=\"1600\" \/>\n\t<meta property=\"og:image:type\" content=\"image\/jpeg\" \/>\n<meta name=\"twitter:card\" content=\"summary_large_image\" \/>\n<script type=\"application\/ld+json\" class=\"yoast-schema-graph\">{\"@context\":\"https:\\\/\\\/schema.org\",\"@graph\":[{\"@type\":\"WebPage\",\"@id\":\"https:\\\/\\\/perle-in.com\\\/produit\\\/stylo-bille-kish-avec-finition-argentee\\\/\",\"url\":\"https:\\\/\\\/perle-in.com\\\/produit\\\/stylo-bille-kish-avec-finition-argentee\\\/\",\"name\":\"Stylo bille Kish avec finition argent\u00e9e - PERLE IN\",\"isPartOf\":{\"@id\":\"https:\\\/\\\/perle-in.com\\\/#website\"},\"primaryImageOfPage\":{\"@id\":\"https:\\\/\\\/perle-in.com\\\/produit\\\/stylo-bille-kish-avec-finition-argentee\\\/#primaryimage\"},\"image\":{\"@id\":\"https:\\\/\\\/perle-in.com\\\/produit\\\/stylo-bille-kish-avec-finition-argentee\\\/#primaryimage\"},\"thumbnailUrl\":\"https:\\\/\\\/perle-in.com\\\/wp-content\\\/uploads\\\/2025\\\/10\\\/10624701-1.jpg\",\"datePublished\":\"2025-10-16T01:55:52+00:00\",\"dateModified\":\"2025-10-16T01:55:54+00:00\",\"breadcrumb\":{\"@id\":\"https:\\\/\\\/perle-in.com\\\/produit\\\/stylo-bille-kish-avec-finition-argentee\\\/#breadcrumb\"},\"inLanguage\":\"en-CA\",\"potentialAction\":[{\"@type\":\"ReadAction\",\"target\":[\"https:\\\/\\\/perle-in.com\\\/produit\\\/stylo-bille-kish-avec-finition-argentee\\\/\"]}]},{\"@type\":\"ImageObject\",\"inLanguage\":\"en-CA\",\"@id\":\"https:\\\/\\\/perle-in.com\\\/produit\\\/stylo-bille-kish-avec-finition-argentee\\\/#primaryimage\",\"url\":\"https:\\\/\\\/perle-in.com\\\/wp-content\\\/uploads\\\/2025\\\/10\\\/10624701-1.jpg\",\"contentUrl\":\"https:\\\/\\\/perle-in.com\\\/wp-content\\\/uploads\\\/2025\\\/10\\\/10624701-1.jpg\",\"width\":1600,\"height\":1600},{\"@type\":\"BreadcrumbList\",\"@id\":\"https:\\\/\\\/perle-in.com\\\/produit\\\/stylo-bille-kish-avec-finition-argentee\\\/#breadcrumb\",\"itemListElement\":[{\"@type\":\"ListItem\",\"position\":1,\"name\":\"Accueil\",\"item\":\"https:\\\/\\\/perle-in.com\\\/\"},{\"@type\":\"ListItem\",\"position\":2,\"name\":\"Boutique\",\"item\":\"https:\\\/\\\/perle-in.com\\\/boutique\\\/\"},{\"@type\":\"ListItem\",\"position\":3,\"name\":\"Stylo bille Kish avec finition argent\u00e9e\"}]},{\"@type\":\"WebSite\",\"@id\":\"https:\\\/\\\/perle-in.com\\\/#website\",\"url\":\"https:\\\/\\\/perle-in.com\\\/\",\"name\":\"PERLE IN\",\"description\":\"\",\"publisher\":{\"@id\":\"https:\\\/\\\/perle-in.com\\\/#organization\"},\"potentialAction\":[{\"@type\":\"SearchAction\",\"target\":{\"@type\":\"EntryPoint\",\"urlTemplate\":\"https:\\\/\\\/perle-in.com\\\/?s={search_term_string}\"},\"query-input\":{\"@type\":\"PropertyValueSpecification\",\"valueRequired\":true,\"valueName\":\"search_term_string\"}}],\"inLanguage\":\"en-CA\"},{\"@type\":\"Organization\",\"@id\":\"https:\\\/\\\/perle-in.com\\\/#organization\",\"name\":\"PERLE IN\",\"url\":\"https:\\\/\\\/perle-in.com\\\/\",\"logo\":{\"@type\":\"ImageObject\",\"inLanguage\":\"en-CA\",\"@id\":\"https:\\\/\\\/perle-in.com\\\/#\\\/schema\\\/logo\\\/image\\\/\",\"url\":\"https:\\\/\\\/perle-in.com\\\/wp-content\\\/uploads\\\/2022\\\/12\\\/LOGO-PERLE-IN-COULEUR@3x.webp\",\"contentUrl\":\"https:\\\/\\\/perle-in.com\\\/wp-content\\\/uploads\\\/2022\\\/12\\\/LOGO-PERLE-IN-COULEUR@3x.webp\",\"width\":1600,\"height\":490,\"caption\":\"PERLE IN\"},\"image\":{\"@id\":\"https:\\\/\\\/perle-in.com\\\/#\\\/schema\\\/logo\\\/image\\\/\"}}]}<\/script>\n<!-- \/ Yoast SEO plugin. -->","yoast_head_json":{"title":"Stylo bille Kish avec finition argent\u00e9e - PERLE IN","robots":{"index":"noindex","follow":"follow","max-snippet":"max-snippet:-1","max-image-preview":"max-image-preview:large","max-video-preview":"max-video-preview:-1"},"og_locale":"en_US","og_type":"article","og_title":"Stylo bille Kish avec finition argent\u00e9e - PERLE IN","og_description":"Le stylo bille Kish avec finition argent\u00e9e est dot\u00e9 d\u2019un corps en aluminium recycl\u00e9 et d\u2019un stylet tactile en silicone. L\u2019aluminium recycl\u00e9 r\u00e9duit \u00e9galement la quantit\u00e9 de d\u00e9chets dans les d\u00e9charges et contribue ainsi \u00e0 la conservation des ressources naturelles, tout en r\u00e9duisant les \u00e9missions de gaz \u00e0 effet de serre. Couleur de l'encre\u00a0: Noire. Longueur d'\u00e9criture\u00a0: 800\u00a0m\u00e8tres. Taille de la plume\u00a0: 1,0\u00a0mm.","og_url":"https:\/\/perle-in.com\/en\/product\/stylo-bille-kish-avec-finition-argentee\/","og_site_name":"PERLE IN","article_modified_time":"2025-10-16T01:55:54+00:00","og_image":[{"width":1600,"height":1600,"url":"https:\/\/perle-in.com\/wp-content\/uploads\/2025\/10\/10624701-1.jpg","type":"image\/jpeg"}],"twitter_card":"summary_large_image","schema":{"@context":"https:\/\/schema.org","@graph":[{"@type":"WebPage","@id":"https:\/\/perle-in.com\/produit\/stylo-bille-kish-avec-finition-argentee\/","url":"https:\/\/perle-in.com\/produit\/stylo-bille-kish-avec-finition-argentee\/","name":"Stylo bille Kish avec finition argent\u00e9e - PERLE IN","isPartOf":{"@id":"https:\/\/perle-in.com\/#website"},"primaryImageOfPage":{"@id":"https:\/\/perle-in.com\/produit\/stylo-bille-kish-avec-finition-argentee\/#primaryimage"},"image":{"@id":"https:\/\/perle-in.com\/produit\/stylo-bille-kish-avec-finition-argentee\/#primaryimage"},"thumbnailUrl":"https:\/\/perle-in.com\/wp-content\/uploads\/2025\/10\/10624701-1.jpg","datePublished":"2025-10-16T01:55:52+00:00","dateModified":"2025-10-16T01:55:54+00:00","breadcrumb":{"@id":"https:\/\/perle-in.com\/produit\/stylo-bille-kish-avec-finition-argentee\/#breadcrumb"},"inLanguage":"en-CA","potentialAction":[{"@type":"ReadAction","target":["https:\/\/perle-in.com\/produit\/stylo-bille-kish-avec-finition-argentee\/"]}]},{"@type":"ImageObject","inLanguage":"en-CA","@id":"https:\/\/perle-in.com\/produit\/stylo-bille-kish-avec-finition-argentee\/#primaryimage","url":"https:\/\/perle-in.com\/wp-content\/uploads\/2025\/10\/10624701-1.jpg","contentUrl":"https:\/\/perle-in.com\/wp-content\/uploads\/2025\/10\/10624701-1.jpg","width":1600,"height":1600},{"@type":"BreadcrumbList","@id":"https:\/\/perle-in.com\/produit\/stylo-bille-kish-avec-finition-argentee\/#breadcrumb","itemListElement":[{"@type":"ListItem","position":1,"name":"Accueil","item":"https:\/\/perle-in.com\/"},{"@type":"ListItem","position":2,"name":"Boutique","item":"https:\/\/perle-in.com\/boutique\/"},{"@type":"ListItem","position":3,"name":"Stylo bille Kish avec finition argent\u00e9e"}]},{"@type":"WebSite","@id":"https:\/\/perle-in.com\/#website","url":"https:\/\/perle-in.com\/","name":"PERLE IN","description":"","publisher":{"@id":"https:\/\/perle-in.com\/#organization"},"potentialAction":[{"@type":"SearchAction","target":{"@type":"EntryPoint","urlTemplate":"https:\/\/perle-in.com\/?s={search_term_string}"},"query-input":{"@type":"PropertyValueSpecification","valueRequired":true,"valueName":"search_term_string"}}],"inLanguage":"en-CA"},{"@type":"Organization","@id":"https:\/\/perle-in.com\/#organization","name":"PERLE IN","url":"https:\/\/perle-in.com\/","logo":{"@type":"ImageObject","inLanguage":"en-CA","@id":"https:\/\/perle-in.com\/#\/schema\/logo\/image\/","url":"https:\/\/perle-in.com\/wp-content\/uploads\/2022\/12\/LOGO-PERLE-IN-COULEUR@3x.webp","contentUrl":"https:\/\/perle-in.com\/wp-content\/uploads\/2022\/12\/LOGO-PERLE-IN-COULEUR@3x.webp","width":1600,"height":490,"caption":"PERLE IN"},"image":{"@id":"https:\/\/perle-in.com\/#\/schema\/logo\/image\/"}}]}},"jetpack_sharing_enabled":true,"_links":{"self":[{"href":"https:\/\/perle-in.com\/en\/wp-json\/wp\/v2\/product\/573688","targetHints":{"allow":["GET"]}}],"collection":[{"href":"https:\/\/perle-in.com\/en\/wp-json\/wp\/v2\/product"}],"about":[{"href":"https:\/\/perle-in.com\/en\/wp-json\/wp\/v2\/types\/product"}],"version-history":[{"count":0,"href":"https:\/\/perle-in.com\/en\/wp-json\/wp\/v2\/product\/573688\/revisions"}],"wp:featuredmedia":[{"embeddable":true,"href":"https:\/\/perle-in.com\/en\/wp-json\/wp\/v2\/media\/573679"}],"wp:attachment":[{"href":"https:\/\/perle-in.com\/en\/wp-json\/wp\/v2\/media?parent=573688"}],"wp:term":[{"taxonomy":"product_brand","embeddable":true,"href":"https:\/\/perle-in.com\/en\/wp-json\/wp\/v2\/product_brand?post=573688"},{"taxonomy":"product_cat","embeddable":true,"href":"https:\/\/perle-in.com\/en\/wp-json\/wp\/v2\/product_cat?post=573688"},{"taxonomy":"product_tag","embeddable":true,"href":"https:\/\/perle-in.com\/en\/wp-json\/wp\/v2\/product_tag?post=573688"}],"curies":[{"name":"wp","href":"https:\/\/api.w.org\/{rel}","templated":true}]}}