{"id":573555,"date":"2025-10-16T03:36:24","date_gmt":"2025-10-16T01:36:24","guid":{"rendered":"https:\/\/perle-in.com\/produit\/casquette-lavee-a-6-panneaux-grafton\/"},"modified":"2025-10-16T03:36:28","modified_gmt":"2025-10-16T01:36:28","slug":"casquette-lavee-a-6-panneaux-grafton","status":"publish","type":"product","link":"https:\/\/perle-in.com\/en\/product\/casquette-lavee-a-6-panneaux-grafton\/","title":{"rendered":"Casquette lav\u00e9e \u00e0 6\u00a0panneaux Grafton"},"content":{"rendered":"","protected":false},"excerpt":{"rendered":"<p>La casquette en coton lav\u00e9 Grafton allie style d\u00e9contract\u00e9 et durabilit\u00e9 au quotidien. Fabriqu\u00e9e \u00e0 partir d\u2019un m\u00e9lange de 80\u00a0% de coton recycl\u00e9 et de 20\u00a0% de coton, elle offre un tissu doux lav\u00e9 de 245\u00a0g\/m\u00b2 qui offre une sensation de d\u00e9tente et de rodage. Con\u00e7ue pour \u00eatre port\u00e9e toute l\u2019ann\u00e9e, elle conserve sa forme et offre un ajustement confortable pour un tour de t\u00eate de 58\u00a0cm. Id\u00e9ale pour les sorties d\u00e9contract\u00e9es et les activit\u00e9s de plein air, cette casquette est un compl\u00e9ment polyvalent \u00e0 toute garde-robe.<\/p>","protected":false},"featured_media":573547,"template":"","meta":{"_eb_attr":""},"product_brand":[],"product_cat":[1259,1024],"product_tag":[1699,1700,1697,1031,837,836],"class_list":{"0":"post-573555","1":"product","2":"type-product","3":"status-publish","4":"has-post-thumbnail","6":"product_cat-casquettes-et-chapeaux","7":"product_cat-vetements","8":"product_tag-casquette","9":"product_tag-casquettes","10":"product_tag-chapeau","11":"product_tag-couvre-chef","12":"product_tag-durable","13":"product_tag-recycle","14":"pa_couleurs-bordeaux","15":"pa_couleurs-flocons-davoine","16":"pa_couleurs-marine","17":"pa_couleurs-noir","18":"pa_marque-elevate-nxt","19":"pa_matiere-100-coton","21":"first","22":"instock","23":"shipping-taxable","24":"purchasable","25":"product-type-variable"},"yoast_head":"<!-- This site is optimized with the Yoast SEO plugin v27.4 - https:\/\/yoast.com\/product\/yoast-seo-wordpress\/ -->\n<title>Casquette lav\u00e9e \u00e0 6\u00a0panneaux Grafton - PERLE IN<\/title>\n<meta name=\"robots\" content=\"noindex, follow, max-snippet:-1, max-image-preview:large, max-video-preview:-1\" \/>\n<meta property=\"og:locale\" content=\"en_US\" \/>\n<meta property=\"og:type\" content=\"article\" \/>\n<meta property=\"og:title\" content=\"Casquette lav\u00e9e \u00e0 6\u00a0panneaux Grafton - PERLE IN\" \/>\n<meta property=\"og:description\" content=\"La casquette en coton lav\u00e9 Grafton allie style d\u00e9contract\u00e9 et durabilit\u00e9 au quotidien. Fabriqu\u00e9e \u00e0 partir d\u2019un m\u00e9lange de 80\u00a0% de coton recycl\u00e9 et de 20\u00a0% de coton, elle offre un tissu doux lav\u00e9 de 245\u00a0g\/m\u00b2 qui offre une sensation de d\u00e9tente et de rodage. Con\u00e7ue pour \u00eatre port\u00e9e toute l\u2019ann\u00e9e, elle conserve sa forme et offre un ajustement confortable pour un tour de t\u00eate de 58\u00a0cm. Id\u00e9ale pour les sorties d\u00e9contract\u00e9es et les activit\u00e9s de plein air, cette casquette est un compl\u00e9ment polyvalent \u00e0 toute garde-robe.\" \/>\n<meta property=\"og:url\" content=\"https:\/\/perle-in.com\/en\/product\/casquette-lavee-a-6-panneaux-grafton\/\" \/>\n<meta property=\"og:site_name\" content=\"PERLE IN\" \/>\n<meta property=\"article:modified_time\" content=\"2025-10-16T01:36:28+00:00\" \/>\n<meta property=\"og:image\" content=\"https:\/\/perle-in.com\/wp-content\/uploads\/2025\/10\/3868707-1.jpg\" \/>\n\t<meta property=\"og:image:width\" content=\"1600\" \/>\n\t<meta property=\"og:image:height\" content=\"1600\" \/>\n\t<meta property=\"og:image:type\" content=\"image\/jpeg\" \/>\n<meta name=\"twitter:card\" content=\"summary_large_image\" \/>\n<script type=\"application\/ld+json\" class=\"yoast-schema-graph\">{\"@context\":\"https:\\\/\\\/schema.org\",\"@graph\":[{\"@type\":\"WebPage\",\"@id\":\"https:\\\/\\\/perle-in.com\\\/produit\\\/casquette-lavee-a-6-panneaux-grafton\\\/\",\"url\":\"https:\\\/\\\/perle-in.com\\\/produit\\\/casquette-lavee-a-6-panneaux-grafton\\\/\",\"name\":\"Casquette lav\u00e9e \u00e0 6\u00a0panneaux Grafton - PERLE IN\",\"isPartOf\":{\"@id\":\"https:\\\/\\\/perle-in.com\\\/#website\"},\"primaryImageOfPage\":{\"@id\":\"https:\\\/\\\/perle-in.com\\\/produit\\\/casquette-lavee-a-6-panneaux-grafton\\\/#primaryimage\"},\"image\":{\"@id\":\"https:\\\/\\\/perle-in.com\\\/produit\\\/casquette-lavee-a-6-panneaux-grafton\\\/#primaryimage\"},\"thumbnailUrl\":\"https:\\\/\\\/perle-in.com\\\/wp-content\\\/uploads\\\/2025\\\/10\\\/3868707-1.jpg\",\"datePublished\":\"2025-10-16T01:36:24+00:00\",\"dateModified\":\"2025-10-16T01:36:28+00:00\",\"breadcrumb\":{\"@id\":\"https:\\\/\\\/perle-in.com\\\/produit\\\/casquette-lavee-a-6-panneaux-grafton\\\/#breadcrumb\"},\"inLanguage\":\"en-CA\",\"potentialAction\":[{\"@type\":\"ReadAction\",\"target\":[\"https:\\\/\\\/perle-in.com\\\/produit\\\/casquette-lavee-a-6-panneaux-grafton\\\/\"]}]},{\"@type\":\"ImageObject\",\"inLanguage\":\"en-CA\",\"@id\":\"https:\\\/\\\/perle-in.com\\\/produit\\\/casquette-lavee-a-6-panneaux-grafton\\\/#primaryimage\",\"url\":\"https:\\\/\\\/perle-in.com\\\/wp-content\\\/uploads\\\/2025\\\/10\\\/3868707-1.jpg\",\"contentUrl\":\"https:\\\/\\\/perle-in.com\\\/wp-content\\\/uploads\\\/2025\\\/10\\\/3868707-1.jpg\",\"width\":1600,\"height\":1600},{\"@type\":\"BreadcrumbList\",\"@id\":\"https:\\\/\\\/perle-in.com\\\/produit\\\/casquette-lavee-a-6-panneaux-grafton\\\/#breadcrumb\",\"itemListElement\":[{\"@type\":\"ListItem\",\"position\":1,\"name\":\"Accueil\",\"item\":\"https:\\\/\\\/perle-in.com\\\/\"},{\"@type\":\"ListItem\",\"position\":2,\"name\":\"Boutique\",\"item\":\"https:\\\/\\\/perle-in.com\\\/boutique\\\/\"},{\"@type\":\"ListItem\",\"position\":3,\"name\":\"Casquette lav\u00e9e \u00e0 6\u00a0panneaux Grafton\"}]},{\"@type\":\"WebSite\",\"@id\":\"https:\\\/\\\/perle-in.com\\\/#website\",\"url\":\"https:\\\/\\\/perle-in.com\\\/\",\"name\":\"PERLE IN\",\"description\":\"\",\"publisher\":{\"@id\":\"https:\\\/\\\/perle-in.com\\\/#organization\"},\"potentialAction\":[{\"@type\":\"SearchAction\",\"target\":{\"@type\":\"EntryPoint\",\"urlTemplate\":\"https:\\\/\\\/perle-in.com\\\/?s={search_term_string}\"},\"query-input\":{\"@type\":\"PropertyValueSpecification\",\"valueRequired\":true,\"valueName\":\"search_term_string\"}}],\"inLanguage\":\"en-CA\"},{\"@type\":\"Organization\",\"@id\":\"https:\\\/\\\/perle-in.com\\\/#organization\",\"name\":\"PERLE IN\",\"url\":\"https:\\\/\\\/perle-in.com\\\/\",\"logo\":{\"@type\":\"ImageObject\",\"inLanguage\":\"en-CA\",\"@id\":\"https:\\\/\\\/perle-in.com\\\/#\\\/schema\\\/logo\\\/image\\\/\",\"url\":\"https:\\\/\\\/perle-in.com\\\/wp-content\\\/uploads\\\/2022\\\/12\\\/LOGO-PERLE-IN-COULEUR@3x.webp\",\"contentUrl\":\"https:\\\/\\\/perle-in.com\\\/wp-content\\\/uploads\\\/2022\\\/12\\\/LOGO-PERLE-IN-COULEUR@3x.webp\",\"width\":1600,\"height\":490,\"caption\":\"PERLE IN\"},\"image\":{\"@id\":\"https:\\\/\\\/perle-in.com\\\/#\\\/schema\\\/logo\\\/image\\\/\"}}]}<\/script>\n<!-- \/ Yoast SEO plugin. -->","yoast_head_json":{"title":"Casquette lav\u00e9e \u00e0 6\u00a0panneaux Grafton - PERLE IN","robots":{"index":"noindex","follow":"follow","max-snippet":"max-snippet:-1","max-image-preview":"max-image-preview:large","max-video-preview":"max-video-preview:-1"},"og_locale":"en_US","og_type":"article","og_title":"Casquette lav\u00e9e \u00e0 6\u00a0panneaux Grafton - PERLE IN","og_description":"La casquette en coton lav\u00e9 Grafton allie style d\u00e9contract\u00e9 et durabilit\u00e9 au quotidien. Fabriqu\u00e9e \u00e0 partir d\u2019un m\u00e9lange de 80\u00a0% de coton recycl\u00e9 et de 20\u00a0% de coton, elle offre un tissu doux lav\u00e9 de 245\u00a0g\/m\u00b2 qui offre une sensation de d\u00e9tente et de rodage. Con\u00e7ue pour \u00eatre port\u00e9e toute l\u2019ann\u00e9e, elle conserve sa forme et offre un ajustement confortable pour un tour de t\u00eate de 58\u00a0cm. Id\u00e9ale pour les sorties d\u00e9contract\u00e9es et les activit\u00e9s de plein air, cette casquette est un compl\u00e9ment polyvalent \u00e0 toute garde-robe.","og_url":"https:\/\/perle-in.com\/en\/product\/casquette-lavee-a-6-panneaux-grafton\/","og_site_name":"PERLE IN","article_modified_time":"2025-10-16T01:36:28+00:00","og_image":[{"width":1600,"height":1600,"url":"https:\/\/perle-in.com\/wp-content\/uploads\/2025\/10\/3868707-1.jpg","type":"image\/jpeg"}],"twitter_card":"summary_large_image","schema":{"@context":"https:\/\/schema.org","@graph":[{"@type":"WebPage","@id":"https:\/\/perle-in.com\/produit\/casquette-lavee-a-6-panneaux-grafton\/","url":"https:\/\/perle-in.com\/produit\/casquette-lavee-a-6-panneaux-grafton\/","name":"Casquette lav\u00e9e \u00e0 6\u00a0panneaux Grafton - PERLE IN","isPartOf":{"@id":"https:\/\/perle-in.com\/#website"},"primaryImageOfPage":{"@id":"https:\/\/perle-in.com\/produit\/casquette-lavee-a-6-panneaux-grafton\/#primaryimage"},"image":{"@id":"https:\/\/perle-in.com\/produit\/casquette-lavee-a-6-panneaux-grafton\/#primaryimage"},"thumbnailUrl":"https:\/\/perle-in.com\/wp-content\/uploads\/2025\/10\/3868707-1.jpg","datePublished":"2025-10-16T01:36:24+00:00","dateModified":"2025-10-16T01:36:28+00:00","breadcrumb":{"@id":"https:\/\/perle-in.com\/produit\/casquette-lavee-a-6-panneaux-grafton\/#breadcrumb"},"inLanguage":"en-CA","potentialAction":[{"@type":"ReadAction","target":["https:\/\/perle-in.com\/produit\/casquette-lavee-a-6-panneaux-grafton\/"]}]},{"@type":"ImageObject","inLanguage":"en-CA","@id":"https:\/\/perle-in.com\/produit\/casquette-lavee-a-6-panneaux-grafton\/#primaryimage","url":"https:\/\/perle-in.com\/wp-content\/uploads\/2025\/10\/3868707-1.jpg","contentUrl":"https:\/\/perle-in.com\/wp-content\/uploads\/2025\/10\/3868707-1.jpg","width":1600,"height":1600},{"@type":"BreadcrumbList","@id":"https:\/\/perle-in.com\/produit\/casquette-lavee-a-6-panneaux-grafton\/#breadcrumb","itemListElement":[{"@type":"ListItem","position":1,"name":"Accueil","item":"https:\/\/perle-in.com\/"},{"@type":"ListItem","position":2,"name":"Boutique","item":"https:\/\/perle-in.com\/boutique\/"},{"@type":"ListItem","position":3,"name":"Casquette lav\u00e9e \u00e0 6\u00a0panneaux Grafton"}]},{"@type":"WebSite","@id":"https:\/\/perle-in.com\/#website","url":"https:\/\/perle-in.com\/","name":"PERLE IN","description":"","publisher":{"@id":"https:\/\/perle-in.com\/#organization"},"potentialAction":[{"@type":"SearchAction","target":{"@type":"EntryPoint","urlTemplate":"https:\/\/perle-in.com\/?s={search_term_string}"},"query-input":{"@type":"PropertyValueSpecification","valueRequired":true,"valueName":"search_term_string"}}],"inLanguage":"en-CA"},{"@type":"Organization","@id":"https:\/\/perle-in.com\/#organization","name":"PERLE IN","url":"https:\/\/perle-in.com\/","logo":{"@type":"ImageObject","inLanguage":"en-CA","@id":"https:\/\/perle-in.com\/#\/schema\/logo\/image\/","url":"https:\/\/perle-in.com\/wp-content\/uploads\/2022\/12\/LOGO-PERLE-IN-COULEUR@3x.webp","contentUrl":"https:\/\/perle-in.com\/wp-content\/uploads\/2022\/12\/LOGO-PERLE-IN-COULEUR@3x.webp","width":1600,"height":490,"caption":"PERLE IN"},"image":{"@id":"https:\/\/perle-in.com\/#\/schema\/logo\/image\/"}}]}},"jetpack_sharing_enabled":true,"_links":{"self":[{"href":"https:\/\/perle-in.com\/en\/wp-json\/wp\/v2\/product\/573555","targetHints":{"allow":["GET"]}}],"collection":[{"href":"https:\/\/perle-in.com\/en\/wp-json\/wp\/v2\/product"}],"about":[{"href":"https:\/\/perle-in.com\/en\/wp-json\/wp\/v2\/types\/product"}],"version-history":[{"count":0,"href":"https:\/\/perle-in.com\/en\/wp-json\/wp\/v2\/product\/573555\/revisions"}],"wp:featuredmedia":[{"embeddable":true,"href":"https:\/\/perle-in.com\/en\/wp-json\/wp\/v2\/media\/573547"}],"wp:attachment":[{"href":"https:\/\/perle-in.com\/en\/wp-json\/wp\/v2\/media?parent=573555"}],"wp:term":[{"taxonomy":"product_brand","embeddable":true,"href":"https:\/\/perle-in.com\/en\/wp-json\/wp\/v2\/product_brand?post=573555"},{"taxonomy":"product_cat","embeddable":true,"href":"https:\/\/perle-in.com\/en\/wp-json\/wp\/v2\/product_cat?post=573555"},{"taxonomy":"product_tag","embeddable":true,"href":"https:\/\/perle-in.com\/en\/wp-json\/wp\/v2\/product_tag?post=573555"}],"curies":[{"name":"wp","href":"https:\/\/api.w.org\/{rel}","templated":true}]}}