{"id":573412,"date":"2025-10-16T03:17:53","date_gmt":"2025-10-16T01:17:53","guid":{"rendered":"https:\/\/perle-in.com\/produit\/ensemble-de-couverts-root-5-pieces-en-acier-inoxydable-et-bois-de-hetre\/"},"modified":"2025-10-16T03:17:55","modified_gmt":"2025-10-16T01:17:55","slug":"ensemble-de-couverts-root-5-pieces-en-acier-inoxydable-et-bois-de-hetre","status":"publish","type":"product","link":"https:\/\/perle-in.com\/en\/product\/ensemble-de-couverts-root-5-pieces-en-acier-inoxydable-et-bois-de-hetre\/","title":{"rendered":"Ensemble de couverts Root 5 pi\u00e8ces en acier inoxydable et bois de h\u00eatre"},"content":{"rendered":"","protected":false},"excerpt":{"rendered":"<p>Ensemble de couverts Root comprenant une fourchette, un couteau, une cuill\u00e8re, une paille et une brosse de nettoyage. Les couverts sont en acier inoxydable, durables et faciles \u00e0 nettoyer. Les poign\u00e9es sont en bois de h\u00eatre. Livr\u00e9 dans une pochette en coton.<\/p>","protected":false},"featured_media":573406,"template":"","meta":{"_eb_attr":""},"product_brand":[],"product_cat":[150,878],"product_tag":[3937,497,1766,1768,861,2827,1767,880,2064,131],"class_list":{"0":"post-573412","1":"product","2":"type-product","3":"status-publish","4":"has-post-thumbnail","6":"product_cat-maison-et-cuisine","7":"product_cat-ustensiles-de-cuisine","8":"product_tag-brosse-de-nettoyage","9":"product_tag-couteau","10":"product_tag-couverts","11":"product_tag-cuillere","12":"product_tag-cuisine","13":"product_tag-dejeuner","14":"product_tag-fourchette","15":"product_tag-nourriture","16":"product_tag-paille","17":"product_tag-pique-nique","18":"pa_couleurs-naturel","19":"pa_green-points-1621","21":"first","22":"instock","23":"shipping-taxable","24":"purchasable","25":"product-type-variable"},"yoast_head":"<!-- This site is optimized with the Yoast SEO plugin v27.4 - https:\/\/yoast.com\/product\/yoast-seo-wordpress\/ -->\n<title>Ensemble de couverts Root 5 pi\u00e8ces en acier inoxydable et bois de h\u00eatre - PERLE IN<\/title>\n<meta name=\"robots\" content=\"noindex, follow, max-snippet:-1, max-image-preview:large, max-video-preview:-1\" \/>\n<meta property=\"og:locale\" content=\"en_US\" \/>\n<meta property=\"og:type\" content=\"article\" \/>\n<meta property=\"og:title\" content=\"Ensemble de couverts Root 5 pi\u00e8ces en acier inoxydable et bois de h\u00eatre - PERLE IN\" \/>\n<meta property=\"og:description\" content=\"Ensemble de couverts Root comprenant une fourchette, un couteau, une cuill\u00e8re, une paille et une brosse de nettoyage. Les couverts sont en acier inoxydable, durables et faciles \u00e0 nettoyer. Les poign\u00e9es sont en bois de h\u00eatre. Livr\u00e9 dans une pochette en coton.\" \/>\n<meta property=\"og:url\" content=\"https:\/\/perle-in.com\/en\/product\/ensemble-de-couverts-root-5-pieces-en-acier-inoxydable-et-bois-de-hetre\/\" \/>\n<meta property=\"og:site_name\" content=\"PERLE IN\" \/>\n<meta property=\"article:modified_time\" content=\"2025-10-16T01:17:55+00:00\" \/>\n<meta property=\"og:image\" content=\"https:\/\/perle-in.com\/wp-content\/uploads\/2025\/10\/11341406-1.jpg\" \/>\n\t<meta property=\"og:image:width\" content=\"1600\" \/>\n\t<meta property=\"og:image:height\" content=\"1600\" \/>\n\t<meta property=\"og:image:type\" content=\"image\/jpeg\" \/>\n<meta name=\"twitter:card\" content=\"summary_large_image\" \/>\n<script type=\"application\/ld+json\" class=\"yoast-schema-graph\">{\"@context\":\"https:\\\/\\\/schema.org\",\"@graph\":[{\"@type\":\"WebPage\",\"@id\":\"https:\\\/\\\/perle-in.com\\\/produit\\\/ensemble-de-couverts-root-5-pieces-en-acier-inoxydable-et-bois-de-hetre\\\/\",\"url\":\"https:\\\/\\\/perle-in.com\\\/produit\\\/ensemble-de-couverts-root-5-pieces-en-acier-inoxydable-et-bois-de-hetre\\\/\",\"name\":\"Ensemble de couverts Root 5 pi\u00e8ces en acier inoxydable et bois de h\u00eatre - PERLE IN\",\"isPartOf\":{\"@id\":\"https:\\\/\\\/perle-in.com\\\/#website\"},\"primaryImageOfPage\":{\"@id\":\"https:\\\/\\\/perle-in.com\\\/produit\\\/ensemble-de-couverts-root-5-pieces-en-acier-inoxydable-et-bois-de-hetre\\\/#primaryimage\"},\"image\":{\"@id\":\"https:\\\/\\\/perle-in.com\\\/produit\\\/ensemble-de-couverts-root-5-pieces-en-acier-inoxydable-et-bois-de-hetre\\\/#primaryimage\"},\"thumbnailUrl\":\"https:\\\/\\\/perle-in.com\\\/wp-content\\\/uploads\\\/2025\\\/10\\\/11341406-1.jpg\",\"datePublished\":\"2025-10-16T01:17:53+00:00\",\"dateModified\":\"2025-10-16T01:17:55+00:00\",\"breadcrumb\":{\"@id\":\"https:\\\/\\\/perle-in.com\\\/produit\\\/ensemble-de-couverts-root-5-pieces-en-acier-inoxydable-et-bois-de-hetre\\\/#breadcrumb\"},\"inLanguage\":\"en-CA\",\"potentialAction\":[{\"@type\":\"ReadAction\",\"target\":[\"https:\\\/\\\/perle-in.com\\\/produit\\\/ensemble-de-couverts-root-5-pieces-en-acier-inoxydable-et-bois-de-hetre\\\/\"]}]},{\"@type\":\"ImageObject\",\"inLanguage\":\"en-CA\",\"@id\":\"https:\\\/\\\/perle-in.com\\\/produit\\\/ensemble-de-couverts-root-5-pieces-en-acier-inoxydable-et-bois-de-hetre\\\/#primaryimage\",\"url\":\"https:\\\/\\\/perle-in.com\\\/wp-content\\\/uploads\\\/2025\\\/10\\\/11341406-1.jpg\",\"contentUrl\":\"https:\\\/\\\/perle-in.com\\\/wp-content\\\/uploads\\\/2025\\\/10\\\/11341406-1.jpg\",\"width\":1600,\"height\":1600},{\"@type\":\"BreadcrumbList\",\"@id\":\"https:\\\/\\\/perle-in.com\\\/produit\\\/ensemble-de-couverts-root-5-pieces-en-acier-inoxydable-et-bois-de-hetre\\\/#breadcrumb\",\"itemListElement\":[{\"@type\":\"ListItem\",\"position\":1,\"name\":\"Accueil\",\"item\":\"https:\\\/\\\/perle-in.com\\\/\"},{\"@type\":\"ListItem\",\"position\":2,\"name\":\"Boutique\",\"item\":\"https:\\\/\\\/perle-in.com\\\/boutique\\\/\"},{\"@type\":\"ListItem\",\"position\":3,\"name\":\"Ensemble de couverts Root 5 pi\u00e8ces en acier inoxydable et bois de h\u00eatre\"}]},{\"@type\":\"WebSite\",\"@id\":\"https:\\\/\\\/perle-in.com\\\/#website\",\"url\":\"https:\\\/\\\/perle-in.com\\\/\",\"name\":\"PERLE IN\",\"description\":\"\",\"publisher\":{\"@id\":\"https:\\\/\\\/perle-in.com\\\/#organization\"},\"potentialAction\":[{\"@type\":\"SearchAction\",\"target\":{\"@type\":\"EntryPoint\",\"urlTemplate\":\"https:\\\/\\\/perle-in.com\\\/?s={search_term_string}\"},\"query-input\":{\"@type\":\"PropertyValueSpecification\",\"valueRequired\":true,\"valueName\":\"search_term_string\"}}],\"inLanguage\":\"en-CA\"},{\"@type\":\"Organization\",\"@id\":\"https:\\\/\\\/perle-in.com\\\/#organization\",\"name\":\"PERLE IN\",\"url\":\"https:\\\/\\\/perle-in.com\\\/\",\"logo\":{\"@type\":\"ImageObject\",\"inLanguage\":\"en-CA\",\"@id\":\"https:\\\/\\\/perle-in.com\\\/#\\\/schema\\\/logo\\\/image\\\/\",\"url\":\"https:\\\/\\\/perle-in.com\\\/wp-content\\\/uploads\\\/2022\\\/12\\\/LOGO-PERLE-IN-COULEUR@3x.webp\",\"contentUrl\":\"https:\\\/\\\/perle-in.com\\\/wp-content\\\/uploads\\\/2022\\\/12\\\/LOGO-PERLE-IN-COULEUR@3x.webp\",\"width\":1600,\"height\":490,\"caption\":\"PERLE IN\"},\"image\":{\"@id\":\"https:\\\/\\\/perle-in.com\\\/#\\\/schema\\\/logo\\\/image\\\/\"}}]}<\/script>\n<!-- \/ Yoast SEO plugin. -->","yoast_head_json":{"title":"Ensemble de couverts Root 5 pi\u00e8ces en acier inoxydable et bois de h\u00eatre - PERLE IN","robots":{"index":"noindex","follow":"follow","max-snippet":"max-snippet:-1","max-image-preview":"max-image-preview:large","max-video-preview":"max-video-preview:-1"},"og_locale":"en_US","og_type":"article","og_title":"Ensemble de couverts Root 5 pi\u00e8ces en acier inoxydable et bois de h\u00eatre - PERLE IN","og_description":"Ensemble de couverts Root comprenant une fourchette, un couteau, une cuill\u00e8re, une paille et une brosse de nettoyage. Les couverts sont en acier inoxydable, durables et faciles \u00e0 nettoyer. Les poign\u00e9es sont en bois de h\u00eatre. Livr\u00e9 dans une pochette en coton.","og_url":"https:\/\/perle-in.com\/en\/product\/ensemble-de-couverts-root-5-pieces-en-acier-inoxydable-et-bois-de-hetre\/","og_site_name":"PERLE IN","article_modified_time":"2025-10-16T01:17:55+00:00","og_image":[{"width":1600,"height":1600,"url":"https:\/\/perle-in.com\/wp-content\/uploads\/2025\/10\/11341406-1.jpg","type":"image\/jpeg"}],"twitter_card":"summary_large_image","schema":{"@context":"https:\/\/schema.org","@graph":[{"@type":"WebPage","@id":"https:\/\/perle-in.com\/produit\/ensemble-de-couverts-root-5-pieces-en-acier-inoxydable-et-bois-de-hetre\/","url":"https:\/\/perle-in.com\/produit\/ensemble-de-couverts-root-5-pieces-en-acier-inoxydable-et-bois-de-hetre\/","name":"Ensemble de couverts Root 5 pi\u00e8ces en acier inoxydable et bois de h\u00eatre - PERLE IN","isPartOf":{"@id":"https:\/\/perle-in.com\/#website"},"primaryImageOfPage":{"@id":"https:\/\/perle-in.com\/produit\/ensemble-de-couverts-root-5-pieces-en-acier-inoxydable-et-bois-de-hetre\/#primaryimage"},"image":{"@id":"https:\/\/perle-in.com\/produit\/ensemble-de-couverts-root-5-pieces-en-acier-inoxydable-et-bois-de-hetre\/#primaryimage"},"thumbnailUrl":"https:\/\/perle-in.com\/wp-content\/uploads\/2025\/10\/11341406-1.jpg","datePublished":"2025-10-16T01:17:53+00:00","dateModified":"2025-10-16T01:17:55+00:00","breadcrumb":{"@id":"https:\/\/perle-in.com\/produit\/ensemble-de-couverts-root-5-pieces-en-acier-inoxydable-et-bois-de-hetre\/#breadcrumb"},"inLanguage":"en-CA","potentialAction":[{"@type":"ReadAction","target":["https:\/\/perle-in.com\/produit\/ensemble-de-couverts-root-5-pieces-en-acier-inoxydable-et-bois-de-hetre\/"]}]},{"@type":"ImageObject","inLanguage":"en-CA","@id":"https:\/\/perle-in.com\/produit\/ensemble-de-couverts-root-5-pieces-en-acier-inoxydable-et-bois-de-hetre\/#primaryimage","url":"https:\/\/perle-in.com\/wp-content\/uploads\/2025\/10\/11341406-1.jpg","contentUrl":"https:\/\/perle-in.com\/wp-content\/uploads\/2025\/10\/11341406-1.jpg","width":1600,"height":1600},{"@type":"BreadcrumbList","@id":"https:\/\/perle-in.com\/produit\/ensemble-de-couverts-root-5-pieces-en-acier-inoxydable-et-bois-de-hetre\/#breadcrumb","itemListElement":[{"@type":"ListItem","position":1,"name":"Accueil","item":"https:\/\/perle-in.com\/"},{"@type":"ListItem","position":2,"name":"Boutique","item":"https:\/\/perle-in.com\/boutique\/"},{"@type":"ListItem","position":3,"name":"Ensemble de couverts Root 5 pi\u00e8ces en acier inoxydable et bois de h\u00eatre"}]},{"@type":"WebSite","@id":"https:\/\/perle-in.com\/#website","url":"https:\/\/perle-in.com\/","name":"PERLE IN","description":"","publisher":{"@id":"https:\/\/perle-in.com\/#organization"},"potentialAction":[{"@type":"SearchAction","target":{"@type":"EntryPoint","urlTemplate":"https:\/\/perle-in.com\/?s={search_term_string}"},"query-input":{"@type":"PropertyValueSpecification","valueRequired":true,"valueName":"search_term_string"}}],"inLanguage":"en-CA"},{"@type":"Organization","@id":"https:\/\/perle-in.com\/#organization","name":"PERLE IN","url":"https:\/\/perle-in.com\/","logo":{"@type":"ImageObject","inLanguage":"en-CA","@id":"https:\/\/perle-in.com\/#\/schema\/logo\/image\/","url":"https:\/\/perle-in.com\/wp-content\/uploads\/2022\/12\/LOGO-PERLE-IN-COULEUR@3x.webp","contentUrl":"https:\/\/perle-in.com\/wp-content\/uploads\/2022\/12\/LOGO-PERLE-IN-COULEUR@3x.webp","width":1600,"height":490,"caption":"PERLE IN"},"image":{"@id":"https:\/\/perle-in.com\/#\/schema\/logo\/image\/"}}]}},"jetpack_sharing_enabled":true,"_links":{"self":[{"href":"https:\/\/perle-in.com\/en\/wp-json\/wp\/v2\/product\/573412","targetHints":{"allow":["GET"]}}],"collection":[{"href":"https:\/\/perle-in.com\/en\/wp-json\/wp\/v2\/product"}],"about":[{"href":"https:\/\/perle-in.com\/en\/wp-json\/wp\/v2\/types\/product"}],"version-history":[{"count":0,"href":"https:\/\/perle-in.com\/en\/wp-json\/wp\/v2\/product\/573412\/revisions"}],"wp:featuredmedia":[{"embeddable":true,"href":"https:\/\/perle-in.com\/en\/wp-json\/wp\/v2\/media\/573406"}],"wp:attachment":[{"href":"https:\/\/perle-in.com\/en\/wp-json\/wp\/v2\/media?parent=573412"}],"wp:term":[{"taxonomy":"product_brand","embeddable":true,"href":"https:\/\/perle-in.com\/en\/wp-json\/wp\/v2\/product_brand?post=573412"},{"taxonomy":"product_cat","embeddable":true,"href":"https:\/\/perle-in.com\/en\/wp-json\/wp\/v2\/product_cat?post=573412"},{"taxonomy":"product_tag","embeddable":true,"href":"https:\/\/perle-in.com\/en\/wp-json\/wp\/v2\/product_tag?post=573412"}],"curies":[{"name":"wp","href":"https:\/\/api.w.org\/{rel}","templated":true}]}}