{"id":573350,"date":"2025-10-16T03:09:42","date_gmt":"2025-10-16T01:09:42","guid":{"rendered":"https:\/\/perle-in.com\/produit\/pull-a-col-ras-du-cou-yukon-unisexe-en-tissu-interlock-pour-le-sport\/"},"modified":"2025-10-16T03:09:49","modified_gmt":"2025-10-16T01:09:49","slug":"pull-a-col-ras-du-cou-yukon-unisexe-en-tissu-interlock-pour-le-sport","status":"publish","type":"product","link":"https:\/\/perle-in.com\/en\/product\/pull-a-col-ras-du-cou-yukon-unisexe-en-tissu-interlock-pour-le-sport\/","title":{"rendered":"Pull \u00e0 col ras-du-cou Yukon unisexe en tissu interlock pour le sport"},"content":{"rendered":"","protected":false},"excerpt":{"rendered":"<p>Le pull ras du cou unisexe \u00e0 manches longues Yukon est fabriqu\u00e9 \u00e0 partir d\u2019un m\u00e9lange de tissu interlock avanc\u00e9 de rayonne, de polyester et d\u2019\u00e9lasthanne. Il offre une sensation de douceur et de souplesse avec juste ce qu\u2019il faut d\u2019extensibilit\u00e9. Cela permet d\u2019\u00e9vacuer l\u2019humidit\u00e9, de conserver la forme et d\u2019avoir un toucher doux qui bouge avec le corps. Cela le rend id\u00e9al pour le sport et la vie quotidienne. Con\u00e7u avec une silhouette \u00e9pur\u00e9e et unisexe, le pull Yukon offre une coupe \u00e9pur\u00e9e adapt\u00e9e \u00e0 toutes les garde-robes. Le tissu durable et la construction respirante en font un v\u00eatement parfait pour les superpositions ou pour \u00eatre port\u00e9 seul.<\/p>","protected":false},"featured_media":573334,"template":"","meta":{"_eb_attr":""},"product_brand":[],"product_cat":[1262,1024],"product_tag":[2382,2451,3393,2437,2441],"class_list":{"0":"post-573350","1":"product","2":"type-product","3":"status-publish","4":"has-post-thumbnail","6":"product_cat-sweat","7":"product_cat-vetements","8":"product_tag-haut","9":"product_tag-pull","10":"product_tag-pull-over","11":"product_tag-sweat-shirt","12":"product_tag-tricot","13":"pa_couleurs-noir","14":"pa_genre-unisex","15":"pa_green-points-2652","16":"pa_marque-elevate-life","17":"pa_matiere-tricot-interlock-27-viscose-et-66-polyester-recycle-et-7-elasthanne-350-g-m2","18":"pa_pays-d-origine-bengladesh","19":"pa_taille-2xs","20":"pa_taille-3xl","21":"pa_taille-l","22":"pa_taille-m","23":"pa_taille-s","24":"pa_taille-xl","25":"pa_taille-xs","26":"pa_taille-xxl","28":"first","29":"instock","30":"shipping-taxable","31":"purchasable","32":"product-type-variable"},"yoast_head":"<!-- This site is optimized with the Yoast SEO plugin v27.4 - https:\/\/yoast.com\/product\/yoast-seo-wordpress\/ -->\n<title>Pull \u00e0 col ras-du-cou Yukon unisexe en tissu interlock pour le sport - PERLE IN<\/title>\n<meta name=\"robots\" content=\"noindex, follow, max-snippet:-1, max-image-preview:large, max-video-preview:-1\" \/>\n<meta property=\"og:locale\" content=\"en_US\" \/>\n<meta property=\"og:type\" content=\"article\" \/>\n<meta property=\"og:title\" content=\"Pull \u00e0 col ras-du-cou Yukon unisexe en tissu interlock pour le sport - PERLE IN\" \/>\n<meta property=\"og:description\" content=\"Le pull ras du cou unisexe \u00e0 manches longues Yukon est fabriqu\u00e9 \u00e0 partir d\u2019un m\u00e9lange de tissu interlock avanc\u00e9 de rayonne, de polyester et d\u2019\u00e9lasthanne. Il offre une sensation de douceur et de souplesse avec juste ce qu\u2019il faut d\u2019extensibilit\u00e9. Cela permet d\u2019\u00e9vacuer l\u2019humidit\u00e9, de conserver la forme et d\u2019avoir un toucher doux qui bouge avec le corps. Cela le rend id\u00e9al pour le sport et la vie quotidienne. Con\u00e7u avec une silhouette \u00e9pur\u00e9e et unisexe, le pull Yukon offre une coupe \u00e9pur\u00e9e adapt\u00e9e \u00e0 toutes les garde-robes. Le tissu durable et la construction respirante en font un v\u00eatement parfait pour les superpositions ou pour \u00eatre port\u00e9 seul.\" \/>\n<meta property=\"og:url\" content=\"https:\/\/perle-in.com\/en\/product\/pull-a-col-ras-du-cou-yukon-unisexe-en-tissu-interlock-pour-le-sport\/\" \/>\n<meta property=\"og:site_name\" content=\"PERLE IN\" \/>\n<meta property=\"article:modified_time\" content=\"2025-10-16T01:09:49+00:00\" \/>\n<meta property=\"og:image\" content=\"https:\/\/perle-in.com\/wp-content\/uploads\/2025\/10\/3823890-1.jpg\" \/>\n\t<meta property=\"og:image:width\" content=\"1600\" \/>\n\t<meta property=\"og:image:height\" content=\"1600\" \/>\n\t<meta property=\"og:image:type\" content=\"image\/jpeg\" \/>\n<meta name=\"twitter:card\" content=\"summary_large_image\" \/>\n<script type=\"application\/ld+json\" class=\"yoast-schema-graph\">{\"@context\":\"https:\\\/\\\/schema.org\",\"@graph\":[{\"@type\":\"WebPage\",\"@id\":\"https:\\\/\\\/perle-in.com\\\/produit\\\/pull-a-col-ras-du-cou-yukon-unisexe-en-tissu-interlock-pour-le-sport\\\/\",\"url\":\"https:\\\/\\\/perle-in.com\\\/produit\\\/pull-a-col-ras-du-cou-yukon-unisexe-en-tissu-interlock-pour-le-sport\\\/\",\"name\":\"Pull \u00e0 col ras-du-cou Yukon unisexe en tissu interlock pour le sport - PERLE IN\",\"isPartOf\":{\"@id\":\"https:\\\/\\\/perle-in.com\\\/#website\"},\"primaryImageOfPage\":{\"@id\":\"https:\\\/\\\/perle-in.com\\\/produit\\\/pull-a-col-ras-du-cou-yukon-unisexe-en-tissu-interlock-pour-le-sport\\\/#primaryimage\"},\"image\":{\"@id\":\"https:\\\/\\\/perle-in.com\\\/produit\\\/pull-a-col-ras-du-cou-yukon-unisexe-en-tissu-interlock-pour-le-sport\\\/#primaryimage\"},\"thumbnailUrl\":\"https:\\\/\\\/perle-in.com\\\/wp-content\\\/uploads\\\/2025\\\/10\\\/3823890-1.jpg\",\"datePublished\":\"2025-10-16T01:09:42+00:00\",\"dateModified\":\"2025-10-16T01:09:49+00:00\",\"breadcrumb\":{\"@id\":\"https:\\\/\\\/perle-in.com\\\/produit\\\/pull-a-col-ras-du-cou-yukon-unisexe-en-tissu-interlock-pour-le-sport\\\/#breadcrumb\"},\"inLanguage\":\"en-CA\",\"potentialAction\":[{\"@type\":\"ReadAction\",\"target\":[\"https:\\\/\\\/perle-in.com\\\/produit\\\/pull-a-col-ras-du-cou-yukon-unisexe-en-tissu-interlock-pour-le-sport\\\/\"]}]},{\"@type\":\"ImageObject\",\"inLanguage\":\"en-CA\",\"@id\":\"https:\\\/\\\/perle-in.com\\\/produit\\\/pull-a-col-ras-du-cou-yukon-unisexe-en-tissu-interlock-pour-le-sport\\\/#primaryimage\",\"url\":\"https:\\\/\\\/perle-in.com\\\/wp-content\\\/uploads\\\/2025\\\/10\\\/3823890-1.jpg\",\"contentUrl\":\"https:\\\/\\\/perle-in.com\\\/wp-content\\\/uploads\\\/2025\\\/10\\\/3823890-1.jpg\",\"width\":1600,\"height\":1600},{\"@type\":\"BreadcrumbList\",\"@id\":\"https:\\\/\\\/perle-in.com\\\/produit\\\/pull-a-col-ras-du-cou-yukon-unisexe-en-tissu-interlock-pour-le-sport\\\/#breadcrumb\",\"itemListElement\":[{\"@type\":\"ListItem\",\"position\":1,\"name\":\"Accueil\",\"item\":\"https:\\\/\\\/perle-in.com\\\/\"},{\"@type\":\"ListItem\",\"position\":2,\"name\":\"Boutique\",\"item\":\"https:\\\/\\\/perle-in.com\\\/boutique\\\/\"},{\"@type\":\"ListItem\",\"position\":3,\"name\":\"Pull \u00e0 col ras-du-cou Yukon unisexe en tissu interlock pour le sport\"}]},{\"@type\":\"WebSite\",\"@id\":\"https:\\\/\\\/perle-in.com\\\/#website\",\"url\":\"https:\\\/\\\/perle-in.com\\\/\",\"name\":\"PERLE IN\",\"description\":\"\",\"publisher\":{\"@id\":\"https:\\\/\\\/perle-in.com\\\/#organization\"},\"potentialAction\":[{\"@type\":\"SearchAction\",\"target\":{\"@type\":\"EntryPoint\",\"urlTemplate\":\"https:\\\/\\\/perle-in.com\\\/?s={search_term_string}\"},\"query-input\":{\"@type\":\"PropertyValueSpecification\",\"valueRequired\":true,\"valueName\":\"search_term_string\"}}],\"inLanguage\":\"en-CA\"},{\"@type\":\"Organization\",\"@id\":\"https:\\\/\\\/perle-in.com\\\/#organization\",\"name\":\"PERLE IN\",\"url\":\"https:\\\/\\\/perle-in.com\\\/\",\"logo\":{\"@type\":\"ImageObject\",\"inLanguage\":\"en-CA\",\"@id\":\"https:\\\/\\\/perle-in.com\\\/#\\\/schema\\\/logo\\\/image\\\/\",\"url\":\"https:\\\/\\\/perle-in.com\\\/wp-content\\\/uploads\\\/2022\\\/12\\\/LOGO-PERLE-IN-COULEUR@3x.webp\",\"contentUrl\":\"https:\\\/\\\/perle-in.com\\\/wp-content\\\/uploads\\\/2022\\\/12\\\/LOGO-PERLE-IN-COULEUR@3x.webp\",\"width\":1600,\"height\":490,\"caption\":\"PERLE IN\"},\"image\":{\"@id\":\"https:\\\/\\\/perle-in.com\\\/#\\\/schema\\\/logo\\\/image\\\/\"}}]}<\/script>\n<!-- \/ Yoast SEO plugin. -->","yoast_head_json":{"title":"Pull \u00e0 col ras-du-cou Yukon unisexe en tissu interlock pour le sport - PERLE IN","robots":{"index":"noindex","follow":"follow","max-snippet":"max-snippet:-1","max-image-preview":"max-image-preview:large","max-video-preview":"max-video-preview:-1"},"og_locale":"en_US","og_type":"article","og_title":"Pull \u00e0 col ras-du-cou Yukon unisexe en tissu interlock pour le sport - PERLE IN","og_description":"Le pull ras du cou unisexe \u00e0 manches longues Yukon est fabriqu\u00e9 \u00e0 partir d\u2019un m\u00e9lange de tissu interlock avanc\u00e9 de rayonne, de polyester et d\u2019\u00e9lasthanne. Il offre une sensation de douceur et de souplesse avec juste ce qu\u2019il faut d\u2019extensibilit\u00e9. Cela permet d\u2019\u00e9vacuer l\u2019humidit\u00e9, de conserver la forme et d\u2019avoir un toucher doux qui bouge avec le corps. Cela le rend id\u00e9al pour le sport et la vie quotidienne. Con\u00e7u avec une silhouette \u00e9pur\u00e9e et unisexe, le pull Yukon offre une coupe \u00e9pur\u00e9e adapt\u00e9e \u00e0 toutes les garde-robes. Le tissu durable et la construction respirante en font un v\u00eatement parfait pour les superpositions ou pour \u00eatre port\u00e9 seul.","og_url":"https:\/\/perle-in.com\/en\/product\/pull-a-col-ras-du-cou-yukon-unisexe-en-tissu-interlock-pour-le-sport\/","og_site_name":"PERLE IN","article_modified_time":"2025-10-16T01:09:49+00:00","og_image":[{"width":1600,"height":1600,"url":"https:\/\/perle-in.com\/wp-content\/uploads\/2025\/10\/3823890-1.jpg","type":"image\/jpeg"}],"twitter_card":"summary_large_image","schema":{"@context":"https:\/\/schema.org","@graph":[{"@type":"WebPage","@id":"https:\/\/perle-in.com\/produit\/pull-a-col-ras-du-cou-yukon-unisexe-en-tissu-interlock-pour-le-sport\/","url":"https:\/\/perle-in.com\/produit\/pull-a-col-ras-du-cou-yukon-unisexe-en-tissu-interlock-pour-le-sport\/","name":"Pull \u00e0 col ras-du-cou Yukon unisexe en tissu interlock pour le sport - PERLE IN","isPartOf":{"@id":"https:\/\/perle-in.com\/#website"},"primaryImageOfPage":{"@id":"https:\/\/perle-in.com\/produit\/pull-a-col-ras-du-cou-yukon-unisexe-en-tissu-interlock-pour-le-sport\/#primaryimage"},"image":{"@id":"https:\/\/perle-in.com\/produit\/pull-a-col-ras-du-cou-yukon-unisexe-en-tissu-interlock-pour-le-sport\/#primaryimage"},"thumbnailUrl":"https:\/\/perle-in.com\/wp-content\/uploads\/2025\/10\/3823890-1.jpg","datePublished":"2025-10-16T01:09:42+00:00","dateModified":"2025-10-16T01:09:49+00:00","breadcrumb":{"@id":"https:\/\/perle-in.com\/produit\/pull-a-col-ras-du-cou-yukon-unisexe-en-tissu-interlock-pour-le-sport\/#breadcrumb"},"inLanguage":"en-CA","potentialAction":[{"@type":"ReadAction","target":["https:\/\/perle-in.com\/produit\/pull-a-col-ras-du-cou-yukon-unisexe-en-tissu-interlock-pour-le-sport\/"]}]},{"@type":"ImageObject","inLanguage":"en-CA","@id":"https:\/\/perle-in.com\/produit\/pull-a-col-ras-du-cou-yukon-unisexe-en-tissu-interlock-pour-le-sport\/#primaryimage","url":"https:\/\/perle-in.com\/wp-content\/uploads\/2025\/10\/3823890-1.jpg","contentUrl":"https:\/\/perle-in.com\/wp-content\/uploads\/2025\/10\/3823890-1.jpg","width":1600,"height":1600},{"@type":"BreadcrumbList","@id":"https:\/\/perle-in.com\/produit\/pull-a-col-ras-du-cou-yukon-unisexe-en-tissu-interlock-pour-le-sport\/#breadcrumb","itemListElement":[{"@type":"ListItem","position":1,"name":"Accueil","item":"https:\/\/perle-in.com\/"},{"@type":"ListItem","position":2,"name":"Boutique","item":"https:\/\/perle-in.com\/boutique\/"},{"@type":"ListItem","position":3,"name":"Pull \u00e0 col ras-du-cou Yukon unisexe en tissu interlock pour le sport"}]},{"@type":"WebSite","@id":"https:\/\/perle-in.com\/#website","url":"https:\/\/perle-in.com\/","name":"PERLE IN","description":"","publisher":{"@id":"https:\/\/perle-in.com\/#organization"},"potentialAction":[{"@type":"SearchAction","target":{"@type":"EntryPoint","urlTemplate":"https:\/\/perle-in.com\/?s={search_term_string}"},"query-input":{"@type":"PropertyValueSpecification","valueRequired":true,"valueName":"search_term_string"}}],"inLanguage":"en-CA"},{"@type":"Organization","@id":"https:\/\/perle-in.com\/#organization","name":"PERLE IN","url":"https:\/\/perle-in.com\/","logo":{"@type":"ImageObject","inLanguage":"en-CA","@id":"https:\/\/perle-in.com\/#\/schema\/logo\/image\/","url":"https:\/\/perle-in.com\/wp-content\/uploads\/2022\/12\/LOGO-PERLE-IN-COULEUR@3x.webp","contentUrl":"https:\/\/perle-in.com\/wp-content\/uploads\/2022\/12\/LOGO-PERLE-IN-COULEUR@3x.webp","width":1600,"height":490,"caption":"PERLE IN"},"image":{"@id":"https:\/\/perle-in.com\/#\/schema\/logo\/image\/"}}]}},"jetpack_sharing_enabled":true,"_links":{"self":[{"href":"https:\/\/perle-in.com\/en\/wp-json\/wp\/v2\/product\/573350","targetHints":{"allow":["GET"]}}],"collection":[{"href":"https:\/\/perle-in.com\/en\/wp-json\/wp\/v2\/product"}],"about":[{"href":"https:\/\/perle-in.com\/en\/wp-json\/wp\/v2\/types\/product"}],"version-history":[{"count":0,"href":"https:\/\/perle-in.com\/en\/wp-json\/wp\/v2\/product\/573350\/revisions"}],"wp:featuredmedia":[{"embeddable":true,"href":"https:\/\/perle-in.com\/en\/wp-json\/wp\/v2\/media\/573334"}],"wp:attachment":[{"href":"https:\/\/perle-in.com\/en\/wp-json\/wp\/v2\/media?parent=573350"}],"wp:term":[{"taxonomy":"product_brand","embeddable":true,"href":"https:\/\/perle-in.com\/en\/wp-json\/wp\/v2\/product_brand?post=573350"},{"taxonomy":"product_cat","embeddable":true,"href":"https:\/\/perle-in.com\/en\/wp-json\/wp\/v2\/product_cat?post=573350"},{"taxonomy":"product_tag","embeddable":true,"href":"https:\/\/perle-in.com\/en\/wp-json\/wp\/v2\/product_tag?post=573350"}],"curies":[{"name":"wp","href":"https:\/\/api.w.org\/{rel}","templated":true}]}}