{"id":573271,"date":"2025-10-16T02:53:17","date_gmt":"2025-10-16T00:53:17","guid":{"rendered":"https:\/\/perle-in.com\/produit\/sac-shopping-siam-en-tissu-eponge-recycle-grs-de-13-l\/"},"modified":"2025-10-16T02:53:21","modified_gmt":"2025-10-16T00:53:21","slug":"sac-shopping-siam-en-tissu-eponge-recycle-grs-de-13-l","status":"publish","type":"product","link":"https:\/\/perle-in.com\/en\/product\/sac-shopping-siam-en-tissu-eponge-recycle-grs-de-13-l\/","title":{"rendered":"Sac shopping Siam en tissu \u00e9ponge recycl\u00e9 GRS de 13\u00a0L"},"content":{"rendered":"","protected":false},"excerpt":{"rendered":"<p>Doux, \u00e9l\u00e9gant et polyvalent sans effort, le sac shopping Siam en tissu \u00e9ponge est le compagnon id\u00e9al de l\u2019\u00e9t\u00e9. Fabriqu\u00e9 en tissu \u00e9ponge certifi\u00e9 GRS (88\u00a0% de polyester recycl\u00e9, 12\u00a0% de polyamide), il offre une sensation de confort et de l\u00e9g\u00e8ret\u00e9, id\u00e9ale pour les sorties par temps chaud. Dot\u00e9 d\u2019une poign\u00e9e de 27\u00a0cm pour faciliter le transport et d\u2019une capacit\u00e9 spacieuse de 13\u00a0litres, ce sac shopping est \u00e0 la fois pratique et chic. Pour la plage, la ville ou les courses, le sac shopping Siam en tissu \u00e9ponge ajoute une touche d\u00e9contract\u00e9e et raffin\u00e9e \u00e0 tous les looks.<\/p>","protected":false},"featured_media":573263,"template":"","meta":{"_eb_attr":""},"product_brand":[],"product_cat":[159,959],"product_tag":[1827,905,1320,167,282,283,904,3928],"class_list":{"0":"post-573271","1":"product","2":"type-product","3":"status-publish","4":"has-post-thumbnail","6":"product_cat-sacs","7":"product_cat-sacs-de-shopping","8":"product_tag-besace","9":"product_tag-courses","10":"product_tag-ete","11":"product_tag-plage","12":"product_tag-sac","13":"product_tag-sacs","14":"product_tag-shopping","15":"product_tag-tissu-eponge","16":"pa_couleurs-bleu-nuage","17":"pa_couleurs-citron-vert","18":"pa_couleurs-lilas","19":"pa_couleurs-marine","20":"pa_green-points-2652","21":"pa_matiere-88-polyester-recycle-certifie-grs-et-12-polyamide","23":"first","24":"instock","25":"shipping-taxable","26":"purchasable","27":"product-type-variable"},"yoast_head":"<!-- This site is optimized with the Yoast SEO plugin v27.4 - https:\/\/yoast.com\/product\/yoast-seo-wordpress\/ -->\n<title>Sac shopping Siam en tissu \u00e9ponge recycl\u00e9 GRS de 13\u00a0L - PERLE IN<\/title>\n<meta name=\"robots\" content=\"noindex, follow, max-snippet:-1, max-image-preview:large, max-video-preview:-1\" \/>\n<meta property=\"og:locale\" content=\"en_US\" \/>\n<meta property=\"og:type\" content=\"article\" \/>\n<meta property=\"og:title\" content=\"Sac shopping Siam en tissu \u00e9ponge recycl\u00e9 GRS de 13\u00a0L - PERLE IN\" \/>\n<meta property=\"og:description\" content=\"Doux, \u00e9l\u00e9gant et polyvalent sans effort, le sac shopping Siam en tissu \u00e9ponge est le compagnon id\u00e9al de l\u2019\u00e9t\u00e9. Fabriqu\u00e9 en tissu \u00e9ponge certifi\u00e9 GRS (88\u00a0% de polyester recycl\u00e9, 12\u00a0% de polyamide), il offre une sensation de confort et de l\u00e9g\u00e8ret\u00e9, id\u00e9ale pour les sorties par temps chaud. Dot\u00e9 d\u2019une poign\u00e9e de 27\u00a0cm pour faciliter le transport et d\u2019une capacit\u00e9 spacieuse de 13\u00a0litres, ce sac shopping est \u00e0 la fois pratique et chic. Pour la plage, la ville ou les courses, le sac shopping Siam en tissu \u00e9ponge ajoute une touche d\u00e9contract\u00e9e et raffin\u00e9e \u00e0 tous les looks.\" \/>\n<meta property=\"og:url\" content=\"https:\/\/perle-in.com\/en\/product\/sac-shopping-siam-en-tissu-eponge-recycle-grs-de-13-l\/\" \/>\n<meta property=\"og:site_name\" content=\"PERLE IN\" \/>\n<meta property=\"article:modified_time\" content=\"2025-10-16T00:53:21+00:00\" \/>\n<meta property=\"og:image\" content=\"https:\/\/perle-in.com\/wp-content\/uploads\/2025\/10\/12075235-1.jpg\" \/>\n\t<meta property=\"og:image:width\" content=\"1600\" \/>\n\t<meta property=\"og:image:height\" content=\"1600\" \/>\n\t<meta property=\"og:image:type\" content=\"image\/jpeg\" \/>\n<meta name=\"twitter:card\" content=\"summary_large_image\" \/>\n<script type=\"application\/ld+json\" class=\"yoast-schema-graph\">{\"@context\":\"https:\\\/\\\/schema.org\",\"@graph\":[{\"@type\":\"WebPage\",\"@id\":\"https:\\\/\\\/perle-in.com\\\/produit\\\/sac-shopping-siam-en-tissu-eponge-recycle-grs-de-13-l\\\/\",\"url\":\"https:\\\/\\\/perle-in.com\\\/produit\\\/sac-shopping-siam-en-tissu-eponge-recycle-grs-de-13-l\\\/\",\"name\":\"Sac shopping Siam en tissu \u00e9ponge recycl\u00e9 GRS de 13\u00a0L - PERLE IN\",\"isPartOf\":{\"@id\":\"https:\\\/\\\/perle-in.com\\\/#website\"},\"primaryImageOfPage\":{\"@id\":\"https:\\\/\\\/perle-in.com\\\/produit\\\/sac-shopping-siam-en-tissu-eponge-recycle-grs-de-13-l\\\/#primaryimage\"},\"image\":{\"@id\":\"https:\\\/\\\/perle-in.com\\\/produit\\\/sac-shopping-siam-en-tissu-eponge-recycle-grs-de-13-l\\\/#primaryimage\"},\"thumbnailUrl\":\"https:\\\/\\\/perle-in.com\\\/wp-content\\\/uploads\\\/2025\\\/10\\\/12075235-1.jpg\",\"datePublished\":\"2025-10-16T00:53:17+00:00\",\"dateModified\":\"2025-10-16T00:53:21+00:00\",\"breadcrumb\":{\"@id\":\"https:\\\/\\\/perle-in.com\\\/produit\\\/sac-shopping-siam-en-tissu-eponge-recycle-grs-de-13-l\\\/#breadcrumb\"},\"inLanguage\":\"en-CA\",\"potentialAction\":[{\"@type\":\"ReadAction\",\"target\":[\"https:\\\/\\\/perle-in.com\\\/produit\\\/sac-shopping-siam-en-tissu-eponge-recycle-grs-de-13-l\\\/\"]}]},{\"@type\":\"ImageObject\",\"inLanguage\":\"en-CA\",\"@id\":\"https:\\\/\\\/perle-in.com\\\/produit\\\/sac-shopping-siam-en-tissu-eponge-recycle-grs-de-13-l\\\/#primaryimage\",\"url\":\"https:\\\/\\\/perle-in.com\\\/wp-content\\\/uploads\\\/2025\\\/10\\\/12075235-1.jpg\",\"contentUrl\":\"https:\\\/\\\/perle-in.com\\\/wp-content\\\/uploads\\\/2025\\\/10\\\/12075235-1.jpg\",\"width\":1600,\"height\":1600},{\"@type\":\"BreadcrumbList\",\"@id\":\"https:\\\/\\\/perle-in.com\\\/produit\\\/sac-shopping-siam-en-tissu-eponge-recycle-grs-de-13-l\\\/#breadcrumb\",\"itemListElement\":[{\"@type\":\"ListItem\",\"position\":1,\"name\":\"Accueil\",\"item\":\"https:\\\/\\\/perle-in.com\\\/\"},{\"@type\":\"ListItem\",\"position\":2,\"name\":\"Boutique\",\"item\":\"https:\\\/\\\/perle-in.com\\\/boutique\\\/\"},{\"@type\":\"ListItem\",\"position\":3,\"name\":\"Sac shopping Siam en tissu \u00e9ponge recycl\u00e9 GRS de 13\u00a0L\"}]},{\"@type\":\"WebSite\",\"@id\":\"https:\\\/\\\/perle-in.com\\\/#website\",\"url\":\"https:\\\/\\\/perle-in.com\\\/\",\"name\":\"PERLE IN\",\"description\":\"\",\"publisher\":{\"@id\":\"https:\\\/\\\/perle-in.com\\\/#organization\"},\"potentialAction\":[{\"@type\":\"SearchAction\",\"target\":{\"@type\":\"EntryPoint\",\"urlTemplate\":\"https:\\\/\\\/perle-in.com\\\/?s={search_term_string}\"},\"query-input\":{\"@type\":\"PropertyValueSpecification\",\"valueRequired\":true,\"valueName\":\"search_term_string\"}}],\"inLanguage\":\"en-CA\"},{\"@type\":\"Organization\",\"@id\":\"https:\\\/\\\/perle-in.com\\\/#organization\",\"name\":\"PERLE IN\",\"url\":\"https:\\\/\\\/perle-in.com\\\/\",\"logo\":{\"@type\":\"ImageObject\",\"inLanguage\":\"en-CA\",\"@id\":\"https:\\\/\\\/perle-in.com\\\/#\\\/schema\\\/logo\\\/image\\\/\",\"url\":\"https:\\\/\\\/perle-in.com\\\/wp-content\\\/uploads\\\/2022\\\/12\\\/LOGO-PERLE-IN-COULEUR@3x.webp\",\"contentUrl\":\"https:\\\/\\\/perle-in.com\\\/wp-content\\\/uploads\\\/2022\\\/12\\\/LOGO-PERLE-IN-COULEUR@3x.webp\",\"width\":1600,\"height\":490,\"caption\":\"PERLE IN\"},\"image\":{\"@id\":\"https:\\\/\\\/perle-in.com\\\/#\\\/schema\\\/logo\\\/image\\\/\"}}]}<\/script>\n<!-- \/ Yoast SEO plugin. -->","yoast_head_json":{"title":"Sac shopping Siam en tissu \u00e9ponge recycl\u00e9 GRS de 13\u00a0L - PERLE IN","robots":{"index":"noindex","follow":"follow","max-snippet":"max-snippet:-1","max-image-preview":"max-image-preview:large","max-video-preview":"max-video-preview:-1"},"og_locale":"en_US","og_type":"article","og_title":"Sac shopping Siam en tissu \u00e9ponge recycl\u00e9 GRS de 13\u00a0L - PERLE IN","og_description":"Doux, \u00e9l\u00e9gant et polyvalent sans effort, le sac shopping Siam en tissu \u00e9ponge est le compagnon id\u00e9al de l\u2019\u00e9t\u00e9. Fabriqu\u00e9 en tissu \u00e9ponge certifi\u00e9 GRS (88\u00a0% de polyester recycl\u00e9, 12\u00a0% de polyamide), il offre une sensation de confort et de l\u00e9g\u00e8ret\u00e9, id\u00e9ale pour les sorties par temps chaud. Dot\u00e9 d\u2019une poign\u00e9e de 27\u00a0cm pour faciliter le transport et d\u2019une capacit\u00e9 spacieuse de 13\u00a0litres, ce sac shopping est \u00e0 la fois pratique et chic. Pour la plage, la ville ou les courses, le sac shopping Siam en tissu \u00e9ponge ajoute une touche d\u00e9contract\u00e9e et raffin\u00e9e \u00e0 tous les looks.","og_url":"https:\/\/perle-in.com\/en\/product\/sac-shopping-siam-en-tissu-eponge-recycle-grs-de-13-l\/","og_site_name":"PERLE IN","article_modified_time":"2025-10-16T00:53:21+00:00","og_image":[{"width":1600,"height":1600,"url":"https:\/\/perle-in.com\/wp-content\/uploads\/2025\/10\/12075235-1.jpg","type":"image\/jpeg"}],"twitter_card":"summary_large_image","schema":{"@context":"https:\/\/schema.org","@graph":[{"@type":"WebPage","@id":"https:\/\/perle-in.com\/produit\/sac-shopping-siam-en-tissu-eponge-recycle-grs-de-13-l\/","url":"https:\/\/perle-in.com\/produit\/sac-shopping-siam-en-tissu-eponge-recycle-grs-de-13-l\/","name":"Sac shopping Siam en tissu \u00e9ponge recycl\u00e9 GRS de 13\u00a0L - PERLE IN","isPartOf":{"@id":"https:\/\/perle-in.com\/#website"},"primaryImageOfPage":{"@id":"https:\/\/perle-in.com\/produit\/sac-shopping-siam-en-tissu-eponge-recycle-grs-de-13-l\/#primaryimage"},"image":{"@id":"https:\/\/perle-in.com\/produit\/sac-shopping-siam-en-tissu-eponge-recycle-grs-de-13-l\/#primaryimage"},"thumbnailUrl":"https:\/\/perle-in.com\/wp-content\/uploads\/2025\/10\/12075235-1.jpg","datePublished":"2025-10-16T00:53:17+00:00","dateModified":"2025-10-16T00:53:21+00:00","breadcrumb":{"@id":"https:\/\/perle-in.com\/produit\/sac-shopping-siam-en-tissu-eponge-recycle-grs-de-13-l\/#breadcrumb"},"inLanguage":"en-CA","potentialAction":[{"@type":"ReadAction","target":["https:\/\/perle-in.com\/produit\/sac-shopping-siam-en-tissu-eponge-recycle-grs-de-13-l\/"]}]},{"@type":"ImageObject","inLanguage":"en-CA","@id":"https:\/\/perle-in.com\/produit\/sac-shopping-siam-en-tissu-eponge-recycle-grs-de-13-l\/#primaryimage","url":"https:\/\/perle-in.com\/wp-content\/uploads\/2025\/10\/12075235-1.jpg","contentUrl":"https:\/\/perle-in.com\/wp-content\/uploads\/2025\/10\/12075235-1.jpg","width":1600,"height":1600},{"@type":"BreadcrumbList","@id":"https:\/\/perle-in.com\/produit\/sac-shopping-siam-en-tissu-eponge-recycle-grs-de-13-l\/#breadcrumb","itemListElement":[{"@type":"ListItem","position":1,"name":"Accueil","item":"https:\/\/perle-in.com\/"},{"@type":"ListItem","position":2,"name":"Boutique","item":"https:\/\/perle-in.com\/boutique\/"},{"@type":"ListItem","position":3,"name":"Sac shopping Siam en tissu \u00e9ponge recycl\u00e9 GRS de 13\u00a0L"}]},{"@type":"WebSite","@id":"https:\/\/perle-in.com\/#website","url":"https:\/\/perle-in.com\/","name":"PERLE IN","description":"","publisher":{"@id":"https:\/\/perle-in.com\/#organization"},"potentialAction":[{"@type":"SearchAction","target":{"@type":"EntryPoint","urlTemplate":"https:\/\/perle-in.com\/?s={search_term_string}"},"query-input":{"@type":"PropertyValueSpecification","valueRequired":true,"valueName":"search_term_string"}}],"inLanguage":"en-CA"},{"@type":"Organization","@id":"https:\/\/perle-in.com\/#organization","name":"PERLE IN","url":"https:\/\/perle-in.com\/","logo":{"@type":"ImageObject","inLanguage":"en-CA","@id":"https:\/\/perle-in.com\/#\/schema\/logo\/image\/","url":"https:\/\/perle-in.com\/wp-content\/uploads\/2022\/12\/LOGO-PERLE-IN-COULEUR@3x.webp","contentUrl":"https:\/\/perle-in.com\/wp-content\/uploads\/2022\/12\/LOGO-PERLE-IN-COULEUR@3x.webp","width":1600,"height":490,"caption":"PERLE IN"},"image":{"@id":"https:\/\/perle-in.com\/#\/schema\/logo\/image\/"}}]}},"jetpack_sharing_enabled":true,"_links":{"self":[{"href":"https:\/\/perle-in.com\/en\/wp-json\/wp\/v2\/product\/573271","targetHints":{"allow":["GET"]}}],"collection":[{"href":"https:\/\/perle-in.com\/en\/wp-json\/wp\/v2\/product"}],"about":[{"href":"https:\/\/perle-in.com\/en\/wp-json\/wp\/v2\/types\/product"}],"version-history":[{"count":0,"href":"https:\/\/perle-in.com\/en\/wp-json\/wp\/v2\/product\/573271\/revisions"}],"wp:featuredmedia":[{"embeddable":true,"href":"https:\/\/perle-in.com\/en\/wp-json\/wp\/v2\/media\/573263"}],"wp:attachment":[{"href":"https:\/\/perle-in.com\/en\/wp-json\/wp\/v2\/media?parent=573271"}],"wp:term":[{"taxonomy":"product_brand","embeddable":true,"href":"https:\/\/perle-in.com\/en\/wp-json\/wp\/v2\/product_brand?post=573271"},{"taxonomy":"product_cat","embeddable":true,"href":"https:\/\/perle-in.com\/en\/wp-json\/wp\/v2\/product_cat?post=573271"},{"taxonomy":"product_tag","embeddable":true,"href":"https:\/\/perle-in.com\/en\/wp-json\/wp\/v2\/product_tag?post=573271"}],"curies":[{"name":"wp","href":"https:\/\/api.w.org\/{rel}","templated":true}]}}