{"id":573261,"date":"2025-10-16T02:52:06","date_gmt":"2025-10-16T00:52:06","guid":{"rendered":"https:\/\/perle-in.com\/produit\/sac-de-voyage-turner-de-156-certifie-grs-recycle-de-36-l\/"},"modified":"2025-10-16T02:52:08","modified_gmt":"2025-10-16T00:52:08","slug":"sac-de-voyage-turner-de-156-certifie-grs-recycle-de-36-l","status":"publish","type":"product","link":"https:\/\/perle-in.com\/en\/product\/sac-de-voyage-turner-de-156-certifie-grs-recycle-de-36-l\/","title":{"rendered":"Sac de voyage Turner de 15,6&#8243; certifi\u00e9 GRS recycl\u00e9 de 36\u00a0L"},"content":{"rendered":"","protected":false},"excerpt":{"rendered":"<p>Le sac de voyage Turner est fabriqu\u00e9 \u00e0 partir de 51\u00a0% de plastique recycl\u00e9 certifi\u00e9 GRS. Sa doublure est fabriqu\u00e9e \u00e0 partir de 100\u00a0% de RPET certifi\u00e9 GRS. Le sac comporte un compartiment matelass\u00e9 pour ordinateur portable de 15,6\u00a0pouces, une sangle interne pour fixer une bouteille d\u2019eau et une poche zipp\u00e9e pour les petits objets. De plus, la sangle au dos permet de l\u2019attacher facilement \u00e0 un bagage \u00e0 roulettes, ce qui en fait un compagnon de voyage pratique. Le sac peut \u00eatre port\u00e9 \u00e0 l\u2019aide des deux poign\u00e9es courtes ou de la bandouli\u00e8re extensible et amovible, qui peut \u00eatre ajust\u00e9e pour un maximum de confort. Capacit\u00e9\u00a0: 36\u00a0litres.<\/p>","protected":false},"featured_media":573253,"template":"","meta":{"_eb_attr":""},"product_brand":[],"product_cat":[159,1112],"product_tag":[1827,755,282,1798,237,3922,291,3926],"class_list":{"0":"post-573261","1":"product","2":"type-product","3":"status-publish","4":"has-post-thumbnail","6":"product_cat-sacs","7":"product_cat-sacs-pour-tablette-et-ordinateur-portable","8":"product_tag-besace","9":"product_tag-gym","10":"product_tag-sac","11":"product_tag-sacoche","12":"product_tag-sports","13":"product_tag-transport","14":"product_tag-voyage","15":"product_tag-week-end","16":"pa_couleurs-noir","17":"pa_green-points-2652","18":"pa_matiere-51-pu-recycle-grs-et-49-pu","20":"first","21":"instock","22":"shipping-taxable","23":"purchasable","24":"product-type-variable"},"yoast_head":"<!-- This site is optimized with the Yoast SEO plugin v27.4 - https:\/\/yoast.com\/product\/yoast-seo-wordpress\/ -->\n<title>Sac de voyage Turner de 15,6&quot; certifi\u00e9 GRS recycl\u00e9 de 36\u00a0L - PERLE IN<\/title>\n<meta name=\"robots\" content=\"noindex, follow, max-snippet:-1, max-image-preview:large, max-video-preview:-1\" \/>\n<meta property=\"og:locale\" content=\"en_US\" \/>\n<meta property=\"og:type\" content=\"article\" \/>\n<meta property=\"og:title\" content=\"Sac de voyage Turner de 15,6&quot; certifi\u00e9 GRS recycl\u00e9 de 36\u00a0L - PERLE IN\" \/>\n<meta property=\"og:description\" content=\"Le sac de voyage Turner est fabriqu\u00e9 \u00e0 partir de 51\u00a0% de plastique recycl\u00e9 certifi\u00e9 GRS. Sa doublure est fabriqu\u00e9e \u00e0 partir de 100\u00a0% de RPET certifi\u00e9 GRS. Le sac comporte un compartiment matelass\u00e9 pour ordinateur portable de 15,6\u00a0pouces, une sangle interne pour fixer une bouteille d\u2019eau et une poche zipp\u00e9e pour les petits objets. De plus, la sangle au dos permet de l\u2019attacher facilement \u00e0 un bagage \u00e0 roulettes, ce qui en fait un compagnon de voyage pratique. Le sac peut \u00eatre port\u00e9 \u00e0 l\u2019aide des deux poign\u00e9es courtes ou de la bandouli\u00e8re extensible et amovible, qui peut \u00eatre ajust\u00e9e pour un maximum de confort. Capacit\u00e9\u00a0: 36\u00a0litres.\" \/>\n<meta property=\"og:url\" content=\"https:\/\/perle-in.com\/en\/product\/sac-de-voyage-turner-de-156-certifie-grs-recycle-de-36-l\/\" \/>\n<meta property=\"og:site_name\" content=\"PERLE IN\" \/>\n<meta property=\"article:modified_time\" content=\"2025-10-16T00:52:08+00:00\" \/>\n<meta property=\"og:image\" content=\"https:\/\/perle-in.com\/wp-content\/uploads\/2025\/10\/12075190-1.jpg\" \/>\n\t<meta property=\"og:image:width\" content=\"1600\" \/>\n\t<meta property=\"og:image:height\" content=\"1600\" \/>\n\t<meta property=\"og:image:type\" content=\"image\/jpeg\" \/>\n<meta name=\"twitter:card\" content=\"summary_large_image\" \/>\n<script type=\"application\/ld+json\" class=\"yoast-schema-graph\">{\"@context\":\"https:\\\/\\\/schema.org\",\"@graph\":[{\"@type\":\"WebPage\",\"@id\":\"https:\\\/\\\/perle-in.com\\\/produit\\\/sac-de-voyage-turner-de-156-certifie-grs-recycle-de-36-l\\\/\",\"url\":\"https:\\\/\\\/perle-in.com\\\/produit\\\/sac-de-voyage-turner-de-156-certifie-grs-recycle-de-36-l\\\/\",\"name\":\"Sac de voyage Turner de 15,6\\\" certifi\u00e9 GRS recycl\u00e9 de 36\u00a0L - PERLE IN\",\"isPartOf\":{\"@id\":\"https:\\\/\\\/perle-in.com\\\/#website\"},\"primaryImageOfPage\":{\"@id\":\"https:\\\/\\\/perle-in.com\\\/produit\\\/sac-de-voyage-turner-de-156-certifie-grs-recycle-de-36-l\\\/#primaryimage\"},\"image\":{\"@id\":\"https:\\\/\\\/perle-in.com\\\/produit\\\/sac-de-voyage-turner-de-156-certifie-grs-recycle-de-36-l\\\/#primaryimage\"},\"thumbnailUrl\":\"https:\\\/\\\/perle-in.com\\\/wp-content\\\/uploads\\\/2025\\\/10\\\/12075190-1.jpg\",\"datePublished\":\"2025-10-16T00:52:06+00:00\",\"dateModified\":\"2025-10-16T00:52:08+00:00\",\"breadcrumb\":{\"@id\":\"https:\\\/\\\/perle-in.com\\\/produit\\\/sac-de-voyage-turner-de-156-certifie-grs-recycle-de-36-l\\\/#breadcrumb\"},\"inLanguage\":\"en-CA\",\"potentialAction\":[{\"@type\":\"ReadAction\",\"target\":[\"https:\\\/\\\/perle-in.com\\\/produit\\\/sac-de-voyage-turner-de-156-certifie-grs-recycle-de-36-l\\\/\"]}]},{\"@type\":\"ImageObject\",\"inLanguage\":\"en-CA\",\"@id\":\"https:\\\/\\\/perle-in.com\\\/produit\\\/sac-de-voyage-turner-de-156-certifie-grs-recycle-de-36-l\\\/#primaryimage\",\"url\":\"https:\\\/\\\/perle-in.com\\\/wp-content\\\/uploads\\\/2025\\\/10\\\/12075190-1.jpg\",\"contentUrl\":\"https:\\\/\\\/perle-in.com\\\/wp-content\\\/uploads\\\/2025\\\/10\\\/12075190-1.jpg\",\"width\":1600,\"height\":1600},{\"@type\":\"BreadcrumbList\",\"@id\":\"https:\\\/\\\/perle-in.com\\\/produit\\\/sac-de-voyage-turner-de-156-certifie-grs-recycle-de-36-l\\\/#breadcrumb\",\"itemListElement\":[{\"@type\":\"ListItem\",\"position\":1,\"name\":\"Accueil\",\"item\":\"https:\\\/\\\/perle-in.com\\\/\"},{\"@type\":\"ListItem\",\"position\":2,\"name\":\"Boutique\",\"item\":\"https:\\\/\\\/perle-in.com\\\/boutique\\\/\"},{\"@type\":\"ListItem\",\"position\":3,\"name\":\"Sac de voyage Turner de 15,6&#8243; certifi\u00e9 GRS recycl\u00e9 de 36\u00a0L\"}]},{\"@type\":\"WebSite\",\"@id\":\"https:\\\/\\\/perle-in.com\\\/#website\",\"url\":\"https:\\\/\\\/perle-in.com\\\/\",\"name\":\"PERLE IN\",\"description\":\"\",\"publisher\":{\"@id\":\"https:\\\/\\\/perle-in.com\\\/#organization\"},\"potentialAction\":[{\"@type\":\"SearchAction\",\"target\":{\"@type\":\"EntryPoint\",\"urlTemplate\":\"https:\\\/\\\/perle-in.com\\\/?s={search_term_string}\"},\"query-input\":{\"@type\":\"PropertyValueSpecification\",\"valueRequired\":true,\"valueName\":\"search_term_string\"}}],\"inLanguage\":\"en-CA\"},{\"@type\":\"Organization\",\"@id\":\"https:\\\/\\\/perle-in.com\\\/#organization\",\"name\":\"PERLE IN\",\"url\":\"https:\\\/\\\/perle-in.com\\\/\",\"logo\":{\"@type\":\"ImageObject\",\"inLanguage\":\"en-CA\",\"@id\":\"https:\\\/\\\/perle-in.com\\\/#\\\/schema\\\/logo\\\/image\\\/\",\"url\":\"https:\\\/\\\/perle-in.com\\\/wp-content\\\/uploads\\\/2022\\\/12\\\/LOGO-PERLE-IN-COULEUR@3x.webp\",\"contentUrl\":\"https:\\\/\\\/perle-in.com\\\/wp-content\\\/uploads\\\/2022\\\/12\\\/LOGO-PERLE-IN-COULEUR@3x.webp\",\"width\":1600,\"height\":490,\"caption\":\"PERLE IN\"},\"image\":{\"@id\":\"https:\\\/\\\/perle-in.com\\\/#\\\/schema\\\/logo\\\/image\\\/\"}}]}<\/script>\n<!-- \/ Yoast SEO plugin. -->","yoast_head_json":{"title":"Sac de voyage Turner de 15,6\" certifi\u00e9 GRS recycl\u00e9 de 36\u00a0L - PERLE IN","robots":{"index":"noindex","follow":"follow","max-snippet":"max-snippet:-1","max-image-preview":"max-image-preview:large","max-video-preview":"max-video-preview:-1"},"og_locale":"en_US","og_type":"article","og_title":"Sac de voyage Turner de 15,6\" certifi\u00e9 GRS recycl\u00e9 de 36\u00a0L - PERLE IN","og_description":"Le sac de voyage Turner est fabriqu\u00e9 \u00e0 partir de 51\u00a0% de plastique recycl\u00e9 certifi\u00e9 GRS. Sa doublure est fabriqu\u00e9e \u00e0 partir de 100\u00a0% de RPET certifi\u00e9 GRS. Le sac comporte un compartiment matelass\u00e9 pour ordinateur portable de 15,6\u00a0pouces, une sangle interne pour fixer une bouteille d\u2019eau et une poche zipp\u00e9e pour les petits objets. De plus, la sangle au dos permet de l\u2019attacher facilement \u00e0 un bagage \u00e0 roulettes, ce qui en fait un compagnon de voyage pratique. Le sac peut \u00eatre port\u00e9 \u00e0 l\u2019aide des deux poign\u00e9es courtes ou de la bandouli\u00e8re extensible et amovible, qui peut \u00eatre ajust\u00e9e pour un maximum de confort. Capacit\u00e9\u00a0: 36\u00a0litres.","og_url":"https:\/\/perle-in.com\/en\/product\/sac-de-voyage-turner-de-156-certifie-grs-recycle-de-36-l\/","og_site_name":"PERLE IN","article_modified_time":"2025-10-16T00:52:08+00:00","og_image":[{"width":1600,"height":1600,"url":"https:\/\/perle-in.com\/wp-content\/uploads\/2025\/10\/12075190-1.jpg","type":"image\/jpeg"}],"twitter_card":"summary_large_image","schema":{"@context":"https:\/\/schema.org","@graph":[{"@type":"WebPage","@id":"https:\/\/perle-in.com\/produit\/sac-de-voyage-turner-de-156-certifie-grs-recycle-de-36-l\/","url":"https:\/\/perle-in.com\/produit\/sac-de-voyage-turner-de-156-certifie-grs-recycle-de-36-l\/","name":"Sac de voyage Turner de 15,6\" certifi\u00e9 GRS recycl\u00e9 de 36\u00a0L - PERLE IN","isPartOf":{"@id":"https:\/\/perle-in.com\/#website"},"primaryImageOfPage":{"@id":"https:\/\/perle-in.com\/produit\/sac-de-voyage-turner-de-156-certifie-grs-recycle-de-36-l\/#primaryimage"},"image":{"@id":"https:\/\/perle-in.com\/produit\/sac-de-voyage-turner-de-156-certifie-grs-recycle-de-36-l\/#primaryimage"},"thumbnailUrl":"https:\/\/perle-in.com\/wp-content\/uploads\/2025\/10\/12075190-1.jpg","datePublished":"2025-10-16T00:52:06+00:00","dateModified":"2025-10-16T00:52:08+00:00","breadcrumb":{"@id":"https:\/\/perle-in.com\/produit\/sac-de-voyage-turner-de-156-certifie-grs-recycle-de-36-l\/#breadcrumb"},"inLanguage":"en-CA","potentialAction":[{"@type":"ReadAction","target":["https:\/\/perle-in.com\/produit\/sac-de-voyage-turner-de-156-certifie-grs-recycle-de-36-l\/"]}]},{"@type":"ImageObject","inLanguage":"en-CA","@id":"https:\/\/perle-in.com\/produit\/sac-de-voyage-turner-de-156-certifie-grs-recycle-de-36-l\/#primaryimage","url":"https:\/\/perle-in.com\/wp-content\/uploads\/2025\/10\/12075190-1.jpg","contentUrl":"https:\/\/perle-in.com\/wp-content\/uploads\/2025\/10\/12075190-1.jpg","width":1600,"height":1600},{"@type":"BreadcrumbList","@id":"https:\/\/perle-in.com\/produit\/sac-de-voyage-turner-de-156-certifie-grs-recycle-de-36-l\/#breadcrumb","itemListElement":[{"@type":"ListItem","position":1,"name":"Accueil","item":"https:\/\/perle-in.com\/"},{"@type":"ListItem","position":2,"name":"Boutique","item":"https:\/\/perle-in.com\/boutique\/"},{"@type":"ListItem","position":3,"name":"Sac de voyage Turner de 15,6&#8243; certifi\u00e9 GRS recycl\u00e9 de 36\u00a0L"}]},{"@type":"WebSite","@id":"https:\/\/perle-in.com\/#website","url":"https:\/\/perle-in.com\/","name":"PERLE IN","description":"","publisher":{"@id":"https:\/\/perle-in.com\/#organization"},"potentialAction":[{"@type":"SearchAction","target":{"@type":"EntryPoint","urlTemplate":"https:\/\/perle-in.com\/?s={search_term_string}"},"query-input":{"@type":"PropertyValueSpecification","valueRequired":true,"valueName":"search_term_string"}}],"inLanguage":"en-CA"},{"@type":"Organization","@id":"https:\/\/perle-in.com\/#organization","name":"PERLE IN","url":"https:\/\/perle-in.com\/","logo":{"@type":"ImageObject","inLanguage":"en-CA","@id":"https:\/\/perle-in.com\/#\/schema\/logo\/image\/","url":"https:\/\/perle-in.com\/wp-content\/uploads\/2022\/12\/LOGO-PERLE-IN-COULEUR@3x.webp","contentUrl":"https:\/\/perle-in.com\/wp-content\/uploads\/2022\/12\/LOGO-PERLE-IN-COULEUR@3x.webp","width":1600,"height":490,"caption":"PERLE IN"},"image":{"@id":"https:\/\/perle-in.com\/#\/schema\/logo\/image\/"}}]}},"jetpack_sharing_enabled":true,"_links":{"self":[{"href":"https:\/\/perle-in.com\/en\/wp-json\/wp\/v2\/product\/573261","targetHints":{"allow":["GET"]}}],"collection":[{"href":"https:\/\/perle-in.com\/en\/wp-json\/wp\/v2\/product"}],"about":[{"href":"https:\/\/perle-in.com\/en\/wp-json\/wp\/v2\/types\/product"}],"version-history":[{"count":0,"href":"https:\/\/perle-in.com\/en\/wp-json\/wp\/v2\/product\/573261\/revisions"}],"wp:featuredmedia":[{"embeddable":true,"href":"https:\/\/perle-in.com\/en\/wp-json\/wp\/v2\/media\/573253"}],"wp:attachment":[{"href":"https:\/\/perle-in.com\/en\/wp-json\/wp\/v2\/media?parent=573261"}],"wp:term":[{"taxonomy":"product_brand","embeddable":true,"href":"https:\/\/perle-in.com\/en\/wp-json\/wp\/v2\/product_brand?post=573261"},{"taxonomy":"product_cat","embeddable":true,"href":"https:\/\/perle-in.com\/en\/wp-json\/wp\/v2\/product_cat?post=573261"},{"taxonomy":"product_tag","embeddable":true,"href":"https:\/\/perle-in.com\/en\/wp-json\/wp\/v2\/product_tag?post=573261"}],"curies":[{"name":"wp","href":"https:\/\/api.w.org\/{rel}","templated":true}]}}