{"id":573251,"date":"2025-10-16T02:51:34","date_gmt":"2025-10-16T00:51:34","guid":{"rendered":"https:\/\/perle-in.com\/produit\/sac-a-dos-pour-ordinateur-portable-156-turner-de-12-l-certifie-grs-recycle\/"},"modified":"2025-10-16T02:51:36","modified_gmt":"2025-10-16T00:51:36","slug":"sac-a-dos-pour-ordinateur-portable-156-turner-de-12-l-certifie-grs-recycle","status":"publish","type":"product","link":"https:\/\/perle-in.com\/en\/product\/sac-a-dos-pour-ordinateur-portable-156-turner-de-12-l-certifie-grs-recycle\/","title":{"rendered":"Sac \u00e0 dos pour ordinateur portable 15,6&#8243; Turner de 12\u00a0L certifi\u00e9 GRS recycl\u00e9"},"content":{"rendered":"","protected":false},"excerpt":{"rendered":"<p>Le sac \u00e0 dos \u00e0 rabat enroulable Turner est fabriqu\u00e9 \u00e0 partir de 51\u00a0% de plastique recycl\u00e9 certifi\u00e9 GRS. Sa doublure est fabriqu\u00e9e \u00e0 partir de 100\u00a0% de RPET certifi\u00e9 GRS. Le sac \u00e0 dos comporte un compartiment matelass\u00e9 pour ordinateur portable de 15,6\u00a0pouces, un compartiment matelass\u00e9 pour tablette, une sangle interne pour fixer une bouteille d\u2019eau et une poche zipp\u00e9e pour les petits objets. Le compartiment principal est dot\u00e9 d\u2019un rabat enroulable, qui peut \u00eatre fix\u00e9e en toute s\u00e9curit\u00e9 \u00e0 l\u2019aide d\u2019un fermoir. De plus, la sangle au dos permet de l\u2019attacher facilement \u00e0 un bagage \u00e0 roulettes, ce qui en fait un compagnon de voyage pratique. Capacit\u00e9\u00a0: 12\u00a0litres.<\/p>","protected":false},"featured_media":573243,"template":"","meta":{"_eb_attr":""},"product_brand":[],"product_cat":[1214,159],"product_tag":[3138,3881,784,3880,1347,1798,1189],"class_list":{"0":"post-573251","1":"product","2":"type-product","3":"status-publish","4":"has-post-thumbnail","6":"product_cat-sac-a-dos-pour-ordinateur","7":"product_cat-sacs","8":"product_tag-dessus-enroulable","9":"product_tag-enroulable","10":"product_tag-ordinateur-portable","11":"product_tag-rabat-enroulable","12":"product_tag-sac-a-dos","13":"product_tag-sacoche","14":"product_tag-tablette","15":"pa_couleurs-noir","16":"pa_green-points-2652","17":"pa_matiere-51-pu-recycle-grs-et-49-pu","19":"first","20":"instock","21":"shipping-taxable","22":"purchasable","23":"product-type-variable"},"yoast_head":"<!-- This site is optimized with the Yoast SEO plugin v27.4 - https:\/\/yoast.com\/product\/yoast-seo-wordpress\/ -->\n<title>Sac \u00e0 dos pour ordinateur portable 15,6&quot; Turner de 12\u00a0L certifi\u00e9 GRS recycl\u00e9 - PERLE IN<\/title>\n<meta name=\"robots\" content=\"noindex, follow, max-snippet:-1, max-image-preview:large, max-video-preview:-1\" \/>\n<meta property=\"og:locale\" content=\"en_US\" \/>\n<meta property=\"og:type\" content=\"article\" \/>\n<meta property=\"og:title\" content=\"Sac \u00e0 dos pour ordinateur portable 15,6&quot; Turner de 12\u00a0L certifi\u00e9 GRS recycl\u00e9 - PERLE IN\" \/>\n<meta property=\"og:description\" content=\"Le sac \u00e0 dos \u00e0 rabat enroulable Turner est fabriqu\u00e9 \u00e0 partir de 51\u00a0% de plastique recycl\u00e9 certifi\u00e9 GRS. Sa doublure est fabriqu\u00e9e \u00e0 partir de 100\u00a0% de RPET certifi\u00e9 GRS. Le sac \u00e0 dos comporte un compartiment matelass\u00e9 pour ordinateur portable de 15,6\u00a0pouces, un compartiment matelass\u00e9 pour tablette, une sangle interne pour fixer une bouteille d\u2019eau et une poche zipp\u00e9e pour les petits objets. Le compartiment principal est dot\u00e9 d\u2019un rabat enroulable, qui peut \u00eatre fix\u00e9e en toute s\u00e9curit\u00e9 \u00e0 l\u2019aide d\u2019un fermoir. De plus, la sangle au dos permet de l\u2019attacher facilement \u00e0 un bagage \u00e0 roulettes, ce qui en fait un compagnon de voyage pratique. Capacit\u00e9\u00a0: 12\u00a0litres.\" \/>\n<meta property=\"og:url\" content=\"https:\/\/perle-in.com\/en\/product\/sac-a-dos-pour-ordinateur-portable-156-turner-de-12-l-certifie-grs-recycle\/\" \/>\n<meta property=\"og:site_name\" content=\"PERLE IN\" \/>\n<meta property=\"article:modified_time\" content=\"2025-10-16T00:51:36+00:00\" \/>\n<meta property=\"og:image\" content=\"https:\/\/perle-in.com\/wp-content\/uploads\/2025\/10\/12075090-1.jpg\" \/>\n\t<meta property=\"og:image:width\" content=\"1600\" \/>\n\t<meta property=\"og:image:height\" content=\"1600\" \/>\n\t<meta property=\"og:image:type\" content=\"image\/jpeg\" \/>\n<meta name=\"twitter:card\" content=\"summary_large_image\" \/>\n<script type=\"application\/ld+json\" class=\"yoast-schema-graph\">{\"@context\":\"https:\\\/\\\/schema.org\",\"@graph\":[{\"@type\":\"WebPage\",\"@id\":\"https:\\\/\\\/perle-in.com\\\/produit\\\/sac-a-dos-pour-ordinateur-portable-156-turner-de-12-l-certifie-grs-recycle\\\/\",\"url\":\"https:\\\/\\\/perle-in.com\\\/produit\\\/sac-a-dos-pour-ordinateur-portable-156-turner-de-12-l-certifie-grs-recycle\\\/\",\"name\":\"Sac \u00e0 dos pour ordinateur portable 15,6\\\" Turner de 12\u00a0L certifi\u00e9 GRS recycl\u00e9 - PERLE IN\",\"isPartOf\":{\"@id\":\"https:\\\/\\\/perle-in.com\\\/#website\"},\"primaryImageOfPage\":{\"@id\":\"https:\\\/\\\/perle-in.com\\\/produit\\\/sac-a-dos-pour-ordinateur-portable-156-turner-de-12-l-certifie-grs-recycle\\\/#primaryimage\"},\"image\":{\"@id\":\"https:\\\/\\\/perle-in.com\\\/produit\\\/sac-a-dos-pour-ordinateur-portable-156-turner-de-12-l-certifie-grs-recycle\\\/#primaryimage\"},\"thumbnailUrl\":\"https:\\\/\\\/perle-in.com\\\/wp-content\\\/uploads\\\/2025\\\/10\\\/12075090-1.jpg\",\"datePublished\":\"2025-10-16T00:51:34+00:00\",\"dateModified\":\"2025-10-16T00:51:36+00:00\",\"breadcrumb\":{\"@id\":\"https:\\\/\\\/perle-in.com\\\/produit\\\/sac-a-dos-pour-ordinateur-portable-156-turner-de-12-l-certifie-grs-recycle\\\/#breadcrumb\"},\"inLanguage\":\"en-CA\",\"potentialAction\":[{\"@type\":\"ReadAction\",\"target\":[\"https:\\\/\\\/perle-in.com\\\/produit\\\/sac-a-dos-pour-ordinateur-portable-156-turner-de-12-l-certifie-grs-recycle\\\/\"]}]},{\"@type\":\"ImageObject\",\"inLanguage\":\"en-CA\",\"@id\":\"https:\\\/\\\/perle-in.com\\\/produit\\\/sac-a-dos-pour-ordinateur-portable-156-turner-de-12-l-certifie-grs-recycle\\\/#primaryimage\",\"url\":\"https:\\\/\\\/perle-in.com\\\/wp-content\\\/uploads\\\/2025\\\/10\\\/12075090-1.jpg\",\"contentUrl\":\"https:\\\/\\\/perle-in.com\\\/wp-content\\\/uploads\\\/2025\\\/10\\\/12075090-1.jpg\",\"width\":1600,\"height\":1600},{\"@type\":\"BreadcrumbList\",\"@id\":\"https:\\\/\\\/perle-in.com\\\/produit\\\/sac-a-dos-pour-ordinateur-portable-156-turner-de-12-l-certifie-grs-recycle\\\/#breadcrumb\",\"itemListElement\":[{\"@type\":\"ListItem\",\"position\":1,\"name\":\"Accueil\",\"item\":\"https:\\\/\\\/perle-in.com\\\/\"},{\"@type\":\"ListItem\",\"position\":2,\"name\":\"Boutique\",\"item\":\"https:\\\/\\\/perle-in.com\\\/boutique\\\/\"},{\"@type\":\"ListItem\",\"position\":3,\"name\":\"Sac \u00e0 dos pour ordinateur portable 15,6&#8243; Turner de 12\u00a0L certifi\u00e9 GRS recycl\u00e9\"}]},{\"@type\":\"WebSite\",\"@id\":\"https:\\\/\\\/perle-in.com\\\/#website\",\"url\":\"https:\\\/\\\/perle-in.com\\\/\",\"name\":\"PERLE IN\",\"description\":\"\",\"publisher\":{\"@id\":\"https:\\\/\\\/perle-in.com\\\/#organization\"},\"potentialAction\":[{\"@type\":\"SearchAction\",\"target\":{\"@type\":\"EntryPoint\",\"urlTemplate\":\"https:\\\/\\\/perle-in.com\\\/?s={search_term_string}\"},\"query-input\":{\"@type\":\"PropertyValueSpecification\",\"valueRequired\":true,\"valueName\":\"search_term_string\"}}],\"inLanguage\":\"en-CA\"},{\"@type\":\"Organization\",\"@id\":\"https:\\\/\\\/perle-in.com\\\/#organization\",\"name\":\"PERLE IN\",\"url\":\"https:\\\/\\\/perle-in.com\\\/\",\"logo\":{\"@type\":\"ImageObject\",\"inLanguage\":\"en-CA\",\"@id\":\"https:\\\/\\\/perle-in.com\\\/#\\\/schema\\\/logo\\\/image\\\/\",\"url\":\"https:\\\/\\\/perle-in.com\\\/wp-content\\\/uploads\\\/2022\\\/12\\\/LOGO-PERLE-IN-COULEUR@3x.webp\",\"contentUrl\":\"https:\\\/\\\/perle-in.com\\\/wp-content\\\/uploads\\\/2022\\\/12\\\/LOGO-PERLE-IN-COULEUR@3x.webp\",\"width\":1600,\"height\":490,\"caption\":\"PERLE IN\"},\"image\":{\"@id\":\"https:\\\/\\\/perle-in.com\\\/#\\\/schema\\\/logo\\\/image\\\/\"}}]}<\/script>\n<!-- \/ Yoast SEO plugin. -->","yoast_head_json":{"title":"Sac \u00e0 dos pour ordinateur portable 15,6\" Turner de 12\u00a0L certifi\u00e9 GRS recycl\u00e9 - PERLE IN","robots":{"index":"noindex","follow":"follow","max-snippet":"max-snippet:-1","max-image-preview":"max-image-preview:large","max-video-preview":"max-video-preview:-1"},"og_locale":"en_US","og_type":"article","og_title":"Sac \u00e0 dos pour ordinateur portable 15,6\" Turner de 12\u00a0L certifi\u00e9 GRS recycl\u00e9 - PERLE IN","og_description":"Le sac \u00e0 dos \u00e0 rabat enroulable Turner est fabriqu\u00e9 \u00e0 partir de 51\u00a0% de plastique recycl\u00e9 certifi\u00e9 GRS. Sa doublure est fabriqu\u00e9e \u00e0 partir de 100\u00a0% de RPET certifi\u00e9 GRS. Le sac \u00e0 dos comporte un compartiment matelass\u00e9 pour ordinateur portable de 15,6\u00a0pouces, un compartiment matelass\u00e9 pour tablette, une sangle interne pour fixer une bouteille d\u2019eau et une poche zipp\u00e9e pour les petits objets. Le compartiment principal est dot\u00e9 d\u2019un rabat enroulable, qui peut \u00eatre fix\u00e9e en toute s\u00e9curit\u00e9 \u00e0 l\u2019aide d\u2019un fermoir. De plus, la sangle au dos permet de l\u2019attacher facilement \u00e0 un bagage \u00e0 roulettes, ce qui en fait un compagnon de voyage pratique. Capacit\u00e9\u00a0: 12\u00a0litres.","og_url":"https:\/\/perle-in.com\/en\/product\/sac-a-dos-pour-ordinateur-portable-156-turner-de-12-l-certifie-grs-recycle\/","og_site_name":"PERLE IN","article_modified_time":"2025-10-16T00:51:36+00:00","og_image":[{"width":1600,"height":1600,"url":"https:\/\/perle-in.com\/wp-content\/uploads\/2025\/10\/12075090-1.jpg","type":"image\/jpeg"}],"twitter_card":"summary_large_image","schema":{"@context":"https:\/\/schema.org","@graph":[{"@type":"WebPage","@id":"https:\/\/perle-in.com\/produit\/sac-a-dos-pour-ordinateur-portable-156-turner-de-12-l-certifie-grs-recycle\/","url":"https:\/\/perle-in.com\/produit\/sac-a-dos-pour-ordinateur-portable-156-turner-de-12-l-certifie-grs-recycle\/","name":"Sac \u00e0 dos pour ordinateur portable 15,6\" Turner de 12\u00a0L certifi\u00e9 GRS recycl\u00e9 - PERLE IN","isPartOf":{"@id":"https:\/\/perle-in.com\/#website"},"primaryImageOfPage":{"@id":"https:\/\/perle-in.com\/produit\/sac-a-dos-pour-ordinateur-portable-156-turner-de-12-l-certifie-grs-recycle\/#primaryimage"},"image":{"@id":"https:\/\/perle-in.com\/produit\/sac-a-dos-pour-ordinateur-portable-156-turner-de-12-l-certifie-grs-recycle\/#primaryimage"},"thumbnailUrl":"https:\/\/perle-in.com\/wp-content\/uploads\/2025\/10\/12075090-1.jpg","datePublished":"2025-10-16T00:51:34+00:00","dateModified":"2025-10-16T00:51:36+00:00","breadcrumb":{"@id":"https:\/\/perle-in.com\/produit\/sac-a-dos-pour-ordinateur-portable-156-turner-de-12-l-certifie-grs-recycle\/#breadcrumb"},"inLanguage":"en-CA","potentialAction":[{"@type":"ReadAction","target":["https:\/\/perle-in.com\/produit\/sac-a-dos-pour-ordinateur-portable-156-turner-de-12-l-certifie-grs-recycle\/"]}]},{"@type":"ImageObject","inLanguage":"en-CA","@id":"https:\/\/perle-in.com\/produit\/sac-a-dos-pour-ordinateur-portable-156-turner-de-12-l-certifie-grs-recycle\/#primaryimage","url":"https:\/\/perle-in.com\/wp-content\/uploads\/2025\/10\/12075090-1.jpg","contentUrl":"https:\/\/perle-in.com\/wp-content\/uploads\/2025\/10\/12075090-1.jpg","width":1600,"height":1600},{"@type":"BreadcrumbList","@id":"https:\/\/perle-in.com\/produit\/sac-a-dos-pour-ordinateur-portable-156-turner-de-12-l-certifie-grs-recycle\/#breadcrumb","itemListElement":[{"@type":"ListItem","position":1,"name":"Accueil","item":"https:\/\/perle-in.com\/"},{"@type":"ListItem","position":2,"name":"Boutique","item":"https:\/\/perle-in.com\/boutique\/"},{"@type":"ListItem","position":3,"name":"Sac \u00e0 dos pour ordinateur portable 15,6&#8243; Turner de 12\u00a0L certifi\u00e9 GRS recycl\u00e9"}]},{"@type":"WebSite","@id":"https:\/\/perle-in.com\/#website","url":"https:\/\/perle-in.com\/","name":"PERLE IN","description":"","publisher":{"@id":"https:\/\/perle-in.com\/#organization"},"potentialAction":[{"@type":"SearchAction","target":{"@type":"EntryPoint","urlTemplate":"https:\/\/perle-in.com\/?s={search_term_string}"},"query-input":{"@type":"PropertyValueSpecification","valueRequired":true,"valueName":"search_term_string"}}],"inLanguage":"en-CA"},{"@type":"Organization","@id":"https:\/\/perle-in.com\/#organization","name":"PERLE IN","url":"https:\/\/perle-in.com\/","logo":{"@type":"ImageObject","inLanguage":"en-CA","@id":"https:\/\/perle-in.com\/#\/schema\/logo\/image\/","url":"https:\/\/perle-in.com\/wp-content\/uploads\/2022\/12\/LOGO-PERLE-IN-COULEUR@3x.webp","contentUrl":"https:\/\/perle-in.com\/wp-content\/uploads\/2022\/12\/LOGO-PERLE-IN-COULEUR@3x.webp","width":1600,"height":490,"caption":"PERLE IN"},"image":{"@id":"https:\/\/perle-in.com\/#\/schema\/logo\/image\/"}}]}},"jetpack_sharing_enabled":true,"_links":{"self":[{"href":"https:\/\/perle-in.com\/en\/wp-json\/wp\/v2\/product\/573251","targetHints":{"allow":["GET"]}}],"collection":[{"href":"https:\/\/perle-in.com\/en\/wp-json\/wp\/v2\/product"}],"about":[{"href":"https:\/\/perle-in.com\/en\/wp-json\/wp\/v2\/types\/product"}],"version-history":[{"count":0,"href":"https:\/\/perle-in.com\/en\/wp-json\/wp\/v2\/product\/573251\/revisions"}],"wp:featuredmedia":[{"embeddable":true,"href":"https:\/\/perle-in.com\/en\/wp-json\/wp\/v2\/media\/573243"}],"wp:attachment":[{"href":"https:\/\/perle-in.com\/en\/wp-json\/wp\/v2\/media?parent=573251"}],"wp:term":[{"taxonomy":"product_brand","embeddable":true,"href":"https:\/\/perle-in.com\/en\/wp-json\/wp\/v2\/product_brand?post=573251"},{"taxonomy":"product_cat","embeddable":true,"href":"https:\/\/perle-in.com\/en\/wp-json\/wp\/v2\/product_cat?post=573251"},{"taxonomy":"product_tag","embeddable":true,"href":"https:\/\/perle-in.com\/en\/wp-json\/wp\/v2\/product_tag?post=573251"}],"curies":[{"name":"wp","href":"https:\/\/api.w.org\/{rel}","templated":true}]}}