{"id":573239,"date":"2025-10-16T02:47:29","date_gmt":"2025-10-16T00:47:29","guid":{"rendered":"https:\/\/perle-in.com\/produit\/sac-shopping-sam-en-coton-recycle-grs-320-g-m%c2%b2\/"},"modified":"2025-10-16T02:47:33","modified_gmt":"2025-10-16T00:47:33","slug":"sac-shopping-sam-en-coton-recycle-grs-320-g-m%c2%b2","status":"publish","type":"product","link":"https:\/\/perle-in.com\/en\/product\/sac-shopping-sam-en-coton-recycle-grs-320-g-m%c2%b2\/","title":{"rendered":"Sac shopping Sam en coton recycl\u00e9 GRS 320\u00a0g\/m\u00b2"},"content":{"rendered":"","protected":false},"excerpt":{"rendered":"<p>Le sac shopping Sam en coton 100\u00a0% recycl\u00e9 certifi\u00e9 GRS est le sac id\u00e9al pour un pique-nique ou pour faire quelques courses. La densit\u00e9 du coton de 320\u00a0g\/m\u00b2 rend le sac robuste, durable et les doubles poign\u00e9es le rendent adapt\u00e9 au transport d&#8217;objets lourds dans le compartiment principal. Les m\u00e9thodes d&#8217;impression disponibles pour ce sac shopping sont \u00e9galement certifi\u00e9es GRS, ce qui garantit que l&#8217;ensemble de la cha\u00eene d&#8217;approvisionnement est transparente et certifi\u00e9e. Longueur des poign\u00e9es\u00a0: 30\u00a0cm. Capacit\u00e9 de charge maximale de 10\u00a0kg. Capacit\u00e9\u00a0: 15\u00a0litres. Fabriqu\u00e9 en Inde.<\/p>","protected":false},"featured_media":573229,"template":"","meta":{"_eb_attr":""},"product_brand":[],"product_cat":[159,959],"product_tag":[905,837,836,282,1790,1791,904,3086,1779],"class_list":{"0":"post-573239","1":"product","2":"type-product","3":"status-publish","4":"has-post-thumbnail","6":"product_cat-sacs","7":"product_cat-sacs-de-shopping","8":"product_tag-courses","9":"product_tag-durable","10":"product_tag-recycle","11":"product_tag-sac","12":"product_tag-sac-shopping","13":"product_tag-sacs-shopping","14":"product_tag-shopping","15":"product_tag-tote-bag","16":"product_tag-totebag","17":"pa_couleurs-marine-naturel","18":"pa_couleurs-noir-naturel","19":"pa_couleurs-rouge-naturel","20":"pa_green-points-2652","21":"pa_matiere-coton-recycle-certifie-grs-320-g-m2","22":"pa_pays-d-origine-inde","24":"first","25":"instock","26":"shipping-taxable","27":"purchasable","28":"product-type-variable"},"yoast_head":"<!-- This site is optimized with the Yoast SEO plugin v27.4 - https:\/\/yoast.com\/product\/yoast-seo-wordpress\/ -->\n<title>Sac shopping Sam en coton recycl\u00e9 GRS 320\u00a0g\/m\u00b2 - PERLE IN<\/title>\n<meta name=\"robots\" content=\"noindex, follow, max-snippet:-1, max-image-preview:large, max-video-preview:-1\" \/>\n<meta property=\"og:locale\" content=\"en_US\" \/>\n<meta property=\"og:type\" content=\"article\" \/>\n<meta property=\"og:title\" content=\"Sac shopping Sam en coton recycl\u00e9 GRS 320\u00a0g\/m\u00b2 - PERLE IN\" \/>\n<meta property=\"og:description\" content=\"Le sac shopping Sam en coton 100\u00a0% recycl\u00e9 certifi\u00e9 GRS est le sac id\u00e9al pour un pique-nique ou pour faire quelques courses. La densit\u00e9 du coton de 320\u00a0g\/m\u00b2 rend le sac robuste, durable et les doubles poign\u00e9es le rendent adapt\u00e9 au transport d&#039;objets lourds dans le compartiment principal. Les m\u00e9thodes d&#039;impression disponibles pour ce sac shopping sont \u00e9galement certifi\u00e9es GRS, ce qui garantit que l&#039;ensemble de la cha\u00eene d&#039;approvisionnement est transparente et certifi\u00e9e. Longueur des poign\u00e9es\u00a0: 30\u00a0cm. Capacit\u00e9 de charge maximale de 10\u00a0kg. Capacit\u00e9\u00a0: 15\u00a0litres. Fabriqu\u00e9 en Inde.\" \/>\n<meta property=\"og:url\" content=\"https:\/\/perle-in.com\/en\/product\/sac-shopping-sam-en-coton-recycle-grs-320-g-m\u00b2\/\" \/>\n<meta property=\"og:site_name\" content=\"PERLE IN\" \/>\n<meta property=\"article:modified_time\" content=\"2025-10-16T00:47:33+00:00\" \/>\n<meta property=\"og:image\" content=\"https:\/\/perle-in.com\/wp-content\/uploads\/2025\/10\/12074921-1.jpg\" \/>\n\t<meta property=\"og:image:width\" content=\"1600\" \/>\n\t<meta property=\"og:image:height\" content=\"1600\" \/>\n\t<meta property=\"og:image:type\" content=\"image\/jpeg\" \/>\n<meta name=\"twitter:card\" content=\"summary_large_image\" \/>\n<script type=\"application\/ld+json\" class=\"yoast-schema-graph\">{\"@context\":\"https:\\\/\\\/schema.org\",\"@graph\":[{\"@type\":\"WebPage\",\"@id\":\"https:\\\/\\\/perle-in.com\\\/produit\\\/sac-shopping-sam-en-coton-recycle-grs-320-g-m%c2%b2\\\/\",\"url\":\"https:\\\/\\\/perle-in.com\\\/produit\\\/sac-shopping-sam-en-coton-recycle-grs-320-g-m%c2%b2\\\/\",\"name\":\"Sac shopping Sam en coton recycl\u00e9 GRS 320\u00a0g\\\/m\u00b2 - PERLE IN\",\"isPartOf\":{\"@id\":\"https:\\\/\\\/perle-in.com\\\/#website\"},\"primaryImageOfPage\":{\"@id\":\"https:\\\/\\\/perle-in.com\\\/produit\\\/sac-shopping-sam-en-coton-recycle-grs-320-g-m%c2%b2\\\/#primaryimage\"},\"image\":{\"@id\":\"https:\\\/\\\/perle-in.com\\\/produit\\\/sac-shopping-sam-en-coton-recycle-grs-320-g-m%c2%b2\\\/#primaryimage\"},\"thumbnailUrl\":\"https:\\\/\\\/perle-in.com\\\/wp-content\\\/uploads\\\/2025\\\/10\\\/12074921-1.jpg\",\"datePublished\":\"2025-10-16T00:47:29+00:00\",\"dateModified\":\"2025-10-16T00:47:33+00:00\",\"breadcrumb\":{\"@id\":\"https:\\\/\\\/perle-in.com\\\/produit\\\/sac-shopping-sam-en-coton-recycle-grs-320-g-m%c2%b2\\\/#breadcrumb\"},\"inLanguage\":\"en-CA\",\"potentialAction\":[{\"@type\":\"ReadAction\",\"target\":[\"https:\\\/\\\/perle-in.com\\\/produit\\\/sac-shopping-sam-en-coton-recycle-grs-320-g-m%c2%b2\\\/\"]}]},{\"@type\":\"ImageObject\",\"inLanguage\":\"en-CA\",\"@id\":\"https:\\\/\\\/perle-in.com\\\/produit\\\/sac-shopping-sam-en-coton-recycle-grs-320-g-m%c2%b2\\\/#primaryimage\",\"url\":\"https:\\\/\\\/perle-in.com\\\/wp-content\\\/uploads\\\/2025\\\/10\\\/12074921-1.jpg\",\"contentUrl\":\"https:\\\/\\\/perle-in.com\\\/wp-content\\\/uploads\\\/2025\\\/10\\\/12074921-1.jpg\",\"width\":1600,\"height\":1600},{\"@type\":\"BreadcrumbList\",\"@id\":\"https:\\\/\\\/perle-in.com\\\/produit\\\/sac-shopping-sam-en-coton-recycle-grs-320-g-m%c2%b2\\\/#breadcrumb\",\"itemListElement\":[{\"@type\":\"ListItem\",\"position\":1,\"name\":\"Accueil\",\"item\":\"https:\\\/\\\/perle-in.com\\\/\"},{\"@type\":\"ListItem\",\"position\":2,\"name\":\"Boutique\",\"item\":\"https:\\\/\\\/perle-in.com\\\/boutique\\\/\"},{\"@type\":\"ListItem\",\"position\":3,\"name\":\"Sac shopping Sam en coton recycl\u00e9 GRS 320\u00a0g\\\/m\u00b2\"}]},{\"@type\":\"WebSite\",\"@id\":\"https:\\\/\\\/perle-in.com\\\/#website\",\"url\":\"https:\\\/\\\/perle-in.com\\\/\",\"name\":\"PERLE IN\",\"description\":\"\",\"publisher\":{\"@id\":\"https:\\\/\\\/perle-in.com\\\/#organization\"},\"potentialAction\":[{\"@type\":\"SearchAction\",\"target\":{\"@type\":\"EntryPoint\",\"urlTemplate\":\"https:\\\/\\\/perle-in.com\\\/?s={search_term_string}\"},\"query-input\":{\"@type\":\"PropertyValueSpecification\",\"valueRequired\":true,\"valueName\":\"search_term_string\"}}],\"inLanguage\":\"en-CA\"},{\"@type\":\"Organization\",\"@id\":\"https:\\\/\\\/perle-in.com\\\/#organization\",\"name\":\"PERLE IN\",\"url\":\"https:\\\/\\\/perle-in.com\\\/\",\"logo\":{\"@type\":\"ImageObject\",\"inLanguage\":\"en-CA\",\"@id\":\"https:\\\/\\\/perle-in.com\\\/#\\\/schema\\\/logo\\\/image\\\/\",\"url\":\"https:\\\/\\\/perle-in.com\\\/wp-content\\\/uploads\\\/2022\\\/12\\\/LOGO-PERLE-IN-COULEUR@3x.webp\",\"contentUrl\":\"https:\\\/\\\/perle-in.com\\\/wp-content\\\/uploads\\\/2022\\\/12\\\/LOGO-PERLE-IN-COULEUR@3x.webp\",\"width\":1600,\"height\":490,\"caption\":\"PERLE IN\"},\"image\":{\"@id\":\"https:\\\/\\\/perle-in.com\\\/#\\\/schema\\\/logo\\\/image\\\/\"}}]}<\/script>\n<!-- \/ Yoast SEO plugin. -->","yoast_head_json":{"title":"Sac shopping Sam en coton recycl\u00e9 GRS 320\u00a0g\/m\u00b2 - PERLE IN","robots":{"index":"noindex","follow":"follow","max-snippet":"max-snippet:-1","max-image-preview":"max-image-preview:large","max-video-preview":"max-video-preview:-1"},"og_locale":"en_US","og_type":"article","og_title":"Sac shopping Sam en coton recycl\u00e9 GRS 320\u00a0g\/m\u00b2 - PERLE IN","og_description":"Le sac shopping Sam en coton 100\u00a0% recycl\u00e9 certifi\u00e9 GRS est le sac id\u00e9al pour un pique-nique ou pour faire quelques courses. La densit\u00e9 du coton de 320\u00a0g\/m\u00b2 rend le sac robuste, durable et les doubles poign\u00e9es le rendent adapt\u00e9 au transport d'objets lourds dans le compartiment principal. Les m\u00e9thodes d'impression disponibles pour ce sac shopping sont \u00e9galement certifi\u00e9es GRS, ce qui garantit que l'ensemble de la cha\u00eene d'approvisionnement est transparente et certifi\u00e9e. Longueur des poign\u00e9es\u00a0: 30\u00a0cm. Capacit\u00e9 de charge maximale de 10\u00a0kg. Capacit\u00e9\u00a0: 15\u00a0litres. Fabriqu\u00e9 en Inde.","og_url":"https:\/\/perle-in.com\/en\/product\/sac-shopping-sam-en-coton-recycle-grs-320-g-m\u00b2\/","og_site_name":"PERLE IN","article_modified_time":"2025-10-16T00:47:33+00:00","og_image":[{"width":1600,"height":1600,"url":"https:\/\/perle-in.com\/wp-content\/uploads\/2025\/10\/12074921-1.jpg","type":"image\/jpeg"}],"twitter_card":"summary_large_image","schema":{"@context":"https:\/\/schema.org","@graph":[{"@type":"WebPage","@id":"https:\/\/perle-in.com\/produit\/sac-shopping-sam-en-coton-recycle-grs-320-g-m%c2%b2\/","url":"https:\/\/perle-in.com\/produit\/sac-shopping-sam-en-coton-recycle-grs-320-g-m%c2%b2\/","name":"Sac shopping Sam en coton recycl\u00e9 GRS 320\u00a0g\/m\u00b2 - PERLE IN","isPartOf":{"@id":"https:\/\/perle-in.com\/#website"},"primaryImageOfPage":{"@id":"https:\/\/perle-in.com\/produit\/sac-shopping-sam-en-coton-recycle-grs-320-g-m%c2%b2\/#primaryimage"},"image":{"@id":"https:\/\/perle-in.com\/produit\/sac-shopping-sam-en-coton-recycle-grs-320-g-m%c2%b2\/#primaryimage"},"thumbnailUrl":"https:\/\/perle-in.com\/wp-content\/uploads\/2025\/10\/12074921-1.jpg","datePublished":"2025-10-16T00:47:29+00:00","dateModified":"2025-10-16T00:47:33+00:00","breadcrumb":{"@id":"https:\/\/perle-in.com\/produit\/sac-shopping-sam-en-coton-recycle-grs-320-g-m%c2%b2\/#breadcrumb"},"inLanguage":"en-CA","potentialAction":[{"@type":"ReadAction","target":["https:\/\/perle-in.com\/produit\/sac-shopping-sam-en-coton-recycle-grs-320-g-m%c2%b2\/"]}]},{"@type":"ImageObject","inLanguage":"en-CA","@id":"https:\/\/perle-in.com\/produit\/sac-shopping-sam-en-coton-recycle-grs-320-g-m%c2%b2\/#primaryimage","url":"https:\/\/perle-in.com\/wp-content\/uploads\/2025\/10\/12074921-1.jpg","contentUrl":"https:\/\/perle-in.com\/wp-content\/uploads\/2025\/10\/12074921-1.jpg","width":1600,"height":1600},{"@type":"BreadcrumbList","@id":"https:\/\/perle-in.com\/produit\/sac-shopping-sam-en-coton-recycle-grs-320-g-m%c2%b2\/#breadcrumb","itemListElement":[{"@type":"ListItem","position":1,"name":"Accueil","item":"https:\/\/perle-in.com\/"},{"@type":"ListItem","position":2,"name":"Boutique","item":"https:\/\/perle-in.com\/boutique\/"},{"@type":"ListItem","position":3,"name":"Sac shopping Sam en coton recycl\u00e9 GRS 320\u00a0g\/m\u00b2"}]},{"@type":"WebSite","@id":"https:\/\/perle-in.com\/#website","url":"https:\/\/perle-in.com\/","name":"PERLE IN","description":"","publisher":{"@id":"https:\/\/perle-in.com\/#organization"},"potentialAction":[{"@type":"SearchAction","target":{"@type":"EntryPoint","urlTemplate":"https:\/\/perle-in.com\/?s={search_term_string}"},"query-input":{"@type":"PropertyValueSpecification","valueRequired":true,"valueName":"search_term_string"}}],"inLanguage":"en-CA"},{"@type":"Organization","@id":"https:\/\/perle-in.com\/#organization","name":"PERLE IN","url":"https:\/\/perle-in.com\/","logo":{"@type":"ImageObject","inLanguage":"en-CA","@id":"https:\/\/perle-in.com\/#\/schema\/logo\/image\/","url":"https:\/\/perle-in.com\/wp-content\/uploads\/2022\/12\/LOGO-PERLE-IN-COULEUR@3x.webp","contentUrl":"https:\/\/perle-in.com\/wp-content\/uploads\/2022\/12\/LOGO-PERLE-IN-COULEUR@3x.webp","width":1600,"height":490,"caption":"PERLE IN"},"image":{"@id":"https:\/\/perle-in.com\/#\/schema\/logo\/image\/"}}]}},"jetpack_sharing_enabled":true,"_links":{"self":[{"href":"https:\/\/perle-in.com\/en\/wp-json\/wp\/v2\/product\/573239","targetHints":{"allow":["GET"]}}],"collection":[{"href":"https:\/\/perle-in.com\/en\/wp-json\/wp\/v2\/product"}],"about":[{"href":"https:\/\/perle-in.com\/en\/wp-json\/wp\/v2\/types\/product"}],"version-history":[{"count":0,"href":"https:\/\/perle-in.com\/en\/wp-json\/wp\/v2\/product\/573239\/revisions"}],"wp:featuredmedia":[{"embeddable":true,"href":"https:\/\/perle-in.com\/en\/wp-json\/wp\/v2\/media\/573229"}],"wp:attachment":[{"href":"https:\/\/perle-in.com\/en\/wp-json\/wp\/v2\/media?parent=573239"}],"wp:term":[{"taxonomy":"product_brand","embeddable":true,"href":"https:\/\/perle-in.com\/en\/wp-json\/wp\/v2\/product_brand?post=573239"},{"taxonomy":"product_cat","embeddable":true,"href":"https:\/\/perle-in.com\/en\/wp-json\/wp\/v2\/product_cat?post=573239"},{"taxonomy":"product_tag","embeddable":true,"href":"https:\/\/perle-in.com\/en\/wp-json\/wp\/v2\/product_tag?post=573239"}],"curies":[{"name":"wp","href":"https:\/\/api.w.org\/{rel}","templated":true}]}}