{"id":573210,"date":"2025-10-16T02:45:24","date_gmt":"2025-10-16T00:45:24","guid":{"rendered":"https:\/\/perle-in.com\/produit\/organiseur-de-produits-de-toilette-pack-500-g-m%c2%b2-aware-recycle\/"},"modified":"2025-10-16T02:45:28","modified_gmt":"2025-10-16T00:45:28","slug":"organiseur-de-produits-de-toilette-pack-500-g-m%c2%b2-aware-recycle","status":"publish","type":"product","link":"https:\/\/perle-in.com\/en\/product\/organiseur-de-produits-de-toilette-pack-500-g-m%c2%b2-aware-recycle\/","title":{"rendered":"Organiseur de produits de toilette Pack 500 g\/m\u00b2 Aware\u2122 recycl\u00e9"},"content":{"rendered":"","protected":false},"excerpt":{"rendered":"<p>Organiseur de produits de toilette en coton et polyester recycl\u00e9s de 500\u00a0g\/m\u00b2, dot\u00e9 d\u2019un compartiment principal spacieux avec fermeture \u00e0 glissi\u00e8re s\u00e9curis\u00e9e et de plusieurs poches int\u00e9rieures, id\u00e9al pour ranger les produits de toilette essentiels. Sa conception polyvalente est \u00e9galement adapt\u00e9e \u00e0 l\u2019organisation de petits objets tels que les chaussettes ou les chargeurs, et permet de garder les bagages bien rang\u00e9s. Le sac incorpore la technologie Cyclo\u00ae qui utilise des d\u00e9chets pr\u00e9-tri\u00e9s d\u00e9terminant la couleur du fil. Ces fibres ne se contentent pas de r\u00e9duire la demande en ressources vierges, elles t\u00e9moignent \u00e9galement d&#8217;un engagement en faveur d&#8217;une vie circulaire, incarnant l&#8217;essence m\u00eame de la r\u00e9duction des d\u00e9chets et de la promotion d&#8217;un syst\u00e8me en boucle ferm\u00e9e. Chaque sac est \u00e9galement accompagn\u00e9 d&#8217;un traceur Aware\u2122. Cette fonction innovante permet aux utilisateurs de retracer l&#8217;origine et le parcours de leur article au moyen d&#8217;un code QR, ce qui accro\u00eet la transparence de la cha\u00eene d&#8217;approvisionnement et favorise un lien plus \u00e9troit entre le produit et son processus de production.<\/p>","protected":false},"featured_media":573200,"template":"","meta":{"_eb_attr":""},"product_brand":[],"product_cat":[159,1222],"product_tag":[3120,3921,3035,2016,1675,282,3031,3411,291],"class_list":{"0":"post-573210","1":"product","2":"type-product","3":"status-publish","4":"has-post-thumbnail","6":"product_cat-sacs","7":"product_cat-trousses-de-toilette","8":"product_tag-bain","9":"product_tag-cosmetique","10":"product_tag-maquillage","11":"product_tag-organisateur","12":"product_tag-pochette","13":"product_tag-sac","14":"product_tag-salle-de-bain","15":"product_tag-trousse-de-toilette","16":"product_tag-voyage","17":"pa_couleurs-blanc","18":"pa_couleurs-flocons-davoine","19":"pa_couleurs-marine","20":"pa_couleurs-noir","21":"pa_couleurs-vert","22":"pa_green-points-2830","23":"pa_matiere-70-coton-recycle-et-30-polyester-recycle-500-g-m2","24":"pa_pays-d-origine-bengladesh","26":"first","27":"instock","28":"shipping-taxable","29":"purchasable","30":"product-type-variable"},"yoast_head":"<!-- This site is optimized with the Yoast SEO plugin v27.4 - https:\/\/yoast.com\/product\/yoast-seo-wordpress\/ -->\n<title>Organiseur de produits de toilette Pack 500 g\/m\u00b2 Aware\u2122 recycl\u00e9 - PERLE IN<\/title>\n<meta name=\"robots\" content=\"noindex, follow, max-snippet:-1, max-image-preview:large, max-video-preview:-1\" \/>\n<meta property=\"og:locale\" content=\"en_US\" \/>\n<meta property=\"og:type\" content=\"article\" \/>\n<meta property=\"og:title\" content=\"Organiseur de produits de toilette Pack 500 g\/m\u00b2 Aware\u2122 recycl\u00e9 - PERLE IN\" \/>\n<meta property=\"og:description\" content=\"Organiseur de produits de toilette en coton et polyester recycl\u00e9s de 500\u00a0g\/m\u00b2, dot\u00e9 d\u2019un compartiment principal spacieux avec fermeture \u00e0 glissi\u00e8re s\u00e9curis\u00e9e et de plusieurs poches int\u00e9rieures, id\u00e9al pour ranger les produits de toilette essentiels. Sa conception polyvalente est \u00e9galement adapt\u00e9e \u00e0 l\u2019organisation de petits objets tels que les chaussettes ou les chargeurs, et permet de garder les bagages bien rang\u00e9s. Le sac incorpore la technologie Cyclo\u00ae qui utilise des d\u00e9chets pr\u00e9-tri\u00e9s d\u00e9terminant la couleur du fil. Ces fibres ne se contentent pas de r\u00e9duire la demande en ressources vierges, elles t\u00e9moignent \u00e9galement d&#039;un engagement en faveur d&#039;une vie circulaire, incarnant l&#039;essence m\u00eame de la r\u00e9duction des d\u00e9chets et de la promotion d&#039;un syst\u00e8me en boucle ferm\u00e9e. Chaque sac est \u00e9galement accompagn\u00e9 d&#039;un traceur Aware\u2122. Cette fonction innovante permet aux utilisateurs de retracer l&#039;origine et le parcours de leur article au moyen d&#039;un code QR, ce qui accro\u00eet la transparence de la cha\u00eene d&#039;approvisionnement et favorise un lien plus \u00e9troit entre le produit et son processus de production.\" \/>\n<meta property=\"og:url\" content=\"https:\/\/perle-in.com\/en\/product\/organiseur-de-produits-de-toilette-pack-500-g-m\u00b2-aware-recycle\/\" \/>\n<meta property=\"og:site_name\" content=\"PERLE IN\" \/>\n<meta property=\"article:modified_time\" content=\"2025-10-16T00:45:28+00:00\" \/>\n<meta property=\"og:image\" content=\"https:\/\/perle-in.com\/wp-content\/uploads\/2025\/10\/12074601-1.jpg\" \/>\n\t<meta property=\"og:image:width\" content=\"1600\" \/>\n\t<meta property=\"og:image:height\" content=\"1600\" \/>\n\t<meta property=\"og:image:type\" content=\"image\/jpeg\" \/>\n<meta name=\"twitter:card\" content=\"summary_large_image\" \/>\n<script type=\"application\/ld+json\" class=\"yoast-schema-graph\">{\"@context\":\"https:\\\/\\\/schema.org\",\"@graph\":[{\"@type\":\"WebPage\",\"@id\":\"https:\\\/\\\/perle-in.com\\\/produit\\\/organiseur-de-produits-de-toilette-pack-500-g-m%c2%b2-aware-recycle\\\/\",\"url\":\"https:\\\/\\\/perle-in.com\\\/produit\\\/organiseur-de-produits-de-toilette-pack-500-g-m%c2%b2-aware-recycle\\\/\",\"name\":\"Organiseur de produits de toilette Pack 500 g\\\/m\u00b2 Aware\u2122 recycl\u00e9 - PERLE IN\",\"isPartOf\":{\"@id\":\"https:\\\/\\\/perle-in.com\\\/#website\"},\"primaryImageOfPage\":{\"@id\":\"https:\\\/\\\/perle-in.com\\\/produit\\\/organiseur-de-produits-de-toilette-pack-500-g-m%c2%b2-aware-recycle\\\/#primaryimage\"},\"image\":{\"@id\":\"https:\\\/\\\/perle-in.com\\\/produit\\\/organiseur-de-produits-de-toilette-pack-500-g-m%c2%b2-aware-recycle\\\/#primaryimage\"},\"thumbnailUrl\":\"https:\\\/\\\/perle-in.com\\\/wp-content\\\/uploads\\\/2025\\\/10\\\/12074601-1.jpg\",\"datePublished\":\"2025-10-16T00:45:24+00:00\",\"dateModified\":\"2025-10-16T00:45:28+00:00\",\"breadcrumb\":{\"@id\":\"https:\\\/\\\/perle-in.com\\\/produit\\\/organiseur-de-produits-de-toilette-pack-500-g-m%c2%b2-aware-recycle\\\/#breadcrumb\"},\"inLanguage\":\"en-CA\",\"potentialAction\":[{\"@type\":\"ReadAction\",\"target\":[\"https:\\\/\\\/perle-in.com\\\/produit\\\/organiseur-de-produits-de-toilette-pack-500-g-m%c2%b2-aware-recycle\\\/\"]}]},{\"@type\":\"ImageObject\",\"inLanguage\":\"en-CA\",\"@id\":\"https:\\\/\\\/perle-in.com\\\/produit\\\/organiseur-de-produits-de-toilette-pack-500-g-m%c2%b2-aware-recycle\\\/#primaryimage\",\"url\":\"https:\\\/\\\/perle-in.com\\\/wp-content\\\/uploads\\\/2025\\\/10\\\/12074601-1.jpg\",\"contentUrl\":\"https:\\\/\\\/perle-in.com\\\/wp-content\\\/uploads\\\/2025\\\/10\\\/12074601-1.jpg\",\"width\":1600,\"height\":1600},{\"@type\":\"BreadcrumbList\",\"@id\":\"https:\\\/\\\/perle-in.com\\\/produit\\\/organiseur-de-produits-de-toilette-pack-500-g-m%c2%b2-aware-recycle\\\/#breadcrumb\",\"itemListElement\":[{\"@type\":\"ListItem\",\"position\":1,\"name\":\"Accueil\",\"item\":\"https:\\\/\\\/perle-in.com\\\/\"},{\"@type\":\"ListItem\",\"position\":2,\"name\":\"Boutique\",\"item\":\"https:\\\/\\\/perle-in.com\\\/boutique\\\/\"},{\"@type\":\"ListItem\",\"position\":3,\"name\":\"Organiseur de produits de toilette Pack 500 g\\\/m\u00b2 Aware\u2122 recycl\u00e9\"}]},{\"@type\":\"WebSite\",\"@id\":\"https:\\\/\\\/perle-in.com\\\/#website\",\"url\":\"https:\\\/\\\/perle-in.com\\\/\",\"name\":\"PERLE IN\",\"description\":\"\",\"publisher\":{\"@id\":\"https:\\\/\\\/perle-in.com\\\/#organization\"},\"potentialAction\":[{\"@type\":\"SearchAction\",\"target\":{\"@type\":\"EntryPoint\",\"urlTemplate\":\"https:\\\/\\\/perle-in.com\\\/?s={search_term_string}\"},\"query-input\":{\"@type\":\"PropertyValueSpecification\",\"valueRequired\":true,\"valueName\":\"search_term_string\"}}],\"inLanguage\":\"en-CA\"},{\"@type\":\"Organization\",\"@id\":\"https:\\\/\\\/perle-in.com\\\/#organization\",\"name\":\"PERLE IN\",\"url\":\"https:\\\/\\\/perle-in.com\\\/\",\"logo\":{\"@type\":\"ImageObject\",\"inLanguage\":\"en-CA\",\"@id\":\"https:\\\/\\\/perle-in.com\\\/#\\\/schema\\\/logo\\\/image\\\/\",\"url\":\"https:\\\/\\\/perle-in.com\\\/wp-content\\\/uploads\\\/2022\\\/12\\\/LOGO-PERLE-IN-COULEUR@3x.webp\",\"contentUrl\":\"https:\\\/\\\/perle-in.com\\\/wp-content\\\/uploads\\\/2022\\\/12\\\/LOGO-PERLE-IN-COULEUR@3x.webp\",\"width\":1600,\"height\":490,\"caption\":\"PERLE IN\"},\"image\":{\"@id\":\"https:\\\/\\\/perle-in.com\\\/#\\\/schema\\\/logo\\\/image\\\/\"}}]}<\/script>\n<!-- \/ Yoast SEO plugin. -->","yoast_head_json":{"title":"Organiseur de produits de toilette Pack 500 g\/m\u00b2 Aware\u2122 recycl\u00e9 - PERLE IN","robots":{"index":"noindex","follow":"follow","max-snippet":"max-snippet:-1","max-image-preview":"max-image-preview:large","max-video-preview":"max-video-preview:-1"},"og_locale":"en_US","og_type":"article","og_title":"Organiseur de produits de toilette Pack 500 g\/m\u00b2 Aware\u2122 recycl\u00e9 - PERLE IN","og_description":"Organiseur de produits de toilette en coton et polyester recycl\u00e9s de 500\u00a0g\/m\u00b2, dot\u00e9 d\u2019un compartiment principal spacieux avec fermeture \u00e0 glissi\u00e8re s\u00e9curis\u00e9e et de plusieurs poches int\u00e9rieures, id\u00e9al pour ranger les produits de toilette essentiels. Sa conception polyvalente est \u00e9galement adapt\u00e9e \u00e0 l\u2019organisation de petits objets tels que les chaussettes ou les chargeurs, et permet de garder les bagages bien rang\u00e9s. Le sac incorpore la technologie Cyclo\u00ae qui utilise des d\u00e9chets pr\u00e9-tri\u00e9s d\u00e9terminant la couleur du fil. Ces fibres ne se contentent pas de r\u00e9duire la demande en ressources vierges, elles t\u00e9moignent \u00e9galement d'un engagement en faveur d'une vie circulaire, incarnant l'essence m\u00eame de la r\u00e9duction des d\u00e9chets et de la promotion d'un syst\u00e8me en boucle ferm\u00e9e. Chaque sac est \u00e9galement accompagn\u00e9 d'un traceur Aware\u2122. Cette fonction innovante permet aux utilisateurs de retracer l'origine et le parcours de leur article au moyen d'un code QR, ce qui accro\u00eet la transparence de la cha\u00eene d'approvisionnement et favorise un lien plus \u00e9troit entre le produit et son processus de production.","og_url":"https:\/\/perle-in.com\/en\/product\/organiseur-de-produits-de-toilette-pack-500-g-m\u00b2-aware-recycle\/","og_site_name":"PERLE IN","article_modified_time":"2025-10-16T00:45:28+00:00","og_image":[{"width":1600,"height":1600,"url":"https:\/\/perle-in.com\/wp-content\/uploads\/2025\/10\/12074601-1.jpg","type":"image\/jpeg"}],"twitter_card":"summary_large_image","schema":{"@context":"https:\/\/schema.org","@graph":[{"@type":"WebPage","@id":"https:\/\/perle-in.com\/produit\/organiseur-de-produits-de-toilette-pack-500-g-m%c2%b2-aware-recycle\/","url":"https:\/\/perle-in.com\/produit\/organiseur-de-produits-de-toilette-pack-500-g-m%c2%b2-aware-recycle\/","name":"Organiseur de produits de toilette Pack 500 g\/m\u00b2 Aware\u2122 recycl\u00e9 - PERLE IN","isPartOf":{"@id":"https:\/\/perle-in.com\/#website"},"primaryImageOfPage":{"@id":"https:\/\/perle-in.com\/produit\/organiseur-de-produits-de-toilette-pack-500-g-m%c2%b2-aware-recycle\/#primaryimage"},"image":{"@id":"https:\/\/perle-in.com\/produit\/organiseur-de-produits-de-toilette-pack-500-g-m%c2%b2-aware-recycle\/#primaryimage"},"thumbnailUrl":"https:\/\/perle-in.com\/wp-content\/uploads\/2025\/10\/12074601-1.jpg","datePublished":"2025-10-16T00:45:24+00:00","dateModified":"2025-10-16T00:45:28+00:00","breadcrumb":{"@id":"https:\/\/perle-in.com\/produit\/organiseur-de-produits-de-toilette-pack-500-g-m%c2%b2-aware-recycle\/#breadcrumb"},"inLanguage":"en-CA","potentialAction":[{"@type":"ReadAction","target":["https:\/\/perle-in.com\/produit\/organiseur-de-produits-de-toilette-pack-500-g-m%c2%b2-aware-recycle\/"]}]},{"@type":"ImageObject","inLanguage":"en-CA","@id":"https:\/\/perle-in.com\/produit\/organiseur-de-produits-de-toilette-pack-500-g-m%c2%b2-aware-recycle\/#primaryimage","url":"https:\/\/perle-in.com\/wp-content\/uploads\/2025\/10\/12074601-1.jpg","contentUrl":"https:\/\/perle-in.com\/wp-content\/uploads\/2025\/10\/12074601-1.jpg","width":1600,"height":1600},{"@type":"BreadcrumbList","@id":"https:\/\/perle-in.com\/produit\/organiseur-de-produits-de-toilette-pack-500-g-m%c2%b2-aware-recycle\/#breadcrumb","itemListElement":[{"@type":"ListItem","position":1,"name":"Accueil","item":"https:\/\/perle-in.com\/"},{"@type":"ListItem","position":2,"name":"Boutique","item":"https:\/\/perle-in.com\/boutique\/"},{"@type":"ListItem","position":3,"name":"Organiseur de produits de toilette Pack 500 g\/m\u00b2 Aware\u2122 recycl\u00e9"}]},{"@type":"WebSite","@id":"https:\/\/perle-in.com\/#website","url":"https:\/\/perle-in.com\/","name":"PERLE IN","description":"","publisher":{"@id":"https:\/\/perle-in.com\/#organization"},"potentialAction":[{"@type":"SearchAction","target":{"@type":"EntryPoint","urlTemplate":"https:\/\/perle-in.com\/?s={search_term_string}"},"query-input":{"@type":"PropertyValueSpecification","valueRequired":true,"valueName":"search_term_string"}}],"inLanguage":"en-CA"},{"@type":"Organization","@id":"https:\/\/perle-in.com\/#organization","name":"PERLE IN","url":"https:\/\/perle-in.com\/","logo":{"@type":"ImageObject","inLanguage":"en-CA","@id":"https:\/\/perle-in.com\/#\/schema\/logo\/image\/","url":"https:\/\/perle-in.com\/wp-content\/uploads\/2022\/12\/LOGO-PERLE-IN-COULEUR@3x.webp","contentUrl":"https:\/\/perle-in.com\/wp-content\/uploads\/2022\/12\/LOGO-PERLE-IN-COULEUR@3x.webp","width":1600,"height":490,"caption":"PERLE IN"},"image":{"@id":"https:\/\/perle-in.com\/#\/schema\/logo\/image\/"}}]}},"jetpack_sharing_enabled":true,"_links":{"self":[{"href":"https:\/\/perle-in.com\/en\/wp-json\/wp\/v2\/product\/573210","targetHints":{"allow":["GET"]}}],"collection":[{"href":"https:\/\/perle-in.com\/en\/wp-json\/wp\/v2\/product"}],"about":[{"href":"https:\/\/perle-in.com\/en\/wp-json\/wp\/v2\/types\/product"}],"version-history":[{"count":0,"href":"https:\/\/perle-in.com\/en\/wp-json\/wp\/v2\/product\/573210\/revisions"}],"wp:featuredmedia":[{"embeddable":true,"href":"https:\/\/perle-in.com\/en\/wp-json\/wp\/v2\/media\/573200"}],"wp:attachment":[{"href":"https:\/\/perle-in.com\/en\/wp-json\/wp\/v2\/media?parent=573210"}],"wp:term":[{"taxonomy":"product_brand","embeddable":true,"href":"https:\/\/perle-in.com\/en\/wp-json\/wp\/v2\/product_brand?post=573210"},{"taxonomy":"product_cat","embeddable":true,"href":"https:\/\/perle-in.com\/en\/wp-json\/wp\/v2\/product_cat?post=573210"},{"taxonomy":"product_tag","embeddable":true,"href":"https:\/\/perle-in.com\/en\/wp-json\/wp\/v2\/product_tag?post=573210"}],"curies":[{"name":"wp","href":"https:\/\/api.w.org\/{rel}","templated":true}]}}