{"id":573152,"date":"2025-10-16T02:41:17","date_gmt":"2025-10-16T00:41:17","guid":{"rendered":"https:\/\/perle-in.com\/produit\/journal-a-couverture-rigide-desk-mate-a5\/"},"modified":"2025-10-16T02:41:19","modified_gmt":"2025-10-16T00:41:19","slug":"journal-a-couverture-rigide-desk-mate-a5","status":"publish","type":"product","link":"https:\/\/perle-in.com\/en\/product\/journal-a-couverture-rigide-desk-mate-a5\/","title":{"rendered":"Journal \u00e0 couverture rigide Desk-Mate\u00ae A5"},"content":{"rendered":"","protected":false},"excerpt":{"rendered":"<p>Le journal \u00e0 couverture rigide Desk-Mate\u00ae A5 avec papier 80\u00a0g\/m2 est un compagnon pour toutes vos pens\u00e9es, notes et id\u00e9es. Le format compact A5 est parfait pour l&#8217;\u00e9criture en d\u00e9placement ou la tenue d&#8217;un journal quotidien. Id\u00e9al pour les \u00e9tudiants, les professionnels ou toute personne \u00e0 la recherche d&#8217;un espace fiable o\u00f9 puiser l&#8217;inspiration. Les mod\u00e8les de journaux sont disponibles en anglais, fran\u00e7ais, allemand, espagnol, italien, polonais et n\u00e9erlandais.<\/p>","protected":false},"featured_media":573146,"template":"","meta":{"_eb_attr":""},"product_brand":[],"product_cat":[587,4196],"product_tag":[3706,3708,2303,2305,3914],"class_list":{"0":"post-573152","1":"product","2":"type-product","3":"status-publish","4":"has-post-thumbnail","6":"product_cat-bloc-notes-couverture-rigide","7":"product_cat-blocs-notes-et-papeterie-personnalisee","8":"product_tag-agenda","9":"product_tag-calendrier","10":"product_tag-desk-mate","11":"product_tag-deskmate","12":"product_tag-planificateur","13":"pa_couleurs-blanc","14":"pa_couleurs-blanc-noir","15":"pa_green-points-2893","16":"pa_matiere-papier-certifie-fsc-nylon","17":"pa_pays-d-origine-angleterre","19":"first","20":"instock","21":"shipping-taxable","22":"purchasable","23":"product-type-variable"},"yoast_head":"<!-- This site is optimized with the Yoast SEO plugin v27.4 - https:\/\/yoast.com\/product\/yoast-seo-wordpress\/ -->\n<title>Journal \u00e0 couverture rigide Desk-Mate\u00ae A5 - PERLE IN<\/title>\n<meta name=\"robots\" content=\"noindex, follow, max-snippet:-1, max-image-preview:large, max-video-preview:-1\" \/>\n<meta property=\"og:locale\" content=\"en_US\" \/>\n<meta property=\"og:type\" content=\"article\" \/>\n<meta property=\"og:title\" content=\"Journal \u00e0 couverture rigide Desk-Mate\u00ae A5 - PERLE IN\" \/>\n<meta property=\"og:description\" content=\"Le journal \u00e0 couverture rigide Desk-Mate\u00ae A5 avec papier 80\u00a0g\/m2 est un compagnon pour toutes vos pens\u00e9es, notes et id\u00e9es. Le format compact A5 est parfait pour l&#039;\u00e9criture en d\u00e9placement ou la tenue d&#039;un journal quotidien. Id\u00e9al pour les \u00e9tudiants, les professionnels ou toute personne \u00e0 la recherche d&#039;un espace fiable o\u00f9 puiser l&#039;inspiration. Les mod\u00e8les de journaux sont disponibles en anglais, fran\u00e7ais, allemand, espagnol, italien, polonais et n\u00e9erlandais.\" \/>\n<meta property=\"og:url\" content=\"https:\/\/perle-in.com\/en\/product\/journal-a-couverture-rigide-desk-mate-a5\/\" \/>\n<meta property=\"og:site_name\" content=\"PERLE IN\" \/>\n<meta property=\"article:modified_time\" content=\"2025-10-16T00:41:19+00:00\" \/>\n<meta property=\"og:image\" content=\"https:\/\/perle-in.com\/wp-content\/uploads\/2025\/10\/21023101-1.jpg\" \/>\n\t<meta property=\"og:image:width\" content=\"1600\" \/>\n\t<meta property=\"og:image:height\" content=\"1600\" \/>\n\t<meta property=\"og:image:type\" content=\"image\/jpeg\" \/>\n<meta name=\"twitter:card\" content=\"summary_large_image\" \/>\n<script type=\"application\/ld+json\" class=\"yoast-schema-graph\">{\"@context\":\"https:\\\/\\\/schema.org\",\"@graph\":[{\"@type\":\"WebPage\",\"@id\":\"https:\\\/\\\/perle-in.com\\\/produit\\\/journal-a-couverture-rigide-desk-mate-a5\\\/\",\"url\":\"https:\\\/\\\/perle-in.com\\\/produit\\\/journal-a-couverture-rigide-desk-mate-a5\\\/\",\"name\":\"Journal \u00e0 couverture rigide Desk-Mate\u00ae A5 - PERLE IN\",\"isPartOf\":{\"@id\":\"https:\\\/\\\/perle-in.com\\\/#website\"},\"primaryImageOfPage\":{\"@id\":\"https:\\\/\\\/perle-in.com\\\/produit\\\/journal-a-couverture-rigide-desk-mate-a5\\\/#primaryimage\"},\"image\":{\"@id\":\"https:\\\/\\\/perle-in.com\\\/produit\\\/journal-a-couverture-rigide-desk-mate-a5\\\/#primaryimage\"},\"thumbnailUrl\":\"https:\\\/\\\/perle-in.com\\\/wp-content\\\/uploads\\\/2025\\\/10\\\/21023101-1.jpg\",\"datePublished\":\"2025-10-16T00:41:17+00:00\",\"dateModified\":\"2025-10-16T00:41:19+00:00\",\"breadcrumb\":{\"@id\":\"https:\\\/\\\/perle-in.com\\\/produit\\\/journal-a-couverture-rigide-desk-mate-a5\\\/#breadcrumb\"},\"inLanguage\":\"en-CA\",\"potentialAction\":[{\"@type\":\"ReadAction\",\"target\":[\"https:\\\/\\\/perle-in.com\\\/produit\\\/journal-a-couverture-rigide-desk-mate-a5\\\/\"]}]},{\"@type\":\"ImageObject\",\"inLanguage\":\"en-CA\",\"@id\":\"https:\\\/\\\/perle-in.com\\\/produit\\\/journal-a-couverture-rigide-desk-mate-a5\\\/#primaryimage\",\"url\":\"https:\\\/\\\/perle-in.com\\\/wp-content\\\/uploads\\\/2025\\\/10\\\/21023101-1.jpg\",\"contentUrl\":\"https:\\\/\\\/perle-in.com\\\/wp-content\\\/uploads\\\/2025\\\/10\\\/21023101-1.jpg\",\"width\":1600,\"height\":1600},{\"@type\":\"BreadcrumbList\",\"@id\":\"https:\\\/\\\/perle-in.com\\\/produit\\\/journal-a-couverture-rigide-desk-mate-a5\\\/#breadcrumb\",\"itemListElement\":[{\"@type\":\"ListItem\",\"position\":1,\"name\":\"Accueil\",\"item\":\"https:\\\/\\\/perle-in.com\\\/\"},{\"@type\":\"ListItem\",\"position\":2,\"name\":\"Boutique\",\"item\":\"https:\\\/\\\/perle-in.com\\\/boutique\\\/\"},{\"@type\":\"ListItem\",\"position\":3,\"name\":\"Journal \u00e0 couverture rigide Desk-Mate\u00ae A5\"}]},{\"@type\":\"WebSite\",\"@id\":\"https:\\\/\\\/perle-in.com\\\/#website\",\"url\":\"https:\\\/\\\/perle-in.com\\\/\",\"name\":\"PERLE IN\",\"description\":\"\",\"publisher\":{\"@id\":\"https:\\\/\\\/perle-in.com\\\/#organization\"},\"potentialAction\":[{\"@type\":\"SearchAction\",\"target\":{\"@type\":\"EntryPoint\",\"urlTemplate\":\"https:\\\/\\\/perle-in.com\\\/?s={search_term_string}\"},\"query-input\":{\"@type\":\"PropertyValueSpecification\",\"valueRequired\":true,\"valueName\":\"search_term_string\"}}],\"inLanguage\":\"en-CA\"},{\"@type\":\"Organization\",\"@id\":\"https:\\\/\\\/perle-in.com\\\/#organization\",\"name\":\"PERLE IN\",\"url\":\"https:\\\/\\\/perle-in.com\\\/\",\"logo\":{\"@type\":\"ImageObject\",\"inLanguage\":\"en-CA\",\"@id\":\"https:\\\/\\\/perle-in.com\\\/#\\\/schema\\\/logo\\\/image\\\/\",\"url\":\"https:\\\/\\\/perle-in.com\\\/wp-content\\\/uploads\\\/2022\\\/12\\\/LOGO-PERLE-IN-COULEUR@3x.webp\",\"contentUrl\":\"https:\\\/\\\/perle-in.com\\\/wp-content\\\/uploads\\\/2022\\\/12\\\/LOGO-PERLE-IN-COULEUR@3x.webp\",\"width\":1600,\"height\":490,\"caption\":\"PERLE IN\"},\"image\":{\"@id\":\"https:\\\/\\\/perle-in.com\\\/#\\\/schema\\\/logo\\\/image\\\/\"}}]}<\/script>\n<!-- \/ Yoast SEO plugin. -->","yoast_head_json":{"title":"Journal \u00e0 couverture rigide Desk-Mate\u00ae A5 - PERLE IN","robots":{"index":"noindex","follow":"follow","max-snippet":"max-snippet:-1","max-image-preview":"max-image-preview:large","max-video-preview":"max-video-preview:-1"},"og_locale":"en_US","og_type":"article","og_title":"Journal \u00e0 couverture rigide Desk-Mate\u00ae A5 - PERLE IN","og_description":"Le journal \u00e0 couverture rigide Desk-Mate\u00ae A5 avec papier 80\u00a0g\/m2 est un compagnon pour toutes vos pens\u00e9es, notes et id\u00e9es. Le format compact A5 est parfait pour l'\u00e9criture en d\u00e9placement ou la tenue d'un journal quotidien. Id\u00e9al pour les \u00e9tudiants, les professionnels ou toute personne \u00e0 la recherche d'un espace fiable o\u00f9 puiser l'inspiration. Les mod\u00e8les de journaux sont disponibles en anglais, fran\u00e7ais, allemand, espagnol, italien, polonais et n\u00e9erlandais.","og_url":"https:\/\/perle-in.com\/en\/product\/journal-a-couverture-rigide-desk-mate-a5\/","og_site_name":"PERLE IN","article_modified_time":"2025-10-16T00:41:19+00:00","og_image":[{"width":1600,"height":1600,"url":"https:\/\/perle-in.com\/wp-content\/uploads\/2025\/10\/21023101-1.jpg","type":"image\/jpeg"}],"twitter_card":"summary_large_image","schema":{"@context":"https:\/\/schema.org","@graph":[{"@type":"WebPage","@id":"https:\/\/perle-in.com\/produit\/journal-a-couverture-rigide-desk-mate-a5\/","url":"https:\/\/perle-in.com\/produit\/journal-a-couverture-rigide-desk-mate-a5\/","name":"Journal \u00e0 couverture rigide Desk-Mate\u00ae A5 - PERLE IN","isPartOf":{"@id":"https:\/\/perle-in.com\/#website"},"primaryImageOfPage":{"@id":"https:\/\/perle-in.com\/produit\/journal-a-couverture-rigide-desk-mate-a5\/#primaryimage"},"image":{"@id":"https:\/\/perle-in.com\/produit\/journal-a-couverture-rigide-desk-mate-a5\/#primaryimage"},"thumbnailUrl":"https:\/\/perle-in.com\/wp-content\/uploads\/2025\/10\/21023101-1.jpg","datePublished":"2025-10-16T00:41:17+00:00","dateModified":"2025-10-16T00:41:19+00:00","breadcrumb":{"@id":"https:\/\/perle-in.com\/produit\/journal-a-couverture-rigide-desk-mate-a5\/#breadcrumb"},"inLanguage":"en-CA","potentialAction":[{"@type":"ReadAction","target":["https:\/\/perle-in.com\/produit\/journal-a-couverture-rigide-desk-mate-a5\/"]}]},{"@type":"ImageObject","inLanguage":"en-CA","@id":"https:\/\/perle-in.com\/produit\/journal-a-couverture-rigide-desk-mate-a5\/#primaryimage","url":"https:\/\/perle-in.com\/wp-content\/uploads\/2025\/10\/21023101-1.jpg","contentUrl":"https:\/\/perle-in.com\/wp-content\/uploads\/2025\/10\/21023101-1.jpg","width":1600,"height":1600},{"@type":"BreadcrumbList","@id":"https:\/\/perle-in.com\/produit\/journal-a-couverture-rigide-desk-mate-a5\/#breadcrumb","itemListElement":[{"@type":"ListItem","position":1,"name":"Accueil","item":"https:\/\/perle-in.com\/"},{"@type":"ListItem","position":2,"name":"Boutique","item":"https:\/\/perle-in.com\/boutique\/"},{"@type":"ListItem","position":3,"name":"Journal \u00e0 couverture rigide Desk-Mate\u00ae A5"}]},{"@type":"WebSite","@id":"https:\/\/perle-in.com\/#website","url":"https:\/\/perle-in.com\/","name":"PERLE IN","description":"","publisher":{"@id":"https:\/\/perle-in.com\/#organization"},"potentialAction":[{"@type":"SearchAction","target":{"@type":"EntryPoint","urlTemplate":"https:\/\/perle-in.com\/?s={search_term_string}"},"query-input":{"@type":"PropertyValueSpecification","valueRequired":true,"valueName":"search_term_string"}}],"inLanguage":"en-CA"},{"@type":"Organization","@id":"https:\/\/perle-in.com\/#organization","name":"PERLE IN","url":"https:\/\/perle-in.com\/","logo":{"@type":"ImageObject","inLanguage":"en-CA","@id":"https:\/\/perle-in.com\/#\/schema\/logo\/image\/","url":"https:\/\/perle-in.com\/wp-content\/uploads\/2022\/12\/LOGO-PERLE-IN-COULEUR@3x.webp","contentUrl":"https:\/\/perle-in.com\/wp-content\/uploads\/2022\/12\/LOGO-PERLE-IN-COULEUR@3x.webp","width":1600,"height":490,"caption":"PERLE IN"},"image":{"@id":"https:\/\/perle-in.com\/#\/schema\/logo\/image\/"}}]}},"jetpack_sharing_enabled":true,"_links":{"self":[{"href":"https:\/\/perle-in.com\/en\/wp-json\/wp\/v2\/product\/573152","targetHints":{"allow":["GET"]}}],"collection":[{"href":"https:\/\/perle-in.com\/en\/wp-json\/wp\/v2\/product"}],"about":[{"href":"https:\/\/perle-in.com\/en\/wp-json\/wp\/v2\/types\/product"}],"version-history":[{"count":0,"href":"https:\/\/perle-in.com\/en\/wp-json\/wp\/v2\/product\/573152\/revisions"}],"wp:featuredmedia":[{"embeddable":true,"href":"https:\/\/perle-in.com\/en\/wp-json\/wp\/v2\/media\/573146"}],"wp:attachment":[{"href":"https:\/\/perle-in.com\/en\/wp-json\/wp\/v2\/media?parent=573152"}],"wp:term":[{"taxonomy":"product_brand","embeddable":true,"href":"https:\/\/perle-in.com\/en\/wp-json\/wp\/v2\/product_brand?post=573152"},{"taxonomy":"product_cat","embeddable":true,"href":"https:\/\/perle-in.com\/en\/wp-json\/wp\/v2\/product_cat?post=573152"},{"taxonomy":"product_tag","embeddable":true,"href":"https:\/\/perle-in.com\/en\/wp-json\/wp\/v2\/product_tag?post=573152"}],"curies":[{"name":"wp","href":"https:\/\/api.w.org\/{rel}","templated":true}]}}