{"id":573060,"date":"2025-10-16T02:33:13","date_gmt":"2025-10-16T00:33:13","guid":{"rendered":"https:\/\/perle-in.com\/produit\/baume-a-levres-eden-senteur-vanille\/"},"modified":"2025-10-16T02:33:22","modified_gmt":"2025-10-16T00:33:22","slug":"baume-a-levres-eden-senteur-vanille","status":"publish","type":"product","link":"https:\/\/perle-in.com\/en\/product\/baume-a-levres-eden-senteur-vanille\/","title":{"rendered":"Baume \u00e0 l\u00e8vres Eden senteur vanille"},"content":{"rendered":"","protected":false},"excerpt":{"rendered":"<p>Le baume \u00e0 l\u00e8vres Eden au parfum de vanille hydrate les l\u00e8vres et les prot\u00e8ge des rayons ultraviolets (UV) du soleil. L\u2019ext\u00e9rieur est en plastique recycl\u00e9. Dur\u00e9e de conservation\u00a0: 3\u00a0ans \u00e0 compter de la date d&#8217;achat.<\/p>","protected":false},"featured_media":573047,"template":"","meta":{"_eb_attr":""},"product_brand":[],"product_cat":[484,390],"product_tag":[3681,837,3903,3904,836,3684],"class_list":{"0":"post-573060","1":"product","2":"type-product","3":"status-publish","4":"has-post-thumbnail","6":"product_cat-baumes-lvres","7":"product_cat-sant-et-hygine-personnelle","8":"product_tag-baume-a-levres","9":"product_tag-durable","10":"product_tag-hydratant","11":"product_tag-protection-solaire","12":"product_tag-recycle","13":"product_tag-vanille","14":"pa_couleurs-blanc","15":"pa_couleurs-bleu","16":"pa_couleurs-bleu-clair","17":"pa_couleurs-noir","18":"pa_couleurs-orange","19":"pa_couleurs-rose","20":"pa_couleurs-rouge","21":"pa_couleurs-vert-clair","22":"pa_green-points-2120","23":"pa_matiere-plastique-recycle-abs","25":"first","26":"instock","27":"shipping-taxable","28":"purchasable","29":"product-type-variable"},"yoast_head":"<!-- This site is optimized with the Yoast SEO plugin v27.4 - https:\/\/yoast.com\/product\/yoast-seo-wordpress\/ -->\n<title>Baume \u00e0 l\u00e8vres Eden senteur vanille - PERLE IN<\/title>\n<meta name=\"robots\" content=\"noindex, follow, max-snippet:-1, max-image-preview:large, max-video-preview:-1\" \/>\n<meta property=\"og:locale\" content=\"en_US\" \/>\n<meta property=\"og:type\" content=\"article\" \/>\n<meta property=\"og:title\" content=\"Baume \u00e0 l\u00e8vres Eden senteur vanille - PERLE IN\" \/>\n<meta property=\"og:description\" content=\"Le baume \u00e0 l\u00e8vres Eden au parfum de vanille hydrate les l\u00e8vres et les prot\u00e8ge des rayons ultraviolets (UV) du soleil. L\u2019ext\u00e9rieur est en plastique recycl\u00e9. Dur\u00e9e de conservation\u00a0: 3\u00a0ans \u00e0 compter de la date d&#039;achat.\" \/>\n<meta property=\"og:url\" content=\"https:\/\/perle-in.com\/en\/product\/baume-a-levres-eden-senteur-vanille\/\" \/>\n<meta property=\"og:site_name\" content=\"PERLE IN\" \/>\n<meta property=\"article:modified_time\" content=\"2025-10-16T00:33:22+00:00\" \/>\n<meta property=\"og:image\" content=\"https:\/\/perle-in.com\/wp-content\/uploads\/2025\/10\/12632701-1.jpg\" \/>\n\t<meta property=\"og:image:width\" content=\"1600\" \/>\n\t<meta property=\"og:image:height\" content=\"1600\" \/>\n\t<meta property=\"og:image:type\" content=\"image\/jpeg\" \/>\n<meta name=\"twitter:card\" content=\"summary_large_image\" \/>\n<script type=\"application\/ld+json\" class=\"yoast-schema-graph\">{\"@context\":\"https:\\\/\\\/schema.org\",\"@graph\":[{\"@type\":\"WebPage\",\"@id\":\"https:\\\/\\\/perle-in.com\\\/produit\\\/baume-a-levres-eden-senteur-vanille\\\/\",\"url\":\"https:\\\/\\\/perle-in.com\\\/produit\\\/baume-a-levres-eden-senteur-vanille\\\/\",\"name\":\"Baume \u00e0 l\u00e8vres Eden senteur vanille - PERLE IN\",\"isPartOf\":{\"@id\":\"https:\\\/\\\/perle-in.com\\\/#website\"},\"primaryImageOfPage\":{\"@id\":\"https:\\\/\\\/perle-in.com\\\/produit\\\/baume-a-levres-eden-senteur-vanille\\\/#primaryimage\"},\"image\":{\"@id\":\"https:\\\/\\\/perle-in.com\\\/produit\\\/baume-a-levres-eden-senteur-vanille\\\/#primaryimage\"},\"thumbnailUrl\":\"https:\\\/\\\/perle-in.com\\\/wp-content\\\/uploads\\\/2025\\\/10\\\/12632701-1.jpg\",\"datePublished\":\"2025-10-16T00:33:13+00:00\",\"dateModified\":\"2025-10-16T00:33:22+00:00\",\"breadcrumb\":{\"@id\":\"https:\\\/\\\/perle-in.com\\\/produit\\\/baume-a-levres-eden-senteur-vanille\\\/#breadcrumb\"},\"inLanguage\":\"en-CA\",\"potentialAction\":[{\"@type\":\"ReadAction\",\"target\":[\"https:\\\/\\\/perle-in.com\\\/produit\\\/baume-a-levres-eden-senteur-vanille\\\/\"]}]},{\"@type\":\"ImageObject\",\"inLanguage\":\"en-CA\",\"@id\":\"https:\\\/\\\/perle-in.com\\\/produit\\\/baume-a-levres-eden-senteur-vanille\\\/#primaryimage\",\"url\":\"https:\\\/\\\/perle-in.com\\\/wp-content\\\/uploads\\\/2025\\\/10\\\/12632701-1.jpg\",\"contentUrl\":\"https:\\\/\\\/perle-in.com\\\/wp-content\\\/uploads\\\/2025\\\/10\\\/12632701-1.jpg\",\"width\":1600,\"height\":1600},{\"@type\":\"BreadcrumbList\",\"@id\":\"https:\\\/\\\/perle-in.com\\\/produit\\\/baume-a-levres-eden-senteur-vanille\\\/#breadcrumb\",\"itemListElement\":[{\"@type\":\"ListItem\",\"position\":1,\"name\":\"Accueil\",\"item\":\"https:\\\/\\\/perle-in.com\\\/\"},{\"@type\":\"ListItem\",\"position\":2,\"name\":\"Boutique\",\"item\":\"https:\\\/\\\/perle-in.com\\\/boutique\\\/\"},{\"@type\":\"ListItem\",\"position\":3,\"name\":\"Baume \u00e0 l\u00e8vres Eden senteur vanille\"}]},{\"@type\":\"WebSite\",\"@id\":\"https:\\\/\\\/perle-in.com\\\/#website\",\"url\":\"https:\\\/\\\/perle-in.com\\\/\",\"name\":\"PERLE IN\",\"description\":\"\",\"publisher\":{\"@id\":\"https:\\\/\\\/perle-in.com\\\/#organization\"},\"potentialAction\":[{\"@type\":\"SearchAction\",\"target\":{\"@type\":\"EntryPoint\",\"urlTemplate\":\"https:\\\/\\\/perle-in.com\\\/?s={search_term_string}\"},\"query-input\":{\"@type\":\"PropertyValueSpecification\",\"valueRequired\":true,\"valueName\":\"search_term_string\"}}],\"inLanguage\":\"en-CA\"},{\"@type\":\"Organization\",\"@id\":\"https:\\\/\\\/perle-in.com\\\/#organization\",\"name\":\"PERLE IN\",\"url\":\"https:\\\/\\\/perle-in.com\\\/\",\"logo\":{\"@type\":\"ImageObject\",\"inLanguage\":\"en-CA\",\"@id\":\"https:\\\/\\\/perle-in.com\\\/#\\\/schema\\\/logo\\\/image\\\/\",\"url\":\"https:\\\/\\\/perle-in.com\\\/wp-content\\\/uploads\\\/2022\\\/12\\\/LOGO-PERLE-IN-COULEUR@3x.webp\",\"contentUrl\":\"https:\\\/\\\/perle-in.com\\\/wp-content\\\/uploads\\\/2022\\\/12\\\/LOGO-PERLE-IN-COULEUR@3x.webp\",\"width\":1600,\"height\":490,\"caption\":\"PERLE IN\"},\"image\":{\"@id\":\"https:\\\/\\\/perle-in.com\\\/#\\\/schema\\\/logo\\\/image\\\/\"}}]}<\/script>\n<!-- \/ Yoast SEO plugin. -->","yoast_head_json":{"title":"Baume \u00e0 l\u00e8vres Eden senteur vanille - PERLE IN","robots":{"index":"noindex","follow":"follow","max-snippet":"max-snippet:-1","max-image-preview":"max-image-preview:large","max-video-preview":"max-video-preview:-1"},"og_locale":"en_US","og_type":"article","og_title":"Baume \u00e0 l\u00e8vres Eden senteur vanille - PERLE IN","og_description":"Le baume \u00e0 l\u00e8vres Eden au parfum de vanille hydrate les l\u00e8vres et les prot\u00e8ge des rayons ultraviolets (UV) du soleil. L\u2019ext\u00e9rieur est en plastique recycl\u00e9. Dur\u00e9e de conservation\u00a0: 3\u00a0ans \u00e0 compter de la date d'achat.","og_url":"https:\/\/perle-in.com\/en\/product\/baume-a-levres-eden-senteur-vanille\/","og_site_name":"PERLE IN","article_modified_time":"2025-10-16T00:33:22+00:00","og_image":[{"width":1600,"height":1600,"url":"https:\/\/perle-in.com\/wp-content\/uploads\/2025\/10\/12632701-1.jpg","type":"image\/jpeg"}],"twitter_card":"summary_large_image","schema":{"@context":"https:\/\/schema.org","@graph":[{"@type":"WebPage","@id":"https:\/\/perle-in.com\/produit\/baume-a-levres-eden-senteur-vanille\/","url":"https:\/\/perle-in.com\/produit\/baume-a-levres-eden-senteur-vanille\/","name":"Baume \u00e0 l\u00e8vres Eden senteur vanille - PERLE IN","isPartOf":{"@id":"https:\/\/perle-in.com\/#website"},"primaryImageOfPage":{"@id":"https:\/\/perle-in.com\/produit\/baume-a-levres-eden-senteur-vanille\/#primaryimage"},"image":{"@id":"https:\/\/perle-in.com\/produit\/baume-a-levres-eden-senteur-vanille\/#primaryimage"},"thumbnailUrl":"https:\/\/perle-in.com\/wp-content\/uploads\/2025\/10\/12632701-1.jpg","datePublished":"2025-10-16T00:33:13+00:00","dateModified":"2025-10-16T00:33:22+00:00","breadcrumb":{"@id":"https:\/\/perle-in.com\/produit\/baume-a-levres-eden-senteur-vanille\/#breadcrumb"},"inLanguage":"en-CA","potentialAction":[{"@type":"ReadAction","target":["https:\/\/perle-in.com\/produit\/baume-a-levres-eden-senteur-vanille\/"]}]},{"@type":"ImageObject","inLanguage":"en-CA","@id":"https:\/\/perle-in.com\/produit\/baume-a-levres-eden-senteur-vanille\/#primaryimage","url":"https:\/\/perle-in.com\/wp-content\/uploads\/2025\/10\/12632701-1.jpg","contentUrl":"https:\/\/perle-in.com\/wp-content\/uploads\/2025\/10\/12632701-1.jpg","width":1600,"height":1600},{"@type":"BreadcrumbList","@id":"https:\/\/perle-in.com\/produit\/baume-a-levres-eden-senteur-vanille\/#breadcrumb","itemListElement":[{"@type":"ListItem","position":1,"name":"Accueil","item":"https:\/\/perle-in.com\/"},{"@type":"ListItem","position":2,"name":"Boutique","item":"https:\/\/perle-in.com\/boutique\/"},{"@type":"ListItem","position":3,"name":"Baume \u00e0 l\u00e8vres Eden senteur vanille"}]},{"@type":"WebSite","@id":"https:\/\/perle-in.com\/#website","url":"https:\/\/perle-in.com\/","name":"PERLE IN","description":"","publisher":{"@id":"https:\/\/perle-in.com\/#organization"},"potentialAction":[{"@type":"SearchAction","target":{"@type":"EntryPoint","urlTemplate":"https:\/\/perle-in.com\/?s={search_term_string}"},"query-input":{"@type":"PropertyValueSpecification","valueRequired":true,"valueName":"search_term_string"}}],"inLanguage":"en-CA"},{"@type":"Organization","@id":"https:\/\/perle-in.com\/#organization","name":"PERLE IN","url":"https:\/\/perle-in.com\/","logo":{"@type":"ImageObject","inLanguage":"en-CA","@id":"https:\/\/perle-in.com\/#\/schema\/logo\/image\/","url":"https:\/\/perle-in.com\/wp-content\/uploads\/2022\/12\/LOGO-PERLE-IN-COULEUR@3x.webp","contentUrl":"https:\/\/perle-in.com\/wp-content\/uploads\/2022\/12\/LOGO-PERLE-IN-COULEUR@3x.webp","width":1600,"height":490,"caption":"PERLE IN"},"image":{"@id":"https:\/\/perle-in.com\/#\/schema\/logo\/image\/"}}]}},"jetpack_sharing_enabled":true,"_links":{"self":[{"href":"https:\/\/perle-in.com\/en\/wp-json\/wp\/v2\/product\/573060","targetHints":{"allow":["GET"]}}],"collection":[{"href":"https:\/\/perle-in.com\/en\/wp-json\/wp\/v2\/product"}],"about":[{"href":"https:\/\/perle-in.com\/en\/wp-json\/wp\/v2\/types\/product"}],"version-history":[{"count":0,"href":"https:\/\/perle-in.com\/en\/wp-json\/wp\/v2\/product\/573060\/revisions"}],"wp:featuredmedia":[{"embeddable":true,"href":"https:\/\/perle-in.com\/en\/wp-json\/wp\/v2\/media\/573047"}],"wp:attachment":[{"href":"https:\/\/perle-in.com\/en\/wp-json\/wp\/v2\/media?parent=573060"}],"wp:term":[{"taxonomy":"product_brand","embeddable":true,"href":"https:\/\/perle-in.com\/en\/wp-json\/wp\/v2\/product_brand?post=573060"},{"taxonomy":"product_cat","embeddable":true,"href":"https:\/\/perle-in.com\/en\/wp-json\/wp\/v2\/product_cat?post=573060"},{"taxonomy":"product_tag","embeddable":true,"href":"https:\/\/perle-in.com\/en\/wp-json\/wp\/v2\/product_tag?post=573060"}],"curies":[{"name":"wp","href":"https:\/\/api.w.org\/{rel}","templated":true}]}}