{"id":573035,"date":"2025-10-16T02:30:48","date_gmt":"2025-10-16T00:30:48","guid":{"rendered":"https:\/\/perle-in.com\/produit\/bouteille-deau-en-verre-porto-de-500-ml-avec-poignee-en-silicone-et-couvercle-en-bambou\/"},"modified":"2025-10-16T02:30:53","modified_gmt":"2025-10-16T00:30:53","slug":"bouteille-deau-en-verre-porto-de-500-ml-avec-poignee-en-silicone-et-couvercle-en-bambou","status":"publish","type":"product","link":"https:\/\/perle-in.com\/en\/product\/bouteille-deau-en-verre-porto-de-500-ml-avec-poignee-en-silicone-et-couvercle-en-bambou\/","title":{"rendered":"Bouteille d&#8217;eau en verre Porto de 500\u00a0ml avec poign\u00e9e en silicone et couvercle en bambou"},"content":{"rendered":"","protected":false},"excerpt":{"rendered":"<p>Bouteille \u00e0 eau en verre \u00e0 simple paroi avec couvercle viss\u00e9 en bambou provenant de sources plus durables et socialement responsables. Elle est dot\u00e9e d\u2019une sangle en silicone confortable pour faciliter le transport. Livr\u00e9 dans un coffret cadeau en carton recycl\u00e9. Capacit\u00e9\u00a0: 500\u00a0ml.<\/p>","protected":false},"featured_media":573025,"template":"","meta":{"_eb_attr":""},"product_brand":[],"product_cat":[174,173],"product_tag":[1128,275,175,837,274],"class_list":{"0":"post-573035","1":"product","2":"type-product","3":"status-publish","4":"has-post-thumbnail","6":"product_cat-bouteilles-deau","7":"product_cat-drinkware","8":"product_tag-bambou","9":"product_tag-boissons","10":"product_tag-bouteille","11":"product_tag-durable","12":"product_tag-eau","13":"pa_couleurs-bleu-ocean","14":"pa_couleurs-brique","15":"pa_couleurs-gris","16":"pa_couleurs-noir","17":"pa_couleurs-translucide","18":"pa_matiere-verre-bambou","20":"first","21":"instock","22":"shipping-taxable","23":"purchasable","24":"product-type-variable"},"yoast_head":"<!-- This site is optimized with the Yoast SEO plugin v27.4 - https:\/\/yoast.com\/product\/yoast-seo-wordpress\/ -->\n<title>Bouteille d&#039;eau en verre Porto de 500\u00a0ml avec poign\u00e9e en silicone et couvercle en bambou - PERLE IN<\/title>\n<meta name=\"robots\" content=\"noindex, follow, max-snippet:-1, max-image-preview:large, max-video-preview:-1\" \/>\n<meta property=\"og:locale\" content=\"en_US\" \/>\n<meta property=\"og:type\" content=\"article\" \/>\n<meta property=\"og:title\" content=\"Bouteille d&#039;eau en verre Porto de 500\u00a0ml avec poign\u00e9e en silicone et couvercle en bambou - PERLE IN\" \/>\n<meta property=\"og:description\" content=\"Bouteille \u00e0 eau en verre \u00e0 simple paroi avec couvercle viss\u00e9 en bambou provenant de sources plus durables et socialement responsables. Elle est dot\u00e9e d\u2019une sangle en silicone confortable pour faciliter le transport. Livr\u00e9 dans un coffret cadeau en carton recycl\u00e9. Capacit\u00e9\u00a0: 500\u00a0ml.\" \/>\n<meta property=\"og:url\" content=\"https:\/\/perle-in.com\/en\/product\/bouteille-deau-en-verre-porto-de-500-ml-avec-poignee-en-silicone-et-couvercle-en-bambou\/\" \/>\n<meta property=\"og:site_name\" content=\"PERLE IN\" \/>\n<meta property=\"article:modified_time\" content=\"2025-10-16T00:30:53+00:00\" \/>\n<meta property=\"og:image\" content=\"https:\/\/perle-in.com\/wp-content\/uploads\/2025\/10\/10085301-1.jpg\" \/>\n\t<meta property=\"og:image:width\" content=\"1600\" \/>\n\t<meta property=\"og:image:height\" content=\"1600\" \/>\n\t<meta property=\"og:image:type\" content=\"image\/jpeg\" \/>\n<meta name=\"twitter:card\" content=\"summary_large_image\" \/>\n<script type=\"application\/ld+json\" class=\"yoast-schema-graph\">{\"@context\":\"https:\\\/\\\/schema.org\",\"@graph\":[{\"@type\":\"WebPage\",\"@id\":\"https:\\\/\\\/perle-in.com\\\/produit\\\/bouteille-deau-en-verre-porto-de-500-ml-avec-poignee-en-silicone-et-couvercle-en-bambou\\\/\",\"url\":\"https:\\\/\\\/perle-in.com\\\/produit\\\/bouteille-deau-en-verre-porto-de-500-ml-avec-poignee-en-silicone-et-couvercle-en-bambou\\\/\",\"name\":\"Bouteille d'eau en verre Porto de 500\u00a0ml avec poign\u00e9e en silicone et couvercle en bambou - PERLE IN\",\"isPartOf\":{\"@id\":\"https:\\\/\\\/perle-in.com\\\/#website\"},\"primaryImageOfPage\":{\"@id\":\"https:\\\/\\\/perle-in.com\\\/produit\\\/bouteille-deau-en-verre-porto-de-500-ml-avec-poignee-en-silicone-et-couvercle-en-bambou\\\/#primaryimage\"},\"image\":{\"@id\":\"https:\\\/\\\/perle-in.com\\\/produit\\\/bouteille-deau-en-verre-porto-de-500-ml-avec-poignee-en-silicone-et-couvercle-en-bambou\\\/#primaryimage\"},\"thumbnailUrl\":\"https:\\\/\\\/perle-in.com\\\/wp-content\\\/uploads\\\/2025\\\/10\\\/10085301-1.jpg\",\"datePublished\":\"2025-10-16T00:30:48+00:00\",\"dateModified\":\"2025-10-16T00:30:53+00:00\",\"breadcrumb\":{\"@id\":\"https:\\\/\\\/perle-in.com\\\/produit\\\/bouteille-deau-en-verre-porto-de-500-ml-avec-poignee-en-silicone-et-couvercle-en-bambou\\\/#breadcrumb\"},\"inLanguage\":\"en-CA\",\"potentialAction\":[{\"@type\":\"ReadAction\",\"target\":[\"https:\\\/\\\/perle-in.com\\\/produit\\\/bouteille-deau-en-verre-porto-de-500-ml-avec-poignee-en-silicone-et-couvercle-en-bambou\\\/\"]}]},{\"@type\":\"ImageObject\",\"inLanguage\":\"en-CA\",\"@id\":\"https:\\\/\\\/perle-in.com\\\/produit\\\/bouteille-deau-en-verre-porto-de-500-ml-avec-poignee-en-silicone-et-couvercle-en-bambou\\\/#primaryimage\",\"url\":\"https:\\\/\\\/perle-in.com\\\/wp-content\\\/uploads\\\/2025\\\/10\\\/10085301-1.jpg\",\"contentUrl\":\"https:\\\/\\\/perle-in.com\\\/wp-content\\\/uploads\\\/2025\\\/10\\\/10085301-1.jpg\",\"width\":1600,\"height\":1600},{\"@type\":\"BreadcrumbList\",\"@id\":\"https:\\\/\\\/perle-in.com\\\/produit\\\/bouteille-deau-en-verre-porto-de-500-ml-avec-poignee-en-silicone-et-couvercle-en-bambou\\\/#breadcrumb\",\"itemListElement\":[{\"@type\":\"ListItem\",\"position\":1,\"name\":\"Accueil\",\"item\":\"https:\\\/\\\/perle-in.com\\\/\"},{\"@type\":\"ListItem\",\"position\":2,\"name\":\"Boutique\",\"item\":\"https:\\\/\\\/perle-in.com\\\/boutique\\\/\"},{\"@type\":\"ListItem\",\"position\":3,\"name\":\"Bouteille d&#8217;eau en verre Porto de 500\u00a0ml avec poign\u00e9e en silicone et couvercle en bambou\"}]},{\"@type\":\"WebSite\",\"@id\":\"https:\\\/\\\/perle-in.com\\\/#website\",\"url\":\"https:\\\/\\\/perle-in.com\\\/\",\"name\":\"PERLE IN\",\"description\":\"\",\"publisher\":{\"@id\":\"https:\\\/\\\/perle-in.com\\\/#organization\"},\"potentialAction\":[{\"@type\":\"SearchAction\",\"target\":{\"@type\":\"EntryPoint\",\"urlTemplate\":\"https:\\\/\\\/perle-in.com\\\/?s={search_term_string}\"},\"query-input\":{\"@type\":\"PropertyValueSpecification\",\"valueRequired\":true,\"valueName\":\"search_term_string\"}}],\"inLanguage\":\"en-CA\"},{\"@type\":\"Organization\",\"@id\":\"https:\\\/\\\/perle-in.com\\\/#organization\",\"name\":\"PERLE IN\",\"url\":\"https:\\\/\\\/perle-in.com\\\/\",\"logo\":{\"@type\":\"ImageObject\",\"inLanguage\":\"en-CA\",\"@id\":\"https:\\\/\\\/perle-in.com\\\/#\\\/schema\\\/logo\\\/image\\\/\",\"url\":\"https:\\\/\\\/perle-in.com\\\/wp-content\\\/uploads\\\/2022\\\/12\\\/LOGO-PERLE-IN-COULEUR@3x.webp\",\"contentUrl\":\"https:\\\/\\\/perle-in.com\\\/wp-content\\\/uploads\\\/2022\\\/12\\\/LOGO-PERLE-IN-COULEUR@3x.webp\",\"width\":1600,\"height\":490,\"caption\":\"PERLE IN\"},\"image\":{\"@id\":\"https:\\\/\\\/perle-in.com\\\/#\\\/schema\\\/logo\\\/image\\\/\"}}]}<\/script>\n<!-- \/ Yoast SEO plugin. -->","yoast_head_json":{"title":"Bouteille d'eau en verre Porto de 500\u00a0ml avec poign\u00e9e en silicone et couvercle en bambou - PERLE IN","robots":{"index":"noindex","follow":"follow","max-snippet":"max-snippet:-1","max-image-preview":"max-image-preview:large","max-video-preview":"max-video-preview:-1"},"og_locale":"en_US","og_type":"article","og_title":"Bouteille d'eau en verre Porto de 500\u00a0ml avec poign\u00e9e en silicone et couvercle en bambou - PERLE IN","og_description":"Bouteille \u00e0 eau en verre \u00e0 simple paroi avec couvercle viss\u00e9 en bambou provenant de sources plus durables et socialement responsables. Elle est dot\u00e9e d\u2019une sangle en silicone confortable pour faciliter le transport. Livr\u00e9 dans un coffret cadeau en carton recycl\u00e9. Capacit\u00e9\u00a0: 500\u00a0ml.","og_url":"https:\/\/perle-in.com\/en\/product\/bouteille-deau-en-verre-porto-de-500-ml-avec-poignee-en-silicone-et-couvercle-en-bambou\/","og_site_name":"PERLE IN","article_modified_time":"2025-10-16T00:30:53+00:00","og_image":[{"width":1600,"height":1600,"url":"https:\/\/perle-in.com\/wp-content\/uploads\/2025\/10\/10085301-1.jpg","type":"image\/jpeg"}],"twitter_card":"summary_large_image","schema":{"@context":"https:\/\/schema.org","@graph":[{"@type":"WebPage","@id":"https:\/\/perle-in.com\/produit\/bouteille-deau-en-verre-porto-de-500-ml-avec-poignee-en-silicone-et-couvercle-en-bambou\/","url":"https:\/\/perle-in.com\/produit\/bouteille-deau-en-verre-porto-de-500-ml-avec-poignee-en-silicone-et-couvercle-en-bambou\/","name":"Bouteille d'eau en verre Porto de 500\u00a0ml avec poign\u00e9e en silicone et couvercle en bambou - PERLE IN","isPartOf":{"@id":"https:\/\/perle-in.com\/#website"},"primaryImageOfPage":{"@id":"https:\/\/perle-in.com\/produit\/bouteille-deau-en-verre-porto-de-500-ml-avec-poignee-en-silicone-et-couvercle-en-bambou\/#primaryimage"},"image":{"@id":"https:\/\/perle-in.com\/produit\/bouteille-deau-en-verre-porto-de-500-ml-avec-poignee-en-silicone-et-couvercle-en-bambou\/#primaryimage"},"thumbnailUrl":"https:\/\/perle-in.com\/wp-content\/uploads\/2025\/10\/10085301-1.jpg","datePublished":"2025-10-16T00:30:48+00:00","dateModified":"2025-10-16T00:30:53+00:00","breadcrumb":{"@id":"https:\/\/perle-in.com\/produit\/bouteille-deau-en-verre-porto-de-500-ml-avec-poignee-en-silicone-et-couvercle-en-bambou\/#breadcrumb"},"inLanguage":"en-CA","potentialAction":[{"@type":"ReadAction","target":["https:\/\/perle-in.com\/produit\/bouteille-deau-en-verre-porto-de-500-ml-avec-poignee-en-silicone-et-couvercle-en-bambou\/"]}]},{"@type":"ImageObject","inLanguage":"en-CA","@id":"https:\/\/perle-in.com\/produit\/bouteille-deau-en-verre-porto-de-500-ml-avec-poignee-en-silicone-et-couvercle-en-bambou\/#primaryimage","url":"https:\/\/perle-in.com\/wp-content\/uploads\/2025\/10\/10085301-1.jpg","contentUrl":"https:\/\/perle-in.com\/wp-content\/uploads\/2025\/10\/10085301-1.jpg","width":1600,"height":1600},{"@type":"BreadcrumbList","@id":"https:\/\/perle-in.com\/produit\/bouteille-deau-en-verre-porto-de-500-ml-avec-poignee-en-silicone-et-couvercle-en-bambou\/#breadcrumb","itemListElement":[{"@type":"ListItem","position":1,"name":"Accueil","item":"https:\/\/perle-in.com\/"},{"@type":"ListItem","position":2,"name":"Boutique","item":"https:\/\/perle-in.com\/boutique\/"},{"@type":"ListItem","position":3,"name":"Bouteille d&#8217;eau en verre Porto de 500\u00a0ml avec poign\u00e9e en silicone et couvercle en bambou"}]},{"@type":"WebSite","@id":"https:\/\/perle-in.com\/#website","url":"https:\/\/perle-in.com\/","name":"PERLE IN","description":"","publisher":{"@id":"https:\/\/perle-in.com\/#organization"},"potentialAction":[{"@type":"SearchAction","target":{"@type":"EntryPoint","urlTemplate":"https:\/\/perle-in.com\/?s={search_term_string}"},"query-input":{"@type":"PropertyValueSpecification","valueRequired":true,"valueName":"search_term_string"}}],"inLanguage":"en-CA"},{"@type":"Organization","@id":"https:\/\/perle-in.com\/#organization","name":"PERLE IN","url":"https:\/\/perle-in.com\/","logo":{"@type":"ImageObject","inLanguage":"en-CA","@id":"https:\/\/perle-in.com\/#\/schema\/logo\/image\/","url":"https:\/\/perle-in.com\/wp-content\/uploads\/2022\/12\/LOGO-PERLE-IN-COULEUR@3x.webp","contentUrl":"https:\/\/perle-in.com\/wp-content\/uploads\/2022\/12\/LOGO-PERLE-IN-COULEUR@3x.webp","width":1600,"height":490,"caption":"PERLE IN"},"image":{"@id":"https:\/\/perle-in.com\/#\/schema\/logo\/image\/"}}]}},"jetpack_sharing_enabled":true,"_links":{"self":[{"href":"https:\/\/perle-in.com\/en\/wp-json\/wp\/v2\/product\/573035","targetHints":{"allow":["GET"]}}],"collection":[{"href":"https:\/\/perle-in.com\/en\/wp-json\/wp\/v2\/product"}],"about":[{"href":"https:\/\/perle-in.com\/en\/wp-json\/wp\/v2\/types\/product"}],"version-history":[{"count":0,"href":"https:\/\/perle-in.com\/en\/wp-json\/wp\/v2\/product\/573035\/revisions"}],"wp:featuredmedia":[{"embeddable":true,"href":"https:\/\/perle-in.com\/en\/wp-json\/wp\/v2\/media\/573025"}],"wp:attachment":[{"href":"https:\/\/perle-in.com\/en\/wp-json\/wp\/v2\/media?parent=573035"}],"wp:term":[{"taxonomy":"product_brand","embeddable":true,"href":"https:\/\/perle-in.com\/en\/wp-json\/wp\/v2\/product_brand?post=573035"},{"taxonomy":"product_cat","embeddable":true,"href":"https:\/\/perle-in.com\/en\/wp-json\/wp\/v2\/product_cat?post=573035"},{"taxonomy":"product_tag","embeddable":true,"href":"https:\/\/perle-in.com\/en\/wp-json\/wp\/v2\/product_tag?post=573035"}],"curies":[{"name":"wp","href":"https:\/\/api.w.org\/{rel}","templated":true}]}}